{"id":3578,"date":"2026-02-25T01:50:57","date_gmt":"2026-02-25T01:50:57","guid":{"rendered":"https:\/\/www.yishengpack.com\/?post_type=product&#038;p=3578"},"modified":"2026-02-25T01:50:58","modified_gmt":"2026-02-25T01:50:58","slug":"cosmetic-boxes-wholesale","status":"publish","type":"product","link":"https:\/\/www.yishengpack.com\/es\/producto\/cosmetic-boxes-wholesale\/","title":{"rendered":"Cajas de Cosmeticos Plegables al por Mayor, Cajas de Envio Personalizadas"},"content":{"rendered":"<div class=\"wp-block-columns is-layout-flex wp-container-core-columns-is-layout-9d6595d7 wp-block-columns-is-layout-flex\">\n<div class=\"wp-block-column is-layout-flow wp-block-column-is-layout-flow\">\n<h3 class=\"wp-block-heading\">Caracter\u00edsticas de las cajas plegables para cosm\u00e9ticos al por mayor<\/h3>\n\n\n\n<p><strong>Estructura plegable:<\/strong> Con un dise\u00f1o plegable, estas cajas de cosm\u00e9ticos plegables al por mayor se pueden plegar en plano cuando no se utilizan. Son perfectas para el almacenamiento y el env\u00edo, y la experiencia de unboxing ser\u00e1 m\u00e1s profesional.<\/p>\n\n\n\n<p><strong>Cart\u00f3n reciclable sostenible:<\/strong> Fabricadas con cart\u00f3n sostenible y reciclable, estas cajas de env\u00edo personalizadas son una combinaci\u00f3n perfecta de dise\u00f1o y responsabilidad medioambiental para consumidores y marcas concienciados con el medio ambiente.<\/p>\n\n\n\n<p><strong>Tama\u00f1os flexibles para una amplia gama de productos:<\/strong> Estos cofres plegables para cosm\u00e9ticos al por mayor vienen en diferentes tama\u00f1os; pueden contener un kit de belleza compacto y un frasco de perfume, as\u00ed como prendas de punto de abrigo y una selecci\u00f3n de regalos para que los compradores los compartan con sus amigos.<\/p>\n\n\n\n<p><strong>Eficacia del env\u00edo de paquetes planos:<\/strong> El dise\u00f1o totalmente plegable permite que estas cajas se env\u00eden completamente planas, lo que reduce dr\u00e1sticamente el espacio de almacenamiento y los costes de transporte y almacenamiento de los pedidos a granel.<\/p>\n\n\n\n<p><strong>Inserciones personalizadas para una protecci\u00f3n segura:<\/strong> Nuestra gama de cajas de env\u00edo personalizadas puede equiparse con EVA, cart\u00f3n, pulpa moldeada, esponja o bl\u00edster, que pueden utilizarse para contener varias botellas, tarros, pal\u00e9s y conjuntos de cuidado de la piel durante el env\u00edo.<\/p>\n\n\n\n<p><strong>Personalizaci\u00f3n completa de la marca y el dise\u00f1o:<\/strong> Estos estuches plegables para cosm\u00e9ticos al por mayor pueden personalizarse, desde los colores y dise\u00f1os exteriores hasta el forro interior, los detalles en l\u00e1mina y la colocaci\u00f3n del logotipo, lo que da como resultado una soluci\u00f3n de envasado verdaderamente personalizada que muestra su marca.<\/p>\n<\/div>\n\n\n\n<div class=\"wp-block-column is-layout-flow wp-block-column-is-layout-flow\">\n<figure class=\"wp-block-image size-full\"><img decoding=\"async\" width=\"2048\" height=\"2048\" src=\"https:\/\/www.yishengpack.com\/wp-content\/uploads\/2026\/02\/Wholesale-Bulk-Folding-Boxes-with-Lid-Custom-High-Quality-Shipping-Boxes-for-Cosmetic-Perfume-Clothes-Packaging-2.webp\" alt=\"cajas-cosmeticas-plegables-cajas-para-envios-a-la-mayor-2\" class=\"wp-image-3580\" srcset=\"https:\/\/www.yishengpack.com\/wp-content\/uploads\/2026\/02\/Wholesale-Bulk-Folding-Boxes-with-Lid-Custom-High-Quality-Shipping-Boxes-for-Cosmetic-Perfume-Clothes-Packaging-2.webp 2048w, https:\/\/www.yishengpack.com\/wp-content\/uploads\/2026\/02\/Wholesale-Bulk-Folding-Boxes-with-Lid-Custom-High-Quality-Shipping-Boxes-for-Cosmetic-Perfume-Clothes-Packaging-2-300x300.webp 300w, https:\/\/www.yishengpack.com\/wp-content\/uploads\/2026\/02\/Wholesale-Bulk-Folding-Boxes-with-Lid-Custom-High-Quality-Shipping-Boxes-for-Cosmetic-Perfume-Clothes-Packaging-2-150x150.webp 150w, https:\/\/www.yishengpack.com\/wp-content\/uploads\/2026\/02\/Wholesale-Bulk-Folding-Boxes-with-Lid-Custom-High-Quality-Shipping-Boxes-for-Cosmetic-Perfume-Clothes-Packaging-2-768x768.webp 768w, https:\/\/www.yishengpack.com\/wp-content\/uploads\/2026\/02\/Wholesale-Bulk-Folding-Boxes-with-Lid-Custom-High-Quality-Shipping-Boxes-for-Cosmetic-Perfume-Clothes-Packaging-2-12x12.webp 12w, https:\/\/www.yishengpack.com\/wp-content\/uploads\/2026\/02\/Wholesale-Bulk-Folding-Boxes-with-Lid-Custom-High-Quality-Shipping-Boxes-for-Cosmetic-Perfume-Clothes-Packaging-2-1200x1200.webp 1200w, https:\/\/www.yishengpack.com\/wp-content\/uploads\/2026\/02\/Wholesale-Bulk-Folding-Boxes-with-Lid-Custom-High-Quality-Shipping-Boxes-for-Cosmetic-Perfume-Clothes-Packaging-2-600x600.webp 600w, https:\/\/www.yishengpack.com\/wp-content\/uploads\/2026\/02\/Wholesale-Bulk-Folding-Boxes-with-Lid-Custom-High-Quality-Shipping-Boxes-for-Cosmetic-Perfume-Clothes-Packaging-2-100x100.webp 100w\" sizes=\"(max-width: 2048px) 100vw, 2048px\" \/><\/figure>\n<\/div>\n<\/div>\n\n\n\n<div class=\"wp-block-columns is-layout-flex wp-container-core-columns-is-layout-9d6595d7 wp-block-columns-is-layout-flex\">\n<div class=\"wp-block-column is-layout-flow wp-block-column-is-layout-flow\">\n<figure class=\"wp-block-image size-full\"><img decoding=\"async\" width=\"2048\" height=\"2048\" src=\"https:\/\/www.yishengpack.com\/wp-content\/uploads\/2026\/02\/Wholesale-Bulk-Folding-Boxes-with-Lid-Custom-High-Quality-Shipping-Boxes-for-Cosmetic-Perfume-Clothes-Packaging-3.webp\" alt=\"cajas-cosmeticas-plegables-cajas-para-envios-a-la-mayor-3\" class=\"wp-image-3581\" srcset=\"https:\/\/www.yishengpack.com\/wp-content\/uploads\/2026\/02\/Wholesale-Bulk-Folding-Boxes-with-Lid-Custom-High-Quality-Shipping-Boxes-for-Cosmetic-Perfume-Clothes-Packaging-3.webp 2048w, https:\/\/www.yishengpack.com\/wp-content\/uploads\/2026\/02\/Wholesale-Bulk-Folding-Boxes-with-Lid-Custom-High-Quality-Shipping-Boxes-for-Cosmetic-Perfume-Clothes-Packaging-3-300x300.webp 300w, https:\/\/www.yishengpack.com\/wp-content\/uploads\/2026\/02\/Wholesale-Bulk-Folding-Boxes-with-Lid-Custom-High-Quality-Shipping-Boxes-for-Cosmetic-Perfume-Clothes-Packaging-3-150x150.webp 150w, https:\/\/www.yishengpack.com\/wp-content\/uploads\/2026\/02\/Wholesale-Bulk-Folding-Boxes-with-Lid-Custom-High-Quality-Shipping-Boxes-for-Cosmetic-Perfume-Clothes-Packaging-3-768x768.webp 768w, https:\/\/www.yishengpack.com\/wp-content\/uploads\/2026\/02\/Wholesale-Bulk-Folding-Boxes-with-Lid-Custom-High-Quality-Shipping-Boxes-for-Cosmetic-Perfume-Clothes-Packaging-3-12x12.webp 12w, https:\/\/www.yishengpack.com\/wp-content\/uploads\/2026\/02\/Wholesale-Bulk-Folding-Boxes-with-Lid-Custom-High-Quality-Shipping-Boxes-for-Cosmetic-Perfume-Clothes-Packaging-3-1200x1200.webp 1200w, https:\/\/www.yishengpack.com\/wp-content\/uploads\/2026\/02\/Wholesale-Bulk-Folding-Boxes-with-Lid-Custom-High-Quality-Shipping-Boxes-for-Cosmetic-Perfume-Clothes-Packaging-3-600x600.webp 600w, https:\/\/www.yishengpack.com\/wp-content\/uploads\/2026\/02\/Wholesale-Bulk-Folding-Boxes-with-Lid-Custom-High-Quality-Shipping-Boxes-for-Cosmetic-Perfume-Clothes-Packaging-3-100x100.webp 100w\" sizes=\"(max-width: 2048px) 100vw, 2048px\" \/><\/figure>\n\n\n\n<div class=\"wp-block-buttons has-custom-font-size has-small-font-size is-content-justification-center is-layout-flex wp-container-core-buttons-is-layout-16018d1d wp-block-buttons-is-layout-flex\">\n<div class=\"wp-block-button has-custom-width wp-block-button__width-75\"><a class=\"wp-block-button__link has-background has-small-font-size has-custom-font-size wp-element-button\" href=\"https:\/\/www.yishengpack.com\/es\/custom-printed-box\/\" style=\"background:linear-gradient(135deg,rgb(254,205,165) 0%,rgb(254,45,45) 0%,rgb(94,15,15) 0%,rgb(94,15,15) 100%)\" target=\"_blank\" rel=\"noreferrer noopener\"><strong>Explorar las cajas impresas personalizadas<\/strong><\/a><\/div>\n<\/div>\n<\/div>\n\n\n\n<div class=\"wp-block-column is-layout-flow wp-block-column-is-layout-flow\">\n<figure class=\"wp-block-image size-full\"><img decoding=\"async\" width=\"2048\" height=\"2048\" src=\"https:\/\/www.yishengpack.com\/wp-content\/uploads\/2026\/02\/Wholesale-Bulk-Folding-Boxes-with-Lid-Custom-High-Quality-Shipping-Boxes-for-Cosmetic-Perfume-Clothes-Packaging-5.webp\" alt=\"cajas-cosmeticas-plegables-cajas-enviables-mayor-5\" class=\"wp-image-3583\" srcset=\"https:\/\/www.yishengpack.com\/wp-content\/uploads\/2026\/02\/Wholesale-Bulk-Folding-Boxes-with-Lid-Custom-High-Quality-Shipping-Boxes-for-Cosmetic-Perfume-Clothes-Packaging-5.webp 2048w, https:\/\/www.yishengpack.com\/wp-content\/uploads\/2026\/02\/Wholesale-Bulk-Folding-Boxes-with-Lid-Custom-High-Quality-Shipping-Boxes-for-Cosmetic-Perfume-Clothes-Packaging-5-300x300.webp 300w, https:\/\/www.yishengpack.com\/wp-content\/uploads\/2026\/02\/Wholesale-Bulk-Folding-Boxes-with-Lid-Custom-High-Quality-Shipping-Boxes-for-Cosmetic-Perfume-Clothes-Packaging-5-150x150.webp 150w, https:\/\/www.yishengpack.com\/wp-content\/uploads\/2026\/02\/Wholesale-Bulk-Folding-Boxes-with-Lid-Custom-High-Quality-Shipping-Boxes-for-Cosmetic-Perfume-Clothes-Packaging-5-768x768.webp 768w, https:\/\/www.yishengpack.com\/wp-content\/uploads\/2026\/02\/Wholesale-Bulk-Folding-Boxes-with-Lid-Custom-High-Quality-Shipping-Boxes-for-Cosmetic-Perfume-Clothes-Packaging-5-12x12.webp 12w, https:\/\/www.yishengpack.com\/wp-content\/uploads\/2026\/02\/Wholesale-Bulk-Folding-Boxes-with-Lid-Custom-High-Quality-Shipping-Boxes-for-Cosmetic-Perfume-Clothes-Packaging-5-1200x1200.webp 1200w, https:\/\/www.yishengpack.com\/wp-content\/uploads\/2026\/02\/Wholesale-Bulk-Folding-Boxes-with-Lid-Custom-High-Quality-Shipping-Boxes-for-Cosmetic-Perfume-Clothes-Packaging-5-600x600.webp 600w, https:\/\/www.yishengpack.com\/wp-content\/uploads\/2026\/02\/Wholesale-Bulk-Folding-Boxes-with-Lid-Custom-High-Quality-Shipping-Boxes-for-Cosmetic-Perfume-Clothes-Packaging-5-100x100.webp 100w\" sizes=\"(max-width: 2048px) 100vw, 2048px\" \/><\/figure>\n\n\n\n<div class=\"wp-block-buttons has-custom-font-size has-small-font-size is-content-justification-center is-layout-flex wp-container-core-buttons-is-layout-16018d1d wp-block-buttons-is-layout-flex\">\n<div class=\"wp-block-button has-custom-width wp-block-button__width-75\"><a class=\"wp-block-button__link has-background has-small-font-size has-custom-font-size wp-element-button\" href=\"https:\/\/www.yishengpack.com\/es\/custom-box-inserts-accessories\/\" style=\"background:linear-gradient(135deg,rgb(254,205,165) 0%,rgb(254,45,45) 0%,rgb(94,15,15) 0%,rgb(94,15,15) 100%)\" target=\"_blank\" rel=\"noreferrer noopener\"><strong>Explorar los insertos personalizados para cajas<\/strong><\/a><\/div>\n<\/div>\n<\/div>\n<\/div>","protected":false},"excerpt":{"rendered":"<p>Bienvenido a comprar nuestras cajas plegables de cosm\u00e9ticos al por mayor con insertos, que son ideales para marcas de cuidado de la piel, distribuidores de belleza y vendedores de comercio electr\u00f3nico que buscan soluciones de embalaje premium pero rentables. Nuestras cajas de env\u00edo personalizadas ayudan a los compradores B2B a reducir los costes de env\u00edo, mejorar el atractivo de los estantes y reforzar la identidad de la marca en mercados competitivos.<\/p>\n<h2>Aspectos destacados de las cajas de cosm\u00e9ticos al por mayor<\/h2>\n<ul>\n<li>Personalizaci\u00f3n completa<\/li>\n<li>Materiales ecol\u00f3gicos<\/li>\n<li>Numerosos procesos de impresi\u00f3n<\/li>\n<li>Tama\u00f1o y profundidad personalizables<\/li>\n<li>Varias opciones de color<\/li>\n<li>Construcci\u00f3n duradera de cart\u00f3n r\u00edgido<\/li>\n<li>Cajas y bolsas a juego<\/li>\n<li>MOQ bajo para pedidos al por mayor<\/li>\n<\/ul>\n<p>&nbsp;<\/p>","protected":false},"featured_media":3579,"comment_status":"closed","ping_status":"closed","template":"","meta":{"_acf_changed":false},"box-type":[55,57,48],"product_brand":[],"product_cat":[46,19,66,65,40,39,69,67],"product_tag":[],"class_list":{"0":"post-3578","1":"product","2":"type-product","3":"status-publish","4":"has-post-thumbnail","6":"box-type-custom-foldable-boxes","7":"box-type-custom-rigid-box-with-lid","8":"box-type-custom-tuck-top-boxes","9":"product_cat-wholesale-paper-boxes","10":"product_cat-luxury-gift-boxes-wholesale","11":"product_cat-custom-apparel-boxes","12":"product_cat-custom-cosmetic-boxes","13":"product_cat-custom-jewelry-boxes","14":"product_cat-custom-perfume-boxes","15":"product_cat-custom-retail-boxes","16":"product_cat-custom-shipping-boxes","18":"first","19":"instock","20":"shipping-taxable","21":"product-type-simple"},"acf":[],"_links":{"self":[{"href":"https:\/\/www.yishengpack.com\/es\/wp-json\/wp\/v2\/product\/3578","targetHints":{"allow":["GET"]}}],"collection":[{"href":"https:\/\/www.yishengpack.com\/es\/wp-json\/wp\/v2\/product"}],"about":[{"href":"https:\/\/www.yishengpack.com\/es\/wp-json\/wp\/v2\/types\/product"}],"replies":[{"embeddable":true,"href":"https:\/\/www.yishengpack.com\/es\/wp-json\/wp\/v2\/comments?post=3578"}],"wp:featuredmedia":[{"embeddable":true,"href":"https:\/\/www.yishengpack.com\/es\/wp-json\/wp\/v2\/media\/3579"}],"wp:attachment":[{"href":"https:\/\/www.yishengpack.com\/es\/wp-json\/wp\/v2\/media?parent=3578"}],"wp:term":[{"taxonomy":"box-type","embeddable":true,"href":"https:\/\/www.yishengpack.com\/es\/wp-json\/wp\/v2\/box-type?post=3578"},{"taxonomy":"product_brand","embeddable":true,"href":"https:\/\/www.yishengpack.com\/es\/wp-json\/wp\/v2\/product_brand?post=3578"},{"taxonomy":"product_cat","embeddable":true,"href":"https:\/\/www.yishengpack.com\/es\/wp-json\/wp\/v2\/product_cat?post=3578"},{"taxonomy":"product_tag","embeddable":true,"href":"https:\/\/www.yishengpack.com\/es\/wp-json\/wp\/v2\/product_tag?post=3578"}],"curies":[{"name":"wp","href":"https:\/\/api.w.org\/{rel}","templated":true}]}}