{"id":3520,"date":"2026-02-05T09:04:54","date_gmt":"2026-02-05T09:04:54","guid":{"rendered":"https:\/\/www.yishengpack.com\/?post_type=product&#038;p=3520"},"modified":"2026-02-05T09:04:57","modified_gmt":"2026-02-05T09:04:57","slug":"bulk-chocolate-covered-dates-gift-box","status":"publish","type":"product","link":"https:\/\/www.yishengpack.com\/es\/producto\/bulk-chocolate-covered-dates-gift-box\/","title":{"rendered":"Caja de regalo a granel con d\u00e1tiles cubiertos de chocolate, cajas r\u00edgidas personalizadas"},"content":{"rendered":"<div class=\"wp-block-columns is-layout-flex wp-container-core-columns-is-layout-9d6595d7 wp-block-columns-is-layout-flex\">\n<div class=\"wp-block-column is-layout-flow wp-block-column-is-layout-flow\">\n<h3 class=\"wp-block-heading\">Caracter\u00edsticas de la caja de regalo de d\u00e1tiles recubiertos de chocolate a granel<\/h3>\n\n\n\n<p><strong>Sofisticada estructura de tapa y base:<\/strong> Estas cajas de regalo a granel para d\u00e1tiles cubiertos de chocolate est\u00e1n dise\u00f1adas con una estructura tradicional de tapa y base que se cierra herm\u00e9ticamente y se abre a la perfecci\u00f3n para presentar sus recuerdos de forma organizada, ofreciendo una experiencia de apertura pulida y de primera calidad para d\u00e1tiles, bombones o golosinas de lujo.<\/p>\n\n\n\n<p><strong>Bandejas personalizables aptas para alimentos:<\/strong> Nuestras cajas de regalo para d\u00e1tiles cubiertos de chocolate a granel personalizan la bandeja interior apta para alimentos seg\u00fan sus especificaciones para seleccionar tama\u00f1os de compartimentos para d\u00e1tiles sueltos, bombones variados o dulces mixtos, lo que ayuda a mantener sus alimentos seguros y visualmente organizados.<\/p>\n\n\n\n<p><strong>Materiales reciclables respetuosos con el medio ambiente:<\/strong> Nuestras cajas de regalo a granel con d\u00e1tiles cubiertos de chocolate se fabrican con materiales sostenibles y reciclables. Estas cajas combinan lujo y ecolog\u00eda, y atraen a consumidores y marcas concienciados con el medio ambiente.<\/p>\n\n\n\n<p><strong>Tama\u00f1os flexibles para surtido:<\/strong> Nuestras cajas r\u00edgidas personalizadas con tapa vienen en una gran variedad de tama\u00f1os (desde peque\u00f1as cajas de 8 unidades hasta grandes bandejas de 30 unidades). Estas cajas de regalo son perfectas para acogedores lotes de regalo, o grandes surtidos de sultanas, lotes de regalo o elaborados surtidos de dulces.<\/p>\n\n\n\n<p><strong>Personalizaci\u00f3n completa de la marca:<\/strong> Nuestras cajas r\u00edgidas a medida con tapa personalizan cada detalle, desde los colores exteriores y la colocaci\u00f3n del logotipo hasta el forro interior y los detalles en l\u00e1mina, para crear una soluci\u00f3n de envasado totalmente personalizada que se adapte a su identidad visual.<\/p>\n<\/div>\n\n\n\n<div class=\"wp-block-column is-layout-flow wp-block-column-is-layout-flow\">\n<figure class=\"wp-block-image size-full\"><img decoding=\"async\" width=\"2048\" height=\"2048\" src=\"https:\/\/www.yishengpack.com\/wp-content\/uploads\/2026\/02\/High-End-Custom-Luxury-Lid-and-Base-Gift-Boxes-Wholesale-Bulk-Rigid-Packaging-Boxes-for-Dates-Chocolate-2.webp\" alt=\"caja-regalo-fechas-cubiertas-de-chocolate-a-granel-cajas-rigidas-personalizadas-2\" class=\"wp-image-3523\" srcset=\"https:\/\/www.yishengpack.com\/wp-content\/uploads\/2026\/02\/High-End-Custom-Luxury-Lid-and-Base-Gift-Boxes-Wholesale-Bulk-Rigid-Packaging-Boxes-for-Dates-Chocolate-2.webp 2048w, https:\/\/www.yishengpack.com\/wp-content\/uploads\/2026\/02\/High-End-Custom-Luxury-Lid-and-Base-Gift-Boxes-Wholesale-Bulk-Rigid-Packaging-Boxes-for-Dates-Chocolate-2-300x300.webp 300w, https:\/\/www.yishengpack.com\/wp-content\/uploads\/2026\/02\/High-End-Custom-Luxury-Lid-and-Base-Gift-Boxes-Wholesale-Bulk-Rigid-Packaging-Boxes-for-Dates-Chocolate-2-150x150.webp 150w, https:\/\/www.yishengpack.com\/wp-content\/uploads\/2026\/02\/High-End-Custom-Luxury-Lid-and-Base-Gift-Boxes-Wholesale-Bulk-Rigid-Packaging-Boxes-for-Dates-Chocolate-2-768x768.webp 768w, https:\/\/www.yishengpack.com\/wp-content\/uploads\/2026\/02\/High-End-Custom-Luxury-Lid-and-Base-Gift-Boxes-Wholesale-Bulk-Rigid-Packaging-Boxes-for-Dates-Chocolate-2-12x12.webp 12w, https:\/\/www.yishengpack.com\/wp-content\/uploads\/2026\/02\/High-End-Custom-Luxury-Lid-and-Base-Gift-Boxes-Wholesale-Bulk-Rigid-Packaging-Boxes-for-Dates-Chocolate-2-1200x1200.webp 1200w, https:\/\/www.yishengpack.com\/wp-content\/uploads\/2026\/02\/High-End-Custom-Luxury-Lid-and-Base-Gift-Boxes-Wholesale-Bulk-Rigid-Packaging-Boxes-for-Dates-Chocolate-2-600x600.webp 600w, https:\/\/www.yishengpack.com\/wp-content\/uploads\/2026\/02\/High-End-Custom-Luxury-Lid-and-Base-Gift-Boxes-Wholesale-Bulk-Rigid-Packaging-Boxes-for-Dates-Chocolate-2-100x100.webp 100w\" sizes=\"(max-width: 2048px) 100vw, 2048px\" \/><\/figure>\n<\/div>\n<\/div>\n\n\n\n<div class=\"wp-block-columns is-layout-flex wp-container-core-columns-is-layout-9d6595d7 wp-block-columns-is-layout-flex\">\n<div class=\"wp-block-column is-layout-flow wp-block-column-is-layout-flow\">\n<figure class=\"wp-block-image size-full\"><img decoding=\"async\" width=\"1080\" height=\"1080\" src=\"https:\/\/www.yishengpack.com\/wp-content\/uploads\/2026\/02\/High-End-Custom-Luxury-Lid-and-Base-Gift-Boxes-Wholesale-Bulk-Rigid-Packaging-Boxes-for-Dates-Chocolate-4.webp\" alt=\"cajas-regalo-de-alta-calidad-personalizadas-de-lujo-tapa-y-base-cajas-regalo-al-mayor-bulk-rigidas-para-fechas-chocolate-4\" class=\"wp-image-3525\" srcset=\"https:\/\/www.yishengpack.com\/wp-content\/uploads\/2026\/02\/High-End-Custom-Luxury-Lid-and-Base-Gift-Boxes-Wholesale-Bulk-Rigid-Packaging-Boxes-for-Dates-Chocolate-4.webp 1080w, https:\/\/www.yishengpack.com\/wp-content\/uploads\/2026\/02\/High-End-Custom-Luxury-Lid-and-Base-Gift-Boxes-Wholesale-Bulk-Rigid-Packaging-Boxes-for-Dates-Chocolate-4-300x300.webp 300w, https:\/\/www.yishengpack.com\/wp-content\/uploads\/2026\/02\/High-End-Custom-Luxury-Lid-and-Base-Gift-Boxes-Wholesale-Bulk-Rigid-Packaging-Boxes-for-Dates-Chocolate-4-150x150.webp 150w, https:\/\/www.yishengpack.com\/wp-content\/uploads\/2026\/02\/High-End-Custom-Luxury-Lid-and-Base-Gift-Boxes-Wholesale-Bulk-Rigid-Packaging-Boxes-for-Dates-Chocolate-4-768x768.webp 768w, https:\/\/www.yishengpack.com\/wp-content\/uploads\/2026\/02\/High-End-Custom-Luxury-Lid-and-Base-Gift-Boxes-Wholesale-Bulk-Rigid-Packaging-Boxes-for-Dates-Chocolate-4-12x12.webp 12w, https:\/\/www.yishengpack.com\/wp-content\/uploads\/2026\/02\/High-End-Custom-Luxury-Lid-and-Base-Gift-Boxes-Wholesale-Bulk-Rigid-Packaging-Boxes-for-Dates-Chocolate-4-600x600.webp 600w, https:\/\/www.yishengpack.com\/wp-content\/uploads\/2026\/02\/High-End-Custom-Luxury-Lid-and-Base-Gift-Boxes-Wholesale-Bulk-Rigid-Packaging-Boxes-for-Dates-Chocolate-4-100x100.webp 100w\" sizes=\"(max-width: 1080px) 100vw, 1080px\" \/><\/figure>\n\n\n\n<div class=\"wp-block-buttons has-custom-font-size has-small-font-size is-content-justification-center is-layout-flex wp-container-core-buttons-is-layout-16018d1d wp-block-buttons-is-layout-flex\">\n<div class=\"wp-block-button has-custom-width wp-block-button__width-75\"><a class=\"wp-block-button__link has-background has-small-font-size has-custom-font-size wp-element-button\" href=\"https:\/\/www.yishengpack.com\/es\/custom-printed-box\/\" style=\"background:linear-gradient(135deg,rgb(254,205,165) 0%,rgb(254,45,45) 0%,rgb(94,15,15) 0%,rgb(94,15,15) 100%)\" target=\"_blank\" rel=\"noreferrer noopener\"><strong>Explorar las cajas impresas personalizadas<\/strong><\/a><\/div>\n<\/div>\n<\/div>\n\n\n\n<div class=\"wp-block-column is-layout-flow wp-block-column-is-layout-flow\">\n<figure class=\"wp-block-image size-full\"><img decoding=\"async\" width=\"2048\" height=\"2048\" src=\"https:\/\/www.yishengpack.com\/wp-content\/uploads\/2026\/02\/High-End-Custom-Luxury-Lid-and-Base-Gift-Boxes-Wholesale-Bulk-Rigid-Packaging-Boxes-for-Dates-Chocolate-7.webp\" alt=\"cajas-regalo-de-alta-calidad-personalizadas-de-lujo-con-tapa-y-base-mayoristas-bulk-rigidas-cajas-embalaje-para-fechas-chocolate-7\" class=\"wp-image-3528\" srcset=\"https:\/\/www.yishengpack.com\/wp-content\/uploads\/2026\/02\/High-End-Custom-Luxury-Lid-and-Base-Gift-Boxes-Wholesale-Bulk-Rigid-Packaging-Boxes-for-Dates-Chocolate-7.webp 2048w, https:\/\/www.yishengpack.com\/wp-content\/uploads\/2026\/02\/High-End-Custom-Luxury-Lid-and-Base-Gift-Boxes-Wholesale-Bulk-Rigid-Packaging-Boxes-for-Dates-Chocolate-7-300x300.webp 300w, https:\/\/www.yishengpack.com\/wp-content\/uploads\/2026\/02\/High-End-Custom-Luxury-Lid-and-Base-Gift-Boxes-Wholesale-Bulk-Rigid-Packaging-Boxes-for-Dates-Chocolate-7-150x150.webp 150w, https:\/\/www.yishengpack.com\/wp-content\/uploads\/2026\/02\/High-End-Custom-Luxury-Lid-and-Base-Gift-Boxes-Wholesale-Bulk-Rigid-Packaging-Boxes-for-Dates-Chocolate-7-768x768.webp 768w, https:\/\/www.yishengpack.com\/wp-content\/uploads\/2026\/02\/High-End-Custom-Luxury-Lid-and-Base-Gift-Boxes-Wholesale-Bulk-Rigid-Packaging-Boxes-for-Dates-Chocolate-7-12x12.webp 12w, https:\/\/www.yishengpack.com\/wp-content\/uploads\/2026\/02\/High-End-Custom-Luxury-Lid-and-Base-Gift-Boxes-Wholesale-Bulk-Rigid-Packaging-Boxes-for-Dates-Chocolate-7-1200x1200.webp 1200w, https:\/\/www.yishengpack.com\/wp-content\/uploads\/2026\/02\/High-End-Custom-Luxury-Lid-and-Base-Gift-Boxes-Wholesale-Bulk-Rigid-Packaging-Boxes-for-Dates-Chocolate-7-600x600.webp 600w, https:\/\/www.yishengpack.com\/wp-content\/uploads\/2026\/02\/High-End-Custom-Luxury-Lid-and-Base-Gift-Boxes-Wholesale-Bulk-Rigid-Packaging-Boxes-for-Dates-Chocolate-7-100x100.webp 100w\" sizes=\"(max-width: 2048px) 100vw, 2048px\" \/><\/figure>\n\n\n\n<div class=\"wp-block-buttons has-custom-font-size has-small-font-size is-content-justification-center is-layout-flex wp-container-core-buttons-is-layout-16018d1d wp-block-buttons-is-layout-flex\">\n<div class=\"wp-block-button has-custom-width wp-block-button__width-75\"><a class=\"wp-block-button__link has-background has-small-font-size has-custom-font-size wp-element-button\" href=\"https:\/\/www.yishengpack.com\/es\/custom-box-inserts-accessories\/\" style=\"background:linear-gradient(135deg,rgb(254,205,165) 0%,rgb(254,45,45) 0%,rgb(94,15,15) 0%,rgb(94,15,15) 100%)\" target=\"_blank\" rel=\"noreferrer noopener\"><strong>Explorar los insertos personalizados para cajas<\/strong><\/a><\/div>\n<\/div>\n<\/div>\n<\/div>","protected":false},"excerpt":{"rendered":"<p>Bienvenido a comprar nuestras cajas de regalo de d\u00e1tiles cubiertos de chocolate a granel, perfectas para d\u00e1tiles rellenos, golosinas de chocolate o envases de confiter\u00eda premium. Ideales para marcas de d\u00e1tiles rellenos de chocolate, importadores y proveedores de regalos festivos, nuestras soluciones de envasado personalizado OEM admiten la impresi\u00f3n completa del logotipo, la personalizaci\u00f3n del tama\u00f1o y el acabado de alta gama para mejorar el valor minorista y la distribuci\u00f3n mayorista a granel.<\/p>\n<h2>Aspectos destacados de la caja de regalo de d\u00e1tiles recubiertos de chocolate a granel<\/h2>\n<ul>\n<li>Ideal para d\u00e1tiles, bombones y golosinas de primera calidad<\/li>\n<li>Personalizaci\u00f3n<\/li>\n<li>Bandejas y revestimientos interiores aptos para alimentos<\/li>\n<li>Materiales de primera calidad<\/li>\n<li>Artesan\u00eda exquisita<\/li>\n<li>M\u00faltiples tipos de cajas<\/li>\n<li>Colores vibrantes y sin decoloraci\u00f3n<\/li>\n<li>Estructura de lujo de dos piezas<\/li>\n<\/ul>\n<p>&nbsp;<\/p>\n<p>&nbsp;<\/p>","protected":false},"featured_media":3522,"comment_status":"closed","ping_status":"closed","template":"","meta":{"_acf_changed":false},"box-type":[57,61],"product_brand":[],"product_cat":[19,41,68,46,33,44],"product_tag":[],"class_list":{"0":"post-3520","1":"product","2":"type-product","3":"status-publish","4":"has-post-thumbnail","6":"box-type-custom-rigid-box-with-lid","7":"box-type-custom-two-piece-boxes","8":"product_cat-luxury-gift-boxes-wholesale","9":"product_cat-candy-gift-boxes-wholesale","10":"product_cat-custom-dates-box","11":"product_cat-wholesale-paper-boxes","12":"product_cat-food-packaging-boxes-wholesale","13":"product_cat-custom-snack-box","15":"first","16":"instock","17":"shipping-taxable","18":"product-type-simple"},"acf":[],"_links":{"self":[{"href":"https:\/\/www.yishengpack.com\/es\/wp-json\/wp\/v2\/product\/3520","targetHints":{"allow":["GET"]}}],"collection":[{"href":"https:\/\/www.yishengpack.com\/es\/wp-json\/wp\/v2\/product"}],"about":[{"href":"https:\/\/www.yishengpack.com\/es\/wp-json\/wp\/v2\/types\/product"}],"replies":[{"embeddable":true,"href":"https:\/\/www.yishengpack.com\/es\/wp-json\/wp\/v2\/comments?post=3520"}],"wp:featuredmedia":[{"embeddable":true,"href":"https:\/\/www.yishengpack.com\/es\/wp-json\/wp\/v2\/media\/3522"}],"wp:attachment":[{"href":"https:\/\/www.yishengpack.com\/es\/wp-json\/wp\/v2\/media?parent=3520"}],"wp:term":[{"taxonomy":"box-type","embeddable":true,"href":"https:\/\/www.yishengpack.com\/es\/wp-json\/wp\/v2\/box-type?post=3520"},{"taxonomy":"product_brand","embeddable":true,"href":"https:\/\/www.yishengpack.com\/es\/wp-json\/wp\/v2\/product_brand?post=3520"},{"taxonomy":"product_cat","embeddable":true,"href":"https:\/\/www.yishengpack.com\/es\/wp-json\/wp\/v2\/product_cat?post=3520"},{"taxonomy":"product_tag","embeddable":true,"href":"https:\/\/www.yishengpack.com\/es\/wp-json\/wp\/v2\/product_tag?post=3520"}],"curies":[{"name":"wp","href":"https:\/\/api.w.org\/{rel}","templated":true}]}}