{"id":3486,"date":"2026-02-05T10:08:48","date_gmt":"2026-02-05T10:08:48","guid":{"rendered":"https:\/\/www.yishengpack.com\/?post_type=product&#038;p=3486"},"modified":"2026-02-05T10:08:51","modified_gmt":"2026-02-05T10:08:51","slug":"bulk-gift-bags-with-handles","status":"publish","type":"product","link":"https:\/\/www.yishengpack.com\/es\/producto\/bulk-gift-bags-with-handles\/","title":{"rendered":"Bolsas de Regalo a Granel con Asas, Bolsa de Papel de Tela Personalizada Plegable"},"content":{"rendered":"<div class=\"wp-block-columns is-layout-flex wp-container-core-columns-is-layout-9d6595d7 wp-block-columns-is-layout-flex\">\n<div class=\"wp-block-column is-layout-flow wp-block-column-is-layout-flow\">\n<h3 class=\"wp-block-heading\">Caracter\u00edsticas de las bolsas de regalo a granel con asas<\/h3>\n\n\n\n<p><strong>Est\u00e9tica geom\u00e9trica minimalista:<\/strong> Estas bolsas de regalo a granel con asas est\u00e1n dise\u00f1adas con formas geom\u00e9tricas sencillas y modernas en tonos suaves y tenues para ofrecer un aspecto limpio y elegante que coordina bien con la ropa y los art\u00edculos de estilo de vida.<\/p>\n\n\n\n<p><strong>Dise\u00f1o estructurado de soporte de carga:<\/strong> Fabricadas en papel r\u00edgido, estas bolsas plegables para ropa mantienen su forma n\u00edtida y vertical incluso cuando est\u00e1n llenas hasta los topes, protegiendo su mercanc\u00eda y manteniendo un aspecto de primera calidad.<\/p>\n\n\n\n<p><strong>Embalaje plano para un env\u00edo rentable:<\/strong> La naturaleza plegable y plegable de estas bolsas de regalo a granel con asas le permite mantenerlas planas para su almacenamiento y env\u00edo, reduciendo el volumen de env\u00edo y sus gastos de almacenamiento\/entrega.<\/p>\n\n\n\n<p><strong>Tallaje a medida para prendas de vestir:<\/strong> Nuestras bolsas de regalo a granel con asas vienen en varios tama\u00f1os aptos para ropa doblada, ya sean camisetas y blusas o vestidos y prendas de abrigo. Estas bolsas se adaptan perfectamente a sus productos.<\/p>\n\n\n\n<p><strong>Amplias aplicaciones industriales: <\/strong>Nuestras bolsas de papel personalizadas para ropa son perfectas para tiendas de ropa, boutiques de moda, ferias, tiendas de regalos, eventos promocionales y envases para tiendas de lujo.<\/p>\n\n\n\n<p><strong>Exterior totalmente personalizable:<\/strong> La superficie lisa y lista para imprimir acepta logotipos, dise\u00f1os e ilustraciones personalizados con gran claridad, lo que le permite crear una soluci\u00f3n de envasado totalmente personalizada que se ajusta a su identidad visual.<\/p>\n<\/div>\n\n\n\n<div class=\"wp-block-column is-layout-flow wp-block-column-is-layout-flow\">\n<figure class=\"wp-block-image size-full\"><img decoding=\"async\" width=\"2048\" height=\"2048\" src=\"https:\/\/www.yishengpack.com\/wp-content\/uploads\/2026\/02\/Wholesale-High-Quality-Folding-Paper-Bags-with-Handle-Custom-Clothes-Gift-Bags-with-Logo-Design-2.webp\" alt=\"bolsas con asas a granel bolsas de papel de tela personalizadas plegables-2\" class=\"wp-image-3498\" srcset=\"https:\/\/www.yishengpack.com\/wp-content\/uploads\/2026\/02\/Wholesale-High-Quality-Folding-Paper-Bags-with-Handle-Custom-Clothes-Gift-Bags-with-Logo-Design-2.webp 2048w, https:\/\/www.yishengpack.com\/wp-content\/uploads\/2026\/02\/Wholesale-High-Quality-Folding-Paper-Bags-with-Handle-Custom-Clothes-Gift-Bags-with-Logo-Design-2-300x300.webp 300w, https:\/\/www.yishengpack.com\/wp-content\/uploads\/2026\/02\/Wholesale-High-Quality-Folding-Paper-Bags-with-Handle-Custom-Clothes-Gift-Bags-with-Logo-Design-2-150x150.webp 150w, https:\/\/www.yishengpack.com\/wp-content\/uploads\/2026\/02\/Wholesale-High-Quality-Folding-Paper-Bags-with-Handle-Custom-Clothes-Gift-Bags-with-Logo-Design-2-768x768.webp 768w, https:\/\/www.yishengpack.com\/wp-content\/uploads\/2026\/02\/Wholesale-High-Quality-Folding-Paper-Bags-with-Handle-Custom-Clothes-Gift-Bags-with-Logo-Design-2-12x12.webp 12w, https:\/\/www.yishengpack.com\/wp-content\/uploads\/2026\/02\/Wholesale-High-Quality-Folding-Paper-Bags-with-Handle-Custom-Clothes-Gift-Bags-with-Logo-Design-2-1200x1200.webp 1200w, https:\/\/www.yishengpack.com\/wp-content\/uploads\/2026\/02\/Wholesale-High-Quality-Folding-Paper-Bags-with-Handle-Custom-Clothes-Gift-Bags-with-Logo-Design-2-600x600.webp 600w, https:\/\/www.yishengpack.com\/wp-content\/uploads\/2026\/02\/Wholesale-High-Quality-Folding-Paper-Bags-with-Handle-Custom-Clothes-Gift-Bags-with-Logo-Design-2-100x100.webp 100w\" sizes=\"(max-width: 2048px) 100vw, 2048px\" \/><\/figure>\n<\/div>\n<\/div>\n\n\n\n<div class=\"wp-block-columns is-layout-flex wp-container-core-columns-is-layout-9d6595d7 wp-block-columns-is-layout-flex\">\n<div class=\"wp-block-column is-layout-flow wp-block-column-is-layout-flow\">\n<figure class=\"wp-block-image size-full\"><img decoding=\"async\" width=\"2048\" height=\"2048\" src=\"https:\/\/www.yishengpack.com\/wp-content\/uploads\/2026\/02\/Wholesale-High-Quality-Folding-Paper-Bags-with-Handle-Custom-Clothes-Gift-Bags-with-Logo-Design-5.webp\" alt=\"venta al por mayor de bolsas de papel plegables con asa de alta calidad bolsas de regalo personalizadas para ropa con dise\u00f1o de logotipo 5\" class=\"wp-image-3501\" srcset=\"https:\/\/www.yishengpack.com\/wp-content\/uploads\/2026\/02\/Wholesale-High-Quality-Folding-Paper-Bags-with-Handle-Custom-Clothes-Gift-Bags-with-Logo-Design-5.webp 2048w, https:\/\/www.yishengpack.com\/wp-content\/uploads\/2026\/02\/Wholesale-High-Quality-Folding-Paper-Bags-with-Handle-Custom-Clothes-Gift-Bags-with-Logo-Design-5-300x300.webp 300w, https:\/\/www.yishengpack.com\/wp-content\/uploads\/2026\/02\/Wholesale-High-Quality-Folding-Paper-Bags-with-Handle-Custom-Clothes-Gift-Bags-with-Logo-Design-5-150x150.webp 150w, https:\/\/www.yishengpack.com\/wp-content\/uploads\/2026\/02\/Wholesale-High-Quality-Folding-Paper-Bags-with-Handle-Custom-Clothes-Gift-Bags-with-Logo-Design-5-768x768.webp 768w, https:\/\/www.yishengpack.com\/wp-content\/uploads\/2026\/02\/Wholesale-High-Quality-Folding-Paper-Bags-with-Handle-Custom-Clothes-Gift-Bags-with-Logo-Design-5-12x12.webp 12w, https:\/\/www.yishengpack.com\/wp-content\/uploads\/2026\/02\/Wholesale-High-Quality-Folding-Paper-Bags-with-Handle-Custom-Clothes-Gift-Bags-with-Logo-Design-5-1200x1200.webp 1200w, https:\/\/www.yishengpack.com\/wp-content\/uploads\/2026\/02\/Wholesale-High-Quality-Folding-Paper-Bags-with-Handle-Custom-Clothes-Gift-Bags-with-Logo-Design-5-600x600.webp 600w, https:\/\/www.yishengpack.com\/wp-content\/uploads\/2026\/02\/Wholesale-High-Quality-Folding-Paper-Bags-with-Handle-Custom-Clothes-Gift-Bags-with-Logo-Design-5-100x100.webp 100w\" sizes=\"(max-width: 2048px) 100vw, 2048px\" \/><\/figure>\n\n\n\n<div class=\"wp-block-buttons has-custom-font-size has-small-font-size is-content-justification-center is-layout-flex wp-container-core-buttons-is-layout-16018d1d wp-block-buttons-is-layout-flex\">\n<div class=\"wp-block-button has-custom-width wp-block-button__width-75\"><a class=\"wp-block-button__link has-background has-small-font-size has-custom-font-size wp-element-button\" href=\"https:\/\/www.yishengpack.com\/es\/custom-printed-box\/\" style=\"background:linear-gradient(135deg,rgb(254,205,165) 0%,rgb(254,45,45) 0%,rgb(94,15,15) 0%,rgb(94,15,15) 100%)\" target=\"_blank\" rel=\"noreferrer noopener\"><strong>Explorar las cajas impresas personalizadas<\/strong><\/a><\/div>\n<\/div>\n<\/div>\n\n\n\n<div class=\"wp-block-column is-layout-flow wp-block-column-is-layout-flow\">\n<figure class=\"wp-block-image size-full\"><img decoding=\"async\" width=\"2048\" height=\"2048\" src=\"https:\/\/www.yishengpack.com\/wp-content\/uploads\/2026\/02\/Wholesale-High-Quality-Folding-Paper-Bags-with-Handle-Custom-Clothes-Gift-Bags-with-Logo-Design-7.webp\" alt=\"venta al por mayor de bolsas de papel plegables con asa de alta calidad bolsas de regalo personalizadas para ropa con dise\u00f1o de logotipo-7\" class=\"wp-image-3503\" srcset=\"https:\/\/www.yishengpack.com\/wp-content\/uploads\/2026\/02\/Wholesale-High-Quality-Folding-Paper-Bags-with-Handle-Custom-Clothes-Gift-Bags-with-Logo-Design-7.webp 2048w, https:\/\/www.yishengpack.com\/wp-content\/uploads\/2026\/02\/Wholesale-High-Quality-Folding-Paper-Bags-with-Handle-Custom-Clothes-Gift-Bags-with-Logo-Design-7-300x300.webp 300w, https:\/\/www.yishengpack.com\/wp-content\/uploads\/2026\/02\/Wholesale-High-Quality-Folding-Paper-Bags-with-Handle-Custom-Clothes-Gift-Bags-with-Logo-Design-7-150x150.webp 150w, https:\/\/www.yishengpack.com\/wp-content\/uploads\/2026\/02\/Wholesale-High-Quality-Folding-Paper-Bags-with-Handle-Custom-Clothes-Gift-Bags-with-Logo-Design-7-768x768.webp 768w, https:\/\/www.yishengpack.com\/wp-content\/uploads\/2026\/02\/Wholesale-High-Quality-Folding-Paper-Bags-with-Handle-Custom-Clothes-Gift-Bags-with-Logo-Design-7-12x12.webp 12w, https:\/\/www.yishengpack.com\/wp-content\/uploads\/2026\/02\/Wholesale-High-Quality-Folding-Paper-Bags-with-Handle-Custom-Clothes-Gift-Bags-with-Logo-Design-7-1200x1200.webp 1200w, https:\/\/www.yishengpack.com\/wp-content\/uploads\/2026\/02\/Wholesale-High-Quality-Folding-Paper-Bags-with-Handle-Custom-Clothes-Gift-Bags-with-Logo-Design-7-600x600.webp 600w, https:\/\/www.yishengpack.com\/wp-content\/uploads\/2026\/02\/Wholesale-High-Quality-Folding-Paper-Bags-with-Handle-Custom-Clothes-Gift-Bags-with-Logo-Design-7-100x100.webp 100w\" sizes=\"(max-width: 2048px) 100vw, 2048px\" \/><\/figure>\n\n\n\n<div class=\"wp-block-buttons has-custom-font-size has-small-font-size is-content-justification-center is-layout-flex wp-container-core-buttons-is-layout-16018d1d wp-block-buttons-is-layout-flex\">\n<div class=\"wp-block-button has-custom-width wp-block-button__width-75\"><a class=\"wp-block-button__link has-background has-small-font-size has-custom-font-size wp-element-button\" href=\"https:\/\/www.yishengpack.com\/es\/custom-paper-box-plastic-containers\/\" style=\"background:linear-gradient(135deg,rgb(254,205,165) 0%,rgb(254,45,45) 0%,rgb(94,15,15) 0%,rgb(94,15,15) 100%)\" target=\"_blank\" rel=\"noreferrer noopener\"><strong>Explorar materiales para bolsas personalizadas<\/strong><\/a><\/div>\n<\/div>\n<\/div>\n<\/div>\n\n\n\n<p><\/p>","protected":false},"excerpt":{"rendered":"<p>Bienvenido a comprar nuestras bolsas de regalo a granel con asas son la soluci\u00f3n de embalaje ideal para marcas de ropa, minoristas y mayoristas que buscan bolsas de papel duraderas y personalizables. Con una construcci\u00f3n de papel resistente, asas reforzadas y dise\u00f1os elegantes, desde estampados geom\u00e9tricos minimalistas hasta sofisticados patrones monocrom\u00e1ticos y texturas terrosas. Estas bolsas de papel plegables para minoristas reducen los costes de env\u00edo al tiempo que ofrecen una presentaci\u00f3n de marca de primera calidad: perfectas para embalajes de moda, uso promocional y distribuci\u00f3n minorista a gran escala.<\/p>\n<h2>Aspectos destacados de las bolsas de regalo a granel con asas<\/h2>\n<ul>\n<li>Personalizaci\u00f3n de alta gama<\/li>\n<li>Materiales ecol\u00f3gicos y reciclables<\/li>\n<li>Impresi\u00f3n de alta calidad<\/li>\n<li>Opciones de tallas vers\u00e1tiles para las prendas<\/li>\n<li>Gran variedad de colores<\/li>\n<li>Ligero pero duradero<\/li>\n<li>Estructura r\u00edgida para proteger los art\u00edculos<\/li>\n<li>Ideal para envases de ropa y regalos<\/li>\n<\/ul>\n<p>&nbsp;<\/p>","protected":false},"featured_media":3497,"comment_status":"closed","ping_status":"closed","template":"","meta":{"_acf_changed":false},"box-type":[53,52],"product_brand":[],"product_cat":[34,70,37],"product_tag":[],"class_list":{"0":"post-3486","1":"product","2":"type-product","3":"status-publish","4":"has-post-thumbnail","6":"box-type-custom-ribbon-handle-paper-bag","7":"box-type-custom-rope-handle-paper-bags","8":"product_cat-paper-bags-wholesale","9":"product_cat-custom-clothing-bags","10":"product_cat-paper-gift-bags-bulk","12":"first","13":"instock","14":"shipping-taxable","15":"product-type-simple"},"acf":[],"_links":{"self":[{"href":"https:\/\/www.yishengpack.com\/es\/wp-json\/wp\/v2\/product\/3486","targetHints":{"allow":["GET"]}}],"collection":[{"href":"https:\/\/www.yishengpack.com\/es\/wp-json\/wp\/v2\/product"}],"about":[{"href":"https:\/\/www.yishengpack.com\/es\/wp-json\/wp\/v2\/types\/product"}],"replies":[{"embeddable":true,"href":"https:\/\/www.yishengpack.com\/es\/wp-json\/wp\/v2\/comments?post=3486"}],"wp:featuredmedia":[{"embeddable":true,"href":"https:\/\/www.yishengpack.com\/es\/wp-json\/wp\/v2\/media\/3497"}],"wp:attachment":[{"href":"https:\/\/www.yishengpack.com\/es\/wp-json\/wp\/v2\/media?parent=3486"}],"wp:term":[{"taxonomy":"box-type","embeddable":true,"href":"https:\/\/www.yishengpack.com\/es\/wp-json\/wp\/v2\/box-type?post=3486"},{"taxonomy":"product_brand","embeddable":true,"href":"https:\/\/www.yishengpack.com\/es\/wp-json\/wp\/v2\/product_brand?post=3486"},{"taxonomy":"product_cat","embeddable":true,"href":"https:\/\/www.yishengpack.com\/es\/wp-json\/wp\/v2\/product_cat?post=3486"},{"taxonomy":"product_tag","embeddable":true,"href":"https:\/\/www.yishengpack.com\/es\/wp-json\/wp\/v2\/product_tag?post=3486"}],"curies":[{"name":"wp","href":"https:\/\/api.w.org\/{rel}","templated":true}]}}