{"id":3427,"date":"2026-01-26T02:36:22","date_gmt":"2026-01-26T02:36:22","guid":{"rendered":"https:\/\/www.yishengpack.com\/?post_type=product&#038;p=3427"},"modified":"2026-01-26T03:09:27","modified_gmt":"2026-01-26T03:09:27","slug":"chocolate-dates-gift-boxes-bulk","status":"publish","type":"product","link":"https:\/\/www.yishengpack.com\/es\/producto\/chocolate-dates-gift-boxes-bulk\/","title":{"rendered":"Cajas de regalo magn\u00e9ticas para d\u00e1tiles de chocolate a granel, caja r\u00edgida personalizada"},"content":{"rendered":"<div class=\"wp-block-columns is-layout-flex wp-container-core-columns-is-layout-9d6595d7 wp-block-columns-is-layout-flex\">\n<div class=\"wp-block-column is-layout-flow wp-block-column-is-layout-flow\">\n<h3 class=\"wp-block-heading\">Caracter\u00edsticas de las cajas magn\u00e9ticas de regalo con d\u00e1tiles y chocolate a granel<\/h3>\n\n\n\n<p><strong>Estructura magn\u00e9tica Premium:<\/strong> Estas cajas de regalo de chocolate y d\u00e1tiles a granel cuentan con un dise\u00f1o de tapa abatible magn\u00e9tica oculta para una apertura y cierre suaves, estables y duraderos, lo que mejora la experiencia de desembalaje y eleva significativamente la sensaci\u00f3n premium de la caja de regalo de chocolate y d\u00e1tiles. Adecuadas para regalos de empresa, vacaciones y el mercado minorista de gama alta.<\/p>\n\n\n\n<p><strong>Material de cart\u00f3n grueso y resistente: <\/strong>Estas cajas de regalo magn\u00e9ticas para d\u00e1tiles de chocolate a granel est\u00e1n fabricadas con cart\u00f3n gris de alta resistencia cuidadosamente seleccionado mediante un proceso de laminaci\u00f3n. Su robusta estructura es resistente a la deformaci\u00f3n y protege eficazmente los bombones y d\u00e1tiles durante el transporte, la exposici\u00f3n y el almacenamiento, reduciendo los riesgos posventa.<\/p>\n\n\n\n<p><strong>Impresi\u00f3n personalizada de proceso completo:<\/strong> Estas cajas de cart\u00f3n personalizadas presentan acabados met\u00e1licos de alta calidad y diversos tratamientos superficiales, como estampaci\u00f3n en caliente, estampaci\u00f3n en plata, revestimiento UV, gofrado y eliminaci\u00f3n del relieve, que satisfacen las necesidades de personalizaci\u00f3n de las marcas de chocolate de gama alta, las cajas de regalo para citas y el mercado de Oriente Medio.<\/p>\n\n\n\n<p><strong>Bandejas con compartimentos cortados con precisi\u00f3n:<\/strong> Estas cajas de regalo magn\u00e9ticas para d\u00e1tiles de chocolate a granel est\u00e1n equipadas con separadores de papel personalizados que mantienen las golosinas individuales (como bombones o d\u00e1tiles rellenos) separadas y firmemente en su lugar, evitando que se desplacen y mostrando cada art\u00edculo maravillosamente.<\/p>\n\n\n\n<p><strong>Suministro directo al por mayor:<\/strong> Cajas de regalo magn\u00e9ticas directas de f\u00e1brica para d\u00e1tiles de chocolate a granel, precios estables, plazo de entrega controlable, adecuadas para compras a granel, proyectos de cajas de regalo festivas y cooperaci\u00f3n de marca a largo plazo. OEM \/ ODM servicios son compatibles, ideal para los propietarios de marcas y distribuidores que hacen compras a gran escala.<\/p>\n\n\n\n<p><strong>Aplicabilidad en m\u00faltiples escenarios:<\/strong> Estas cajas de cart\u00f3n r\u00edgido personalizadas proporcionan una amplia cobertura de mercado, adecuada para el embalaje de cajas de regalo de chocolate, cajas de regalo de fecha de gama alta, cajas de regalo de Ramad\u00e1n\/Eid\/Navidad\/A\u00f1o Nuevo y embalaje de regalos de empresa personalizados.<\/p>\n<\/div>\n\n\n\n<div class=\"wp-block-column is-layout-flow wp-block-column-is-layout-flow\">\n<figure class=\"wp-block-image size-full\"><img decoding=\"async\" width=\"2048\" height=\"2048\" src=\"https:\/\/www.yishengpack.com\/wp-content\/uploads\/2026\/01\/Premium-Custom-Luxury-Gift-Boxes-Rigid-Magnetic-Dates-Chocolate-Packaging-Boxes-Wholesale-2.webp\" alt=\"magnetic-chocolate-dates-gift-boxes-bulk-custom-rigid-box-2\" class=\"wp-image-3429\" srcset=\"https:\/\/www.yishengpack.com\/wp-content\/uploads\/2026\/01\/Premium-Custom-Luxury-Gift-Boxes-Rigid-Magnetic-Dates-Chocolate-Packaging-Boxes-Wholesale-2.webp 2048w, https:\/\/www.yishengpack.com\/wp-content\/uploads\/2026\/01\/Premium-Custom-Luxury-Gift-Boxes-Rigid-Magnetic-Dates-Chocolate-Packaging-Boxes-Wholesale-2-300x300.webp 300w, https:\/\/www.yishengpack.com\/wp-content\/uploads\/2026\/01\/Premium-Custom-Luxury-Gift-Boxes-Rigid-Magnetic-Dates-Chocolate-Packaging-Boxes-Wholesale-2-150x150.webp 150w, https:\/\/www.yishengpack.com\/wp-content\/uploads\/2026\/01\/Premium-Custom-Luxury-Gift-Boxes-Rigid-Magnetic-Dates-Chocolate-Packaging-Boxes-Wholesale-2-768x768.webp 768w, https:\/\/www.yishengpack.com\/wp-content\/uploads\/2026\/01\/Premium-Custom-Luxury-Gift-Boxes-Rigid-Magnetic-Dates-Chocolate-Packaging-Boxes-Wholesale-2-12x12.webp 12w, https:\/\/www.yishengpack.com\/wp-content\/uploads\/2026\/01\/Premium-Custom-Luxury-Gift-Boxes-Rigid-Magnetic-Dates-Chocolate-Packaging-Boxes-Wholesale-2-1200x1200.webp 1200w, https:\/\/www.yishengpack.com\/wp-content\/uploads\/2026\/01\/Premium-Custom-Luxury-Gift-Boxes-Rigid-Magnetic-Dates-Chocolate-Packaging-Boxes-Wholesale-2-600x600.webp 600w, https:\/\/www.yishengpack.com\/wp-content\/uploads\/2026\/01\/Premium-Custom-Luxury-Gift-Boxes-Rigid-Magnetic-Dates-Chocolate-Packaging-Boxes-Wholesale-2-100x100.webp 100w\" sizes=\"(max-width: 2048px) 100vw, 2048px\" \/><\/figure>\n<\/div>\n<\/div>\n\n\n\n<div class=\"wp-block-columns is-layout-flex wp-container-core-columns-is-layout-9d6595d7 wp-block-columns-is-layout-flex\">\n<div class=\"wp-block-column is-layout-flow wp-block-column-is-layout-flow\">\n<figure class=\"wp-block-image size-full\"><img decoding=\"async\" width=\"2048\" height=\"2048\" src=\"https:\/\/www.yishengpack.com\/wp-content\/uploads\/2026\/01\/Premium-Custom-Luxury-Gift-Boxes-Rigid-Magnetic-Dates-Chocolate-Packaging-Boxes-Wholesale-6.webp\" alt=\"premium-cajas-regalo-de-lujo-rigidas-fechas-magneticas-cajas-embalaje-de-chocolate-al-mayor-6\" class=\"wp-image-3433\" srcset=\"https:\/\/www.yishengpack.com\/wp-content\/uploads\/2026\/01\/Premium-Custom-Luxury-Gift-Boxes-Rigid-Magnetic-Dates-Chocolate-Packaging-Boxes-Wholesale-6.webp 2048w, https:\/\/www.yishengpack.com\/wp-content\/uploads\/2026\/01\/Premium-Custom-Luxury-Gift-Boxes-Rigid-Magnetic-Dates-Chocolate-Packaging-Boxes-Wholesale-6-300x300.webp 300w, https:\/\/www.yishengpack.com\/wp-content\/uploads\/2026\/01\/Premium-Custom-Luxury-Gift-Boxes-Rigid-Magnetic-Dates-Chocolate-Packaging-Boxes-Wholesale-6-150x150.webp 150w, https:\/\/www.yishengpack.com\/wp-content\/uploads\/2026\/01\/Premium-Custom-Luxury-Gift-Boxes-Rigid-Magnetic-Dates-Chocolate-Packaging-Boxes-Wholesale-6-768x768.webp 768w, https:\/\/www.yishengpack.com\/wp-content\/uploads\/2026\/01\/Premium-Custom-Luxury-Gift-Boxes-Rigid-Magnetic-Dates-Chocolate-Packaging-Boxes-Wholesale-6-12x12.webp 12w, https:\/\/www.yishengpack.com\/wp-content\/uploads\/2026\/01\/Premium-Custom-Luxury-Gift-Boxes-Rigid-Magnetic-Dates-Chocolate-Packaging-Boxes-Wholesale-6-1200x1200.webp 1200w, https:\/\/www.yishengpack.com\/wp-content\/uploads\/2026\/01\/Premium-Custom-Luxury-Gift-Boxes-Rigid-Magnetic-Dates-Chocolate-Packaging-Boxes-Wholesale-6-600x600.webp 600w, https:\/\/www.yishengpack.com\/wp-content\/uploads\/2026\/01\/Premium-Custom-Luxury-Gift-Boxes-Rigid-Magnetic-Dates-Chocolate-Packaging-Boxes-Wholesale-6-100x100.webp 100w\" sizes=\"(max-width: 2048px) 100vw, 2048px\" \/><\/figure>\n\n\n\n<div class=\"wp-block-buttons has-custom-font-size has-small-font-size is-content-justification-center is-layout-flex wp-container-core-buttons-is-layout-16018d1d wp-block-buttons-is-layout-flex\">\n<div class=\"wp-block-button has-custom-width wp-block-button__width-75\"><a class=\"wp-block-button__link has-background has-small-font-size has-custom-font-size wp-element-button\" href=\"https:\/\/www.yishengpack.com\/es\/custom-printed-box\/\" style=\"background:linear-gradient(135deg,rgb(254,205,165) 0%,rgb(254,45,45) 0%,rgb(94,15,15) 0%,rgb(94,15,15) 100%)\" target=\"_blank\" rel=\"noreferrer noopener\"><strong>Explorar las cajas impresas personalizadas<\/strong><\/a><\/div>\n<\/div>\n<\/div>\n\n\n\n<div class=\"wp-block-column is-layout-flow wp-block-column-is-layout-flow\">\n<figure class=\"wp-block-image size-full\"><img decoding=\"async\" width=\"966\" height=\"966\" src=\"https:\/\/www.yishengpack.com\/wp-content\/uploads\/2026\/01\/Premium-Custom-Luxury-Gift-Boxes-Rigid-Magnetic-Dates-Chocolate-Packaging-Boxes-Wholesale-5.webp\" alt=\"premium-cajas-regalo-de-lujo-fechas-magn\u00e9ticas-r\u00edgidas-cajas-embalaje-de-chocolate-mayorista-5\" class=\"wp-image-3432\" srcset=\"https:\/\/www.yishengpack.com\/wp-content\/uploads\/2026\/01\/Premium-Custom-Luxury-Gift-Boxes-Rigid-Magnetic-Dates-Chocolate-Packaging-Boxes-Wholesale-5.webp 966w, https:\/\/www.yishengpack.com\/wp-content\/uploads\/2026\/01\/Premium-Custom-Luxury-Gift-Boxes-Rigid-Magnetic-Dates-Chocolate-Packaging-Boxes-Wholesale-5-300x300.webp 300w, https:\/\/www.yishengpack.com\/wp-content\/uploads\/2026\/01\/Premium-Custom-Luxury-Gift-Boxes-Rigid-Magnetic-Dates-Chocolate-Packaging-Boxes-Wholesale-5-150x150.webp 150w, https:\/\/www.yishengpack.com\/wp-content\/uploads\/2026\/01\/Premium-Custom-Luxury-Gift-Boxes-Rigid-Magnetic-Dates-Chocolate-Packaging-Boxes-Wholesale-5-768x768.webp 768w, https:\/\/www.yishengpack.com\/wp-content\/uploads\/2026\/01\/Premium-Custom-Luxury-Gift-Boxes-Rigid-Magnetic-Dates-Chocolate-Packaging-Boxes-Wholesale-5-12x12.webp 12w, https:\/\/www.yishengpack.com\/wp-content\/uploads\/2026\/01\/Premium-Custom-Luxury-Gift-Boxes-Rigid-Magnetic-Dates-Chocolate-Packaging-Boxes-Wholesale-5-600x600.webp 600w, https:\/\/www.yishengpack.com\/wp-content\/uploads\/2026\/01\/Premium-Custom-Luxury-Gift-Boxes-Rigid-Magnetic-Dates-Chocolate-Packaging-Boxes-Wholesale-5-100x100.webp 100w\" sizes=\"(max-width: 966px) 100vw, 966px\" \/><\/figure>\n\n\n\n<div class=\"wp-block-buttons has-custom-font-size has-small-font-size is-content-justification-center is-layout-flex wp-container-core-buttons-is-layout-16018d1d wp-block-buttons-is-layout-flex\">\n<div class=\"wp-block-button has-custom-width wp-block-button__width-75\"><a class=\"wp-block-button__link has-background has-small-font-size has-custom-font-size wp-element-button\" href=\"https:\/\/www.yishengpack.com\/es\/custom-box-inserts-accessories\/\" style=\"background:linear-gradient(135deg,rgb(254,205,165) 0%,rgb(254,45,45) 0%,rgb(94,15,15) 0%,rgb(94,15,15) 100%)\" target=\"_blank\" rel=\"noreferrer noopener\"><strong>Explorar los insertos personalizados para cajas<\/strong><\/a><\/div>\n<\/div>\n<\/div>\n<\/div>","protected":false},"excerpt":{"rendered":"<p>Bienvenido a comprar nuestras cajas magn\u00e9ticas de regalo para d\u00e1tiles de chocolate a granel, fabricadas en cart\u00f3n r\u00edgido de primera calidad con un lujoso cierre magn\u00e9tico. Totalmente impresas a medida con logotipo, tama\u00f1o, inserto y acabado superficial. Ideal para el envasado de chocolate y d\u00e1tiles, cajas de regalo para festivales y venta al por menor de gama alta. Suministro directo de f\u00e1brica, compatible con OEM y ODM, con calidad estable para pedidos al por mayor.<\/p>\n<h2>Aspectos destacados de las cajas de regalo magn\u00e9ticas con d\u00e1tiles y chocolate a granel<\/h2>\n<ul>\n<li>Caja de regalo de lujo reutilizable<\/li>\n<li>Cierre seguro a prueba de polvo<\/li>\n<li>Personalizaci\u00f3n total<\/li>\n<li>Materiales aptos para uso alimentario<\/li>\n<li>Impresi\u00f3n exquisita<\/li>\n<li>Confecci\u00f3n a medida<\/li>\n<li>Tonos de color real<\/li>\n<li>Juegos de separadores surtidos<\/li>\n<\/ul>\n<p>&nbsp;<\/p>","protected":false},"featured_media":3428,"comment_status":"closed","ping_status":"closed","template":"","meta":{"_acf_changed":false},"box-type":[54,57],"product_brand":[],"product_cat":[19,41,68],"product_tag":[],"class_list":{"0":"post-3427","1":"product","2":"type-product","3":"status-publish","4":"has-post-thumbnail","6":"box-type-custom-magnetic-closure-boxes","7":"box-type-custom-rigid-box-with-lid","8":"product_cat-luxury-gift-boxes-wholesale","9":"product_cat-candy-gift-boxes-wholesale","10":"product_cat-custom-dates-box","12":"first","13":"instock","14":"shipping-taxable","15":"product-type-simple"},"acf":[],"_links":{"self":[{"href":"https:\/\/www.yishengpack.com\/es\/wp-json\/wp\/v2\/product\/3427","targetHints":{"allow":["GET"]}}],"collection":[{"href":"https:\/\/www.yishengpack.com\/es\/wp-json\/wp\/v2\/product"}],"about":[{"href":"https:\/\/www.yishengpack.com\/es\/wp-json\/wp\/v2\/types\/product"}],"replies":[{"embeddable":true,"href":"https:\/\/www.yishengpack.com\/es\/wp-json\/wp\/v2\/comments?post=3427"}],"wp:featuredmedia":[{"embeddable":true,"href":"https:\/\/www.yishengpack.com\/es\/wp-json\/wp\/v2\/media\/3428"}],"wp:attachment":[{"href":"https:\/\/www.yishengpack.com\/es\/wp-json\/wp\/v2\/media?parent=3427"}],"wp:term":[{"taxonomy":"box-type","embeddable":true,"href":"https:\/\/www.yishengpack.com\/es\/wp-json\/wp\/v2\/box-type?post=3427"},{"taxonomy":"product_brand","embeddable":true,"href":"https:\/\/www.yishengpack.com\/es\/wp-json\/wp\/v2\/product_brand?post=3427"},{"taxonomy":"product_cat","embeddable":true,"href":"https:\/\/www.yishengpack.com\/es\/wp-json\/wp\/v2\/product_cat?post=3427"},{"taxonomy":"product_tag","embeddable":true,"href":"https:\/\/www.yishengpack.com\/es\/wp-json\/wp\/v2\/product_tag?post=3427"}],"curies":[{"name":"wp","href":"https:\/\/api.w.org\/{rel}","templated":true}]}}