{"id":3419,"date":"2026-01-26T07:04:17","date_gmt":"2026-01-26T07:04:17","guid":{"rendered":"https:\/\/www.yishengpack.com\/?post_type=product&#038;p=3419"},"modified":"2026-01-26T07:04:18","modified_gmt":"2026-01-26T07:04:18","slug":"cookie-boxes-in-bulk","status":"publish","type":"product","link":"https:\/\/www.yishengpack.com\/es\/producto\/cookie-boxes-in-bulk\/","title":{"rendered":"Cajas Plegables para Galletas a Granel, Cajas de Papel Personalizadas para Pasteler\u00eda"},"content":{"rendered":"<div class=\"wp-block-columns is-layout-flex wp-container-core-columns-is-layout-9d6595d7 wp-block-columns-is-layout-flex\">\n<div class=\"wp-block-column is-layout-flow wp-block-column-is-layout-flow\">\n<h3 class=\"wp-block-heading\">Caracter\u00edsticas de las cajas plegables a medida<\/h3>\n\n\n\n<p><strong>Compatibilidad alimentaria multifuncional:<\/strong> Estas cajas plegables para galletas a granel est\u00e1n dise\u00f1adas para almacenar galletas, galletas de mantequilla y una gran variedad de productos horneados. Un forro opcional de papel antigrasa las mantiene frescas y evita eficazmente las manchas de aceite.<\/p>\n\n\n\n<p><strong>Opciones de divisores personalizables:<\/strong> Estas cajas plegables para galletas a granel incluyen separadores de papel extra\u00edbles en cada caja para mantener las galletas separadas, crear un atractivo expositor y proporcionar organizaci\u00f3n.<\/p>\n\n\n\n<p><strong>Dise\u00f1o plegable que ahorra espacio: <\/strong>Estas cajas plegables para galletas a granel se pliegan para un almacenamiento y transporte eficaces, reduciendo los costes log\u00edsticos. Tambi\u00e9n son r\u00e1pidas y f\u00e1ciles de montar, por lo que resultan ideales para panader\u00edas o comercios minoristas.<\/p>\n\n\n\n<p><strong>Soluciones de cajas de papel totalmente personalizadas:<\/strong> Estas cajas plegables para galletas a granel admiten una personalizaci\u00f3n completa, incluido el tama\u00f1o de la caja, la estructura, el material del papel, el grosor, la impresi\u00f3n y el acabado. Estas cajas de papel personalizadas ayudan a las marcas a crear un fuerte impacto en los estantes y una identidad de envasado coherente.<\/p>\n\n\n\n<p><strong>Suministro directo de f\u00e1brica con capacidad estable:<\/strong> Suministrado directamente por un fabricante de cajas de embalaje personalizadas, que ofrece una capacidad de producci\u00f3n estable, precios al por mayor competitivos y un control de calidad constante. Ideal para importadores, mayoristas, distribuidores y propietarios de marcas.<\/p>\n<\/div>\n\n\n\n<div class=\"wp-block-column is-layout-flow wp-block-column-is-layout-flow\">\n<figure class=\"wp-block-image size-full\"><img decoding=\"async\" width=\"2048\" height=\"2048\" src=\"https:\/\/www.yishengpack.com\/wp-content\/uploads\/2026\/01\/Customized-Folding-Package-Shipping-Boxes-Wholesale-Bulk-Cookies-Cake-Pastry-Packaging-Boxes-2.webp\" alt=\"cajas plegables de galletas a granel-cajas de papel personalizadas para pasteler\u00eda-2\" class=\"wp-image-3421\" srcset=\"https:\/\/www.yishengpack.com\/wp-content\/uploads\/2026\/01\/Customized-Folding-Package-Shipping-Boxes-Wholesale-Bulk-Cookies-Cake-Pastry-Packaging-Boxes-2.webp 2048w, https:\/\/www.yishengpack.com\/wp-content\/uploads\/2026\/01\/Customized-Folding-Package-Shipping-Boxes-Wholesale-Bulk-Cookies-Cake-Pastry-Packaging-Boxes-2-300x300.webp 300w, https:\/\/www.yishengpack.com\/wp-content\/uploads\/2026\/01\/Customized-Folding-Package-Shipping-Boxes-Wholesale-Bulk-Cookies-Cake-Pastry-Packaging-Boxes-2-150x150.webp 150w, https:\/\/www.yishengpack.com\/wp-content\/uploads\/2026\/01\/Customized-Folding-Package-Shipping-Boxes-Wholesale-Bulk-Cookies-Cake-Pastry-Packaging-Boxes-2-768x768.webp 768w, https:\/\/www.yishengpack.com\/wp-content\/uploads\/2026\/01\/Customized-Folding-Package-Shipping-Boxes-Wholesale-Bulk-Cookies-Cake-Pastry-Packaging-Boxes-2-12x12.webp 12w, https:\/\/www.yishengpack.com\/wp-content\/uploads\/2026\/01\/Customized-Folding-Package-Shipping-Boxes-Wholesale-Bulk-Cookies-Cake-Pastry-Packaging-Boxes-2-1200x1200.webp 1200w, https:\/\/www.yishengpack.com\/wp-content\/uploads\/2026\/01\/Customized-Folding-Package-Shipping-Boxes-Wholesale-Bulk-Cookies-Cake-Pastry-Packaging-Boxes-2-600x600.webp 600w, https:\/\/www.yishengpack.com\/wp-content\/uploads\/2026\/01\/Customized-Folding-Package-Shipping-Boxes-Wholesale-Bulk-Cookies-Cake-Pastry-Packaging-Boxes-2-100x100.webp 100w\" sizes=\"(max-width: 2048px) 100vw, 2048px\" \/><\/figure>\n<\/div>\n<\/div>\n\n\n\n<div class=\"wp-block-columns is-layout-flex wp-container-core-columns-is-layout-9d6595d7 wp-block-columns-is-layout-flex\">\n<div class=\"wp-block-column is-layout-flow wp-block-column-is-layout-flow\">\n<figure class=\"wp-block-image size-full\"><img decoding=\"async\" width=\"2048\" height=\"2048\" src=\"https:\/\/www.yishengpack.com\/wp-content\/uploads\/2026\/01\/Customized-Folding-Package-Shipping-Boxes-Wholesale-Bulk-Cookies-Cake-Pastry-Packaging-Boxes-6.webp\" alt=\"cajas plegables de galletas a granel-cajas de papel personalizadas para pasteler\u00eda-6\" class=\"wp-image-3425\" srcset=\"https:\/\/www.yishengpack.com\/wp-content\/uploads\/2026\/01\/Customized-Folding-Package-Shipping-Boxes-Wholesale-Bulk-Cookies-Cake-Pastry-Packaging-Boxes-6.webp 2048w, https:\/\/www.yishengpack.com\/wp-content\/uploads\/2026\/01\/Customized-Folding-Package-Shipping-Boxes-Wholesale-Bulk-Cookies-Cake-Pastry-Packaging-Boxes-6-300x300.webp 300w, https:\/\/www.yishengpack.com\/wp-content\/uploads\/2026\/01\/Customized-Folding-Package-Shipping-Boxes-Wholesale-Bulk-Cookies-Cake-Pastry-Packaging-Boxes-6-150x150.webp 150w, https:\/\/www.yishengpack.com\/wp-content\/uploads\/2026\/01\/Customized-Folding-Package-Shipping-Boxes-Wholesale-Bulk-Cookies-Cake-Pastry-Packaging-Boxes-6-768x768.webp 768w, https:\/\/www.yishengpack.com\/wp-content\/uploads\/2026\/01\/Customized-Folding-Package-Shipping-Boxes-Wholesale-Bulk-Cookies-Cake-Pastry-Packaging-Boxes-6-12x12.webp 12w, https:\/\/www.yishengpack.com\/wp-content\/uploads\/2026\/01\/Customized-Folding-Package-Shipping-Boxes-Wholesale-Bulk-Cookies-Cake-Pastry-Packaging-Boxes-6-1200x1200.webp 1200w, https:\/\/www.yishengpack.com\/wp-content\/uploads\/2026\/01\/Customized-Folding-Package-Shipping-Boxes-Wholesale-Bulk-Cookies-Cake-Pastry-Packaging-Boxes-6-600x600.webp 600w, https:\/\/www.yishengpack.com\/wp-content\/uploads\/2026\/01\/Customized-Folding-Package-Shipping-Boxes-Wholesale-Bulk-Cookies-Cake-Pastry-Packaging-Boxes-6-100x100.webp 100w\" sizes=\"(max-width: 2048px) 100vw, 2048px\" \/><\/figure>\n\n\n\n<div class=\"wp-block-buttons has-custom-font-size has-small-font-size is-content-justification-center is-layout-flex wp-container-core-buttons-is-layout-16018d1d wp-block-buttons-is-layout-flex\">\n<div class=\"wp-block-button has-custom-width wp-block-button__width-75\"><a class=\"wp-block-button__link has-background has-small-font-size has-custom-font-size wp-element-button\" href=\"https:\/\/www.yishengpack.com\/es\/custom-product-boxes-types\/\" style=\"background:linear-gradient(135deg,rgb(254,205,165) 0%,rgb(254,45,45) 0%,rgb(94,15,15) 0%,rgb(94,15,15) 100%)\" target=\"_blank\" rel=\"noreferrer noopener\"><strong>Explora los tipos de cajas personalizadas<\/strong><\/a><\/div>\n<\/div>\n<\/div>\n\n\n\n<div class=\"wp-block-column is-layout-flow wp-block-column-is-layout-flow\">\n<figure class=\"wp-block-image size-full\"><img decoding=\"async\" width=\"2048\" height=\"2048\" src=\"https:\/\/www.yishengpack.com\/wp-content\/uploads\/2026\/01\/Customized-Folding-Package-Shipping-Boxes-Wholesale-Bulk-Cookies-Cake-Pastry-Packaging-Boxes-5.webp\" alt=\"cajas plegables de galletas a granel-cajas de papel personalizadas para pasteler\u00eda-5\" class=\"wp-image-3424\" srcset=\"https:\/\/www.yishengpack.com\/wp-content\/uploads\/2026\/01\/Customized-Folding-Package-Shipping-Boxes-Wholesale-Bulk-Cookies-Cake-Pastry-Packaging-Boxes-5.webp 2048w, https:\/\/www.yishengpack.com\/wp-content\/uploads\/2026\/01\/Customized-Folding-Package-Shipping-Boxes-Wholesale-Bulk-Cookies-Cake-Pastry-Packaging-Boxes-5-300x300.webp 300w, https:\/\/www.yishengpack.com\/wp-content\/uploads\/2026\/01\/Customized-Folding-Package-Shipping-Boxes-Wholesale-Bulk-Cookies-Cake-Pastry-Packaging-Boxes-5-150x150.webp 150w, https:\/\/www.yishengpack.com\/wp-content\/uploads\/2026\/01\/Customized-Folding-Package-Shipping-Boxes-Wholesale-Bulk-Cookies-Cake-Pastry-Packaging-Boxes-5-768x768.webp 768w, https:\/\/www.yishengpack.com\/wp-content\/uploads\/2026\/01\/Customized-Folding-Package-Shipping-Boxes-Wholesale-Bulk-Cookies-Cake-Pastry-Packaging-Boxes-5-12x12.webp 12w, https:\/\/www.yishengpack.com\/wp-content\/uploads\/2026\/01\/Customized-Folding-Package-Shipping-Boxes-Wholesale-Bulk-Cookies-Cake-Pastry-Packaging-Boxes-5-1200x1200.webp 1200w, https:\/\/www.yishengpack.com\/wp-content\/uploads\/2026\/01\/Customized-Folding-Package-Shipping-Boxes-Wholesale-Bulk-Cookies-Cake-Pastry-Packaging-Boxes-5-600x600.webp 600w, https:\/\/www.yishengpack.com\/wp-content\/uploads\/2026\/01\/Customized-Folding-Package-Shipping-Boxes-Wholesale-Bulk-Cookies-Cake-Pastry-Packaging-Boxes-5-100x100.webp 100w\" sizes=\"(max-width: 2048px) 100vw, 2048px\" \/><\/figure>\n\n\n\n<div class=\"wp-block-buttons has-custom-font-size has-small-font-size is-content-justification-center is-layout-flex wp-container-core-buttons-is-layout-16018d1d wp-block-buttons-is-layout-flex\">\n<div class=\"wp-block-button has-custom-width wp-block-button__width-75\"><a class=\"wp-block-button__link has-background has-small-font-size has-custom-font-size wp-element-button\" href=\"https:\/\/www.yishengpack.com\/es\/custom-box-inserts-accessories\/\" style=\"background:linear-gradient(135deg,rgb(254,205,165) 0%,rgb(254,45,45) 0%,rgb(94,15,15) 0%,rgb(94,15,15) 100%)\" target=\"_blank\" rel=\"noreferrer noopener\"><strong>Explorar los insertos personalizados para cajas<\/strong><\/a><\/div>\n<\/div>\n<\/div>\n<\/div>\n\n\n\n<p><\/p>","protected":false},"excerpt":{"rendered":"<p>Bienvenido a comprar nuestras cajas plegables para galletas al por mayor, que son una soluci\u00f3n de envasado pr\u00e1ctica y rentable para panader\u00edas, marcas de reposter\u00eda y distribuidores de alimentos. Estas cajas de papel personalizadas para pasteler\u00eda cuentan con un dise\u00f1o plegable de embalaje plano, materiales de calidad alimentaria y opciones de personalizaci\u00f3n completa para el tama\u00f1o, la impresi\u00f3n y la marca. El suministro directo de f\u00e1brica garantiza precios competitivos y una calidad estable, ideal para compradores mayoristas que buscan soluciones fiables de envasado para pasteler\u00eda.<\/p>\n<h2>Aspectos destacados de las cajas plegables para galletas a granel<\/h2>\n<ul>\n<li>Personalizaci\u00f3n completa<\/li>\n<li>Funcionalidad multiuso<\/li>\n<li>Cart\u00f3n ecol\u00f3gico apto para alimentos<\/li>\n<li>Diversas manipulaciones de impresi\u00f3n<\/li>\n<li>Artesan\u00eda duradera<\/li>\n<li>Opciones de tama\u00f1o individual y familiar<\/li>\n<li>Varios colores<\/li>\n<li>Estructura r\u00edgida protectora de galletas<\/li>\n<\/ul>","protected":false},"featured_media":3420,"comment_status":"closed","ping_status":"closed","template":"","meta":{"_acf_changed":false},"box-type":[55,59],"product_brand":[],"product_cat":[46,30,32,33,71,44],"product_tag":[],"class_list":{"0":"post-3419","1":"product","2":"type-product","3":"status-publish","4":"has-post-thumbnail","6":"box-type-custom-foldable-boxes","7":"box-type-custom-mailer-boxes","8":"product_cat-wholesale-paper-boxes","9":"product_cat-cake-containers-wholesale","10":"product_cat-bakery-packaging-wholesale","11":"product_cat-food-packaging-boxes-wholesale","12":"product_cat-custom-takeout-boxes","13":"product_cat-custom-snack-box","15":"first","16":"instock","17":"shipping-taxable","18":"product-type-simple"},"acf":[],"_links":{"self":[{"href":"https:\/\/www.yishengpack.com\/es\/wp-json\/wp\/v2\/product\/3419","targetHints":{"allow":["GET"]}}],"collection":[{"href":"https:\/\/www.yishengpack.com\/es\/wp-json\/wp\/v2\/product"}],"about":[{"href":"https:\/\/www.yishengpack.com\/es\/wp-json\/wp\/v2\/types\/product"}],"replies":[{"embeddable":true,"href":"https:\/\/www.yishengpack.com\/es\/wp-json\/wp\/v2\/comments?post=3419"}],"wp:featuredmedia":[{"embeddable":true,"href":"https:\/\/www.yishengpack.com\/es\/wp-json\/wp\/v2\/media\/3420"}],"wp:attachment":[{"href":"https:\/\/www.yishengpack.com\/es\/wp-json\/wp\/v2\/media?parent=3419"}],"wp:term":[{"taxonomy":"box-type","embeddable":true,"href":"https:\/\/www.yishengpack.com\/es\/wp-json\/wp\/v2\/box-type?post=3419"},{"taxonomy":"product_brand","embeddable":true,"href":"https:\/\/www.yishengpack.com\/es\/wp-json\/wp\/v2\/product_brand?post=3419"},{"taxonomy":"product_cat","embeddable":true,"href":"https:\/\/www.yishengpack.com\/es\/wp-json\/wp\/v2\/product_cat?post=3419"},{"taxonomy":"product_tag","embeddable":true,"href":"https:\/\/www.yishengpack.com\/es\/wp-json\/wp\/v2\/product_tag?post=3419"}],"curies":[{"name":"wp","href":"https:\/\/api.w.org\/{rel}","templated":true}]}}