{"id":3385,"date":"2026-01-20T10:50:02","date_gmt":"2026-01-20T10:50:02","guid":{"rendered":"https:\/\/www.yishengpack.com\/?post_type=product&#038;p=3385"},"modified":"2026-01-20T10:50:03","modified_gmt":"2026-01-20T10:50:03","slug":"custom-printed-macaron-boxes","status":"publish","type":"product","link":"https:\/\/www.yishengpack.com\/es\/producto\/custom-printed-macaron-boxes\/","title":{"rendered":"Cajas de macaron impresas a medida, cajas de embalaje de cart\u00f3n ondulado a granel"},"content":{"rendered":"<div class=\"wp-block-columns is-layout-flex wp-container-core-columns-is-layout-9d6595d7 wp-block-columns-is-layout-flex\">\n<div class=\"wp-block-column is-layout-flow wp-block-column-is-layout-flow\">\n<h3 class=\"wp-block-heading\">Caracter\u00edsticas de las cajas para macarons impresas a medida<\/h3>\n\n\n\n<p><strong>Impresi\u00f3n de marca personalizada: <\/strong>Estas cajas de macarons impresas a medida son una gran plataforma para la impresi\u00f3n personalizada de su logotipo, colores de marca, motivos, temas festivos y mucho m\u00e1s, lo que le permite presentar su marca de forma \u00fanica y aumentar el reconocimiento de los consumidores y el valor de la marca.<\/p>\n\n\n\n<p><strong>Seguridad de los materiales de grado alimentario:<\/strong> Estas cajas para macarons impresas a medida est\u00e1n fabricadas con cart\u00f3n apto para alimentos y son seguras para el contacto directo con golosinas delicadas (como macarons o galletas), al tiempo que conservan su frescura.<\/p>\n\n\n\n<p><strong>Tama\u00f1o adaptado a las porciones:<\/strong> Estas cajas para macaron impresas a medida est\u00e1n disponibles en dimensiones optimizadas para cantidades espec\u00edficas de pasteler\u00eda (por ejemplo, de 6 a 12 macarons). Estos tama\u00f1os de caja permiten un espacio m\u00ednimo entre los art\u00edculos para evitar que se desplacen durante el transporte.<\/p>\n\n\n\n<p><strong>Colores vivos y opciones de impresi\u00f3n:<\/strong> Estas cajas para macarons impresas a medida ofrecen paletas de colores pastel, llamativos o tem\u00e1ticos, combinados con gr\u00e1ficos de alimentos de alta resoluci\u00f3n, lo que hace que las cajas sean visualmente atractivas para la venta al por menor o para regalar.<\/p>\n\n\n\n<p><strong>Dise\u00f1o de inserci\u00f3n personalizable: <\/strong>Las cajas de envasado de caramelos al por mayor pueden personalizarse con forro de papel o pl\u00e1stico, y tambi\u00e9n pueden dise\u00f1arse en compartimentos seg\u00fan el tama\u00f1o y la cantidad del postre, para evitar que se mueva, proteger el postre y ofrecerle una mejor experiencia de desembalaje.<\/p>\n\n\n\n<p><strong>Env\u00edo plano para ahorrar espacio:<\/strong> Estas cajas para envasar caramelos al por mayor se env\u00edan planas (lo que reduce los costes de almacenamiento\/transporte) y se montan r\u00e1pidamente, por lo que son ideales para operaciones de panader\u00eda o cafeter\u00eda de gran volumen.<\/p>\n<\/div>\n\n\n\n<div class=\"wp-block-column is-layout-flow wp-block-column-is-layout-flow\">\n<figure class=\"wp-block-image size-full\"><img decoding=\"async\" width=\"1871\" height=\"1871\" src=\"https:\/\/www.yishengpack.com\/wp-content\/uploads\/2026\/01\/Wholesale-Bulk-Packaging-Shipping-Boxes-Custom-Donuts-Macaron-Corrugated-Mailer-Packaging-Boxes-2.webp\" alt=\"cajas-macaron-impresas-a-la-medida-cajas-embalaje-corrugado-caja-bulk-2\" class=\"wp-image-3387\" srcset=\"https:\/\/www.yishengpack.com\/wp-content\/uploads\/2026\/01\/Wholesale-Bulk-Packaging-Shipping-Boxes-Custom-Donuts-Macaron-Corrugated-Mailer-Packaging-Boxes-2.webp 1871w, https:\/\/www.yishengpack.com\/wp-content\/uploads\/2026\/01\/Wholesale-Bulk-Packaging-Shipping-Boxes-Custom-Donuts-Macaron-Corrugated-Mailer-Packaging-Boxes-2-300x300.webp 300w, https:\/\/www.yishengpack.com\/wp-content\/uploads\/2026\/01\/Wholesale-Bulk-Packaging-Shipping-Boxes-Custom-Donuts-Macaron-Corrugated-Mailer-Packaging-Boxes-2-150x150.webp 150w, https:\/\/www.yishengpack.com\/wp-content\/uploads\/2026\/01\/Wholesale-Bulk-Packaging-Shipping-Boxes-Custom-Donuts-Macaron-Corrugated-Mailer-Packaging-Boxes-2-768x768.webp 768w, https:\/\/www.yishengpack.com\/wp-content\/uploads\/2026\/01\/Wholesale-Bulk-Packaging-Shipping-Boxes-Custom-Donuts-Macaron-Corrugated-Mailer-Packaging-Boxes-2-12x12.webp 12w, https:\/\/www.yishengpack.com\/wp-content\/uploads\/2026\/01\/Wholesale-Bulk-Packaging-Shipping-Boxes-Custom-Donuts-Macaron-Corrugated-Mailer-Packaging-Boxes-2-1200x1200.webp 1200w, https:\/\/www.yishengpack.com\/wp-content\/uploads\/2026\/01\/Wholesale-Bulk-Packaging-Shipping-Boxes-Custom-Donuts-Macaron-Corrugated-Mailer-Packaging-Boxes-2-600x600.webp 600w, https:\/\/www.yishengpack.com\/wp-content\/uploads\/2026\/01\/Wholesale-Bulk-Packaging-Shipping-Boxes-Custom-Donuts-Macaron-Corrugated-Mailer-Packaging-Boxes-2-100x100.webp 100w\" sizes=\"(max-width: 1871px) 100vw, 1871px\" \/><\/figure>\n<\/div>\n<\/div>\n\n\n\n<div class=\"wp-block-columns is-layout-flex wp-container-core-columns-is-layout-9d6595d7 wp-block-columns-is-layout-flex\">\n<div class=\"wp-block-column is-layout-flow wp-block-column-is-layout-flow\">\n<figure class=\"wp-block-image size-full\"><img decoding=\"async\" width=\"1871\" height=\"1871\" src=\"https:\/\/www.yishengpack.com\/wp-content\/uploads\/2026\/01\/Wholesale-Bulk-Packaging-Shipping-Boxes-Custom-Donuts-Macaron-Corrugated-Mailer-Packaging-Boxes-6.webp\" alt=\"mayorista-embalaje-a granel-embalaje-env\u00edo-cajas-personalizadas-donuts-macaron-corrugado-cart\u00f3n-embalaje-envase-cajas-6\" class=\"wp-image-3391\" srcset=\"https:\/\/www.yishengpack.com\/wp-content\/uploads\/2026\/01\/Wholesale-Bulk-Packaging-Shipping-Boxes-Custom-Donuts-Macaron-Corrugated-Mailer-Packaging-Boxes-6.webp 1871w, https:\/\/www.yishengpack.com\/wp-content\/uploads\/2026\/01\/Wholesale-Bulk-Packaging-Shipping-Boxes-Custom-Donuts-Macaron-Corrugated-Mailer-Packaging-Boxes-6-300x300.webp 300w, https:\/\/www.yishengpack.com\/wp-content\/uploads\/2026\/01\/Wholesale-Bulk-Packaging-Shipping-Boxes-Custom-Donuts-Macaron-Corrugated-Mailer-Packaging-Boxes-6-150x150.webp 150w, https:\/\/www.yishengpack.com\/wp-content\/uploads\/2026\/01\/Wholesale-Bulk-Packaging-Shipping-Boxes-Custom-Donuts-Macaron-Corrugated-Mailer-Packaging-Boxes-6-768x768.webp 768w, https:\/\/www.yishengpack.com\/wp-content\/uploads\/2026\/01\/Wholesale-Bulk-Packaging-Shipping-Boxes-Custom-Donuts-Macaron-Corrugated-Mailer-Packaging-Boxes-6-12x12.webp 12w, https:\/\/www.yishengpack.com\/wp-content\/uploads\/2026\/01\/Wholesale-Bulk-Packaging-Shipping-Boxes-Custom-Donuts-Macaron-Corrugated-Mailer-Packaging-Boxes-6-1200x1200.webp 1200w, https:\/\/www.yishengpack.com\/wp-content\/uploads\/2026\/01\/Wholesale-Bulk-Packaging-Shipping-Boxes-Custom-Donuts-Macaron-Corrugated-Mailer-Packaging-Boxes-6-600x600.webp 600w, https:\/\/www.yishengpack.com\/wp-content\/uploads\/2026\/01\/Wholesale-Bulk-Packaging-Shipping-Boxes-Custom-Donuts-Macaron-Corrugated-Mailer-Packaging-Boxes-6-100x100.webp 100w\" sizes=\"(max-width: 1871px) 100vw, 1871px\" \/><\/figure>\n\n\n\n<div class=\"wp-block-buttons has-custom-font-size has-small-font-size is-content-justification-center is-layout-flex wp-container-core-buttons-is-layout-16018d1d wp-block-buttons-is-layout-flex\">\n<div class=\"wp-block-button has-custom-width wp-block-button__width-75\"><a class=\"wp-block-button__link has-background has-small-font-size has-custom-font-size wp-element-button\" href=\"https:\/\/www.yishengpack.com\/es\/custom-printed-box\/\" style=\"background:linear-gradient(135deg,rgb(254,205,165) 0%,rgb(254,45,45) 0%,rgb(94,15,15) 0%,rgb(94,15,15) 100%)\" target=\"_blank\" rel=\"noreferrer noopener\"><strong>Explorar las cajas impresas personalizadas<\/strong><\/a><\/div>\n<\/div>\n<\/div>\n\n\n\n<div class=\"wp-block-column is-layout-flow wp-block-column-is-layout-flow\">\n<figure class=\"wp-block-image size-full\"><img decoding=\"async\" width=\"1871\" height=\"1871\" src=\"https:\/\/www.yishengpack.com\/wp-content\/uploads\/2026\/01\/Wholesale-Bulk-Packaging-Shipping-Boxes-Custom-Donuts-Macaron-Corrugated-Mailer-Packaging-Boxes-7.webp\" alt=\"mayorista-embalaje-a granel-embalaje-env\u00edo-cajas-personalizadas-donuts-macaron-corrugado-cart\u00f3n-embalaje-envase-cajas-7\" class=\"wp-image-3392\" srcset=\"https:\/\/www.yishengpack.com\/wp-content\/uploads\/2026\/01\/Wholesale-Bulk-Packaging-Shipping-Boxes-Custom-Donuts-Macaron-Corrugated-Mailer-Packaging-Boxes-7.webp 1871w, https:\/\/www.yishengpack.com\/wp-content\/uploads\/2026\/01\/Wholesale-Bulk-Packaging-Shipping-Boxes-Custom-Donuts-Macaron-Corrugated-Mailer-Packaging-Boxes-7-300x300.webp 300w, https:\/\/www.yishengpack.com\/wp-content\/uploads\/2026\/01\/Wholesale-Bulk-Packaging-Shipping-Boxes-Custom-Donuts-Macaron-Corrugated-Mailer-Packaging-Boxes-7-150x150.webp 150w, https:\/\/www.yishengpack.com\/wp-content\/uploads\/2026\/01\/Wholesale-Bulk-Packaging-Shipping-Boxes-Custom-Donuts-Macaron-Corrugated-Mailer-Packaging-Boxes-7-768x768.webp 768w, https:\/\/www.yishengpack.com\/wp-content\/uploads\/2026\/01\/Wholesale-Bulk-Packaging-Shipping-Boxes-Custom-Donuts-Macaron-Corrugated-Mailer-Packaging-Boxes-7-12x12.webp 12w, https:\/\/www.yishengpack.com\/wp-content\/uploads\/2026\/01\/Wholesale-Bulk-Packaging-Shipping-Boxes-Custom-Donuts-Macaron-Corrugated-Mailer-Packaging-Boxes-7-1200x1200.webp 1200w, https:\/\/www.yishengpack.com\/wp-content\/uploads\/2026\/01\/Wholesale-Bulk-Packaging-Shipping-Boxes-Custom-Donuts-Macaron-Corrugated-Mailer-Packaging-Boxes-7-600x600.webp 600w, https:\/\/www.yishengpack.com\/wp-content\/uploads\/2026\/01\/Wholesale-Bulk-Packaging-Shipping-Boxes-Custom-Donuts-Macaron-Corrugated-Mailer-Packaging-Boxes-7-100x100.webp 100w\" sizes=\"(max-width: 1871px) 100vw, 1871px\" \/><\/figure>\n\n\n\n<div class=\"wp-block-buttons has-custom-font-size has-small-font-size is-content-justification-center is-layout-flex wp-container-core-buttons-is-layout-16018d1d wp-block-buttons-is-layout-flex\">\n<div class=\"wp-block-button has-custom-width wp-block-button__width-75\"><a class=\"wp-block-button__link has-background has-small-font-size has-custom-font-size wp-element-button\" href=\"https:\/\/www.yishengpack.com\/es\/custom-product-boxes-types\/\" style=\"background:linear-gradient(135deg,rgb(254,205,165) 0%,rgb(254,45,45) 0%,rgb(94,15,15) 0%,rgb(94,15,15) 100%)\" target=\"_blank\" rel=\"noreferrer noopener\"><strong>Explorar el tipo de buz\u00f3n personalizado<\/strong><\/a><\/div>\n<\/div>\n<\/div>\n<\/div>","protected":false},"excerpt":{"rendered":"<p>Le damos la bienvenida a la compra de nuestras cajas para macarons impresas a medida, con un dise\u00f1o plegable que ahorra costes de almacenamiento y env\u00edo, mientras que los materiales ecol\u00f3gicos y la construcci\u00f3n resistente garantizan una entrega segura y una presentaci\u00f3n de primera calidad. Estas cajas de papel para pasteler\u00eda son ideales para envasar delicias delicadas como macarons, mochi o peque\u00f1as tartas. Servicios OEM\/ODM disponibles para pedidos al por mayor, que ayudan a las marcas a mejorar sus envases y elevar la experiencia del cliente.<\/p>\n<h2>Aspectos destacados de las cajas para macarons impresas a medida<\/h2>\n<ul>\n<li>Personalizaci\u00f3n<\/li>\n<li>Dise\u00f1o plegable<\/li>\n<li>Materiales aptos para uso alimentario<\/li>\n<li>Artesan\u00eda duradera<\/li>\n<li>Diversas manipulaciones de impresi\u00f3n<\/li>\n<li>M\u00faltiples opciones de tama\u00f1o de caja<\/li>\n<li>Personalizaci\u00f3n de colores para pedidos a granel<\/li>\n<li>Estructura robusta para mercanc\u00edas delicadas<\/li>\n<\/ul>\n<p>&nbsp;<\/p>","protected":false},"featured_media":3386,"comment_status":"closed","ping_status":"closed","template":"","meta":{"_acf_changed":false},"box-type":[55,59,48],"product_brand":[],"product_cat":[30,19,41,46,32,33,44],"product_tag":[],"class_list":{"0":"post-3385","1":"product","2":"type-product","3":"status-publish","4":"has-post-thumbnail","6":"box-type-custom-foldable-boxes","7":"box-type-custom-mailer-boxes","8":"box-type-custom-tuck-top-boxes","9":"product_cat-cake-containers-wholesale","10":"product_cat-luxury-gift-boxes-wholesale","11":"product_cat-candy-gift-boxes-wholesale","12":"product_cat-wholesale-paper-boxes","13":"product_cat-bakery-packaging-wholesale","14":"product_cat-food-packaging-boxes-wholesale","15":"product_cat-custom-snack-box","17":"first","18":"instock","19":"shipping-taxable","20":"product-type-simple"},"acf":[],"_links":{"self":[{"href":"https:\/\/www.yishengpack.com\/es\/wp-json\/wp\/v2\/product\/3385","targetHints":{"allow":["GET"]}}],"collection":[{"href":"https:\/\/www.yishengpack.com\/es\/wp-json\/wp\/v2\/product"}],"about":[{"href":"https:\/\/www.yishengpack.com\/es\/wp-json\/wp\/v2\/types\/product"}],"replies":[{"embeddable":true,"href":"https:\/\/www.yishengpack.com\/es\/wp-json\/wp\/v2\/comments?post=3385"}],"wp:featuredmedia":[{"embeddable":true,"href":"https:\/\/www.yishengpack.com\/es\/wp-json\/wp\/v2\/media\/3386"}],"wp:attachment":[{"href":"https:\/\/www.yishengpack.com\/es\/wp-json\/wp\/v2\/media?parent=3385"}],"wp:term":[{"taxonomy":"box-type","embeddable":true,"href":"https:\/\/www.yishengpack.com\/es\/wp-json\/wp\/v2\/box-type?post=3385"},{"taxonomy":"product_brand","embeddable":true,"href":"https:\/\/www.yishengpack.com\/es\/wp-json\/wp\/v2\/product_brand?post=3385"},{"taxonomy":"product_cat","embeddable":true,"href":"https:\/\/www.yishengpack.com\/es\/wp-json\/wp\/v2\/product_cat?post=3385"},{"taxonomy":"product_tag","embeddable":true,"href":"https:\/\/www.yishengpack.com\/es\/wp-json\/wp\/v2\/product_tag?post=3385"}],"curies":[{"name":"wp","href":"https:\/\/api.w.org\/{rel}","templated":true}]}}