{"id":3377,"date":"2026-01-20T10:27:26","date_gmt":"2026-01-20T10:27:26","guid":{"rendered":"https:\/\/www.yishengpack.com\/?post_type=product&#038;p=3377"},"modified":"2026-01-20T10:27:27","modified_gmt":"2026-01-20T10:27:27","slug":"dessert-boxes-wholesale","status":"publish","type":"product","link":"https:\/\/www.yishengpack.com\/es\/producto\/dessert-boxes-wholesale\/","title":{"rendered":"Cajas de Postre Premium al por mayor, Cajas de Donut impresas personalizadas"},"content":{"rendered":"<div class=\"wp-block-columns is-layout-flex wp-container-core-columns-is-layout-9d6595d7 wp-block-columns-is-layout-flex\">\n<div class=\"wp-block-column is-layout-flow wp-block-column-is-layout-flow\">\n<h3 class=\"wp-block-heading\">Caracter\u00edsticas de las cajas de postres al por mayor<\/h3>\n\n\n\n<p><strong>Personalizaci\u00f3n de impresi\u00f3n a juego con el producto: <\/strong>Estas cajas de postres admiten al por mayor gr\u00e1ficos tem\u00e1ticos de los art\u00edculos (por ejemplo, pasteles, postres) en el interior\/exterior, creando una experiencia visual cohesiva que resalta los alimentos envasados.<\/p>\n\n\n\n<p><strong>Construcci\u00f3n de papel apto para alimentos: <\/strong>Estas cajas para postres al por mayor est\u00e1n fabricadas con cart\u00f3n apto para uso alimentario y son seguras para el contacto directo con productos horneados, ya que conservan la frescura y cumplen las normas de seguridad en el envasado de alimentos.<\/p>\n\n\n\n<p><strong>Capacidad adaptada al tama\u00f1o:<\/strong> Estas cajas para postres al por mayor est\u00e1n disponibles en varias dimensiones (para 1-4+ porciones), las cajas se adaptan a alimentos espec\u00edficos (tartas, donuts, croissants) para minimizar el exceso de espacio y proteger el contenido durante el transporte.<\/p>\n\n\n\n<p><strong>Atractivas opciones de color y acabado:<\/strong> Las cajas de donuts impresas personalizadas ofrecen combinaciones de colores alegres o elegantes (tonos pastel, toques met\u00e1licos) combinadas con acabados mate\/impresos, lo que hace que las cajas sean visualmente atractivas para la venta al por menor o para llevar.<\/p>\n\n\n\n<p><strong>Dise\u00f1o plegable de f\u00e1cil montaje:<\/strong> Las cajas de donuts impresas personalizadas se env\u00edan planas (lo que ahorra costes de almacenamiento\/env\u00edo) y se pueden plegar r\u00e1pidamente para darles forma, lo que resulta ideal para servicios alimentarios o panader\u00edas con mucho trabajo.<\/p>\n\n\n\n<p><strong>Adecuada para la producci\u00f3n de grandes pedidos:<\/strong> Suministro directo de f\u00e1brica de estas cajas de postre al por mayor, capacidad de producci\u00f3n estable, plazo de entrega controlable y soporte para la venta al por mayor de grandes vol\u00famenes y la personalizaci\u00f3n, lo que reduce los costes por caja.<\/p>\n\n\n\n<p>Adecuado para clientes de marcas, distribuidores e importadores.<\/p>\n<\/div>\n\n\n\n<div class=\"wp-block-column is-layout-flow wp-block-column-is-layout-flow\">\n<figure class=\"wp-block-image size-full\"><img decoding=\"async\" width=\"2048\" height=\"2048\" src=\"https:\/\/www.yishengpack.com\/wp-content\/uploads\/2026\/01\/Bulk-Food-Grade-Food-Package-Box-with-Custom-Logo-Premium-Dessert-Cake-Cupcake-Box-Wholesale-2.webp\" alt=\"cajas de postres premium al por mayor cajas de donuts con impresi\u00f3n personalizada-2\" class=\"wp-image-3379\" srcset=\"https:\/\/www.yishengpack.com\/wp-content\/uploads\/2026\/01\/Bulk-Food-Grade-Food-Package-Box-with-Custom-Logo-Premium-Dessert-Cake-Cupcake-Box-Wholesale-2.webp 2048w, https:\/\/www.yishengpack.com\/wp-content\/uploads\/2026\/01\/Bulk-Food-Grade-Food-Package-Box-with-Custom-Logo-Premium-Dessert-Cake-Cupcake-Box-Wholesale-2-300x300.webp 300w, https:\/\/www.yishengpack.com\/wp-content\/uploads\/2026\/01\/Bulk-Food-Grade-Food-Package-Box-with-Custom-Logo-Premium-Dessert-Cake-Cupcake-Box-Wholesale-2-150x150.webp 150w, https:\/\/www.yishengpack.com\/wp-content\/uploads\/2026\/01\/Bulk-Food-Grade-Food-Package-Box-with-Custom-Logo-Premium-Dessert-Cake-Cupcake-Box-Wholesale-2-768x768.webp 768w, https:\/\/www.yishengpack.com\/wp-content\/uploads\/2026\/01\/Bulk-Food-Grade-Food-Package-Box-with-Custom-Logo-Premium-Dessert-Cake-Cupcake-Box-Wholesale-2-12x12.webp 12w, https:\/\/www.yishengpack.com\/wp-content\/uploads\/2026\/01\/Bulk-Food-Grade-Food-Package-Box-with-Custom-Logo-Premium-Dessert-Cake-Cupcake-Box-Wholesale-2-1200x1200.webp 1200w, https:\/\/www.yishengpack.com\/wp-content\/uploads\/2026\/01\/Bulk-Food-Grade-Food-Package-Box-with-Custom-Logo-Premium-Dessert-Cake-Cupcake-Box-Wholesale-2-600x600.webp 600w, https:\/\/www.yishengpack.com\/wp-content\/uploads\/2026\/01\/Bulk-Food-Grade-Food-Package-Box-with-Custom-Logo-Premium-Dessert-Cake-Cupcake-Box-Wholesale-2-100x100.webp 100w\" sizes=\"(max-width: 2048px) 100vw, 2048px\" \/><\/figure>\n<\/div>\n<\/div>\n\n\n\n<div class=\"wp-block-columns is-layout-flex wp-container-core-columns-is-layout-9d6595d7 wp-block-columns-is-layout-flex\">\n<div class=\"wp-block-column is-layout-flow wp-block-column-is-layout-flow\">\n<figure class=\"wp-block-image size-full\"><img decoding=\"async\" width=\"2048\" height=\"2048\" src=\"https:\/\/www.yishengpack.com\/wp-content\/uploads\/2026\/01\/Bulk-Food-Grade-Food-Package-Box-with-Custom-Logo-Premium-Dessert-Cake-Cupcake-Box-Wholesale-4.webp\" alt=\"caja con logo personalizado para postres y tartas al por mayor-4\" class=\"wp-image-3381\" srcset=\"https:\/\/www.yishengpack.com\/wp-content\/uploads\/2026\/01\/Bulk-Food-Grade-Food-Package-Box-with-Custom-Logo-Premium-Dessert-Cake-Cupcake-Box-Wholesale-4.webp 2048w, https:\/\/www.yishengpack.com\/wp-content\/uploads\/2026\/01\/Bulk-Food-Grade-Food-Package-Box-with-Custom-Logo-Premium-Dessert-Cake-Cupcake-Box-Wholesale-4-300x300.webp 300w, https:\/\/www.yishengpack.com\/wp-content\/uploads\/2026\/01\/Bulk-Food-Grade-Food-Package-Box-with-Custom-Logo-Premium-Dessert-Cake-Cupcake-Box-Wholesale-4-150x150.webp 150w, https:\/\/www.yishengpack.com\/wp-content\/uploads\/2026\/01\/Bulk-Food-Grade-Food-Package-Box-with-Custom-Logo-Premium-Dessert-Cake-Cupcake-Box-Wholesale-4-768x768.webp 768w, https:\/\/www.yishengpack.com\/wp-content\/uploads\/2026\/01\/Bulk-Food-Grade-Food-Package-Box-with-Custom-Logo-Premium-Dessert-Cake-Cupcake-Box-Wholesale-4-12x12.webp 12w, https:\/\/www.yishengpack.com\/wp-content\/uploads\/2026\/01\/Bulk-Food-Grade-Food-Package-Box-with-Custom-Logo-Premium-Dessert-Cake-Cupcake-Box-Wholesale-4-1200x1200.webp 1200w, https:\/\/www.yishengpack.com\/wp-content\/uploads\/2026\/01\/Bulk-Food-Grade-Food-Package-Box-with-Custom-Logo-Premium-Dessert-Cake-Cupcake-Box-Wholesale-4-600x600.webp 600w, https:\/\/www.yishengpack.com\/wp-content\/uploads\/2026\/01\/Bulk-Food-Grade-Food-Package-Box-with-Custom-Logo-Premium-Dessert-Cake-Cupcake-Box-Wholesale-4-100x100.webp 100w\" sizes=\"(max-width: 2048px) 100vw, 2048px\" \/><\/figure>\n\n\n\n<div class=\"wp-block-buttons has-custom-font-size has-small-font-size is-content-justification-center is-layout-flex wp-container-core-buttons-is-layout-16018d1d wp-block-buttons-is-layout-flex\">\n<div class=\"wp-block-button has-custom-width wp-block-button__width-75\"><a class=\"wp-block-button__link has-background has-small-font-size has-custom-font-size wp-element-button\" href=\"https:\/\/www.yishengpack.com\/es\/custom-printed-box\/\" style=\"background:linear-gradient(135deg,rgb(254,205,165) 0%,rgb(254,45,45) 0%,rgb(94,15,15) 0%,rgb(94,15,15) 100%)\" target=\"_blank\" rel=\"noreferrer noopener\"><strong>Explorar las cajas impresas personalizadas<\/strong><\/a><\/div>\n<\/div>\n<\/div>\n\n\n\n<div class=\"wp-block-column is-layout-flow wp-block-column-is-layout-flow\">\n<figure class=\"wp-block-image size-full\"><img decoding=\"async\" width=\"2048\" height=\"2048\" src=\"https:\/\/www.yishengpack.com\/wp-content\/uploads\/2026\/01\/Bulk-Food-Grade-Food-Package-Box-with-Custom-Logo-Premium-Dessert-Cake-Cupcake-Box-Wholesale-5.webp\" alt=\"caja con logo personalizado-premium-postre-pastel-cupcake-caja-mayorista-5\" class=\"wp-image-3382\" srcset=\"https:\/\/www.yishengpack.com\/wp-content\/uploads\/2026\/01\/Bulk-Food-Grade-Food-Package-Box-with-Custom-Logo-Premium-Dessert-Cake-Cupcake-Box-Wholesale-5.webp 2048w, https:\/\/www.yishengpack.com\/wp-content\/uploads\/2026\/01\/Bulk-Food-Grade-Food-Package-Box-with-Custom-Logo-Premium-Dessert-Cake-Cupcake-Box-Wholesale-5-300x300.webp 300w, https:\/\/www.yishengpack.com\/wp-content\/uploads\/2026\/01\/Bulk-Food-Grade-Food-Package-Box-with-Custom-Logo-Premium-Dessert-Cake-Cupcake-Box-Wholesale-5-150x150.webp 150w, https:\/\/www.yishengpack.com\/wp-content\/uploads\/2026\/01\/Bulk-Food-Grade-Food-Package-Box-with-Custom-Logo-Premium-Dessert-Cake-Cupcake-Box-Wholesale-5-768x768.webp 768w, https:\/\/www.yishengpack.com\/wp-content\/uploads\/2026\/01\/Bulk-Food-Grade-Food-Package-Box-with-Custom-Logo-Premium-Dessert-Cake-Cupcake-Box-Wholesale-5-12x12.webp 12w, https:\/\/www.yishengpack.com\/wp-content\/uploads\/2026\/01\/Bulk-Food-Grade-Food-Package-Box-with-Custom-Logo-Premium-Dessert-Cake-Cupcake-Box-Wholesale-5-1200x1200.webp 1200w, https:\/\/www.yishengpack.com\/wp-content\/uploads\/2026\/01\/Bulk-Food-Grade-Food-Package-Box-with-Custom-Logo-Premium-Dessert-Cake-Cupcake-Box-Wholesale-5-600x600.webp 600w, https:\/\/www.yishengpack.com\/wp-content\/uploads\/2026\/01\/Bulk-Food-Grade-Food-Package-Box-with-Custom-Logo-Premium-Dessert-Cake-Cupcake-Box-Wholesale-5-100x100.webp 100w\" sizes=\"(max-width: 2048px) 100vw, 2048px\" \/><\/figure>\n\n\n\n<div class=\"wp-block-buttons has-custom-font-size has-small-font-size is-content-justification-center is-layout-flex wp-container-core-buttons-is-layout-16018d1d wp-block-buttons-is-layout-flex\">\n<div class=\"wp-block-button has-custom-width wp-block-button__width-75\"><a class=\"wp-block-button__link has-background has-small-font-size has-custom-font-size wp-element-button\" href=\"https:\/\/www.yishengpack.com\/es\/custom-product-boxes-types\/\" style=\"background:linear-gradient(135deg,rgb(254,205,165) 0%,rgb(254,45,45) 0%,rgb(94,15,15) 0%,rgb(94,15,15) 100%)\" target=\"_blank\" rel=\"noreferrer noopener\"><strong>Explorar el tipo de buz\u00f3n personalizado<\/strong><\/a><\/div>\n<\/div>\n<\/div>\n<\/div>\n\n\n\n<p><\/p>","protected":false},"excerpt":{"rendered":"<p>Bienvenido a comprar nuestras cajas de postre al por mayor con un dise\u00f1o plegable, patrones tem\u00e1ticos, y cart\u00f3n de alta calidad alimentaria, dise\u00f1ado para panader\u00edas, marcas de postres, y los compradores al por mayor. Desde tama\u00f1os, colores y estampados decorativos hasta logotipos e interiores a medida, es totalmente personalizable para adaptarse a su marca y suministro rentable al por mayor directamente del fabricante Yisheng.<\/p>\n<h2>Aspectos destacados de las cajas de postres al por mayor<\/h2>\n<ul>\n<li>Personalizaci\u00f3n Premium<\/li>\n<li>Materiales ecol\u00f3gicos<\/li>\n<li>Construcci\u00f3n de papel apto para alimentos<\/li>\n<li>Artesan\u00eda meticulosa<\/li>\n<li>Varios tama\u00f1os de caja<\/li>\n<li>Gran variedad de colores<\/li>\n<li>Construcci\u00f3n ligera y port\u00e1til<\/li>\n<li>Expositor de reposter\u00eda pr\u00e1ctico y protector<\/li>\n<\/ul>\n<p>&nbsp;<\/p>\n<p>&nbsp;<\/p>","protected":false},"featured_media":3378,"comment_status":"closed","ping_status":"closed","template":"","meta":{"_acf_changed":false},"box-type":[55,59,48],"product_brand":[],"product_cat":[46,19,41,30,32,33,44],"product_tag":[],"class_list":{"0":"post-3377","1":"product","2":"type-product","3":"status-publish","4":"has-post-thumbnail","6":"box-type-custom-foldable-boxes","7":"box-type-custom-mailer-boxes","8":"box-type-custom-tuck-top-boxes","9":"product_cat-wholesale-paper-boxes","10":"product_cat-luxury-gift-boxes-wholesale","11":"product_cat-candy-gift-boxes-wholesale","12":"product_cat-cake-containers-wholesale","13":"product_cat-bakery-packaging-wholesale","14":"product_cat-food-packaging-boxes-wholesale","15":"product_cat-custom-snack-box","17":"first","18":"instock","19":"shipping-taxable","20":"product-type-simple"},"acf":[],"_links":{"self":[{"href":"https:\/\/www.yishengpack.com\/es\/wp-json\/wp\/v2\/product\/3377","targetHints":{"allow":["GET"]}}],"collection":[{"href":"https:\/\/www.yishengpack.com\/es\/wp-json\/wp\/v2\/product"}],"about":[{"href":"https:\/\/www.yishengpack.com\/es\/wp-json\/wp\/v2\/types\/product"}],"replies":[{"embeddable":true,"href":"https:\/\/www.yishengpack.com\/es\/wp-json\/wp\/v2\/comments?post=3377"}],"wp:featuredmedia":[{"embeddable":true,"href":"https:\/\/www.yishengpack.com\/es\/wp-json\/wp\/v2\/media\/3378"}],"wp:attachment":[{"href":"https:\/\/www.yishengpack.com\/es\/wp-json\/wp\/v2\/media?parent=3377"}],"wp:term":[{"taxonomy":"box-type","embeddable":true,"href":"https:\/\/www.yishengpack.com\/es\/wp-json\/wp\/v2\/box-type?post=3377"},{"taxonomy":"product_brand","embeddable":true,"href":"https:\/\/www.yishengpack.com\/es\/wp-json\/wp\/v2\/product_brand?post=3377"},{"taxonomy":"product_cat","embeddable":true,"href":"https:\/\/www.yishengpack.com\/es\/wp-json\/wp\/v2\/product_cat?post=3377"},{"taxonomy":"product_tag","embeddable":true,"href":"https:\/\/www.yishengpack.com\/es\/wp-json\/wp\/v2\/product_tag?post=3377"}],"curies":[{"name":"wp","href":"https:\/\/api.w.org\/{rel}","templated":true}]}}