{"id":3343,"date":"2026-01-13T09:10:55","date_gmt":"2026-01-13T09:10:55","guid":{"rendered":"https:\/\/www.yishengpack.com\/?post_type=product&#038;p=3343"},"modified":"2026-01-13T09:11:45","modified_gmt":"2026-01-13T09:11:45","slug":"wholesale-shipping-boxes-with-logo","status":"publish","type":"product","link":"https:\/\/www.yishengpack.com\/es\/producto\/wholesale-shipping-boxes-with-logo\/","title":{"rendered":"Mayorista Cajas de Envio con Logo, Cajas Postales Personalizadas"},"content":{"rendered":"<div class=\"wp-block-columns is-layout-flex wp-container-core-columns-is-layout-9d6595d7 wp-block-columns-is-layout-flex\">\n<div class=\"wp-block-column is-layout-flow wp-block-column-is-layout-flow\">\n<h3 class=\"wp-block-heading\">Caracter\u00edsticas de las cajas de env\u00edo al por mayor con logotipo<\/h3>\n\n\n\n<p><strong>Superficies de marca totalmente personalizables:<\/strong> Estas cajas de env\u00edo al por mayor con logotipo admiten la personalizaci\u00f3n completa tanto del interior como del exterior, lo que permite a las marcas adaptar el embalaje a su identidad visual \u00fanica para causar una impresi\u00f3n distinta al desembalar.<\/p>\n\n\n\n<p><strong>Tama\u00f1o polivalente Adaptabilidad: <\/strong>Estas cajas de env\u00edo al por mayor con logotipo dise\u00f1adas en dimensiones variadas, las cajas acomodar diversos art\u00edculos (de ropa y calzado productos<br>a accesorios, peque\u00f1os art\u00edculos): una soluci\u00f3n vers\u00e1til para las necesidades de env\u00edo de minoristas, regalos o comercio electr\u00f3nico.<\/p>\n\n\n\n<p><strong>Durabilidad estructural reforzada:<\/strong> Estas cajas de env\u00edo al por mayor con logotipo est\u00e1n fabricadas con cart\u00f3n resistente y solapas reforzadas; las cajas mantienen la forma durante el transporte, protegiendo el contenido de abolladuras, ara\u00f1azos o peque\u00f1os impactos.<\/p>\n\n\n\n<p><strong>Producci\u00f3n a granel y venta al por mayor: <\/strong>Estas cajas postales personalizadas pueden fabricarse a granel; el precio ser\u00e1 m\u00e1s bajo a medida que aumenten las cantidades, y son ideales para la cooperaci\u00f3n a largo plazo con marcas de ropa, vendedores de comercio electr\u00f3nico, mayoristas y cadenas de minoristas.<\/p>\n\n\n\n<p><strong>Embalaje cohesivo Opciones de paquete:<\/strong> Estas cajas personalizadas vienen con bolsas de papel para regalo a juego; empareje las cajas para formar soluciones de embalaje sofisticadas y uniformes para regalar o presentar en tiendas de gama alta.<\/p>\n\n\n\n<p><strong>Construcci\u00f3n de papel respetuosa con el medio ambiente: <\/strong>Estas cajas de correo personalizadas, fabricadas con cart\u00f3n reciclable, se ajustan a las pr\u00e1cticas de embalaje sostenible, reduciendo el impacto medioambiental al tiempo que mantienen un rendimiento de protecci\u00f3n fiable.<\/p>\n<\/div>\n\n\n\n<div class=\"wp-block-column is-layout-flow wp-block-column-is-layout-flow\">\n<figure class=\"wp-block-image size-full\"><img decoding=\"async\" width=\"1708\" height=\"1708\" src=\"https:\/\/www.yishengpack.com\/wp-content\/uploads\/2026\/01\/Wholesale-Packaging-Shipping-Mailer-Boxes-Custom-Logo-Rigid-Clothes-Shoes-Package-Boxes-2.webp\" alt=\"mayorista-embarque-cajas-con-logotipo-cartas-personalizadas-2\" class=\"wp-image-3345\" srcset=\"https:\/\/www.yishengpack.com\/wp-content\/uploads\/2026\/01\/Wholesale-Packaging-Shipping-Mailer-Boxes-Custom-Logo-Rigid-Clothes-Shoes-Package-Boxes-2.webp 1708w, https:\/\/www.yishengpack.com\/wp-content\/uploads\/2026\/01\/Wholesale-Packaging-Shipping-Mailer-Boxes-Custom-Logo-Rigid-Clothes-Shoes-Package-Boxes-2-300x300.webp 300w, https:\/\/www.yishengpack.com\/wp-content\/uploads\/2026\/01\/Wholesale-Packaging-Shipping-Mailer-Boxes-Custom-Logo-Rigid-Clothes-Shoes-Package-Boxes-2-150x150.webp 150w, https:\/\/www.yishengpack.com\/wp-content\/uploads\/2026\/01\/Wholesale-Packaging-Shipping-Mailer-Boxes-Custom-Logo-Rigid-Clothes-Shoes-Package-Boxes-2-768x768.webp 768w, https:\/\/www.yishengpack.com\/wp-content\/uploads\/2026\/01\/Wholesale-Packaging-Shipping-Mailer-Boxes-Custom-Logo-Rigid-Clothes-Shoes-Package-Boxes-2-12x12.webp 12w, https:\/\/www.yishengpack.com\/wp-content\/uploads\/2026\/01\/Wholesale-Packaging-Shipping-Mailer-Boxes-Custom-Logo-Rigid-Clothes-Shoes-Package-Boxes-2-1200x1200.webp 1200w, https:\/\/www.yishengpack.com\/wp-content\/uploads\/2026\/01\/Wholesale-Packaging-Shipping-Mailer-Boxes-Custom-Logo-Rigid-Clothes-Shoes-Package-Boxes-2-600x600.webp 600w, https:\/\/www.yishengpack.com\/wp-content\/uploads\/2026\/01\/Wholesale-Packaging-Shipping-Mailer-Boxes-Custom-Logo-Rigid-Clothes-Shoes-Package-Boxes-2-100x100.webp 100w\" sizes=\"(max-width: 1708px) 100vw, 1708px\" \/><\/figure>\n<\/div>\n<\/div>\n\n\n\n<div class=\"wp-block-columns is-layout-flex wp-container-core-columns-is-layout-9d6595d7 wp-block-columns-is-layout-flex\">\n<div class=\"wp-block-column is-layout-flow wp-block-column-is-layout-flow\">\n<figure class=\"wp-block-image size-full\"><img decoding=\"async\" width=\"1871\" height=\"1871\" src=\"https:\/\/www.yishengpack.com\/wp-content\/uploads\/2026\/01\/Wholesale-Packaging-Shipping-Mailer-Boxes-Custom-Logo-Rigid-Clothes-Shoes-Package-Boxes-7.webp\" alt=\"mayorista-empaquetado-env\u00edo-cajas-empaquetado-custom-logo-rigido-calzado-cajas-empaquetado-7\" class=\"wp-image-3350\" srcset=\"https:\/\/www.yishengpack.com\/wp-content\/uploads\/2026\/01\/Wholesale-Packaging-Shipping-Mailer-Boxes-Custom-Logo-Rigid-Clothes-Shoes-Package-Boxes-7.webp 1871w, https:\/\/www.yishengpack.com\/wp-content\/uploads\/2026\/01\/Wholesale-Packaging-Shipping-Mailer-Boxes-Custom-Logo-Rigid-Clothes-Shoes-Package-Boxes-7-300x300.webp 300w, https:\/\/www.yishengpack.com\/wp-content\/uploads\/2026\/01\/Wholesale-Packaging-Shipping-Mailer-Boxes-Custom-Logo-Rigid-Clothes-Shoes-Package-Boxes-7-150x150.webp 150w, https:\/\/www.yishengpack.com\/wp-content\/uploads\/2026\/01\/Wholesale-Packaging-Shipping-Mailer-Boxes-Custom-Logo-Rigid-Clothes-Shoes-Package-Boxes-7-768x768.webp 768w, https:\/\/www.yishengpack.com\/wp-content\/uploads\/2026\/01\/Wholesale-Packaging-Shipping-Mailer-Boxes-Custom-Logo-Rigid-Clothes-Shoes-Package-Boxes-7-12x12.webp 12w, https:\/\/www.yishengpack.com\/wp-content\/uploads\/2026\/01\/Wholesale-Packaging-Shipping-Mailer-Boxes-Custom-Logo-Rigid-Clothes-Shoes-Package-Boxes-7-1200x1200.webp 1200w, https:\/\/www.yishengpack.com\/wp-content\/uploads\/2026\/01\/Wholesale-Packaging-Shipping-Mailer-Boxes-Custom-Logo-Rigid-Clothes-Shoes-Package-Boxes-7-600x600.webp 600w, https:\/\/www.yishengpack.com\/wp-content\/uploads\/2026\/01\/Wholesale-Packaging-Shipping-Mailer-Boxes-Custom-Logo-Rigid-Clothes-Shoes-Package-Boxes-7-100x100.webp 100w\" sizes=\"(max-width: 1871px) 100vw, 1871px\" \/><\/figure>\n\n\n\n<div class=\"wp-block-buttons has-custom-font-size has-small-font-size is-content-justification-center is-layout-flex wp-container-core-buttons-is-layout-16018d1d wp-block-buttons-is-layout-flex\">\n<div class=\"wp-block-button has-custom-width wp-block-button__width-75\"><a class=\"wp-block-button__link has-background has-small-font-size has-custom-font-size wp-element-button\" href=\"https:\/\/www.yishengpack.com\/es\/custom-printed-box\/\" style=\"background:linear-gradient(135deg,rgb(254,205,165) 0%,rgb(254,45,45) 0%,rgb(94,15,15) 0%,rgb(94,15,15) 100%)\" target=\"_blank\" rel=\"noreferrer noopener\"><strong>Explorar las cajas impresas personalizadas<\/strong><\/a><\/div>\n<\/div>\n<\/div>\n\n\n\n<div class=\"wp-block-column is-layout-flow wp-block-column-is-layout-flow\">\n<figure class=\"wp-block-image size-full\"><img decoding=\"async\" width=\"2048\" height=\"2048\" src=\"https:\/\/www.yishengpack.com\/wp-content\/uploads\/2026\/01\/Wholesale-Packaging-Shipping-Mailer-Boxes-Custom-Logo-Rigid-Clothes-Shoes-Package-Boxes-6.webp\" alt=\"mayorista-embalaje-env\u00edo-cajas-empaquetado-custom-logo-rigido-calzado-cajas-empaquetado-6\" class=\"wp-image-3349\" srcset=\"https:\/\/www.yishengpack.com\/wp-content\/uploads\/2026\/01\/Wholesale-Packaging-Shipping-Mailer-Boxes-Custom-Logo-Rigid-Clothes-Shoes-Package-Boxes-6.webp 2048w, https:\/\/www.yishengpack.com\/wp-content\/uploads\/2026\/01\/Wholesale-Packaging-Shipping-Mailer-Boxes-Custom-Logo-Rigid-Clothes-Shoes-Package-Boxes-6-300x300.webp 300w, https:\/\/www.yishengpack.com\/wp-content\/uploads\/2026\/01\/Wholesale-Packaging-Shipping-Mailer-Boxes-Custom-Logo-Rigid-Clothes-Shoes-Package-Boxes-6-150x150.webp 150w, https:\/\/www.yishengpack.com\/wp-content\/uploads\/2026\/01\/Wholesale-Packaging-Shipping-Mailer-Boxes-Custom-Logo-Rigid-Clothes-Shoes-Package-Boxes-6-768x768.webp 768w, https:\/\/www.yishengpack.com\/wp-content\/uploads\/2026\/01\/Wholesale-Packaging-Shipping-Mailer-Boxes-Custom-Logo-Rigid-Clothes-Shoes-Package-Boxes-6-12x12.webp 12w, https:\/\/www.yishengpack.com\/wp-content\/uploads\/2026\/01\/Wholesale-Packaging-Shipping-Mailer-Boxes-Custom-Logo-Rigid-Clothes-Shoes-Package-Boxes-6-1200x1200.webp 1200w, https:\/\/www.yishengpack.com\/wp-content\/uploads\/2026\/01\/Wholesale-Packaging-Shipping-Mailer-Boxes-Custom-Logo-Rigid-Clothes-Shoes-Package-Boxes-6-600x600.webp 600w, https:\/\/www.yishengpack.com\/wp-content\/uploads\/2026\/01\/Wholesale-Packaging-Shipping-Mailer-Boxes-Custom-Logo-Rigid-Clothes-Shoes-Package-Boxes-6-100x100.webp 100w\" sizes=\"(max-width: 2048px) 100vw, 2048px\" \/><\/figure>\n\n\n\n<div class=\"wp-block-buttons has-custom-font-size has-small-font-size is-content-justification-center is-layout-flex wp-container-core-buttons-is-layout-16018d1d wp-block-buttons-is-layout-flex\">\n<div class=\"wp-block-button has-custom-width wp-block-button__width-75\"><a class=\"wp-block-button__link has-background has-small-font-size has-custom-font-size wp-element-button\" href=\"https:\/\/www.yishengpack.com\/es\/custom-product-boxes-types\/\" style=\"background:linear-gradient(135deg,rgb(254,205,165) 0%,rgb(254,45,45) 0%,rgb(94,15,15) 0%,rgb(94,15,15) 100%)\" target=\"_blank\" rel=\"noreferrer noopener\"><strong>Explora los tipos de cajas personalizadas<\/strong><\/a><\/div>\n<\/div>\n<\/div>\n<\/div>","protected":false},"excerpt":{"rendered":"<p>Bienvenido a comprar nuestras cajas de env\u00edo al por mayor con logotipo, que ofrecen una protecci\u00f3n duradera, estilos de caja flexibles e impresi\u00f3n totalmente personalizada para pedidos al por mayor. Ideales para env\u00edos de comercio electr\u00f3nico, embalaje minorista y promoci\u00f3n de marca, ayudan a las empresas a reducir los costes log\u00edsticos al tiempo que mejoran el valor de la marca.<\/p>\n<h2>Aspectos destacados de las cajas de env\u00edo al por mayor con logotipo<\/h2>\n<ul>\n<li>Soporte de personalizaci\u00f3n masiva<\/li>\n<li>Materiales ecorreciclables<\/li>\n<li>Diversas manipulaciones de impresi\u00f3n<\/li>\n<li>Artesan\u00eda exquisita<\/li>\n<li>Compatibilidad con m\u00faltiples tama\u00f1os<\/li>\n<li>Varias opciones de color<\/li>\n<li>Almacenamiento apilable<\/li>\n<li>F\u00e1cil transporte<\/li>\n<\/ul>","protected":false},"featured_media":3344,"comment_status":"closed","ping_status":"closed","template":"","meta":{"_acf_changed":false},"box-type":[59,57],"product_brand":[],"product_cat":[46,69,67],"product_tag":[],"class_list":{"0":"post-3343","1":"product","2":"type-product","3":"status-publish","4":"has-post-thumbnail","6":"box-type-custom-mailer-boxes","7":"box-type-custom-rigid-box-with-lid","8":"product_cat-wholesale-paper-boxes","9":"product_cat-custom-retail-boxes","10":"product_cat-custom-shipping-boxes","12":"first","13":"instock","14":"shipping-taxable","15":"product-type-simple"},"acf":[],"_links":{"self":[{"href":"https:\/\/www.yishengpack.com\/es\/wp-json\/wp\/v2\/product\/3343","targetHints":{"allow":["GET"]}}],"collection":[{"href":"https:\/\/www.yishengpack.com\/es\/wp-json\/wp\/v2\/product"}],"about":[{"href":"https:\/\/www.yishengpack.com\/es\/wp-json\/wp\/v2\/types\/product"}],"replies":[{"embeddable":true,"href":"https:\/\/www.yishengpack.com\/es\/wp-json\/wp\/v2\/comments?post=3343"}],"wp:featuredmedia":[{"embeddable":true,"href":"https:\/\/www.yishengpack.com\/es\/wp-json\/wp\/v2\/media\/3344"}],"wp:attachment":[{"href":"https:\/\/www.yishengpack.com\/es\/wp-json\/wp\/v2\/media?parent=3343"}],"wp:term":[{"taxonomy":"box-type","embeddable":true,"href":"https:\/\/www.yishengpack.com\/es\/wp-json\/wp\/v2\/box-type?post=3343"},{"taxonomy":"product_brand","embeddable":true,"href":"https:\/\/www.yishengpack.com\/es\/wp-json\/wp\/v2\/product_brand?post=3343"},{"taxonomy":"product_cat","embeddable":true,"href":"https:\/\/www.yishengpack.com\/es\/wp-json\/wp\/v2\/product_cat?post=3343"},{"taxonomy":"product_tag","embeddable":true,"href":"https:\/\/www.yishengpack.com\/es\/wp-json\/wp\/v2\/product_tag?post=3343"}],"curies":[{"name":"wp","href":"https:\/\/api.w.org\/{rel}","templated":true}]}}