{"id":3327,"date":"2026-01-09T10:29:03","date_gmt":"2026-01-09T10:29:03","guid":{"rendered":"https:\/\/www.yishengpack.com\/?post_type=product&#038;p=3327"},"modified":"2026-01-09T10:29:06","modified_gmt":"2026-01-09T10:29:06","slug":"wholesale-cupcake-containers","status":"publish","type":"product","link":"https:\/\/www.yishengpack.com\/es\/producto\/wholesale-cupcake-containers\/","title":{"rendered":"Venta al por mayor de recipientes para magdalenas, Venta al por mayor de cajas para tartas de postre personalizadas con logotipo"},"content":{"rendered":"<div class=\"wp-block-columns is-layout-flex wp-container-core-columns-is-layout-9d6595d7 wp-block-columns-is-layout-flex\">\n<div class=\"wp-block-column is-layout-flow wp-block-column-is-layout-flow\">\n<h3 class=\"wp-block-heading\">Caracter\u00edsticas de las cajas para tartas personalizadas<\/h3>\n\n\n\n<p><strong>Estructura compacta plegable:<\/strong> Estos recipientes para magdalenas al por mayor pueden plegarse f\u00e1cilmente cuando no se utilizan, lo que ahorra espacio de almacenamiento a las panader\u00edas o a los usuarios dom\u00e9sticos, a la vez que se montan r\u00e1pidamente cuando se necesitan.<\/p>\n\n\n\n<p><strong>Inserciones interiores con forma de magdalena:<\/strong> Estos recipientes para cupcakes al por mayor est\u00e1n equipados con bandejas de papel cortadas con precisi\u00f3n (dise\u00f1o de 4 ranuras), las cajas sujetan firmemente los cupcakes individuales en su sitio, evitando que se caigan, que se manche el glaseado o que se da\u00f1en durante el transporte.<\/p>\n\n\n\n<p><strong>Construcci\u00f3n de papel apto para alimentos:<\/strong> Estos envases para cupcakes al por mayor est\u00e1n fabricados con cart\u00f3n no t\u00f3xico apto para uso alimentario. Las cajas son seguras para el contacto directo con productos horneados, lo que garantiza su frescura y el cumplimiento de las normas de envasado de alimentos.<\/p>\n\n\n\n<p><strong>Construcci\u00f3n robusta y r\u00edgida:<\/strong> Estas cajas personalizadas para tartas de postre tienen una estructura de papel gruesa y duradera. Las cajas mantienen su forma incluso cuando se apilan, proporcionando una protecci\u00f3n fiable para pasteles y magdalenas delicados durante su manipulaci\u00f3n.<\/p>\n\n\n\n<p><strong>Personalizaci\u00f3n vers\u00e1til de colores e impresiones:<\/strong> Estas cajas personalizadas para tartas de postre se pueden personalizar por completo en cuanto a tonos exteriores (rosa, rojo, etc.), temas gr\u00e1ficos y elementos de marca (logotipos, texto, etc.), y se pueden adaptar a la est\u00e9tica de la pasteler\u00eda o a las ocasiones estacionales.<\/p>\n<\/div>\n\n\n\n<div class=\"wp-block-column is-layout-flow wp-block-column-is-layout-flow\">\n<figure class=\"wp-block-image size-full\"><img decoding=\"async\" width=\"2048\" height=\"2048\" src=\"https:\/\/www.yishengpack.com\/wp-content\/uploads\/2026\/01\/Wholesale-High-Quality-Cupcake-Containers-Hot-Sale-Custom-Dessert-Cake-Boxes-with-Logo-2.webp\" alt=\"al por mayor-cupcake-containers-custom-dessert-boxes-with-logo-2\" class=\"wp-image-3329\" srcset=\"https:\/\/www.yishengpack.com\/wp-content\/uploads\/2026\/01\/Wholesale-High-Quality-Cupcake-Containers-Hot-Sale-Custom-Dessert-Cake-Boxes-with-Logo-2.webp 2048w, https:\/\/www.yishengpack.com\/wp-content\/uploads\/2026\/01\/Wholesale-High-Quality-Cupcake-Containers-Hot-Sale-Custom-Dessert-Cake-Boxes-with-Logo-2-300x300.webp 300w, https:\/\/www.yishengpack.com\/wp-content\/uploads\/2026\/01\/Wholesale-High-Quality-Cupcake-Containers-Hot-Sale-Custom-Dessert-Cake-Boxes-with-Logo-2-150x150.webp 150w, https:\/\/www.yishengpack.com\/wp-content\/uploads\/2026\/01\/Wholesale-High-Quality-Cupcake-Containers-Hot-Sale-Custom-Dessert-Cake-Boxes-with-Logo-2-768x768.webp 768w, https:\/\/www.yishengpack.com\/wp-content\/uploads\/2026\/01\/Wholesale-High-Quality-Cupcake-Containers-Hot-Sale-Custom-Dessert-Cake-Boxes-with-Logo-2-12x12.webp 12w, https:\/\/www.yishengpack.com\/wp-content\/uploads\/2026\/01\/Wholesale-High-Quality-Cupcake-Containers-Hot-Sale-Custom-Dessert-Cake-Boxes-with-Logo-2-1200x1200.webp 1200w, https:\/\/www.yishengpack.com\/wp-content\/uploads\/2026\/01\/Wholesale-High-Quality-Cupcake-Containers-Hot-Sale-Custom-Dessert-Cake-Boxes-with-Logo-2-600x600.webp 600w, https:\/\/www.yishengpack.com\/wp-content\/uploads\/2026\/01\/Wholesale-High-Quality-Cupcake-Containers-Hot-Sale-Custom-Dessert-Cake-Boxes-with-Logo-2-100x100.webp 100w\" sizes=\"(max-width: 2048px) 100vw, 2048px\" \/><\/figure>\n<\/div>\n<\/div>\n\n\n\n<div class=\"wp-block-columns is-layout-flex wp-container-core-columns-is-layout-9d6595d7 wp-block-columns-is-layout-flex\">\n<div class=\"wp-block-column is-layout-flow wp-block-column-is-layout-flow\">\n<figure class=\"wp-block-image size-full\"><img decoding=\"async\" width=\"2048\" height=\"2048\" src=\"https:\/\/www.yishengpack.com\/wp-content\/uploads\/2026\/01\/Wholesale-High-Quality-Cupcake-Containers-Hot-Sale-Custom-Dessert-Cake-Boxes-with-Logo-7.webp\" alt=\"al por mayor-cupcake-containers-custom-dessert-boxes-with-logo-7\" class=\"wp-image-3334\" srcset=\"https:\/\/www.yishengpack.com\/wp-content\/uploads\/2026\/01\/Wholesale-High-Quality-Cupcake-Containers-Hot-Sale-Custom-Dessert-Cake-Boxes-with-Logo-7.webp 2048w, https:\/\/www.yishengpack.com\/wp-content\/uploads\/2026\/01\/Wholesale-High-Quality-Cupcake-Containers-Hot-Sale-Custom-Dessert-Cake-Boxes-with-Logo-7-300x300.webp 300w, https:\/\/www.yishengpack.com\/wp-content\/uploads\/2026\/01\/Wholesale-High-Quality-Cupcake-Containers-Hot-Sale-Custom-Dessert-Cake-Boxes-with-Logo-7-150x150.webp 150w, https:\/\/www.yishengpack.com\/wp-content\/uploads\/2026\/01\/Wholesale-High-Quality-Cupcake-Containers-Hot-Sale-Custom-Dessert-Cake-Boxes-with-Logo-7-768x768.webp 768w, https:\/\/www.yishengpack.com\/wp-content\/uploads\/2026\/01\/Wholesale-High-Quality-Cupcake-Containers-Hot-Sale-Custom-Dessert-Cake-Boxes-with-Logo-7-12x12.webp 12w, https:\/\/www.yishengpack.com\/wp-content\/uploads\/2026\/01\/Wholesale-High-Quality-Cupcake-Containers-Hot-Sale-Custom-Dessert-Cake-Boxes-with-Logo-7-1200x1200.webp 1200w, https:\/\/www.yishengpack.com\/wp-content\/uploads\/2026\/01\/Wholesale-High-Quality-Cupcake-Containers-Hot-Sale-Custom-Dessert-Cake-Boxes-with-Logo-7-600x600.webp 600w, https:\/\/www.yishengpack.com\/wp-content\/uploads\/2026\/01\/Wholesale-High-Quality-Cupcake-Containers-Hot-Sale-Custom-Dessert-Cake-Boxes-with-Logo-7-100x100.webp 100w\" sizes=\"(max-width: 2048px) 100vw, 2048px\" \/><\/figure>\n\n\n\n<div class=\"wp-block-buttons has-custom-font-size has-small-font-size is-content-justification-center is-layout-flex wp-container-core-buttons-is-layout-16018d1d wp-block-buttons-is-layout-flex\">\n<div class=\"wp-block-button has-custom-width wp-block-button__width-75\"><a class=\"wp-block-button__link has-background has-small-font-size has-custom-font-size wp-element-button\" href=\"https:\/\/www.yishengpack.com\/es\/custom-printed-box\/\" style=\"background:linear-gradient(135deg,rgb(254,205,165) 0%,rgb(254,45,45) 0%,rgb(94,15,15) 0%,rgb(94,15,15) 100%)\" target=\"_blank\" rel=\"noreferrer noopener\"><strong>Explorar las cajas impresas personalizadas<\/strong><\/a><\/div>\n<\/div>\n<\/div>\n\n\n\n<div class=\"wp-block-column is-layout-flow wp-block-column-is-layout-flow\">\n<figure class=\"wp-block-image size-full\"><img decoding=\"async\" width=\"2048\" height=\"2048\" src=\"https:\/\/www.yishengpack.com\/wp-content\/uploads\/2026\/01\/Wholesale-High-Quality-Cupcake-Containers-Hot-Sale-Custom-Dessert-Cake-Boxes-with-Logo-5.webp\" alt=\"al por mayor-cupcake-containers-custom-dessert-boxes-with-logo-5\" class=\"wp-image-3332\" srcset=\"https:\/\/www.yishengpack.com\/wp-content\/uploads\/2026\/01\/Wholesale-High-Quality-Cupcake-Containers-Hot-Sale-Custom-Dessert-Cake-Boxes-with-Logo-5.webp 2048w, https:\/\/www.yishengpack.com\/wp-content\/uploads\/2026\/01\/Wholesale-High-Quality-Cupcake-Containers-Hot-Sale-Custom-Dessert-Cake-Boxes-with-Logo-5-300x300.webp 300w, https:\/\/www.yishengpack.com\/wp-content\/uploads\/2026\/01\/Wholesale-High-Quality-Cupcake-Containers-Hot-Sale-Custom-Dessert-Cake-Boxes-with-Logo-5-150x150.webp 150w, https:\/\/www.yishengpack.com\/wp-content\/uploads\/2026\/01\/Wholesale-High-Quality-Cupcake-Containers-Hot-Sale-Custom-Dessert-Cake-Boxes-with-Logo-5-768x768.webp 768w, https:\/\/www.yishengpack.com\/wp-content\/uploads\/2026\/01\/Wholesale-High-Quality-Cupcake-Containers-Hot-Sale-Custom-Dessert-Cake-Boxes-with-Logo-5-12x12.webp 12w, https:\/\/www.yishengpack.com\/wp-content\/uploads\/2026\/01\/Wholesale-High-Quality-Cupcake-Containers-Hot-Sale-Custom-Dessert-Cake-Boxes-with-Logo-5-1200x1200.webp 1200w, https:\/\/www.yishengpack.com\/wp-content\/uploads\/2026\/01\/Wholesale-High-Quality-Cupcake-Containers-Hot-Sale-Custom-Dessert-Cake-Boxes-with-Logo-5-600x600.webp 600w, https:\/\/www.yishengpack.com\/wp-content\/uploads\/2026\/01\/Wholesale-High-Quality-Cupcake-Containers-Hot-Sale-Custom-Dessert-Cake-Boxes-with-Logo-5-100x100.webp 100w\" sizes=\"(max-width: 2048px) 100vw, 2048px\" \/><\/figure>\n\n\n\n<div class=\"wp-block-buttons has-custom-font-size has-small-font-size is-content-justification-center is-layout-flex wp-container-core-buttons-is-layout-16018d1d wp-block-buttons-is-layout-flex\">\n<div class=\"wp-block-button has-custom-width wp-block-button__width-75\"><a class=\"wp-block-button__link has-background has-small-font-size has-custom-font-size wp-element-button\" href=\"https:\/\/www.yishengpack.com\/es\/custom-box-inserts-accessories\/\" style=\"background:linear-gradient(135deg,rgb(254,205,165) 0%,rgb(254,45,45) 0%,rgb(94,15,15) 0%,rgb(94,15,15) 100%)\" target=\"_blank\" rel=\"noreferrer noopener\"><strong>Explorar los insertos personalizados para cajas<\/strong><\/a><\/div>\n<\/div>\n<\/div>\n<\/div>","protected":false},"excerpt":{"rendered":"<p>Le damos la bienvenida a nuestros envases para cupcakes al por mayor, cajas con estampados festivos, perfectas para envasar cupcakes, pasteles peque\u00f1os o dulces. Con un inserto de papel de ajuste perfecto y material de papel apto para alimentos, es encanto y practicidad combinados. Desde el tama\u00f1o y los colores hasta los dise\u00f1os y las inserciones, es totalmente personalizable para adaptarse a su marca. Perm\u00edtanos ayudarle a que su producto destaque de forma atractiva y deliciosa.<\/p>\n<h2>Aspectos destacados de los recipientes para magdalenas al por mayor<\/h2>\n<ul>\n<li>Precios al por mayor<\/li>\n<li>Posibilidad de personalizaci\u00f3n completa<\/li>\n<li>Materiales aptos para uso alimentario<\/li>\n<li>Impresi\u00f3n exquisita<\/li>\n<li>Varios tama\u00f1os<\/li>\n<li>Gran variedad de colores<\/li>\n<li>Insertos seguros para magdalenas<\/li>\n<li>Plegable y ligera<\/li>\n<li>Expositor de reposter\u00eda pr\u00e1ctico y protector<\/li>\n<\/ul>\n<p>&nbsp;<\/p>\n<p>&nbsp;<\/p>","protected":false},"featured_media":3328,"comment_status":"closed","ping_status":"closed","template":"","meta":{"_acf_changed":false},"box-type":[55],"product_brand":[],"product_cat":[46,30,32,33,44,45],"product_tag":[],"class_list":{"0":"post-3327","1":"product","2":"type-product","3":"status-publish","4":"has-post-thumbnail","6":"box-type-custom-foldable-boxes","7":"product_cat-wholesale-paper-boxes","8":"product_cat-cake-containers-wholesale","9":"product_cat-bakery-packaging-wholesale","10":"product_cat-food-packaging-boxes-wholesale","11":"product_cat-custom-snack-box","12":"product_cat-bulk-disposable-food-containers","14":"first","15":"instock","16":"shipping-taxable","17":"product-type-simple"},"acf":[],"_links":{"self":[{"href":"https:\/\/www.yishengpack.com\/es\/wp-json\/wp\/v2\/product\/3327","targetHints":{"allow":["GET"]}}],"collection":[{"href":"https:\/\/www.yishengpack.com\/es\/wp-json\/wp\/v2\/product"}],"about":[{"href":"https:\/\/www.yishengpack.com\/es\/wp-json\/wp\/v2\/types\/product"}],"replies":[{"embeddable":true,"href":"https:\/\/www.yishengpack.com\/es\/wp-json\/wp\/v2\/comments?post=3327"}],"wp:featuredmedia":[{"embeddable":true,"href":"https:\/\/www.yishengpack.com\/es\/wp-json\/wp\/v2\/media\/3328"}],"wp:attachment":[{"href":"https:\/\/www.yishengpack.com\/es\/wp-json\/wp\/v2\/media?parent=3327"}],"wp:term":[{"taxonomy":"box-type","embeddable":true,"href":"https:\/\/www.yishengpack.com\/es\/wp-json\/wp\/v2\/box-type?post=3327"},{"taxonomy":"product_brand","embeddable":true,"href":"https:\/\/www.yishengpack.com\/es\/wp-json\/wp\/v2\/product_brand?post=3327"},{"taxonomy":"product_cat","embeddable":true,"href":"https:\/\/www.yishengpack.com\/es\/wp-json\/wp\/v2\/product_cat?post=3327"},{"taxonomy":"product_tag","embeddable":true,"href":"https:\/\/www.yishengpack.com\/es\/wp-json\/wp\/v2\/product_tag?post=3327"}],"curies":[{"name":"wp","href":"https:\/\/api.w.org\/{rel}","templated":true}]}}