{"id":3275,"date":"2026-01-04T06:55:11","date_gmt":"2026-01-04T06:55:11","guid":{"rendered":"https:\/\/www.yishengpack.com\/?post_type=product&#038;p=3275"},"modified":"2026-01-04T06:55:13","modified_gmt":"2026-01-04T06:55:13","slug":"custom-food-packaging-boxes","status":"publish","type":"product","link":"https:\/\/www.yishengpack.com\/es\/producto\/custom-food-packaging-boxes\/","title":{"rendered":"Cajas personalizadas para envases de alimentos, suministro de cajas bento para salsas y dips"},"content":{"rendered":"<div class=\"wp-block-columns is-layout-flex wp-container-core-columns-is-layout-9d6595d7 wp-block-columns-is-layout-flex\">\n<div class=\"wp-block-column is-layout-flow wp-block-column-is-layout-flow\">\n<h3 class=\"wp-block-heading\">Caracter\u00edsticas de las cajas de embalaje alimentario personalizadas<\/h3>\n\n\n\n<p><strong>Dise\u00f1o compartimentado que aprovecha el espacio:<\/strong> Estas cajas de embalaje alimentario personalizadas cuentan con separadores interiores cortados con precisi\u00f3n, lo que permite mantener los aperitivos, pasteles o alimentos peque\u00f1os perfectamente organizados, sin mezclar sabores ni presentar un aspecto desordenado.<\/p>\n\n\n\n<p><strong>Construcci\u00f3n robusta de papel plegable:<\/strong> Estas cajas personalizadas para envasar alimentos est\u00e1n fabricadas con papel resistente apto para uso alimentario. Las cajas se pliegan para facilitar su almacenamiento y transporte, y se montan f\u00e1cilmente para formar recipientes r\u00edgidos y estables, perfectos para guardar todo tipo de golosinas.<\/p>\n\n\n\n<p><strong>Soluciones multifuncionales para el envasado de alimentos:<\/strong> Nuestras cajas de papel al por mayor incluyen cajas para donuts, envases para magdalenas (con bandejas interiores), envases para salsas y dips, y cajas bento para satisfacer las necesidades de diversos alimentos y situaciones de uso.<\/p>\n\n\n\n<p><strong>Est\u00e9tica minimalista con tonos coordinados:<\/strong> Estas cajas personalizadas para envases de alimentos, con combinaciones de colores limpios y coherentes, logran un equilibrio entre simplicidad y atractivo visual, realzando la presentaci\u00f3n de cualquier conjunto de comida estilo bento.<\/p>\n\n\n\n<p><strong>Configuraciones personalizables de Bento:<\/strong> Nuestras cajas de papel al por mayor son totalmente personalizables en cuanto a tama\u00f1os de compartimentos, dimensiones de las cajas, colores y marca (logotipos\/gr\u00e1ficos). Estas cajas de papel para bento se adaptan a surtidos de alimentos espec\u00edficos y a identidades de marca.<\/p>\n\n\n\n<p><strong>Venta al por mayor y suministro a granel:<\/strong> Dirigido a panader\u00edas, cadenas de restaurantes, plataformas de reparto de comida a domicilio, propietarios de marcas de alimentaci\u00f3n y mayoristas de envases, que dan soporte a la producci\u00f3n en masa OEM\/ODM.<\/p>\n<\/div>\n\n\n\n<div class=\"wp-block-column is-layout-flow wp-block-column-is-layout-flow\">\n<figure class=\"wp-block-image size-full\"><img decoding=\"async\" width=\"1328\" height=\"1328\" src=\"https:\/\/www.yishengpack.com\/wp-content\/uploads\/2026\/01\/Wholesale-Donuts-Cupcake-Containers-Customize-Sauce-Dip-Bento-Boxes-with-Inserts-2.webp\" alt=\"cajas-de-embalaje-personalizadas-para-alimentos-salsas-dipping-cajas-bento-suministro-2\" class=\"wp-image-3277\" srcset=\"https:\/\/www.yishengpack.com\/wp-content\/uploads\/2026\/01\/Wholesale-Donuts-Cupcake-Containers-Customize-Sauce-Dip-Bento-Boxes-with-Inserts-2.webp 1328w, https:\/\/www.yishengpack.com\/wp-content\/uploads\/2026\/01\/Wholesale-Donuts-Cupcake-Containers-Customize-Sauce-Dip-Bento-Boxes-with-Inserts-2-300x300.webp 300w, https:\/\/www.yishengpack.com\/wp-content\/uploads\/2026\/01\/Wholesale-Donuts-Cupcake-Containers-Customize-Sauce-Dip-Bento-Boxes-with-Inserts-2-150x150.webp 150w, https:\/\/www.yishengpack.com\/wp-content\/uploads\/2026\/01\/Wholesale-Donuts-Cupcake-Containers-Customize-Sauce-Dip-Bento-Boxes-with-Inserts-2-768x768.webp 768w, https:\/\/www.yishengpack.com\/wp-content\/uploads\/2026\/01\/Wholesale-Donuts-Cupcake-Containers-Customize-Sauce-Dip-Bento-Boxes-with-Inserts-2-12x12.webp 12w, https:\/\/www.yishengpack.com\/wp-content\/uploads\/2026\/01\/Wholesale-Donuts-Cupcake-Containers-Customize-Sauce-Dip-Bento-Boxes-with-Inserts-2-1200x1200.webp 1200w, https:\/\/www.yishengpack.com\/wp-content\/uploads\/2026\/01\/Wholesale-Donuts-Cupcake-Containers-Customize-Sauce-Dip-Bento-Boxes-with-Inserts-2-600x600.webp 600w, https:\/\/www.yishengpack.com\/wp-content\/uploads\/2026\/01\/Wholesale-Donuts-Cupcake-Containers-Customize-Sauce-Dip-Bento-Boxes-with-Inserts-2-100x100.webp 100w\" sizes=\"(max-width: 1328px) 100vw, 1328px\" \/><\/figure>\n<\/div>\n<\/div>\n\n\n\n<div class=\"wp-block-columns is-layout-flex wp-container-core-columns-is-layout-9d6595d7 wp-block-columns-is-layout-flex\">\n<div class=\"wp-block-column is-layout-flow wp-block-column-is-layout-flow\">\n<figure class=\"wp-block-image size-full\"><img decoding=\"async\" width=\"1328\" height=\"1328\" src=\"https:\/\/www.yishengpack.com\/wp-content\/uploads\/2026\/01\/Wholesale-Donuts-Cupcake-Containers-Customize-Sauce-Dip-Bento-Boxes-with-Inserts-6.webp\" alt=\"cajas-de-embalaje-personalizadas-para-alimentos-salsas-dipping-cajas-bento-suministro-6\" class=\"wp-image-3281\" srcset=\"https:\/\/www.yishengpack.com\/wp-content\/uploads\/2026\/01\/Wholesale-Donuts-Cupcake-Containers-Customize-Sauce-Dip-Bento-Boxes-with-Inserts-6.webp 1328w, https:\/\/www.yishengpack.com\/wp-content\/uploads\/2026\/01\/Wholesale-Donuts-Cupcake-Containers-Customize-Sauce-Dip-Bento-Boxes-with-Inserts-6-300x300.webp 300w, https:\/\/www.yishengpack.com\/wp-content\/uploads\/2026\/01\/Wholesale-Donuts-Cupcake-Containers-Customize-Sauce-Dip-Bento-Boxes-with-Inserts-6-150x150.webp 150w, https:\/\/www.yishengpack.com\/wp-content\/uploads\/2026\/01\/Wholesale-Donuts-Cupcake-Containers-Customize-Sauce-Dip-Bento-Boxes-with-Inserts-6-768x768.webp 768w, https:\/\/www.yishengpack.com\/wp-content\/uploads\/2026\/01\/Wholesale-Donuts-Cupcake-Containers-Customize-Sauce-Dip-Bento-Boxes-with-Inserts-6-12x12.webp 12w, https:\/\/www.yishengpack.com\/wp-content\/uploads\/2026\/01\/Wholesale-Donuts-Cupcake-Containers-Customize-Sauce-Dip-Bento-Boxes-with-Inserts-6-1200x1200.webp 1200w, https:\/\/www.yishengpack.com\/wp-content\/uploads\/2026\/01\/Wholesale-Donuts-Cupcake-Containers-Customize-Sauce-Dip-Bento-Boxes-with-Inserts-6-600x600.webp 600w, https:\/\/www.yishengpack.com\/wp-content\/uploads\/2026\/01\/Wholesale-Donuts-Cupcake-Containers-Customize-Sauce-Dip-Bento-Boxes-with-Inserts-6-100x100.webp 100w\" sizes=\"(max-width: 1328px) 100vw, 1328px\" \/><\/figure>\n\n\n\n<div class=\"wp-block-buttons has-custom-font-size has-small-font-size is-content-justification-center is-layout-flex wp-container-core-buttons-is-layout-16018d1d wp-block-buttons-is-layout-flex\">\n<div class=\"wp-block-button has-custom-width wp-block-button__width-75\"><a class=\"wp-block-button__link has-background has-small-font-size has-custom-font-size wp-element-button\" href=\"https:\/\/www.yishengpack.com\/es\/custom-printed-box\/\" style=\"background:linear-gradient(135deg,rgb(254,205,165) 0%,rgb(254,45,45) 0%,rgb(94,15,15) 0%,rgb(94,15,15) 100%)\" target=\"_blank\" rel=\"noreferrer noopener\"><strong>Explorar las cajas impresas personalizadas<\/strong><\/a><\/div>\n<\/div>\n<\/div>\n\n\n\n<div class=\"wp-block-column is-layout-flow wp-block-column-is-layout-flow\">\n<figure class=\"wp-block-image size-full\"><img decoding=\"async\" width=\"1328\" height=\"1328\" src=\"https:\/\/www.yishengpack.com\/wp-content\/uploads\/2026\/01\/Wholesale-Donuts-Cupcake-Containers-Customize-Sauce-Dip-Bento-Boxes-with-Inserts-7.webp\" alt=\"cajas-de-embalaje-personalizadas-para-alimentos-salsas-dipping-cajas-bento-suministro-7\" class=\"wp-image-3282\" srcset=\"https:\/\/www.yishengpack.com\/wp-content\/uploads\/2026\/01\/Wholesale-Donuts-Cupcake-Containers-Customize-Sauce-Dip-Bento-Boxes-with-Inserts-7.webp 1328w, https:\/\/www.yishengpack.com\/wp-content\/uploads\/2026\/01\/Wholesale-Donuts-Cupcake-Containers-Customize-Sauce-Dip-Bento-Boxes-with-Inserts-7-300x300.webp 300w, https:\/\/www.yishengpack.com\/wp-content\/uploads\/2026\/01\/Wholesale-Donuts-Cupcake-Containers-Customize-Sauce-Dip-Bento-Boxes-with-Inserts-7-150x150.webp 150w, https:\/\/www.yishengpack.com\/wp-content\/uploads\/2026\/01\/Wholesale-Donuts-Cupcake-Containers-Customize-Sauce-Dip-Bento-Boxes-with-Inserts-7-768x768.webp 768w, https:\/\/www.yishengpack.com\/wp-content\/uploads\/2026\/01\/Wholesale-Donuts-Cupcake-Containers-Customize-Sauce-Dip-Bento-Boxes-with-Inserts-7-12x12.webp 12w, https:\/\/www.yishengpack.com\/wp-content\/uploads\/2026\/01\/Wholesale-Donuts-Cupcake-Containers-Customize-Sauce-Dip-Bento-Boxes-with-Inserts-7-1200x1200.webp 1200w, https:\/\/www.yishengpack.com\/wp-content\/uploads\/2026\/01\/Wholesale-Donuts-Cupcake-Containers-Customize-Sauce-Dip-Bento-Boxes-with-Inserts-7-600x600.webp 600w, https:\/\/www.yishengpack.com\/wp-content\/uploads\/2026\/01\/Wholesale-Donuts-Cupcake-Containers-Customize-Sauce-Dip-Bento-Boxes-with-Inserts-7-100x100.webp 100w\" sizes=\"(max-width: 1328px) 100vw, 1328px\" \/><\/figure>\n\n\n\n<div class=\"wp-block-buttons has-custom-font-size has-small-font-size is-content-justification-center is-layout-flex wp-container-core-buttons-is-layout-16018d1d wp-block-buttons-is-layout-flex\">\n<div class=\"wp-block-button has-custom-width wp-block-button__width-75\"><a class=\"wp-block-button__link has-background has-small-font-size has-custom-font-size wp-element-button\" href=\"https:\/\/www.yishengpack.com\/es\/custom-product-boxes-types\/\" style=\"background:linear-gradient(135deg,rgb(254,205,165) 0%,rgb(254,45,45) 0%,rgb(94,15,15) 0%,rgb(94,15,15) 100%)\" target=\"_blank\" rel=\"noreferrer noopener\"><strong>Explora los tipos de cajas personalizadas<\/strong><\/a><\/div>\n<\/div>\n<\/div>\n<\/div>","protected":false},"excerpt":{"rendered":"<div class=\"auto-hide-last-sibling-br paragraph-pP9ZLC paragraph-element br-paragraph-space\">\n<p>Bienvenido a la compra de nuestras cajas de embalaje alimentario personalizadas y cajas de papel para salsas y bentos, dise\u00f1adas para panader\u00edas, marcas de alimentaci\u00f3n y empresas de catering. Fabricadas con materiales de papel aptos para uso alimentario, estas cajas de embalaje personalizadas ofrecen resistencia a la grasa, inserciones seguras y tama\u00f1os flexibles para pedidos al por mayor, ideales para fiestas, embalaje de aperitivos, comida para llevar y aplicaciones de servicio de alimentaci\u00f3n comercial.<\/p>\n<h2>Aspectos destacados de las cajas de embalaje alimentario personalizadas<\/h2>\n<ul>\n<li>Personalizaci\u00f3n<\/li>\n<li>Elecci\u00f3n de materiales ecol\u00f3gicos<\/li>\n<li>Revestimiento interior apto para uso alimentario<\/li>\n<li>Numerosos procesos de impresi\u00f3n<\/li>\n<li>M\u00faltiples colores<\/li>\n<li>Opciones de capacidad vers\u00e1tiles<\/li>\n<li>Varios tipos de cajas<\/li>\n<li>Insertos personalizables para compartimentos<\/li>\n<\/ul>\n<\/div>","protected":false},"featured_media":3276,"comment_status":"closed","ping_status":"closed","template":"","meta":{"_acf_changed":false},"box-type":[55],"product_brand":[],"product_cat":[46,30,32,33,71,44,45],"product_tag":[],"class_list":{"0":"post-3275","1":"product","2":"type-product","3":"status-publish","4":"has-post-thumbnail","6":"box-type-custom-foldable-boxes","7":"product_cat-wholesale-paper-boxes","8":"product_cat-cake-containers-wholesale","9":"product_cat-bakery-packaging-wholesale","10":"product_cat-food-packaging-boxes-wholesale","11":"product_cat-custom-takeout-boxes","12":"product_cat-custom-snack-box","13":"product_cat-bulk-disposable-food-containers","15":"first","16":"instock","17":"shipping-taxable","18":"product-type-simple"},"acf":[],"_links":{"self":[{"href":"https:\/\/www.yishengpack.com\/es\/wp-json\/wp\/v2\/product\/3275","targetHints":{"allow":["GET"]}}],"collection":[{"href":"https:\/\/www.yishengpack.com\/es\/wp-json\/wp\/v2\/product"}],"about":[{"href":"https:\/\/www.yishengpack.com\/es\/wp-json\/wp\/v2\/types\/product"}],"replies":[{"embeddable":true,"href":"https:\/\/www.yishengpack.com\/es\/wp-json\/wp\/v2\/comments?post=3275"}],"wp:featuredmedia":[{"embeddable":true,"href":"https:\/\/www.yishengpack.com\/es\/wp-json\/wp\/v2\/media\/3276"}],"wp:attachment":[{"href":"https:\/\/www.yishengpack.com\/es\/wp-json\/wp\/v2\/media?parent=3275"}],"wp:term":[{"taxonomy":"box-type","embeddable":true,"href":"https:\/\/www.yishengpack.com\/es\/wp-json\/wp\/v2\/box-type?post=3275"},{"taxonomy":"product_brand","embeddable":true,"href":"https:\/\/www.yishengpack.com\/es\/wp-json\/wp\/v2\/product_brand?post=3275"},{"taxonomy":"product_cat","embeddable":true,"href":"https:\/\/www.yishengpack.com\/es\/wp-json\/wp\/v2\/product_cat?post=3275"},{"taxonomy":"product_tag","embeddable":true,"href":"https:\/\/www.yishengpack.com\/es\/wp-json\/wp\/v2\/product_tag?post=3275"}],"curies":[{"name":"wp","href":"https:\/\/api.w.org\/{rel}","templated":true}]}}