{"id":3255,"date":"2026-01-04T01:51:03","date_gmt":"2026-01-04T01:51:03","guid":{"rendered":"https:\/\/www.yishengpack.com\/?post_type=product&#038;p=3255"},"modified":"2026-01-04T01:51:04","modified_gmt":"2026-01-04T01:51:04","slug":"chocolate-dates-gift-boxes-wholesale","status":"publish","type":"product","link":"https:\/\/www.yishengpack.com\/es\/producto\/chocolate-dates-gift-boxes-wholesale\/","title":{"rendered":"Cajas de regalo de d\u00e1tiles con chocolate al por mayor, cajas magn\u00e9ticas personalizadas"},"content":{"rendered":"<div class=\"wp-block-columns is-layout-flex wp-container-core-columns-is-layout-9d6595d7 wp-block-columns-is-layout-flex\">\n<div class=\"wp-block-column is-layout-flow wp-block-column-is-layout-flow\">\n<h3 class=\"wp-block-heading\">Caracter\u00edsticas de las cajas de regalo de d\u00e1tiles con chocolate al por mayor<\/h3>\n\n\n\n<p><strong>Sello magn\u00e9tico para un lujo sin esfuerzo: <\/strong>Estas cajas de regalo de d\u00e1tiles con chocolate al por mayor tienen un cierre magn\u00e9tico limpio que se cierra herm\u00e9ticamente, lo que proporciona una experiencia de desembalaje de alta gama y sin frustraciones, lo que las convierte en un embalaje realmente estupendo para hacer regalos.<\/p>\n\n\n\n<p><strong>Dise\u00f1ado para el envasado de d\u00e1tiles con chocolate:<\/strong> Estas cajas con cierre magn\u00e9tico personalizadas pueden adaptarse en cuanto a tama\u00f1o y estructura interna seg\u00fan la cantidad y las especificaciones de los d\u00e1tiles de chocolate, lo que garantiza una presentaci\u00f3n del producto ordenada, atractiva y estable.<\/p>\n\n\n\n<p><strong>Insertos personalizados disponibles:<\/strong> Estas cajas de regalo de d\u00e1tiles con chocolate al por mayor incluyen insertos opcionales de pulpa moldeada, bandejas de papel, EVA, flocado o PET, para uno o varios d\u00e1tiles, con el fin de mejorar la protecci\u00f3n y el efecto de presentaci\u00f3n.<\/p>\n\n\n\n<p><strong>Bolsa de regalo personalizable a juego:<\/strong> Estas cajas de regalo de d\u00e1tiles con chocolate al por mayor incluyen una bolsa de regalo de papel a juego totalmente personalizable (con adornos de cinta opcionales), adaptada al dise\u00f1o de la caja para crear un regalo coherente y con la marca.<\/p>\n\n\n\n<p><strong>Construcci\u00f3n de papel de alta calidad: <\/strong>Estas cajas con cierre magn\u00e9tico personalizadas est\u00e1n fabricadas con papel de alta calidad, lo que les confiere durabilidad y un aspecto refinado y agradable al tacto. Ofrecemos servicios de personalizaci\u00f3n integrales, desde el dise\u00f1o estructural y la creaci\u00f3n de muestras hasta la producci\u00f3n en serie.<\/p>\n\n\n\n<p><strong>Opciones vers\u00e1tiles de paleta de colores:<\/strong> Estas cajas con cierre magn\u00e9tico personalizadas est\u00e1n disponibles en tonos intensos, perfectos para regalar (burdeos, azul marino, verde salvia), y se pueden personalizar para adaptarse a los temas de temporada o a la est\u00e9tica de la marca.<\/p>\n<\/div>\n\n\n\n<div class=\"wp-block-column is-layout-flow wp-block-column-is-layout-flow\">\n<figure class=\"wp-block-image size-full\"><img decoding=\"async\" width=\"2048\" height=\"2048\" src=\"https:\/\/www.yishengpack.com\/wp-content\/uploads\/2025\/12\/Wholesale-Luxury-Dates-Gift-Boxes-Customized-Magnetic-Boxes-for-Dates-Chocolate-Packing-2.webp\" alt=\"cajas-de-regalo-de-chocolate-y-d\u00e1tiles-al-por-mayor-cajas-magn\u00e9ticas-personalizadas-2\" class=\"wp-image-3257\" srcset=\"https:\/\/www.yishengpack.com\/wp-content\/uploads\/2025\/12\/Wholesale-Luxury-Dates-Gift-Boxes-Customized-Magnetic-Boxes-for-Dates-Chocolate-Packing-2.webp 2048w, https:\/\/www.yishengpack.com\/wp-content\/uploads\/2025\/12\/Wholesale-Luxury-Dates-Gift-Boxes-Customized-Magnetic-Boxes-for-Dates-Chocolate-Packing-2-300x300.webp 300w, https:\/\/www.yishengpack.com\/wp-content\/uploads\/2025\/12\/Wholesale-Luxury-Dates-Gift-Boxes-Customized-Magnetic-Boxes-for-Dates-Chocolate-Packing-2-150x150.webp 150w, https:\/\/www.yishengpack.com\/wp-content\/uploads\/2025\/12\/Wholesale-Luxury-Dates-Gift-Boxes-Customized-Magnetic-Boxes-for-Dates-Chocolate-Packing-2-768x768.webp 768w, https:\/\/www.yishengpack.com\/wp-content\/uploads\/2025\/12\/Wholesale-Luxury-Dates-Gift-Boxes-Customized-Magnetic-Boxes-for-Dates-Chocolate-Packing-2-12x12.webp 12w, https:\/\/www.yishengpack.com\/wp-content\/uploads\/2025\/12\/Wholesale-Luxury-Dates-Gift-Boxes-Customized-Magnetic-Boxes-for-Dates-Chocolate-Packing-2-1200x1200.webp 1200w, https:\/\/www.yishengpack.com\/wp-content\/uploads\/2025\/12\/Wholesale-Luxury-Dates-Gift-Boxes-Customized-Magnetic-Boxes-for-Dates-Chocolate-Packing-2-600x600.webp 600w, https:\/\/www.yishengpack.com\/wp-content\/uploads\/2025\/12\/Wholesale-Luxury-Dates-Gift-Boxes-Customized-Magnetic-Boxes-for-Dates-Chocolate-Packing-2-100x100.webp 100w\" sizes=\"(max-width: 2048px) 100vw, 2048px\" \/><\/figure>\n<\/div>\n<\/div>\n\n\n\n<div class=\"wp-block-columns is-layout-flex wp-container-core-columns-is-layout-9d6595d7 wp-block-columns-is-layout-flex\">\n<div class=\"wp-block-column is-layout-flow wp-block-column-is-layout-flow\">\n<figure class=\"wp-block-image size-full\"><img decoding=\"async\" width=\"2048\" height=\"2048\" src=\"https:\/\/www.yishengpack.com\/wp-content\/uploads\/2025\/12\/Wholesale-Luxury-Dates-Gift-Boxes-Customized-Magnetic-Boxes-for-Dates-Chocolate-Packing-4.webp\" alt=\"Cajas de regalo de chocolate y d\u00e1tiles al por mayor, cajas magn\u00e9ticas personalizadas 4\" class=\"wp-image-3259\" srcset=\"https:\/\/www.yishengpack.com\/wp-content\/uploads\/2025\/12\/Wholesale-Luxury-Dates-Gift-Boxes-Customized-Magnetic-Boxes-for-Dates-Chocolate-Packing-4.webp 2048w, https:\/\/www.yishengpack.com\/wp-content\/uploads\/2025\/12\/Wholesale-Luxury-Dates-Gift-Boxes-Customized-Magnetic-Boxes-for-Dates-Chocolate-Packing-4-300x300.webp 300w, https:\/\/www.yishengpack.com\/wp-content\/uploads\/2025\/12\/Wholesale-Luxury-Dates-Gift-Boxes-Customized-Magnetic-Boxes-for-Dates-Chocolate-Packing-4-150x150.webp 150w, https:\/\/www.yishengpack.com\/wp-content\/uploads\/2025\/12\/Wholesale-Luxury-Dates-Gift-Boxes-Customized-Magnetic-Boxes-for-Dates-Chocolate-Packing-4-768x768.webp 768w, https:\/\/www.yishengpack.com\/wp-content\/uploads\/2025\/12\/Wholesale-Luxury-Dates-Gift-Boxes-Customized-Magnetic-Boxes-for-Dates-Chocolate-Packing-4-12x12.webp 12w, https:\/\/www.yishengpack.com\/wp-content\/uploads\/2025\/12\/Wholesale-Luxury-Dates-Gift-Boxes-Customized-Magnetic-Boxes-for-Dates-Chocolate-Packing-4-1200x1200.webp 1200w, https:\/\/www.yishengpack.com\/wp-content\/uploads\/2025\/12\/Wholesale-Luxury-Dates-Gift-Boxes-Customized-Magnetic-Boxes-for-Dates-Chocolate-Packing-4-600x600.webp 600w, https:\/\/www.yishengpack.com\/wp-content\/uploads\/2025\/12\/Wholesale-Luxury-Dates-Gift-Boxes-Customized-Magnetic-Boxes-for-Dates-Chocolate-Packing-4-100x100.webp 100w\" sizes=\"(max-width: 2048px) 100vw, 2048px\" \/><\/figure>\n\n\n\n<div class=\"wp-block-buttons has-custom-font-size has-small-font-size is-content-justification-center is-layout-flex wp-container-core-buttons-is-layout-16018d1d wp-block-buttons-is-layout-flex\">\n<div class=\"wp-block-button has-custom-width wp-block-button__width-75\"><a class=\"wp-block-button__link has-background has-small-font-size has-custom-font-size wp-element-button\" href=\"https:\/\/www.yishengpack.com\/es\/custom-printed-box\/\" style=\"background:linear-gradient(135deg,rgb(254,205,165) 0%,rgb(254,45,45) 0%,rgb(94,15,15) 0%,rgb(94,15,15) 100%)\" target=\"_blank\" rel=\"noreferrer noopener\"><strong>Explorar las cajas impresas personalizadas<\/strong><\/a><\/div>\n<\/div>\n<\/div>\n\n\n\n<div class=\"wp-block-column is-layout-flow wp-block-column-is-layout-flow\">\n<figure class=\"wp-block-image size-full\"><img decoding=\"async\" width=\"2048\" height=\"2048\" src=\"https:\/\/www.yishengpack.com\/wp-content\/uploads\/2025\/12\/Wholesale-Luxury-Dates-Gift-Boxes-Customized-Magnetic-Boxes-for-Dates-Chocolate-Packing-7.webp\" alt=\"cajas-de-regalo-de-chocolate-y-d\u00e1tiles-al-por-mayor-cajas-magn\u00e9ticas-personalizadas-7\" class=\"wp-image-3262\" srcset=\"https:\/\/www.yishengpack.com\/wp-content\/uploads\/2025\/12\/Wholesale-Luxury-Dates-Gift-Boxes-Customized-Magnetic-Boxes-for-Dates-Chocolate-Packing-7.webp 2048w, https:\/\/www.yishengpack.com\/wp-content\/uploads\/2025\/12\/Wholesale-Luxury-Dates-Gift-Boxes-Customized-Magnetic-Boxes-for-Dates-Chocolate-Packing-7-300x300.webp 300w, https:\/\/www.yishengpack.com\/wp-content\/uploads\/2025\/12\/Wholesale-Luxury-Dates-Gift-Boxes-Customized-Magnetic-Boxes-for-Dates-Chocolate-Packing-7-150x150.webp 150w, https:\/\/www.yishengpack.com\/wp-content\/uploads\/2025\/12\/Wholesale-Luxury-Dates-Gift-Boxes-Customized-Magnetic-Boxes-for-Dates-Chocolate-Packing-7-768x768.webp 768w, https:\/\/www.yishengpack.com\/wp-content\/uploads\/2025\/12\/Wholesale-Luxury-Dates-Gift-Boxes-Customized-Magnetic-Boxes-for-Dates-Chocolate-Packing-7-12x12.webp 12w, https:\/\/www.yishengpack.com\/wp-content\/uploads\/2025\/12\/Wholesale-Luxury-Dates-Gift-Boxes-Customized-Magnetic-Boxes-for-Dates-Chocolate-Packing-7-1200x1200.webp 1200w, https:\/\/www.yishengpack.com\/wp-content\/uploads\/2025\/12\/Wholesale-Luxury-Dates-Gift-Boxes-Customized-Magnetic-Boxes-for-Dates-Chocolate-Packing-7-600x600.webp 600w, https:\/\/www.yishengpack.com\/wp-content\/uploads\/2025\/12\/Wholesale-Luxury-Dates-Gift-Boxes-Customized-Magnetic-Boxes-for-Dates-Chocolate-Packing-7-100x100.webp 100w\" sizes=\"(max-width: 2048px) 100vw, 2048px\" \/><\/figure>\n\n\n\n<div class=\"wp-block-buttons has-custom-font-size has-small-font-size is-content-justification-center is-layout-flex wp-container-core-buttons-is-layout-16018d1d wp-block-buttons-is-layout-flex\">\n<div class=\"wp-block-button has-custom-width wp-block-button__width-75\"><a class=\"wp-block-button__link has-background has-small-font-size has-custom-font-size wp-element-button\" href=\"https:\/\/www.yishengpack.com\/es\/custom-box-inserts-accessories\/\" style=\"background:linear-gradient(135deg,rgb(254,205,165) 0%,rgb(254,45,45) 0%,rgb(94,15,15) 0%,rgb(94,15,15) 100%)\" target=\"_blank\" rel=\"noreferrer noopener\"><strong>Explorar los insertos personalizados para cajas<\/strong><\/a><\/div>\n<\/div>\n<\/div>\n<\/div>","protected":false},"excerpt":{"rendered":"<div class=\"auto-hide-last-sibling-br paragraph-pP9ZLC paragraph-element br-paragraph-space\">\n<p>Bienvenido a comprar al por mayor nuestras cajas de regalo de d\u00e1tiles con chocolate con dise\u00f1o de cierre magn\u00e9tico personalizado, ideales para alimentos de primera calidad y envases de regalo. Estas cajas de regalo magn\u00e9ticas personalizadas cuentan con una estructura r\u00edgida y plegable con materiales aptos para alimentos, insertos personalizables y acabados de impresi\u00f3n de alta gama. Perfectas para pedidos al por mayor, marcas de etiqueta privada y soluciones de envasado OEM para d\u00e1tiles con chocolate, dulces y regalos gastron\u00f3micos de lujo. Cajas de regalo de d\u00e1tiles de lujo personalizadas.<\/p>\n<h2>Lo m\u00e1s destacado de las cajas de regalo de d\u00e1tiles con chocolate al por mayor<\/h2>\n<ul>\n<li>Cierre magn\u00e9tico seguro<\/li>\n<li>Personalizaci\u00f3n<\/li>\n<li>Materiales impermeables<\/li>\n<li>Artesan\u00eda exquisita<\/li>\n<li>Opciones de tama\u00f1o vers\u00e1tiles<\/li>\n<li>Varias opciones de colores<\/li>\n<li>Detalles de forro de lujo<\/li>\n<li>Dise\u00f1o estructural duradero<\/li>\n<\/ul>\n<\/div>","protected":false},"featured_media":3256,"comment_status":"closed","ping_status":"closed","template":"","meta":{"_acf_changed":false},"box-type":[54,57],"product_brand":[],"product_cat":[46,19,41,68,33,44],"product_tag":[],"class_list":{"0":"post-3255","1":"product","2":"type-product","3":"status-publish","4":"has-post-thumbnail","6":"box-type-custom-magnetic-closure-boxes","7":"box-type-custom-rigid-box-with-lid","8":"product_cat-wholesale-paper-boxes","9":"product_cat-luxury-gift-boxes-wholesale","10":"product_cat-candy-gift-boxes-wholesale","11":"product_cat-custom-dates-box","12":"product_cat-food-packaging-boxes-wholesale","13":"product_cat-custom-snack-box","15":"first","16":"instock","17":"shipping-taxable","18":"product-type-simple"},"acf":[],"_links":{"self":[{"href":"https:\/\/www.yishengpack.com\/es\/wp-json\/wp\/v2\/product\/3255","targetHints":{"allow":["GET"]}}],"collection":[{"href":"https:\/\/www.yishengpack.com\/es\/wp-json\/wp\/v2\/product"}],"about":[{"href":"https:\/\/www.yishengpack.com\/es\/wp-json\/wp\/v2\/types\/product"}],"replies":[{"embeddable":true,"href":"https:\/\/www.yishengpack.com\/es\/wp-json\/wp\/v2\/comments?post=3255"}],"wp:featuredmedia":[{"embeddable":true,"href":"https:\/\/www.yishengpack.com\/es\/wp-json\/wp\/v2\/media\/3256"}],"wp:attachment":[{"href":"https:\/\/www.yishengpack.com\/es\/wp-json\/wp\/v2\/media?parent=3255"}],"wp:term":[{"taxonomy":"box-type","embeddable":true,"href":"https:\/\/www.yishengpack.com\/es\/wp-json\/wp\/v2\/box-type?post=3255"},{"taxonomy":"product_brand","embeddable":true,"href":"https:\/\/www.yishengpack.com\/es\/wp-json\/wp\/v2\/product_brand?post=3255"},{"taxonomy":"product_cat","embeddable":true,"href":"https:\/\/www.yishengpack.com\/es\/wp-json\/wp\/v2\/product_cat?post=3255"},{"taxonomy":"product_tag","embeddable":true,"href":"https:\/\/www.yishengpack.com\/es\/wp-json\/wp\/v2\/product_tag?post=3255"}],"curies":[{"name":"wp","href":"https:\/\/api.w.org\/{rel}","templated":true}]}}