{"id":3246,"date":"2026-01-03T10:30:27","date_gmt":"2026-01-03T10:30:27","guid":{"rendered":"https:\/\/www.yishengpack.com\/?post_type=product&#038;p=3246"},"modified":"2026-01-03T10:30:28","modified_gmt":"2026-01-03T10:30:28","slug":"wholesale-dates-gift-boxes","status":"publish","type":"product","link":"https:\/\/www.yishengpack.com\/es\/producto\/wholesale-dates-gift-boxes\/","title":{"rendered":"Cajas de regalo para d\u00e1tiles al por mayor de primera calidad, cajas magn\u00e9ticas de tama\u00f1o personalizado"},"content":{"rendered":"<div class=\"wp-block-columns is-layout-flex wp-container-core-columns-is-layout-9d6595d7 wp-block-columns-is-layout-flex\">\n<div class=\"wp-block-column is-layout-flow wp-block-column-is-layout-flow\">\n<h3 class=\"wp-block-heading\">Caracter\u00edsticas de las cajas de regalo de d\u00e1tiles al por mayor<\/h3>\n\n\n\n<p><strong>Sofisticaci\u00f3n del cierre magn\u00e9tico:<\/strong> Estas cajas de regalo de d\u00e1tiles al por mayor de primera calidad cuentan con un cierre magn\u00e9tico sin costuras que se cierra de forma segura, lo que proporciona una experiencia de apertura y cierre lujosa y sin esfuerzo, ideal para regalos de alta gama.<\/p>\n\n\n\n<p><strong>Bandeja interior personalizable apta para alimentos:<\/strong> Estas lujosas cajas de regalo al por mayor para d\u00e1tiles incluyen una bandeja de papel desmontable apta para alimentos (para d\u00e1tiles, caramelos o peque\u00f1os dulces), personalizada para adaptarse a las formas distintivas de los productos y a los estilos de marca.<\/p>\n\n\n\n<p><strong>Estructura de papel r\u00edgido: <\/strong>Nuestras cajas magn\u00e9ticas de tama\u00f1o personalizado est\u00e1n fabricadas con cart\u00f3n grueso y resistente, lo que les permite mantener su forma impecable, perfecta para proteger contenidos delicados y transmitir una imagen de alta gama.<\/p>\n\n\n\n<p><strong>Detalles ornamentados en relieve y dorados:<\/strong> Nuestras cajas magn\u00e9ticas de tama\u00f1o personalizado se pueden personalizar con patrones en relieve y detalles en l\u00e1mina dorada en el exterior de papel, lo que les aporta una elegancia artesanal y las alinea con la est\u00e9tica cultural o de marca.<\/p>\n\n\n\n<p><strong>Tama\u00f1o vers\u00e1til y adaptabilidad de los insertos: <\/strong>Estas cajas de regalo premium para d\u00e1tiles al por mayor son totalmente personalizables en cuanto a dimensiones. Las cajas de papel magn\u00e9ticas admiten insertos intercambiables (para dulces, peque\u00f1os obsequios) para adaptarse a las diversas necesidades de los productos, con opciones de personalizaci\u00f3n de marca.<\/p>\n<\/div>\n\n\n\n<div class=\"wp-block-column is-layout-flow wp-block-column-is-layout-flow\">\n<figure class=\"wp-block-image size-full\"><img decoding=\"async\" width=\"1304\" height=\"1304\" src=\"https:\/\/www.yishengpack.com\/wp-content\/uploads\/2025\/12\/Premium-Magnetic-Dates-Packaging-Gift-Boxes-Wholesale-Custom-Size-Boxes-1-2.webp\" alt=\"cajas-de-regalo-de-d\u00e1tiles-al-por-menor-de-alta-calidad-tama\u00f1o-personalizado-caja-magn\u00e9tica-2\" class=\"wp-image-3248\" srcset=\"https:\/\/www.yishengpack.com\/wp-content\/uploads\/2025\/12\/Premium-Magnetic-Dates-Packaging-Gift-Boxes-Wholesale-Custom-Size-Boxes-1-2.webp 1304w, https:\/\/www.yishengpack.com\/wp-content\/uploads\/2025\/12\/Premium-Magnetic-Dates-Packaging-Gift-Boxes-Wholesale-Custom-Size-Boxes-1-2-300x300.webp 300w, https:\/\/www.yishengpack.com\/wp-content\/uploads\/2025\/12\/Premium-Magnetic-Dates-Packaging-Gift-Boxes-Wholesale-Custom-Size-Boxes-1-2-150x150.webp 150w, https:\/\/www.yishengpack.com\/wp-content\/uploads\/2025\/12\/Premium-Magnetic-Dates-Packaging-Gift-Boxes-Wholesale-Custom-Size-Boxes-1-2-768x768.webp 768w, https:\/\/www.yishengpack.com\/wp-content\/uploads\/2025\/12\/Premium-Magnetic-Dates-Packaging-Gift-Boxes-Wholesale-Custom-Size-Boxes-1-2-12x12.webp 12w, https:\/\/www.yishengpack.com\/wp-content\/uploads\/2025\/12\/Premium-Magnetic-Dates-Packaging-Gift-Boxes-Wholesale-Custom-Size-Boxes-1-2-1200x1200.webp 1200w, https:\/\/www.yishengpack.com\/wp-content\/uploads\/2025\/12\/Premium-Magnetic-Dates-Packaging-Gift-Boxes-Wholesale-Custom-Size-Boxes-1-2-600x600.webp 600w, https:\/\/www.yishengpack.com\/wp-content\/uploads\/2025\/12\/Premium-Magnetic-Dates-Packaging-Gift-Boxes-Wholesale-Custom-Size-Boxes-1-2-100x100.webp 100w\" sizes=\"(max-width: 1304px) 100vw, 1304px\" \/><\/figure>\n<\/div>\n<\/div>\n\n\n\n<div class=\"wp-block-columns is-layout-flex wp-container-core-columns-is-layout-9d6595d7 wp-block-columns-is-layout-flex\">\n<div class=\"wp-block-column is-layout-flow wp-block-column-is-layout-flow\">\n<figure class=\"wp-block-image size-full\"><img decoding=\"async\" width=\"1253\" height=\"1253\" src=\"https:\/\/www.yishengpack.com\/wp-content\/uploads\/2025\/12\/Premium-Magnetic-Dates-Packaging-Gift-Boxes-Wholesale-Custom-Size-Boxes-3.webp\" alt=\"cajas-de-regalo-de-d\u00e1tiles-al-por-menor-de-alta-calidad-tama\u00f1o-personalizado-caja-magn\u00e9tica-3\" class=\"wp-image-3249\" srcset=\"https:\/\/www.yishengpack.com\/wp-content\/uploads\/2025\/12\/Premium-Magnetic-Dates-Packaging-Gift-Boxes-Wholesale-Custom-Size-Boxes-3.webp 1253w, https:\/\/www.yishengpack.com\/wp-content\/uploads\/2025\/12\/Premium-Magnetic-Dates-Packaging-Gift-Boxes-Wholesale-Custom-Size-Boxes-3-300x300.webp 300w, https:\/\/www.yishengpack.com\/wp-content\/uploads\/2025\/12\/Premium-Magnetic-Dates-Packaging-Gift-Boxes-Wholesale-Custom-Size-Boxes-3-150x150.webp 150w, https:\/\/www.yishengpack.com\/wp-content\/uploads\/2025\/12\/Premium-Magnetic-Dates-Packaging-Gift-Boxes-Wholesale-Custom-Size-Boxes-3-768x768.webp 768w, https:\/\/www.yishengpack.com\/wp-content\/uploads\/2025\/12\/Premium-Magnetic-Dates-Packaging-Gift-Boxes-Wholesale-Custom-Size-Boxes-3-12x12.webp 12w, https:\/\/www.yishengpack.com\/wp-content\/uploads\/2025\/12\/Premium-Magnetic-Dates-Packaging-Gift-Boxes-Wholesale-Custom-Size-Boxes-3-1200x1200.webp 1200w, https:\/\/www.yishengpack.com\/wp-content\/uploads\/2025\/12\/Premium-Magnetic-Dates-Packaging-Gift-Boxes-Wholesale-Custom-Size-Boxes-3-600x600.webp 600w, https:\/\/www.yishengpack.com\/wp-content\/uploads\/2025\/12\/Premium-Magnetic-Dates-Packaging-Gift-Boxes-Wholesale-Custom-Size-Boxes-3-100x100.webp 100w\" sizes=\"(max-width: 1253px) 100vw, 1253px\" \/><\/figure>\n\n\n\n<div class=\"wp-block-buttons has-custom-font-size has-small-font-size is-content-justification-center is-layout-flex wp-container-core-buttons-is-layout-16018d1d wp-block-buttons-is-layout-flex\">\n<div class=\"wp-block-button has-custom-width wp-block-button__width-75\"><a class=\"wp-block-button__link has-background has-small-font-size has-custom-font-size wp-element-button\" href=\"https:\/\/www.yishengpack.com\/es\/custom-printed-box\/\" style=\"background:linear-gradient(135deg,rgb(254,205,165) 0%,rgb(254,45,45) 0%,rgb(94,15,15) 0%,rgb(94,15,15) 100%)\" target=\"_blank\" rel=\"noreferrer noopener\"><strong>Explorar las cajas impresas personalizadas<\/strong><\/a><\/div>\n<\/div>\n<\/div>\n\n\n\n<div class=\"wp-block-column is-layout-flow wp-block-column-is-layout-flow\">\n<figure class=\"wp-block-image size-full\"><img decoding=\"async\" width=\"1238\" height=\"1238\" src=\"https:\/\/www.yishengpack.com\/wp-content\/uploads\/2025\/12\/Premium-Magnetic-Dates-Packaging-Gift-Boxes-Wholesale-Custom-Size-Boxes-6.webp\" alt=\"cajas-de-regalo-de-d\u00e1tiles-al-por-menor-de-alta-calidad-tama\u00f1o-personalizado-magn\u00e9ticas-6\" class=\"wp-image-3252\" srcset=\"https:\/\/www.yishengpack.com\/wp-content\/uploads\/2025\/12\/Premium-Magnetic-Dates-Packaging-Gift-Boxes-Wholesale-Custom-Size-Boxes-6.webp 1238w, https:\/\/www.yishengpack.com\/wp-content\/uploads\/2025\/12\/Premium-Magnetic-Dates-Packaging-Gift-Boxes-Wholesale-Custom-Size-Boxes-6-300x300.webp 300w, https:\/\/www.yishengpack.com\/wp-content\/uploads\/2025\/12\/Premium-Magnetic-Dates-Packaging-Gift-Boxes-Wholesale-Custom-Size-Boxes-6-150x150.webp 150w, https:\/\/www.yishengpack.com\/wp-content\/uploads\/2025\/12\/Premium-Magnetic-Dates-Packaging-Gift-Boxes-Wholesale-Custom-Size-Boxes-6-768x768.webp 768w, https:\/\/www.yishengpack.com\/wp-content\/uploads\/2025\/12\/Premium-Magnetic-Dates-Packaging-Gift-Boxes-Wholesale-Custom-Size-Boxes-6-12x12.webp 12w, https:\/\/www.yishengpack.com\/wp-content\/uploads\/2025\/12\/Premium-Magnetic-Dates-Packaging-Gift-Boxes-Wholesale-Custom-Size-Boxes-6-1200x1200.webp 1200w, https:\/\/www.yishengpack.com\/wp-content\/uploads\/2025\/12\/Premium-Magnetic-Dates-Packaging-Gift-Boxes-Wholesale-Custom-Size-Boxes-6-600x600.webp 600w, https:\/\/www.yishengpack.com\/wp-content\/uploads\/2025\/12\/Premium-Magnetic-Dates-Packaging-Gift-Boxes-Wholesale-Custom-Size-Boxes-6-100x100.webp 100w\" sizes=\"(max-width: 1238px) 100vw, 1238px\" \/><\/figure>\n\n\n\n<div class=\"wp-block-buttons has-custom-font-size has-small-font-size is-content-justification-center is-layout-flex wp-container-core-buttons-is-layout-16018d1d wp-block-buttons-is-layout-flex\">\n<div class=\"wp-block-button has-custom-width wp-block-button__width-75\"><a class=\"wp-block-button__link has-background has-small-font-size has-custom-font-size wp-element-button\" href=\"https:\/\/www.yishengpack.com\/es\/custom-box-inserts-accessories\/\" style=\"background:linear-gradient(135deg,rgb(254,205,165) 0%,rgb(254,45,45) 0%,rgb(94,15,15) 0%,rgb(94,15,15) 100%)\" target=\"_blank\" rel=\"noreferrer noopener\"><strong>Explorar los insertos personalizados para cajas<\/strong><\/a><\/div>\n<\/div>\n<\/div>\n<\/div>","protected":false},"excerpt":{"rendered":"<div class=\"auto-hide-last-sibling-br paragraph-pP9ZLC paragraph-element br-paragraph-space\">\n<p>Bienvenido a la compra de nuestras cajas de regalo premium para d\u00e1tiles al por mayor con cierre magn\u00e9tico de tama\u00f1o personalizado, dise\u00f1adas para el envasado de d\u00e1tiles y frutos secos de lujo. Estas cajas magn\u00e9ticas r\u00edgidas se caracterizan por su construcci\u00f3n duradera, su elegante presentaci\u00f3n y sus opciones de personalizaci\u00f3n completas, que incluyen impresi\u00f3n, acabados e inserciones. Ideales para pedidos al por mayor, se utilizan ampliamente para regalos de Ramad\u00e1n, envases minoristas y sets de regalo de alimentos de marca.<\/p>\n<h2>Lo m\u00e1s destacado de las cajas de regalo de d\u00e1tiles al por mayor<\/h2>\n<ul>\n<li>Construcci\u00f3n r\u00edgida reforzada<\/li>\n<li>Personalizaci\u00f3n de alta gama<\/li>\n<li>Materiales ecol\u00f3gicos<\/li>\n<li>Diversas manipulaciones de impresi\u00f3n<\/li>\n<li>Artesan\u00eda exquisita<\/li>\n<li>M\u00faltiples tipos de cajas<\/li>\n<li>Siluetas minimalistas pero opulentas<\/li>\n<li>Revestimiento interior premium apto para alimentos<\/li>\n<\/ul>\n<\/div>","protected":false},"featured_media":3247,"comment_status":"closed","ping_status":"closed","template":"","meta":{"_acf_changed":false},"box-type":[54,57],"product_brand":[],"product_cat":[19,41,68,46,33,44],"product_tag":[],"class_list":{"0":"post-3246","1":"product","2":"type-product","3":"status-publish","4":"has-post-thumbnail","6":"box-type-custom-magnetic-closure-boxes","7":"box-type-custom-rigid-box-with-lid","8":"product_cat-luxury-gift-boxes-wholesale","9":"product_cat-candy-gift-boxes-wholesale","10":"product_cat-custom-dates-box","11":"product_cat-wholesale-paper-boxes","12":"product_cat-food-packaging-boxes-wholesale","13":"product_cat-custom-snack-box","15":"first","16":"instock","17":"shipping-taxable","18":"product-type-simple"},"acf":[],"_links":{"self":[{"href":"https:\/\/www.yishengpack.com\/es\/wp-json\/wp\/v2\/product\/3246","targetHints":{"allow":["GET"]}}],"collection":[{"href":"https:\/\/www.yishengpack.com\/es\/wp-json\/wp\/v2\/product"}],"about":[{"href":"https:\/\/www.yishengpack.com\/es\/wp-json\/wp\/v2\/types\/product"}],"replies":[{"embeddable":true,"href":"https:\/\/www.yishengpack.com\/es\/wp-json\/wp\/v2\/comments?post=3246"}],"wp:featuredmedia":[{"embeddable":true,"href":"https:\/\/www.yishengpack.com\/es\/wp-json\/wp\/v2\/media\/3247"}],"wp:attachment":[{"href":"https:\/\/www.yishengpack.com\/es\/wp-json\/wp\/v2\/media?parent=3246"}],"wp:term":[{"taxonomy":"box-type","embeddable":true,"href":"https:\/\/www.yishengpack.com\/es\/wp-json\/wp\/v2\/box-type?post=3246"},{"taxonomy":"product_brand","embeddable":true,"href":"https:\/\/www.yishengpack.com\/es\/wp-json\/wp\/v2\/product_brand?post=3246"},{"taxonomy":"product_cat","embeddable":true,"href":"https:\/\/www.yishengpack.com\/es\/wp-json\/wp\/v2\/product_cat?post=3246"},{"taxonomy":"product_tag","embeddable":true,"href":"https:\/\/www.yishengpack.com\/es\/wp-json\/wp\/v2\/product_tag?post=3246"}],"curies":[{"name":"wp","href":"https:\/\/api.w.org\/{rel}","templated":true}]}}