{"id":3238,"date":"2026-01-03T10:16:13","date_gmt":"2026-01-03T10:16:13","guid":{"rendered":"https:\/\/www.yishengpack.com\/?post_type=product&#038;p=3238"},"modified":"2026-01-03T10:16:53","modified_gmt":"2026-01-03T10:16:53","slug":"luxury-gift-boxes-bulk","status":"publish","type":"product","link":"https:\/\/www.yishengpack.com\/es\/producto\/luxury-gift-boxes-bulk\/","title":{"rendered":"Cajas de regalo de lujo a granel, caja magn\u00e9tica r\u00edgida personalizada para regalos y manualidades"},"content":{"rendered":"<div class=\"wp-block-columns is-layout-flex wp-container-core-columns-is-layout-9d6595d7 wp-block-columns-is-layout-flex\">\n<div class=\"wp-block-column is-layout-flow wp-block-column-is-layout-flow\">\n<h3 class=\"wp-block-heading\">Caracter\u00edsticas de las cajas de regalo de lujo a granel<\/h3>\n\n\n\n<p><strong>Cierre magn\u00e9tico de lujo: <\/strong>Estas lujosas cajas de regalo a granel cuentan con un sistema de cierre magn\u00e9tico oculto. La tapa se cierra con un sutil clic de alta calidad para lograr un perfil elegante y sin fisuras, mientras que el suave movimiento de apertura eleva el ritual de desembalaje.<\/p>\n\n\n\n<p><strong>Interiores con forro de felpa o personalizados:<\/strong> Estas lujosas cajas de regalo vienen con forros de tela suave y de alta calidad (como el sat\u00e9n) o con insertos personalizados. Estas opciones protegen los art\u00edculos, desde velas hasta peque\u00f1os obsequios, de forma segura, al tiempo que a\u00f1aden un lujoso acabado t\u00e1ctil.<\/p>\n\n\n\n<p><strong>Paquete plano para log\u00edstica premium:<\/strong> Nuestra caja magn\u00e9tica r\u00edgida personalizada se env\u00eda plana para reducir el volumen de transporte. Este dise\u00f1o reduce los costes de almacenamiento y entrega sin comprometer la estructura r\u00edgida y de alta calidad de la caja una vez montada.<\/p>\n\n\n\n<p><strong>Acabados opulentos monocrom\u00e1ticos y met\u00e1licos:<\/strong> Nuestra caja magn\u00e9tica r\u00edgida personalizada est\u00e1 disponible en tonos intensos y elegantes, combinados con acabados de lujo. Estos detalles crean una est\u00e9tica sofisticada, digna de un regalo.<\/p>\n\n\n\n<p><strong>Personalizaci\u00f3n a medida de marcas y ocasiones:<\/strong> Estas lujosas cajas de regalo a granel se adaptan completamente a las necesidades: ajuste las dimensiones, a\u00f1ada logotipos en relieve o detalles en l\u00e1mina, seleccione los tejidos del forro y modifique la distribuci\u00f3n interior para que se ajuste a la marca o a ocasiones espec\u00edficas para regalar.<\/p>\n<\/div>\n\n\n\n<div class=\"wp-block-column is-layout-flow wp-block-column-is-layout-flow\">\n<figure class=\"wp-block-image size-full\"><img decoding=\"async\" width=\"2048\" height=\"2048\" src=\"https:\/\/www.yishengpack.com\/wp-content\/uploads\/2025\/12\/Luxury-Green-Gift-Box-Wholesale-Customizable-Rigid-Magnetic-Box-for-Gift-Craft-Packaging-2.webp\" alt=\"Cajas de regalo de lujo a granel, cajas r\u00edgidas magn\u00e9ticas personalizadas para regalos y manualidades 2\" class=\"wp-image-3240\" srcset=\"https:\/\/www.yishengpack.com\/wp-content\/uploads\/2025\/12\/Luxury-Green-Gift-Box-Wholesale-Customizable-Rigid-Magnetic-Box-for-Gift-Craft-Packaging-2.webp 2048w, https:\/\/www.yishengpack.com\/wp-content\/uploads\/2025\/12\/Luxury-Green-Gift-Box-Wholesale-Customizable-Rigid-Magnetic-Box-for-Gift-Craft-Packaging-2-300x300.webp 300w, https:\/\/www.yishengpack.com\/wp-content\/uploads\/2025\/12\/Luxury-Green-Gift-Box-Wholesale-Customizable-Rigid-Magnetic-Box-for-Gift-Craft-Packaging-2-150x150.webp 150w, https:\/\/www.yishengpack.com\/wp-content\/uploads\/2025\/12\/Luxury-Green-Gift-Box-Wholesale-Customizable-Rigid-Magnetic-Box-for-Gift-Craft-Packaging-2-768x768.webp 768w, https:\/\/www.yishengpack.com\/wp-content\/uploads\/2025\/12\/Luxury-Green-Gift-Box-Wholesale-Customizable-Rigid-Magnetic-Box-for-Gift-Craft-Packaging-2-12x12.webp 12w, https:\/\/www.yishengpack.com\/wp-content\/uploads\/2025\/12\/Luxury-Green-Gift-Box-Wholesale-Customizable-Rigid-Magnetic-Box-for-Gift-Craft-Packaging-2-1200x1200.webp 1200w, https:\/\/www.yishengpack.com\/wp-content\/uploads\/2025\/12\/Luxury-Green-Gift-Box-Wholesale-Customizable-Rigid-Magnetic-Box-for-Gift-Craft-Packaging-2-600x600.webp 600w, https:\/\/www.yishengpack.com\/wp-content\/uploads\/2025\/12\/Luxury-Green-Gift-Box-Wholesale-Customizable-Rigid-Magnetic-Box-for-Gift-Craft-Packaging-2-100x100.webp 100w\" sizes=\"(max-width: 2048px) 100vw, 2048px\" \/><\/figure>\n<\/div>\n<\/div>\n\n\n\n<div class=\"wp-block-columns is-layout-flex wp-container-core-columns-is-layout-9d6595d7 wp-block-columns-is-layout-flex\">\n<div class=\"wp-block-column is-layout-flow wp-block-column-is-layout-flow\">\n<figure class=\"wp-block-image size-full\"><img decoding=\"async\" width=\"1142\" height=\"1142\" src=\"https:\/\/www.yishengpack.com\/wp-content\/uploads\/2025\/12\/Luxury-Green-Gift-Box-Wholesale-Customizable-Rigid-Magnetic-Box-for-Gift-Craft-Packaging-6.webp\" alt=\"cajas-de-regalo-de-lujo-a-granel-personalizadas-r\u00edgidas-magn\u00e9ticas-para-regalos-y-artesan\u00eda-6\" class=\"wp-image-3244\" srcset=\"https:\/\/www.yishengpack.com\/wp-content\/uploads\/2025\/12\/Luxury-Green-Gift-Box-Wholesale-Customizable-Rigid-Magnetic-Box-for-Gift-Craft-Packaging-6.webp 1142w, https:\/\/www.yishengpack.com\/wp-content\/uploads\/2025\/12\/Luxury-Green-Gift-Box-Wholesale-Customizable-Rigid-Magnetic-Box-for-Gift-Craft-Packaging-6-300x300.webp 300w, https:\/\/www.yishengpack.com\/wp-content\/uploads\/2025\/12\/Luxury-Green-Gift-Box-Wholesale-Customizable-Rigid-Magnetic-Box-for-Gift-Craft-Packaging-6-150x150.webp 150w, https:\/\/www.yishengpack.com\/wp-content\/uploads\/2025\/12\/Luxury-Green-Gift-Box-Wholesale-Customizable-Rigid-Magnetic-Box-for-Gift-Craft-Packaging-6-768x768.webp 768w, https:\/\/www.yishengpack.com\/wp-content\/uploads\/2025\/12\/Luxury-Green-Gift-Box-Wholesale-Customizable-Rigid-Magnetic-Box-for-Gift-Craft-Packaging-6-12x12.webp 12w, https:\/\/www.yishengpack.com\/wp-content\/uploads\/2025\/12\/Luxury-Green-Gift-Box-Wholesale-Customizable-Rigid-Magnetic-Box-for-Gift-Craft-Packaging-6-600x600.webp 600w, https:\/\/www.yishengpack.com\/wp-content\/uploads\/2025\/12\/Luxury-Green-Gift-Box-Wholesale-Customizable-Rigid-Magnetic-Box-for-Gift-Craft-Packaging-6-100x100.webp 100w\" sizes=\"(max-width: 1142px) 100vw, 1142px\" \/><\/figure>\n\n\n\n<div class=\"wp-block-buttons has-custom-font-size has-small-font-size is-content-justification-center is-layout-flex wp-container-core-buttons-is-layout-16018d1d wp-block-buttons-is-layout-flex\">\n<div class=\"wp-block-button has-custom-width wp-block-button__width-75\"><a class=\"wp-block-button__link has-background has-small-font-size has-custom-font-size wp-element-button\" href=\"https:\/\/www.yishengpack.com\/es\/custom-printed-box\/\" style=\"background:linear-gradient(135deg,rgb(254,205,165) 0%,rgb(254,45,45) 0%,rgb(94,15,15) 0%,rgb(94,15,15) 100%)\" target=\"_blank\" rel=\"noreferrer noopener\"><strong>Explorar las cajas impresas personalizadas<\/strong><\/a><\/div>\n<\/div>\n<\/div>\n\n\n\n<div class=\"wp-block-column is-layout-flow wp-block-column-is-layout-flow\">\n<figure class=\"wp-block-image size-full\"><img decoding=\"async\" width=\"1841\" height=\"1841\" src=\"https:\/\/www.yishengpack.com\/wp-content\/uploads\/2025\/12\/Luxury-Green-Gift-Box-Wholesale-Customizable-Rigid-Magnetic-Box-for-Gift-Craft-Packaging-4.webp\" alt=\"Cajas de regalo de lujo a granel, cajas r\u00edgidas magn\u00e9ticas personalizadas para regalos y manualidades 4\" class=\"wp-image-3242\" srcset=\"https:\/\/www.yishengpack.com\/wp-content\/uploads\/2025\/12\/Luxury-Green-Gift-Box-Wholesale-Customizable-Rigid-Magnetic-Box-for-Gift-Craft-Packaging-4.webp 1841w, https:\/\/www.yishengpack.com\/wp-content\/uploads\/2025\/12\/Luxury-Green-Gift-Box-Wholesale-Customizable-Rigid-Magnetic-Box-for-Gift-Craft-Packaging-4-300x300.webp 300w, https:\/\/www.yishengpack.com\/wp-content\/uploads\/2025\/12\/Luxury-Green-Gift-Box-Wholesale-Customizable-Rigid-Magnetic-Box-for-Gift-Craft-Packaging-4-150x150.webp 150w, https:\/\/www.yishengpack.com\/wp-content\/uploads\/2025\/12\/Luxury-Green-Gift-Box-Wholesale-Customizable-Rigid-Magnetic-Box-for-Gift-Craft-Packaging-4-768x768.webp 768w, https:\/\/www.yishengpack.com\/wp-content\/uploads\/2025\/12\/Luxury-Green-Gift-Box-Wholesale-Customizable-Rigid-Magnetic-Box-for-Gift-Craft-Packaging-4-12x12.webp 12w, https:\/\/www.yishengpack.com\/wp-content\/uploads\/2025\/12\/Luxury-Green-Gift-Box-Wholesale-Customizable-Rigid-Magnetic-Box-for-Gift-Craft-Packaging-4-1200x1200.webp 1200w, https:\/\/www.yishengpack.com\/wp-content\/uploads\/2025\/12\/Luxury-Green-Gift-Box-Wholesale-Customizable-Rigid-Magnetic-Box-for-Gift-Craft-Packaging-4-600x600.webp 600w, https:\/\/www.yishengpack.com\/wp-content\/uploads\/2025\/12\/Luxury-Green-Gift-Box-Wholesale-Customizable-Rigid-Magnetic-Box-for-Gift-Craft-Packaging-4-100x100.webp 100w\" sizes=\"(max-width: 1841px) 100vw, 1841px\" \/><\/figure>\n\n\n\n<div class=\"wp-block-buttons has-custom-font-size has-small-font-size is-content-justification-center is-layout-flex wp-container-core-buttons-is-layout-16018d1d wp-block-buttons-is-layout-flex\">\n<div class=\"wp-block-button has-custom-width wp-block-button__width-75\"><a class=\"wp-block-button__link has-background has-small-font-size has-custom-font-size wp-element-button\" href=\"https:\/\/www.yishengpack.com\/es\/custom-box-inserts-accessories\/\" style=\"background:linear-gradient(135deg,rgb(254,205,165) 0%,rgb(254,45,45) 0%,rgb(94,15,15) 0%,rgb(94,15,15) 100%)\" target=\"_blank\" rel=\"noreferrer noopener\"><strong>Explorar los insertos personalizados para cajas<\/strong><\/a><\/div>\n<\/div>\n<\/div>\n<\/div>","protected":false},"excerpt":{"rendered":"<div class=\"auto-hide-last-sibling-br paragraph-pP9ZLC paragraph-element br-paragraph-space\">\n<p>Bienvenido a la compra al por mayor de nuestras lujosas cajas de regalo, unas elegantes cajas de papel perfectas para chocolates, velas, joyas o peque\u00f1os obsequios. Cuentan con un refinado dise\u00f1o con tapa abatible y detalles de primera calidad, como forros de sat\u00e9n o insertos de papel a medida. Combinan elegancia y funcionalidad. Desde el tama\u00f1o y los colores hasta los detalles del logotipo y los dise\u00f1os interiores personalizados, todos los elementos se pueden personalizar completamente para que se adapten a su marca. D\u00e9jenos ayudarle a que su producto destaque de forma elegante y eficaz.<\/p>\n<h2>Lo m\u00e1s destacado de las cajas de regalo de lujo al por mayor<\/h2>\n<ul>\n<li>Dise\u00f1o minimalista y optimizado<\/li>\n<li>Personalizaci\u00f3n completa<\/li>\n<li>Materiales de primera calidad<\/li>\n<li>Procesos de impresi\u00f3n sofisticados<\/li>\n<li>Varios tama\u00f1os de caja<\/li>\n<li>Varias opciones de color<\/li>\n<li>Construcci\u00f3n duradera con caja r\u00edgida<\/li>\n<li>Compatibilidad con regalos multiuso<\/li>\n<\/ul>\n<\/div>","protected":false},"featured_media":3239,"comment_status":"closed","ping_status":"closed","template":"","meta":{"_acf_changed":false},"box-type":[54,57],"product_brand":[],"product_cat":[19,41,66,40,39,68],"product_tag":[],"class_list":{"0":"post-3238","1":"product","2":"type-product","3":"status-publish","4":"has-post-thumbnail","6":"box-type-custom-magnetic-closure-boxes","7":"box-type-custom-rigid-box-with-lid","8":"product_cat-luxury-gift-boxes-wholesale","9":"product_cat-candy-gift-boxes-wholesale","10":"product_cat-custom-apparel-boxes","11":"product_cat-custom-jewelry-boxes","12":"product_cat-custom-perfume-boxes","13":"product_cat-custom-dates-box","15":"first","16":"instock","17":"shipping-taxable","18":"product-type-simple"},"acf":[],"_links":{"self":[{"href":"https:\/\/www.yishengpack.com\/es\/wp-json\/wp\/v2\/product\/3238","targetHints":{"allow":["GET"]}}],"collection":[{"href":"https:\/\/www.yishengpack.com\/es\/wp-json\/wp\/v2\/product"}],"about":[{"href":"https:\/\/www.yishengpack.com\/es\/wp-json\/wp\/v2\/types\/product"}],"replies":[{"embeddable":true,"href":"https:\/\/www.yishengpack.com\/es\/wp-json\/wp\/v2\/comments?post=3238"}],"wp:featuredmedia":[{"embeddable":true,"href":"https:\/\/www.yishengpack.com\/es\/wp-json\/wp\/v2\/media\/3239"}],"wp:attachment":[{"href":"https:\/\/www.yishengpack.com\/es\/wp-json\/wp\/v2\/media?parent=3238"}],"wp:term":[{"taxonomy":"box-type","embeddable":true,"href":"https:\/\/www.yishengpack.com\/es\/wp-json\/wp\/v2\/box-type?post=3238"},{"taxonomy":"product_brand","embeddable":true,"href":"https:\/\/www.yishengpack.com\/es\/wp-json\/wp\/v2\/product_brand?post=3238"},{"taxonomy":"product_cat","embeddable":true,"href":"https:\/\/www.yishengpack.com\/es\/wp-json\/wp\/v2\/product_cat?post=3238"},{"taxonomy":"product_tag","embeddable":true,"href":"https:\/\/www.yishengpack.com\/es\/wp-json\/wp\/v2\/product_tag?post=3238"}],"curies":[{"name":"wp","href":"https:\/\/api.w.org\/{rel}","templated":true}]}}