{"id":3228,"date":"2026-01-04T03:46:41","date_gmt":"2026-01-04T03:46:41","guid":{"rendered":"https:\/\/www.yishengpack.com\/?post_type=product&#038;p=3228"},"modified":"2026-01-04T03:46:42","modified_gmt":"2026-01-04T03:46:42","slug":"wholesale-chocolate-candy-boxes","status":"publish","type":"product","link":"https:\/\/www.yishengpack.com\/es\/producto\/wholesale-chocolate-candy-boxes\/","title":{"rendered":"Cajas de bombones al por mayor, suministro de cajas de regalo magn\u00e9ticas"},"content":{"rendered":"<div class=\"wp-block-columns is-layout-flex wp-container-core-columns-is-layout-9d6595d7 wp-block-columns-is-layout-flex\">\n<div class=\"wp-block-column is-layout-flow wp-block-column-is-layout-flow\">\n<h3 class=\"wp-block-heading\">Caracter\u00edsticas de las cajas de bombones al por mayor<\/h3>\n\n\n\n<p><strong>Estructura con cierre magn\u00e9tico abatible:<\/strong> Estas cajas de bombones al por mayor integran un cierre magn\u00e9tico oculto en su dise\u00f1o con tapa abatible. La tapa se cierra con un clic seguro para ofrecer un aspecto elegante y sin fisuras, mientras que el suave movimiento de apertura mejora la experiencia de desembalaje.<\/p>\n\n\n\n<p><strong>Acentos de color y decoraci\u00f3n de lujo: <\/strong>Estas lujosas cajas magn\u00e9ticas para regalos se ofrecen en tonos sofisticados (azul suave, coral, esmeralda) combinados con detalles como patrones laminados o paneles transparentes. Estos elementos realzan el aspecto premium de la caja.<\/p>\n\n\n\n<p><strong>Personalizaci\u00f3n alineada con la marca: <\/strong>Estas lujosas cajas magn\u00e9ticas para regalo se pueden personalizar completamente para adaptarlas a su marca. Ajuste el tama\u00f1o, a\u00f1ada logotipos en relieve o gr\u00e1ficos impresos, elija los acabados de la superficie (mate, brillante) y modifique los dise\u00f1os de los insertos para adaptarlos a las necesidades del producto.<\/p>\n\n\n\n<p><strong>Varios tama\u00f1os y opciones de inserci\u00f3n personalizadas:<\/strong> Estas cajas de bombones al por mayor se pueden personalizar con los tama\u00f1os de caja disponibles, con insertos de EVA, pulpa moldeada, tarjetas de papel o PET, adecuados para el envasado de bombones individuales, m\u00faltiples o combinados.<\/p>\n\n\n\n<p><strong>Adecuado para venta al por mayor y suministro a granel: <\/strong>Suministro directo de f\u00e1brica de cajas de bombones al por mayor, capacidad de producci\u00f3n estable, admite pedidos de gran volumen, adecuado para propietarios de marcas de chocolate, fabricantes de confiter\u00eda, empresas de regalos y distribuidores.<\/p>\n<\/div>\n\n\n\n<div class=\"wp-block-column is-layout-flow wp-block-column-is-layout-flow\">\n<figure class=\"wp-block-image size-full\"><img decoding=\"async\" width=\"1838\" height=\"1838\" src=\"https:\/\/www.yishengpack.com\/wp-content\/uploads\/2025\/12\/Hot-Sale-Gift-Box-Wholesaler-Luxury-Custom-Chocolate-Packaging-Box-2.webp\" alt=\"Cajas de bombones al por mayor, cajas de regalo magn\u00e9ticas, suministro 2\" class=\"wp-image-3230\" srcset=\"https:\/\/www.yishengpack.com\/wp-content\/uploads\/2025\/12\/Hot-Sale-Gift-Box-Wholesaler-Luxury-Custom-Chocolate-Packaging-Box-2.webp 1838w, https:\/\/www.yishengpack.com\/wp-content\/uploads\/2025\/12\/Hot-Sale-Gift-Box-Wholesaler-Luxury-Custom-Chocolate-Packaging-Box-2-300x300.webp 300w, https:\/\/www.yishengpack.com\/wp-content\/uploads\/2025\/12\/Hot-Sale-Gift-Box-Wholesaler-Luxury-Custom-Chocolate-Packaging-Box-2-150x150.webp 150w, https:\/\/www.yishengpack.com\/wp-content\/uploads\/2025\/12\/Hot-Sale-Gift-Box-Wholesaler-Luxury-Custom-Chocolate-Packaging-Box-2-768x768.webp 768w, https:\/\/www.yishengpack.com\/wp-content\/uploads\/2025\/12\/Hot-Sale-Gift-Box-Wholesaler-Luxury-Custom-Chocolate-Packaging-Box-2-12x12.webp 12w, https:\/\/www.yishengpack.com\/wp-content\/uploads\/2025\/12\/Hot-Sale-Gift-Box-Wholesaler-Luxury-Custom-Chocolate-Packaging-Box-2-1200x1200.webp 1200w, https:\/\/www.yishengpack.com\/wp-content\/uploads\/2025\/12\/Hot-Sale-Gift-Box-Wholesaler-Luxury-Custom-Chocolate-Packaging-Box-2-600x600.webp 600w, https:\/\/www.yishengpack.com\/wp-content\/uploads\/2025\/12\/Hot-Sale-Gift-Box-Wholesaler-Luxury-Custom-Chocolate-Packaging-Box-2-100x100.webp 100w\" sizes=\"(max-width: 1838px) 100vw, 1838px\" \/><\/figure>\n<\/div>\n<\/div>\n\n\n\n<div class=\"wp-block-columns is-layout-flex wp-container-core-columns-is-layout-9d6595d7 wp-block-columns-is-layout-flex\">\n<div class=\"wp-block-column is-layout-flow wp-block-column-is-layout-flow\">\n<figure class=\"wp-block-image size-full\"><img decoding=\"async\" width=\"4096\" height=\"4096\" src=\"https:\/\/www.yishengpack.com\/wp-content\/uploads\/2025\/12\/Hot-Sale-Gift-Box-Wholesaler-Luxury-Custom-Chocolate-Packaging-Box-6.webp\" alt=\"Cajas de bombones al por mayor, cajas de regalo magn\u00e9ticas, suministro 6\" class=\"wp-image-3234\" srcset=\"https:\/\/www.yishengpack.com\/wp-content\/uploads\/2025\/12\/Hot-Sale-Gift-Box-Wholesaler-Luxury-Custom-Chocolate-Packaging-Box-6.webp 4096w, https:\/\/www.yishengpack.com\/wp-content\/uploads\/2025\/12\/Hot-Sale-Gift-Box-Wholesaler-Luxury-Custom-Chocolate-Packaging-Box-6-300x300.webp 300w, https:\/\/www.yishengpack.com\/wp-content\/uploads\/2025\/12\/Hot-Sale-Gift-Box-Wholesaler-Luxury-Custom-Chocolate-Packaging-Box-6-150x150.webp 150w, https:\/\/www.yishengpack.com\/wp-content\/uploads\/2025\/12\/Hot-Sale-Gift-Box-Wholesaler-Luxury-Custom-Chocolate-Packaging-Box-6-768x768.webp 768w, https:\/\/www.yishengpack.com\/wp-content\/uploads\/2025\/12\/Hot-Sale-Gift-Box-Wholesaler-Luxury-Custom-Chocolate-Packaging-Box-6-12x12.webp 12w, https:\/\/www.yishengpack.com\/wp-content\/uploads\/2025\/12\/Hot-Sale-Gift-Box-Wholesaler-Luxury-Custom-Chocolate-Packaging-Box-6-1200x1200.webp 1200w, https:\/\/www.yishengpack.com\/wp-content\/uploads\/2025\/12\/Hot-Sale-Gift-Box-Wholesaler-Luxury-Custom-Chocolate-Packaging-Box-6-600x600.webp 600w, https:\/\/www.yishengpack.com\/wp-content\/uploads\/2025\/12\/Hot-Sale-Gift-Box-Wholesaler-Luxury-Custom-Chocolate-Packaging-Box-6-100x100.webp 100w\" sizes=\"(max-width: 4096px) 100vw, 4096px\" \/><\/figure>\n\n\n\n<div class=\"wp-block-buttons has-custom-font-size has-small-font-size is-content-justification-center is-layout-flex wp-container-core-buttons-is-layout-16018d1d wp-block-buttons-is-layout-flex\">\n<div class=\"wp-block-button has-custom-width wp-block-button__width-75\"><a class=\"wp-block-button__link has-background has-small-font-size has-custom-font-size wp-element-button\" href=\"https:\/\/www.yishengpack.com\/es\/custom-printed-box\/\" style=\"background:linear-gradient(135deg,rgb(254,205,165) 0%,rgb(254,45,45) 0%,rgb(94,15,15) 0%,rgb(94,15,15) 100%)\" target=\"_blank\" rel=\"noreferrer noopener\"><strong>Explorar las cajas impresas personalizadas<\/strong><\/a><\/div>\n<\/div>\n<\/div>\n\n\n\n<div class=\"wp-block-column is-layout-flow wp-block-column-is-layout-flow\">\n<figure class=\"wp-block-image size-full\"><img decoding=\"async\" width=\"2048\" height=\"2048\" src=\"https:\/\/www.yishengpack.com\/wp-content\/uploads\/2025\/12\/Hot-Sale-Gift-Box-Wholesaler-Luxury-Custom-Chocolate-Packaging-Box-7.webp\" alt=\"Cajas de bombones al por mayor, cajas de regalo magn\u00e9ticas, suministro 7\" class=\"wp-image-3235\" srcset=\"https:\/\/www.yishengpack.com\/wp-content\/uploads\/2025\/12\/Hot-Sale-Gift-Box-Wholesaler-Luxury-Custom-Chocolate-Packaging-Box-7.webp 2048w, https:\/\/www.yishengpack.com\/wp-content\/uploads\/2025\/12\/Hot-Sale-Gift-Box-Wholesaler-Luxury-Custom-Chocolate-Packaging-Box-7-300x300.webp 300w, https:\/\/www.yishengpack.com\/wp-content\/uploads\/2025\/12\/Hot-Sale-Gift-Box-Wholesaler-Luxury-Custom-Chocolate-Packaging-Box-7-150x150.webp 150w, https:\/\/www.yishengpack.com\/wp-content\/uploads\/2025\/12\/Hot-Sale-Gift-Box-Wholesaler-Luxury-Custom-Chocolate-Packaging-Box-7-768x768.webp 768w, https:\/\/www.yishengpack.com\/wp-content\/uploads\/2025\/12\/Hot-Sale-Gift-Box-Wholesaler-Luxury-Custom-Chocolate-Packaging-Box-7-12x12.webp 12w, https:\/\/www.yishengpack.com\/wp-content\/uploads\/2025\/12\/Hot-Sale-Gift-Box-Wholesaler-Luxury-Custom-Chocolate-Packaging-Box-7-1200x1200.webp 1200w, https:\/\/www.yishengpack.com\/wp-content\/uploads\/2025\/12\/Hot-Sale-Gift-Box-Wholesaler-Luxury-Custom-Chocolate-Packaging-Box-7-600x600.webp 600w, https:\/\/www.yishengpack.com\/wp-content\/uploads\/2025\/12\/Hot-Sale-Gift-Box-Wholesaler-Luxury-Custom-Chocolate-Packaging-Box-7-100x100.webp 100w\" sizes=\"(max-width: 2048px) 100vw, 2048px\" \/><\/figure>\n\n\n\n<div class=\"wp-block-buttons has-custom-font-size has-small-font-size is-content-justification-center is-layout-flex wp-container-core-buttons-is-layout-16018d1d wp-block-buttons-is-layout-flex\">\n<div class=\"wp-block-button has-custom-width wp-block-button__width-75\"><a class=\"wp-block-button__link has-background has-small-font-size has-custom-font-size wp-element-button\" href=\"https:\/\/www.yishengpack.com\/es\/custom-product-boxes-types\/\" style=\"background:linear-gradient(135deg,rgb(254,205,165) 0%,rgb(254,45,45) 0%,rgb(94,15,15) 0%,rgb(94,15,15) 100%)\" target=\"_blank\" rel=\"noreferrer noopener\"><strong>Explora los tipos de cajas personalizadas<\/strong><\/a><\/div>\n<\/div>\n<\/div>\n<\/div>","protected":false},"excerpt":{"rendered":"<div data-page-id=\"XCEWfL77Gdj3N4cTPBOcY7TrnCh\" data-lark-html-role=\"root\" data-docx-has-block-data=\"false\">\n<div class=\"ace-line ace-line old-record-id-OuF1fnArGd9seVcLcH6cI33Wnzd\">\n<p>Bienvenido a comprar nuestras cajas de bombones de chocolate al por mayor con lujosas cajas magn\u00e9ticas para regalo, dise\u00f1adas para el envasado de productos de confiter\u00eda de alta calidad. Estas cajas magn\u00e9ticas r\u00edgidas ofrecen seguridad alimentaria, tama\u00f1os personalizables, insertos y acabados de impresi\u00f3n de alta gama. Ideales para pedidos al por mayor, mejoran la presentaci\u00f3n de la marca al tiempo que proporcionan una protecci\u00f3n fiable, perfectas para marcas de chocolate, fabricantes de dulces y proveedores de envases para regalos.<\/p>\n<h2>Lo m\u00e1s destacado de las cajas de bombones al por mayor<\/h2>\n<ul>\n<li>Dise\u00f1o de cierre magn\u00e9tico<\/li>\n<li>Personalizaci\u00f3n de gama alta<\/li>\n<li>Materiales impermeables<\/li>\n<li>Procesos de impresi\u00f3n sofisticados<\/li>\n<li>Varios tama\u00f1os de caja<\/li>\n<li>Gran variedad de colores<\/li>\n<li>Forro interior de primera calidad<\/li>\n<li>Construcci\u00f3n robusta<\/li>\n<\/ul>\n<\/div>\n<\/div>","protected":false},"featured_media":3229,"comment_status":"closed","ping_status":"closed","template":"","meta":{"_acf_changed":false},"box-type":[54,57],"product_brand":[],"product_cat":[19,41,68,46,33,44],"product_tag":[],"class_list":{"0":"post-3228","1":"product","2":"type-product","3":"status-publish","4":"has-post-thumbnail","6":"box-type-custom-magnetic-closure-boxes","7":"box-type-custom-rigid-box-with-lid","8":"product_cat-luxury-gift-boxes-wholesale","9":"product_cat-candy-gift-boxes-wholesale","10":"product_cat-custom-dates-box","11":"product_cat-wholesale-paper-boxes","12":"product_cat-food-packaging-boxes-wholesale","13":"product_cat-custom-snack-box","15":"first","16":"instock","17":"shipping-taxable","18":"product-type-simple"},"acf":[],"_links":{"self":[{"href":"https:\/\/www.yishengpack.com\/es\/wp-json\/wp\/v2\/product\/3228","targetHints":{"allow":["GET"]}}],"collection":[{"href":"https:\/\/www.yishengpack.com\/es\/wp-json\/wp\/v2\/product"}],"about":[{"href":"https:\/\/www.yishengpack.com\/es\/wp-json\/wp\/v2\/types\/product"}],"replies":[{"embeddable":true,"href":"https:\/\/www.yishengpack.com\/es\/wp-json\/wp\/v2\/comments?post=3228"}],"wp:featuredmedia":[{"embeddable":true,"href":"https:\/\/www.yishengpack.com\/es\/wp-json\/wp\/v2\/media\/3229"}],"wp:attachment":[{"href":"https:\/\/www.yishengpack.com\/es\/wp-json\/wp\/v2\/media?parent=3228"}],"wp:term":[{"taxonomy":"box-type","embeddable":true,"href":"https:\/\/www.yishengpack.com\/es\/wp-json\/wp\/v2\/box-type?post=3228"},{"taxonomy":"product_brand","embeddable":true,"href":"https:\/\/www.yishengpack.com\/es\/wp-json\/wp\/v2\/product_brand?post=3228"},{"taxonomy":"product_cat","embeddable":true,"href":"https:\/\/www.yishengpack.com\/es\/wp-json\/wp\/v2\/product_cat?post=3228"},{"taxonomy":"product_tag","embeddable":true,"href":"https:\/\/www.yishengpack.com\/es\/wp-json\/wp\/v2\/product_tag?post=3228"}],"curies":[{"name":"wp","href":"https:\/\/api.w.org\/{rel}","templated":true}]}}