{"id":3219,"date":"2026-01-04T02:26:43","date_gmt":"2026-01-04T02:26:43","guid":{"rendered":"https:\/\/www.yishengpack.com\/?post_type=product&#038;p=3219"},"modified":"2026-01-04T02:26:45","modified_gmt":"2026-01-04T02:26:45","slug":"custom-lid-and-base-boxes","status":"publish","type":"product","link":"https:\/\/www.yishengpack.com\/es\/producto\/custom-lid-and-base-boxes\/","title":{"rendered":"Cajas de lujo personalizadas con tapa y base, cajas de regalo Dates al por mayor"},"content":{"rendered":"<div class=\"wp-block-columns is-layout-flex wp-container-core-columns-is-layout-9d6595d7 wp-block-columns-is-layout-flex\">\n<div class=\"wp-block-column is-layout-flow wp-block-column-is-layout-flow\">\n<h3 class=\"wp-block-heading\">Caracter\u00edsticas de las cajas con tapa y base personalizadas<\/h3>\n\n\n\n<p><strong>Dise\u00f1o Lift-Top Premium: <\/strong>Estas cajas personalizadas con tapa y base adoptan una elegante estructura con tapa abatible. La tapa encaja perfectamente sobre la base para crear una silueta pulida, mientras que la apertura suave y sin obst\u00e1culos muestra el contenido con elegancia.<\/p>\n\n\n\n<p><strong>Compartimentos adaptados y aptos para alimentos: <\/strong>Estas cajas personalizadas con tapa y base cuentan con compartimentos interiores aptos para alimentos que se ajustan perfectamente a su forma. Est\u00e1n dise\u00f1adas para contener bombones, d\u00e1tiles rellenos o dulces, lo que garantiza que los productos se mantengan intactos y se presenten de forma impecable.<\/p>\n\n\n\n<p><strong>Caja r\u00edgida de lujo:<\/strong> Estas cajas con tapa y base personalizadas est\u00e1n fabricadas con cart\u00f3n gris grueso o papel de embalaje exterior apto para uso alimentario. Son resistentes a la presi\u00f3n y duraderas, adecuadas para el transporte a larga distancia y la exportaci\u00f3n a granel.<\/p>\n\n\n\n<p><strong>Detalles lujosos en color y l\u00e1mina: <\/strong>Nuestras cajas de regalo de chocolate al por mayor est\u00e1n disponibles en los colores m\u00e1s elegantes, como azul real, esmeralda y crema. Se combinan con detalles met\u00e1licos, como motivos en relieve o logotipos de la marca, que a\u00f1aden un toque de sofisticaci\u00f3n con un toque de color.<\/p>\n\n\n\n<p><strong>Personalizaci\u00f3n centrada en la marca:<\/strong> Nuestras cajas de regalo de chocolate al por mayor son totalmente personalizables. Personalice el tama\u00f1o, a\u00f1ada logotipos grabados o dise\u00f1os laminados, elija entre diferentes acabados superficiales, incluyendo mate o brillante, y complete su paquete con art\u00edculos a juego, como bolsas de regalo o etiquetas, para transmitir mejor el mensaje de su marca.<\/p>\n\n\n\n<p><strong>Ideal para el mercado global de regalos:<\/strong> Nuestras cajas de regalo de chocolate al por mayor son especialmente adecuadas para cajas de regalo de d\u00e1tiles, cajas de regalo de chocolate, Ramad\u00e1n, Eid al-Fitr, mercados de regalos festivos y de negocios.<\/p>\n<\/div>\n\n\n\n<div class=\"wp-block-column is-layout-flow wp-block-column-is-layout-flow\">\n<figure class=\"wp-block-image size-full\"><img decoding=\"async\" width=\"2048\" height=\"2048\" src=\"https:\/\/www.yishengpack.com\/wp-content\/uploads\/2025\/12\/Wholesale-Box-Manufacturers-Customize-Luxury-Dates-Chocolate-Package-Gift-Box-2.webp\" alt=\"cajas-de-lujo-con-tapa-y-base-personalizadas-cajas-de-regalo-con-fecha-al por mayor-2\" class=\"wp-image-3221\" srcset=\"https:\/\/www.yishengpack.com\/wp-content\/uploads\/2025\/12\/Wholesale-Box-Manufacturers-Customize-Luxury-Dates-Chocolate-Package-Gift-Box-2.webp 2048w, https:\/\/www.yishengpack.com\/wp-content\/uploads\/2025\/12\/Wholesale-Box-Manufacturers-Customize-Luxury-Dates-Chocolate-Package-Gift-Box-2-300x300.webp 300w, https:\/\/www.yishengpack.com\/wp-content\/uploads\/2025\/12\/Wholesale-Box-Manufacturers-Customize-Luxury-Dates-Chocolate-Package-Gift-Box-2-150x150.webp 150w, https:\/\/www.yishengpack.com\/wp-content\/uploads\/2025\/12\/Wholesale-Box-Manufacturers-Customize-Luxury-Dates-Chocolate-Package-Gift-Box-2-768x768.webp 768w, https:\/\/www.yishengpack.com\/wp-content\/uploads\/2025\/12\/Wholesale-Box-Manufacturers-Customize-Luxury-Dates-Chocolate-Package-Gift-Box-2-12x12.webp 12w, https:\/\/www.yishengpack.com\/wp-content\/uploads\/2025\/12\/Wholesale-Box-Manufacturers-Customize-Luxury-Dates-Chocolate-Package-Gift-Box-2-1200x1200.webp 1200w, https:\/\/www.yishengpack.com\/wp-content\/uploads\/2025\/12\/Wholesale-Box-Manufacturers-Customize-Luxury-Dates-Chocolate-Package-Gift-Box-2-600x600.webp 600w, https:\/\/www.yishengpack.com\/wp-content\/uploads\/2025\/12\/Wholesale-Box-Manufacturers-Customize-Luxury-Dates-Chocolate-Package-Gift-Box-2-100x100.webp 100w\" sizes=\"(max-width: 2048px) 100vw, 2048px\" \/><\/figure>\n<\/div>\n<\/div>\n\n\n\n<div class=\"wp-block-columns is-layout-flex wp-container-core-columns-is-layout-9d6595d7 wp-block-columns-is-layout-flex\">\n<div class=\"wp-block-column is-layout-flow wp-block-column-is-layout-flow\">\n<figure class=\"wp-block-image size-full\"><img decoding=\"async\" width=\"2048\" height=\"2048\" src=\"https:\/\/www.yishengpack.com\/wp-content\/uploads\/2025\/12\/Wholesale-Box-Manufacturers-Customize-Luxury-Dates-Chocolate-Package-Gift-Box-4.webp\" alt=\"Cajas de lujo personalizadas con tapa y base, cajas de regalo con fecha, venta al por mayor 4\" class=\"wp-image-3223\" srcset=\"https:\/\/www.yishengpack.com\/wp-content\/uploads\/2025\/12\/Wholesale-Box-Manufacturers-Customize-Luxury-Dates-Chocolate-Package-Gift-Box-4.webp 2048w, https:\/\/www.yishengpack.com\/wp-content\/uploads\/2025\/12\/Wholesale-Box-Manufacturers-Customize-Luxury-Dates-Chocolate-Package-Gift-Box-4-300x300.webp 300w, https:\/\/www.yishengpack.com\/wp-content\/uploads\/2025\/12\/Wholesale-Box-Manufacturers-Customize-Luxury-Dates-Chocolate-Package-Gift-Box-4-150x150.webp 150w, https:\/\/www.yishengpack.com\/wp-content\/uploads\/2025\/12\/Wholesale-Box-Manufacturers-Customize-Luxury-Dates-Chocolate-Package-Gift-Box-4-768x768.webp 768w, https:\/\/www.yishengpack.com\/wp-content\/uploads\/2025\/12\/Wholesale-Box-Manufacturers-Customize-Luxury-Dates-Chocolate-Package-Gift-Box-4-12x12.webp 12w, https:\/\/www.yishengpack.com\/wp-content\/uploads\/2025\/12\/Wholesale-Box-Manufacturers-Customize-Luxury-Dates-Chocolate-Package-Gift-Box-4-1200x1200.webp 1200w, https:\/\/www.yishengpack.com\/wp-content\/uploads\/2025\/12\/Wholesale-Box-Manufacturers-Customize-Luxury-Dates-Chocolate-Package-Gift-Box-4-600x600.webp 600w, https:\/\/www.yishengpack.com\/wp-content\/uploads\/2025\/12\/Wholesale-Box-Manufacturers-Customize-Luxury-Dates-Chocolate-Package-Gift-Box-4-100x100.webp 100w\" sizes=\"(max-width: 2048px) 100vw, 2048px\" \/><\/figure>\n\n\n\n<div class=\"wp-block-buttons has-custom-font-size has-small-font-size is-content-justification-center is-layout-flex wp-container-core-buttons-is-layout-16018d1d wp-block-buttons-is-layout-flex\">\n<div class=\"wp-block-button has-custom-width wp-block-button__width-75\"><a class=\"wp-block-button__link has-background has-small-font-size has-custom-font-size wp-element-button\" href=\"https:\/\/www.yishengpack.com\/es\/custom-printed-box\/\" style=\"background:linear-gradient(135deg,rgb(254,205,165) 0%,rgb(254,45,45) 0%,rgb(94,15,15) 0%,rgb(94,15,15) 100%)\" target=\"_blank\" rel=\"noreferrer noopener\"><strong>Explorar las cajas impresas personalizadas<\/strong><\/a><\/div>\n<\/div>\n<\/div>\n\n\n\n<div class=\"wp-block-column is-layout-flow wp-block-column-is-layout-flow\">\n<figure class=\"wp-block-image size-full\"><img decoding=\"async\" width=\"2048\" height=\"2048\" src=\"https:\/\/www.yishengpack.com\/wp-content\/uploads\/2025\/12\/Wholesale-Box-Manufacturers-Customize-Luxury-Dates-Chocolate-Package-Gift-Box-7.webp\" alt=\"Cajas de lujo personalizadas con tapa y base, cajas de regalo con fecha, venta al por mayor 7\" class=\"wp-image-3226\" srcset=\"https:\/\/www.yishengpack.com\/wp-content\/uploads\/2025\/12\/Wholesale-Box-Manufacturers-Customize-Luxury-Dates-Chocolate-Package-Gift-Box-7.webp 2048w, https:\/\/www.yishengpack.com\/wp-content\/uploads\/2025\/12\/Wholesale-Box-Manufacturers-Customize-Luxury-Dates-Chocolate-Package-Gift-Box-7-300x300.webp 300w, https:\/\/www.yishengpack.com\/wp-content\/uploads\/2025\/12\/Wholesale-Box-Manufacturers-Customize-Luxury-Dates-Chocolate-Package-Gift-Box-7-150x150.webp 150w, https:\/\/www.yishengpack.com\/wp-content\/uploads\/2025\/12\/Wholesale-Box-Manufacturers-Customize-Luxury-Dates-Chocolate-Package-Gift-Box-7-768x768.webp 768w, https:\/\/www.yishengpack.com\/wp-content\/uploads\/2025\/12\/Wholesale-Box-Manufacturers-Customize-Luxury-Dates-Chocolate-Package-Gift-Box-7-12x12.webp 12w, https:\/\/www.yishengpack.com\/wp-content\/uploads\/2025\/12\/Wholesale-Box-Manufacturers-Customize-Luxury-Dates-Chocolate-Package-Gift-Box-7-1200x1200.webp 1200w, https:\/\/www.yishengpack.com\/wp-content\/uploads\/2025\/12\/Wholesale-Box-Manufacturers-Customize-Luxury-Dates-Chocolate-Package-Gift-Box-7-600x600.webp 600w, https:\/\/www.yishengpack.com\/wp-content\/uploads\/2025\/12\/Wholesale-Box-Manufacturers-Customize-Luxury-Dates-Chocolate-Package-Gift-Box-7-100x100.webp 100w\" sizes=\"(max-width: 2048px) 100vw, 2048px\" \/><\/figure>\n\n\n\n<div class=\"wp-block-buttons has-custom-font-size has-small-font-size is-content-justification-center is-layout-flex wp-container-core-buttons-is-layout-16018d1d wp-block-buttons-is-layout-flex\">\n<div class=\"wp-block-button has-custom-width wp-block-button__width-75\"><a class=\"wp-block-button__link has-background has-small-font-size has-custom-font-size wp-element-button\" href=\"https:\/\/www.yishengpack.com\/es\/custom-box-inserts-accessories\/\" style=\"background:linear-gradient(135deg,rgb(254,205,165) 0%,rgb(254,45,45) 0%,rgb(94,15,15) 0%,rgb(94,15,15) 100%)\" target=\"_blank\" rel=\"noreferrer noopener\"><strong>Explorar los insertos personalizados para cajas<\/strong><\/a><\/div>\n<\/div>\n<\/div>\n<\/div>","protected":false},"excerpt":{"rendered":"<p>Le invitamos a adquirir nuestras lujosas cajas personalizadas con tapa y base para el envasado de d\u00e1tiles y chocolates, dise\u00f1adas para la venta al por mayor y la personalizaci\u00f3n de marcas. Estas cajas de regalo r\u00edgidas de alta calidad ofrecen una estructura duradera, una presentaci\u00f3n elegante y la posibilidad de personalizar la impresi\u00f3n y los insertos. Ideales para pedidos al por mayor, realzan el valor del producto y satisfacen las necesidades de las marcas de d\u00e1tiles, los fabricantes de chocolate y los mayoristas de cajas de regalo en los mercados globales.<\/p>\n<h2>Aspectos destacados de las cajas con tapa y base personalizadas<\/h2>\n<ul>\n<li>Personalizaci\u00f3n<\/li>\n<li>Interiorismo enfocado al gourmet<\/li>\n<li>Materiales ecol\u00f3gicos<\/li>\n<li>Acabados texturizados de primera calidad<\/li>\n<li>Impresi\u00f3n sofisticada<\/li>\n<li>Varios tama\u00f1os de caja<\/li>\n<li>Gran variedad de colores<\/li>\n<li>Construcci\u00f3n duradera de primera calidad<\/li>\n<\/ul>","protected":false},"featured_media":3220,"comment_status":"closed","ping_status":"closed","template":"","meta":{"_acf_changed":false},"box-type":[55,57,61],"product_brand":[],"product_cat":[46,19,41,68,33,44],"product_tag":[],"class_list":{"0":"post-3219","1":"product","2":"type-product","3":"status-publish","4":"has-post-thumbnail","6":"box-type-custom-foldable-boxes","7":"box-type-custom-rigid-box-with-lid","8":"box-type-custom-two-piece-boxes","9":"product_cat-wholesale-paper-boxes","10":"product_cat-luxury-gift-boxes-wholesale","11":"product_cat-candy-gift-boxes-wholesale","12":"product_cat-custom-dates-box","13":"product_cat-food-packaging-boxes-wholesale","14":"product_cat-custom-snack-box","16":"first","17":"instock","18":"shipping-taxable","19":"product-type-simple"},"acf":[],"_links":{"self":[{"href":"https:\/\/www.yishengpack.com\/es\/wp-json\/wp\/v2\/product\/3219","targetHints":{"allow":["GET"]}}],"collection":[{"href":"https:\/\/www.yishengpack.com\/es\/wp-json\/wp\/v2\/product"}],"about":[{"href":"https:\/\/www.yishengpack.com\/es\/wp-json\/wp\/v2\/types\/product"}],"replies":[{"embeddable":true,"href":"https:\/\/www.yishengpack.com\/es\/wp-json\/wp\/v2\/comments?post=3219"}],"wp:featuredmedia":[{"embeddable":true,"href":"https:\/\/www.yishengpack.com\/es\/wp-json\/wp\/v2\/media\/3220"}],"wp:attachment":[{"href":"https:\/\/www.yishengpack.com\/es\/wp-json\/wp\/v2\/media?parent=3219"}],"wp:term":[{"taxonomy":"box-type","embeddable":true,"href":"https:\/\/www.yishengpack.com\/es\/wp-json\/wp\/v2\/box-type?post=3219"},{"taxonomy":"product_brand","embeddable":true,"href":"https:\/\/www.yishengpack.com\/es\/wp-json\/wp\/v2\/product_brand?post=3219"},{"taxonomy":"product_cat","embeddable":true,"href":"https:\/\/www.yishengpack.com\/es\/wp-json\/wp\/v2\/product_cat?post=3219"},{"taxonomy":"product_tag","embeddable":true,"href":"https:\/\/www.yishengpack.com\/es\/wp-json\/wp\/v2\/product_tag?post=3219"}],"curies":[{"name":"wp","href":"https:\/\/api.w.org\/{rel}","templated":true}]}}