{"id":3204,"date":"2025-12-27T08:25:22","date_gmt":"2025-12-27T08:25:22","guid":{"rendered":"https:\/\/www.yishengpack.com\/?post_type=product&#038;p=3204"},"modified":"2025-12-27T08:25:24","modified_gmt":"2025-12-27T08:25:24","slug":"bulk-dates-gift-boxes","status":"publish","type":"product","link":"https:\/\/www.yishengpack.com\/es\/producto\/bulk-dates-gift-boxes\/","title":{"rendered":"Cajas de regalo de d\u00e1tiles a granel de lujo, cajas magn\u00e9ticas con tapa abatible al por mayor"},"content":{"rendered":"<div class=\"wp-block-columns is-layout-flex wp-container-core-columns-is-layout-9d6595d7 wp-block-columns-is-layout-flex\">\n<div class=\"wp-block-column is-layout-flow wp-block-column-is-layout-flow\">\n<h3 class=\"wp-block-heading\">Caracter\u00edsticas de las cajas de regalo para d\u00e1tiles a granel<\/h3>\n\n\n\n<p><strong>Dise\u00f1o de tapa abatible con cierre magn\u00e9tico: <\/strong>Estas cajas de regalo para d\u00e1tiles a granel integran un cierre magn\u00e9tico oculto en su estructura abatible, que se cierra con seguridad para ofrecer un cierre perfecto y de primera calidad, mientras que el suave movimiento de apertura eleva la experiencia de abrir la caja.<\/p>\n\n\n\n<p><strong>Bandejas para fechas ajustadas con precisi\u00f3n:<\/strong> Estas cajas de regalo para d\u00e1tiles a granel con bandejas interiores compartimentadas aptas para alimentos, adaptadas a la forma de los d\u00e1tiles rellenos\/gourmet, garantizan una presentaci\u00f3n ordenada y profesional.<\/p>\n\n\n\n<p><strong>Tono rico y marca tem\u00e1tica:<\/strong> Estas cajas de regalo de d\u00e1tiles a granel est\u00e1n disponibles en tonos lujosos combinados con motivos inspirados en los d\u00e1tiles; la caja se ajusta a la est\u00e9tica de los regalos de alimentos artesanales.<\/p>\n\n\n\n<p><strong>Complementos de regalo coordinados:<\/strong> Empareje las cajas magn\u00e9ticas flip top al por mayor con accesorios personalizables (bolsas de papel a juego, tarjetas decorativas), todos ellos configurables con logotipos de marca o dise\u00f1os festivos para mejorar la experiencia de regalo.<\/p>\n\n\n\n<p><strong>Admite la compra al por mayor:<\/strong> Dirigidas a mayoristas, propietarios de marcas e importadores, las cajas magn\u00e9ticas flip top al por mayor admiten una producci\u00f3n estable y a gran escala para satisfacer las necesidades de suministro en vacaciones y a largo plazo.<\/p>\n<\/div>\n\n\n\n<div class=\"wp-block-column is-layout-flow wp-block-column-is-layout-flow\">\n<figure class=\"wp-block-image size-full\"><img decoding=\"async\" width=\"990\" height=\"990\" src=\"https:\/\/www.yishengpack.com\/wp-content\/uploads\/2025\/12\/High-Quality-Gift-Box-Wholesaler-Custom-Luxury-Dates-Package-Box-2.webp\" alt=\"cajas-de-regalo-con-fechas-a-granel-cajas-magn\u00e9ticas-con-tapa-abatible-al-por-mayor-2\" class=\"wp-image-3208\" srcset=\"https:\/\/www.yishengpack.com\/wp-content\/uploads\/2025\/12\/High-Quality-Gift-Box-Wholesaler-Custom-Luxury-Dates-Package-Box-2.webp 990w, https:\/\/www.yishengpack.com\/wp-content\/uploads\/2025\/12\/High-Quality-Gift-Box-Wholesaler-Custom-Luxury-Dates-Package-Box-2-300x300.webp 300w, https:\/\/www.yishengpack.com\/wp-content\/uploads\/2025\/12\/High-Quality-Gift-Box-Wholesaler-Custom-Luxury-Dates-Package-Box-2-150x150.webp 150w, https:\/\/www.yishengpack.com\/wp-content\/uploads\/2025\/12\/High-Quality-Gift-Box-Wholesaler-Custom-Luxury-Dates-Package-Box-2-768x768.webp 768w, https:\/\/www.yishengpack.com\/wp-content\/uploads\/2025\/12\/High-Quality-Gift-Box-Wholesaler-Custom-Luxury-Dates-Package-Box-2-12x12.webp 12w, https:\/\/www.yishengpack.com\/wp-content\/uploads\/2025\/12\/High-Quality-Gift-Box-Wholesaler-Custom-Luxury-Dates-Package-Box-2-600x600.webp 600w, https:\/\/www.yishengpack.com\/wp-content\/uploads\/2025\/12\/High-Quality-Gift-Box-Wholesaler-Custom-Luxury-Dates-Package-Box-2-100x100.webp 100w\" sizes=\"(max-width: 990px) 100vw, 990px\" \/><\/figure>\n<\/div>\n<\/div>\n\n\n\n<div class=\"wp-block-columns is-layout-flex wp-container-core-columns-is-layout-9d6595d7 wp-block-columns-is-layout-flex\">\n<div class=\"wp-block-column is-layout-flow wp-block-column-is-layout-flow\">\n<figure class=\"wp-block-image size-full\"><img decoding=\"async\" width=\"1109\" height=\"1109\" src=\"https:\/\/www.yishengpack.com\/wp-content\/uploads\/2025\/12\/High-Quality-Gift-Box-Wholesaler-Custom-Luxury-Dates-Package-Box-3.webp\" alt=\"bulk-dates-gift-boxes-magnetic-flip-top-boxes-wholesale-3\" class=\"wp-image-3209\" srcset=\"https:\/\/www.yishengpack.com\/wp-content\/uploads\/2025\/12\/High-Quality-Gift-Box-Wholesaler-Custom-Luxury-Dates-Package-Box-3.webp 1109w, https:\/\/www.yishengpack.com\/wp-content\/uploads\/2025\/12\/High-Quality-Gift-Box-Wholesaler-Custom-Luxury-Dates-Package-Box-3-300x300.webp 300w, https:\/\/www.yishengpack.com\/wp-content\/uploads\/2025\/12\/High-Quality-Gift-Box-Wholesaler-Custom-Luxury-Dates-Package-Box-3-150x150.webp 150w, https:\/\/www.yishengpack.com\/wp-content\/uploads\/2025\/12\/High-Quality-Gift-Box-Wholesaler-Custom-Luxury-Dates-Package-Box-3-768x768.webp 768w, https:\/\/www.yishengpack.com\/wp-content\/uploads\/2025\/12\/High-Quality-Gift-Box-Wholesaler-Custom-Luxury-Dates-Package-Box-3-12x12.webp 12w, https:\/\/www.yishengpack.com\/wp-content\/uploads\/2025\/12\/High-Quality-Gift-Box-Wholesaler-Custom-Luxury-Dates-Package-Box-3-600x600.webp 600w, https:\/\/www.yishengpack.com\/wp-content\/uploads\/2025\/12\/High-Quality-Gift-Box-Wholesaler-Custom-Luxury-Dates-Package-Box-3-100x100.webp 100w\" sizes=\"(max-width: 1109px) 100vw, 1109px\" \/><\/figure>\n\n\n\n<div class=\"wp-block-buttons has-custom-font-size has-small-font-size is-content-justification-center is-layout-flex wp-container-core-buttons-is-layout-16018d1d wp-block-buttons-is-layout-flex\">\n<div class=\"wp-block-button has-custom-width wp-block-button__width-75\"><a class=\"wp-block-button__link has-background has-small-font-size has-custom-font-size wp-element-button\" href=\"https:\/\/www.yishengpack.com\/es\/custom-printed-box\/\" style=\"background:linear-gradient(135deg,rgb(254,205,165) 0%,rgb(254,45,45) 0%,rgb(94,15,15) 0%,rgb(94,15,15) 100%)\" target=\"_blank\" rel=\"noreferrer noopener\"><strong>Explorar las cajas impresas personalizadas<\/strong><\/a><\/div>\n<\/div>\n<\/div>\n\n\n\n<div class=\"wp-block-column is-layout-flow wp-block-column-is-layout-flow\">\n<figure class=\"wp-block-image size-full\"><img decoding=\"async\" width=\"1058\" height=\"1058\" src=\"https:\/\/www.yishengpack.com\/wp-content\/uploads\/2025\/12\/High-Quality-Gift-Box-Wholesaler-Custom-Luxury-Dates-Package-Box-7.webp\" alt=\"cajas-de-regalo-con-fechas-a-granel-cajas-magn\u00e9ticas-con-tapa-abatible-al-por-mayor-7\" class=\"wp-image-3213\" srcset=\"https:\/\/www.yishengpack.com\/wp-content\/uploads\/2025\/12\/High-Quality-Gift-Box-Wholesaler-Custom-Luxury-Dates-Package-Box-7.webp 1058w, https:\/\/www.yishengpack.com\/wp-content\/uploads\/2025\/12\/High-Quality-Gift-Box-Wholesaler-Custom-Luxury-Dates-Package-Box-7-300x300.webp 300w, https:\/\/www.yishengpack.com\/wp-content\/uploads\/2025\/12\/High-Quality-Gift-Box-Wholesaler-Custom-Luxury-Dates-Package-Box-7-150x150.webp 150w, https:\/\/www.yishengpack.com\/wp-content\/uploads\/2025\/12\/High-Quality-Gift-Box-Wholesaler-Custom-Luxury-Dates-Package-Box-7-768x768.webp 768w, https:\/\/www.yishengpack.com\/wp-content\/uploads\/2025\/12\/High-Quality-Gift-Box-Wholesaler-Custom-Luxury-Dates-Package-Box-7-12x12.webp 12w, https:\/\/www.yishengpack.com\/wp-content\/uploads\/2025\/12\/High-Quality-Gift-Box-Wholesaler-Custom-Luxury-Dates-Package-Box-7-600x600.webp 600w, https:\/\/www.yishengpack.com\/wp-content\/uploads\/2025\/12\/High-Quality-Gift-Box-Wholesaler-Custom-Luxury-Dates-Package-Box-7-100x100.webp 100w\" sizes=\"(max-width: 1058px) 100vw, 1058px\" \/><\/figure>\n\n\n\n<div class=\"wp-block-buttons has-custom-font-size has-small-font-size is-content-justification-center is-layout-flex wp-container-core-buttons-is-layout-16018d1d wp-block-buttons-is-layout-flex\">\n<div class=\"wp-block-button has-custom-width wp-block-button__width-75\"><a class=\"wp-block-button__link has-background has-small-font-size has-custom-font-size wp-element-button\" href=\"https:\/\/www.yishengpack.com\/es\/custom-box-inserts-accessories\/\" style=\"background:linear-gradient(135deg,rgb(254,205,165) 0%,rgb(254,45,45) 0%,rgb(94,15,15) 0%,rgb(94,15,15) 100%)\" target=\"_blank\" rel=\"noreferrer noopener\"><strong>Explorar los insertos personalizados para cajas<\/strong><\/a><\/div>\n<\/div>\n<\/div>\n<\/div>","protected":false},"excerpt":{"rendered":"<p>Bienvenido a comprar nuestras lujosas cajas de regalo para d\u00e1tiles al por mayor con tapa abatible magn\u00e9tica, creadas para el envasado de d\u00e1tiles de primera calidad y el suministro al por mayor. Estas cajas magn\u00e9ticas flip-top al por mayor cuentan con una estructura r\u00edgida, insertos de grado alimenticio personalizados e impresi\u00f3n y acabados totalmente personalizables. Ideales para marcas de d\u00e1tiles, importadores y distribuidores que buscan soluciones de envasado de gama alta, escalables y listas para la marca.<\/p>\n<h2>Lo mejor de las cajas de regalo para d\u00e1tiles a granel<\/h2>\n<ul>\n<li>Personalizaci\u00f3n de alta gama<\/li>\n<li>Materiales impermeables<\/li>\n<li>Amplia artesan\u00eda de impresi\u00f3n<\/li>\n<li>M\u00faltiples tipos de cajas<\/li>\n<li>Adaptabilidad a varios colores<\/li>\n<li>Construcci\u00f3n duradera<\/li>\n<li>Cajas apilables<\/li>\n<li>Opciones de inserciones personalizadas<\/li>\n<\/ul>","protected":false},"featured_media":3207,"comment_status":"closed","ping_status":"closed","template":"","meta":{"_acf_changed":false},"box-type":[54,57],"product_brand":[],"product_cat":[19,41,68,46,33,44],"product_tag":[],"class_list":{"0":"post-3204","1":"product","2":"type-product","3":"status-publish","4":"has-post-thumbnail","6":"box-type-custom-magnetic-closure-boxes","7":"box-type-custom-rigid-box-with-lid","8":"product_cat-luxury-gift-boxes-wholesale","9":"product_cat-candy-gift-boxes-wholesale","10":"product_cat-custom-dates-box","11":"product_cat-wholesale-paper-boxes","12":"product_cat-food-packaging-boxes-wholesale","13":"product_cat-custom-snack-box","15":"first","16":"instock","17":"shipping-taxable","18":"product-type-simple"},"acf":[],"_links":{"self":[{"href":"https:\/\/www.yishengpack.com\/es\/wp-json\/wp\/v2\/product\/3204","targetHints":{"allow":["GET"]}}],"collection":[{"href":"https:\/\/www.yishengpack.com\/es\/wp-json\/wp\/v2\/product"}],"about":[{"href":"https:\/\/www.yishengpack.com\/es\/wp-json\/wp\/v2\/types\/product"}],"replies":[{"embeddable":true,"href":"https:\/\/www.yishengpack.com\/es\/wp-json\/wp\/v2\/comments?post=3204"}],"wp:featuredmedia":[{"embeddable":true,"href":"https:\/\/www.yishengpack.com\/es\/wp-json\/wp\/v2\/media\/3207"}],"wp:attachment":[{"href":"https:\/\/www.yishengpack.com\/es\/wp-json\/wp\/v2\/media?parent=3204"}],"wp:term":[{"taxonomy":"box-type","embeddable":true,"href":"https:\/\/www.yishengpack.com\/es\/wp-json\/wp\/v2\/box-type?post=3204"},{"taxonomy":"product_brand","embeddable":true,"href":"https:\/\/www.yishengpack.com\/es\/wp-json\/wp\/v2\/product_brand?post=3204"},{"taxonomy":"product_cat","embeddable":true,"href":"https:\/\/www.yishengpack.com\/es\/wp-json\/wp\/v2\/product_cat?post=3204"},{"taxonomy":"product_tag","embeddable":true,"href":"https:\/\/www.yishengpack.com\/es\/wp-json\/wp\/v2\/product_tag?post=3204"}],"curies":[{"name":"wp","href":"https:\/\/api.w.org\/{rel}","templated":true}]}}