{"id":3122,"date":"2025-12-13T03:01:46","date_gmt":"2025-12-13T03:01:46","guid":{"rendered":"https:\/\/www.yishengpack.com\/?post_type=product&#038;p=3122"},"modified":"2025-12-13T03:01:47","modified_gmt":"2025-12-13T03:01:47","slug":"wholesale-chocolate-boxes","status":"publish","type":"product","link":"https:\/\/www.yishengpack.com\/es\/producto\/wholesale-chocolate-boxes\/","title":{"rendered":"Cajas de chocolate al por mayor aptas para uso alimentario con cierre magn\u00e9tico"},"content":{"rendered":"<div class=\"wp-block-columns is-layout-flex wp-container-core-columns-is-layout-9d6595d7 wp-block-columns-is-layout-flex\">\n<div class=\"wp-block-column is-layout-flow wp-block-column-is-layout-flow\">\n<h3 class=\"wp-block-heading\">Caracter\u00edsticas de las cajas de regalo personalizadas para envasar chocolate<\/h3>\n\n\n\n<p><strong>Apertura de la tapa magn\u00e9tica:<\/strong> Estas cajas de bombones al por mayor utilizan un cierre magn\u00e9tico oculto para asegurar la tapa, lo que permite una apertura suave y silenciosa con un tacto de primera calidad, a\u00f1adiendo un sutil toque de lujo al momento de revelar la golosina.<\/p>\n\n\n\n<p><strong>Inserciones personalizables aptas para alimentos: <\/strong>Estas cajas de bombones al por mayor incluyen bandejas interiores de calidad alimentaria hechas a medida (con diferentes formas y tama\u00f1os de compartimentos) que se deslizan dentro de la caja, manteniendo sus bombones o dulces perfectamente organizados, protegidos y con una presentaci\u00f3n ideal.<\/p>\n\n\n\n<p><strong>Opciones exteriores con textura audaz:<\/strong> Estas cajas de chocolate al por mayor con hermosos patrones de textura (como el m\u00e1rmol escamoso, patr\u00f3n de alambre de p\u00faas), complementado con l\u00e1mina de acabado de oro, el embalaje exterior de la caja parece muy lujoso y atractivo.<\/p>\n\n\n\n<p><strong>Tama\u00f1o vers\u00e1til para surtidos de golosinas:<\/strong> Las cajas de regalo personalizadas con cierre magn\u00e9tico y estructura rectangular espaciosa admiten varios tama\u00f1os de chocolate (desde trufas a pralin\u00e9s) o surtidos de dulces mixtos, adapt\u00e1ndose a diversas necesidades de regalo.<\/p>\n\n\n\n<p><strong>Personalizaci\u00f3n integrada en la marca:<\/strong> Tanto el exterior (impresi\u00f3n del logotipo, grabado en relieve) como las bolsas de papel a juego (para regalos en paquetes) de las cajas de regalo personalizadas con cierre magn\u00e9tico pueden adaptarse a la est\u00e9tica de la marca, unificando la identidad del envase en todos los productos.<\/p>\n<\/div>\n\n\n\n<div class=\"wp-block-column is-layout-flow wp-block-column-is-layout-flow\">\n<figure class=\"wp-block-image size-full\"><img decoding=\"async\" width=\"3024\" height=\"3024\" src=\"https:\/\/www.yishengpack.com\/wp-content\/uploads\/2025\/12\/Food-Grade-Custom-Logo-Chocolate-Packaging-Gift-Boxes-Luxury-Black-Chocolate-Boxes-Wholesale-2.webp\" alt=\"grado alimentario-mayorista-cajas-de-chocolate-con-cierre-magn\u00e9tico-2\" class=\"wp-image-3124\" srcset=\"https:\/\/www.yishengpack.com\/wp-content\/uploads\/2025\/12\/Food-Grade-Custom-Logo-Chocolate-Packaging-Gift-Boxes-Luxury-Black-Chocolate-Boxes-Wholesale-2.webp 3024w, https:\/\/www.yishengpack.com\/wp-content\/uploads\/2025\/12\/Food-Grade-Custom-Logo-Chocolate-Packaging-Gift-Boxes-Luxury-Black-Chocolate-Boxes-Wholesale-2-300x300.webp 300w, https:\/\/www.yishengpack.com\/wp-content\/uploads\/2025\/12\/Food-Grade-Custom-Logo-Chocolate-Packaging-Gift-Boxes-Luxury-Black-Chocolate-Boxes-Wholesale-2-150x150.webp 150w, https:\/\/www.yishengpack.com\/wp-content\/uploads\/2025\/12\/Food-Grade-Custom-Logo-Chocolate-Packaging-Gift-Boxes-Luxury-Black-Chocolate-Boxes-Wholesale-2-768x768.webp 768w, https:\/\/www.yishengpack.com\/wp-content\/uploads\/2025\/12\/Food-Grade-Custom-Logo-Chocolate-Packaging-Gift-Boxes-Luxury-Black-Chocolate-Boxes-Wholesale-2-12x12.webp 12w, https:\/\/www.yishengpack.com\/wp-content\/uploads\/2025\/12\/Food-Grade-Custom-Logo-Chocolate-Packaging-Gift-Boxes-Luxury-Black-Chocolate-Boxes-Wholesale-2-1200x1200.webp 1200w, https:\/\/www.yishengpack.com\/wp-content\/uploads\/2025\/12\/Food-Grade-Custom-Logo-Chocolate-Packaging-Gift-Boxes-Luxury-Black-Chocolate-Boxes-Wholesale-2-600x600.webp 600w, https:\/\/www.yishengpack.com\/wp-content\/uploads\/2025\/12\/Food-Grade-Custom-Logo-Chocolate-Packaging-Gift-Boxes-Luxury-Black-Chocolate-Boxes-Wholesale-2-100x100.webp 100w\" sizes=\"(max-width: 3024px) 100vw, 3024px\" \/><\/figure>\n<\/div>\n<\/div>\n\n\n\n<div class=\"wp-block-columns is-layout-flex wp-container-core-columns-is-layout-9d6595d7 wp-block-columns-is-layout-flex\">\n<div class=\"wp-block-column is-layout-flow wp-block-column-is-layout-flow\">\n<figure class=\"wp-block-image size-full\"><img decoding=\"async\" width=\"2048\" height=\"2048\" src=\"https:\/\/www.yishengpack.com\/wp-content\/uploads\/2025\/12\/Food-Grade-Custom-Logo-Chocolate-Packaging-Gift-Boxes-Luxury-Black-Chocolate-Boxes-Wholesale-7.webp\" alt=\"grado alimentario-mayorista-cajas-de-chocolate-con-cierre-magn\u00e9tico-7\" class=\"wp-image-3129\" srcset=\"https:\/\/www.yishengpack.com\/wp-content\/uploads\/2025\/12\/Food-Grade-Custom-Logo-Chocolate-Packaging-Gift-Boxes-Luxury-Black-Chocolate-Boxes-Wholesale-7.webp 2048w, https:\/\/www.yishengpack.com\/wp-content\/uploads\/2025\/12\/Food-Grade-Custom-Logo-Chocolate-Packaging-Gift-Boxes-Luxury-Black-Chocolate-Boxes-Wholesale-7-300x300.webp 300w, https:\/\/www.yishengpack.com\/wp-content\/uploads\/2025\/12\/Food-Grade-Custom-Logo-Chocolate-Packaging-Gift-Boxes-Luxury-Black-Chocolate-Boxes-Wholesale-7-150x150.webp 150w, https:\/\/www.yishengpack.com\/wp-content\/uploads\/2025\/12\/Food-Grade-Custom-Logo-Chocolate-Packaging-Gift-Boxes-Luxury-Black-Chocolate-Boxes-Wholesale-7-768x768.webp 768w, https:\/\/www.yishengpack.com\/wp-content\/uploads\/2025\/12\/Food-Grade-Custom-Logo-Chocolate-Packaging-Gift-Boxes-Luxury-Black-Chocolate-Boxes-Wholesale-7-12x12.webp 12w, https:\/\/www.yishengpack.com\/wp-content\/uploads\/2025\/12\/Food-Grade-Custom-Logo-Chocolate-Packaging-Gift-Boxes-Luxury-Black-Chocolate-Boxes-Wholesale-7-1200x1200.webp 1200w, https:\/\/www.yishengpack.com\/wp-content\/uploads\/2025\/12\/Food-Grade-Custom-Logo-Chocolate-Packaging-Gift-Boxes-Luxury-Black-Chocolate-Boxes-Wholesale-7-600x600.webp 600w, https:\/\/www.yishengpack.com\/wp-content\/uploads\/2025\/12\/Food-Grade-Custom-Logo-Chocolate-Packaging-Gift-Boxes-Luxury-Black-Chocolate-Boxes-Wholesale-7-100x100.webp 100w\" sizes=\"(max-width: 2048px) 100vw, 2048px\" \/><\/figure>\n\n\n\n<div class=\"wp-block-buttons has-custom-font-size has-small-font-size is-content-justification-center is-layout-flex wp-container-core-buttons-is-layout-16018d1d wp-block-buttons-is-layout-flex\">\n<div class=\"wp-block-button has-custom-width wp-block-button__width-75\"><a class=\"wp-block-button__link has-background has-small-font-size has-custom-font-size wp-element-button\" href=\"https:\/\/www.yishengpack.com\/es\/custom-printed-box\/\" style=\"background:linear-gradient(135deg,rgb(254,205,165) 0%,rgb(254,45,45) 0%,rgb(94,15,15) 0%,rgb(94,15,15) 100%)\" target=\"_blank\" rel=\"noreferrer noopener\"><strong>Explorar las cajas impresas personalizadas<\/strong><\/a><\/div>\n<\/div>\n<\/div>\n\n\n\n<div class=\"wp-block-column is-layout-flow wp-block-column-is-layout-flow\">\n<figure class=\"wp-block-image size-full\"><img decoding=\"async\" width=\"2048\" height=\"2048\" src=\"https:\/\/www.yishengpack.com\/wp-content\/uploads\/2025\/12\/Food-Grade-Custom-Logo-Chocolate-Packaging-Gift-Boxes-Luxury-Black-Chocolate-Boxes-Wholesale-5.webp\" alt=\"grado alimentario-mayorista-cajas-de-chocolate-con-cierre-magn\u00e9tico-5\" class=\"wp-image-3127\" srcset=\"https:\/\/www.yishengpack.com\/wp-content\/uploads\/2025\/12\/Food-Grade-Custom-Logo-Chocolate-Packaging-Gift-Boxes-Luxury-Black-Chocolate-Boxes-Wholesale-5.webp 2048w, https:\/\/www.yishengpack.com\/wp-content\/uploads\/2025\/12\/Food-Grade-Custom-Logo-Chocolate-Packaging-Gift-Boxes-Luxury-Black-Chocolate-Boxes-Wholesale-5-300x300.webp 300w, https:\/\/www.yishengpack.com\/wp-content\/uploads\/2025\/12\/Food-Grade-Custom-Logo-Chocolate-Packaging-Gift-Boxes-Luxury-Black-Chocolate-Boxes-Wholesale-5-150x150.webp 150w, https:\/\/www.yishengpack.com\/wp-content\/uploads\/2025\/12\/Food-Grade-Custom-Logo-Chocolate-Packaging-Gift-Boxes-Luxury-Black-Chocolate-Boxes-Wholesale-5-768x768.webp 768w, https:\/\/www.yishengpack.com\/wp-content\/uploads\/2025\/12\/Food-Grade-Custom-Logo-Chocolate-Packaging-Gift-Boxes-Luxury-Black-Chocolate-Boxes-Wholesale-5-12x12.webp 12w, https:\/\/www.yishengpack.com\/wp-content\/uploads\/2025\/12\/Food-Grade-Custom-Logo-Chocolate-Packaging-Gift-Boxes-Luxury-Black-Chocolate-Boxes-Wholesale-5-1200x1200.webp 1200w, https:\/\/www.yishengpack.com\/wp-content\/uploads\/2025\/12\/Food-Grade-Custom-Logo-Chocolate-Packaging-Gift-Boxes-Luxury-Black-Chocolate-Boxes-Wholesale-5-600x600.webp 600w, https:\/\/www.yishengpack.com\/wp-content\/uploads\/2025\/12\/Food-Grade-Custom-Logo-Chocolate-Packaging-Gift-Boxes-Luxury-Black-Chocolate-Boxes-Wholesale-5-100x100.webp 100w\" sizes=\"(max-width: 2048px) 100vw, 2048px\" \/><\/figure>\n\n\n\n<div class=\"wp-block-buttons has-custom-font-size has-small-font-size is-content-justification-center is-layout-flex wp-container-core-buttons-is-layout-16018d1d wp-block-buttons-is-layout-flex\">\n<div class=\"wp-block-button has-custom-width wp-block-button__width-75\"><a class=\"wp-block-button__link has-background has-small-font-size has-custom-font-size wp-element-button\" href=\"https:\/\/www.yishengpack.com\/es\/custom-box-inserts-accessories\/\" style=\"background:linear-gradient(135deg,rgb(254,205,165) 0%,rgb(254,45,45) 0%,rgb(94,15,15) 0%,rgb(94,15,15) 100%)\" target=\"_blank\" rel=\"noreferrer noopener\"><strong>Explorar los insertos personalizados para cajas<\/strong><\/a><\/div>\n<\/div>\n<\/div>\n<\/div>","protected":false},"excerpt":{"rendered":"<p>Le invitamos a adquirir nuestras cajas para bombones al por mayor, con un acabado en negro mate, combinado con refinados detalles decorativos en dorado y un interior espacioso y vers\u00e1til, perfectas para contener bombones de primera calidad, desde trufas hasta dulces envueltos en papel de aluminio, como elegantes lotes de regalo o expositores para la venta al por menor. Admite la personalizaci\u00f3n OEM\/ODM para satisfacer las necesidades personalizadas de los propietarios de marcas y f\u00e1bricas.<\/p>\n<h2>Aspectos destacados de las cajas de chocolate al por mayor<\/h2>\n<ul>\n<li>Dise\u00f1o de cierre magn\u00e9tico<\/li>\n<li>Compatibilidad vers\u00e1til con chocolate<\/li>\n<li>Personalizaci\u00f3n<\/li>\n<li>Materiales ecol\u00f3gicos<\/li>\n<li>Procesos de impresi\u00f3n sofisticados<\/li>\n<li>Varios tama\u00f1os de caja<\/li>\n<li>Varias opciones de color<\/li>\n<li>Set de bolsas de regalo a juego<\/li>\n<\/ul>","protected":false},"featured_media":3123,"comment_status":"closed","ping_status":"closed","template":"","meta":{"_acf_changed":false},"box-type":[54,57],"product_brand":[],"product_cat":[46,19,41,68,33,44],"product_tag":[],"class_list":{"0":"post-3122","1":"product","2":"type-product","3":"status-publish","4":"has-post-thumbnail","6":"box-type-custom-magnetic-closure-boxes","7":"box-type-custom-rigid-box-with-lid","8":"product_cat-wholesale-paper-boxes","9":"product_cat-luxury-gift-boxes-wholesale","10":"product_cat-candy-gift-boxes-wholesale","11":"product_cat-custom-dates-box","12":"product_cat-food-packaging-boxes-wholesale","13":"product_cat-custom-snack-box","15":"first","16":"instock","17":"shipping-taxable","18":"product-type-simple"},"acf":[],"_links":{"self":[{"href":"https:\/\/www.yishengpack.com\/es\/wp-json\/wp\/v2\/product\/3122","targetHints":{"allow":["GET"]}}],"collection":[{"href":"https:\/\/www.yishengpack.com\/es\/wp-json\/wp\/v2\/product"}],"about":[{"href":"https:\/\/www.yishengpack.com\/es\/wp-json\/wp\/v2\/types\/product"}],"replies":[{"embeddable":true,"href":"https:\/\/www.yishengpack.com\/es\/wp-json\/wp\/v2\/comments?post=3122"}],"wp:featuredmedia":[{"embeddable":true,"href":"https:\/\/www.yishengpack.com\/es\/wp-json\/wp\/v2\/media\/3123"}],"wp:attachment":[{"href":"https:\/\/www.yishengpack.com\/es\/wp-json\/wp\/v2\/media?parent=3122"}],"wp:term":[{"taxonomy":"box-type","embeddable":true,"href":"https:\/\/www.yishengpack.com\/es\/wp-json\/wp\/v2\/box-type?post=3122"},{"taxonomy":"product_brand","embeddable":true,"href":"https:\/\/www.yishengpack.com\/es\/wp-json\/wp\/v2\/product_brand?post=3122"},{"taxonomy":"product_cat","embeddable":true,"href":"https:\/\/www.yishengpack.com\/es\/wp-json\/wp\/v2\/product_cat?post=3122"},{"taxonomy":"product_tag","embeddable":true,"href":"https:\/\/www.yishengpack.com\/es\/wp-json\/wp\/v2\/product_tag?post=3122"}],"curies":[{"name":"wp","href":"https:\/\/api.w.org\/{rel}","templated":true}]}}