{"id":3087,"date":"2025-12-13T01:49:07","date_gmt":"2025-12-13T01:49:07","guid":{"rendered":"https:\/\/www.yishengpack.com\/?post_type=product&#038;p=3087"},"modified":"2025-12-13T01:49:07","modified_gmt":"2025-12-13T01:49:07","slug":"custom-printed-pizza-boxes","status":"publish","type":"product","link":"https:\/\/www.yishengpack.com\/es\/producto\/custom-printed-pizza-boxes\/","title":{"rendered":"Cajas de pizza impresas a medida, Cajas para envasar alimentos al por mayor"},"content":{"rendered":"<div class=\"wp-block-columns is-layout-flex wp-container-core-columns-is-layout-9d6595d7 wp-block-columns-is-layout-flex\">\n<div class=\"wp-block-column is-layout-flow wp-block-column-is-layout-flow\">\n<h3 class=\"wp-block-heading\">Caracter\u00edsticas de las cajas de pizza impresas a medida<\/h3>\n\n\n\n<p><strong>Tematizaci\u00f3n visual alineada con la marca:<\/strong> Estas cajas de pizza impresas a medida presentan gr\u00e1ficos personalizados (por ejemplo, trozos de pizza, motivos decorativos) que combinan con la est\u00e9tica del men\u00fa, potencian el reconocimiento de la marca y hacen que el envase sea visualmente coherente con la comida que contiene.<\/p>\n\n\n\n<p><strong>Dise\u00f1o estructural seguro para los alimentos:<\/strong> Estas cajas para pizza impresas personalizadas est\u00e1n fabricadas con cart\u00f3n apto para uso alimentario, y las cajas son seguras para el contacto directo con la pizza y otros alimentos, lo que evita la contaminaci\u00f3n a la vez que mantiene la durabilidad durante el transporte.<\/p>\n\n\n\n<p><strong>Construcci\u00f3n plegable que ahorra espacio:<\/strong> Las cajas de envasado de alimentos al por mayor con un dise\u00f1o de paquete plano minimizan el volumen de almacenamiento y env\u00edo, reduciendo los costes log\u00edsticos al tiempo que permiten un montaje r\u00e1pido y sencillo para el envasado de alimentos bajo demanda.<\/p>\n\n\n\n<p><strong>Versatilidad a escala:<\/strong> Estas cajas de pizza impresas personalizadas est\u00e1n disponibles en varios tama\u00f1os para cortezas finas y gruesas, peque\u00f1as pizzas de tama\u00f1o personal o grandes pizzas de tama\u00f1o familiar, y las cajas est\u00e1n dise\u00f1adas para contener diferentes cantidades sin que la protecci\u00f3n de los alimentos se vea comprometida.<\/p>\n\n\n\n<p><strong>Aspectos est\u00e9ticos personalizables: <\/strong>Las cajas para envasado de alimentos al por mayor ofrecen una personalizaci\u00f3n completa de los colores, logotipos, acabados superficiales (por ejemplo, mate, brillante), etc., lo que permite a las marcas adaptar el envase a su propia identidad exclusiva, as\u00ed como a su p\u00fablico objetivo.<\/p>\n\n\n\n<p><strong>Apto para venta al por menor y reparto: <\/strong>Estas cajas de pizza impresas personalizadas se utilizan ampliamente en pizzer\u00edas, cadenas de restaurantes, plataformas de reparto y envasado de alimentos al por menor. Admite la producci\u00f3n a granel con plazos de entrega estables, adecuados para clientes mayoristas y de marca a largo plazo.<\/p>\n<\/div>\n\n\n\n<div class=\"wp-block-column is-layout-flow wp-block-column-is-layout-flow\">\n<figure class=\"wp-block-image size-full\"><img decoding=\"async\" width=\"1196\" height=\"1196\" src=\"https:\/\/www.yishengpack.com\/wp-content\/uploads\/2025\/12\/Customized-Printed-Design-Food-Packaging-Boxes-Pizza-Retail-Product-Boxes-Wholesale-2.webp\" alt=\"cajas para pizzas con impresi\u00f3n personalizada-cajas para envases alimentarios-mayorista-2\" class=\"wp-image-3089\" srcset=\"https:\/\/www.yishengpack.com\/wp-content\/uploads\/2025\/12\/Customized-Printed-Design-Food-Packaging-Boxes-Pizza-Retail-Product-Boxes-Wholesale-2.webp 1196w, https:\/\/www.yishengpack.com\/wp-content\/uploads\/2025\/12\/Customized-Printed-Design-Food-Packaging-Boxes-Pizza-Retail-Product-Boxes-Wholesale-2-300x300.webp 300w, https:\/\/www.yishengpack.com\/wp-content\/uploads\/2025\/12\/Customized-Printed-Design-Food-Packaging-Boxes-Pizza-Retail-Product-Boxes-Wholesale-2-150x150.webp 150w, https:\/\/www.yishengpack.com\/wp-content\/uploads\/2025\/12\/Customized-Printed-Design-Food-Packaging-Boxes-Pizza-Retail-Product-Boxes-Wholesale-2-768x768.webp 768w, https:\/\/www.yishengpack.com\/wp-content\/uploads\/2025\/12\/Customized-Printed-Design-Food-Packaging-Boxes-Pizza-Retail-Product-Boxes-Wholesale-2-12x12.webp 12w, https:\/\/www.yishengpack.com\/wp-content\/uploads\/2025\/12\/Customized-Printed-Design-Food-Packaging-Boxes-Pizza-Retail-Product-Boxes-Wholesale-2-600x600.webp 600w, https:\/\/www.yishengpack.com\/wp-content\/uploads\/2025\/12\/Customized-Printed-Design-Food-Packaging-Boxes-Pizza-Retail-Product-Boxes-Wholesale-2-100x100.webp 100w\" sizes=\"(max-width: 1196px) 100vw, 1196px\" \/><\/figure>\n<\/div>\n<\/div>\n\n\n\n<div class=\"wp-block-columns is-layout-flex wp-container-core-columns-is-layout-9d6595d7 wp-block-columns-is-layout-flex\">\n<div class=\"wp-block-column is-layout-flow wp-block-column-is-layout-flow\">\n<figure class=\"wp-block-image size-full\"><img decoding=\"async\" width=\"2021\" height=\"2021\" src=\"https:\/\/www.yishengpack.com\/wp-content\/uploads\/2025\/12\/Customized-Printed-Design-Food-Packaging-Boxes-Pizza-Retail-Product-Boxes-Wholesale-3.webp\" alt=\"cajas de pizza con impresi\u00f3n personalizada-cajas de embalaje para alimentos-mayorista-3\" class=\"wp-image-3090\" srcset=\"https:\/\/www.yishengpack.com\/wp-content\/uploads\/2025\/12\/Customized-Printed-Design-Food-Packaging-Boxes-Pizza-Retail-Product-Boxes-Wholesale-3.webp 2021w, https:\/\/www.yishengpack.com\/wp-content\/uploads\/2025\/12\/Customized-Printed-Design-Food-Packaging-Boxes-Pizza-Retail-Product-Boxes-Wholesale-3-300x300.webp 300w, https:\/\/www.yishengpack.com\/wp-content\/uploads\/2025\/12\/Customized-Printed-Design-Food-Packaging-Boxes-Pizza-Retail-Product-Boxes-Wholesale-3-150x150.webp 150w, https:\/\/www.yishengpack.com\/wp-content\/uploads\/2025\/12\/Customized-Printed-Design-Food-Packaging-Boxes-Pizza-Retail-Product-Boxes-Wholesale-3-768x768.webp 768w, https:\/\/www.yishengpack.com\/wp-content\/uploads\/2025\/12\/Customized-Printed-Design-Food-Packaging-Boxes-Pizza-Retail-Product-Boxes-Wholesale-3-12x12.webp 12w, https:\/\/www.yishengpack.com\/wp-content\/uploads\/2025\/12\/Customized-Printed-Design-Food-Packaging-Boxes-Pizza-Retail-Product-Boxes-Wholesale-3-1200x1200.webp 1200w, https:\/\/www.yishengpack.com\/wp-content\/uploads\/2025\/12\/Customized-Printed-Design-Food-Packaging-Boxes-Pizza-Retail-Product-Boxes-Wholesale-3-600x600.webp 600w, https:\/\/www.yishengpack.com\/wp-content\/uploads\/2025\/12\/Customized-Printed-Design-Food-Packaging-Boxes-Pizza-Retail-Product-Boxes-Wholesale-3-100x100.webp 100w\" sizes=\"(max-width: 2021px) 100vw, 2021px\" \/><\/figure>\n\n\n\n<div class=\"wp-block-buttons has-custom-font-size has-small-font-size is-content-justification-center is-layout-flex wp-container-core-buttons-is-layout-16018d1d wp-block-buttons-is-layout-flex\">\n<div class=\"wp-block-button has-custom-width wp-block-button__width-75\"><a class=\"wp-block-button__link has-background has-small-font-size has-custom-font-size wp-element-button\" href=\"https:\/\/www.yishengpack.com\/es\/custom-printed-box\/\" style=\"background:linear-gradient(135deg,rgb(254,205,165) 0%,rgb(254,45,45) 0%,rgb(94,15,15) 0%,rgb(94,15,15) 100%)\" target=\"_blank\" rel=\"noreferrer noopener\"><strong>Explorar las cajas impresas personalizadas<\/strong><\/a><\/div>\n<\/div>\n<\/div>\n\n\n\n<div class=\"wp-block-column is-layout-flow wp-block-column-is-layout-flow\">\n<figure class=\"wp-block-image size-full\"><img decoding=\"async\" width=\"1181\" height=\"1181\" src=\"https:\/\/www.yishengpack.com\/wp-content\/uploads\/2025\/12\/Customized-Printed-Design-Food-Packaging-Boxes-Pizza-Retail-Product-Boxes-Wholesale-5.webp\" alt=\"cajas de pizza con impresi\u00f3n personalizada-cajas de embalaje para alimentos-mayorista-5\" class=\"wp-image-3092\" srcset=\"https:\/\/www.yishengpack.com\/wp-content\/uploads\/2025\/12\/Customized-Printed-Design-Food-Packaging-Boxes-Pizza-Retail-Product-Boxes-Wholesale-5.webp 1181w, https:\/\/www.yishengpack.com\/wp-content\/uploads\/2025\/12\/Customized-Printed-Design-Food-Packaging-Boxes-Pizza-Retail-Product-Boxes-Wholesale-5-300x300.webp 300w, https:\/\/www.yishengpack.com\/wp-content\/uploads\/2025\/12\/Customized-Printed-Design-Food-Packaging-Boxes-Pizza-Retail-Product-Boxes-Wholesale-5-150x150.webp 150w, https:\/\/www.yishengpack.com\/wp-content\/uploads\/2025\/12\/Customized-Printed-Design-Food-Packaging-Boxes-Pizza-Retail-Product-Boxes-Wholesale-5-768x768.webp 768w, https:\/\/www.yishengpack.com\/wp-content\/uploads\/2025\/12\/Customized-Printed-Design-Food-Packaging-Boxes-Pizza-Retail-Product-Boxes-Wholesale-5-12x12.webp 12w, https:\/\/www.yishengpack.com\/wp-content\/uploads\/2025\/12\/Customized-Printed-Design-Food-Packaging-Boxes-Pizza-Retail-Product-Boxes-Wholesale-5-600x600.webp 600w, https:\/\/www.yishengpack.com\/wp-content\/uploads\/2025\/12\/Customized-Printed-Design-Food-Packaging-Boxes-Pizza-Retail-Product-Boxes-Wholesale-5-100x100.webp 100w\" sizes=\"(max-width: 1181px) 100vw, 1181px\" \/><\/figure>\n\n\n\n<div class=\"wp-block-buttons has-custom-font-size has-small-font-size is-content-justification-center is-layout-flex wp-container-core-buttons-is-layout-16018d1d wp-block-buttons-is-layout-flex\">\n<div class=\"wp-block-button has-custom-width wp-block-button__width-75\"><a class=\"wp-block-button__link has-background has-small-font-size has-custom-font-size wp-element-button\" href=\"https:\/\/www.yishengpack.com\/es\/custom-product-boxes-types\/\" style=\"background:linear-gradient(135deg,rgb(254,205,165) 0%,rgb(254,45,45) 0%,rgb(94,15,15) 0%,rgb(94,15,15) 100%)\" target=\"_blank\" rel=\"noreferrer noopener\"><strong>Explora los tipos de cajas personalizadas<\/strong><\/a><\/div>\n<\/div>\n<\/div>\n<\/div>","protected":false},"excerpt":{"rendered":"<p>Le damos la bienvenida a nuestras cajas de pizza impresas personalizadas, fabricadas con materiales de papel duraderos y aptos para uso alimentario, que ofrecen una excelente resistencia a la grasa y una estructura segura para la comida para llevar y el comercio minorista. Disponibles en varios tama\u00f1os con impresi\u00f3n a todo color, ayudan a las marcas alimentarias a mejorar su visibilidad al tiempo que garantizan un embalaje seguro, ecol\u00f3gico y fiable para pedidos al por mayor.<\/p>\n<h2>Aspectos destacados de las cajas de pizza impresas a medida<\/h2>\n<ul>\n<li>Personalizaci\u00f3n de alto nivel<\/li>\n<li>Construcci\u00f3n de material seguro para los alimentos<\/li>\n<li>Impresi\u00f3n de alta calidad<\/li>\n<li>Varios tipos de cajas<\/li>\n<li>Varios tama\u00f1os de caja<\/li>\n<li>Amplia variedad de colores<\/li>\n<li>Estructura plegable de f\u00e1cil montaje<\/li>\n<li>Duradero y resistente<\/li>\n<\/ul>","protected":false},"featured_media":3088,"comment_status":"closed","ping_status":"closed","template":"","meta":{"_acf_changed":false},"box-type":[55,48],"product_brand":[],"product_cat":[46,33,71,44,69,67],"product_tag":[],"class_list":{"0":"post-3087","1":"product","2":"type-product","3":"status-publish","4":"has-post-thumbnail","6":"box-type-custom-foldable-boxes","7":"box-type-custom-tuck-top-boxes","8":"product_cat-wholesale-paper-boxes","9":"product_cat-food-packaging-boxes-wholesale","10":"product_cat-custom-takeout-boxes","11":"product_cat-custom-snack-box","12":"product_cat-custom-retail-boxes","13":"product_cat-custom-shipping-boxes","15":"first","16":"instock","17":"shipping-taxable","18":"product-type-simple"},"acf":[],"_links":{"self":[{"href":"https:\/\/www.yishengpack.com\/es\/wp-json\/wp\/v2\/product\/3087","targetHints":{"allow":["GET"]}}],"collection":[{"href":"https:\/\/www.yishengpack.com\/es\/wp-json\/wp\/v2\/product"}],"about":[{"href":"https:\/\/www.yishengpack.com\/es\/wp-json\/wp\/v2\/types\/product"}],"replies":[{"embeddable":true,"href":"https:\/\/www.yishengpack.com\/es\/wp-json\/wp\/v2\/comments?post=3087"}],"wp:featuredmedia":[{"embeddable":true,"href":"https:\/\/www.yishengpack.com\/es\/wp-json\/wp\/v2\/media\/3088"}],"wp:attachment":[{"href":"https:\/\/www.yishengpack.com\/es\/wp-json\/wp\/v2\/media?parent=3087"}],"wp:term":[{"taxonomy":"box-type","embeddable":true,"href":"https:\/\/www.yishengpack.com\/es\/wp-json\/wp\/v2\/box-type?post=3087"},{"taxonomy":"product_brand","embeddable":true,"href":"https:\/\/www.yishengpack.com\/es\/wp-json\/wp\/v2\/product_brand?post=3087"},{"taxonomy":"product_cat","embeddable":true,"href":"https:\/\/www.yishengpack.com\/es\/wp-json\/wp\/v2\/product_cat?post=3087"},{"taxonomy":"product_tag","embeddable":true,"href":"https:\/\/www.yishengpack.com\/es\/wp-json\/wp\/v2\/product_tag?post=3087"}],"curies":[{"name":"wp","href":"https:\/\/api.w.org\/{rel}","templated":true}]}}