{"id":3079,"date":"2025-12-13T01:21:56","date_gmt":"2025-12-13T01:21:56","guid":{"rendered":"https:\/\/www.yishengpack.com\/?post_type=product&#038;p=3079"},"modified":"2025-12-13T01:21:58","modified_gmt":"2025-12-13T01:21:58","slug":"custom-automotive-packaging-boxes","status":"publish","type":"product","link":"https:\/\/www.yishengpack.com\/es\/producto\/custom-automotive-packaging-boxes\/","title":{"rendered":"Cajas de embalaje a medida para automoci\u00f3n, Cajas de env\u00edo al por mayor"},"content":{"rendered":"<div class=\"wp-block-columns is-layout-flex wp-container-core-columns-is-layout-9d6595d7 wp-block-columns-is-layout-flex\">\n<div class=\"wp-block-column is-layout-flow wp-block-column-is-layout-flow\">\n<h3 class=\"wp-block-heading\">Caracter\u00edsticas de las cajas de embalaje a medida para automoci\u00f3n<\/h3>\n\n\n\n<p><strong>Marca y dise\u00f1o totalmente personalizables: <\/strong>Las cajas de embalaje personalizadas para automoci\u00f3n admiten la personalizaci\u00f3n total de motivos impresos (por ejemplo, pistones, engranajes, discos de freno), colores, logotipos y acabados superficiales, lo que alinea perfectamente el embalaje con la identidad de la marca y la relevancia de los componentes.<\/p>\n\n\n\n<p><strong>Inserciones protectoras personalizables:<\/strong> Estas cajas de cart\u00f3n ondulado para env\u00edos al por mayor admiten configuraciones de espuma\/papel a medida -dise\u00f1adas para adaptarse a la forma exacta de piezas de autom\u00f3vil espec\u00edficas (pistones, conjuntos de frenos, filtros)- para bloquear los componentes de forma segura y evitar da\u00f1os durante el transporte.<\/p>\n\n\n\n<p><strong>Embalaje a granel que ahorra espacio:<\/strong> El dise\u00f1o plegable de estas cajas de cart\u00f3n ondulado para env\u00edos al por mayor ahorra espacio de almacenamiento, y la robusta estructura exterior es adecuada para la log\u00edstica nacional y el transporte internacional de exportaci\u00f3n, permitiendo un r\u00e1pido montaje in situ.<\/p>\n\n\n\n<p><strong>Adaptabilidad de tama\u00f1o modular: <\/strong>Estas cajas de embalaje a medida para automoci\u00f3n ofrecen tama\u00f1os ampliables para acomodar diversas piezas de automoci\u00f3n, garantizando un ajuste perfecto y un funcionamiento fiable con diferentes tipos de componentes. Admite varios dise\u00f1os estructurales, incluidas cajas ranuradas est\u00e1ndar, cajas para cargas pesadas y cajas con particiones internas.<\/p>\n\n\n\n<p><strong>Construcci\u00f3n corrugada duradera:<\/strong> Las cajas de embalaje a medida para autom\u00f3viles Construidas a partir de cart\u00f3n ondulado r\u00edgido, las cajas soportan las presiones de manipulaci\u00f3n en almacenes y env\u00edos, protegiendo las piezas de autom\u00f3vil sin peso adicional.<\/p>\n<\/div>\n\n\n\n<div class=\"wp-block-column is-layout-flow wp-block-column-is-layout-flow\">\n<figure class=\"wp-block-image size-full\"><img decoding=\"async\" width=\"2048\" height=\"2048\" src=\"https:\/\/www.yishengpack.com\/wp-content\/uploads\/2025\/12\/Bulk-Eco-Friendly-Mailer-Boxes-Wholesale-Recyclable-Auto-Spare-Parts-Boxes-with-Custom-Logo-2.webp\" alt=\"cajas de embalaje a medida para automoci\u00f3n cajas de env\u00edo al por mayor-2\" class=\"wp-image-3081\" srcset=\"https:\/\/www.yishengpack.com\/wp-content\/uploads\/2025\/12\/Bulk-Eco-Friendly-Mailer-Boxes-Wholesale-Recyclable-Auto-Spare-Parts-Boxes-with-Custom-Logo-2.webp 2048w, https:\/\/www.yishengpack.com\/wp-content\/uploads\/2025\/12\/Bulk-Eco-Friendly-Mailer-Boxes-Wholesale-Recyclable-Auto-Spare-Parts-Boxes-with-Custom-Logo-2-300x300.webp 300w, https:\/\/www.yishengpack.com\/wp-content\/uploads\/2025\/12\/Bulk-Eco-Friendly-Mailer-Boxes-Wholesale-Recyclable-Auto-Spare-Parts-Boxes-with-Custom-Logo-2-150x150.webp 150w, https:\/\/www.yishengpack.com\/wp-content\/uploads\/2025\/12\/Bulk-Eco-Friendly-Mailer-Boxes-Wholesale-Recyclable-Auto-Spare-Parts-Boxes-with-Custom-Logo-2-768x768.webp 768w, https:\/\/www.yishengpack.com\/wp-content\/uploads\/2025\/12\/Bulk-Eco-Friendly-Mailer-Boxes-Wholesale-Recyclable-Auto-Spare-Parts-Boxes-with-Custom-Logo-2-12x12.webp 12w, https:\/\/www.yishengpack.com\/wp-content\/uploads\/2025\/12\/Bulk-Eco-Friendly-Mailer-Boxes-Wholesale-Recyclable-Auto-Spare-Parts-Boxes-with-Custom-Logo-2-1200x1200.webp 1200w, https:\/\/www.yishengpack.com\/wp-content\/uploads\/2025\/12\/Bulk-Eco-Friendly-Mailer-Boxes-Wholesale-Recyclable-Auto-Spare-Parts-Boxes-with-Custom-Logo-2-600x600.webp 600w, https:\/\/www.yishengpack.com\/wp-content\/uploads\/2025\/12\/Bulk-Eco-Friendly-Mailer-Boxes-Wholesale-Recyclable-Auto-Spare-Parts-Boxes-with-Custom-Logo-2-100x100.webp 100w\" sizes=\"(max-width: 2048px) 100vw, 2048px\" \/><\/figure>\n<\/div>\n<\/div>\n\n\n\n<div class=\"wp-block-columns is-layout-flex wp-container-core-columns-is-layout-9d6595d7 wp-block-columns-is-layout-flex\">\n<div class=\"wp-block-column is-layout-flow wp-block-column-is-layout-flow\">\n<figure class=\"wp-block-image size-full\"><img decoding=\"async\" width=\"1832\" height=\"1832\" src=\"https:\/\/www.yishengpack.com\/wp-content\/uploads\/2025\/12\/Bulk-Eco-Friendly-Mailer-Boxes-Wholesale-Recyclable-Auto-Spare-Parts-Boxes-with-Custom-Logo-6.webp\" alt=\"bulk-eco-friendly-mailer-boxes-mayoristas-reciclables-auto-spare-parts-boxes-con-logotipo-6\" class=\"wp-image-3085\" srcset=\"https:\/\/www.yishengpack.com\/wp-content\/uploads\/2025\/12\/Bulk-Eco-Friendly-Mailer-Boxes-Wholesale-Recyclable-Auto-Spare-Parts-Boxes-with-Custom-Logo-6.webp 1832w, https:\/\/www.yishengpack.com\/wp-content\/uploads\/2025\/12\/Bulk-Eco-Friendly-Mailer-Boxes-Wholesale-Recyclable-Auto-Spare-Parts-Boxes-with-Custom-Logo-6-300x300.webp 300w, https:\/\/www.yishengpack.com\/wp-content\/uploads\/2025\/12\/Bulk-Eco-Friendly-Mailer-Boxes-Wholesale-Recyclable-Auto-Spare-Parts-Boxes-with-Custom-Logo-6-150x150.webp 150w, https:\/\/www.yishengpack.com\/wp-content\/uploads\/2025\/12\/Bulk-Eco-Friendly-Mailer-Boxes-Wholesale-Recyclable-Auto-Spare-Parts-Boxes-with-Custom-Logo-6-768x768.webp 768w, https:\/\/www.yishengpack.com\/wp-content\/uploads\/2025\/12\/Bulk-Eco-Friendly-Mailer-Boxes-Wholesale-Recyclable-Auto-Spare-Parts-Boxes-with-Custom-Logo-6-12x12.webp 12w, https:\/\/www.yishengpack.com\/wp-content\/uploads\/2025\/12\/Bulk-Eco-Friendly-Mailer-Boxes-Wholesale-Recyclable-Auto-Spare-Parts-Boxes-with-Custom-Logo-6-1200x1200.webp 1200w, https:\/\/www.yishengpack.com\/wp-content\/uploads\/2025\/12\/Bulk-Eco-Friendly-Mailer-Boxes-Wholesale-Recyclable-Auto-Spare-Parts-Boxes-with-Custom-Logo-6-600x600.webp 600w, https:\/\/www.yishengpack.com\/wp-content\/uploads\/2025\/12\/Bulk-Eco-Friendly-Mailer-Boxes-Wholesale-Recyclable-Auto-Spare-Parts-Boxes-with-Custom-Logo-6-100x100.webp 100w\" sizes=\"(max-width: 1832px) 100vw, 1832px\" \/><\/figure>\n\n\n\n<div class=\"wp-block-buttons has-custom-font-size has-small-font-size is-content-justification-center is-layout-flex wp-container-core-buttons-is-layout-16018d1d wp-block-buttons-is-layout-flex\">\n<div class=\"wp-block-button has-custom-width wp-block-button__width-75\"><a class=\"wp-block-button__link has-background has-small-font-size has-custom-font-size wp-element-button\" href=\"https:\/\/www.yishengpack.com\/es\/custom-printed-box\/\" style=\"background:linear-gradient(135deg,rgb(254,205,165) 0%,rgb(254,45,45) 0%,rgb(94,15,15) 0%,rgb(94,15,15) 100%)\" target=\"_blank\" rel=\"noreferrer noopener\"><strong>Explorar las cajas impresas personalizadas<\/strong><\/a><\/div>\n<\/div>\n<\/div>\n\n\n\n<div class=\"wp-block-column is-layout-flow wp-block-column-is-layout-flow\">\n<figure class=\"wp-block-image size-full\"><img decoding=\"async\" width=\"1772\" height=\"1772\" src=\"https:\/\/www.yishengpack.com\/wp-content\/uploads\/2025\/12\/Bulk-Eco-Friendly-Mailer-Boxes-Wholesale-Recyclable-Auto-Spare-Parts-Boxes-with-Custom-Logo-4.webp\" alt=\"bulk-eco-friendly-mailer-boxes-mayoristas-reciclables-auto-spare-parts-boxes-with-custom-logo-4\" class=\"wp-image-3083\" srcset=\"https:\/\/www.yishengpack.com\/wp-content\/uploads\/2025\/12\/Bulk-Eco-Friendly-Mailer-Boxes-Wholesale-Recyclable-Auto-Spare-Parts-Boxes-with-Custom-Logo-4.webp 1772w, https:\/\/www.yishengpack.com\/wp-content\/uploads\/2025\/12\/Bulk-Eco-Friendly-Mailer-Boxes-Wholesale-Recyclable-Auto-Spare-Parts-Boxes-with-Custom-Logo-4-300x300.webp 300w, https:\/\/www.yishengpack.com\/wp-content\/uploads\/2025\/12\/Bulk-Eco-Friendly-Mailer-Boxes-Wholesale-Recyclable-Auto-Spare-Parts-Boxes-with-Custom-Logo-4-150x150.webp 150w, https:\/\/www.yishengpack.com\/wp-content\/uploads\/2025\/12\/Bulk-Eco-Friendly-Mailer-Boxes-Wholesale-Recyclable-Auto-Spare-Parts-Boxes-with-Custom-Logo-4-768x768.webp 768w, https:\/\/www.yishengpack.com\/wp-content\/uploads\/2025\/12\/Bulk-Eco-Friendly-Mailer-Boxes-Wholesale-Recyclable-Auto-Spare-Parts-Boxes-with-Custom-Logo-4-12x12.webp 12w, https:\/\/www.yishengpack.com\/wp-content\/uploads\/2025\/12\/Bulk-Eco-Friendly-Mailer-Boxes-Wholesale-Recyclable-Auto-Spare-Parts-Boxes-with-Custom-Logo-4-1200x1200.webp 1200w, https:\/\/www.yishengpack.com\/wp-content\/uploads\/2025\/12\/Bulk-Eco-Friendly-Mailer-Boxes-Wholesale-Recyclable-Auto-Spare-Parts-Boxes-with-Custom-Logo-4-600x600.webp 600w, https:\/\/www.yishengpack.com\/wp-content\/uploads\/2025\/12\/Bulk-Eco-Friendly-Mailer-Boxes-Wholesale-Recyclable-Auto-Spare-Parts-Boxes-with-Custom-Logo-4-100x100.webp 100w\" sizes=\"(max-width: 1772px) 100vw, 1772px\" \/><\/figure>\n\n\n\n<div class=\"wp-block-buttons has-custom-font-size has-small-font-size is-content-justification-center is-layout-flex wp-container-core-buttons-is-layout-16018d1d wp-block-buttons-is-layout-flex\">\n<div class=\"wp-block-button has-custom-width wp-block-button__width-75\"><a class=\"wp-block-button__link has-background has-small-font-size has-custom-font-size wp-element-button\" href=\"https:\/\/www.yishengpack.com\/es\/custom-box-inserts-accessories\/\" style=\"background:linear-gradient(135deg,rgb(254,205,165) 0%,rgb(254,45,45) 0%,rgb(94,15,15) 0%,rgb(94,15,15) 100%)\" target=\"_blank\" rel=\"noreferrer noopener\"><strong>Explorar los insertos personalizados para cajas<\/strong><\/a><\/div>\n<\/div>\n<\/div>\n<\/div>","protected":false},"excerpt":{"rendered":"<p>Bienvenido a comprar nuestras cajas de embalaje personalizadas para automoci\u00f3n fabricadas con cart\u00f3n ondulado de alta resistencia que proporcionan una protecci\u00f3n fiable para las piezas de autom\u00f3vil durante el almacenamiento y el transporte. Totalmente personalizables en tama\u00f1o, estructura, inserciones e impresi\u00f3n, estas cajas de env\u00edo de cart\u00f3n ondulado al por mayor combinan durabilidad, flexibilidad de marca y materiales ecol\u00f3gicos para satisfacer las exigentes necesidades de la industria del autom\u00f3vil.<\/p>\n<h2>Aspectos destacados de las cajas de embalaje a medida para autom\u00f3viles<\/h2>\n<ul>\n<li>Dise\u00f1o Flat-Pack de montaje r\u00e1pido<\/li>\n<li>Personalizaci\u00f3n completa<\/li>\n<li>Materiales reciclables respetuosos con el medio ambiente<\/li>\n<li>Procesos de impresi\u00f3n sofisticados<\/li>\n<li>Compatibilidad multitalla<\/li>\n<li>Forro interior protector<\/li>\n<li>Dise\u00f1o estructural apilable<\/li>\n<li>Construcci\u00f3n robusta<\/li>\n<\/ul>","protected":false},"featured_media":3080,"comment_status":"closed","ping_status":"closed","template":"","meta":{"_acf_changed":false},"box-type":[55,59],"product_brand":[],"product_cat":[46,69,67,74],"product_tag":[],"class_list":{"0":"post-3079","1":"product","2":"type-product","3":"status-publish","4":"has-post-thumbnail","6":"box-type-custom-foldable-boxes","7":"box-type-custom-mailer-boxes","8":"product_cat-wholesale-paper-boxes","9":"product_cat-custom-retail-boxes","10":"product_cat-custom-shipping-boxes","11":"product_cat-custom-auto-parts-boxes","13":"first","14":"instock","15":"shipping-taxable","16":"product-type-simple"},"acf":[],"_links":{"self":[{"href":"https:\/\/www.yishengpack.com\/es\/wp-json\/wp\/v2\/product\/3079","targetHints":{"allow":["GET"]}}],"collection":[{"href":"https:\/\/www.yishengpack.com\/es\/wp-json\/wp\/v2\/product"}],"about":[{"href":"https:\/\/www.yishengpack.com\/es\/wp-json\/wp\/v2\/types\/product"}],"replies":[{"embeddable":true,"href":"https:\/\/www.yishengpack.com\/es\/wp-json\/wp\/v2\/comments?post=3079"}],"wp:featuredmedia":[{"embeddable":true,"href":"https:\/\/www.yishengpack.com\/es\/wp-json\/wp\/v2\/media\/3080"}],"wp:attachment":[{"href":"https:\/\/www.yishengpack.com\/es\/wp-json\/wp\/v2\/media?parent=3079"}],"wp:term":[{"taxonomy":"box-type","embeddable":true,"href":"https:\/\/www.yishengpack.com\/es\/wp-json\/wp\/v2\/box-type?post=3079"},{"taxonomy":"product_brand","embeddable":true,"href":"https:\/\/www.yishengpack.com\/es\/wp-json\/wp\/v2\/product_brand?post=3079"},{"taxonomy":"product_cat","embeddable":true,"href":"https:\/\/www.yishengpack.com\/es\/wp-json\/wp\/v2\/product_cat?post=3079"},{"taxonomy":"product_tag","embeddable":true,"href":"https:\/\/www.yishengpack.com\/es\/wp-json\/wp\/v2\/product_tag?post=3079"}],"curies":[{"name":"wp","href":"https:\/\/api.w.org\/{rel}","templated":true}]}}