{"id":3071,"date":"2025-12-12T16:46:17","date_gmt":"2025-12-12T16:46:17","guid":{"rendered":"https:\/\/www.yishengpack.com\/?post_type=product&#038;p=3071"},"modified":"2025-12-12T16:46:19","modified_gmt":"2025-12-12T16:46:19","slug":"custom-auto-parts-boxes","status":"publish","type":"product","link":"https:\/\/www.yishengpack.com\/es\/producto\/custom-auto-parts-boxes\/","title":{"rendered":"Cajas a medida para piezas de autom\u00f3vil, Cajas de cart\u00f3n ondulado para env\u00edos al por mayor"},"content":{"rendered":"<div class=\"wp-block-columns is-layout-flex wp-container-core-columns-is-layout-9d6595d7 wp-block-columns-is-layout-flex\">\n<div class=\"wp-block-column is-layout-flow wp-block-column-is-layout-flow\">\n<h3 class=\"wp-block-heading\">Caracter\u00edsticas de las cajas de autopartes personalizadas<\/h3>\n\n\n\n<p><strong>Coordinaci\u00f3n visual de tem\u00e1tica industrial: <\/strong>Estas cajas de piezas de autom\u00f3vil personalizadas presentan elementos de dise\u00f1o (como gr\u00e1ficos de engranajes\/partes de autom\u00f3vil) que se alinean con los componentes de automoci\u00f3n, lo que refuerza la relevancia de la marca a la vez que crea un ambiente profesional y espec\u00edfico del sector.<\/p>\n\n\n\n<p><strong>Inserciones de espuma de ajuste preciso:<\/strong> Estas cajas a medida para piezas de autom\u00f3vil incluyen inserciones de espuma (o acolchado) a medida que acunan firmemente las piezas del autom\u00f3vil, evitando ara\u00f1azos, desplazamientos o da\u00f1os durante el transporte.<\/p>\n\n\n\n<p><strong>Construcci\u00f3n ondulada duradera: <\/strong>Estas cajas personalizadas para piezas de autom\u00f3vil est\u00e1n fabricadas con cart\u00f3n ondulado resistente y ofrecen una protecci\u00f3n fiable para los componentes del autom\u00f3vil, equilibrando la durabilidad con la rentabilidad para el embalaje industrial.<\/p>\n\n\n\n<p><strong>Personalizaci\u00f3n alineada con la marca: <\/strong>Estas cajas de cart\u00f3n ondulado para env\u00edos se pueden personalizar totalmente en color, impresi\u00f3n (logotipo\/gr\u00e1ficos) y tama\u00f1o; las cajas se pueden adaptar para que coincidan con la est\u00e9tica de las marcas de automoci\u00f3n, lo que resulta ideal para reforzar la identidad de marca en la distribuci\u00f3n de piezas.<\/p>\n\n\n\n<p><strong>Construcci\u00f3n plegable que ahorra espacio:<\/strong> El dise\u00f1o plegable de las cajas de cart\u00f3n ondulado para env\u00edos al por mayor minimiza el volumen de almacenamiento y env\u00edo, reduciendo los costes log\u00edsticos a la vez que mantiene la integridad estructural cuando est\u00e1n montadas.<\/p>\n\n\n\n<p><strong>Adecuado para la producci\u00f3n a granel:<\/strong> Las cajas de piezas de autom\u00f3viles personalizadas de la f\u00e1brica de Yisheng tienen capacidades de producci\u00f3n a gran escala y MOQ flexible, proporcionando un suministro estable a los propietarios de marcas, vendedores de comercio electr\u00f3nico y f\u00e1bricas de autom\u00f3viles.<\/p>\n<\/div>\n\n\n\n<div class=\"wp-block-column is-layout-flow wp-block-column-is-layout-flow\">\n<figure class=\"wp-block-image size-full\"><img decoding=\"async\" width=\"2048\" height=\"2048\" src=\"https:\/\/www.yishengpack.com\/wp-content\/uploads\/2025\/12\/Wholesale-High-Quality-Car-Parts-Packaging-Boxes-Customized-Auto-Accessories-Corrugated-Boxes-2.webp\" alt=\"custom-auto-parts-boxes-corrugated-shipping-boxes-wholesale-2\" class=\"wp-image-3073\" srcset=\"https:\/\/www.yishengpack.com\/wp-content\/uploads\/2025\/12\/Wholesale-High-Quality-Car-Parts-Packaging-Boxes-Customized-Auto-Accessories-Corrugated-Boxes-2.webp 2048w, https:\/\/www.yishengpack.com\/wp-content\/uploads\/2025\/12\/Wholesale-High-Quality-Car-Parts-Packaging-Boxes-Customized-Auto-Accessories-Corrugated-Boxes-2-300x300.webp 300w, https:\/\/www.yishengpack.com\/wp-content\/uploads\/2025\/12\/Wholesale-High-Quality-Car-Parts-Packaging-Boxes-Customized-Auto-Accessories-Corrugated-Boxes-2-150x150.webp 150w, https:\/\/www.yishengpack.com\/wp-content\/uploads\/2025\/12\/Wholesale-High-Quality-Car-Parts-Packaging-Boxes-Customized-Auto-Accessories-Corrugated-Boxes-2-768x768.webp 768w, https:\/\/www.yishengpack.com\/wp-content\/uploads\/2025\/12\/Wholesale-High-Quality-Car-Parts-Packaging-Boxes-Customized-Auto-Accessories-Corrugated-Boxes-2-12x12.webp 12w, https:\/\/www.yishengpack.com\/wp-content\/uploads\/2025\/12\/Wholesale-High-Quality-Car-Parts-Packaging-Boxes-Customized-Auto-Accessories-Corrugated-Boxes-2-1200x1200.webp 1200w, https:\/\/www.yishengpack.com\/wp-content\/uploads\/2025\/12\/Wholesale-High-Quality-Car-Parts-Packaging-Boxes-Customized-Auto-Accessories-Corrugated-Boxes-2-600x600.webp 600w, https:\/\/www.yishengpack.com\/wp-content\/uploads\/2025\/12\/Wholesale-High-Quality-Car-Parts-Packaging-Boxes-Customized-Auto-Accessories-Corrugated-Boxes-2-100x100.webp 100w\" sizes=\"(max-width: 2048px) 100vw, 2048px\" \/><\/figure>\n<\/div>\n<\/div>\n\n\n\n<div class=\"wp-block-columns is-layout-flex wp-container-core-columns-is-layout-9d6595d7 wp-block-columns-is-layout-flex\">\n<div class=\"wp-block-column is-layout-flow wp-block-column-is-layout-flow\">\n<figure class=\"wp-block-image size-full\"><img decoding=\"async\" width=\"2048\" height=\"2048\" src=\"https:\/\/www.yishengpack.com\/wp-content\/uploads\/2025\/12\/Wholesale-High-Quality-Car-Parts-Packaging-Boxes-Customized-Auto-Accessories-Corrugated-Boxes-7.webp\" alt=\"cajas de embalaje para recambios de autom\u00f3vil al por mayor de alta calidad - cajas de cart\u00f3n corrugado para accesorios de autom\u00f3vil personalizadas - 7\" class=\"wp-image-3078\" srcset=\"https:\/\/www.yishengpack.com\/wp-content\/uploads\/2025\/12\/Wholesale-High-Quality-Car-Parts-Packaging-Boxes-Customized-Auto-Accessories-Corrugated-Boxes-7.webp 2048w, https:\/\/www.yishengpack.com\/wp-content\/uploads\/2025\/12\/Wholesale-High-Quality-Car-Parts-Packaging-Boxes-Customized-Auto-Accessories-Corrugated-Boxes-7-300x300.webp 300w, https:\/\/www.yishengpack.com\/wp-content\/uploads\/2025\/12\/Wholesale-High-Quality-Car-Parts-Packaging-Boxes-Customized-Auto-Accessories-Corrugated-Boxes-7-150x150.webp 150w, https:\/\/www.yishengpack.com\/wp-content\/uploads\/2025\/12\/Wholesale-High-Quality-Car-Parts-Packaging-Boxes-Customized-Auto-Accessories-Corrugated-Boxes-7-768x768.webp 768w, https:\/\/www.yishengpack.com\/wp-content\/uploads\/2025\/12\/Wholesale-High-Quality-Car-Parts-Packaging-Boxes-Customized-Auto-Accessories-Corrugated-Boxes-7-12x12.webp 12w, https:\/\/www.yishengpack.com\/wp-content\/uploads\/2025\/12\/Wholesale-High-Quality-Car-Parts-Packaging-Boxes-Customized-Auto-Accessories-Corrugated-Boxes-7-1200x1200.webp 1200w, https:\/\/www.yishengpack.com\/wp-content\/uploads\/2025\/12\/Wholesale-High-Quality-Car-Parts-Packaging-Boxes-Customized-Auto-Accessories-Corrugated-Boxes-7-600x600.webp 600w, https:\/\/www.yishengpack.com\/wp-content\/uploads\/2025\/12\/Wholesale-High-Quality-Car-Parts-Packaging-Boxes-Customized-Auto-Accessories-Corrugated-Boxes-7-100x100.webp 100w\" sizes=\"(max-width: 2048px) 100vw, 2048px\" \/><\/figure>\n\n\n\n<div class=\"wp-block-buttons has-custom-font-size has-small-font-size is-content-justification-center is-layout-flex wp-container-core-buttons-is-layout-16018d1d wp-block-buttons-is-layout-flex\">\n<div class=\"wp-block-button has-custom-width wp-block-button__width-75\"><a class=\"wp-block-button__link has-background has-small-font-size has-custom-font-size wp-element-button\" href=\"https:\/\/www.yishengpack.com\/es\/custom-printed-box\/\" style=\"background:linear-gradient(135deg,rgb(254,205,165) 0%,rgb(254,45,45) 0%,rgb(94,15,15) 0%,rgb(94,15,15) 100%)\" target=\"_blank\" rel=\"noreferrer noopener\"><strong>Explorar las cajas impresas personalizadas<\/strong><\/a><\/div>\n<\/div>\n<\/div>\n\n\n\n<div class=\"wp-block-column is-layout-flow wp-block-column-is-layout-flow\">\n<figure class=\"wp-block-image size-full\"><img decoding=\"async\" width=\"2048\" height=\"2048\" src=\"https:\/\/www.yishengpack.com\/wp-content\/uploads\/2025\/12\/Wholesale-High-Quality-Car-Parts-Packaging-Boxes-Customized-Auto-Accessories-Corrugated-Boxes-4.webp\" alt=\"al por mayor-cajas-embalaje-de-recambios-de-coche-de-alta-calidad-cajas-embalaje-de-accesorios-de-autom\u00f3vil-personalizadas-cajas-corrugadas-4\" class=\"wp-image-3075\" srcset=\"https:\/\/www.yishengpack.com\/wp-content\/uploads\/2025\/12\/Wholesale-High-Quality-Car-Parts-Packaging-Boxes-Customized-Auto-Accessories-Corrugated-Boxes-4.webp 2048w, https:\/\/www.yishengpack.com\/wp-content\/uploads\/2025\/12\/Wholesale-High-Quality-Car-Parts-Packaging-Boxes-Customized-Auto-Accessories-Corrugated-Boxes-4-300x300.webp 300w, https:\/\/www.yishengpack.com\/wp-content\/uploads\/2025\/12\/Wholesale-High-Quality-Car-Parts-Packaging-Boxes-Customized-Auto-Accessories-Corrugated-Boxes-4-150x150.webp 150w, https:\/\/www.yishengpack.com\/wp-content\/uploads\/2025\/12\/Wholesale-High-Quality-Car-Parts-Packaging-Boxes-Customized-Auto-Accessories-Corrugated-Boxes-4-768x768.webp 768w, https:\/\/www.yishengpack.com\/wp-content\/uploads\/2025\/12\/Wholesale-High-Quality-Car-Parts-Packaging-Boxes-Customized-Auto-Accessories-Corrugated-Boxes-4-12x12.webp 12w, https:\/\/www.yishengpack.com\/wp-content\/uploads\/2025\/12\/Wholesale-High-Quality-Car-Parts-Packaging-Boxes-Customized-Auto-Accessories-Corrugated-Boxes-4-1200x1200.webp 1200w, https:\/\/www.yishengpack.com\/wp-content\/uploads\/2025\/12\/Wholesale-High-Quality-Car-Parts-Packaging-Boxes-Customized-Auto-Accessories-Corrugated-Boxes-4-600x600.webp 600w, https:\/\/www.yishengpack.com\/wp-content\/uploads\/2025\/12\/Wholesale-High-Quality-Car-Parts-Packaging-Boxes-Customized-Auto-Accessories-Corrugated-Boxes-4-100x100.webp 100w\" sizes=\"(max-width: 2048px) 100vw, 2048px\" \/><\/figure>\n\n\n\n<div class=\"wp-block-buttons has-custom-font-size has-small-font-size is-content-justification-center is-layout-flex wp-container-core-buttons-is-layout-16018d1d wp-block-buttons-is-layout-flex\">\n<div class=\"wp-block-button has-custom-width wp-block-button__width-75\"><a class=\"wp-block-button__link has-background has-small-font-size has-custom-font-size wp-element-button\" href=\"https:\/\/www.yishengpack.com\/es\/custom-box-inserts-accessories\/\" style=\"background:linear-gradient(135deg,rgb(254,205,165) 0%,rgb(254,45,45) 0%,rgb(94,15,15) 0%,rgb(94,15,15) 100%)\" target=\"_blank\" rel=\"noreferrer noopener\"><strong>Explorar los insertos personalizados para cajas<\/strong><\/a><\/div>\n<\/div>\n<\/div>\n<\/div>","protected":false},"excerpt":{"rendered":"<p>Le damos la bienvenida a nuestras cajas personalizadas para piezas de autom\u00f3vil, con un dise\u00f1o seguro de espuma\/papel cortado con precisi\u00f3n (para proteger las piezas) y una construcci\u00f3n robusta de cart\u00f3n ondulado, que combinan protecci\u00f3n resistente y estilo de marca. Disponibles en tama\u00f1os, estructuras y opciones de impresi\u00f3n totalmente personalizables, estas cajas de env\u00edo duraderas ofrecen una producci\u00f3n a granel rentable para mayoristas y fabricantes de piezas de autom\u00f3viles.<\/p>\n<h2>Aspectos destacados de las cajas de autopartes personalizadas<\/h2>\n<ul>\n<li>Personalizaci\u00f3n<\/li>\n<li>Material duradero<\/li>\n<li>Artesan\u00eda exquisita<\/li>\n<li>Forro de espuma a medida<\/li>\n<li>Varios tama\u00f1os de caja<\/li>\n<li>Diversas opciones de color<\/li>\n<li>Disposici\u00f3n de varios compartimentos<\/li>\n<li>Construcci\u00f3n r\u00edgida y ligera<\/li>\n<\/ul>","protected":false},"featured_media":3072,"comment_status":"closed","ping_status":"closed","template":"","meta":{"_acf_changed":false},"box-type":[59,48],"product_brand":[],"product_cat":[46,69,67,73,74],"product_tag":[],"class_list":{"0":"post-3071","1":"product","2":"type-product","3":"status-publish","4":"has-post-thumbnail","6":"box-type-custom-mailer-boxes","7":"box-type-custom-tuck-top-boxes","8":"product_cat-wholesale-paper-boxes","9":"product_cat-custom-retail-boxes","10":"product_cat-custom-shipping-boxes","11":"product_cat-custom-electronic-packaging","12":"product_cat-custom-auto-parts-boxes","14":"first","15":"instock","16":"shipping-taxable","17":"product-type-simple"},"acf":[],"_links":{"self":[{"href":"https:\/\/www.yishengpack.com\/es\/wp-json\/wp\/v2\/product\/3071","targetHints":{"allow":["GET"]}}],"collection":[{"href":"https:\/\/www.yishengpack.com\/es\/wp-json\/wp\/v2\/product"}],"about":[{"href":"https:\/\/www.yishengpack.com\/es\/wp-json\/wp\/v2\/types\/product"}],"replies":[{"embeddable":true,"href":"https:\/\/www.yishengpack.com\/es\/wp-json\/wp\/v2\/comments?post=3071"}],"wp:featuredmedia":[{"embeddable":true,"href":"https:\/\/www.yishengpack.com\/es\/wp-json\/wp\/v2\/media\/3072"}],"wp:attachment":[{"href":"https:\/\/www.yishengpack.com\/es\/wp-json\/wp\/v2\/media?parent=3071"}],"wp:term":[{"taxonomy":"box-type","embeddable":true,"href":"https:\/\/www.yishengpack.com\/es\/wp-json\/wp\/v2\/box-type?post=3071"},{"taxonomy":"product_brand","embeddable":true,"href":"https:\/\/www.yishengpack.com\/es\/wp-json\/wp\/v2\/product_brand?post=3071"},{"taxonomy":"product_cat","embeddable":true,"href":"https:\/\/www.yishengpack.com\/es\/wp-json\/wp\/v2\/product_cat?post=3071"},{"taxonomy":"product_tag","embeddable":true,"href":"https:\/\/www.yishengpack.com\/es\/wp-json\/wp\/v2\/product_tag?post=3071"}],"curies":[{"name":"wp","href":"https:\/\/api.w.org\/{rel}","templated":true}]}}