{"id":3063,"date":"2025-12-12T16:30:04","date_gmt":"2025-12-12T16:30:04","guid":{"rendered":"https:\/\/www.yishengpack.com\/?post_type=product&#038;p=3063"},"modified":"2025-12-12T16:30:53","modified_gmt":"2025-12-12T16:30:53","slug":"dates-gift-boxes-wholesale","status":"publish","type":"product","link":"https:\/\/www.yishengpack.com\/es\/producto\/dates-gift-boxes-wholesale\/","title":{"rendered":"Cajas de regalo con d\u00e1tiles al por mayor, caja de papel con tapa y base personalizadas"},"content":{"rendered":"<div class=\"wp-block-columns is-layout-flex wp-container-core-columns-is-layout-9d6595d7 wp-block-columns-is-layout-flex\">\n<div class=\"wp-block-column is-layout-flow wp-block-column-is-layout-flow\">\n<h3 class=\"wp-block-heading\">Caracter\u00edsticas de las cajas de regalo personalizadas<\/h3>\n\n\n\n<p><strong>Elegante estructura elevable:<\/strong> Estas cajas de regalo para d\u00e1tiles al por mayor adoptan el dise\u00f1o cl\u00e1sico, con una parte superior sin juntas y f\u00e1cil de levantar que ofrece una experiencia de apertura de la caja elegante y de primera calidad, al tiempo que protege de forma segura el contenido del d\u00e1til.<\/p>\n\n\n\n<p><strong>Bandeja interior con compartimentos seguros:<\/strong> Estas cajas de regalo para d\u00e1tiles al por mayor incluyen una bandeja de papel a medida, apta para uso alimentario y con ranuras individuales, que se ajustan perfectamente a los d\u00e1tiles para evitar que se desplacen durante el transporte, al tiempo que mantienen las golosinas perfectamente organizadas para su presentaci\u00f3n.<\/p>\n\n\n\n<p><strong>Construcci\u00f3n robusta de papel plegable:<\/strong> Estas cajas de regalo para d\u00e1tiles al por mayor est\u00e1n fabricadas con cart\u00f3n resistente; el dise\u00f1o plegable de estas cajas de regalo para d\u00e1tiles minimiza el volumen de env\u00edo y el espacio de almacenamiento, reduciendo los costes log\u00edsticos sin comprometer la integridad estructural.<\/p>\n\n\n\n<p><strong>Ricas paletas de colores tem\u00e1ticos:<\/strong> Nuestra caja de papel con tapa y base personalizadas con intrincados estampados. Desde el azul marino intenso con detalles dorados hasta los suaves tonos pastel, las cajas utilizan sofisticadas combinaciones de colores acordes con las ocasiones de regalo (por ejemplo, festivas, de celebraci\u00f3n) para realzar el encanto de los regalos de fecha.<\/p>\n\n\n\n<p><strong>Vers\u00e1tiles opciones de personalizaci\u00f3n: <\/strong>Nuestras cajas de papel con tapa y base personalizadas ofrecen dimensiones, motivos de impresi\u00f3n, colocaci\u00f3n del logotipo, acabado (por ejemplo, estampado) y disposici\u00f3n de la bandeja totalmente personalizables. Estas cajas de papel para d\u00e1tiles pueden adaptarse a la identidad de la marca o a temas de regalo espec\u00edficos.<\/p>\n\n\n\n<p><strong>Adecuado para la venta al por mayor de gran volumen:<\/strong> Estas cajas de regalo de d\u00e1tiles al por mayor en la f\u00e1brica Yisheng tienen l\u00edneas de producci\u00f3n maduras, apoyando el suministro estable en grandes cantidades con alta consistencia de calidad, adecuado para los propietarios de marcas e importadores.<\/p>\n<\/div>\n\n\n\n<div class=\"wp-block-column is-layout-flow wp-block-column-is-layout-flow\">\n<figure class=\"wp-block-image size-full\"><img decoding=\"async\" width=\"1148\" height=\"1148\" src=\"https:\/\/www.yishengpack.com\/wp-content\/uploads\/2025\/12\/High-End-Custom-Luxury-Dates-Gift-Boxes-Eco-Friendly-Divided-Food-Package-Boxes-with-Logo-Wholesale-2.webp\" alt=\"fechas-cajas-regalo-al-mayor-tapa-y-base-papel-caja-2-personalizadas\" class=\"wp-image-3065\" srcset=\"https:\/\/www.yishengpack.com\/wp-content\/uploads\/2025\/12\/High-End-Custom-Luxury-Dates-Gift-Boxes-Eco-Friendly-Divided-Food-Package-Boxes-with-Logo-Wholesale-2.webp 1148w, https:\/\/www.yishengpack.com\/wp-content\/uploads\/2025\/12\/High-End-Custom-Luxury-Dates-Gift-Boxes-Eco-Friendly-Divided-Food-Package-Boxes-with-Logo-Wholesale-2-300x300.webp 300w, https:\/\/www.yishengpack.com\/wp-content\/uploads\/2025\/12\/High-End-Custom-Luxury-Dates-Gift-Boxes-Eco-Friendly-Divided-Food-Package-Boxes-with-Logo-Wholesale-2-150x150.webp 150w, https:\/\/www.yishengpack.com\/wp-content\/uploads\/2025\/12\/High-End-Custom-Luxury-Dates-Gift-Boxes-Eco-Friendly-Divided-Food-Package-Boxes-with-Logo-Wholesale-2-768x768.webp 768w, https:\/\/www.yishengpack.com\/wp-content\/uploads\/2025\/12\/High-End-Custom-Luxury-Dates-Gift-Boxes-Eco-Friendly-Divided-Food-Package-Boxes-with-Logo-Wholesale-2-12x12.webp 12w, https:\/\/www.yishengpack.com\/wp-content\/uploads\/2025\/12\/High-End-Custom-Luxury-Dates-Gift-Boxes-Eco-Friendly-Divided-Food-Package-Boxes-with-Logo-Wholesale-2-600x600.webp 600w, https:\/\/www.yishengpack.com\/wp-content\/uploads\/2025\/12\/High-End-Custom-Luxury-Dates-Gift-Boxes-Eco-Friendly-Divided-Food-Package-Boxes-with-Logo-Wholesale-2-100x100.webp 100w\" sizes=\"(max-width: 1148px) 100vw, 1148px\" \/><\/figure>\n<\/div>\n<\/div>\n\n\n\n<div class=\"wp-block-columns is-layout-flex wp-container-core-columns-is-layout-9d6595d7 wp-block-columns-is-layout-flex\">\n<div class=\"wp-block-column is-layout-flow wp-block-column-is-layout-flow\">\n<figure class=\"wp-block-image size-full\"><img decoding=\"async\" width=\"2048\" height=\"2048\" src=\"https:\/\/www.yishengpack.com\/wp-content\/uploads\/2025\/12\/High-End-Custom-Luxury-Dates-Gift-Boxes-Eco-Friendly-Divided-Food-Package-Boxes-with-Logo-Wholesale-6.webp\" alt=\"fechas-cajas-regalo-al-mayor-tapa-personalizada-y-base-caja-de-papel-6\" class=\"wp-image-3069\" srcset=\"https:\/\/www.yishengpack.com\/wp-content\/uploads\/2025\/12\/High-End-Custom-Luxury-Dates-Gift-Boxes-Eco-Friendly-Divided-Food-Package-Boxes-with-Logo-Wholesale-6.webp 2048w, https:\/\/www.yishengpack.com\/wp-content\/uploads\/2025\/12\/High-End-Custom-Luxury-Dates-Gift-Boxes-Eco-Friendly-Divided-Food-Package-Boxes-with-Logo-Wholesale-6-300x300.webp 300w, https:\/\/www.yishengpack.com\/wp-content\/uploads\/2025\/12\/High-End-Custom-Luxury-Dates-Gift-Boxes-Eco-Friendly-Divided-Food-Package-Boxes-with-Logo-Wholesale-6-150x150.webp 150w, https:\/\/www.yishengpack.com\/wp-content\/uploads\/2025\/12\/High-End-Custom-Luxury-Dates-Gift-Boxes-Eco-Friendly-Divided-Food-Package-Boxes-with-Logo-Wholesale-6-768x768.webp 768w, https:\/\/www.yishengpack.com\/wp-content\/uploads\/2025\/12\/High-End-Custom-Luxury-Dates-Gift-Boxes-Eco-Friendly-Divided-Food-Package-Boxes-with-Logo-Wholesale-6-12x12.webp 12w, https:\/\/www.yishengpack.com\/wp-content\/uploads\/2025\/12\/High-End-Custom-Luxury-Dates-Gift-Boxes-Eco-Friendly-Divided-Food-Package-Boxes-with-Logo-Wholesale-6-1200x1200.webp 1200w, https:\/\/www.yishengpack.com\/wp-content\/uploads\/2025\/12\/High-End-Custom-Luxury-Dates-Gift-Boxes-Eco-Friendly-Divided-Food-Package-Boxes-with-Logo-Wholesale-6-600x600.webp 600w, https:\/\/www.yishengpack.com\/wp-content\/uploads\/2025\/12\/High-End-Custom-Luxury-Dates-Gift-Boxes-Eco-Friendly-Divided-Food-Package-Boxes-with-Logo-Wholesale-6-100x100.webp 100w\" sizes=\"(max-width: 2048px) 100vw, 2048px\" \/><\/figure>\n\n\n\n<div class=\"wp-block-buttons has-custom-font-size has-small-font-size is-content-justification-center is-layout-flex wp-container-core-buttons-is-layout-16018d1d wp-block-buttons-is-layout-flex\">\n<div class=\"wp-block-button has-custom-width wp-block-button__width-75\"><a class=\"wp-block-button__link has-background has-small-font-size has-custom-font-size wp-element-button\" href=\"https:\/\/www.yishengpack.com\/es\/custom-printed-box\/\" style=\"background:linear-gradient(135deg,rgb(254,205,165) 0%,rgb(254,45,45) 0%,rgb(94,15,15) 0%,rgb(94,15,15) 100%)\" target=\"_blank\" rel=\"noreferrer noopener\"><strong>Explorar las cajas impresas personalizadas<\/strong><\/a><\/div>\n<\/div>\n<\/div>\n\n\n\n<div class=\"wp-block-column is-layout-flow wp-block-column-is-layout-flow\">\n<figure class=\"wp-block-image size-full\"><img decoding=\"async\" width=\"1574\" height=\"1574\" src=\"https:\/\/www.yishengpack.com\/wp-content\/uploads\/2025\/12\/High-End-Custom-Luxury-Dates-Gift-Boxes-Eco-Friendly-Divided-Food-Package-Boxes-with-Logo-Wholesale-7.webp\" alt=\"fechas-cajas-regalo-al-mayor-tapa-y-base-papel-caja-7-personalizadas\" class=\"wp-image-3070\" srcset=\"https:\/\/www.yishengpack.com\/wp-content\/uploads\/2025\/12\/High-End-Custom-Luxury-Dates-Gift-Boxes-Eco-Friendly-Divided-Food-Package-Boxes-with-Logo-Wholesale-7.webp 1574w, https:\/\/www.yishengpack.com\/wp-content\/uploads\/2025\/12\/High-End-Custom-Luxury-Dates-Gift-Boxes-Eco-Friendly-Divided-Food-Package-Boxes-with-Logo-Wholesale-7-300x300.webp 300w, https:\/\/www.yishengpack.com\/wp-content\/uploads\/2025\/12\/High-End-Custom-Luxury-Dates-Gift-Boxes-Eco-Friendly-Divided-Food-Package-Boxes-with-Logo-Wholesale-7-150x150.webp 150w, https:\/\/www.yishengpack.com\/wp-content\/uploads\/2025\/12\/High-End-Custom-Luxury-Dates-Gift-Boxes-Eco-Friendly-Divided-Food-Package-Boxes-with-Logo-Wholesale-7-768x768.webp 768w, https:\/\/www.yishengpack.com\/wp-content\/uploads\/2025\/12\/High-End-Custom-Luxury-Dates-Gift-Boxes-Eco-Friendly-Divided-Food-Package-Boxes-with-Logo-Wholesale-7-12x12.webp 12w, https:\/\/www.yishengpack.com\/wp-content\/uploads\/2025\/12\/High-End-Custom-Luxury-Dates-Gift-Boxes-Eco-Friendly-Divided-Food-Package-Boxes-with-Logo-Wholesale-7-1200x1200.webp 1200w, https:\/\/www.yishengpack.com\/wp-content\/uploads\/2025\/12\/High-End-Custom-Luxury-Dates-Gift-Boxes-Eco-Friendly-Divided-Food-Package-Boxes-with-Logo-Wholesale-7-600x600.webp 600w, https:\/\/www.yishengpack.com\/wp-content\/uploads\/2025\/12\/High-End-Custom-Luxury-Dates-Gift-Boxes-Eco-Friendly-Divided-Food-Package-Boxes-with-Logo-Wholesale-7-100x100.webp 100w\" sizes=\"(max-width: 1574px) 100vw, 1574px\" \/><\/figure>\n\n\n\n<div class=\"wp-block-buttons has-custom-font-size has-small-font-size is-content-justification-center is-layout-flex wp-container-core-buttons-is-layout-16018d1d wp-block-buttons-is-layout-flex\">\n<div class=\"wp-block-button has-custom-width wp-block-button__width-75\"><a class=\"wp-block-button__link has-background has-small-font-size has-custom-font-size wp-element-button\" href=\"https:\/\/www.yishengpack.com\/es\/custom-box-inserts-accessories\/\" style=\"background:linear-gradient(135deg,rgb(254,205,165) 0%,rgb(254,45,45) 0%,rgb(94,15,15) 0%,rgb(94,15,15) 100%)\" target=\"_blank\" rel=\"noreferrer noopener\"><strong>Explorar los insertos personalizados para cajas<\/strong><\/a><\/div>\n<\/div>\n<\/div>\n<\/div>","protected":false},"excerpt":{"rendered":"<p>Bienvenido a comprar nuestras cajas de regalo para d\u00e1tiles al por mayor, adornadas con intrincados dise\u00f1os en ricas paletas de colores, perfectas para d\u00e1tiles de primera calidad, confiter\u00eda o golosinas gourmet. Con una bandeja interior compartimentada (para asegurar los art\u00edculos individuales), construcci\u00f3n de papel duradero y elegantes acabados decorativos, es opulencia y practicidad combinadas. Ofrecemos tama\u00f1os, dise\u00f1os y combinaciones de colores personalizados, as\u00ed como logotipos o detalles en papel de aluminio de alta calidad a juego con su marca.<\/p>\n<h2>Aspectos destacados de las cajas de regalo de lujo para d\u00e1tiles al por mayor<\/h2>\n<ul>\n<li>Posibilidad de personalizaci\u00f3n completa<\/li>\n<li>Almacenamiento compartimentado<\/li>\n<li>Materiales reciclados<\/li>\n<li>Impresi\u00f3n exquisita<\/li>\n<li>Adaptabilidad de tama\u00f1o vers\u00e1til<\/li>\n<li>Gran variedad de colores<\/li>\n<li>Estructura estable<\/li>\n<li>Pantalla de fechas protectora y pr\u00e1ctica<\/li>\n<\/ul>","protected":false},"featured_media":3064,"comment_status":"closed","ping_status":"closed","template":"","meta":{"_acf_changed":false},"box-type":[57,61],"product_brand":[],"product_cat":[46,19,41,68,33,44],"product_tag":[],"class_list":{"0":"post-3063","1":"product","2":"type-product","3":"status-publish","4":"has-post-thumbnail","6":"box-type-custom-rigid-box-with-lid","7":"box-type-custom-two-piece-boxes","8":"product_cat-wholesale-paper-boxes","9":"product_cat-luxury-gift-boxes-wholesale","10":"product_cat-candy-gift-boxes-wholesale","11":"product_cat-custom-dates-box","12":"product_cat-food-packaging-boxes-wholesale","13":"product_cat-custom-snack-box","15":"first","16":"instock","17":"shipping-taxable","18":"product-type-simple"},"acf":[],"_links":{"self":[{"href":"https:\/\/www.yishengpack.com\/es\/wp-json\/wp\/v2\/product\/3063","targetHints":{"allow":["GET"]}}],"collection":[{"href":"https:\/\/www.yishengpack.com\/es\/wp-json\/wp\/v2\/product"}],"about":[{"href":"https:\/\/www.yishengpack.com\/es\/wp-json\/wp\/v2\/types\/product"}],"replies":[{"embeddable":true,"href":"https:\/\/www.yishengpack.com\/es\/wp-json\/wp\/v2\/comments?post=3063"}],"wp:featuredmedia":[{"embeddable":true,"href":"https:\/\/www.yishengpack.com\/es\/wp-json\/wp\/v2\/media\/3064"}],"wp:attachment":[{"href":"https:\/\/www.yishengpack.com\/es\/wp-json\/wp\/v2\/media?parent=3063"}],"wp:term":[{"taxonomy":"box-type","embeddable":true,"href":"https:\/\/www.yishengpack.com\/es\/wp-json\/wp\/v2\/box-type?post=3063"},{"taxonomy":"product_brand","embeddable":true,"href":"https:\/\/www.yishengpack.com\/es\/wp-json\/wp\/v2\/product_brand?post=3063"},{"taxonomy":"product_cat","embeddable":true,"href":"https:\/\/www.yishengpack.com\/es\/wp-json\/wp\/v2\/product_cat?post=3063"},{"taxonomy":"product_tag","embeddable":true,"href":"https:\/\/www.yishengpack.com\/es\/wp-json\/wp\/v2\/product_tag?post=3063"}],"curies":[{"name":"wp","href":"https:\/\/api.w.org\/{rel}","templated":true}]}}