{"id":3029,"date":"2025-12-12T10:49:48","date_gmt":"2025-12-12T10:49:48","guid":{"rendered":"https:\/\/www.yishengpack.com\/?post_type=product&#038;p=3029"},"modified":"2025-12-12T10:49:49","modified_gmt":"2025-12-12T10:49:49","slug":"folding-cake-boxes-wholesale","status":"publish","type":"product","link":"https:\/\/www.yishengpack.com\/es\/producto\/folding-cake-boxes-wholesale\/","title":{"rendered":"Cajas plegables para pasteles al por mayor, cajas personalizadas para llevar postres"},"content":{"rendered":"<div class=\"wp-block-columns is-layout-flex wp-container-core-columns-is-layout-9d6595d7 wp-block-columns-is-layout-flex\">\n<div class=\"wp-block-column is-layout-flow wp-block-column-is-layout-flow\">\n<h3 class=\"wp-block-heading\">Caracter\u00edsticas de las cajas plegables para tartas al por mayor<\/h3>\n\n\n\n<p><strong>Cierre a presi\u00f3n seguro:<\/strong> La tapa de estas cajas plegables para tartas al por mayor es herm\u00e9tica y tiene un cierre a presi\u00f3n para cerrarla, manteniendo la frescura y garantizando que no se derrame nada mientras est\u00e1 de viaje, y abri\u00e9ndose f\u00e1cilmente para acceder r\u00e1pidamente al contenido.<\/p>\n\n\n\n<p><strong>Opciones de divisor interior flexible: <\/strong>Estas cajas plegables para tartas al por mayor permiten elegir entre secciones interiores predivididas o personalizadas (junto con revestimientos opcionales aptos para alimentos) para organizar sus art\u00edculos de forma ordenada, evitar que se muevan y mantener un buen aspecto para una gran variedad de dulces.<\/p>\n\n\n\n<p><strong>Dise\u00f1o plegable:<\/strong> Las cajas personalizadas para llevar postres con estructura plegable facilitan el almacenamiento y el transporte, ahorrando espacio de almac\u00e9n. Montaje f\u00e1cil y r\u00e1pido, pr\u00e1ctico para llevar, entregar y empaquetar como regalo.<\/p>\n\n\n\n<p><strong>Material resistente y duradero: <\/strong>Las cajas personalizadas para postres est\u00e1n fabricadas con cart\u00f3n alimentario de alta calidad, con gran capacidad de carga y resistentes al aceite y la humedad, lo que garantiza un transporte seguro.<\/p>\n\n\n\n<p><strong>Personalizaci\u00f3n adaptada a la empresa:<\/strong> Estas cajas plegables para tartas se ajustan al tama\u00f1o de la caja para diferentes tipos de art\u00edculos, a\u00f1aden logotipos impresos o detalles de marca, cambian los patrones de la superficie o incluyen revestimientos personalizados para adaptarse a la identidad exclusiva de su empresa.<\/p>\n<\/div>\n\n\n\n<div class=\"wp-block-column is-layout-flow wp-block-column-is-layout-flow\">\n<figure class=\"wp-block-image size-full\"><img decoding=\"async\" width=\"2048\" height=\"2048\" src=\"https:\/\/www.yishengpack.com\/wp-content\/uploads\/2025\/12\/Custom-Paper-Dessert-Take-Out-Boxes-Cardboard-Cake-Pastry-Packaging-Boxes-Design-Wholesale-2.webp\" alt=\"cajas plegables para tartas al por mayor-cajas personalizadas para postres-2\" class=\"wp-image-3031\" srcset=\"https:\/\/www.yishengpack.com\/wp-content\/uploads\/2025\/12\/Custom-Paper-Dessert-Take-Out-Boxes-Cardboard-Cake-Pastry-Packaging-Boxes-Design-Wholesale-2.webp 2048w, https:\/\/www.yishengpack.com\/wp-content\/uploads\/2025\/12\/Custom-Paper-Dessert-Take-Out-Boxes-Cardboard-Cake-Pastry-Packaging-Boxes-Design-Wholesale-2-300x300.webp 300w, https:\/\/www.yishengpack.com\/wp-content\/uploads\/2025\/12\/Custom-Paper-Dessert-Take-Out-Boxes-Cardboard-Cake-Pastry-Packaging-Boxes-Design-Wholesale-2-150x150.webp 150w, https:\/\/www.yishengpack.com\/wp-content\/uploads\/2025\/12\/Custom-Paper-Dessert-Take-Out-Boxes-Cardboard-Cake-Pastry-Packaging-Boxes-Design-Wholesale-2-768x768.webp 768w, https:\/\/www.yishengpack.com\/wp-content\/uploads\/2025\/12\/Custom-Paper-Dessert-Take-Out-Boxes-Cardboard-Cake-Pastry-Packaging-Boxes-Design-Wholesale-2-12x12.webp 12w, https:\/\/www.yishengpack.com\/wp-content\/uploads\/2025\/12\/Custom-Paper-Dessert-Take-Out-Boxes-Cardboard-Cake-Pastry-Packaging-Boxes-Design-Wholesale-2-1200x1200.webp 1200w, https:\/\/www.yishengpack.com\/wp-content\/uploads\/2025\/12\/Custom-Paper-Dessert-Take-Out-Boxes-Cardboard-Cake-Pastry-Packaging-Boxes-Design-Wholesale-2-600x600.webp 600w, https:\/\/www.yishengpack.com\/wp-content\/uploads\/2025\/12\/Custom-Paper-Dessert-Take-Out-Boxes-Cardboard-Cake-Pastry-Packaging-Boxes-Design-Wholesale-2-100x100.webp 100w\" sizes=\"(max-width: 2048px) 100vw, 2048px\" \/><\/figure>\n<\/div>\n<\/div>\n\n\n\n<div class=\"wp-block-columns is-layout-flex wp-container-core-columns-is-layout-9d6595d7 wp-block-columns-is-layout-flex\">\n<div class=\"wp-block-column is-layout-flow wp-block-column-is-layout-flow\">\n<figure class=\"wp-block-image size-full\"><img decoding=\"async\" width=\"1773\" height=\"1773\" src=\"https:\/\/www.yishengpack.com\/wp-content\/uploads\/2025\/12\/Custom-Paper-Dessert-Take-Out-Boxes-Cardboard-Cake-Pastry-Packaging-Boxes-Design-Wholesale-4.webp\" alt=\"cajas plegables para tartas al por mayor-cajas personalizadas para postres-4\" class=\"wp-image-3033\" srcset=\"https:\/\/www.yishengpack.com\/wp-content\/uploads\/2025\/12\/Custom-Paper-Dessert-Take-Out-Boxes-Cardboard-Cake-Pastry-Packaging-Boxes-Design-Wholesale-4.webp 1773w, https:\/\/www.yishengpack.com\/wp-content\/uploads\/2025\/12\/Custom-Paper-Dessert-Take-Out-Boxes-Cardboard-Cake-Pastry-Packaging-Boxes-Design-Wholesale-4-300x300.webp 300w, https:\/\/www.yishengpack.com\/wp-content\/uploads\/2025\/12\/Custom-Paper-Dessert-Take-Out-Boxes-Cardboard-Cake-Pastry-Packaging-Boxes-Design-Wholesale-4-150x150.webp 150w, https:\/\/www.yishengpack.com\/wp-content\/uploads\/2025\/12\/Custom-Paper-Dessert-Take-Out-Boxes-Cardboard-Cake-Pastry-Packaging-Boxes-Design-Wholesale-4-768x768.webp 768w, https:\/\/www.yishengpack.com\/wp-content\/uploads\/2025\/12\/Custom-Paper-Dessert-Take-Out-Boxes-Cardboard-Cake-Pastry-Packaging-Boxes-Design-Wholesale-4-12x12.webp 12w, https:\/\/www.yishengpack.com\/wp-content\/uploads\/2025\/12\/Custom-Paper-Dessert-Take-Out-Boxes-Cardboard-Cake-Pastry-Packaging-Boxes-Design-Wholesale-4-1200x1200.webp 1200w, https:\/\/www.yishengpack.com\/wp-content\/uploads\/2025\/12\/Custom-Paper-Dessert-Take-Out-Boxes-Cardboard-Cake-Pastry-Packaging-Boxes-Design-Wholesale-4-600x600.webp 600w, https:\/\/www.yishengpack.com\/wp-content\/uploads\/2025\/12\/Custom-Paper-Dessert-Take-Out-Boxes-Cardboard-Cake-Pastry-Packaging-Boxes-Design-Wholesale-4-100x100.webp 100w\" sizes=\"(max-width: 1773px) 100vw, 1773px\" \/><\/figure>\n\n\n\n<div class=\"wp-block-buttons has-custom-font-size has-small-font-size is-content-justification-center is-layout-flex wp-container-core-buttons-is-layout-16018d1d wp-block-buttons-is-layout-flex\">\n<div class=\"wp-block-button has-custom-width wp-block-button__width-75\"><a class=\"wp-block-button__link has-background has-small-font-size has-custom-font-size wp-element-button\" href=\"https:\/\/www.yishengpack.com\/es\/custom-printed-box\/\" style=\"background:linear-gradient(135deg,rgb(254,205,165) 0%,rgb(254,45,45) 0%,rgb(94,15,15) 0%,rgb(94,15,15) 100%)\" target=\"_blank\" rel=\"noreferrer noopener\"><strong>Explorar las cajas impresas personalizadas<\/strong><\/a><\/div>\n<\/div>\n<\/div>\n\n\n\n<div class=\"wp-block-column is-layout-flow wp-block-column-is-layout-flow\">\n<figure class=\"wp-block-image size-full\"><img decoding=\"async\" width=\"2031\" height=\"2031\" src=\"https:\/\/www.yishengpack.com\/wp-content\/uploads\/2025\/12\/Custom-Paper-Dessert-Take-Out-Boxes-Cardboard-Cake-Pastry-Packaging-Boxes-Design-Wholesale-3.webp\" alt=\"cajas plegables para tartas al por mayor-cajas personalizadas para postres-3\" class=\"wp-image-3032\" srcset=\"https:\/\/www.yishengpack.com\/wp-content\/uploads\/2025\/12\/Custom-Paper-Dessert-Take-Out-Boxes-Cardboard-Cake-Pastry-Packaging-Boxes-Design-Wholesale-3.webp 2031w, https:\/\/www.yishengpack.com\/wp-content\/uploads\/2025\/12\/Custom-Paper-Dessert-Take-Out-Boxes-Cardboard-Cake-Pastry-Packaging-Boxes-Design-Wholesale-3-300x300.webp 300w, https:\/\/www.yishengpack.com\/wp-content\/uploads\/2025\/12\/Custom-Paper-Dessert-Take-Out-Boxes-Cardboard-Cake-Pastry-Packaging-Boxes-Design-Wholesale-3-150x150.webp 150w, https:\/\/www.yishengpack.com\/wp-content\/uploads\/2025\/12\/Custom-Paper-Dessert-Take-Out-Boxes-Cardboard-Cake-Pastry-Packaging-Boxes-Design-Wholesale-3-768x768.webp 768w, https:\/\/www.yishengpack.com\/wp-content\/uploads\/2025\/12\/Custom-Paper-Dessert-Take-Out-Boxes-Cardboard-Cake-Pastry-Packaging-Boxes-Design-Wholesale-3-12x12.webp 12w, https:\/\/www.yishengpack.com\/wp-content\/uploads\/2025\/12\/Custom-Paper-Dessert-Take-Out-Boxes-Cardboard-Cake-Pastry-Packaging-Boxes-Design-Wholesale-3-1200x1200.webp 1200w, https:\/\/www.yishengpack.com\/wp-content\/uploads\/2025\/12\/Custom-Paper-Dessert-Take-Out-Boxes-Cardboard-Cake-Pastry-Packaging-Boxes-Design-Wholesale-3-600x600.webp 600w, https:\/\/www.yishengpack.com\/wp-content\/uploads\/2025\/12\/Custom-Paper-Dessert-Take-Out-Boxes-Cardboard-Cake-Pastry-Packaging-Boxes-Design-Wholesale-3-100x100.webp 100w\" sizes=\"(max-width: 2031px) 100vw, 2031px\" \/><\/figure>\n\n\n\n<div class=\"wp-block-buttons has-custom-font-size has-small-font-size is-content-justification-center is-layout-flex wp-container-core-buttons-is-layout-16018d1d wp-block-buttons-is-layout-flex\">\n<div class=\"wp-block-button has-custom-width wp-block-button__width-75\"><a class=\"wp-block-button__link has-background has-small-font-size has-custom-font-size wp-element-button\" href=\"https:\/\/www.yishengpack.com\/es\/custom-box-inserts-accessories\/\" style=\"background:linear-gradient(135deg,rgb(254,205,165) 0%,rgb(254,45,45) 0%,rgb(94,15,15) 0%,rgb(94,15,15) 100%)\" target=\"_blank\" rel=\"noreferrer noopener\"><strong>Explorar los insertos personalizados para cajas<\/strong><\/a><\/div>\n<\/div>\n<\/div>\n<\/div>","protected":false},"excerpt":{"rendered":"<p>Bienvenido a la compra al por mayor de nuestras cajas plegables para pasteles, perfectas para postres y comida para llevar, con una estructura de cart\u00f3n resistente y apto para uso alimentario, y un dise\u00f1o plegable que facilita su almacenamiento y transporte. Personalizables en tama\u00f1o, color e impresi\u00f3n, mejoran la presentaci\u00f3n de la marca a la vez que proporcionan un embalaje c\u00f3modo y ecol\u00f3gico para pasteles, bollos y dulces.<\/p>\n<h2>Aspectos destacados de las cajas plegables para pasteles al por mayor<\/h2>\n<ul>\n<li>Dise\u00f1o plegable<\/li>\n<li>Personalizaci\u00f3n<\/li>\n<li>Materiales aptos para uso alimentario<\/li>\n<li>Artesan\u00eda meticulosa<\/li>\n<li>Varios tama\u00f1os de caja<\/li>\n<li>Varias opciones de color<\/li>\n<li>Dise\u00f1o del compartimento Pastry-Fit<\/li>\n<li>Protecci\u00f3n y comodidad<\/li>\n<\/ul>","protected":false},"featured_media":3030,"comment_status":"closed","ping_status":"closed","template":"","meta":{"_acf_changed":false},"box-type":[55,59,48],"product_brand":[],"product_cat":[30,19,41,46,32,33,71],"product_tag":[],"class_list":{"0":"post-3029","1":"product","2":"type-product","3":"status-publish","4":"has-post-thumbnail","6":"box-type-custom-foldable-boxes","7":"box-type-custom-mailer-boxes","8":"box-type-custom-tuck-top-boxes","9":"product_cat-cake-containers-wholesale","10":"product_cat-luxury-gift-boxes-wholesale","11":"product_cat-candy-gift-boxes-wholesale","12":"product_cat-wholesale-paper-boxes","13":"product_cat-bakery-packaging-wholesale","14":"product_cat-food-packaging-boxes-wholesale","15":"product_cat-custom-takeout-boxes","17":"first","18":"instock","19":"shipping-taxable","20":"product-type-simple"},"acf":[],"_links":{"self":[{"href":"https:\/\/www.yishengpack.com\/es\/wp-json\/wp\/v2\/product\/3029","targetHints":{"allow":["GET"]}}],"collection":[{"href":"https:\/\/www.yishengpack.com\/es\/wp-json\/wp\/v2\/product"}],"about":[{"href":"https:\/\/www.yishengpack.com\/es\/wp-json\/wp\/v2\/types\/product"}],"replies":[{"embeddable":true,"href":"https:\/\/www.yishengpack.com\/es\/wp-json\/wp\/v2\/comments?post=3029"}],"wp:featuredmedia":[{"embeddable":true,"href":"https:\/\/www.yishengpack.com\/es\/wp-json\/wp\/v2\/media\/3030"}],"wp:attachment":[{"href":"https:\/\/www.yishengpack.com\/es\/wp-json\/wp\/v2\/media?parent=3029"}],"wp:term":[{"taxonomy":"box-type","embeddable":true,"href":"https:\/\/www.yishengpack.com\/es\/wp-json\/wp\/v2\/box-type?post=3029"},{"taxonomy":"product_brand","embeddable":true,"href":"https:\/\/www.yishengpack.com\/es\/wp-json\/wp\/v2\/product_brand?post=3029"},{"taxonomy":"product_cat","embeddable":true,"href":"https:\/\/www.yishengpack.com\/es\/wp-json\/wp\/v2\/product_cat?post=3029"},{"taxonomy":"product_tag","embeddable":true,"href":"https:\/\/www.yishengpack.com\/es\/wp-json\/wp\/v2\/product_tag?post=3029"}],"curies":[{"name":"wp","href":"https:\/\/api.w.org\/{rel}","templated":true}]}}