{"id":2968,"date":"2025-12-12T03:00:00","date_gmt":"2025-12-12T03:00:00","guid":{"rendered":"https:\/\/www.yishengpack.com\/?post_type=product&#038;p=2968"},"modified":"2025-12-12T03:00:50","modified_gmt":"2025-12-12T03:00:50","slug":"custom-colored-mailer-boxes","status":"publish","type":"product","link":"https:\/\/www.yishengpack.com\/es\/producto\/custom-colored-mailer-boxes\/","title":{"rendered":"Cajas de env\u00edo personalizadas a granel con m\u00faltiples opciones de inserci\u00f3n"},"content":{"rendered":"<div class=\"wp-block-columns is-layout-flex wp-container-core-columns-is-layout-9d6595d7 wp-block-columns-is-layout-flex\">\n<div class=\"wp-block-column is-layout-flow wp-block-column-is-layout-flow\">\n<h3 class=\"wp-block-heading\">Caracter\u00edsticas de las cajas de correo personalizadas en color<\/h3>\n\n\n\n<p><strong>Cierre seguro con pestillo a presi\u00f3n: <\/strong>Estas cajas de env\u00edo personalizadas con colores cuentan con un dise\u00f1o resistente de solapa entrelazada que se cierra herm\u00e9ticamente, lo que evita que el contenido se mueva o se derrame durante el transporte sin necesidad de cinta adhesiva adicional.<\/p>\n\n\n\n<p><strong>Insertos personalizados para compartimentos:<\/strong> Las cajas de env\u00edo personalizadas en colores pueden equiparse con separadores interiores a medida (ajustables en tama\u00f1o) que mantienen los art\u00edculos separados y protegidos para cumplir con diferentes niveles de protecci\u00f3n de productos. Ideales para mercanc\u00edas fr\u00e1giles, productos peque\u00f1os o art\u00edculos individuales en m\u00faltiples industrias.<\/p>\n\n\n\n<p><strong>Almacenamiento plano que ahorra espacio: <\/strong>Estas cajas de env\u00edo personalizadas en colores crean un \u00e1rea de almacenamiento plana cuando no se utilizan, lo que facilita a las empresas el almacenamiento de grandes cantidades de ellas en almacenes o \u00e1reas peque\u00f1as, ya que reducen el espacio que ocupan.<\/p>\n\n\n\n<p><strong>Acabados exteriores vibrantes y duraderos:<\/strong> Las cajas de papel al por mayor est\u00e1n disponibles en una gama de colores vivos y resistentes a la decoloraci\u00f3n (o con dise\u00f1os personalizados impresos) que mantienen su aspecto a pesar del manejo, mientras que su estructura de papel grueso resiste los ara\u00f1azos y los peque\u00f1os desgarros.<\/p>\n\n\n\n<p><strong>Personalizaci\u00f3n flexible del tama\u00f1o: <\/strong>Estas cajas de papel al por mayor se pueden personalizar para adaptarse a cualquier requisito de env\u00edo. La longitud, la anchura y la profundidad se pueden personalizar seg\u00fan las necesidades del producto. Se pueden a\u00f1adir marcas y logotipos, y hay m\u00faltiples formas de distribuir el interior para colocar f\u00e1cilmente los productos.<\/p>\n\n\n\n<p><strong>Amplia gama de aplicaciones:<\/strong> Estas cajas de env\u00edo personalizadas en colores ofrecen servicios de prototipado r\u00e1pido, adecuadas para el env\u00edo por correo y el embalaje de exposici\u00f3n de diversos productos, incluyendo cosm\u00e9ticos, productos electr\u00f3nicos, regalos y artesan\u00edas.<\/p>\n<\/div>\n\n\n\n<div class=\"wp-block-column is-layout-flow wp-block-column-is-layout-flow\">\n<figure class=\"wp-block-image size-full\"><img decoding=\"async\" width=\"2048\" height=\"2048\" src=\"https:\/\/www.yishengpack.com\/wp-content\/uploads\/2025\/12\/Customized-Recycled-Cardboard-Shipping-Boxes-Protective-Packaging-Gift-Paper-Boxes-Wholesale-2.webp\" alt=\"Cajas de correo personalizadas a granel con m\u00faltiples opciones de inserci\u00f3n 2\" class=\"wp-image-2974\" srcset=\"https:\/\/www.yishengpack.com\/wp-content\/uploads\/2025\/12\/Customized-Recycled-Cardboard-Shipping-Boxes-Protective-Packaging-Gift-Paper-Boxes-Wholesale-2.webp 2048w, https:\/\/www.yishengpack.com\/wp-content\/uploads\/2025\/12\/Customized-Recycled-Cardboard-Shipping-Boxes-Protective-Packaging-Gift-Paper-Boxes-Wholesale-2-300x300.webp 300w, https:\/\/www.yishengpack.com\/wp-content\/uploads\/2025\/12\/Customized-Recycled-Cardboard-Shipping-Boxes-Protective-Packaging-Gift-Paper-Boxes-Wholesale-2-150x150.webp 150w, https:\/\/www.yishengpack.com\/wp-content\/uploads\/2025\/12\/Customized-Recycled-Cardboard-Shipping-Boxes-Protective-Packaging-Gift-Paper-Boxes-Wholesale-2-768x768.webp 768w, https:\/\/www.yishengpack.com\/wp-content\/uploads\/2025\/12\/Customized-Recycled-Cardboard-Shipping-Boxes-Protective-Packaging-Gift-Paper-Boxes-Wholesale-2-12x12.webp 12w, https:\/\/www.yishengpack.com\/wp-content\/uploads\/2025\/12\/Customized-Recycled-Cardboard-Shipping-Boxes-Protective-Packaging-Gift-Paper-Boxes-Wholesale-2-1200x1200.webp 1200w, https:\/\/www.yishengpack.com\/wp-content\/uploads\/2025\/12\/Customized-Recycled-Cardboard-Shipping-Boxes-Protective-Packaging-Gift-Paper-Boxes-Wholesale-2-600x600.webp 600w, https:\/\/www.yishengpack.com\/wp-content\/uploads\/2025\/12\/Customized-Recycled-Cardboard-Shipping-Boxes-Protective-Packaging-Gift-Paper-Boxes-Wholesale-2-100x100.webp 100w\" sizes=\"(max-width: 2048px) 100vw, 2048px\" \/><\/figure>\n<\/div>\n<\/div>\n\n\n\n<div class=\"wp-block-columns is-layout-flex wp-container-core-columns-is-layout-9d6595d7 wp-block-columns-is-layout-flex\">\n<div class=\"wp-block-column is-layout-flow wp-block-column-is-layout-flow\">\n<figure class=\"wp-block-image size-full\"><img decoding=\"async\" width=\"2048\" height=\"2048\" src=\"https:\/\/www.yishengpack.com\/wp-content\/uploads\/2025\/12\/Customized-Recycled-Cardboard-Shipping-Boxes-Protective-Packaging-Gift-Paper-Boxes-Wholesale-7.webp\" alt=\"cajas-de-cart\u00f3n-reciclado-personalizadas-para-env\u00edos-embalaje-protector-cajas-de-papel-para-regalos-al-por-mayor-7\" class=\"wp-image-2979\" srcset=\"https:\/\/www.yishengpack.com\/wp-content\/uploads\/2025\/12\/Customized-Recycled-Cardboard-Shipping-Boxes-Protective-Packaging-Gift-Paper-Boxes-Wholesale-7.webp 2048w, https:\/\/www.yishengpack.com\/wp-content\/uploads\/2025\/12\/Customized-Recycled-Cardboard-Shipping-Boxes-Protective-Packaging-Gift-Paper-Boxes-Wholesale-7-300x300.webp 300w, https:\/\/www.yishengpack.com\/wp-content\/uploads\/2025\/12\/Customized-Recycled-Cardboard-Shipping-Boxes-Protective-Packaging-Gift-Paper-Boxes-Wholesale-7-150x150.webp 150w, https:\/\/www.yishengpack.com\/wp-content\/uploads\/2025\/12\/Customized-Recycled-Cardboard-Shipping-Boxes-Protective-Packaging-Gift-Paper-Boxes-Wholesale-7-768x768.webp 768w, https:\/\/www.yishengpack.com\/wp-content\/uploads\/2025\/12\/Customized-Recycled-Cardboard-Shipping-Boxes-Protective-Packaging-Gift-Paper-Boxes-Wholesale-7-12x12.webp 12w, https:\/\/www.yishengpack.com\/wp-content\/uploads\/2025\/12\/Customized-Recycled-Cardboard-Shipping-Boxes-Protective-Packaging-Gift-Paper-Boxes-Wholesale-7-1200x1200.webp 1200w, https:\/\/www.yishengpack.com\/wp-content\/uploads\/2025\/12\/Customized-Recycled-Cardboard-Shipping-Boxes-Protective-Packaging-Gift-Paper-Boxes-Wholesale-7-600x600.webp 600w, https:\/\/www.yishengpack.com\/wp-content\/uploads\/2025\/12\/Customized-Recycled-Cardboard-Shipping-Boxes-Protective-Packaging-Gift-Paper-Boxes-Wholesale-7-100x100.webp 100w\" sizes=\"(max-width: 2048px) 100vw, 2048px\" \/><\/figure>\n\n\n\n<div class=\"wp-block-buttons has-custom-font-size has-small-font-size is-content-justification-center is-layout-flex wp-container-core-buttons-is-layout-16018d1d wp-block-buttons-is-layout-flex\">\n<div class=\"wp-block-button has-custom-width wp-block-button__width-75\"><a class=\"wp-block-button__link has-background has-small-font-size has-custom-font-size wp-element-button\" href=\"https:\/\/www.yishengpack.com\/es\/custom-printed-box\/\" style=\"background:linear-gradient(135deg,rgb(254,205,165) 0%,rgb(254,45,45) 0%,rgb(94,15,15) 0%,rgb(94,15,15) 100%)\" target=\"_blank\" rel=\"noreferrer noopener\"><strong>Explorar las cajas impresas personalizadas<\/strong><\/a><\/div>\n<\/div>\n<\/div>\n\n\n\n<div class=\"wp-block-column is-layout-flow wp-block-column-is-layout-flow\">\n<figure class=\"wp-block-image size-full\"><img decoding=\"async\" width=\"1844\" height=\"1844\" src=\"https:\/\/www.yishengpack.com\/wp-content\/uploads\/2025\/12\/Customized-Recycled-Cardboard-Shipping-Boxes-Protective-Packaging-Gift-Paper-Boxes-Wholesale-4.webp\" alt=\"cajas de cart\u00f3n reciclado personalizadas para env\u00edos, embalajes protectores, cajas de papel para regalos, venta al por mayor 4\" class=\"wp-image-2976\" srcset=\"https:\/\/www.yishengpack.com\/wp-content\/uploads\/2025\/12\/Customized-Recycled-Cardboard-Shipping-Boxes-Protective-Packaging-Gift-Paper-Boxes-Wholesale-4.webp 1844w, https:\/\/www.yishengpack.com\/wp-content\/uploads\/2025\/12\/Customized-Recycled-Cardboard-Shipping-Boxes-Protective-Packaging-Gift-Paper-Boxes-Wholesale-4-300x300.webp 300w, https:\/\/www.yishengpack.com\/wp-content\/uploads\/2025\/12\/Customized-Recycled-Cardboard-Shipping-Boxes-Protective-Packaging-Gift-Paper-Boxes-Wholesale-4-150x150.webp 150w, https:\/\/www.yishengpack.com\/wp-content\/uploads\/2025\/12\/Customized-Recycled-Cardboard-Shipping-Boxes-Protective-Packaging-Gift-Paper-Boxes-Wholesale-4-768x768.webp 768w, https:\/\/www.yishengpack.com\/wp-content\/uploads\/2025\/12\/Customized-Recycled-Cardboard-Shipping-Boxes-Protective-Packaging-Gift-Paper-Boxes-Wholesale-4-12x12.webp 12w, https:\/\/www.yishengpack.com\/wp-content\/uploads\/2025\/12\/Customized-Recycled-Cardboard-Shipping-Boxes-Protective-Packaging-Gift-Paper-Boxes-Wholesale-4-1200x1200.webp 1200w, https:\/\/www.yishengpack.com\/wp-content\/uploads\/2025\/12\/Customized-Recycled-Cardboard-Shipping-Boxes-Protective-Packaging-Gift-Paper-Boxes-Wholesale-4-600x600.webp 600w, https:\/\/www.yishengpack.com\/wp-content\/uploads\/2025\/12\/Customized-Recycled-Cardboard-Shipping-Boxes-Protective-Packaging-Gift-Paper-Boxes-Wholesale-4-100x100.webp 100w\" sizes=\"(max-width: 1844px) 100vw, 1844px\" \/><\/figure>\n\n\n\n<div class=\"wp-block-buttons has-custom-font-size has-small-font-size is-content-justification-center is-layout-flex wp-container-core-buttons-is-layout-16018d1d wp-block-buttons-is-layout-flex\">\n<div class=\"wp-block-button has-custom-width wp-block-button__width-75\"><a class=\"wp-block-button__link has-background has-small-font-size has-custom-font-size wp-element-button\" href=\"https:\/\/www.yishengpack.com\/es\/custom-box-inserts-accessories\/\" style=\"background:linear-gradient(135deg,rgb(254,205,165) 0%,rgb(254,45,45) 0%,rgb(94,15,15) 0%,rgb(94,15,15) 100%)\" target=\"_blank\" rel=\"noreferrer noopener\"><strong>Explorar los insertos personalizados para cajas<\/strong><\/a><\/div>\n<\/div>\n<\/div>\n<\/div>","protected":false},"excerpt":{"rendered":"<p>Bienvenido a la compra de nuestras cajas de env\u00edo personalizadas, fabricadas con cart\u00f3n reciclado y con m\u00faltiples opciones de inserci\u00f3n para una mayor protecci\u00f3n del producto. Ideales para la promoci\u00f3n de la marca, el embalaje de comercio electr\u00f3nico y la presentaci\u00f3n de regalos. Desde suaves tonos menta y vibrantes colores s\u00f3lidos hasta elegantes dise\u00f1os estampados, adem\u00e1s de tama\u00f1os, colores, logotipos e inserciones personalizables, estas cajas se adaptan completamente a la identidad de su marca.<\/p>\n<h2>Aspectos destacados de las cajas de correo personalizadas de colores<\/h2>\n<ul>\n<li>Dise\u00f1o plegable<\/li>\n<li>Personalizaci\u00f3n<\/li>\n<li>Materiales ecol\u00f3gicos<\/li>\n<li>Artesan\u00eda exquisita<\/li>\n<li>M\u00faltiples tipos de cajas<\/li>\n<li>Varias opciones de color<\/li>\n<li>Dise\u00f1os de particiones escalables en tama\u00f1o<\/li>\n<li>Duradero y altamente protector<\/li>\n<\/ul>","protected":false},"featured_media":2973,"comment_status":"closed","ping_status":"closed","template":"","meta":{"_acf_changed":false},"box-type":[55,59,48],"product_brand":[],"product_cat":[46,19,41,66,65,40,39,33,43,44,69,67,72,73],"product_tag":[],"class_list":{"0":"post-2968","1":"product","2":"type-product","3":"status-publish","4":"has-post-thumbnail","6":"box-type-custom-foldable-boxes","7":"box-type-custom-mailer-boxes","8":"box-type-custom-tuck-top-boxes","9":"product_cat-wholesale-paper-boxes","10":"product_cat-luxury-gift-boxes-wholesale","11":"product_cat-candy-gift-boxes-wholesale","12":"product_cat-custom-apparel-boxes","13":"product_cat-custom-cosmetic-boxes","14":"product_cat-custom-jewelry-boxes","15":"product_cat-custom-perfume-boxes","16":"product_cat-food-packaging-boxes-wholesale","17":"product_cat-coffee-and-tea-packaging-boxes-wholesale","18":"product_cat-custom-snack-box","19":"product_cat-custom-retail-boxes","20":"product_cat-custom-shipping-boxes","21":"product_cat-custom-cigarette-boxes","22":"product_cat-custom-electronic-packaging","24":"first","25":"instock","26":"shipping-taxable","27":"product-type-simple"},"acf":[],"_links":{"self":[{"href":"https:\/\/www.yishengpack.com\/es\/wp-json\/wp\/v2\/product\/2968","targetHints":{"allow":["GET"]}}],"collection":[{"href":"https:\/\/www.yishengpack.com\/es\/wp-json\/wp\/v2\/product"}],"about":[{"href":"https:\/\/www.yishengpack.com\/es\/wp-json\/wp\/v2\/types\/product"}],"replies":[{"embeddable":true,"href":"https:\/\/www.yishengpack.com\/es\/wp-json\/wp\/v2\/comments?post=2968"}],"wp:featuredmedia":[{"embeddable":true,"href":"https:\/\/www.yishengpack.com\/es\/wp-json\/wp\/v2\/media\/2973"}],"wp:attachment":[{"href":"https:\/\/www.yishengpack.com\/es\/wp-json\/wp\/v2\/media?parent=2968"}],"wp:term":[{"taxonomy":"box-type","embeddable":true,"href":"https:\/\/www.yishengpack.com\/es\/wp-json\/wp\/v2\/box-type?post=2968"},{"taxonomy":"product_brand","embeddable":true,"href":"https:\/\/www.yishengpack.com\/es\/wp-json\/wp\/v2\/product_brand?post=2968"},{"taxonomy":"product_cat","embeddable":true,"href":"https:\/\/www.yishengpack.com\/es\/wp-json\/wp\/v2\/product_cat?post=2968"},{"taxonomy":"product_tag","embeddable":true,"href":"https:\/\/www.yishengpack.com\/es\/wp-json\/wp\/v2\/product_tag?post=2968"}],"curies":[{"name":"wp","href":"https:\/\/api.w.org\/{rel}","templated":true}]}}