{"id":2960,"date":"2025-12-11T07:10:47","date_gmt":"2025-12-11T07:10:47","guid":{"rendered":"https:\/\/www.yishengpack.com\/?post_type=product&#038;p=2960"},"modified":"2025-12-11T07:12:12","modified_gmt":"2025-12-11T07:12:12","slug":"magnetic-gift-box-bulk","status":"publish","type":"product","link":"https:\/\/www.yishengpack.com\/es\/producto\/magnetic-gift-box-bulk\/","title":{"rendered":"Caja magn\u00e9tica de lujo para regalo a granel, cajas de papel personalizadas con inserciones"},"content":{"rendered":"<div class=\"wp-block-columns is-layout-flex wp-container-core-columns-is-layout-9d6595d7 wp-block-columns-is-layout-flex\">\n<div class=\"wp-block-column is-layout-flow wp-block-column-is-layout-flow\">\n<h3 class=\"wp-block-heading\">Caracter\u00edsticas de la caja magn\u00e9tica de lujo para regalo a granel<\/h3>\n\n\n\n<p><strong>Organizaci\u00f3n de elementos segmentados: <\/strong>Estas lujosas cajas magn\u00e9ticas para regalo a granel cuentan con compartimentos interiores personalizados que mantienen los art\u00edculos (desde art\u00edculos peque\u00f1os a productos delicados) perfectamente separados, evitando desplazamientos o ara\u00f1azos durante su manipulaci\u00f3n.<\/p>\n\n\n\n<p><strong>Cierre magn\u00e9tico Elegancia:<\/strong> Las cajas de papel personalizadas con cierre magn\u00e9tico incorporado proporcionan un cierre sin costuras que se cierra a presi\u00f3n con suavidad pero con firmeza, ofreciendo una experiencia t\u00e1ctil de primera calidad a la vez que protege el contenido.<\/p>\n\n\n\n<p><strong>Estabilidad estructural reforzada: <\/strong>Esta lujosa caja de regalo magn\u00e9tica a granel est\u00e1 fabricada con cart\u00f3n r\u00edgido y mantiene su forma durante toda su vida \u00fatil, protegiendo los productos que contiene de golpes ligeros y de las fuerzas de compresi\u00f3n que se generan al apilarlos.<\/p>\n\n\n\n<p><strong>Admite una amplia personalizaci\u00f3n:<\/strong> Esta caja de regalo magn\u00e9tica de lujo a granel admite tama\u00f1o, estructura, color, acabados superficiales (estampaci\u00f3n en caliente, impresi\u00f3n UV, gofrado, laminaci\u00f3n, etc.) y logotipo de la marca, todos ellos personalizables seg\u00fan los requisitos de la marca.<\/p>\n\n\n\n<p><strong>Gran atractivo como regalo de gama alta:<\/strong> Las cajas de papel personalizadas son adecuadas para embalajes de gama alta, como joyas, cosm\u00e9ticos, productos para el cuidado de la piel, productos electr\u00f3nicos, art\u00edculos peque\u00f1os de lujo y sets de regalo de belleza.<\/p>\n<\/div>\n\n\n\n<div class=\"wp-block-column is-layout-flow wp-block-column-is-layout-flow\">\n<figure class=\"wp-block-image size-full\"><img decoding=\"async\" width=\"1796\" height=\"1796\" src=\"https:\/\/www.yishengpack.com\/wp-content\/uploads\/2025\/12\/Wholesale-High-Quality-Luxury-Gift-Boxes-Sturdy-Magnetic-Boxes-with-Custom-Logo-2.webp\" alt=\"caja-regalo-magn\u00e9tica-de-lujo-cajas-de-papel-a-medida-con-inset-2\" class=\"wp-image-2962\" srcset=\"https:\/\/www.yishengpack.com\/wp-content\/uploads\/2025\/12\/Wholesale-High-Quality-Luxury-Gift-Boxes-Sturdy-Magnetic-Boxes-with-Custom-Logo-2.webp 1796w, https:\/\/www.yishengpack.com\/wp-content\/uploads\/2025\/12\/Wholesale-High-Quality-Luxury-Gift-Boxes-Sturdy-Magnetic-Boxes-with-Custom-Logo-2-300x300.webp 300w, https:\/\/www.yishengpack.com\/wp-content\/uploads\/2025\/12\/Wholesale-High-Quality-Luxury-Gift-Boxes-Sturdy-Magnetic-Boxes-with-Custom-Logo-2-150x150.webp 150w, https:\/\/www.yishengpack.com\/wp-content\/uploads\/2025\/12\/Wholesale-High-Quality-Luxury-Gift-Boxes-Sturdy-Magnetic-Boxes-with-Custom-Logo-2-768x768.webp 768w, https:\/\/www.yishengpack.com\/wp-content\/uploads\/2025\/12\/Wholesale-High-Quality-Luxury-Gift-Boxes-Sturdy-Magnetic-Boxes-with-Custom-Logo-2-12x12.webp 12w, https:\/\/www.yishengpack.com\/wp-content\/uploads\/2025\/12\/Wholesale-High-Quality-Luxury-Gift-Boxes-Sturdy-Magnetic-Boxes-with-Custom-Logo-2-1200x1200.webp 1200w, https:\/\/www.yishengpack.com\/wp-content\/uploads\/2025\/12\/Wholesale-High-Quality-Luxury-Gift-Boxes-Sturdy-Magnetic-Boxes-with-Custom-Logo-2-600x600.webp 600w, https:\/\/www.yishengpack.com\/wp-content\/uploads\/2025\/12\/Wholesale-High-Quality-Luxury-Gift-Boxes-Sturdy-Magnetic-Boxes-with-Custom-Logo-2-100x100.webp 100w\" sizes=\"(max-width: 1796px) 100vw, 1796px\" \/><\/figure>\n<\/div>\n<\/div>\n\n\n\n<div class=\"wp-block-columns is-layout-flex wp-container-core-columns-is-layout-9d6595d7 wp-block-columns-is-layout-flex\">\n<div class=\"wp-block-column is-layout-flow wp-block-column-is-layout-flow\">\n<figure class=\"wp-block-image size-full\"><img decoding=\"async\" width=\"1823\" height=\"1823\" src=\"https:\/\/www.yishengpack.com\/wp-content\/uploads\/2025\/12\/Wholesale-High-Quality-Luxury-Gift-Boxes-Sturdy-Magnetic-Boxes-with-Custom-Logo-3.webp\" alt=\"caja-regalo-magn\u00e9tica-de-lujo-cajas-de-papel-a-medida-con-inset-3\" class=\"wp-image-2963\" srcset=\"https:\/\/www.yishengpack.com\/wp-content\/uploads\/2025\/12\/Wholesale-High-Quality-Luxury-Gift-Boxes-Sturdy-Magnetic-Boxes-with-Custom-Logo-3.webp 1823w, https:\/\/www.yishengpack.com\/wp-content\/uploads\/2025\/12\/Wholesale-High-Quality-Luxury-Gift-Boxes-Sturdy-Magnetic-Boxes-with-Custom-Logo-3-300x300.webp 300w, https:\/\/www.yishengpack.com\/wp-content\/uploads\/2025\/12\/Wholesale-High-Quality-Luxury-Gift-Boxes-Sturdy-Magnetic-Boxes-with-Custom-Logo-3-150x150.webp 150w, https:\/\/www.yishengpack.com\/wp-content\/uploads\/2025\/12\/Wholesale-High-Quality-Luxury-Gift-Boxes-Sturdy-Magnetic-Boxes-with-Custom-Logo-3-768x768.webp 768w, https:\/\/www.yishengpack.com\/wp-content\/uploads\/2025\/12\/Wholesale-High-Quality-Luxury-Gift-Boxes-Sturdy-Magnetic-Boxes-with-Custom-Logo-3-12x12.webp 12w, https:\/\/www.yishengpack.com\/wp-content\/uploads\/2025\/12\/Wholesale-High-Quality-Luxury-Gift-Boxes-Sturdy-Magnetic-Boxes-with-Custom-Logo-3-1200x1200.webp 1200w, https:\/\/www.yishengpack.com\/wp-content\/uploads\/2025\/12\/Wholesale-High-Quality-Luxury-Gift-Boxes-Sturdy-Magnetic-Boxes-with-Custom-Logo-3-600x600.webp 600w, https:\/\/www.yishengpack.com\/wp-content\/uploads\/2025\/12\/Wholesale-High-Quality-Luxury-Gift-Boxes-Sturdy-Magnetic-Boxes-with-Custom-Logo-3-100x100.webp 100w\" sizes=\"(max-width: 1823px) 100vw, 1823px\" \/><\/figure>\n\n\n\n<div class=\"wp-block-buttons has-custom-font-size has-small-font-size is-content-justification-center is-layout-flex wp-container-core-buttons-is-layout-16018d1d wp-block-buttons-is-layout-flex\">\n<div class=\"wp-block-button has-custom-width wp-block-button__width-75\"><a class=\"wp-block-button__link has-background has-small-font-size has-custom-font-size wp-element-button\" href=\"https:\/\/www.yishengpack.com\/es\/custom-printed-box\/\" style=\"background:linear-gradient(135deg,rgb(254,205,165) 0%,rgb(254,45,45) 0%,rgb(94,15,15) 0%,rgb(94,15,15) 100%)\" target=\"_blank\" rel=\"noreferrer noopener\"><strong>Explorar las cajas impresas personalizadas<\/strong><\/a><\/div>\n<\/div>\n<\/div>\n\n\n\n<div class=\"wp-block-column is-layout-flow wp-block-column-is-layout-flow\">\n<figure class=\"wp-block-image size-full\"><img decoding=\"async\" width=\"1910\" height=\"1910\" src=\"https:\/\/www.yishengpack.com\/wp-content\/uploads\/2025\/12\/Wholesale-High-Quality-Luxury-Gift-Boxes-Sturdy-Magnetic-Boxes-with-Custom-Logo-5.webp\" alt=\"caja-regalo-magn\u00e9tica-de-lujo-cajas-de-papel-personalizadas-con-inset-5\" class=\"wp-image-2965\" srcset=\"https:\/\/www.yishengpack.com\/wp-content\/uploads\/2025\/12\/Wholesale-High-Quality-Luxury-Gift-Boxes-Sturdy-Magnetic-Boxes-with-Custom-Logo-5.webp 1910w, https:\/\/www.yishengpack.com\/wp-content\/uploads\/2025\/12\/Wholesale-High-Quality-Luxury-Gift-Boxes-Sturdy-Magnetic-Boxes-with-Custom-Logo-5-300x300.webp 300w, https:\/\/www.yishengpack.com\/wp-content\/uploads\/2025\/12\/Wholesale-High-Quality-Luxury-Gift-Boxes-Sturdy-Magnetic-Boxes-with-Custom-Logo-5-150x150.webp 150w, https:\/\/www.yishengpack.com\/wp-content\/uploads\/2025\/12\/Wholesale-High-Quality-Luxury-Gift-Boxes-Sturdy-Magnetic-Boxes-with-Custom-Logo-5-768x768.webp 768w, https:\/\/www.yishengpack.com\/wp-content\/uploads\/2025\/12\/Wholesale-High-Quality-Luxury-Gift-Boxes-Sturdy-Magnetic-Boxes-with-Custom-Logo-5-12x12.webp 12w, https:\/\/www.yishengpack.com\/wp-content\/uploads\/2025\/12\/Wholesale-High-Quality-Luxury-Gift-Boxes-Sturdy-Magnetic-Boxes-with-Custom-Logo-5-1200x1200.webp 1200w, https:\/\/www.yishengpack.com\/wp-content\/uploads\/2025\/12\/Wholesale-High-Quality-Luxury-Gift-Boxes-Sturdy-Magnetic-Boxes-with-Custom-Logo-5-600x600.webp 600w, https:\/\/www.yishengpack.com\/wp-content\/uploads\/2025\/12\/Wholesale-High-Quality-Luxury-Gift-Boxes-Sturdy-Magnetic-Boxes-with-Custom-Logo-5-100x100.webp 100w\" sizes=\"(max-width: 1910px) 100vw, 1910px\" \/><\/figure>\n\n\n\n<div class=\"wp-block-buttons has-custom-font-size has-small-font-size is-content-justification-center is-layout-flex wp-container-core-buttons-is-layout-16018d1d wp-block-buttons-is-layout-flex\">\n<div class=\"wp-block-button has-custom-width wp-block-button__width-75\"><a class=\"wp-block-button__link has-background has-small-font-size has-custom-font-size wp-element-button\" href=\"https:\/\/www.yishengpack.com\/es\/custom-box-inserts-accessories\/\" style=\"background:linear-gradient(135deg,rgb(254,205,165) 0%,rgb(254,45,45) 0%,rgb(94,15,15) 0%,rgb(94,15,15) 100%)\" target=\"_blank\" rel=\"noreferrer noopener\"><strong>Explorar los insertos personalizados para cajas<\/strong><\/a><\/div>\n<\/div>\n<\/div>\n<\/div>","protected":false},"excerpt":{"rendered":"<p>Bienvenido a comprar nuestra caja magn\u00e9tica de regalo de lujo a granel con inserciones personalizadas, dise\u00f1ada con cart\u00f3n r\u00edgido de primera calidad y un suave cierre magn\u00e9tico. Ideales para el envasado de productos de gama alta, estas cajas ofrecen personalizaci\u00f3n OEM\/ODM completa: tama\u00f1o, dise\u00f1o, inserciones y marca, lo que las hace perfectas para cosm\u00e9ticos, joyer\u00eda, electr\u00f3nica y sets de regalo premium.<\/p>\n<h2>Aspectos destacados de la caja de regalo magn\u00e9tica de lujo a granel<\/h2>\n<ul>\n<li>Personalizaci\u00f3n de gama alta<\/li>\n<li>Insertos para ranuras a medida<\/li>\n<li>Estructura abatible aerodin\u00e1mica<\/li>\n<li>Materiales de primera calidad<\/li>\n<li>Construcci\u00f3n robusta<\/li>\n<li>Varios tama\u00f1os de caja<\/li>\n<li>Amplia variedad de colores<\/li>\n<li>Impresi\u00f3n exquisita<\/li>\n<\/ul>","protected":false},"featured_media":2961,"comment_status":"closed","ping_status":"closed","template":"","meta":{"_acf_changed":false},"box-type":[54],"product_brand":[],"product_cat":[19,41,65,40,39,46,69,72,73],"product_tag":[],"class_list":{"0":"post-2960","1":"product","2":"type-product","3":"status-publish","4":"has-post-thumbnail","6":"box-type-custom-magnetic-closure-boxes","7":"product_cat-luxury-gift-boxes-wholesale","8":"product_cat-candy-gift-boxes-wholesale","9":"product_cat-custom-cosmetic-boxes","10":"product_cat-custom-jewelry-boxes","11":"product_cat-custom-perfume-boxes","12":"product_cat-wholesale-paper-boxes","13":"product_cat-custom-retail-boxes","14":"product_cat-custom-cigarette-boxes","15":"product_cat-custom-electronic-packaging","17":"first","18":"instock","19":"shipping-taxable","20":"product-type-simple"},"acf":[],"_links":{"self":[{"href":"https:\/\/www.yishengpack.com\/es\/wp-json\/wp\/v2\/product\/2960","targetHints":{"allow":["GET"]}}],"collection":[{"href":"https:\/\/www.yishengpack.com\/es\/wp-json\/wp\/v2\/product"}],"about":[{"href":"https:\/\/www.yishengpack.com\/es\/wp-json\/wp\/v2\/types\/product"}],"replies":[{"embeddable":true,"href":"https:\/\/www.yishengpack.com\/es\/wp-json\/wp\/v2\/comments?post=2960"}],"wp:featuredmedia":[{"embeddable":true,"href":"https:\/\/www.yishengpack.com\/es\/wp-json\/wp\/v2\/media\/2961"}],"wp:attachment":[{"href":"https:\/\/www.yishengpack.com\/es\/wp-json\/wp\/v2\/media?parent=2960"}],"wp:term":[{"taxonomy":"box-type","embeddable":true,"href":"https:\/\/www.yishengpack.com\/es\/wp-json\/wp\/v2\/box-type?post=2960"},{"taxonomy":"product_brand","embeddable":true,"href":"https:\/\/www.yishengpack.com\/es\/wp-json\/wp\/v2\/product_brand?post=2960"},{"taxonomy":"product_cat","embeddable":true,"href":"https:\/\/www.yishengpack.com\/es\/wp-json\/wp\/v2\/product_cat?post=2960"},{"taxonomy":"product_tag","embeddable":true,"href":"https:\/\/www.yishengpack.com\/es\/wp-json\/wp\/v2\/product_tag?post=2960"}],"curies":[{"name":"wp","href":"https:\/\/api.w.org\/{rel}","templated":true}]}}