{"id":2952,"date":"2025-12-10T09:03:30","date_gmt":"2025-12-10T09:03:30","guid":{"rendered":"https:\/\/www.yishengpack.com\/?post_type=product&#038;p=2952"},"modified":"2025-12-10T09:04:39","modified_gmt":"2025-12-10T09:04:39","slug":"custom-drawer-box","status":"publish","type":"product","link":"https:\/\/www.yishengpack.com\/es\/producto\/custom-drawer-box\/","title":{"rendered":"Caja con cajones personalizada con logotipo, caja de embalaje de productos al por mayor"},"content":{"rendered":"<div class=\"wp-block-columns is-layout-flex wp-container-core-columns-is-layout-9d6595d7 wp-block-columns-is-layout-flex\">\n<div class=\"wp-block-column is-layout-flow wp-block-column-is-layout-flow\">\n<h3 class=\"wp-block-heading\">Caracter\u00edsticas de las cajas de cajones personalizadas con logotipo<\/h3>\n\n\n\n<p><strong>Mecanismo de deslizamiento suave del caj\u00f3n:<\/strong> La caja de cajones a medida est\u00e1 dise\u00f1ada para extraerse con gu\u00edas que se deslizan suavemente. Cuenta con una peque\u00f1a ranura en un lado o un asa para abrirla y cerrarla f\u00e1cilmente, lo que proporciona un factor sorpresa t\u00e1ctil para su experiencia unboxing premium con productos.<\/p>\n\n\n\n<p><strong>Inserto multiusos extra\u00edble: <\/strong>La caja de cajones a medida viene con un vers\u00e1til inserto interior (ajustable en tama\u00f1o) que guarda con seguridad objetos peque\u00f1os -desde delicadas baratijas hasta min\u00fasculos accesorios- y puede extraerse para un almacenamiento flexible.<\/p>\n\n\n\n<p><strong>Resistencia estructural r\u00edgida: <\/strong>La caja de cajones a medida es lo suficientemente resistente como para conservar su forma y mantener la estabilidad, lo que act\u00faa como salvaguarda de su preciado producto frente a cualquier golpe leve o abuso causado por la compresi\u00f3n de sujeci\u00f3n.<\/p>\n\n\n\n<p><strong>Monotono elegante y contraste de texturas:<\/strong> Las cajas de embalaje de productos al por mayor presentan un acabado mate en el exterior con peque\u00f1os detalles como motivos en relieve o serigraf\u00eda met\u00e1lica, etc., que aportan un aire moderno y sofisticado al embalaje de regalos.<\/p>\n\n\n\n<p><strong>Opciones de personalizaci\u00f3n a medida:<\/strong> Las cajas de embalaje de productos al por mayor ajustan cada elemento a sus necesidades. Modifique las dimensiones de los cajones, elija paletas de colores exclusivas, a\u00f1ada logotipos o gr\u00e1ficos personalizados o seleccione acabados de superficie especializados que se adapten a su marca.<\/p>\n<\/div>\n\n\n\n<div class=\"wp-block-column is-layout-flow wp-block-column-is-layout-flow\">\n<figure class=\"wp-block-image size-full\"><img decoding=\"async\" width=\"1652\" height=\"1652\" src=\"https:\/\/www.yishengpack.com\/wp-content\/uploads\/2025\/12\/Custom-Printing-Logo-Drawer-Boxes-Rigid-Pull-Out-Boxes-with-Unique-Design-Wholesale-2.webp\" alt=\"caja-caj\u00f3n-a-la-medida-con-logo-empaquetado-de-productos-al-mayor-caja-2\" class=\"wp-image-2954\" srcset=\"https:\/\/www.yishengpack.com\/wp-content\/uploads\/2025\/12\/Custom-Printing-Logo-Drawer-Boxes-Rigid-Pull-Out-Boxes-with-Unique-Design-Wholesale-2.webp 1652w, https:\/\/www.yishengpack.com\/wp-content\/uploads\/2025\/12\/Custom-Printing-Logo-Drawer-Boxes-Rigid-Pull-Out-Boxes-with-Unique-Design-Wholesale-2-300x300.webp 300w, https:\/\/www.yishengpack.com\/wp-content\/uploads\/2025\/12\/Custom-Printing-Logo-Drawer-Boxes-Rigid-Pull-Out-Boxes-with-Unique-Design-Wholesale-2-150x150.webp 150w, https:\/\/www.yishengpack.com\/wp-content\/uploads\/2025\/12\/Custom-Printing-Logo-Drawer-Boxes-Rigid-Pull-Out-Boxes-with-Unique-Design-Wholesale-2-768x768.webp 768w, https:\/\/www.yishengpack.com\/wp-content\/uploads\/2025\/12\/Custom-Printing-Logo-Drawer-Boxes-Rigid-Pull-Out-Boxes-with-Unique-Design-Wholesale-2-12x12.webp 12w, https:\/\/www.yishengpack.com\/wp-content\/uploads\/2025\/12\/Custom-Printing-Logo-Drawer-Boxes-Rigid-Pull-Out-Boxes-with-Unique-Design-Wholesale-2-1200x1200.webp 1200w, https:\/\/www.yishengpack.com\/wp-content\/uploads\/2025\/12\/Custom-Printing-Logo-Drawer-Boxes-Rigid-Pull-Out-Boxes-with-Unique-Design-Wholesale-2-600x600.webp 600w, https:\/\/www.yishengpack.com\/wp-content\/uploads\/2025\/12\/Custom-Printing-Logo-Drawer-Boxes-Rigid-Pull-Out-Boxes-with-Unique-Design-Wholesale-2-100x100.webp 100w\" sizes=\"(max-width: 1652px) 100vw, 1652px\" \/><\/figure>\n<\/div>\n<\/div>\n\n\n\n<div class=\"wp-block-columns is-layout-flex wp-container-core-columns-is-layout-9d6595d7 wp-block-columns-is-layout-flex\">\n<div class=\"wp-block-column is-layout-flow wp-block-column-is-layout-flow\">\n<figure class=\"wp-block-image size-full\"><img decoding=\"async\" width=\"2048\" height=\"2048\" src=\"https:\/\/www.yishengpack.com\/wp-content\/uploads\/2025\/12\/Custom-Printing-Logo-Drawer-Boxes-Rigid-Pull-Out-Boxes-with-Unique-Design-Wholesale-7.webp\" alt=\"caja-caj\u00f3n-a-la-medida-con-logo-embalaje-mayorista-de-productos-caja-7\" class=\"wp-image-2959\" srcset=\"https:\/\/www.yishengpack.com\/wp-content\/uploads\/2025\/12\/Custom-Printing-Logo-Drawer-Boxes-Rigid-Pull-Out-Boxes-with-Unique-Design-Wholesale-7.webp 2048w, https:\/\/www.yishengpack.com\/wp-content\/uploads\/2025\/12\/Custom-Printing-Logo-Drawer-Boxes-Rigid-Pull-Out-Boxes-with-Unique-Design-Wholesale-7-300x300.webp 300w, https:\/\/www.yishengpack.com\/wp-content\/uploads\/2025\/12\/Custom-Printing-Logo-Drawer-Boxes-Rigid-Pull-Out-Boxes-with-Unique-Design-Wholesale-7-150x150.webp 150w, https:\/\/www.yishengpack.com\/wp-content\/uploads\/2025\/12\/Custom-Printing-Logo-Drawer-Boxes-Rigid-Pull-Out-Boxes-with-Unique-Design-Wholesale-7-768x768.webp 768w, https:\/\/www.yishengpack.com\/wp-content\/uploads\/2025\/12\/Custom-Printing-Logo-Drawer-Boxes-Rigid-Pull-Out-Boxes-with-Unique-Design-Wholesale-7-12x12.webp 12w, https:\/\/www.yishengpack.com\/wp-content\/uploads\/2025\/12\/Custom-Printing-Logo-Drawer-Boxes-Rigid-Pull-Out-Boxes-with-Unique-Design-Wholesale-7-1200x1200.webp 1200w, https:\/\/www.yishengpack.com\/wp-content\/uploads\/2025\/12\/Custom-Printing-Logo-Drawer-Boxes-Rigid-Pull-Out-Boxes-with-Unique-Design-Wholesale-7-600x600.webp 600w, https:\/\/www.yishengpack.com\/wp-content\/uploads\/2025\/12\/Custom-Printing-Logo-Drawer-Boxes-Rigid-Pull-Out-Boxes-with-Unique-Design-Wholesale-7-100x100.webp 100w\" sizes=\"(max-width: 2048px) 100vw, 2048px\" \/><\/figure>\n\n\n\n<div class=\"wp-block-buttons has-custom-font-size has-small-font-size is-content-justification-center is-layout-flex wp-container-core-buttons-is-layout-16018d1d wp-block-buttons-is-layout-flex\">\n<div class=\"wp-block-button has-custom-width wp-block-button__width-75\"><a class=\"wp-block-button__link has-background has-small-font-size has-custom-font-size wp-element-button\" href=\"https:\/\/www.yishengpack.com\/es\/custom-printed-box\/\" style=\"background:linear-gradient(135deg,rgb(254,205,165) 0%,rgb(254,45,45) 0%,rgb(94,15,15) 0%,rgb(94,15,15) 100%)\" target=\"_blank\" rel=\"noreferrer noopener\"><strong>Explorar las cajas impresas personalizadas<\/strong><\/a><\/div>\n<\/div>\n<\/div>\n\n\n\n<div class=\"wp-block-column is-layout-flow wp-block-column-is-layout-flow\">\n<figure class=\"wp-block-image size-full\"><img decoding=\"async\" width=\"1391\" height=\"1391\" src=\"https:\/\/www.yishengpack.com\/wp-content\/uploads\/2025\/12\/Custom-Printing-Logo-Drawer-Boxes-Rigid-Pull-Out-Boxes-with-Unique-Design-Wholesale-3.webp\" alt=\"Caja con cajones personalizada con logotipo, caja de embalaje para productos al por mayor, 3\" class=\"wp-image-2955\" srcset=\"https:\/\/www.yishengpack.com\/wp-content\/uploads\/2025\/12\/Custom-Printing-Logo-Drawer-Boxes-Rigid-Pull-Out-Boxes-with-Unique-Design-Wholesale-3.webp 1391w, https:\/\/www.yishengpack.com\/wp-content\/uploads\/2025\/12\/Custom-Printing-Logo-Drawer-Boxes-Rigid-Pull-Out-Boxes-with-Unique-Design-Wholesale-3-300x300.webp 300w, https:\/\/www.yishengpack.com\/wp-content\/uploads\/2025\/12\/Custom-Printing-Logo-Drawer-Boxes-Rigid-Pull-Out-Boxes-with-Unique-Design-Wholesale-3-150x150.webp 150w, https:\/\/www.yishengpack.com\/wp-content\/uploads\/2025\/12\/Custom-Printing-Logo-Drawer-Boxes-Rigid-Pull-Out-Boxes-with-Unique-Design-Wholesale-3-768x768.webp 768w, https:\/\/www.yishengpack.com\/wp-content\/uploads\/2025\/12\/Custom-Printing-Logo-Drawer-Boxes-Rigid-Pull-Out-Boxes-with-Unique-Design-Wholesale-3-12x12.webp 12w, https:\/\/www.yishengpack.com\/wp-content\/uploads\/2025\/12\/Custom-Printing-Logo-Drawer-Boxes-Rigid-Pull-Out-Boxes-with-Unique-Design-Wholesale-3-1200x1200.webp 1200w, https:\/\/www.yishengpack.com\/wp-content\/uploads\/2025\/12\/Custom-Printing-Logo-Drawer-Boxes-Rigid-Pull-Out-Boxes-with-Unique-Design-Wholesale-3-600x600.webp 600w, https:\/\/www.yishengpack.com\/wp-content\/uploads\/2025\/12\/Custom-Printing-Logo-Drawer-Boxes-Rigid-Pull-Out-Boxes-with-Unique-Design-Wholesale-3-100x100.webp 100w\" sizes=\"(max-width: 1391px) 100vw, 1391px\" \/><\/figure>\n\n\n\n<div class=\"wp-block-buttons has-custom-font-size has-small-font-size is-content-justification-center is-layout-flex wp-container-core-buttons-is-layout-16018d1d wp-block-buttons-is-layout-flex\">\n<div class=\"wp-block-button has-custom-width wp-block-button__width-75\"><a class=\"wp-block-button__link has-background has-small-font-size has-custom-font-size wp-element-button\" href=\"https:\/\/www.yishengpack.com\/es\/custom-box-inserts-accessories\/\" style=\"background:linear-gradient(135deg,rgb(254,205,165) 0%,rgb(254,45,45) 0%,rgb(94,15,15) 0%,rgb(94,15,15) 100%)\" target=\"_blank\" rel=\"noreferrer noopener\"><strong>Explorar los insertos personalizados para cajas<\/strong><\/a><\/div>\n<\/div>\n<\/div>\n<\/div>","protected":false},"excerpt":{"rendered":"<p>Le damos la bienvenida a la compra de nuestras cajas de cajones personalizadas con logotipo, que ofrecen una experiencia de desembalaje de primera calidad con una construcci\u00f3n de cart\u00f3n r\u00edgido y duradero y opciones de personalizaci\u00f3n de marca totalmente personalizables. Ideales para regalos, cosm\u00e9ticos y envases minoristas, estas cajas de cajones al por mayor admiten m\u00faltiples acabados de superficie y materiales ecol\u00f3gicos.<\/p>\n<h2>Aspectos destacados de las cajas de cajones a medida<\/h2>\n<ul>\n<li>Estructura de cajones deslizantes<\/li>\n<li>Personalizaci\u00f3n total<\/li>\n<li>Inserciones con particiones personalizadas<\/li>\n<li>Materiales ecol\u00f3gicos<\/li>\n<li>Artesan\u00eda exquisita<\/li>\n<li>M\u00faltiples colores<\/li>\n<li>Varios tama\u00f1os<\/li>\n<li>Caja multiusos<\/li>\n<\/ul>","protected":false},"featured_media":2953,"comment_status":"closed","ping_status":"closed","template":"","meta":{"_acf_changed":false},"box-type":[47,61],"product_brand":[],"product_cat":[46,19,41,40,69,72],"product_tag":[],"class_list":{"0":"post-2952","1":"product","2":"type-product","3":"status-publish","4":"has-post-thumbnail","6":"box-type-custom-drawer-boxes","7":"box-type-custom-two-piece-boxes","8":"product_cat-wholesale-paper-boxes","9":"product_cat-luxury-gift-boxes-wholesale","10":"product_cat-candy-gift-boxes-wholesale","11":"product_cat-custom-jewelry-boxes","12":"product_cat-custom-retail-boxes","13":"product_cat-custom-cigarette-boxes","15":"first","16":"instock","17":"shipping-taxable","18":"product-type-simple"},"acf":[],"_links":{"self":[{"href":"https:\/\/www.yishengpack.com\/es\/wp-json\/wp\/v2\/product\/2952","targetHints":{"allow":["GET"]}}],"collection":[{"href":"https:\/\/www.yishengpack.com\/es\/wp-json\/wp\/v2\/product"}],"about":[{"href":"https:\/\/www.yishengpack.com\/es\/wp-json\/wp\/v2\/types\/product"}],"replies":[{"embeddable":true,"href":"https:\/\/www.yishengpack.com\/es\/wp-json\/wp\/v2\/comments?post=2952"}],"wp:featuredmedia":[{"embeddable":true,"href":"https:\/\/www.yishengpack.com\/es\/wp-json\/wp\/v2\/media\/2953"}],"wp:attachment":[{"href":"https:\/\/www.yishengpack.com\/es\/wp-json\/wp\/v2\/media?parent=2952"}],"wp:term":[{"taxonomy":"box-type","embeddable":true,"href":"https:\/\/www.yishengpack.com\/es\/wp-json\/wp\/v2\/box-type?post=2952"},{"taxonomy":"product_brand","embeddable":true,"href":"https:\/\/www.yishengpack.com\/es\/wp-json\/wp\/v2\/product_brand?post=2952"},{"taxonomy":"product_cat","embeddable":true,"href":"https:\/\/www.yishengpack.com\/es\/wp-json\/wp\/v2\/product_cat?post=2952"},{"taxonomy":"product_tag","embeddable":true,"href":"https:\/\/www.yishengpack.com\/es\/wp-json\/wp\/v2\/product_tag?post=2952"}],"curies":[{"name":"wp","href":"https:\/\/api.w.org\/{rel}","templated":true}]}}