{"id":2919,"date":"2025-12-12T03:38:30","date_gmt":"2025-12-12T03:38:30","guid":{"rendered":"https:\/\/www.yishengpack.com\/?post_type=product&#038;p=2919"},"modified":"2025-12-12T03:38:31","modified_gmt":"2025-12-12T03:38:31","slug":"pizza-packaging-box-wholesale","status":"publish","type":"product","link":"https:\/\/www.yishengpack.com\/es\/producto\/pizza-packaging-box-wholesale\/","title":{"rendered":"Cajas para pizza al por mayor, cajas de papel corrugado personalizadas"},"content":{"rendered":"<div class=\"wp-block-columns is-layout-flex wp-container-core-columns-is-layout-9d6595d7 wp-block-columns-is-layout-flex\">\n<div class=\"wp-block-column is-layout-flow wp-block-column-is-layout-flow\">\n<h3 class=\"wp-block-heading\">Caracter\u00edsticas de las cajas para pizza al por mayor<\/h3>\n\n\n\n<p><strong>Durabilidad reforzada corrugada:<\/strong> Esta caja para pizza al por mayor est\u00e1 fabricada con cart\u00f3n corrugado grueso, lo que le confiere una estructura r\u00edgida y resistente a los golpes que protege las pizzas de los impactos y la presi\u00f3n del apilamiento durante el transporte.<\/p>\n\n\n\n<p><strong>Branding visual personalizado por temas:<\/strong> Esta caja para pizza al por mayor admite impresiones personalizadas en toda la superficie (por ejemplo, motivos de temporada, gr\u00e1ficos de ingredientes, logotipos de marcas), lo que convierte el embalaje en un punto de contacto de marketing que se alinea con la est\u00e9tica del men\u00fa.<\/p>\n\n\n\n<p><strong>Estructura optimizada para pizza:<\/strong> Estas cajas de papel corrugado personalizadas est\u00e1n dise\u00f1adas con unas dimensiones precisas (que se ajustan al di\u00e1metro est\u00e1ndar de las pizzas) y minimizan el espacio para reducir el desplazamiento de los ingredientes, al tiempo que se adaptan a diferentes grosores de masa.<\/p>\n\n\n\n<p><strong>Eficiencia de almacenamiento apilable:<\/strong> Estas cajas de papel corrugado personalizadas, dise\u00f1adas con una forma uniforme y estable, se apilan perfectamente en el inventario o en los veh\u00edculos de reparto, lo que permite aprovechar al m\u00e1ximo el espacio en operaciones de gran volumen.<\/p>\n\n\n\n<p><strong>Personalizaci\u00f3n totalmente a medida:<\/strong> Esta caja para pizza al por mayor es totalmente personalizable en cuanto a tama\u00f1o, dise\u00f1o de impresi\u00f3n, detalles estructurales y elementos de marca; estas cajas se adaptan perfectamente a los requisitos \u00fanicos del men\u00fa, la marca y las operaciones.<\/p>\n<\/div>\n\n\n\n<div class=\"wp-block-column is-layout-flow wp-block-column-is-layout-flow\">\n<figure class=\"wp-block-image size-full\"><img decoding=\"async\" width=\"2048\" height=\"2048\" src=\"https:\/\/www.yishengpack.com\/wp-content\/uploads\/2025\/11\/Customized-Corrugated-Paper-Packaging-Boxes-Wholesale-Frozen-Pizza-Boxes-with-Logo-2.webp\" alt=\"caja-para-pizza-al-por-menor-personalizada-cajas-de-papel-ondulado-2\" class=\"wp-image-2921\" srcset=\"https:\/\/www.yishengpack.com\/wp-content\/uploads\/2025\/11\/Customized-Corrugated-Paper-Packaging-Boxes-Wholesale-Frozen-Pizza-Boxes-with-Logo-2.webp 2048w, https:\/\/www.yishengpack.com\/wp-content\/uploads\/2025\/11\/Customized-Corrugated-Paper-Packaging-Boxes-Wholesale-Frozen-Pizza-Boxes-with-Logo-2-300x300.webp 300w, https:\/\/www.yishengpack.com\/wp-content\/uploads\/2025\/11\/Customized-Corrugated-Paper-Packaging-Boxes-Wholesale-Frozen-Pizza-Boxes-with-Logo-2-150x150.webp 150w, https:\/\/www.yishengpack.com\/wp-content\/uploads\/2025\/11\/Customized-Corrugated-Paper-Packaging-Boxes-Wholesale-Frozen-Pizza-Boxes-with-Logo-2-768x768.webp 768w, https:\/\/www.yishengpack.com\/wp-content\/uploads\/2025\/11\/Customized-Corrugated-Paper-Packaging-Boxes-Wholesale-Frozen-Pizza-Boxes-with-Logo-2-12x12.webp 12w, https:\/\/www.yishengpack.com\/wp-content\/uploads\/2025\/11\/Customized-Corrugated-Paper-Packaging-Boxes-Wholesale-Frozen-Pizza-Boxes-with-Logo-2-1200x1200.webp 1200w, https:\/\/www.yishengpack.com\/wp-content\/uploads\/2025\/11\/Customized-Corrugated-Paper-Packaging-Boxes-Wholesale-Frozen-Pizza-Boxes-with-Logo-2-600x600.webp 600w, https:\/\/www.yishengpack.com\/wp-content\/uploads\/2025\/11\/Customized-Corrugated-Paper-Packaging-Boxes-Wholesale-Frozen-Pizza-Boxes-with-Logo-2-100x100.webp 100w\" sizes=\"(max-width: 2048px) 100vw, 2048px\" \/><\/figure>\n<\/div>\n<\/div>\n\n\n\n<div class=\"wp-block-columns is-layout-flex wp-container-core-columns-is-layout-9d6595d7 wp-block-columns-is-layout-flex\">\n<div class=\"wp-block-column is-layout-flow wp-block-column-is-layout-flow\">\n<figure class=\"wp-block-image size-full\"><img decoding=\"async\" width=\"2048\" height=\"2048\" src=\"https:\/\/www.yishengpack.com\/wp-content\/uploads\/2025\/11\/Customized-Corrugated-Paper-Packaging-Boxes-Wholesale-Frozen-Pizza-Boxes-with-Logo-5.webp\" alt=\"caja-para-pizza-al-por-menor-personalizada-cajas-de-papel-ondulado-5\" class=\"wp-image-2924\" srcset=\"https:\/\/www.yishengpack.com\/wp-content\/uploads\/2025\/11\/Customized-Corrugated-Paper-Packaging-Boxes-Wholesale-Frozen-Pizza-Boxes-with-Logo-5.webp 2048w, https:\/\/www.yishengpack.com\/wp-content\/uploads\/2025\/11\/Customized-Corrugated-Paper-Packaging-Boxes-Wholesale-Frozen-Pizza-Boxes-with-Logo-5-300x300.webp 300w, https:\/\/www.yishengpack.com\/wp-content\/uploads\/2025\/11\/Customized-Corrugated-Paper-Packaging-Boxes-Wholesale-Frozen-Pizza-Boxes-with-Logo-5-150x150.webp 150w, https:\/\/www.yishengpack.com\/wp-content\/uploads\/2025\/11\/Customized-Corrugated-Paper-Packaging-Boxes-Wholesale-Frozen-Pizza-Boxes-with-Logo-5-768x768.webp 768w, https:\/\/www.yishengpack.com\/wp-content\/uploads\/2025\/11\/Customized-Corrugated-Paper-Packaging-Boxes-Wholesale-Frozen-Pizza-Boxes-with-Logo-5-12x12.webp 12w, https:\/\/www.yishengpack.com\/wp-content\/uploads\/2025\/11\/Customized-Corrugated-Paper-Packaging-Boxes-Wholesale-Frozen-Pizza-Boxes-with-Logo-5-1200x1200.webp 1200w, https:\/\/www.yishengpack.com\/wp-content\/uploads\/2025\/11\/Customized-Corrugated-Paper-Packaging-Boxes-Wholesale-Frozen-Pizza-Boxes-with-Logo-5-600x600.webp 600w, https:\/\/www.yishengpack.com\/wp-content\/uploads\/2025\/11\/Customized-Corrugated-Paper-Packaging-Boxes-Wholesale-Frozen-Pizza-Boxes-with-Logo-5-100x100.webp 100w\" sizes=\"(max-width: 2048px) 100vw, 2048px\" \/><\/figure>\n\n\n\n<div class=\"wp-block-buttons has-custom-font-size has-small-font-size is-content-justification-center is-layout-flex wp-container-core-buttons-is-layout-16018d1d wp-block-buttons-is-layout-flex\">\n<div class=\"wp-block-button has-custom-width wp-block-button__width-75\"><a class=\"wp-block-button__link has-background has-small-font-size has-custom-font-size wp-element-button\" href=\"https:\/\/www.yishengpack.com\/es\/custom-printed-box\/\" style=\"background:linear-gradient(135deg,rgb(254,205,165) 0%,rgb(254,45,45) 0%,rgb(94,15,15) 0%,rgb(94,15,15) 100%)\" target=\"_blank\" rel=\"noreferrer noopener\"><strong>Explorar las cajas impresas personalizadas<\/strong><\/a><\/div>\n<\/div>\n<\/div>\n\n\n\n<div class=\"wp-block-column is-layout-flow wp-block-column-is-layout-flow\">\n<figure class=\"wp-block-image size-full\"><img decoding=\"async\" width=\"2048\" height=\"2048\" src=\"https:\/\/www.yishengpack.com\/wp-content\/uploads\/2025\/11\/Customized-Corrugated-Paper-Packaging-Boxes-Wholesale-Frozen-Pizza-Boxes-with-Logo-3.webp\" alt=\"caja-para-pizza-al-por-menor-personalizada-cajas-de-papel-ondulado-3\" class=\"wp-image-2922\" srcset=\"https:\/\/www.yishengpack.com\/wp-content\/uploads\/2025\/11\/Customized-Corrugated-Paper-Packaging-Boxes-Wholesale-Frozen-Pizza-Boxes-with-Logo-3.webp 2048w, https:\/\/www.yishengpack.com\/wp-content\/uploads\/2025\/11\/Customized-Corrugated-Paper-Packaging-Boxes-Wholesale-Frozen-Pizza-Boxes-with-Logo-3-300x300.webp 300w, https:\/\/www.yishengpack.com\/wp-content\/uploads\/2025\/11\/Customized-Corrugated-Paper-Packaging-Boxes-Wholesale-Frozen-Pizza-Boxes-with-Logo-3-150x150.webp 150w, https:\/\/www.yishengpack.com\/wp-content\/uploads\/2025\/11\/Customized-Corrugated-Paper-Packaging-Boxes-Wholesale-Frozen-Pizza-Boxes-with-Logo-3-768x768.webp 768w, https:\/\/www.yishengpack.com\/wp-content\/uploads\/2025\/11\/Customized-Corrugated-Paper-Packaging-Boxes-Wholesale-Frozen-Pizza-Boxes-with-Logo-3-12x12.webp 12w, https:\/\/www.yishengpack.com\/wp-content\/uploads\/2025\/11\/Customized-Corrugated-Paper-Packaging-Boxes-Wholesale-Frozen-Pizza-Boxes-with-Logo-3-1200x1200.webp 1200w, https:\/\/www.yishengpack.com\/wp-content\/uploads\/2025\/11\/Customized-Corrugated-Paper-Packaging-Boxes-Wholesale-Frozen-Pizza-Boxes-with-Logo-3-600x600.webp 600w, https:\/\/www.yishengpack.com\/wp-content\/uploads\/2025\/11\/Customized-Corrugated-Paper-Packaging-Boxes-Wholesale-Frozen-Pizza-Boxes-with-Logo-3-100x100.webp 100w\" sizes=\"(max-width: 2048px) 100vw, 2048px\" \/><\/figure>\n\n\n\n<div class=\"wp-block-buttons has-custom-font-size has-small-font-size is-content-justification-center is-layout-flex wp-container-core-buttons-is-layout-16018d1d wp-block-buttons-is-layout-flex\">\n<div class=\"wp-block-button has-custom-width wp-block-button__width-75\"><a class=\"wp-block-button__link has-background has-small-font-size has-custom-font-size wp-element-button\" href=\"https:\/\/www.yishengpack.com\/es\/custom-paper-box-plastic-containers\/\" style=\"background:linear-gradient(135deg,rgb(254,205,165) 0%,rgb(254,45,45) 0%,rgb(94,15,15) 0%,rgb(94,15,15) 100%)\" target=\"_blank\" rel=\"noreferrer noopener\"><strong>Explora los materiales personalizados para cajas<\/strong><\/a><\/div>\n<\/div>\n<\/div>\n<\/div>","protected":false},"excerpt":{"rendered":"<p>Bienvenido a comprar al por mayor nuestras cajas de embalaje para pizza congelada, fabricadas con papel corrugado duradero y apto para uso alimentario, con un interior apto para uso alimentario, que combinan la conservaci\u00f3n de la frescura con un dise\u00f1o llamativo. Estas cajas personalizables ofrecen un gran rendimiento en almacenamiento en fr\u00edo, opciones antigrasa y personalizaci\u00f3n a todo color, lo que las hace ideales para marcas de pizza, f\u00e1bricas de alimentos y distribuidores mayoristas.<\/p>\n<h2>Aspectos destacados de la venta al por mayor de cajas para empaquetar pizza<\/h2>\n<ul>\n<li>Proceso resistente a la humedad<\/li>\n<li>Personalizaci\u00f3n completa<\/li>\n<li>Materiales ecol\u00f3gicos<\/li>\n<li>Impresi\u00f3n sofisticada<\/li>\n<li>M\u00faltiples tipos de cajas<\/li>\n<li>Varios tama\u00f1os de caja<\/li>\n<li>Opciones de combinaciones de colores vibrantes<\/li>\n<li>Protecci\u00f3n estructural resistente<\/li>\n<\/ul>","protected":false},"featured_media":2920,"comment_status":"closed","ping_status":"closed","template":"","meta":{"_acf_changed":false},"box-type":[55],"product_brand":[],"product_cat":[46,33,71,42],"product_tag":[],"class_list":{"0":"post-2919","1":"product","2":"type-product","3":"status-publish","4":"has-post-thumbnail","6":"box-type-custom-foldable-boxes","7":"product_cat-wholesale-paper-boxes","8":"product_cat-food-packaging-boxes-wholesale","9":"product_cat-custom-takeout-boxes","10":"product_cat-custom-frozen-food-boxes","12":"first","13":"instock","14":"shipping-taxable","15":"product-type-simple"},"acf":[],"_links":{"self":[{"href":"https:\/\/www.yishengpack.com\/es\/wp-json\/wp\/v2\/product\/2919","targetHints":{"allow":["GET"]}}],"collection":[{"href":"https:\/\/www.yishengpack.com\/es\/wp-json\/wp\/v2\/product"}],"about":[{"href":"https:\/\/www.yishengpack.com\/es\/wp-json\/wp\/v2\/types\/product"}],"replies":[{"embeddable":true,"href":"https:\/\/www.yishengpack.com\/es\/wp-json\/wp\/v2\/comments?post=2919"}],"wp:featuredmedia":[{"embeddable":true,"href":"https:\/\/www.yishengpack.com\/es\/wp-json\/wp\/v2\/media\/2920"}],"wp:attachment":[{"href":"https:\/\/www.yishengpack.com\/es\/wp-json\/wp\/v2\/media?parent=2919"}],"wp:term":[{"taxonomy":"box-type","embeddable":true,"href":"https:\/\/www.yishengpack.com\/es\/wp-json\/wp\/v2\/box-type?post=2919"},{"taxonomy":"product_brand","embeddable":true,"href":"https:\/\/www.yishengpack.com\/es\/wp-json\/wp\/v2\/product_brand?post=2919"},{"taxonomy":"product_cat","embeddable":true,"href":"https:\/\/www.yishengpack.com\/es\/wp-json\/wp\/v2\/product_cat?post=2919"},{"taxonomy":"product_tag","embeddable":true,"href":"https:\/\/www.yishengpack.com\/es\/wp-json\/wp\/v2\/product_tag?post=2919"}],"curies":[{"name":"wp","href":"https:\/\/api.w.org\/{rel}","templated":true}]}}