{"id":2889,"date":"2025-12-12T02:00:17","date_gmt":"2025-12-12T02:00:17","guid":{"rendered":"https:\/\/www.yishengpack.com\/?post_type=product&#038;p=2889"},"modified":"2025-12-12T02:00:18","modified_gmt":"2025-12-12T02:00:18","slug":"custom-printed-tea-boxes","status":"publish","type":"product","link":"https:\/\/www.yishengpack.com\/es\/producto\/custom-printed-tea-boxes\/","title":{"rendered":"Cajas para t\u00e9 impresas personalizadas, cajas con cierre magn\u00e9tico al por mayor"},"content":{"rendered":"<div class=\"wp-block-columns is-layout-flex wp-container-core-columns-is-layout-9d6595d7 wp-block-columns-is-layout-flex\">\n<div class=\"wp-block-column is-layout-flow wp-block-column-is-layout-flow\">\n<h3 class=\"wp-block-heading\">Caracter\u00edsticas de las cajas de t\u00e9 impresas personalizadas<\/h3>\n\n\n\n<p><strong>Sofisticaci\u00f3n del cierre magn\u00e9tico: <\/strong>Estas cajas de t\u00e9 impresas personalizadas est\u00e1n equipadas con un suave mecanismo de cierre magn\u00e9tico. Estas lujosas cajas de t\u00e9 vac\u00edas ofrecen un cierre seguro, combinando la comodidad con una experiencia de apertura de la caja de primera calidad y sin esfuerzo.<\/p>\n\n\n\n<p><strong>Interior forrado de primera calidad: <\/strong>Estas cajas de t\u00e9 impresas personalizadas incluyen un c\u00f3modo forro interior (de sat\u00e9n o espuma) e inserciones a medida que sujetan firmemente las latas de t\u00e9 y crean una sensaci\u00f3n de elegancia cuando se utilizan.<\/p>\n\n\n\n<p><strong>Dise\u00f1o estructural robusto en papel:<\/strong> Estas cajas de t\u00e9 impresas personalizadas, fabricadas en papel grueso y resistente de alta calidad, tienen un dise\u00f1o r\u00edgido y fuerte. Nuestras cajas de t\u00e9 mantienen su forma y no se hunden, ya que protegen y soportan lo que hay en su interior, al tiempo que conservan un alto nivel de elegancia.<\/p>\n\n\n\n<p><strong>Paletas de colores tem\u00e1ticos vibrantes:<\/strong> Nuestras cajas con cierre magn\u00e9tico al por mayor est\u00e1n disponibles en ricos tonos inspirados en el t\u00e9 (carmes\u00ed, esmeralda, turquesa, azul marino) que complementan las distintas variedades de t\u00e9. Las cajas crean una presentaci\u00f3n cohesiva y visualmente impactante para regalos de t\u00e9 de primera calidad.<\/p>\n\n\n\n<p><strong>Configuraci\u00f3n totalmente a medida: <\/strong>Nuestras cajas con cierre magn\u00e9tico al por mayor se pueden personalizar en tama\u00f1o, capacidad de la lata (ranuras para una o varias latas), acabados superficiales (mate\/brillante) y detalles de marca (logotipos, dise\u00f1os). Estas cajas de t\u00e9 de papel se adaptan perfectamente a las identidades de marca \u00fanicas y a las necesidades de regalo.<\/p>\n<\/div>\n\n\n\n<div class=\"wp-block-column is-layout-flow wp-block-column-is-layout-flow\">\n<figure class=\"wp-block-image size-full\"><img decoding=\"async\" width=\"2048\" height=\"2048\" src=\"https:\/\/www.yishengpack.com\/wp-content\/uploads\/2025\/11\/Hot-Sale-Wholesale-Luxury-Empty-Tea-Package-Boxes-Customized-Printed-Logo-Magnetic-Close-Boxes-2.webp\" alt=\"cajas de t\u00e9 con cierre magn\u00e9tico al por mayor con impresi\u00f3n personalizada-2\" class=\"wp-image-2892\" srcset=\"https:\/\/www.yishengpack.com\/wp-content\/uploads\/2025\/11\/Hot-Sale-Wholesale-Luxury-Empty-Tea-Package-Boxes-Customized-Printed-Logo-Magnetic-Close-Boxes-2.webp 2048w, https:\/\/www.yishengpack.com\/wp-content\/uploads\/2025\/11\/Hot-Sale-Wholesale-Luxury-Empty-Tea-Package-Boxes-Customized-Printed-Logo-Magnetic-Close-Boxes-2-300x300.webp 300w, https:\/\/www.yishengpack.com\/wp-content\/uploads\/2025\/11\/Hot-Sale-Wholesale-Luxury-Empty-Tea-Package-Boxes-Customized-Printed-Logo-Magnetic-Close-Boxes-2-150x150.webp 150w, https:\/\/www.yishengpack.com\/wp-content\/uploads\/2025\/11\/Hot-Sale-Wholesale-Luxury-Empty-Tea-Package-Boxes-Customized-Printed-Logo-Magnetic-Close-Boxes-2-768x768.webp 768w, https:\/\/www.yishengpack.com\/wp-content\/uploads\/2025\/11\/Hot-Sale-Wholesale-Luxury-Empty-Tea-Package-Boxes-Customized-Printed-Logo-Magnetic-Close-Boxes-2-12x12.webp 12w, https:\/\/www.yishengpack.com\/wp-content\/uploads\/2025\/11\/Hot-Sale-Wholesale-Luxury-Empty-Tea-Package-Boxes-Customized-Printed-Logo-Magnetic-Close-Boxes-2-1200x1200.webp 1200w, https:\/\/www.yishengpack.com\/wp-content\/uploads\/2025\/11\/Hot-Sale-Wholesale-Luxury-Empty-Tea-Package-Boxes-Customized-Printed-Logo-Magnetic-Close-Boxes-2-600x600.webp 600w, https:\/\/www.yishengpack.com\/wp-content\/uploads\/2025\/11\/Hot-Sale-Wholesale-Luxury-Empty-Tea-Package-Boxes-Customized-Printed-Logo-Magnetic-Close-Boxes-2-100x100.webp 100w\" sizes=\"(max-width: 2048px) 100vw, 2048px\" \/><\/figure>\n<\/div>\n<\/div>\n\n\n\n<div class=\"wp-block-columns is-layout-flex wp-container-core-columns-is-layout-9d6595d7 wp-block-columns-is-layout-flex\">\n<div class=\"wp-block-column is-layout-flow wp-block-column-is-layout-flow\">\n<figure class=\"wp-block-image size-full\"><img decoding=\"async\" width=\"2048\" height=\"2048\" src=\"https:\/\/www.yishengpack.com\/wp-content\/uploads\/2025\/11\/Hot-Sale-Wholesale-Luxury-Empty-Tea-Package-Boxes-Customized-Printed-Logo-Magnetic-Close-Boxes-6.webp\" alt=\"cajas de t\u00e9 con cierre magn\u00e9tico al por mayor con impresi\u00f3n personalizada-6\" class=\"wp-image-2896\" srcset=\"https:\/\/www.yishengpack.com\/wp-content\/uploads\/2025\/11\/Hot-Sale-Wholesale-Luxury-Empty-Tea-Package-Boxes-Customized-Printed-Logo-Magnetic-Close-Boxes-6.webp 2048w, https:\/\/www.yishengpack.com\/wp-content\/uploads\/2025\/11\/Hot-Sale-Wholesale-Luxury-Empty-Tea-Package-Boxes-Customized-Printed-Logo-Magnetic-Close-Boxes-6-300x300.webp 300w, https:\/\/www.yishengpack.com\/wp-content\/uploads\/2025\/11\/Hot-Sale-Wholesale-Luxury-Empty-Tea-Package-Boxes-Customized-Printed-Logo-Magnetic-Close-Boxes-6-150x150.webp 150w, https:\/\/www.yishengpack.com\/wp-content\/uploads\/2025\/11\/Hot-Sale-Wholesale-Luxury-Empty-Tea-Package-Boxes-Customized-Printed-Logo-Magnetic-Close-Boxes-6-768x768.webp 768w, https:\/\/www.yishengpack.com\/wp-content\/uploads\/2025\/11\/Hot-Sale-Wholesale-Luxury-Empty-Tea-Package-Boxes-Customized-Printed-Logo-Magnetic-Close-Boxes-6-12x12.webp 12w, https:\/\/www.yishengpack.com\/wp-content\/uploads\/2025\/11\/Hot-Sale-Wholesale-Luxury-Empty-Tea-Package-Boxes-Customized-Printed-Logo-Magnetic-Close-Boxes-6-1200x1200.webp 1200w, https:\/\/www.yishengpack.com\/wp-content\/uploads\/2025\/11\/Hot-Sale-Wholesale-Luxury-Empty-Tea-Package-Boxes-Customized-Printed-Logo-Magnetic-Close-Boxes-6-600x600.webp 600w, https:\/\/www.yishengpack.com\/wp-content\/uploads\/2025\/11\/Hot-Sale-Wholesale-Luxury-Empty-Tea-Package-Boxes-Customized-Printed-Logo-Magnetic-Close-Boxes-6-100x100.webp 100w\" sizes=\"(max-width: 2048px) 100vw, 2048px\" \/><\/figure>\n\n\n\n<div class=\"wp-block-buttons has-custom-font-size has-small-font-size is-content-justification-center is-layout-flex wp-container-core-buttons-is-layout-16018d1d wp-block-buttons-is-layout-flex\">\n<div class=\"wp-block-button has-custom-width wp-block-button__width-75\"><a class=\"wp-block-button__link has-background has-small-font-size has-custom-font-size wp-element-button\" href=\"https:\/\/www.yishengpack.com\/es\/custom-printed-box\/\" style=\"background:linear-gradient(135deg,rgb(254,205,165) 0%,rgb(254,45,45) 0%,rgb(94,15,15) 0%,rgb(94,15,15) 100%)\" target=\"_blank\" rel=\"noreferrer noopener\"><strong>Explorar las cajas impresas personalizadas<\/strong><\/a><\/div>\n<\/div>\n<\/div>\n\n\n\n<div class=\"wp-block-column is-layout-flow wp-block-column-is-layout-flow\">\n<figure class=\"wp-block-image size-full\"><img decoding=\"async\" width=\"2048\" height=\"2048\" src=\"https:\/\/www.yishengpack.com\/wp-content\/uploads\/2025\/11\/Hot-Sale-Wholesale-Luxury-Empty-Tea-Package-Boxes-Customized-Printed-Logo-Magnetic-Close-Boxes-4.webp\" alt=\"cajas de cart\u00f3n con cierre magn\u00e9tico al por mayor - cajas de cart\u00f3n con cierre magn\u00e9tico al por mayor - cajas de cart\u00f3n con cierre magn\u00e9tico al por mayor - cajas de cart\u00f3n con cierre magn\u00e9tico al por mayor-4\" class=\"wp-image-2894\" srcset=\"https:\/\/www.yishengpack.com\/wp-content\/uploads\/2025\/11\/Hot-Sale-Wholesale-Luxury-Empty-Tea-Package-Boxes-Customized-Printed-Logo-Magnetic-Close-Boxes-4.webp 2048w, https:\/\/www.yishengpack.com\/wp-content\/uploads\/2025\/11\/Hot-Sale-Wholesale-Luxury-Empty-Tea-Package-Boxes-Customized-Printed-Logo-Magnetic-Close-Boxes-4-300x300.webp 300w, https:\/\/www.yishengpack.com\/wp-content\/uploads\/2025\/11\/Hot-Sale-Wholesale-Luxury-Empty-Tea-Package-Boxes-Customized-Printed-Logo-Magnetic-Close-Boxes-4-150x150.webp 150w, https:\/\/www.yishengpack.com\/wp-content\/uploads\/2025\/11\/Hot-Sale-Wholesale-Luxury-Empty-Tea-Package-Boxes-Customized-Printed-Logo-Magnetic-Close-Boxes-4-768x768.webp 768w, https:\/\/www.yishengpack.com\/wp-content\/uploads\/2025\/11\/Hot-Sale-Wholesale-Luxury-Empty-Tea-Package-Boxes-Customized-Printed-Logo-Magnetic-Close-Boxes-4-12x12.webp 12w, https:\/\/www.yishengpack.com\/wp-content\/uploads\/2025\/11\/Hot-Sale-Wholesale-Luxury-Empty-Tea-Package-Boxes-Customized-Printed-Logo-Magnetic-Close-Boxes-4-1200x1200.webp 1200w, https:\/\/www.yishengpack.com\/wp-content\/uploads\/2025\/11\/Hot-Sale-Wholesale-Luxury-Empty-Tea-Package-Boxes-Customized-Printed-Logo-Magnetic-Close-Boxes-4-600x600.webp 600w, https:\/\/www.yishengpack.com\/wp-content\/uploads\/2025\/11\/Hot-Sale-Wholesale-Luxury-Empty-Tea-Package-Boxes-Customized-Printed-Logo-Magnetic-Close-Boxes-4-100x100.webp 100w\" sizes=\"(max-width: 2048px) 100vw, 2048px\" \/><\/figure>\n\n\n\n<div class=\"wp-block-buttons has-custom-font-size has-small-font-size is-content-justification-center is-layout-flex wp-container-core-buttons-is-layout-16018d1d wp-block-buttons-is-layout-flex\">\n<div class=\"wp-block-button has-custom-width wp-block-button__width-75\"><a class=\"wp-block-button__link has-background has-small-font-size has-custom-font-size wp-element-button\" href=\"https:\/\/www.yishengpack.com\/es\/custom-box-inserts-accessories\/\" style=\"background:linear-gradient(135deg,rgb(254,205,165) 0%,rgb(254,45,45) 0%,rgb(94,15,15) 0%,rgb(94,15,15) 100%)\" target=\"_blank\" rel=\"noreferrer noopener\"><strong>Explorar los insertos personalizados para cajas<\/strong><\/a><\/div>\n<\/div>\n<\/div>\n<\/div>","protected":false},"excerpt":{"rendered":"<p>Le damos la bienvenida a nuestras lujosas cajas de t\u00e9 impresas personalizadas, fabricadas en papel de primera calidad y con inserciones interiores a medida. Son una combinaci\u00f3n de lujo y protecci\u00f3n, perfectas para el envasado de t\u00e9 en hojas sueltas, botes de t\u00e9 o peque\u00f1os juegos de t\u00e9 en tarro. Desde el tama\u00f1o y los motivos decorativos hasta el logotipo y el dise\u00f1o de las inserciones, son totalmente personalizables para adaptarse a su marca.<\/p>\n<h2>Aspectos destacados de las cajas de t\u00e9 impresas personalizadas<\/h2>\n<ul>\n<li>Dise\u00f1o de cierre magn\u00e9tico<\/li>\n<li>Personalizaci\u00f3n de alta gama<\/li>\n<li>Materiales impermeables<\/li>\n<li>Artesan\u00eda exquisita<\/li>\n<li>Amplias opciones de impresi\u00f3n<\/li>\n<li>Varios tama\u00f1os de caja<\/li>\n<li>Patr\u00f3n y color personalizables<\/li>\n<li>Protecci\u00f3n de forro de alta calidad<\/li>\n<\/ul>","protected":false},"featured_media":2891,"comment_status":"closed","ping_status":"closed","template":"","meta":{"_acf_changed":false},"box-type":[54],"product_brand":[],"product_cat":[46,33,43],"product_tag":[],"class_list":{"0":"post-2889","1":"product","2":"type-product","3":"status-publish","4":"has-post-thumbnail","6":"box-type-custom-magnetic-closure-boxes","7":"product_cat-wholesale-paper-boxes","8":"product_cat-food-packaging-boxes-wholesale","9":"product_cat-coffee-and-tea-packaging-boxes-wholesale","11":"first","12":"instock","13":"shipping-taxable","14":"product-type-simple"},"acf":[],"_links":{"self":[{"href":"https:\/\/www.yishengpack.com\/es\/wp-json\/wp\/v2\/product\/2889","targetHints":{"allow":["GET"]}}],"collection":[{"href":"https:\/\/www.yishengpack.com\/es\/wp-json\/wp\/v2\/product"}],"about":[{"href":"https:\/\/www.yishengpack.com\/es\/wp-json\/wp\/v2\/types\/product"}],"replies":[{"embeddable":true,"href":"https:\/\/www.yishengpack.com\/es\/wp-json\/wp\/v2\/comments?post=2889"}],"wp:featuredmedia":[{"embeddable":true,"href":"https:\/\/www.yishengpack.com\/es\/wp-json\/wp\/v2\/media\/2891"}],"wp:attachment":[{"href":"https:\/\/www.yishengpack.com\/es\/wp-json\/wp\/v2\/media?parent=2889"}],"wp:term":[{"taxonomy":"box-type","embeddable":true,"href":"https:\/\/www.yishengpack.com\/es\/wp-json\/wp\/v2\/box-type?post=2889"},{"taxonomy":"product_brand","embeddable":true,"href":"https:\/\/www.yishengpack.com\/es\/wp-json\/wp\/v2\/product_brand?post=2889"},{"taxonomy":"product_cat","embeddable":true,"href":"https:\/\/www.yishengpack.com\/es\/wp-json\/wp\/v2\/product_cat?post=2889"},{"taxonomy":"product_tag","embeddable":true,"href":"https:\/\/www.yishengpack.com\/es\/wp-json\/wp\/v2\/product_tag?post=2889"}],"curies":[{"name":"wp","href":"https:\/\/api.w.org\/{rel}","templated":true}]}}