{"id":285,"date":"2025-01-07T06:52:49","date_gmt":"2025-01-07T06:52:49","guid":{"rendered":"https:\/\/www.yishengpack.com\/?post_type=product&#038;p=285"},"modified":"2025-12-13T06:31:49","modified_gmt":"2025-12-13T06:31:49","slug":"clear-plastic-cake-box-wholesale","status":"publish","type":"product","link":"https:\/\/www.yishengpack.com\/es\/producto\/clear-plastic-cake-box-wholesale\/","title":{"rendered":"Caja de pl\u00e1stico transparente para pasteles de 2 pulgadas al por mayor, envase para pasteles a granel"},"content":{"rendered":"<div class=\"wp-block-columns is-layout-flex wp-container-core-columns-is-layout-9d6595d7 wp-block-columns-is-layout-flex\">\n<div class=\"wp-block-column is-layout-flow wp-block-column-is-layout-flow\">\n<h3 class=\"wp-block-heading\">Features of Clear Plastic Cake Box Wholesale<\/h3>\n\n\n\n<p><strong>Pl\u00e1stico transparente de alta calidad:<\/strong> This clear plastic cake box wholesale is made of heavy-duty, food-grade PET\/PVC material for excellent clarity and protection.<\/p>\n\n\n\n<p><strong>C\u00f3moda asa:<\/strong> The clear plastic cake box wholesale has easy carrying handles that permit safe and comfortable transportation of the cakes.<\/p>\n\n\n\n<p><strong>Resistente tabla blanca para tartas: <\/strong>This clear plastic cake box wholesale also includes a premium white cake board to keep it stable and aligned inside the package, preventing undesirable sliding.<\/p>\n\n\n\n<p><strong>Servicios personalizados: <\/strong>Puede personalizarse con el logotipo y el dise\u00f1o de su empresa, as\u00ed como con requisitos espec\u00edficos de tama\u00f1o.<\/p>\n\n\n\n<p>Square Design: This mini cake box is suitable for mini cakes, cupcakes, and small desserts.<\/p>\n\n\n\n<p><strong>Cierre seguro:<\/strong> Esta caja para tartas de pl\u00e1stico transparente al por mayor garantiza la seguridad y frescura de las tartas durante el transporte.<\/p>\n<\/div>\n\n\n\n<div class=\"wp-block-column is-layout-flow wp-block-column-is-layout-flow\">\n<figure class=\"wp-block-image size-full\"><img decoding=\"async\" width=\"800\" height=\"800\" src=\"https:\/\/www.yishengpack.com\/wp-content\/uploads\/2025\/01\/2-inch-Clear-Plastic-Cake-Box-Wholesale-Square-Mini-Cake-Container.webp\" alt=\"Caja de Pl\u00e1stico Transparente de 2 Pulgadas para Mini Pasteles al por Mayor\" class=\"wp-image-549\" srcset=\"https:\/\/www.yishengpack.com\/wp-content\/uploads\/2025\/01\/2-inch-Clear-Plastic-Cake-Box-Wholesale-Square-Mini-Cake-Container.webp 800w, https:\/\/www.yishengpack.com\/wp-content\/uploads\/2025\/01\/2-inch-Clear-Plastic-Cake-Box-Wholesale-Square-Mini-Cake-Container-300x300.webp 300w, https:\/\/www.yishengpack.com\/wp-content\/uploads\/2025\/01\/2-inch-Clear-Plastic-Cake-Box-Wholesale-Square-Mini-Cake-Container-150x150.webp 150w, https:\/\/www.yishengpack.com\/wp-content\/uploads\/2025\/01\/2-inch-Clear-Plastic-Cake-Box-Wholesale-Square-Mini-Cake-Container-768x768.webp 768w, https:\/\/www.yishengpack.com\/wp-content\/uploads\/2025\/01\/2-inch-Clear-Plastic-Cake-Box-Wholesale-Square-Mini-Cake-Container-600x600.webp 600w, https:\/\/www.yishengpack.com\/wp-content\/uploads\/2025\/01\/2-inch-Clear-Plastic-Cake-Box-Wholesale-Square-Mini-Cake-Container-100x100.webp 100w\" sizes=\"(max-width: 800px) 100vw, 800px\" \/><\/figure>\n<\/div>\n<\/div>\n\n\n\n<div class=\"wp-block-columns is-layout-flex wp-container-core-columns-is-layout-9d6595d7 wp-block-columns-is-layout-flex\">\n<div class=\"wp-block-column is-layout-flow wp-block-column-is-layout-flow\">\n<figure class=\"wp-block-image size-full\"><img decoding=\"async\" width=\"800\" height=\"800\" src=\"https:\/\/www.yishengpack.com\/wp-content\/uploads\/2025\/01\/Customized-Clear-Cake-Boxes-wholesale-2.webp\" alt=\"Cajas transparentes para tartas al por mayor (2)\" class=\"wp-image-541\" srcset=\"https:\/\/www.yishengpack.com\/wp-content\/uploads\/2025\/01\/Customized-Clear-Cake-Boxes-wholesale-2.webp 800w, https:\/\/www.yishengpack.com\/wp-content\/uploads\/2025\/01\/Customized-Clear-Cake-Boxes-wholesale-2-300x300.webp 300w, https:\/\/www.yishengpack.com\/wp-content\/uploads\/2025\/01\/Customized-Clear-Cake-Boxes-wholesale-2-150x150.webp 150w, https:\/\/www.yishengpack.com\/wp-content\/uploads\/2025\/01\/Customized-Clear-Cake-Boxes-wholesale-2-768x768.webp 768w, https:\/\/www.yishengpack.com\/wp-content\/uploads\/2025\/01\/Customized-Clear-Cake-Boxes-wholesale-2-600x600.webp 600w, https:\/\/www.yishengpack.com\/wp-content\/uploads\/2025\/01\/Customized-Clear-Cake-Boxes-wholesale-2-100x100.webp 100w\" sizes=\"(max-width: 800px) 100vw, 800px\" \/><\/figure>\n\n\n\n<div class=\"wp-block-buttons has-custom-font-size has-small-font-size is-content-justification-center is-layout-flex wp-container-core-buttons-is-layout-16018d1d wp-block-buttons-is-layout-flex\">\n<div class=\"wp-block-button has-custom-width wp-block-button__width-75\"><a class=\"wp-block-button__link has-background has-small-font-size has-custom-font-size wp-element-button\" href=\"https:\/\/www.yishengpack.com\/es\/custom-product-boxes-types\/\" style=\"background:linear-gradient(135deg,rgb(254,205,165) 0%,rgb(254,45,45) 0%,rgb(94,15,15) 0%,rgb(94,15,15) 100%)\" target=\"_blank\" rel=\"noreferrer noopener\"><strong>Explora los tipos de cajas personalizadas<\/strong><\/a><\/div>\n<\/div>\n<\/div>\n\n\n\n<div class=\"wp-block-column is-layout-flow wp-block-column-is-layout-flow\">\n<figure class=\"wp-block-image size-full\"><img decoding=\"async\" width=\"694\" height=\"684\" src=\"https:\/\/www.yishengpack.com\/wp-content\/uploads\/2025\/01\/Customized-Clear-Cake-Boxes-wholesale-5.webp\" alt=\"Cajas transparentes para tartas al por mayor (5)\" class=\"wp-image-543\" srcset=\"https:\/\/www.yishengpack.com\/wp-content\/uploads\/2025\/01\/Customized-Clear-Cake-Boxes-wholesale-5.webp 694w, https:\/\/www.yishengpack.com\/wp-content\/uploads\/2025\/01\/Customized-Clear-Cake-Boxes-wholesale-5-300x296.webp 300w, https:\/\/www.yishengpack.com\/wp-content\/uploads\/2025\/01\/Customized-Clear-Cake-Boxes-wholesale-5-600x591.webp 600w, https:\/\/www.yishengpack.com\/wp-content\/uploads\/2025\/01\/Customized-Clear-Cake-Boxes-wholesale-5-100x100.webp 100w\" sizes=\"(max-width: 694px) 100vw, 694px\" \/><\/figure>\n\n\n\n<div class=\"wp-block-buttons has-custom-font-size has-small-font-size is-content-justification-center is-layout-flex wp-container-core-buttons-is-layout-16018d1d wp-block-buttons-is-layout-flex\">\n<div class=\"wp-block-button has-custom-width wp-block-button__width-75\"><a class=\"wp-block-button__link has-background has-small-font-size has-custom-font-size wp-element-button\" href=\"https:\/\/www.yishengpack.com\/es\/custom-box-inserts-accessories\/\" style=\"background:linear-gradient(135deg,rgb(254,205,165) 0%,rgb(254,45,45) 0%,rgb(94,15,15) 0%,rgb(94,15,15) 100%)\" target=\"_blank\" rel=\"noreferrer noopener\"><strong>Explorar los insertos personalizados para cajas<\/strong><\/a><\/div>\n<\/div>\n<\/div>\n<\/div>","protected":false},"excerpt":{"rendered":"<p>Yisheng Wholesale Supply&#8217;s 2 Inch clear plastic cake box wholesale is ideal for packaging mini cakes, cupcakes and other small desserts. Made of durable, food-safe plastic, the square design allows for a clear display of your products while ensuring safety and stability during transportation. Designed for mini cakes, this cake box is perfect for bakeries, catering services and events of all kinds.<\/p>\n<h2>Especificaciones de la caja de pl\u00e1stico transparente para pasteles al por mayor:<\/h2>\n<table width=\"528\">\n<tbody>\n<tr>\n<td width=\"215\">Fabricante:<\/td>\n<td colspan=\"2\" width=\"313\">Yisheng<\/td>\n<\/tr>\n<tr>\n<td>Modelo:<\/td>\n<td colspan=\"2\">CakeBox-2<\/td>\n<\/tr>\n<tr>\n<td>Material:\u00a0<\/td>\n<td colspan=\"2\">PET+Cart\u00f3n blanco<\/td>\n<\/tr>\n<tr>\n<td>Color:\u00a0<\/td>\n<td colspan=\"2\">CLear<\/td>\n<\/tr>\n<tr>\n<td>Tama\u00f1o:\u00a0<\/td>\n<td colspan=\"2\" width=\"313\">8,5cm*8,5cm*8,5cm<\/td>\n<\/tr>\n<tr>\n<td>Peso:\u00a0<\/td>\n<td colspan=\"2\" width=\"313\">23g\/pc<\/td>\n<\/tr>\n<tr>\n<td>Forma:\u00a0<\/td>\n<td colspan=\"2\" width=\"313\">Cuadrado<\/td>\n<\/tr>\n<tr>\n<td>Embalaje:\u00a0<\/td>\n<td colspan=\"2\">Boxeo directo<\/td>\n<\/tr>\n<tr>\n<td>MOQ:\u00a0<\/td>\n<td colspan=\"2\">1000 unidades<\/td>\n<\/tr>\n<tr>\n<td>OEM&amp;ODM:\u00a0<\/td>\n<td colspan=\"2\">Personalizado, bienvenido OEM&amp;ODM<\/td>\n<\/tr>\n<tr>\n<td>Muestra\uff1a<\/td>\n<td colspan=\"2\">Se puede solicitar una muestra gratuita de 10 unidades<\/td>\n<\/tr>\n<\/tbody>\n<\/table>\n<p><script src=\"chrome-extension:\/\/fpelahbljekknahkcaegamhcndkfpfnc\/iFrame.js\" type=\"text\/javascript\"><\/script><\/p>","protected":false},"featured_media":550,"comment_status":"closed","ping_status":"closed","template":"","meta":{"_acf_changed":false},"box-type":[55],"product_brand":[],"product_cat":[21,46,30,33,45],"product_tag":[],"class_list":{"0":"post-285","1":"product","2":"type-product","3":"status-publish","4":"has-post-thumbnail","6":"box-type-custom-foldable-boxes","7":"product_cat-plastic-cake-containers-wholesale","8":"product_cat-wholesale-paper-boxes","9":"product_cat-cake-containers-wholesale","10":"product_cat-food-packaging-boxes-wholesale","11":"product_cat-bulk-disposable-food-containers","13":"first","14":"instock","15":"shipping-taxable","16":"product-type-simple"},"acf":[],"_links":{"self":[{"href":"https:\/\/www.yishengpack.com\/es\/wp-json\/wp\/v2\/product\/285","targetHints":{"allow":["GET"]}}],"collection":[{"href":"https:\/\/www.yishengpack.com\/es\/wp-json\/wp\/v2\/product"}],"about":[{"href":"https:\/\/www.yishengpack.com\/es\/wp-json\/wp\/v2\/types\/product"}],"replies":[{"embeddable":true,"href":"https:\/\/www.yishengpack.com\/es\/wp-json\/wp\/v2\/comments?post=285"}],"wp:featuredmedia":[{"embeddable":true,"href":"https:\/\/www.yishengpack.com\/es\/wp-json\/wp\/v2\/media\/550"}],"wp:attachment":[{"href":"https:\/\/www.yishengpack.com\/es\/wp-json\/wp\/v2\/media?parent=285"}],"wp:term":[{"taxonomy":"box-type","embeddable":true,"href":"https:\/\/www.yishengpack.com\/es\/wp-json\/wp\/v2\/box-type?post=285"},{"taxonomy":"product_brand","embeddable":true,"href":"https:\/\/www.yishengpack.com\/es\/wp-json\/wp\/v2\/product_brand?post=285"},{"taxonomy":"product_cat","embeddable":true,"href":"https:\/\/www.yishengpack.com\/es\/wp-json\/wp\/v2\/product_cat?post=285"},{"taxonomy":"product_tag","embeddable":true,"href":"https:\/\/www.yishengpack.com\/es\/wp-json\/wp\/v2\/product_tag?post=285"}],"curies":[{"name":"wp","href":"https:\/\/api.w.org\/{rel}","templated":true}]}}