{"id":2789,"date":"2025-12-11T07:54:21","date_gmt":"2025-12-11T07:54:21","guid":{"rendered":"https:\/\/www.yishengpack.com\/?post_type=product&#038;p=2789"},"modified":"2025-12-11T07:54:22","modified_gmt":"2025-12-11T07:54:22","slug":"frozen-food-boxes-wholesale","status":"publish","type":"product","link":"https:\/\/www.yishengpack.com\/es\/producto\/frozen-food-boxes-wholesale\/","title":{"rendered":"Cajas para alimentos congelados al por mayor, cajas personalizadas para carne congelada"},"content":{"rendered":"<div class=\"wp-block-columns is-layout-flex wp-container-core-columns-is-layout-9d6595d7 wp-block-columns-is-layout-flex\">\n<div class=\"wp-block-column is-layout-flow wp-block-column-is-layout-flow\">\n<h3 class=\"wp-block-heading\">Caracter\u00edsticas de las cajas para alimentos congelados al por mayor<\/h3>\n\n\n\n<p><strong>Material apto para uso alimentario que conserva la frescura de los alimentos congelados: <\/strong>Estas cajas para alimentos congelados al por mayor est\u00e1n fabricadas con material apto para uso alimentario. Esta caja plegable garantiza la limpieza y la calidad de los productos congelados, como marisco, ternera y cerdo, durante la congelaci\u00f3n y el transporte. Es un embalaje seguro para todo tipo de productos congelados.<\/p>\n\n\n\n<p><strong>Narrativa visual centrada en el producto: <\/strong>Estas cajas de alimentos congelados al por mayor presentan im\u00e1genes centradas en los productos, como trozos de salm\u00f3n, lonchas de jam\u00f3n y delicias del mar. Estos gr\u00e1ficos detallados cuentan una historia visual clara, lo que ayuda a los consumidores a reconocer al instante los productos congelados que contienen y mejora el atractivo de la marca.<\/p>\n\n\n\n<p><strong>Plegable para un almacenamiento que ahorra espacio: <\/strong>Las cajas personalizadas para carne congelada est\u00e1n dise\u00f1adas con una estructura plegable; la caja se puede plegar f\u00e1cilmente cuando no se utiliza, lo que permite ahorrar espacio de almacenamiento a las empresas y reducir los gastos de env\u00edo. Es muy adecuada para el negocio del env\u00edo de alimentos congelados.<\/p>\n\n\n\n<p><strong>Se\u00f1ales de colores vibrantes para diferenciar productos:<\/strong> Las cajas personalizadas para carne congelada est\u00e1n disponibles en varios patrones de colores llamativos, como el color rojo del salm\u00f3n o el color verde del pan de hamburguesa. Estos colores est\u00e1n alineados con la categor\u00eda de productos y aumentar\u00e1n el reconocimiento de la marca y el impacto en los estantes para las marcas de alimentos congelados.<\/p>\n\n\n\n<p><strong>Adecuado para la venta al por mayor con un MOQ flexible: <\/strong>Estas cajas para alimentos congelados al por mayor se pueden personalizar en cuanto a tama\u00f1o, estructura, material, patrones de impresi\u00f3n y m\u00e9todos de embalaje, lo que las hace ideales para propietarios de marcas, importadores y proveedores de supermercados.<\/p>\n<\/div>\n\n\n\n<div class=\"wp-block-column is-layout-flow wp-block-column-is-layout-flow\">\n<figure class=\"wp-block-image size-full\"><img decoding=\"async\" width=\"2048\" height=\"2048\" src=\"https:\/\/www.yishengpack.com\/wp-content\/uploads\/2025\/11\/Durable-Eco-Friendly-Frozen-Food-Boxes-Wholesale-Custom-Paper-Boxes-for-Sea-Food-Meat-Packaging-2.webp\" alt=\"cajas-de-alimentos-congelados-al-por-mayor-cajas-personalizadas-para-carne-congelada-2\" class=\"wp-image-2791\" srcset=\"https:\/\/www.yishengpack.com\/wp-content\/uploads\/2025\/11\/Durable-Eco-Friendly-Frozen-Food-Boxes-Wholesale-Custom-Paper-Boxes-for-Sea-Food-Meat-Packaging-2.webp 2048w, https:\/\/www.yishengpack.com\/wp-content\/uploads\/2025\/11\/Durable-Eco-Friendly-Frozen-Food-Boxes-Wholesale-Custom-Paper-Boxes-for-Sea-Food-Meat-Packaging-2-300x300.webp 300w, https:\/\/www.yishengpack.com\/wp-content\/uploads\/2025\/11\/Durable-Eco-Friendly-Frozen-Food-Boxes-Wholesale-Custom-Paper-Boxes-for-Sea-Food-Meat-Packaging-2-150x150.webp 150w, https:\/\/www.yishengpack.com\/wp-content\/uploads\/2025\/11\/Durable-Eco-Friendly-Frozen-Food-Boxes-Wholesale-Custom-Paper-Boxes-for-Sea-Food-Meat-Packaging-2-768x768.webp 768w, https:\/\/www.yishengpack.com\/wp-content\/uploads\/2025\/11\/Durable-Eco-Friendly-Frozen-Food-Boxes-Wholesale-Custom-Paper-Boxes-for-Sea-Food-Meat-Packaging-2-12x12.webp 12w, https:\/\/www.yishengpack.com\/wp-content\/uploads\/2025\/11\/Durable-Eco-Friendly-Frozen-Food-Boxes-Wholesale-Custom-Paper-Boxes-for-Sea-Food-Meat-Packaging-2-1200x1200.webp 1200w, https:\/\/www.yishengpack.com\/wp-content\/uploads\/2025\/11\/Durable-Eco-Friendly-Frozen-Food-Boxes-Wholesale-Custom-Paper-Boxes-for-Sea-Food-Meat-Packaging-2-600x600.webp 600w, https:\/\/www.yishengpack.com\/wp-content\/uploads\/2025\/11\/Durable-Eco-Friendly-Frozen-Food-Boxes-Wholesale-Custom-Paper-Boxes-for-Sea-Food-Meat-Packaging-2-100x100.webp 100w\" sizes=\"(max-width: 2048px) 100vw, 2048px\" \/><\/figure>\n<\/div>\n<\/div>\n\n\n\n<div class=\"wp-block-columns is-layout-flex wp-container-core-columns-is-layout-9d6595d7 wp-block-columns-is-layout-flex\">\n<div class=\"wp-block-column is-layout-flow wp-block-column-is-layout-flow\">\n<figure class=\"wp-block-image size-full\"><img decoding=\"async\" width=\"2048\" height=\"2048\" src=\"https:\/\/www.yishengpack.com\/wp-content\/uploads\/2025\/11\/Durable-Eco-Friendly-Frozen-Food-Boxes-Wholesale-Custom-Paper-Boxes-for-Sea-Food-Meat-Packaging-1.webp\" alt=\"cajas-de-alimentos-congelados-al-por-mayor-cajas-personalizadas-para-carne-congelada-1\" class=\"wp-image-2790\" srcset=\"https:\/\/www.yishengpack.com\/wp-content\/uploads\/2025\/11\/Durable-Eco-Friendly-Frozen-Food-Boxes-Wholesale-Custom-Paper-Boxes-for-Sea-Food-Meat-Packaging-1.webp 2048w, https:\/\/www.yishengpack.com\/wp-content\/uploads\/2025\/11\/Durable-Eco-Friendly-Frozen-Food-Boxes-Wholesale-Custom-Paper-Boxes-for-Sea-Food-Meat-Packaging-1-300x300.webp 300w, https:\/\/www.yishengpack.com\/wp-content\/uploads\/2025\/11\/Durable-Eco-Friendly-Frozen-Food-Boxes-Wholesale-Custom-Paper-Boxes-for-Sea-Food-Meat-Packaging-1-150x150.webp 150w, https:\/\/www.yishengpack.com\/wp-content\/uploads\/2025\/11\/Durable-Eco-Friendly-Frozen-Food-Boxes-Wholesale-Custom-Paper-Boxes-for-Sea-Food-Meat-Packaging-1-768x768.webp 768w, https:\/\/www.yishengpack.com\/wp-content\/uploads\/2025\/11\/Durable-Eco-Friendly-Frozen-Food-Boxes-Wholesale-Custom-Paper-Boxes-for-Sea-Food-Meat-Packaging-1-12x12.webp 12w, https:\/\/www.yishengpack.com\/wp-content\/uploads\/2025\/11\/Durable-Eco-Friendly-Frozen-Food-Boxes-Wholesale-Custom-Paper-Boxes-for-Sea-Food-Meat-Packaging-1-1200x1200.webp 1200w, https:\/\/www.yishengpack.com\/wp-content\/uploads\/2025\/11\/Durable-Eco-Friendly-Frozen-Food-Boxes-Wholesale-Custom-Paper-Boxes-for-Sea-Food-Meat-Packaging-1-600x600.webp 600w, https:\/\/www.yishengpack.com\/wp-content\/uploads\/2025\/11\/Durable-Eco-Friendly-Frozen-Food-Boxes-Wholesale-Custom-Paper-Boxes-for-Sea-Food-Meat-Packaging-1-100x100.webp 100w\" sizes=\"(max-width: 2048px) 100vw, 2048px\" \/><\/figure>\n\n\n\n<div class=\"wp-block-buttons has-custom-font-size has-small-font-size is-content-justification-center is-layout-flex wp-container-core-buttons-is-layout-16018d1d wp-block-buttons-is-layout-flex\">\n<div class=\"wp-block-button has-custom-width wp-block-button__width-75\"><a class=\"wp-block-button__link has-background has-small-font-size has-custom-font-size wp-element-button\" href=\"https:\/\/www.yishengpack.com\/es\/custom-printed-box\/\" style=\"background:linear-gradient(135deg,rgb(254,205,165) 0%,rgb(254,45,45) 0%,rgb(94,15,15) 0%,rgb(94,15,15) 100%)\" target=\"_blank\" rel=\"noreferrer noopener\"><strong>Explorar las cajas impresas personalizadas<\/strong><\/a><\/div>\n<\/div>\n<\/div>\n\n\n\n<div class=\"wp-block-column is-layout-flow wp-block-column-is-layout-flow\">\n<figure class=\"wp-block-image size-full\"><img decoding=\"async\" width=\"2048\" height=\"2048\" src=\"https:\/\/www.yishengpack.com\/wp-content\/uploads\/2025\/11\/Durable-Eco-Friendly-Frozen-Food-Boxes-Wholesale-Custom-Paper-Boxes-for-Sea-Food-Meat-Packaging-4.webp\" alt=\"cajas-de-alimentos-congelados-al-por-mayor-cajas-personalizadas-para-carne-congelada-4\" class=\"wp-image-2793\" srcset=\"https:\/\/www.yishengpack.com\/wp-content\/uploads\/2025\/11\/Durable-Eco-Friendly-Frozen-Food-Boxes-Wholesale-Custom-Paper-Boxes-for-Sea-Food-Meat-Packaging-4.webp 2048w, https:\/\/www.yishengpack.com\/wp-content\/uploads\/2025\/11\/Durable-Eco-Friendly-Frozen-Food-Boxes-Wholesale-Custom-Paper-Boxes-for-Sea-Food-Meat-Packaging-4-300x300.webp 300w, https:\/\/www.yishengpack.com\/wp-content\/uploads\/2025\/11\/Durable-Eco-Friendly-Frozen-Food-Boxes-Wholesale-Custom-Paper-Boxes-for-Sea-Food-Meat-Packaging-4-150x150.webp 150w, https:\/\/www.yishengpack.com\/wp-content\/uploads\/2025\/11\/Durable-Eco-Friendly-Frozen-Food-Boxes-Wholesale-Custom-Paper-Boxes-for-Sea-Food-Meat-Packaging-4-768x768.webp 768w, https:\/\/www.yishengpack.com\/wp-content\/uploads\/2025\/11\/Durable-Eco-Friendly-Frozen-Food-Boxes-Wholesale-Custom-Paper-Boxes-for-Sea-Food-Meat-Packaging-4-12x12.webp 12w, https:\/\/www.yishengpack.com\/wp-content\/uploads\/2025\/11\/Durable-Eco-Friendly-Frozen-Food-Boxes-Wholesale-Custom-Paper-Boxes-for-Sea-Food-Meat-Packaging-4-1200x1200.webp 1200w, https:\/\/www.yishengpack.com\/wp-content\/uploads\/2025\/11\/Durable-Eco-Friendly-Frozen-Food-Boxes-Wholesale-Custom-Paper-Boxes-for-Sea-Food-Meat-Packaging-4-600x600.webp 600w, https:\/\/www.yishengpack.com\/wp-content\/uploads\/2025\/11\/Durable-Eco-Friendly-Frozen-Food-Boxes-Wholesale-Custom-Paper-Boxes-for-Sea-Food-Meat-Packaging-4-100x100.webp 100w\" sizes=\"(max-width: 2048px) 100vw, 2048px\" \/><\/figure>\n\n\n\n<div class=\"wp-block-buttons has-custom-font-size has-small-font-size is-content-justification-center is-layout-flex wp-container-core-buttons-is-layout-16018d1d wp-block-buttons-is-layout-flex\">\n<div class=\"wp-block-button has-custom-width wp-block-button__width-75\"><a class=\"wp-block-button__link has-background has-small-font-size has-custom-font-size wp-element-button\" href=\"https:\/\/www.yishengpack.com\/es\/custom-product-boxes-types\/\" style=\"background:linear-gradient(135deg,rgb(254,205,165) 0%,rgb(254,45,45) 0%,rgb(94,15,15) 0%,rgb(94,15,15) 100%)\" target=\"_blank\" rel=\"noreferrer noopener\"><strong>Explora los tipos de cajas personalizadas<\/strong><\/a><\/div>\n<\/div>\n<\/div>\n<\/div>","protected":false},"excerpt":{"rendered":"<p>Bienvenido a la compra al por mayor de nuestras cajas para alimentos congelados, dise\u00f1adas para carne, aves y mariscos. Con una estructura de papel apto para alimentos y un dise\u00f1o resistente al congelador, combinan higiene, conservaci\u00f3n de la frescura y practicidad para el almacenamiento y la entrega de alimentos congelados. Se ofrece personalizaci\u00f3n completa OEM\/ODM, incluyendo tama\u00f1o, estructura e impresi\u00f3n de alta calidad para adaptarse al embalaje de su marca.<\/p>\n<h2>Lo m\u00e1s destacado de las cajas de alimentos congelados al por mayor<\/h2>\n<ul>\n<li>Personalizaci\u00f3n de gama alta<\/li>\n<li>Materiales de primera calidad aptos para uso alimentario<\/li>\n<li>Dise\u00f1o plegable<\/li>\n<li>Fuerte resistencia al agua y al aceite<\/li>\n<li>Procesos de impresi\u00f3n sofisticados<\/li>\n<li>Varios tama\u00f1os de caja<\/li>\n<li>Varias opciones de color<\/li>\n<li>Estructura estable<\/li>\n<\/ul>","protected":false},"featured_media":2790,"comment_status":"closed","ping_status":"closed","template":"","meta":{"_acf_changed":false},"box-type":[55],"product_brand":[],"product_cat":[46,33,42],"product_tag":[],"class_list":{"0":"post-2789","1":"product","2":"type-product","3":"status-publish","4":"has-post-thumbnail","6":"box-type-custom-foldable-boxes","7":"product_cat-wholesale-paper-boxes","8":"product_cat-food-packaging-boxes-wholesale","9":"product_cat-custom-frozen-food-boxes","11":"first","12":"instock","13":"shipping-taxable","14":"product-type-simple"},"acf":[],"_links":{"self":[{"href":"https:\/\/www.yishengpack.com\/es\/wp-json\/wp\/v2\/product\/2789","targetHints":{"allow":["GET"]}}],"collection":[{"href":"https:\/\/www.yishengpack.com\/es\/wp-json\/wp\/v2\/product"}],"about":[{"href":"https:\/\/www.yishengpack.com\/es\/wp-json\/wp\/v2\/types\/product"}],"replies":[{"embeddable":true,"href":"https:\/\/www.yishengpack.com\/es\/wp-json\/wp\/v2\/comments?post=2789"}],"wp:featuredmedia":[{"embeddable":true,"href":"https:\/\/www.yishengpack.com\/es\/wp-json\/wp\/v2\/media\/2790"}],"wp:attachment":[{"href":"https:\/\/www.yishengpack.com\/es\/wp-json\/wp\/v2\/media?parent=2789"}],"wp:term":[{"taxonomy":"box-type","embeddable":true,"href":"https:\/\/www.yishengpack.com\/es\/wp-json\/wp\/v2\/box-type?post=2789"},{"taxonomy":"product_brand","embeddable":true,"href":"https:\/\/www.yishengpack.com\/es\/wp-json\/wp\/v2\/product_brand?post=2789"},{"taxonomy":"product_cat","embeddable":true,"href":"https:\/\/www.yishengpack.com\/es\/wp-json\/wp\/v2\/product_cat?post=2789"},{"taxonomy":"product_tag","embeddable":true,"href":"https:\/\/www.yishengpack.com\/es\/wp-json\/wp\/v2\/product_tag?post=2789"}],"curies":[{"name":"wp","href":"https:\/\/api.w.org\/{rel}","templated":true}]}}