{"id":2781,"date":"2025-12-13T03:18:08","date_gmt":"2025-12-13T03:18:08","guid":{"rendered":"https:\/\/www.yishengpack.com\/?post_type=product&#038;p=2781"},"modified":"2025-12-13T03:18:19","modified_gmt":"2025-12-13T03:18:19","slug":"wholesale-frozen-food-boxes","status":"publish","type":"product","link":"https:\/\/www.yishengpack.com\/es\/producto\/wholesale-frozen-food-boxes\/","title":{"rendered":"Venta al por mayor de cajas para alimentos congelados, cajas plegables con impresi\u00f3n personalizada"},"content":{"rendered":"<div class=\"wp-block-columns is-layout-flex wp-container-core-columns-is-layout-9d6595d7 wp-block-columns-is-layout-flex\">\n<div class=\"wp-block-column is-layout-flow wp-block-column-is-layout-flow\">\n<h3 class=\"wp-block-heading\">Caracter\u00edsticas de las cajas para alimentos congelados al por mayor<\/h3>\n\n\n\n<p>Identificaci\u00f3n visual tem\u00e1tica: Las cajas de alimentos congelados al por mayor utilizan im\u00e1genes de patatas fritas congeladas, panecillos de hamburguesa y burritos, para ayudar a los clientes a identificar r\u00e1pidamente el contenido, lo que facilita a los amantes de los alimentos congelados el desembalaje de los productos.<\/p>\n\n\n\n<p><strong>Material apto para uso alimentario que conserva la frescura de los alimentos congelados: <\/strong>Las cajas para alimentos congelados al por mayor est\u00e1n fabricadas con material apto para uso alimentario. Esta caja garantiza la higiene y la calidad de art\u00edculos congelados como patatas fritas y panecillos de hamburguesa durante el almacenamiento y el tr\u00e1nsito. Es una opci\u00f3n fiable para envasar diversos alimentos congelados.<\/p>\n\n\n\n<p><strong>Dise\u00f1o resistente a la humedad y al aceite: <\/strong>La superficie de las cajas para alimentos congelados al por mayor puede recubrirse con un revestimiento impermeable, a prueba de aceite y resistente al agua, adecuado para alimentos aceitosos o acuosos como carne, marisco y aperitivos congelados.<\/p>\n\n\n\n<p><strong>Plegable para ahorrar espacio: <\/strong>Las cajas para alimentos congelados al por mayor con un dise\u00f1o plegable, la caja se puede plegar f\u00e1cilmente cuando no est\u00e9 en uso, ahorrando espacio de almacenamiento para las empresas y reduciendo los costes de env\u00edo, por lo que es pr\u00e1ctico para la distribuci\u00f3n de alimentos congelados.<\/p>\n\n\n\n<p><strong>Paleta de colores vibrantes para el atractivo de la marca:<\/strong> Los cartones plegables impresos a medida se presentan en una vibrante paleta de colores, desde tonos amarillos de fritura a tonos naranjas de burrito. Estos colores coinciden con la identidad de los alimentos, lo que aumenta el reconocimiento de marca y el atractivo en los estantes de las marcas de alimentos congelados.<\/p>\n\n\n\n<p><strong>Totalmente personalizable para marcas de alimentaci\u00f3n:<\/strong> Las cajas plegables impresas a medida permiten una personalizaci\u00f3n total. Puede ajustar el tama\u00f1o, imprimir gr\u00e1ficos de tem\u00e1tica alimentaria y elegir acabados de superficie para satisfacer las necesidades de marca exclusivas de las empresas de alimentos congelados.<\/p>\n<\/div>\n\n\n\n<div class=\"wp-block-column is-layout-flow wp-block-column-is-layout-flow\">\n<figure class=\"wp-block-image size-full\"><img decoding=\"async\" width=\"2048\" height=\"2048\" src=\"https:\/\/www.yishengpack.com\/wp-content\/uploads\/2025\/11\/Customized-Printed-Logo-Food-Storage-Boxes-Wholesale-High-Quality-Frozen-Fast-Food-Packaging-Boxes-2.webp\" alt=\"cajas de alimentos congelados al por mayor-cartones plegables con impresi\u00f3n personalizada-2\" class=\"wp-image-2783\" srcset=\"https:\/\/www.yishengpack.com\/wp-content\/uploads\/2025\/11\/Customized-Printed-Logo-Food-Storage-Boxes-Wholesale-High-Quality-Frozen-Fast-Food-Packaging-Boxes-2.webp 2048w, https:\/\/www.yishengpack.com\/wp-content\/uploads\/2025\/11\/Customized-Printed-Logo-Food-Storage-Boxes-Wholesale-High-Quality-Frozen-Fast-Food-Packaging-Boxes-2-300x300.webp 300w, https:\/\/www.yishengpack.com\/wp-content\/uploads\/2025\/11\/Customized-Printed-Logo-Food-Storage-Boxes-Wholesale-High-Quality-Frozen-Fast-Food-Packaging-Boxes-2-150x150.webp 150w, https:\/\/www.yishengpack.com\/wp-content\/uploads\/2025\/11\/Customized-Printed-Logo-Food-Storage-Boxes-Wholesale-High-Quality-Frozen-Fast-Food-Packaging-Boxes-2-768x768.webp 768w, https:\/\/www.yishengpack.com\/wp-content\/uploads\/2025\/11\/Customized-Printed-Logo-Food-Storage-Boxes-Wholesale-High-Quality-Frozen-Fast-Food-Packaging-Boxes-2-12x12.webp 12w, https:\/\/www.yishengpack.com\/wp-content\/uploads\/2025\/11\/Customized-Printed-Logo-Food-Storage-Boxes-Wholesale-High-Quality-Frozen-Fast-Food-Packaging-Boxes-2-1200x1200.webp 1200w, https:\/\/www.yishengpack.com\/wp-content\/uploads\/2025\/11\/Customized-Printed-Logo-Food-Storage-Boxes-Wholesale-High-Quality-Frozen-Fast-Food-Packaging-Boxes-2-600x600.webp 600w, https:\/\/www.yishengpack.com\/wp-content\/uploads\/2025\/11\/Customized-Printed-Logo-Food-Storage-Boxes-Wholesale-High-Quality-Frozen-Fast-Food-Packaging-Boxes-2-100x100.webp 100w\" sizes=\"(max-width: 2048px) 100vw, 2048px\" \/><\/figure>\n<\/div>\n<\/div>\n\n\n\n<div class=\"wp-block-columns is-layout-flex wp-container-core-columns-is-layout-9d6595d7 wp-block-columns-is-layout-flex\">\n<div class=\"wp-block-column is-layout-flow wp-block-column-is-layout-flow\">\n<figure class=\"wp-block-image size-full\"><img decoding=\"async\" width=\"1901\" height=\"1901\" src=\"https:\/\/www.yishengpack.com\/wp-content\/uploads\/2025\/11\/Customized-Printed-Logo-Food-Storage-Boxes-Wholesale-High-Quality-Frozen-Fast-Food-Packaging-Boxes-5.webp\" alt=\"cajas de alimentos congelados al por mayor-cartones plegables con impresi\u00f3n personalizada-5\" class=\"wp-image-2786\" srcset=\"https:\/\/www.yishengpack.com\/wp-content\/uploads\/2025\/11\/Customized-Printed-Logo-Food-Storage-Boxes-Wholesale-High-Quality-Frozen-Fast-Food-Packaging-Boxes-5.webp 1901w, https:\/\/www.yishengpack.com\/wp-content\/uploads\/2025\/11\/Customized-Printed-Logo-Food-Storage-Boxes-Wholesale-High-Quality-Frozen-Fast-Food-Packaging-Boxes-5-300x300.webp 300w, https:\/\/www.yishengpack.com\/wp-content\/uploads\/2025\/11\/Customized-Printed-Logo-Food-Storage-Boxes-Wholesale-High-Quality-Frozen-Fast-Food-Packaging-Boxes-5-150x150.webp 150w, https:\/\/www.yishengpack.com\/wp-content\/uploads\/2025\/11\/Customized-Printed-Logo-Food-Storage-Boxes-Wholesale-High-Quality-Frozen-Fast-Food-Packaging-Boxes-5-768x768.webp 768w, https:\/\/www.yishengpack.com\/wp-content\/uploads\/2025\/11\/Customized-Printed-Logo-Food-Storage-Boxes-Wholesale-High-Quality-Frozen-Fast-Food-Packaging-Boxes-5-12x12.webp 12w, https:\/\/www.yishengpack.com\/wp-content\/uploads\/2025\/11\/Customized-Printed-Logo-Food-Storage-Boxes-Wholesale-High-Quality-Frozen-Fast-Food-Packaging-Boxes-5-1200x1200.webp 1200w, https:\/\/www.yishengpack.com\/wp-content\/uploads\/2025\/11\/Customized-Printed-Logo-Food-Storage-Boxes-Wholesale-High-Quality-Frozen-Fast-Food-Packaging-Boxes-5-600x600.webp 600w, https:\/\/www.yishengpack.com\/wp-content\/uploads\/2025\/11\/Customized-Printed-Logo-Food-Storage-Boxes-Wholesale-High-Quality-Frozen-Fast-Food-Packaging-Boxes-5-100x100.webp 100w\" sizes=\"(max-width: 1901px) 100vw, 1901px\" \/><\/figure>\n\n\n\n<div class=\"wp-block-buttons has-custom-font-size has-small-font-size is-content-justification-center is-layout-flex wp-container-core-buttons-is-layout-16018d1d wp-block-buttons-is-layout-flex\">\n<div class=\"wp-block-button has-custom-width wp-block-button__width-75\"><a class=\"wp-block-button__link has-background has-small-font-size has-custom-font-size wp-element-button\" href=\"https:\/\/www.yishengpack.com\/es\/custom-printed-box\/\" style=\"background:linear-gradient(135deg,rgb(254,205,165) 0%,rgb(254,45,45) 0%,rgb(94,15,15) 0%,rgb(94,15,15) 100%)\" target=\"_blank\" rel=\"noreferrer noopener\"><strong>Explorar las cajas impresas personalizadas<\/strong><\/a><\/div>\n<\/div>\n<\/div>\n\n\n\n<div class=\"wp-block-column is-layout-flow wp-block-column-is-layout-flow\">\n<figure class=\"wp-block-image size-full\"><img decoding=\"async\" width=\"2048\" height=\"2048\" src=\"https:\/\/www.yishengpack.com\/wp-content\/uploads\/2025\/11\/Customized-Printed-Logo-Food-Storage-Boxes-Wholesale-High-Quality-Frozen-Fast-Food-Packaging-Boxes-6.webp\" alt=\"cajas de alimentos congelados al por mayor-cartones plegables con impresi\u00f3n personalizada-6\" class=\"wp-image-2787\" srcset=\"https:\/\/www.yishengpack.com\/wp-content\/uploads\/2025\/11\/Customized-Printed-Logo-Food-Storage-Boxes-Wholesale-High-Quality-Frozen-Fast-Food-Packaging-Boxes-6.webp 2048w, https:\/\/www.yishengpack.com\/wp-content\/uploads\/2025\/11\/Customized-Printed-Logo-Food-Storage-Boxes-Wholesale-High-Quality-Frozen-Fast-Food-Packaging-Boxes-6-300x300.webp 300w, https:\/\/www.yishengpack.com\/wp-content\/uploads\/2025\/11\/Customized-Printed-Logo-Food-Storage-Boxes-Wholesale-High-Quality-Frozen-Fast-Food-Packaging-Boxes-6-150x150.webp 150w, https:\/\/www.yishengpack.com\/wp-content\/uploads\/2025\/11\/Customized-Printed-Logo-Food-Storage-Boxes-Wholesale-High-Quality-Frozen-Fast-Food-Packaging-Boxes-6-768x768.webp 768w, https:\/\/www.yishengpack.com\/wp-content\/uploads\/2025\/11\/Customized-Printed-Logo-Food-Storage-Boxes-Wholesale-High-Quality-Frozen-Fast-Food-Packaging-Boxes-6-12x12.webp 12w, https:\/\/www.yishengpack.com\/wp-content\/uploads\/2025\/11\/Customized-Printed-Logo-Food-Storage-Boxes-Wholesale-High-Quality-Frozen-Fast-Food-Packaging-Boxes-6-1200x1200.webp 1200w, https:\/\/www.yishengpack.com\/wp-content\/uploads\/2025\/11\/Customized-Printed-Logo-Food-Storage-Boxes-Wholesale-High-Quality-Frozen-Fast-Food-Packaging-Boxes-6-600x600.webp 600w, https:\/\/www.yishengpack.com\/wp-content\/uploads\/2025\/11\/Customized-Printed-Logo-Food-Storage-Boxes-Wholesale-High-Quality-Frozen-Fast-Food-Packaging-Boxes-6-100x100.webp 100w\" sizes=\"(max-width: 2048px) 100vw, 2048px\" \/><\/figure>\n\n\n\n<div class=\"wp-block-buttons has-custom-font-size has-small-font-size is-content-justification-center is-layout-flex wp-container-core-buttons-is-layout-16018d1d wp-block-buttons-is-layout-flex\">\n<div class=\"wp-block-button has-custom-width wp-block-button__width-75\"><a class=\"wp-block-button__link has-background has-small-font-size has-custom-font-size wp-element-button\" href=\"https:\/\/www.yishengpack.com\/es\/custom-product-boxes-types\/\" style=\"background:linear-gradient(135deg,rgb(254,205,165) 0%,rgb(254,45,45) 0%,rgb(94,15,15) 0%,rgb(94,15,15) 100%)\" target=\"_blank\" rel=\"noreferrer noopener\"><strong>Explora los tipos de cajas personalizadas<\/strong><\/a><\/div>\n<\/div>\n<\/div>\n<\/div>","protected":false},"excerpt":{"rendered":"<p>Bienvenido a comprar nuestras cajas para alimentos congelados al por mayor, fabricadas en papel de alta calidad, que combinan higiene, comodidad y protecci\u00f3n para el almacenamiento y la entrega de alimentos congelados. Son perfectas para envasar alimentos congelados como patatas fritas congeladas, burritos congelados y mucho m\u00e1s. Son totalmente personalizables para adaptarse a su marca, adecuadas para la venta al por mayor, con un MOQ flexible.<\/p>\n<h2>Aspectos destacados de las cajas de alimentos congelados al por mayor<\/h2>\n<ul>\n<li>Dise\u00f1o plegable<\/li>\n<li>Personalizaci\u00f3n completa<\/li>\n<li>Materiales de alta calidad<\/li>\n<li>Diversas manipulaciones de impresi\u00f3n<\/li>\n<li>M\u00faltiples tipos de cajas<\/li>\n<li>M\u00faltiples colores<\/li>\n<li>Construcci\u00f3n robusta<\/li>\n<li>C\u00f3modo almacenamiento de alimentos<\/li>\n<\/ul>","protected":false},"featured_media":2782,"comment_status":"closed","ping_status":"closed","template":"","meta":{"_acf_changed":false},"box-type":[55],"product_brand":[],"product_cat":[46,33,44,45,42],"product_tag":[],"class_list":{"0":"post-2781","1":"product","2":"type-product","3":"status-publish","4":"has-post-thumbnail","6":"box-type-custom-foldable-boxes","7":"product_cat-wholesale-paper-boxes","8":"product_cat-food-packaging-boxes-wholesale","9":"product_cat-custom-snack-box","10":"product_cat-bulk-disposable-food-containers","11":"product_cat-custom-frozen-food-boxes","13":"first","14":"instock","15":"shipping-taxable","16":"product-type-simple"},"acf":[],"_links":{"self":[{"href":"https:\/\/www.yishengpack.com\/es\/wp-json\/wp\/v2\/product\/2781","targetHints":{"allow":["GET"]}}],"collection":[{"href":"https:\/\/www.yishengpack.com\/es\/wp-json\/wp\/v2\/product"}],"about":[{"href":"https:\/\/www.yishengpack.com\/es\/wp-json\/wp\/v2\/types\/product"}],"replies":[{"embeddable":true,"href":"https:\/\/www.yishengpack.com\/es\/wp-json\/wp\/v2\/comments?post=2781"}],"wp:featuredmedia":[{"embeddable":true,"href":"https:\/\/www.yishengpack.com\/es\/wp-json\/wp\/v2\/media\/2782"}],"wp:attachment":[{"href":"https:\/\/www.yishengpack.com\/es\/wp-json\/wp\/v2\/media?parent=2781"}],"wp:term":[{"taxonomy":"box-type","embeddable":true,"href":"https:\/\/www.yishengpack.com\/es\/wp-json\/wp\/v2\/box-type?post=2781"},{"taxonomy":"product_brand","embeddable":true,"href":"https:\/\/www.yishengpack.com\/es\/wp-json\/wp\/v2\/product_brand?post=2781"},{"taxonomy":"product_cat","embeddable":true,"href":"https:\/\/www.yishengpack.com\/es\/wp-json\/wp\/v2\/product_cat?post=2781"},{"taxonomy":"product_tag","embeddable":true,"href":"https:\/\/www.yishengpack.com\/es\/wp-json\/wp\/v2\/product_tag?post=2781"}],"curies":[{"name":"wp","href":"https:\/\/api.w.org\/{rel}","templated":true}]}}