{"id":2764,"date":"2025-12-10T08:27:10","date_gmt":"2025-12-10T08:27:10","guid":{"rendered":"https:\/\/www.yishengpack.com\/?post_type=product&#038;p=2764"},"modified":"2025-12-10T08:27:11","modified_gmt":"2025-12-10T08:27:11","slug":"custom-frozen-food-boxes","status":"publish","type":"product","link":"https:\/\/www.yishengpack.com\/es\/producto\/custom-frozen-food-boxes\/","title":{"rendered":"Cajas personalizadas para alimentos congelados, cajas de embalaje de grado alimenticio al por mayor"},"content":{"rendered":"<div class=\"wp-block-columns is-layout-flex wp-container-core-columns-is-layout-9d6595d7 wp-block-columns-is-layout-flex\">\n<div class=\"wp-block-column is-layout-flow wp-block-column-is-layout-flow\">\n<h3 class=\"wp-block-heading\">Caracter\u00edsticas de las cajas personalizadas para alimentos congelados<\/h3>\n\n\n\n<p><strong>Material apto para uso alimentario que garantiza la frescura:<\/strong> Estas cajas personalizadas para alimentos congelados est\u00e1n fabricadas con material apto para uso alimentario; esta caja garantiza la higiene y preserva la calidad de los productos congelados durante su almacenamiento y transporte. Es una opci\u00f3n fiable para alimentos congelados como filetes, pasta y mucho m\u00e1s.<\/p>\n\n\n\n<p><strong>Dise\u00f1o resistente a la humedad y al aceite:<\/strong> La superficie puede recubrirse con un revestimiento impermeable, resistente al aceite e impermeable. Estas cajas personalizadas para alimentos congelados son aptas para alimentos grasos o con agua, como carne, marisco y aperitivos congelados.<\/p>\n\n\n\n<p><strong>Opciones de color personalizables: <\/strong>Estas cajas de embalaje para alimentos al por mayor ofrecen opciones de color personalizables, lo que permite a las marcas seleccionar tonos que se ajusten a su identidad, desde rojos intensos hasta tonos neutros. Mejora la diferenciaci\u00f3n de la marca al tiempo que almacena de forma segura alimentos congelados como filetes, pasta y macarrones.<\/p>\n\n\n\n<p><strong>Plegable para un almacenamiento que ahorra espacio: <\/strong>Estas cajas personalizadas para alimentos congelados tienen un dise\u00f1o plegable, por lo que se pueden plegar cuando no se utilizan, lo que ahorra espacio para el almacenamiento en las empresas y reduce los gastos de env\u00edo, lo que resulta muy pr\u00e1ctico para el negocio de los alimentos congelados.<\/p>\n\n\n\n<p><strong>Impresi\u00f3n ecol\u00f3gica de alta definici\u00f3n:<\/strong> Estas cajas personalizadas para alimentos congelados utilizan tintas aptas para uso alimentario e impresi\u00f3n flexogr\u00e1fica\/offset\/UV, y admiten logotipos de marcas e informaci\u00f3n sobre los productos. Estos elementos visuales mejoran la visibilidad en los estantes y el reconocimiento de los productos, lo que se ajusta a las necesidades de las marcas de alimentos congelados.<\/p>\n\n\n\n<p><strong>Se admite la personalizaci\u00f3n OEM\/ODM:<\/strong> Las cajas de embalaje de calidad alimentaria al por mayor son resistentes y no se rompen f\u00e1cilmente. Se pueden personalizar los tama\u00f1os, materiales, estructuras, dise\u00f1os de impresi\u00f3n, estructuras de ventanas, etc., para satisfacer las necesidades individuales de los propietarios de marcas y las f\u00e1bricas.<\/p>\n<\/div>\n\n\n\n<div class=\"wp-block-column is-layout-flow wp-block-column-is-layout-flow\">\n<figure class=\"wp-block-image size-full\"><img decoding=\"async\" width=\"1790\" height=\"1790\" src=\"https:\/\/www.yishengpack.com\/wp-content\/uploads\/2025\/11\/Bulk-Custom-Food-Grade-Packing-Boxes-Wholesale-Frozen-Food-Package-Boxes-2.webp\" alt=\"cajas-de-alimentos-congelados-personalizados-al por mayor-caja-de-embalaje-de-calidad-alimentaria-2\" class=\"wp-image-2767\" srcset=\"https:\/\/www.yishengpack.com\/wp-content\/uploads\/2025\/11\/Bulk-Custom-Food-Grade-Packing-Boxes-Wholesale-Frozen-Food-Package-Boxes-2.webp 1790w, https:\/\/www.yishengpack.com\/wp-content\/uploads\/2025\/11\/Bulk-Custom-Food-Grade-Packing-Boxes-Wholesale-Frozen-Food-Package-Boxes-2-300x300.webp 300w, https:\/\/www.yishengpack.com\/wp-content\/uploads\/2025\/11\/Bulk-Custom-Food-Grade-Packing-Boxes-Wholesale-Frozen-Food-Package-Boxes-2-150x150.webp 150w, https:\/\/www.yishengpack.com\/wp-content\/uploads\/2025\/11\/Bulk-Custom-Food-Grade-Packing-Boxes-Wholesale-Frozen-Food-Package-Boxes-2-768x768.webp 768w, https:\/\/www.yishengpack.com\/wp-content\/uploads\/2025\/11\/Bulk-Custom-Food-Grade-Packing-Boxes-Wholesale-Frozen-Food-Package-Boxes-2-12x12.webp 12w, https:\/\/www.yishengpack.com\/wp-content\/uploads\/2025\/11\/Bulk-Custom-Food-Grade-Packing-Boxes-Wholesale-Frozen-Food-Package-Boxes-2-1200x1200.webp 1200w, https:\/\/www.yishengpack.com\/wp-content\/uploads\/2025\/11\/Bulk-Custom-Food-Grade-Packing-Boxes-Wholesale-Frozen-Food-Package-Boxes-2-600x600.webp 600w, https:\/\/www.yishengpack.com\/wp-content\/uploads\/2025\/11\/Bulk-Custom-Food-Grade-Packing-Boxes-Wholesale-Frozen-Food-Package-Boxes-2-100x100.webp 100w\" sizes=\"(max-width: 1790px) 100vw, 1790px\" \/><\/figure>\n<\/div>\n<\/div>\n\n\n\n<div class=\"wp-block-columns is-layout-flex wp-container-core-columns-is-layout-9d6595d7 wp-block-columns-is-layout-flex\">\n<div class=\"wp-block-column is-layout-flow wp-block-column-is-layout-flow\">\n<figure class=\"wp-block-image size-full\"><img decoding=\"async\" width=\"2048\" height=\"2048\" src=\"https:\/\/www.yishengpack.com\/wp-content\/uploads\/2025\/11\/Bulk-Custom-Food-Grade-Packing-Boxes-Wholesale-Frozen-Food-Package-Boxes-6.webp\" alt=\"Cajas de alimentos congelados personalizadas, cajas de embalaje de grado alimenticio al por mayor, caja 6.\" class=\"wp-image-2770\" srcset=\"https:\/\/www.yishengpack.com\/wp-content\/uploads\/2025\/11\/Bulk-Custom-Food-Grade-Packing-Boxes-Wholesale-Frozen-Food-Package-Boxes-6.webp 2048w, https:\/\/www.yishengpack.com\/wp-content\/uploads\/2025\/11\/Bulk-Custom-Food-Grade-Packing-Boxes-Wholesale-Frozen-Food-Package-Boxes-6-300x300.webp 300w, https:\/\/www.yishengpack.com\/wp-content\/uploads\/2025\/11\/Bulk-Custom-Food-Grade-Packing-Boxes-Wholesale-Frozen-Food-Package-Boxes-6-150x150.webp 150w, https:\/\/www.yishengpack.com\/wp-content\/uploads\/2025\/11\/Bulk-Custom-Food-Grade-Packing-Boxes-Wholesale-Frozen-Food-Package-Boxes-6-768x768.webp 768w, https:\/\/www.yishengpack.com\/wp-content\/uploads\/2025\/11\/Bulk-Custom-Food-Grade-Packing-Boxes-Wholesale-Frozen-Food-Package-Boxes-6-12x12.webp 12w, https:\/\/www.yishengpack.com\/wp-content\/uploads\/2025\/11\/Bulk-Custom-Food-Grade-Packing-Boxes-Wholesale-Frozen-Food-Package-Boxes-6-1200x1200.webp 1200w, https:\/\/www.yishengpack.com\/wp-content\/uploads\/2025\/11\/Bulk-Custom-Food-Grade-Packing-Boxes-Wholesale-Frozen-Food-Package-Boxes-6-600x600.webp 600w, https:\/\/www.yishengpack.com\/wp-content\/uploads\/2025\/11\/Bulk-Custom-Food-Grade-Packing-Boxes-Wholesale-Frozen-Food-Package-Boxes-6-100x100.webp 100w\" sizes=\"(max-width: 2048px) 100vw, 2048px\" \/><\/figure>\n\n\n\n<div class=\"wp-block-buttons has-custom-font-size has-small-font-size is-content-justification-center is-layout-flex wp-container-core-buttons-is-layout-16018d1d wp-block-buttons-is-layout-flex\">\n<div class=\"wp-block-button has-custom-width wp-block-button__width-75\"><a class=\"wp-block-button__link has-background has-small-font-size has-custom-font-size wp-element-button\" href=\"https:\/\/www.yishengpack.com\/es\/custom-printed-box\/\" style=\"background:linear-gradient(135deg,rgb(254,205,165) 0%,rgb(254,45,45) 0%,rgb(94,15,15) 0%,rgb(94,15,15) 100%)\" target=\"_blank\" rel=\"noreferrer noopener\"><strong>Explorar las cajas impresas personalizadas<\/strong><\/a><\/div>\n<\/div>\n<\/div>\n\n\n\n<div class=\"wp-block-column is-layout-flow wp-block-column-is-layout-flow\">\n<figure class=\"wp-block-image size-full\"><img decoding=\"async\" width=\"2048\" height=\"2048\" src=\"https:\/\/www.yishengpack.com\/wp-content\/uploads\/2025\/11\/Bulk-Custom-Food-Grade-Packing-Boxes-Wholesale-Frozen-Food-Package-Boxes-1.webp\" alt=\"cajas-de-alimentos-congelados-personalizados-al por mayor-caja-de-embalaje-de-calidad-alimentaria-1\" class=\"wp-image-2765\" srcset=\"https:\/\/www.yishengpack.com\/wp-content\/uploads\/2025\/11\/Bulk-Custom-Food-Grade-Packing-Boxes-Wholesale-Frozen-Food-Package-Boxes-1.webp 2048w, https:\/\/www.yishengpack.com\/wp-content\/uploads\/2025\/11\/Bulk-Custom-Food-Grade-Packing-Boxes-Wholesale-Frozen-Food-Package-Boxes-1-300x300.webp 300w, https:\/\/www.yishengpack.com\/wp-content\/uploads\/2025\/11\/Bulk-Custom-Food-Grade-Packing-Boxes-Wholesale-Frozen-Food-Package-Boxes-1-150x150.webp 150w, https:\/\/www.yishengpack.com\/wp-content\/uploads\/2025\/11\/Bulk-Custom-Food-Grade-Packing-Boxes-Wholesale-Frozen-Food-Package-Boxes-1-768x768.webp 768w, https:\/\/www.yishengpack.com\/wp-content\/uploads\/2025\/11\/Bulk-Custom-Food-Grade-Packing-Boxes-Wholesale-Frozen-Food-Package-Boxes-1-12x12.webp 12w, https:\/\/www.yishengpack.com\/wp-content\/uploads\/2025\/11\/Bulk-Custom-Food-Grade-Packing-Boxes-Wholesale-Frozen-Food-Package-Boxes-1-1200x1200.webp 1200w, https:\/\/www.yishengpack.com\/wp-content\/uploads\/2025\/11\/Bulk-Custom-Food-Grade-Packing-Boxes-Wholesale-Frozen-Food-Package-Boxes-1-600x600.webp 600w, https:\/\/www.yishengpack.com\/wp-content\/uploads\/2025\/11\/Bulk-Custom-Food-Grade-Packing-Boxes-Wholesale-Frozen-Food-Package-Boxes-1-100x100.webp 100w\" sizes=\"(max-width: 2048px) 100vw, 2048px\" \/><\/figure>\n\n\n\n<div class=\"wp-block-buttons has-custom-font-size has-small-font-size is-content-justification-center is-layout-flex wp-container-core-buttons-is-layout-16018d1d wp-block-buttons-is-layout-flex\">\n<div class=\"wp-block-button has-custom-width wp-block-button__width-75\"><a class=\"wp-block-button__link has-background has-small-font-size has-custom-font-size wp-element-button\" href=\"https:\/\/www.yishengpack.com\/es\/custom-product-boxes-types\/\" style=\"background:linear-gradient(135deg,rgb(254,205,165) 0%,rgb(254,45,45) 0%,rgb(94,15,15) 0%,rgb(94,15,15) 100%)\" target=\"_blank\" rel=\"noreferrer noopener\"><strong>Explora los tipos de cajas personalizadas<\/strong><\/a><\/div>\n<\/div>\n<\/div>\n<\/div>","protected":false},"excerpt":{"rendered":"<p>Bienvenido a la compra de nuestras cajas personalizadas para alimentos congelados, fabricadas con materiales aptos para uso alimentario, resistentes a la humedad y aptos para el congelador, lo que garantiza una excelente durabilidad durante el almacenamiento en la cadena de fr\u00edo. Son perfectas para envasar alimentos congelados como filetes, chuletas de cerdo, marisco y mucho m\u00e1s. Totalmente personalizables en cuanto a tama\u00f1o, estructura e impresi\u00f3n, ofrecen una protecci\u00f3n fiable y una imagen de marca de primera calidad para todo tipo de alimentos congelados.<\/p>\n<h2>Aspectos destacados de las cajas personalizadas para alimentos congelados<\/h2>\n<ul>\n<li>Personalizaci\u00f3n total<\/li>\n<li>Dise\u00f1o plegable<\/li>\n<li>Dise\u00f1o resistente a la humedad<\/li>\n<li>Materiales aptos para uso alimentario<\/li>\n<li>Impresi\u00f3n sofisticada<\/li>\n<li>Varios tama\u00f1os de caja<\/li>\n<li>Colores vivos<\/li>\n<li>Duradero y protector<\/li>\n<\/ul>","protected":false},"featured_media":2765,"comment_status":"closed","ping_status":"closed","template":"","meta":{"_acf_changed":false},"box-type":[55],"product_brand":[],"product_cat":[46,33,42],"product_tag":[],"class_list":{"0":"post-2764","1":"product","2":"type-product","3":"status-publish","4":"has-post-thumbnail","6":"box-type-custom-foldable-boxes","7":"product_cat-wholesale-paper-boxes","8":"product_cat-food-packaging-boxes-wholesale","9":"product_cat-custom-frozen-food-boxes","11":"first","12":"instock","13":"shipping-taxable","14":"product-type-simple"},"acf":[],"_links":{"self":[{"href":"https:\/\/www.yishengpack.com\/es\/wp-json\/wp\/v2\/product\/2764","targetHints":{"allow":["GET"]}}],"collection":[{"href":"https:\/\/www.yishengpack.com\/es\/wp-json\/wp\/v2\/product"}],"about":[{"href":"https:\/\/www.yishengpack.com\/es\/wp-json\/wp\/v2\/types\/product"}],"replies":[{"embeddable":true,"href":"https:\/\/www.yishengpack.com\/es\/wp-json\/wp\/v2\/comments?post=2764"}],"wp:featuredmedia":[{"embeddable":true,"href":"https:\/\/www.yishengpack.com\/es\/wp-json\/wp\/v2\/media\/2765"}],"wp:attachment":[{"href":"https:\/\/www.yishengpack.com\/es\/wp-json\/wp\/v2\/media?parent=2764"}],"wp:term":[{"taxonomy":"box-type","embeddable":true,"href":"https:\/\/www.yishengpack.com\/es\/wp-json\/wp\/v2\/box-type?post=2764"},{"taxonomy":"product_brand","embeddable":true,"href":"https:\/\/www.yishengpack.com\/es\/wp-json\/wp\/v2\/product_brand?post=2764"},{"taxonomy":"product_cat","embeddable":true,"href":"https:\/\/www.yishengpack.com\/es\/wp-json\/wp\/v2\/product_cat?post=2764"},{"taxonomy":"product_tag","embeddable":true,"href":"https:\/\/www.yishengpack.com\/es\/wp-json\/wp\/v2\/product_tag?post=2764"}],"curies":[{"name":"wp","href":"https:\/\/api.w.org\/{rel}","templated":true}]}}