{"id":2756,"date":"2025-12-10T07:41:56","date_gmt":"2025-12-10T07:41:56","guid":{"rendered":"https:\/\/www.yishengpack.com\/?post_type=product&#038;p=2756"},"modified":"2025-12-10T07:42:35","modified_gmt":"2025-12-10T07:42:35","slug":"wholesale-foldable-boxes","status":"publish","type":"product","link":"https:\/\/www.yishengpack.com\/es\/producto\/wholesale-foldable-boxes\/","title":{"rendered":"Cajas plegables al por mayor, cajas para marisco impresas a medida"},"content":{"rendered":"<div class=\"wp-block-columns is-layout-flex wp-container-core-columns-is-layout-9d6595d7 wp-block-columns-is-layout-flex\">\n<div class=\"wp-block-column is-layout-flow wp-block-column-is-layout-flow\">\n<h3 class=\"wp-block-heading\">Caracter\u00edsticas de las cajas de papel plegables al por mayor<\/h3>\n\n\n\n<p><strong>Material apto para uso alimentario que garantiza la frescura:<\/strong> Estas cajas plegables al por mayor est\u00e1n fabricadas con material apto para uso alimentario, adecuado para gambas frescas, pescado y otros mariscos. Garantizan la frescura y la higiene, lo que las convierte en una opci\u00f3n fiable para el envasado de productos del mar.<\/p>\n\n\n\n<p><strong>Alta resistencia al aceite y la humedad: <\/strong>Estas cajas plegables al por mayor utilizan una capa interior que puede tratarse con una membrana resistente al aceite, al agua e impermeable, adecuada para el envasado de mariscos con alto contenido de agua, como cangrejos, camarones y mariscos.<\/p>\n\n\n\n<p><strong>Atracci\u00f3n visual con tem\u00e1tica marina:<\/strong> Las cajas personalizadas para marisco tienen dise\u00f1os de criaturas marinas como gambas, peces, pulpos y conchas, adem\u00e1s de dise\u00f1os de conchas marinas. Es la mejor manera de vender y exponer productos del mar, al tiempo que se ofrece una rica experiencia de marca a los amantes del marisco.<\/p>\n\n\n\n<p><strong>Plegable para un almacenamiento que ahorra espacio:<\/strong> Las cajas para marisco con impresi\u00f3n personalizada y dise\u00f1o plegable se pueden plegar f\u00e1cilmente cuando no se utilizan, lo que ahorra espacio de almacenamiento y las hace pr\u00e1cticas tanto para las empresas como para los consumidores.<\/p>\n\n\n\n<p><strong>Altamente personalizable: <\/strong>Estas cajas plegables al por mayor para marcas de marisco ofrecen servicios de personalizaci\u00f3n, incluyendo impresi\u00f3n de logotipos, impresi\u00f3n a todo color, dise\u00f1o estructural y dise\u00f1os con ventanas. Admite tanto pedidos de lotes peque\u00f1os como producci\u00f3n en masa, lo que las hace adecuadas para mayoristas, cadenas de restaurantes y propietarios de marcas.<\/p>\n<\/div>\n\n\n\n<div class=\"wp-block-column is-layout-flow wp-block-column-is-layout-flow\">\n<figure class=\"wp-block-image size-full\"><img decoding=\"async\" width=\"2048\" height=\"2048\" src=\"https:\/\/www.yishengpack.com\/wp-content\/uploads\/2025\/11\/Hot-Sale-Foldable-Paper-Boxes-Wholesale-Sea-Food-Package-Boxes-with-Custom-Logo-Pattern-2.webp\" alt=\"Cajas plegables al por mayor, cajas personalizadas para marisco, 2\" class=\"wp-image-2758\" srcset=\"https:\/\/www.yishengpack.com\/wp-content\/uploads\/2025\/11\/Hot-Sale-Foldable-Paper-Boxes-Wholesale-Sea-Food-Package-Boxes-with-Custom-Logo-Pattern-2.webp 2048w, https:\/\/www.yishengpack.com\/wp-content\/uploads\/2025\/11\/Hot-Sale-Foldable-Paper-Boxes-Wholesale-Sea-Food-Package-Boxes-with-Custom-Logo-Pattern-2-300x300.webp 300w, https:\/\/www.yishengpack.com\/wp-content\/uploads\/2025\/11\/Hot-Sale-Foldable-Paper-Boxes-Wholesale-Sea-Food-Package-Boxes-with-Custom-Logo-Pattern-2-150x150.webp 150w, https:\/\/www.yishengpack.com\/wp-content\/uploads\/2025\/11\/Hot-Sale-Foldable-Paper-Boxes-Wholesale-Sea-Food-Package-Boxes-with-Custom-Logo-Pattern-2-768x768.webp 768w, https:\/\/www.yishengpack.com\/wp-content\/uploads\/2025\/11\/Hot-Sale-Foldable-Paper-Boxes-Wholesale-Sea-Food-Package-Boxes-with-Custom-Logo-Pattern-2-12x12.webp 12w, https:\/\/www.yishengpack.com\/wp-content\/uploads\/2025\/11\/Hot-Sale-Foldable-Paper-Boxes-Wholesale-Sea-Food-Package-Boxes-with-Custom-Logo-Pattern-2-1200x1200.webp 1200w, https:\/\/www.yishengpack.com\/wp-content\/uploads\/2025\/11\/Hot-Sale-Foldable-Paper-Boxes-Wholesale-Sea-Food-Package-Boxes-with-Custom-Logo-Pattern-2-600x600.webp 600w, https:\/\/www.yishengpack.com\/wp-content\/uploads\/2025\/11\/Hot-Sale-Foldable-Paper-Boxes-Wholesale-Sea-Food-Package-Boxes-with-Custom-Logo-Pattern-2-100x100.webp 100w\" sizes=\"(max-width: 2048px) 100vw, 2048px\" \/><\/figure>\n<\/div>\n<\/div>\n\n\n\n<div class=\"wp-block-columns is-layout-flex wp-container-core-columns-is-layout-9d6595d7 wp-block-columns-is-layout-flex\">\n<div class=\"wp-block-column is-layout-flow wp-block-column-is-layout-flow\">\n<figure class=\"wp-block-image size-full\"><img decoding=\"async\" width=\"2048\" height=\"2048\" src=\"https:\/\/www.yishengpack.com\/wp-content\/uploads\/2025\/11\/Hot-Sale-Foldable-Paper-Boxes-Wholesale-Sea-Food-Package-Boxes-with-Custom-Logo-Pattern-7.webp\" alt=\"Cajas plegables al por mayor, cajas personalizadas para marisco, 7\" class=\"wp-image-2763\" srcset=\"https:\/\/www.yishengpack.com\/wp-content\/uploads\/2025\/11\/Hot-Sale-Foldable-Paper-Boxes-Wholesale-Sea-Food-Package-Boxes-with-Custom-Logo-Pattern-7.webp 2048w, https:\/\/www.yishengpack.com\/wp-content\/uploads\/2025\/11\/Hot-Sale-Foldable-Paper-Boxes-Wholesale-Sea-Food-Package-Boxes-with-Custom-Logo-Pattern-7-300x300.webp 300w, https:\/\/www.yishengpack.com\/wp-content\/uploads\/2025\/11\/Hot-Sale-Foldable-Paper-Boxes-Wholesale-Sea-Food-Package-Boxes-with-Custom-Logo-Pattern-7-150x150.webp 150w, https:\/\/www.yishengpack.com\/wp-content\/uploads\/2025\/11\/Hot-Sale-Foldable-Paper-Boxes-Wholesale-Sea-Food-Package-Boxes-with-Custom-Logo-Pattern-7-768x768.webp 768w, https:\/\/www.yishengpack.com\/wp-content\/uploads\/2025\/11\/Hot-Sale-Foldable-Paper-Boxes-Wholesale-Sea-Food-Package-Boxes-with-Custom-Logo-Pattern-7-12x12.webp 12w, https:\/\/www.yishengpack.com\/wp-content\/uploads\/2025\/11\/Hot-Sale-Foldable-Paper-Boxes-Wholesale-Sea-Food-Package-Boxes-with-Custom-Logo-Pattern-7-1200x1200.webp 1200w, https:\/\/www.yishengpack.com\/wp-content\/uploads\/2025\/11\/Hot-Sale-Foldable-Paper-Boxes-Wholesale-Sea-Food-Package-Boxes-with-Custom-Logo-Pattern-7-600x600.webp 600w, https:\/\/www.yishengpack.com\/wp-content\/uploads\/2025\/11\/Hot-Sale-Foldable-Paper-Boxes-Wholesale-Sea-Food-Package-Boxes-with-Custom-Logo-Pattern-7-100x100.webp 100w\" sizes=\"(max-width: 2048px) 100vw, 2048px\" \/><\/figure>\n\n\n\n<div class=\"wp-block-buttons has-custom-font-size has-small-font-size is-content-justification-center is-layout-flex wp-container-core-buttons-is-layout-16018d1d wp-block-buttons-is-layout-flex\">\n<div class=\"wp-block-button has-custom-width wp-block-button__width-75\"><a class=\"wp-block-button__link has-background has-small-font-size has-custom-font-size wp-element-button\" href=\"https:\/\/www.yishengpack.com\/es\/custom-printed-box\/\" style=\"background:linear-gradient(135deg,rgb(254,205,165) 0%,rgb(254,45,45) 0%,rgb(94,15,15) 0%,rgb(94,15,15) 100%)\" target=\"_blank\" rel=\"noreferrer noopener\"><strong>Explorar las cajas impresas personalizadas<\/strong><\/a><\/div>\n<\/div>\n<\/div>\n\n\n\n<div class=\"wp-block-column is-layout-flow wp-block-column-is-layout-flow\">\n<figure class=\"wp-block-image size-full\"><img decoding=\"async\" width=\"2048\" height=\"2048\" src=\"https:\/\/www.yishengpack.com\/wp-content\/uploads\/2025\/11\/Hot-Sale-Foldable-Paper-Boxes-Wholesale-Sea-Food-Package-Boxes-with-Custom-Logo-Pattern-4.webp\" alt=\"Cajas plegables al por mayor, cajas personalizadas para marisco, 4\" class=\"wp-image-2760\" srcset=\"https:\/\/www.yishengpack.com\/wp-content\/uploads\/2025\/11\/Hot-Sale-Foldable-Paper-Boxes-Wholesale-Sea-Food-Package-Boxes-with-Custom-Logo-Pattern-4.webp 2048w, https:\/\/www.yishengpack.com\/wp-content\/uploads\/2025\/11\/Hot-Sale-Foldable-Paper-Boxes-Wholesale-Sea-Food-Package-Boxes-with-Custom-Logo-Pattern-4-300x300.webp 300w, https:\/\/www.yishengpack.com\/wp-content\/uploads\/2025\/11\/Hot-Sale-Foldable-Paper-Boxes-Wholesale-Sea-Food-Package-Boxes-with-Custom-Logo-Pattern-4-150x150.webp 150w, https:\/\/www.yishengpack.com\/wp-content\/uploads\/2025\/11\/Hot-Sale-Foldable-Paper-Boxes-Wholesale-Sea-Food-Package-Boxes-with-Custom-Logo-Pattern-4-768x768.webp 768w, https:\/\/www.yishengpack.com\/wp-content\/uploads\/2025\/11\/Hot-Sale-Foldable-Paper-Boxes-Wholesale-Sea-Food-Package-Boxes-with-Custom-Logo-Pattern-4-12x12.webp 12w, https:\/\/www.yishengpack.com\/wp-content\/uploads\/2025\/11\/Hot-Sale-Foldable-Paper-Boxes-Wholesale-Sea-Food-Package-Boxes-with-Custom-Logo-Pattern-4-1200x1200.webp 1200w, https:\/\/www.yishengpack.com\/wp-content\/uploads\/2025\/11\/Hot-Sale-Foldable-Paper-Boxes-Wholesale-Sea-Food-Package-Boxes-with-Custom-Logo-Pattern-4-600x600.webp 600w, https:\/\/www.yishengpack.com\/wp-content\/uploads\/2025\/11\/Hot-Sale-Foldable-Paper-Boxes-Wholesale-Sea-Food-Package-Boxes-with-Custom-Logo-Pattern-4-100x100.webp 100w\" sizes=\"(max-width: 2048px) 100vw, 2048px\" \/><\/figure>\n\n\n\n<div class=\"wp-block-buttons has-custom-font-size has-small-font-size is-content-justification-center is-layout-flex wp-container-core-buttons-is-layout-16018d1d wp-block-buttons-is-layout-flex\">\n<div class=\"wp-block-button has-custom-width wp-block-button__width-75\"><a class=\"wp-block-button__link has-background has-small-font-size has-custom-font-size wp-element-button\" href=\"https:\/\/www.yishengpack.com\/es\/custom-paper-box-plastic-containers\/\" style=\"background:linear-gradient(135deg,rgb(254,205,165) 0%,rgb(254,45,45) 0%,rgb(94,15,15) 0%,rgb(94,15,15) 100%)\" target=\"_blank\" rel=\"noreferrer noopener\"><strong>Explora los materiales personalizados para cajas<\/strong><\/a><\/div>\n<\/div>\n<\/div>\n<\/div>","protected":false},"excerpt":{"rendered":"<p>Bienvenido a comprar nuestras cajas plegables al por mayor, fabricadas con materiales aptos para uso alimentario, resistentes al aceite y a la humedad, que ofrecen una gran durabilidad y un almacenamiento que ahorra espacio, perfectas para envasar mariscos como pescado, gambas, pulpo y mucho m\u00e1s. Totalmente personalizables con impresi\u00f3n de logotipos y marcas, son ideales para tiendas de marisco, restaurantes y envases para comida para llevar.<\/p>\n<h2>Aspectos destacados de las cajas plegables al por mayor<\/h2>\n<ul>\n<li>Dise\u00f1o visual con tem\u00e1tica marina<\/li>\n<li>Personalizaci\u00f3n<\/li>\n<li>Dise\u00f1o de caja con tapa abatible<\/li>\n<li>Materiales superiores<\/li>\n<li>Proceso de impresi\u00f3n exquisito<\/li>\n<li>Varias opciones de color<\/li>\n<li>Varios tama\u00f1os de caja<\/li>\n<li>Estructura estable<\/li>\n<\/ul>","protected":false},"featured_media":2757,"comment_status":"closed","ping_status":"closed","template":"","meta":{"_acf_changed":false},"box-type":[48],"product_brand":[],"product_cat":[46,33,42],"product_tag":[],"class_list":{"0":"post-2756","1":"product","2":"type-product","3":"status-publish","4":"has-post-thumbnail","6":"box-type-custom-tuck-top-boxes","7":"product_cat-wholesale-paper-boxes","8":"product_cat-food-packaging-boxes-wholesale","9":"product_cat-custom-frozen-food-boxes","11":"first","12":"instock","13":"shipping-taxable","14":"product-type-simple"},"acf":[],"_links":{"self":[{"href":"https:\/\/www.yishengpack.com\/es\/wp-json\/wp\/v2\/product\/2756","targetHints":{"allow":["GET"]}}],"collection":[{"href":"https:\/\/www.yishengpack.com\/es\/wp-json\/wp\/v2\/product"}],"about":[{"href":"https:\/\/www.yishengpack.com\/es\/wp-json\/wp\/v2\/types\/product"}],"replies":[{"embeddable":true,"href":"https:\/\/www.yishengpack.com\/es\/wp-json\/wp\/v2\/comments?post=2756"}],"wp:featuredmedia":[{"embeddable":true,"href":"https:\/\/www.yishengpack.com\/es\/wp-json\/wp\/v2\/media\/2757"}],"wp:attachment":[{"href":"https:\/\/www.yishengpack.com\/es\/wp-json\/wp\/v2\/media?parent=2756"}],"wp:term":[{"taxonomy":"box-type","embeddable":true,"href":"https:\/\/www.yishengpack.com\/es\/wp-json\/wp\/v2\/box-type?post=2756"},{"taxonomy":"product_brand","embeddable":true,"href":"https:\/\/www.yishengpack.com\/es\/wp-json\/wp\/v2\/product_brand?post=2756"},{"taxonomy":"product_cat","embeddable":true,"href":"https:\/\/www.yishengpack.com\/es\/wp-json\/wp\/v2\/product_cat?post=2756"},{"taxonomy":"product_tag","embeddable":true,"href":"https:\/\/www.yishengpack.com\/es\/wp-json\/wp\/v2\/product_tag?post=2756"}],"curies":[{"name":"wp","href":"https:\/\/api.w.org\/{rel}","templated":true}]}}