{"id":2700,"date":"2025-12-08T10:35:38","date_gmt":"2025-12-08T10:35:38","guid":{"rendered":"https:\/\/www.yishengpack.com\/?post_type=product&#038;p=2700"},"modified":"2025-12-08T10:36:29","modified_gmt":"2025-12-08T10:36:29","slug":"wholesale-corrugated-mailer-boxes","status":"publish","type":"product","link":"https:\/\/www.yishengpack.com\/es\/producto\/wholesale-corrugated-mailer-boxes\/","title":{"rendered":"Cajas corrugadas al por mayor para el embalaje de accesorios"},"content":{"rendered":"<div class=\"wp-block-columns is-layout-flex wp-container-core-columns-is-layout-9d6595d7 wp-block-columns-is-layout-flex\">\n<div class=\"wp-block-column is-layout-flow wp-block-column-is-layout-flow\">\n<h3 class=\"wp-block-heading\">Caracter\u00edsticas de las cajas corrugadas r\u00edgidas para env\u00edos postales al por mayor<\/h3>\n\n\n\n<p><strong>Construcci\u00f3n resistente de cart\u00f3n corrugado:<\/strong> Las cajas corrugadas para env\u00edos postales al por mayor est\u00e1n dise\u00f1adas con una estructura corrugada resistente, que protege los accesorios para autom\u00f3viles, como modelos de coches en miniatura y piezas de autom\u00f3vil, as\u00ed como los cargos, garantizando que no sufran da\u00f1os durante el transporte.<\/p>\n\n\n\n<p><strong>Estructura de caja de correo con cierre autom\u00e1tico:<\/strong> Las cajas corrugadas para env\u00edos postales al por mayor est\u00e1n fabricadas con cart\u00f3n corrugado resistente; su dise\u00f1o plegable no requiere cinta adhesiva, lo que permite un montaje r\u00e1pido y una mayor eficiencia en el embalaje.<\/p>\n\n\n\n<p><strong>Bandeja interior personalizable: <\/strong>Las cajas corrugadas para env\u00edos postales al por mayor pueden alojar muchos tipos diferentes de bandejas internas, entre las que se incluyen bandejas de EVA, bandejas de papel y bandejas de espuma, lo que permite una presentaci\u00f3n atractiva del art\u00edculo, adem\u00e1s de proporcionar estabilidad durante el transporte.<\/p>\n\n\n\n<p><strong>Personalizable para la marca automotriz:<\/strong> Estas cajas corrugadas para env\u00edos postales al por mayor est\u00e1n equipadas con superficies personalizables; esta caja se puede imprimir con gr\u00e1ficos relacionados con el mundo del motor, logotipos de marcas o informaci\u00f3n sobre los productos. Es perfecta para exhibir productos automovil\u00edsticos y transmitir una imagen de marca coherente para las empresas del sector.<\/p>\n\n\n\n<p><strong>Selecci\u00f3n de colores vibrantes: <\/strong>Estas cajas de embalaje para accesorios al por mayor est\u00e1n disponibles en una amplia gama de colores vivos, como verde, azul y negro, lo que permitir\u00e1 a la empresa automovil\u00edstica establecer su identidad de marca y diferenciar sus productos, al tiempo que proporciona una excelente visibilidad al cliente.<\/p>\n\n\n\n<p><strong>Admite personalizaci\u00f3n de marca:<\/strong> Estas cajas de embalaje para accesorios al por mayor est\u00e1n equipadas con superficies personalizables; esta caja se puede imprimir con gr\u00e1ficos relacionados con el mundo del autom\u00f3vil, logotipos de marcas o informaci\u00f3n sobre los productos. Es perfecta para exhibir productos automovil\u00edsticos y transmitir una imagen de marca coherente para las empresas del sector.<\/p>\n<\/div>\n\n\n\n<div class=\"wp-block-column is-layout-flow wp-block-column-is-layout-flow\">\n<figure class=\"wp-block-image size-full\"><img decoding=\"async\" width=\"2048\" height=\"2048\" src=\"https:\/\/www.yishengpack.com\/wp-content\/uploads\/2025\/11\/Wholesale-Rigid-Corrugated-Mailer-Boxes-Customize-Paper-Boxes-with-Lid-for-Accessories-Packaging-2.webp\" alt=\"Cajas de cart\u00f3n corrugado al por mayor para embalaje de accesorios 2\" class=\"wp-image-2702\" srcset=\"https:\/\/www.yishengpack.com\/wp-content\/uploads\/2025\/11\/Wholesale-Rigid-Corrugated-Mailer-Boxes-Customize-Paper-Boxes-with-Lid-for-Accessories-Packaging-2.webp 2048w, https:\/\/www.yishengpack.com\/wp-content\/uploads\/2025\/11\/Wholesale-Rigid-Corrugated-Mailer-Boxes-Customize-Paper-Boxes-with-Lid-for-Accessories-Packaging-2-300x300.webp 300w, https:\/\/www.yishengpack.com\/wp-content\/uploads\/2025\/11\/Wholesale-Rigid-Corrugated-Mailer-Boxes-Customize-Paper-Boxes-with-Lid-for-Accessories-Packaging-2-150x150.webp 150w, https:\/\/www.yishengpack.com\/wp-content\/uploads\/2025\/11\/Wholesale-Rigid-Corrugated-Mailer-Boxes-Customize-Paper-Boxes-with-Lid-for-Accessories-Packaging-2-768x768.webp 768w, https:\/\/www.yishengpack.com\/wp-content\/uploads\/2025\/11\/Wholesale-Rigid-Corrugated-Mailer-Boxes-Customize-Paper-Boxes-with-Lid-for-Accessories-Packaging-2-12x12.webp 12w, https:\/\/www.yishengpack.com\/wp-content\/uploads\/2025\/11\/Wholesale-Rigid-Corrugated-Mailer-Boxes-Customize-Paper-Boxes-with-Lid-for-Accessories-Packaging-2-1200x1200.webp 1200w, https:\/\/www.yishengpack.com\/wp-content\/uploads\/2025\/11\/Wholesale-Rigid-Corrugated-Mailer-Boxes-Customize-Paper-Boxes-with-Lid-for-Accessories-Packaging-2-600x600.webp 600w, https:\/\/www.yishengpack.com\/wp-content\/uploads\/2025\/11\/Wholesale-Rigid-Corrugated-Mailer-Boxes-Customize-Paper-Boxes-with-Lid-for-Accessories-Packaging-2-100x100.webp 100w\" sizes=\"(max-width: 2048px) 100vw, 2048px\" \/><\/figure>\n<\/div>\n<\/div>\n\n\n\n<div class=\"wp-block-columns is-layout-flex wp-container-core-columns-is-layout-9d6595d7 wp-block-columns-is-layout-flex\">\n<div class=\"wp-block-column is-layout-flow wp-block-column-is-layout-flow\">\n<figure class=\"wp-block-image size-full\"><img decoding=\"async\" width=\"2048\" height=\"2048\" src=\"https:\/\/www.yishengpack.com\/wp-content\/uploads\/2025\/11\/Wholesale-Rigid-Corrugated-Mailer-Boxes-Customize-Paper-Boxes-with-Lid-for-Accessories-Packaging-5.webp\" alt=\"Cajas de cart\u00f3n corrugado al por mayor para embalaje de accesorios 5\" class=\"wp-image-2705\" srcset=\"https:\/\/www.yishengpack.com\/wp-content\/uploads\/2025\/11\/Wholesale-Rigid-Corrugated-Mailer-Boxes-Customize-Paper-Boxes-with-Lid-for-Accessories-Packaging-5.webp 2048w, https:\/\/www.yishengpack.com\/wp-content\/uploads\/2025\/11\/Wholesale-Rigid-Corrugated-Mailer-Boxes-Customize-Paper-Boxes-with-Lid-for-Accessories-Packaging-5-300x300.webp 300w, https:\/\/www.yishengpack.com\/wp-content\/uploads\/2025\/11\/Wholesale-Rigid-Corrugated-Mailer-Boxes-Customize-Paper-Boxes-with-Lid-for-Accessories-Packaging-5-150x150.webp 150w, https:\/\/www.yishengpack.com\/wp-content\/uploads\/2025\/11\/Wholesale-Rigid-Corrugated-Mailer-Boxes-Customize-Paper-Boxes-with-Lid-for-Accessories-Packaging-5-768x768.webp 768w, https:\/\/www.yishengpack.com\/wp-content\/uploads\/2025\/11\/Wholesale-Rigid-Corrugated-Mailer-Boxes-Customize-Paper-Boxes-with-Lid-for-Accessories-Packaging-5-12x12.webp 12w, https:\/\/www.yishengpack.com\/wp-content\/uploads\/2025\/11\/Wholesale-Rigid-Corrugated-Mailer-Boxes-Customize-Paper-Boxes-with-Lid-for-Accessories-Packaging-5-1200x1200.webp 1200w, https:\/\/www.yishengpack.com\/wp-content\/uploads\/2025\/11\/Wholesale-Rigid-Corrugated-Mailer-Boxes-Customize-Paper-Boxes-with-Lid-for-Accessories-Packaging-5-600x600.webp 600w, https:\/\/www.yishengpack.com\/wp-content\/uploads\/2025\/11\/Wholesale-Rigid-Corrugated-Mailer-Boxes-Customize-Paper-Boxes-with-Lid-for-Accessories-Packaging-5-100x100.webp 100w\" sizes=\"(max-width: 2048px) 100vw, 2048px\" \/><\/figure>\n\n\n\n<div class=\"wp-block-buttons has-custom-font-size has-small-font-size is-content-justification-center is-layout-flex wp-container-core-buttons-is-layout-16018d1d wp-block-buttons-is-layout-flex\">\n<div class=\"wp-block-button has-custom-width wp-block-button__width-75\"><a class=\"wp-block-button__link has-background has-small-font-size has-custom-font-size wp-element-button\" href=\"https:\/\/www.yishengpack.com\/es\/custom-printed-box\/\" style=\"background:linear-gradient(135deg,rgb(254,205,165) 0%,rgb(254,45,45) 0%,rgb(94,15,15) 0%,rgb(94,15,15) 100%)\" target=\"_blank\" rel=\"noreferrer noopener\"><strong>Explorar las cajas impresas personalizadas<\/strong><\/a><\/div>\n<\/div>\n<\/div>\n\n\n\n<div class=\"wp-block-column is-layout-flow wp-block-column-is-layout-flow\">\n<figure class=\"wp-block-image size-full\"><img decoding=\"async\" width=\"2048\" height=\"2048\" src=\"https:\/\/www.yishengpack.com\/wp-content\/uploads\/2025\/11\/Wholesale-Rigid-Corrugated-Mailer-Boxes-Customize-Paper-Boxes-with-Lid-for-Accessories-Packaging-4.webp\" alt=\"Cajas corrugadas al por mayor para embalaje de accesorios 4\" class=\"wp-image-2704\" srcset=\"https:\/\/www.yishengpack.com\/wp-content\/uploads\/2025\/11\/Wholesale-Rigid-Corrugated-Mailer-Boxes-Customize-Paper-Boxes-with-Lid-for-Accessories-Packaging-4.webp 2048w, https:\/\/www.yishengpack.com\/wp-content\/uploads\/2025\/11\/Wholesale-Rigid-Corrugated-Mailer-Boxes-Customize-Paper-Boxes-with-Lid-for-Accessories-Packaging-4-300x300.webp 300w, https:\/\/www.yishengpack.com\/wp-content\/uploads\/2025\/11\/Wholesale-Rigid-Corrugated-Mailer-Boxes-Customize-Paper-Boxes-with-Lid-for-Accessories-Packaging-4-150x150.webp 150w, https:\/\/www.yishengpack.com\/wp-content\/uploads\/2025\/11\/Wholesale-Rigid-Corrugated-Mailer-Boxes-Customize-Paper-Boxes-with-Lid-for-Accessories-Packaging-4-768x768.webp 768w, https:\/\/www.yishengpack.com\/wp-content\/uploads\/2025\/11\/Wholesale-Rigid-Corrugated-Mailer-Boxes-Customize-Paper-Boxes-with-Lid-for-Accessories-Packaging-4-12x12.webp 12w, https:\/\/www.yishengpack.com\/wp-content\/uploads\/2025\/11\/Wholesale-Rigid-Corrugated-Mailer-Boxes-Customize-Paper-Boxes-with-Lid-for-Accessories-Packaging-4-1200x1200.webp 1200w, https:\/\/www.yishengpack.com\/wp-content\/uploads\/2025\/11\/Wholesale-Rigid-Corrugated-Mailer-Boxes-Customize-Paper-Boxes-with-Lid-for-Accessories-Packaging-4-600x600.webp 600w, https:\/\/www.yishengpack.com\/wp-content\/uploads\/2025\/11\/Wholesale-Rigid-Corrugated-Mailer-Boxes-Customize-Paper-Boxes-with-Lid-for-Accessories-Packaging-4-100x100.webp 100w\" sizes=\"(max-width: 2048px) 100vw, 2048px\" \/><\/figure>\n\n\n\n<div class=\"wp-block-buttons has-custom-font-size has-small-font-size is-content-justification-center is-layout-flex wp-container-core-buttons-is-layout-16018d1d wp-block-buttons-is-layout-flex\">\n<div class=\"wp-block-button has-custom-width wp-block-button__width-75\"><a class=\"wp-block-button__link has-background has-small-font-size has-custom-font-size wp-element-button\" href=\"https:\/\/www.yishengpack.com\/es\/custom-box-inserts-accessories\/\" style=\"background:linear-gradient(135deg,rgb(254,205,165) 0%,rgb(254,45,45) 0%,rgb(94,15,15) 0%,rgb(94,15,15) 100%)\" target=\"_blank\" rel=\"noreferrer noopener\"><strong>Explorar los insertos personalizados para cajas<\/strong><\/a><\/div>\n<\/div>\n<\/div>\n<\/div>","protected":false},"excerpt":{"rendered":"<p>Bienvenido a comprar nuestras cajas r\u00edgidas corrugadas al por mayor, dise\u00f1adas para el embalaje seguro y profesional de accesorios, con una estructura duradera, un dise\u00f1o ligero y opciones de personalizaci\u00f3n de marca. Con una estructura robusta y un dise\u00f1o protector, combinan resistencia y fiabilidad para el transporte y almacenamiento seguros de accesorios para autom\u00f3viles. Admiten personalizaci\u00f3n completa OEM\/ODM.<\/p>\n<h2>Aspectos destacados de las cajas corrugadas r\u00edgidas para env\u00edos postales al por mayor<\/h2>\n<ul>\n<li>Estructura resistente<\/li>\n<li>Posibilidad de personalizaci\u00f3n completa<\/li>\n<li>Materiales de alta calidad<\/li>\n<li>Impresi\u00f3n exquisita<\/li>\n<li>M\u00faltiples tipos de cajas<\/li>\n<li>Amplia variedad de colores<\/li>\n<li>Mano de obra cuidadosa<\/li>\n<li>Varios tama\u00f1os de caja<\/li>\n<li>Dise\u00f1o de cierre seguro<\/li>\n<li>Opciones de inserci\u00f3n<\/li>\n<\/ul>","protected":false},"featured_media":2701,"comment_status":"closed","ping_status":"closed","template":"","meta":{"_acf_changed":false},"box-type":[59],"product_brand":[],"product_cat":[46,69,73,74],"product_tag":[],"class_list":{"0":"post-2700","1":"product","2":"type-product","3":"status-publish","4":"has-post-thumbnail","6":"box-type-custom-mailer-boxes","7":"product_cat-wholesale-paper-boxes","8":"product_cat-custom-retail-boxes","9":"product_cat-custom-electronic-packaging","10":"product_cat-custom-auto-parts-boxes","12":"first","13":"instock","14":"shipping-taxable","15":"product-type-simple"},"acf":[],"_links":{"self":[{"href":"https:\/\/www.yishengpack.com\/es\/wp-json\/wp\/v2\/product\/2700","targetHints":{"allow":["GET"]}}],"collection":[{"href":"https:\/\/www.yishengpack.com\/es\/wp-json\/wp\/v2\/product"}],"about":[{"href":"https:\/\/www.yishengpack.com\/es\/wp-json\/wp\/v2\/types\/product"}],"replies":[{"embeddable":true,"href":"https:\/\/www.yishengpack.com\/es\/wp-json\/wp\/v2\/comments?post=2700"}],"wp:featuredmedia":[{"embeddable":true,"href":"https:\/\/www.yishengpack.com\/es\/wp-json\/wp\/v2\/media\/2701"}],"wp:attachment":[{"href":"https:\/\/www.yishengpack.com\/es\/wp-json\/wp\/v2\/media?parent=2700"}],"wp:term":[{"taxonomy":"box-type","embeddable":true,"href":"https:\/\/www.yishengpack.com\/es\/wp-json\/wp\/v2\/box-type?post=2700"},{"taxonomy":"product_brand","embeddable":true,"href":"https:\/\/www.yishengpack.com\/es\/wp-json\/wp\/v2\/product_brand?post=2700"},{"taxonomy":"product_cat","embeddable":true,"href":"https:\/\/www.yishengpack.com\/es\/wp-json\/wp\/v2\/product_cat?post=2700"},{"taxonomy":"product_tag","embeddable":true,"href":"https:\/\/www.yishengpack.com\/es\/wp-json\/wp\/v2\/product_tag?post=2700"}],"curies":[{"name":"wp","href":"https:\/\/api.w.org\/{rel}","templated":true}]}}