{"id":2692,"date":"2025-12-08T09:34:18","date_gmt":"2025-12-08T09:34:18","guid":{"rendered":"https:\/\/www.yishengpack.com\/?post_type=product&#038;p=2692"},"modified":"2025-12-08T09:34:19","modified_gmt":"2025-12-08T09:34:19","slug":"custom-printed-folding-cartons","status":"publish","type":"product","link":"https:\/\/www.yishengpack.com\/es\/producto\/custom-printed-folding-cartons\/","title":{"rendered":"Cajas plegables impresas personalizadas al por mayor para caf\u00e9 y t\u00e9"},"content":{"rendered":"<div class=\"wp-block-columns is-layout-flex wp-container-core-columns-is-layout-9d6595d7 wp-block-columns-is-layout-flex\">\n<div class=\"wp-block-column is-layout-flow wp-block-column-is-layout-flow\">\n<h3 class=\"wp-block-heading\">Caracter\u00edsticas de las cajas plegables biodegradables con impresi\u00f3n personalizada<\/h3>\n\n\n\n<p><strong>Narrativa visual tem\u00e1tica:<\/strong> Estas cajas plegables personalizadas de alta calidad presentan dise\u00f1os tem\u00e1ticos como arte latte en caf\u00e9, hojas de t\u00e9 y motivos c\u00edtricos. Son perfectas para transmitir la identidad del producto y ofrecer una narrativa de marca atractiva para art\u00edculos de caf\u00e9, t\u00e9 y bebidas.<\/p>\n\n\n\n<p><strong>Material apto para uso alimentario: <\/strong>Estas cajas plegables personalizadas para caf\u00e9 y t\u00e9, fabricadas con material apto para uso alimentario, son ideales para almacenar caf\u00e9, bolsitas de t\u00e9 y otros productos consumibles. Esto las convierte en una opci\u00f3n fiable para el envasado de productos alimenticios y bebidas.<\/p>\n\n\n\n<p><strong>Dise\u00f1o de la caja con tapa abatible: <\/strong>Estas cajas plegables impresas a medida tienen una estructura cl\u00e1sica con tapa encajada que permite abrirlas y cerrarlas f\u00e1cilmente, y son adecuadas para productos ligeros como caf\u00e9 molido, hojas de t\u00e9, bolsas de caf\u00e9 de goteo y bolsitas de t\u00e9 peque\u00f1as.<\/p>\n\n\n\n<p><strong>Opciones de materiales: <\/strong>Estas cajas plegables de papel al por mayor est\u00e1n disponibles en varios tipos de papel, incluyendo cart\u00f3n blanco, papel kraft, papel blanco con reverso gris, cart\u00f3n dorado\/plateado y papeles especiales para satisfacer diferentes necesidades. Estructura de alta resistencia, estable y resistente a la presi\u00f3n, adecuada para env\u00edos de comercio electr\u00f3nico y exposici\u00f3n en tiendas minoristas.<\/p>\n\n\n\n<p><strong>Impresi\u00f3n personalizada:<\/strong> Estas cajas de papel plegables al por mayor admiten logotipos de marcas, patrones, colores e impresi\u00f3n a todo color, lo que permite conseguir efectos de embalaje de alta gama para marcas de caf\u00e9 y t\u00e9 y mejorar la visibilidad en los estantes.<\/p>\n<\/div>\n\n\n\n<div class=\"wp-block-column is-layout-flow wp-block-column-is-layout-flow\">\n<figure class=\"wp-block-image size-full\"><img decoding=\"async\" width=\"1880\" height=\"1880\" src=\"https:\/\/www.yishengpack.com\/wp-content\/uploads\/2025\/11\/Customization-Premium-Foldable-Boxes-Biodegrade-Coffee-Tea-Package-Boxes-Wholesale-2.webp\" alt=\"Cajas plegables personalizadas impresas al por mayor para caf\u00e9 y t\u00e9 2\" class=\"wp-image-2694\" srcset=\"https:\/\/www.yishengpack.com\/wp-content\/uploads\/2025\/11\/Customization-Premium-Foldable-Boxes-Biodegrade-Coffee-Tea-Package-Boxes-Wholesale-2.webp 1880w, https:\/\/www.yishengpack.com\/wp-content\/uploads\/2025\/11\/Customization-Premium-Foldable-Boxes-Biodegrade-Coffee-Tea-Package-Boxes-Wholesale-2-300x300.webp 300w, https:\/\/www.yishengpack.com\/wp-content\/uploads\/2025\/11\/Customization-Premium-Foldable-Boxes-Biodegrade-Coffee-Tea-Package-Boxes-Wholesale-2-150x150.webp 150w, https:\/\/www.yishengpack.com\/wp-content\/uploads\/2025\/11\/Customization-Premium-Foldable-Boxes-Biodegrade-Coffee-Tea-Package-Boxes-Wholesale-2-768x768.webp 768w, https:\/\/www.yishengpack.com\/wp-content\/uploads\/2025\/11\/Customization-Premium-Foldable-Boxes-Biodegrade-Coffee-Tea-Package-Boxes-Wholesale-2-12x12.webp 12w, https:\/\/www.yishengpack.com\/wp-content\/uploads\/2025\/11\/Customization-Premium-Foldable-Boxes-Biodegrade-Coffee-Tea-Package-Boxes-Wholesale-2-1200x1200.webp 1200w, https:\/\/www.yishengpack.com\/wp-content\/uploads\/2025\/11\/Customization-Premium-Foldable-Boxes-Biodegrade-Coffee-Tea-Package-Boxes-Wholesale-2-600x600.webp 600w, https:\/\/www.yishengpack.com\/wp-content\/uploads\/2025\/11\/Customization-Premium-Foldable-Boxes-Biodegrade-Coffee-Tea-Package-Boxes-Wholesale-2-100x100.webp 100w\" sizes=\"(max-width: 1880px) 100vw, 1880px\" \/><\/figure>\n<\/div>\n<\/div>\n\n\n\n<div class=\"wp-block-columns is-layout-flex wp-container-core-columns-is-layout-9d6595d7 wp-block-columns-is-layout-flex\">\n<div class=\"wp-block-column is-layout-flow wp-block-column-is-layout-flow\">\n<figure class=\"wp-block-image size-full\"><img decoding=\"async\" width=\"2048\" height=\"2048\" src=\"https:\/\/www.yishengpack.com\/wp-content\/uploads\/2025\/11\/Customization-Premium-Foldable-Boxes-Biodegrade-Coffee-Tea-Package-Boxes-Wholesale-6.webp\" alt=\"cajas plegables impresas a medida al por mayor para caf\u00e9 y t\u00e9 6\" class=\"wp-image-2698\" srcset=\"https:\/\/www.yishengpack.com\/wp-content\/uploads\/2025\/11\/Customization-Premium-Foldable-Boxes-Biodegrade-Coffee-Tea-Package-Boxes-Wholesale-6.webp 2048w, https:\/\/www.yishengpack.com\/wp-content\/uploads\/2025\/11\/Customization-Premium-Foldable-Boxes-Biodegrade-Coffee-Tea-Package-Boxes-Wholesale-6-300x300.webp 300w, https:\/\/www.yishengpack.com\/wp-content\/uploads\/2025\/11\/Customization-Premium-Foldable-Boxes-Biodegrade-Coffee-Tea-Package-Boxes-Wholesale-6-150x150.webp 150w, https:\/\/www.yishengpack.com\/wp-content\/uploads\/2025\/11\/Customization-Premium-Foldable-Boxes-Biodegrade-Coffee-Tea-Package-Boxes-Wholesale-6-768x768.webp 768w, https:\/\/www.yishengpack.com\/wp-content\/uploads\/2025\/11\/Customization-Premium-Foldable-Boxes-Biodegrade-Coffee-Tea-Package-Boxes-Wholesale-6-12x12.webp 12w, https:\/\/www.yishengpack.com\/wp-content\/uploads\/2025\/11\/Customization-Premium-Foldable-Boxes-Biodegrade-Coffee-Tea-Package-Boxes-Wholesale-6-1200x1200.webp 1200w, https:\/\/www.yishengpack.com\/wp-content\/uploads\/2025\/11\/Customization-Premium-Foldable-Boxes-Biodegrade-Coffee-Tea-Package-Boxes-Wholesale-6-600x600.webp 600w, https:\/\/www.yishengpack.com\/wp-content\/uploads\/2025\/11\/Customization-Premium-Foldable-Boxes-Biodegrade-Coffee-Tea-Package-Boxes-Wholesale-6-100x100.webp 100w\" sizes=\"(max-width: 2048px) 100vw, 2048px\" \/><\/figure>\n\n\n\n<div class=\"wp-block-buttons has-custom-font-size has-small-font-size is-content-justification-center is-layout-flex wp-container-core-buttons-is-layout-16018d1d wp-block-buttons-is-layout-flex\">\n<div class=\"wp-block-button has-custom-width wp-block-button__width-75\"><a class=\"wp-block-button__link has-background has-small-font-size has-custom-font-size wp-element-button\" href=\"https:\/\/www.yishengpack.com\/es\/custom-printed-box\/\" style=\"background:linear-gradient(135deg,rgb(254,205,165) 0%,rgb(254,45,45) 0%,rgb(94,15,15) 0%,rgb(94,15,15) 100%)\" target=\"_blank\" rel=\"noreferrer noopener\"><strong>Explorar las cajas impresas personalizadas<\/strong><\/a><\/div>\n<\/div>\n<\/div>\n\n\n\n<div class=\"wp-block-column is-layout-flow wp-block-column-is-layout-flow\">\n<figure class=\"wp-block-image size-full\"><img decoding=\"async\" width=\"2048\" height=\"2048\" src=\"https:\/\/www.yishengpack.com\/wp-content\/uploads\/2025\/11\/Customization-Premium-Foldable-Boxes-Biodegrade-Coffee-Tea-Package-Boxes-Wholesale-7.webp\" alt=\"Cajas plegables personalizadas al por mayor para caf\u00e9 y t\u00e9 7\" class=\"wp-image-2699\" srcset=\"https:\/\/www.yishengpack.com\/wp-content\/uploads\/2025\/11\/Customization-Premium-Foldable-Boxes-Biodegrade-Coffee-Tea-Package-Boxes-Wholesale-7.webp 2048w, https:\/\/www.yishengpack.com\/wp-content\/uploads\/2025\/11\/Customization-Premium-Foldable-Boxes-Biodegrade-Coffee-Tea-Package-Boxes-Wholesale-7-300x300.webp 300w, https:\/\/www.yishengpack.com\/wp-content\/uploads\/2025\/11\/Customization-Premium-Foldable-Boxes-Biodegrade-Coffee-Tea-Package-Boxes-Wholesale-7-150x150.webp 150w, https:\/\/www.yishengpack.com\/wp-content\/uploads\/2025\/11\/Customization-Premium-Foldable-Boxes-Biodegrade-Coffee-Tea-Package-Boxes-Wholesale-7-768x768.webp 768w, https:\/\/www.yishengpack.com\/wp-content\/uploads\/2025\/11\/Customization-Premium-Foldable-Boxes-Biodegrade-Coffee-Tea-Package-Boxes-Wholesale-7-12x12.webp 12w, https:\/\/www.yishengpack.com\/wp-content\/uploads\/2025\/11\/Customization-Premium-Foldable-Boxes-Biodegrade-Coffee-Tea-Package-Boxes-Wholesale-7-1200x1200.webp 1200w, https:\/\/www.yishengpack.com\/wp-content\/uploads\/2025\/11\/Customization-Premium-Foldable-Boxes-Biodegrade-Coffee-Tea-Package-Boxes-Wholesale-7-600x600.webp 600w, https:\/\/www.yishengpack.com\/wp-content\/uploads\/2025\/11\/Customization-Premium-Foldable-Boxes-Biodegrade-Coffee-Tea-Package-Boxes-Wholesale-7-100x100.webp 100w\" sizes=\"(max-width: 2048px) 100vw, 2048px\" \/><\/figure>\n\n\n\n<div class=\"wp-block-buttons has-custom-font-size has-small-font-size is-content-justification-center is-layout-flex wp-container-core-buttons-is-layout-16018d1d wp-block-buttons-is-layout-flex\">\n<div class=\"wp-block-button has-custom-width wp-block-button__width-75\"><a class=\"wp-block-button__link has-background has-small-font-size has-custom-font-size wp-element-button\" href=\"https:\/\/www.yishengpack.com\/es\/custom-paper-box-plastic-containers\/\" style=\"background:linear-gradient(135deg,rgb(254,205,165) 0%,rgb(254,45,45) 0%,rgb(94,15,15) 0%,rgb(94,15,15) 100%)\" target=\"_blank\" rel=\"noreferrer noopener\"><strong>Explora los materiales personalizados para cajas<\/strong><\/a><\/div>\n<\/div>\n<\/div>\n<\/div>","protected":false},"excerpt":{"rendered":"<p>Bienvenido a comprar nuestras cajas plegables impresas personalizadas, fabricadas con papel biodegradable y apto para uso alimentario, y dise\u00f1adas con una c\u00f3moda estructura con tapa abatible, perfectas para granos de caf\u00e9, caf\u00e9 molido, bolsitas de t\u00e9 y t\u00e9 a granel. Ligeras pero resistentes, las cajas admiten una personalizaci\u00f3n completa OEM\/ODM en cuanto a tama\u00f1o, impresi\u00f3n y acabados especiales, lo que las convierte en una soluci\u00f3n de embalaje ecol\u00f3gica ideal para las marcas de caf\u00e9 y t\u00e9.<\/p>\n<h2>Aspectos destacados de las cajas plegables impresas personalizadas para caf\u00e9 y t\u00e9<\/h2>\n<ul>\n<li>Personalizaci\u00f3n<\/li>\n<li>Dise\u00f1o de caja con tapa abatible<\/li>\n<li>Materiales superiores<\/li>\n<li>Proceso de impresi\u00f3n exquisito<\/li>\n<li>M\u00faltiples tipos de cajas<\/li>\n<li>Varias opciones de color<\/li>\n<li>Varios tama\u00f1os de caja<\/li>\n<li>Estructura estable<\/li>\n<\/ul>","protected":false},"featured_media":2693,"comment_status":"closed","ping_status":"closed","template":"","meta":{"_acf_changed":false},"box-type":[55,48],"product_brand":[],"product_cat":[46,33,43,44],"product_tag":[],"class_list":{"0":"post-2692","1":"product","2":"type-product","3":"status-publish","4":"has-post-thumbnail","6":"box-type-custom-foldable-boxes","7":"box-type-custom-tuck-top-boxes","8":"product_cat-wholesale-paper-boxes","9":"product_cat-food-packaging-boxes-wholesale","10":"product_cat-coffee-and-tea-packaging-boxes-wholesale","11":"product_cat-custom-snack-box","13":"first","14":"instock","15":"shipping-taxable","16":"product-type-simple"},"acf":[],"_links":{"self":[{"href":"https:\/\/www.yishengpack.com\/es\/wp-json\/wp\/v2\/product\/2692","targetHints":{"allow":["GET"]}}],"collection":[{"href":"https:\/\/www.yishengpack.com\/es\/wp-json\/wp\/v2\/product"}],"about":[{"href":"https:\/\/www.yishengpack.com\/es\/wp-json\/wp\/v2\/types\/product"}],"replies":[{"embeddable":true,"href":"https:\/\/www.yishengpack.com\/es\/wp-json\/wp\/v2\/comments?post=2692"}],"wp:featuredmedia":[{"embeddable":true,"href":"https:\/\/www.yishengpack.com\/es\/wp-json\/wp\/v2\/media\/2693"}],"wp:attachment":[{"href":"https:\/\/www.yishengpack.com\/es\/wp-json\/wp\/v2\/media?parent=2692"}],"wp:term":[{"taxonomy":"box-type","embeddable":true,"href":"https:\/\/www.yishengpack.com\/es\/wp-json\/wp\/v2\/box-type?post=2692"},{"taxonomy":"product_brand","embeddable":true,"href":"https:\/\/www.yishengpack.com\/es\/wp-json\/wp\/v2\/product_brand?post=2692"},{"taxonomy":"product_cat","embeddable":true,"href":"https:\/\/www.yishengpack.com\/es\/wp-json\/wp\/v2\/product_cat?post=2692"},{"taxonomy":"product_tag","embeddable":true,"href":"https:\/\/www.yishengpack.com\/es\/wp-json\/wp\/v2\/product_tag?post=2692"}],"curies":[{"name":"wp","href":"https:\/\/api.w.org\/{rel}","templated":true}]}}