{"id":2684,"date":"2025-12-08T08:48:06","date_gmt":"2025-12-08T08:48:06","guid":{"rendered":"https:\/\/www.yishengpack.com\/?post_type=product&#038;p=2684"},"modified":"2025-12-08T09:40:08","modified_gmt":"2025-12-08T09:40:08","slug":"electronic-boxes-wholesale","status":"publish","type":"product","link":"https:\/\/www.yishengpack.com\/es\/producto\/electronic-boxes-wholesale\/","title":{"rendered":"Cajas electr\u00f3nicas al por mayor, cajas personalizadas para productos minoristas"},"content":{"rendered":"<div class=\"wp-block-columns is-layout-flex wp-container-core-columns-is-layout-9d6595d7 wp-block-columns-is-layout-flex\">\n<div class=\"wp-block-column is-layout-flow wp-block-column-is-layout-flow\">\n<h3 class=\"wp-block-heading\">Caracter\u00edsticas de las cajas electr\u00f3nicas rectangulares al por mayor<\/h3>\n\n\n\n<p><strong>Inserto moldeado a medida: <\/strong>Estas cajas electr\u00f3nicas rectangulares r\u00edgidas al por mayor est\u00e1n equipadas con un inserto moldeado a medida que sujeta de forma segura dispositivos electr\u00f3nicos como tel\u00e9fonos, auriculares y cargadores. Evita desplazamientos y ara\u00f1azos, lo que garantiza que los dispositivos se mantengan en perfectas condiciones, lo que las convierte en una opci\u00f3n fiable para el embalaje de productos tecnol\u00f3gicos.<\/p>\n\n\n\n<p><strong>Opciones de paletas de colores vibrantes:<\/strong> Estas cajas electr\u00f3nicas rectangulares est\u00e1n disponibles al por mayor en una vibrante gama de colores, como verde, rojo, marr\u00f3n claro y azul, y se ofrecen m\u00faltiples opciones de impresi\u00f3n para mejorar el reconocimiento de la marca.<\/p>\n\n\n\n<p><strong>Dise\u00f1o de estructura rectangular:<\/strong> Nuestras cajas personalizadas para productos minoristas utilizan un dise\u00f1o rectangular est\u00e1ndar. Esta estructura es estable y cuenta con una tapa y una base separadas, lo que proporciona una experiencia de apertura elegante y suave. Es adecuada para la mayor\u00eda de los productos electr\u00f3nicos de consumo, como auriculares, cargadores y dispositivos peque\u00f1os.<\/p>\n\n\n\n<p><strong>Apilables para un almacenamiento eficiente: <\/strong>Nuestras cajas personalizadas para productos minoristas con un dise\u00f1o apilable permiten apilarlas de forma ordenada para su almacenamiento y env\u00edo, lo que satisface las necesidades de gesti\u00f3n eficiente del inventario y entrega rentable de las marcas tecnol\u00f3gicas.<\/p>\n\n\n\n<p><strong>Adecuado para embalajes minoristas y de regalo:<\/strong> Estas cajas electr\u00f3nicas rectangulares al por mayor ofrecen un aspecto sofisticado y resistente que cumple con los requisitos de embalaje de alta gama de la industria de la electr\u00f3nica de consumo. Se pueden utilizar directamente para la venta minorista en l\u00ednea, regalos de marca y embalajes promocionales. Admiten la personalizaci\u00f3n en funci\u00f3n de las dimensiones del producto para un ajuste preciso, lo que reduce el movimiento y mejora la experiencia de desembalaje.<\/p>\n<\/div>\n\n\n\n<div class=\"wp-block-column is-layout-flow wp-block-column-is-layout-flow\">\n<figure class=\"wp-block-image size-full\"><img decoding=\"async\" width=\"2048\" height=\"2048\" src=\"https:\/\/www.yishengpack.com\/wp-content\/uploads\/2025\/11\/Wholesale-Rigid-Rectangle-Boxes-Paper-Boxes-for-Consumer-Electronic-with-Custom-Logo-2.webp\" alt=\"cajas-electr\u00f3nicas-rectangulares-al-por-mayor-personalizadas-cajas-para-productos-al-por-menor-2\" class=\"wp-image-2686\" srcset=\"https:\/\/www.yishengpack.com\/wp-content\/uploads\/2025\/11\/Wholesale-Rigid-Rectangle-Boxes-Paper-Boxes-for-Consumer-Electronic-with-Custom-Logo-2.webp 2048w, https:\/\/www.yishengpack.com\/wp-content\/uploads\/2025\/11\/Wholesale-Rigid-Rectangle-Boxes-Paper-Boxes-for-Consumer-Electronic-with-Custom-Logo-2-300x300.webp 300w, https:\/\/www.yishengpack.com\/wp-content\/uploads\/2025\/11\/Wholesale-Rigid-Rectangle-Boxes-Paper-Boxes-for-Consumer-Electronic-with-Custom-Logo-2-150x150.webp 150w, https:\/\/www.yishengpack.com\/wp-content\/uploads\/2025\/11\/Wholesale-Rigid-Rectangle-Boxes-Paper-Boxes-for-Consumer-Electronic-with-Custom-Logo-2-768x768.webp 768w, https:\/\/www.yishengpack.com\/wp-content\/uploads\/2025\/11\/Wholesale-Rigid-Rectangle-Boxes-Paper-Boxes-for-Consumer-Electronic-with-Custom-Logo-2-12x12.webp 12w, https:\/\/www.yishengpack.com\/wp-content\/uploads\/2025\/11\/Wholesale-Rigid-Rectangle-Boxes-Paper-Boxes-for-Consumer-Electronic-with-Custom-Logo-2-1200x1200.webp 1200w, https:\/\/www.yishengpack.com\/wp-content\/uploads\/2025\/11\/Wholesale-Rigid-Rectangle-Boxes-Paper-Boxes-for-Consumer-Electronic-with-Custom-Logo-2-600x600.webp 600w, https:\/\/www.yishengpack.com\/wp-content\/uploads\/2025\/11\/Wholesale-Rigid-Rectangle-Boxes-Paper-Boxes-for-Consumer-Electronic-with-Custom-Logo-2-100x100.webp 100w\" sizes=\"(max-width: 2048px) 100vw, 2048px\" \/><\/figure>\n<\/div>\n<\/div>\n\n\n\n<div class=\"wp-block-columns is-layout-flex wp-container-core-columns-is-layout-9d6595d7 wp-block-columns-is-layout-flex\">\n<div class=\"wp-block-column is-layout-flow wp-block-column-is-layout-flow\">\n<figure class=\"wp-block-image size-full\"><img decoding=\"async\" width=\"2048\" height=\"2048\" src=\"https:\/\/www.yishengpack.com\/wp-content\/uploads\/2025\/11\/Wholesale-Rigid-Rectangle-Boxes-Paper-Boxes-for-Consumer-Electronic-with-Custom-Logo-7.webp\" alt=\"cajas-electr\u00f3nicas-rectangulares-al-por-mayor-personalizadas-cajas-para-productos-al-por-menor-7\" class=\"wp-image-2691\" srcset=\"https:\/\/www.yishengpack.com\/wp-content\/uploads\/2025\/11\/Wholesale-Rigid-Rectangle-Boxes-Paper-Boxes-for-Consumer-Electronic-with-Custom-Logo-7.webp 2048w, https:\/\/www.yishengpack.com\/wp-content\/uploads\/2025\/11\/Wholesale-Rigid-Rectangle-Boxes-Paper-Boxes-for-Consumer-Electronic-with-Custom-Logo-7-300x300.webp 300w, https:\/\/www.yishengpack.com\/wp-content\/uploads\/2025\/11\/Wholesale-Rigid-Rectangle-Boxes-Paper-Boxes-for-Consumer-Electronic-with-Custom-Logo-7-150x150.webp 150w, https:\/\/www.yishengpack.com\/wp-content\/uploads\/2025\/11\/Wholesale-Rigid-Rectangle-Boxes-Paper-Boxes-for-Consumer-Electronic-with-Custom-Logo-7-768x768.webp 768w, https:\/\/www.yishengpack.com\/wp-content\/uploads\/2025\/11\/Wholesale-Rigid-Rectangle-Boxes-Paper-Boxes-for-Consumer-Electronic-with-Custom-Logo-7-12x12.webp 12w, https:\/\/www.yishengpack.com\/wp-content\/uploads\/2025\/11\/Wholesale-Rigid-Rectangle-Boxes-Paper-Boxes-for-Consumer-Electronic-with-Custom-Logo-7-1200x1200.webp 1200w, https:\/\/www.yishengpack.com\/wp-content\/uploads\/2025\/11\/Wholesale-Rigid-Rectangle-Boxes-Paper-Boxes-for-Consumer-Electronic-with-Custom-Logo-7-600x600.webp 600w, https:\/\/www.yishengpack.com\/wp-content\/uploads\/2025\/11\/Wholesale-Rigid-Rectangle-Boxes-Paper-Boxes-for-Consumer-Electronic-with-Custom-Logo-7-100x100.webp 100w\" sizes=\"(max-width: 2048px) 100vw, 2048px\" \/><\/figure>\n\n\n\n<div class=\"wp-block-buttons has-custom-font-size has-small-font-size is-content-justification-center is-layout-flex wp-container-core-buttons-is-layout-16018d1d wp-block-buttons-is-layout-flex\">\n<div class=\"wp-block-button has-custom-width wp-block-button__width-75\"><a class=\"wp-block-button__link has-background has-small-font-size has-custom-font-size wp-element-button\" href=\"https:\/\/www.yishengpack.com\/es\/custom-printed-box\/\" style=\"background:linear-gradient(135deg,rgb(254,205,165) 0%,rgb(254,45,45) 0%,rgb(94,15,15) 0%,rgb(94,15,15) 100%)\" target=\"_blank\" rel=\"noreferrer noopener\"><strong>Explorar las cajas impresas personalizadas<\/strong><\/a><\/div>\n<\/div>\n<\/div>\n\n\n\n<div class=\"wp-block-column is-layout-flow wp-block-column-is-layout-flow\">\n<figure class=\"wp-block-image size-full\"><img decoding=\"async\" width=\"2048\" height=\"2048\" src=\"https:\/\/www.yishengpack.com\/wp-content\/uploads\/2025\/11\/Wholesale-Rigid-Rectangle-Boxes-Paper-Boxes-for-Consumer-Electronic-with-Custom-Logo-5.webp\" alt=\"cajas-electr\u00f3nicas-rectangulares-al-por-mayor-personalizadas-cajas-para-productos-al-por-menor-5\" class=\"wp-image-2689\" srcset=\"https:\/\/www.yishengpack.com\/wp-content\/uploads\/2025\/11\/Wholesale-Rigid-Rectangle-Boxes-Paper-Boxes-for-Consumer-Electronic-with-Custom-Logo-5.webp 2048w, https:\/\/www.yishengpack.com\/wp-content\/uploads\/2025\/11\/Wholesale-Rigid-Rectangle-Boxes-Paper-Boxes-for-Consumer-Electronic-with-Custom-Logo-5-300x300.webp 300w, https:\/\/www.yishengpack.com\/wp-content\/uploads\/2025\/11\/Wholesale-Rigid-Rectangle-Boxes-Paper-Boxes-for-Consumer-Electronic-with-Custom-Logo-5-150x150.webp 150w, https:\/\/www.yishengpack.com\/wp-content\/uploads\/2025\/11\/Wholesale-Rigid-Rectangle-Boxes-Paper-Boxes-for-Consumer-Electronic-with-Custom-Logo-5-768x768.webp 768w, https:\/\/www.yishengpack.com\/wp-content\/uploads\/2025\/11\/Wholesale-Rigid-Rectangle-Boxes-Paper-Boxes-for-Consumer-Electronic-with-Custom-Logo-5-12x12.webp 12w, https:\/\/www.yishengpack.com\/wp-content\/uploads\/2025\/11\/Wholesale-Rigid-Rectangle-Boxes-Paper-Boxes-for-Consumer-Electronic-with-Custom-Logo-5-1200x1200.webp 1200w, https:\/\/www.yishengpack.com\/wp-content\/uploads\/2025\/11\/Wholesale-Rigid-Rectangle-Boxes-Paper-Boxes-for-Consumer-Electronic-with-Custom-Logo-5-600x600.webp 600w, https:\/\/www.yishengpack.com\/wp-content\/uploads\/2025\/11\/Wholesale-Rigid-Rectangle-Boxes-Paper-Boxes-for-Consumer-Electronic-with-Custom-Logo-5-100x100.webp 100w\" sizes=\"(max-width: 2048px) 100vw, 2048px\" \/><\/figure>\n\n\n\n<div class=\"wp-block-buttons has-custom-font-size has-small-font-size is-content-justification-center is-layout-flex wp-container-core-buttons-is-layout-16018d1d wp-block-buttons-is-layout-flex\">\n<div class=\"wp-block-button has-custom-width wp-block-button__width-75\"><a class=\"wp-block-button__link has-background has-small-font-size has-custom-font-size wp-element-button\" href=\"https:\/\/www.yishengpack.com\/es\/custom-box-inserts-accessories\/\" style=\"background:linear-gradient(135deg,rgb(254,205,165) 0%,rgb(254,45,45) 0%,rgb(94,15,15) 0%,rgb(94,15,15) 100%)\" target=\"_blank\" rel=\"noreferrer noopener\"><strong>Explorar los insertos personalizados para cajas<\/strong><\/a><\/div>\n<\/div>\n<\/div>\n<\/div>","protected":false},"excerpt":{"rendered":"<p>Bienvenido a la compra al por mayor de nuestras cajas rectangulares para productos electr\u00f3nicos, perfectas para empaquetar diferentes productos electr\u00f3nicos como cables de carga, auriculares inal\u00e1mbricos, cargadores y mucho m\u00e1s. Fabricadas con materiales duraderos y totalmente personalizables con logotipos, impresiones, bandejas internas y acabados de primera calidad, ofrecen una soluci\u00f3n OEM\/ODM ideal para compradores al por mayor y necesidades de embalaje minorista modernas.<\/p>\n<h2>Aspectos destacados de las cajas electr\u00f3nicas rectangulares al por mayor<\/h2>\n<ul>\n<li>Dise\u00f1o de la tapa y la base<\/li>\n<li>Personalizaci\u00f3n completa<\/li>\n<li>Varios tama\u00f1os de caja<\/li>\n<li>Opciones de colores vibrantes<\/li>\n<li>Construcci\u00f3n robusta<\/li>\n<li>Impresi\u00f3n sofisticada<\/li>\n<li>Artesan\u00eda exquisita<\/li>\n<li>Opciones de inserci\u00f3n<\/li>\n<\/ul>","protected":false},"featured_media":2685,"comment_status":"closed","ping_status":"closed","template":"","meta":{"_acf_changed":false},"box-type":[57],"product_brand":[],"product_cat":[19,69,73],"product_tag":[],"class_list":{"0":"post-2684","1":"product","2":"type-product","3":"status-publish","4":"has-post-thumbnail","6":"box-type-custom-rigid-box-with-lid","7":"product_cat-luxury-gift-boxes-wholesale","8":"product_cat-custom-retail-boxes","9":"product_cat-custom-electronic-packaging","11":"first","12":"instock","13":"shipping-taxable","14":"product-type-simple"},"acf":[],"_links":{"self":[{"href":"https:\/\/www.yishengpack.com\/es\/wp-json\/wp\/v2\/product\/2684","targetHints":{"allow":["GET"]}}],"collection":[{"href":"https:\/\/www.yishengpack.com\/es\/wp-json\/wp\/v2\/product"}],"about":[{"href":"https:\/\/www.yishengpack.com\/es\/wp-json\/wp\/v2\/types\/product"}],"replies":[{"embeddable":true,"href":"https:\/\/www.yishengpack.com\/es\/wp-json\/wp\/v2\/comments?post=2684"}],"wp:featuredmedia":[{"embeddable":true,"href":"https:\/\/www.yishengpack.com\/es\/wp-json\/wp\/v2\/media\/2685"}],"wp:attachment":[{"href":"https:\/\/www.yishengpack.com\/es\/wp-json\/wp\/v2\/media?parent=2684"}],"wp:term":[{"taxonomy":"box-type","embeddable":true,"href":"https:\/\/www.yishengpack.com\/es\/wp-json\/wp\/v2\/box-type?post=2684"},{"taxonomy":"product_brand","embeddable":true,"href":"https:\/\/www.yishengpack.com\/es\/wp-json\/wp\/v2\/product_brand?post=2684"},{"taxonomy":"product_cat","embeddable":true,"href":"https:\/\/www.yishengpack.com\/es\/wp-json\/wp\/v2\/product_cat?post=2684"},{"taxonomy":"product_tag","embeddable":true,"href":"https:\/\/www.yishengpack.com\/es\/wp-json\/wp\/v2\/product_tag?post=2684"}],"curies":[{"name":"wp","href":"https:\/\/api.w.org\/{rel}","templated":true}]}}