{"id":2654,"date":"2025-12-08T03:43:28","date_gmt":"2025-12-08T03:43:28","guid":{"rendered":"https:\/\/www.yishengpack.com\/?post_type=product&#038;p=2654"},"modified":"2025-12-08T03:43:29","modified_gmt":"2025-12-08T03:43:29","slug":"wholesale-rigid-packaging-boxes","status":"publish","type":"product","link":"https:\/\/www.yishengpack.com\/es\/producto\/wholesale-rigid-packaging-boxes\/","title":{"rendered":"Cajas r\u00edgidas para embalaje al por mayor, cajas personalizadas para piezas de autom\u00f3vil"},"content":{"rendered":"<div class=\"wp-block-columns is-layout-flex wp-container-core-columns-is-layout-9d6595d7 wp-block-columns-is-layout-flex\">\n<div class=\"wp-block-column is-layout-flow wp-block-column-is-layout-flow\">\n<h3 class=\"wp-block-heading\">Caracter\u00edsticas de las cajas r\u00edgidas para embalaje al por mayor<\/h3>\n\n\n\n<p><strong>Mecanismo de apertura suave de la tapa:<\/strong> El nuevo dise\u00f1o de apertura suave de la tapa de estas cajas r\u00edgidas al por mayor proporciona una experiencia de desembalaje satisfactoria y sin esfuerzo, lo que permite una sensaci\u00f3n de alta calidad al presentar productos de accesorios para autom\u00f3viles, como ruedas, pulidoras y herramientas de limpieza.<\/p>\n\n\n\n<p><strong>Estructura interna personalizable:<\/strong> Estas cajas r\u00edgidas para embalaje al por mayor pueden equiparse con soportes internos fabricados en EVA, esponja, pulpa moldeada o cart\u00f3n corrugado para mejorar la protecci\u00f3n. Adecuadas para el embalaje de piezas de autom\u00f3vil, productos para el cuidado del autom\u00f3vil, productos electr\u00f3nicos, kits de herramientas, etc.<\/p>\n\n\n\n<p><strong>Selecci\u00f3n de colores vibrantes:<\/strong> Con cajas para piezas de autom\u00f3vil impresas a medida disponibles en azul, morado y negro, la selecci\u00f3n de colores vivos ayuda a mostrar sus productos automovil\u00edsticos al tiempo que refuerza la identidad de su marca.<\/p>\n\n\n\n<p><strong>Efectos de visualizaci\u00f3n de marcas premium: <\/strong>Las cajas personalizadas para piezas de autom\u00f3vil admiten procesos como laminaci\u00f3n, estampado en caliente (oro y plata), recubrimiento UV, relieve y grabado para mejorar el reconocimiento de la marca. Se pueden imprimir patrones de alta resoluci\u00f3n, colores de marcas de autom\u00f3viles o im\u00e1genes electr\u00f3nicas de productos para aumentar el atractivo en los estantes de las tiendas.<\/p>\n\n\n\n<p><strong>Adecuado para m\u00faltiples sectores y altamente escalable: <\/strong>Estas cajas de embalaje r\u00edgidas al por mayor no solo son aplicables a piezas de autom\u00f3viles, sino tambi\u00e9n a productos minoristas como herramientas, productos electr\u00f3nicos, cosm\u00e9ticos, regalos, perfumes y art\u00edculos para el hogar, lo que permite que una \u00fanica cadena de suministro cubra m\u00faltiples industrias.<\/p>\n<\/div>\n\n\n\n<div class=\"wp-block-column is-layout-flow wp-block-column-is-layout-flow\">\n<figure class=\"wp-block-image size-full\"><img decoding=\"async\" width=\"1823\" height=\"1823\" src=\"https:\/\/www.yishengpack.com\/wp-content\/uploads\/2025\/11\/Wholesale-Eco-Friendly-Rigid-Packaging-Boxes-auto-Parts-Storage-Boxes-with-Custom-Logo-2.webp\" alt=\"Cajas r\u00edgidas de embalaje al por mayor, cajas personalizadas para piezas de autom\u00f3vil, 2\" class=\"wp-image-2659\" srcset=\"https:\/\/www.yishengpack.com\/wp-content\/uploads\/2025\/11\/Wholesale-Eco-Friendly-Rigid-Packaging-Boxes-auto-Parts-Storage-Boxes-with-Custom-Logo-2.webp 1823w, https:\/\/www.yishengpack.com\/wp-content\/uploads\/2025\/11\/Wholesale-Eco-Friendly-Rigid-Packaging-Boxes-auto-Parts-Storage-Boxes-with-Custom-Logo-2-300x300.webp 300w, https:\/\/www.yishengpack.com\/wp-content\/uploads\/2025\/11\/Wholesale-Eco-Friendly-Rigid-Packaging-Boxes-auto-Parts-Storage-Boxes-with-Custom-Logo-2-150x150.webp 150w, https:\/\/www.yishengpack.com\/wp-content\/uploads\/2025\/11\/Wholesale-Eco-Friendly-Rigid-Packaging-Boxes-auto-Parts-Storage-Boxes-with-Custom-Logo-2-768x768.webp 768w, https:\/\/www.yishengpack.com\/wp-content\/uploads\/2025\/11\/Wholesale-Eco-Friendly-Rigid-Packaging-Boxes-auto-Parts-Storage-Boxes-with-Custom-Logo-2-12x12.webp 12w, https:\/\/www.yishengpack.com\/wp-content\/uploads\/2025\/11\/Wholesale-Eco-Friendly-Rigid-Packaging-Boxes-auto-Parts-Storage-Boxes-with-Custom-Logo-2-1200x1200.webp 1200w, https:\/\/www.yishengpack.com\/wp-content\/uploads\/2025\/11\/Wholesale-Eco-Friendly-Rigid-Packaging-Boxes-auto-Parts-Storage-Boxes-with-Custom-Logo-2-600x600.webp 600w, https:\/\/www.yishengpack.com\/wp-content\/uploads\/2025\/11\/Wholesale-Eco-Friendly-Rigid-Packaging-Boxes-auto-Parts-Storage-Boxes-with-Custom-Logo-2-100x100.webp 100w\" sizes=\"(max-width: 1823px) 100vw, 1823px\" \/><\/figure>\n<\/div>\n<\/div>\n\n\n\n<div class=\"wp-block-columns is-layout-flex wp-container-core-columns-is-layout-9d6595d7 wp-block-columns-is-layout-flex\">\n<div class=\"wp-block-column is-layout-flow wp-block-column-is-layout-flow\">\n<figure class=\"wp-block-image size-full\"><img decoding=\"async\" width=\"2048\" height=\"2048\" src=\"https:\/\/www.yishengpack.com\/wp-content\/uploads\/2025\/11\/Wholesale-Eco-Friendly-Rigid-Packaging-Boxes-auto-Parts-Storage-Boxes-with-Custom-Logo-6.webp\" alt=\"Cajas r\u00edgidas de embalaje al por mayor, cajas personalizadas para piezas de autom\u00f3vil, 6\" class=\"wp-image-2663\" srcset=\"https:\/\/www.yishengpack.com\/wp-content\/uploads\/2025\/11\/Wholesale-Eco-Friendly-Rigid-Packaging-Boxes-auto-Parts-Storage-Boxes-with-Custom-Logo-6.webp 2048w, https:\/\/www.yishengpack.com\/wp-content\/uploads\/2025\/11\/Wholesale-Eco-Friendly-Rigid-Packaging-Boxes-auto-Parts-Storage-Boxes-with-Custom-Logo-6-300x300.webp 300w, https:\/\/www.yishengpack.com\/wp-content\/uploads\/2025\/11\/Wholesale-Eco-Friendly-Rigid-Packaging-Boxes-auto-Parts-Storage-Boxes-with-Custom-Logo-6-150x150.webp 150w, https:\/\/www.yishengpack.com\/wp-content\/uploads\/2025\/11\/Wholesale-Eco-Friendly-Rigid-Packaging-Boxes-auto-Parts-Storage-Boxes-with-Custom-Logo-6-768x768.webp 768w, https:\/\/www.yishengpack.com\/wp-content\/uploads\/2025\/11\/Wholesale-Eco-Friendly-Rigid-Packaging-Boxes-auto-Parts-Storage-Boxes-with-Custom-Logo-6-12x12.webp 12w, https:\/\/www.yishengpack.com\/wp-content\/uploads\/2025\/11\/Wholesale-Eco-Friendly-Rigid-Packaging-Boxes-auto-Parts-Storage-Boxes-with-Custom-Logo-6-1200x1200.webp 1200w, https:\/\/www.yishengpack.com\/wp-content\/uploads\/2025\/11\/Wholesale-Eco-Friendly-Rigid-Packaging-Boxes-auto-Parts-Storage-Boxes-with-Custom-Logo-6-600x600.webp 600w, https:\/\/www.yishengpack.com\/wp-content\/uploads\/2025\/11\/Wholesale-Eco-Friendly-Rigid-Packaging-Boxes-auto-Parts-Storage-Boxes-with-Custom-Logo-6-100x100.webp 100w\" sizes=\"(max-width: 2048px) 100vw, 2048px\" \/><\/figure>\n\n\n\n<div class=\"wp-block-buttons has-custom-font-size has-small-font-size is-content-justification-center is-layout-flex wp-container-core-buttons-is-layout-16018d1d wp-block-buttons-is-layout-flex\">\n<div class=\"wp-block-button has-custom-width wp-block-button__width-75\"><a class=\"wp-block-button__link has-background has-small-font-size has-custom-font-size wp-element-button\" href=\"https:\/\/www.yishengpack.com\/es\/custom-printed-box\/\" style=\"background:linear-gradient(135deg,rgb(254,205,165) 0%,rgb(254,45,45) 0%,rgb(94,15,15) 0%,rgb(94,15,15) 100%)\" target=\"_blank\" rel=\"noreferrer noopener\"><strong>Explorar las cajas impresas personalizadas<\/strong><\/a><\/div>\n<\/div>\n<\/div>\n\n\n\n<div class=\"wp-block-column is-layout-flow wp-block-column-is-layout-flow\">\n<figure class=\"wp-block-image size-full\"><img decoding=\"async\" width=\"2048\" height=\"2048\" src=\"https:\/\/www.yishengpack.com\/wp-content\/uploads\/2025\/11\/Wholesale-Eco-Friendly-Rigid-Packaging-Boxes-auto-Parts-Storage-Boxes-with-Custom-Logo-5.webp\" alt=\"Cajas r\u00edgidas de embalaje al por mayor, cajas personalizadas para piezas de autom\u00f3vil, 5\" class=\"wp-image-2662\" srcset=\"https:\/\/www.yishengpack.com\/wp-content\/uploads\/2025\/11\/Wholesale-Eco-Friendly-Rigid-Packaging-Boxes-auto-Parts-Storage-Boxes-with-Custom-Logo-5.webp 2048w, https:\/\/www.yishengpack.com\/wp-content\/uploads\/2025\/11\/Wholesale-Eco-Friendly-Rigid-Packaging-Boxes-auto-Parts-Storage-Boxes-with-Custom-Logo-5-300x300.webp 300w, https:\/\/www.yishengpack.com\/wp-content\/uploads\/2025\/11\/Wholesale-Eco-Friendly-Rigid-Packaging-Boxes-auto-Parts-Storage-Boxes-with-Custom-Logo-5-150x150.webp 150w, https:\/\/www.yishengpack.com\/wp-content\/uploads\/2025\/11\/Wholesale-Eco-Friendly-Rigid-Packaging-Boxes-auto-Parts-Storage-Boxes-with-Custom-Logo-5-768x768.webp 768w, https:\/\/www.yishengpack.com\/wp-content\/uploads\/2025\/11\/Wholesale-Eco-Friendly-Rigid-Packaging-Boxes-auto-Parts-Storage-Boxes-with-Custom-Logo-5-12x12.webp 12w, https:\/\/www.yishengpack.com\/wp-content\/uploads\/2025\/11\/Wholesale-Eco-Friendly-Rigid-Packaging-Boxes-auto-Parts-Storage-Boxes-with-Custom-Logo-5-1200x1200.webp 1200w, https:\/\/www.yishengpack.com\/wp-content\/uploads\/2025\/11\/Wholesale-Eco-Friendly-Rigid-Packaging-Boxes-auto-Parts-Storage-Boxes-with-Custom-Logo-5-600x600.webp 600w, https:\/\/www.yishengpack.com\/wp-content\/uploads\/2025\/11\/Wholesale-Eco-Friendly-Rigid-Packaging-Boxes-auto-Parts-Storage-Boxes-with-Custom-Logo-5-100x100.webp 100w\" sizes=\"(max-width: 2048px) 100vw, 2048px\" \/><\/figure>\n\n\n\n<div class=\"wp-block-buttons has-custom-font-size has-small-font-size is-content-justification-center is-layout-flex wp-container-core-buttons-is-layout-16018d1d wp-block-buttons-is-layout-flex\">\n<div class=\"wp-block-button has-custom-width wp-block-button__width-75\"><a class=\"wp-block-button__link has-background has-small-font-size has-custom-font-size wp-element-button\" href=\"https:\/\/www.yishengpack.com\/es\/custom-box-inserts-accessories\/\" style=\"background:linear-gradient(135deg,rgb(254,205,165) 0%,rgb(254,45,45) 0%,rgb(94,15,15) 0%,rgb(94,15,15) 100%)\" target=\"_blank\" rel=\"noreferrer noopener\"><strong>Explorar los insertos personalizados para cajas<\/strong><\/a><\/div>\n<\/div>\n<\/div>\n<\/div>","protected":false},"excerpt":{"rendered":"<p>Le invitamos a adquirir nuestras cajas r\u00edgidas al por mayor para organizar y empaquetar diversos accesorios para autom\u00f3viles, como ruedas, pulidoras, emblemas y herramientas para el cuidado del veh\u00edculo. Con una estructura resistente y compartimentos a medida o rellenos protectores, combinan organizaci\u00f3n y protecci\u00f3n para el almacenamiento y la entrega de piezas de autom\u00f3vil. \u00a1Perm\u00edtanos ayudarle a que sus cajas personalizadas para piezas de autom\u00f3vil destaquen!<\/p>\n<h2>Aspectos destacados de las cajas r\u00edgidas para embalaje al por mayor<\/h2>\n<ul>\n<li>Personalizaci\u00f3n total<\/li>\n<li>Dise\u00f1o de apertura suave de la tapa<\/li>\n<li>Impresi\u00f3n sofisticada<\/li>\n<li>Artesan\u00eda exquisita<\/li>\n<li>M\u00faltiples tipos de cajas<\/li>\n<li>Varias opciones de color<\/li>\n<li>Opciones de inserci\u00f3n<\/li>\n<li>Cantidad m\u00ednima flexible<\/li>\n<\/ul>","protected":false},"featured_media":2658,"comment_status":"closed","ping_status":"closed","template":"","meta":{"_acf_changed":false},"box-type":[59,57],"product_brand":[],"product_cat":[46,69,67,74],"product_tag":[],"class_list":{"0":"post-2654","1":"product","2":"type-product","3":"status-publish","4":"has-post-thumbnail","6":"box-type-custom-mailer-boxes","7":"box-type-custom-rigid-box-with-lid","8":"product_cat-wholesale-paper-boxes","9":"product_cat-custom-retail-boxes","10":"product_cat-custom-shipping-boxes","11":"product_cat-custom-auto-parts-boxes","13":"first","14":"instock","15":"shipping-taxable","16":"product-type-simple"},"acf":[],"_links":{"self":[{"href":"https:\/\/www.yishengpack.com\/es\/wp-json\/wp\/v2\/product\/2654","targetHints":{"allow":["GET"]}}],"collection":[{"href":"https:\/\/www.yishengpack.com\/es\/wp-json\/wp\/v2\/product"}],"about":[{"href":"https:\/\/www.yishengpack.com\/es\/wp-json\/wp\/v2\/types\/product"}],"replies":[{"embeddable":true,"href":"https:\/\/www.yishengpack.com\/es\/wp-json\/wp\/v2\/comments?post=2654"}],"wp:featuredmedia":[{"embeddable":true,"href":"https:\/\/www.yishengpack.com\/es\/wp-json\/wp\/v2\/media\/2658"}],"wp:attachment":[{"href":"https:\/\/www.yishengpack.com\/es\/wp-json\/wp\/v2\/media?parent=2654"}],"wp:term":[{"taxonomy":"box-type","embeddable":true,"href":"https:\/\/www.yishengpack.com\/es\/wp-json\/wp\/v2\/box-type?post=2654"},{"taxonomy":"product_brand","embeddable":true,"href":"https:\/\/www.yishengpack.com\/es\/wp-json\/wp\/v2\/product_brand?post=2654"},{"taxonomy":"product_cat","embeddable":true,"href":"https:\/\/www.yishengpack.com\/es\/wp-json\/wp\/v2\/product_cat?post=2654"},{"taxonomy":"product_tag","embeddable":true,"href":"https:\/\/www.yishengpack.com\/es\/wp-json\/wp\/v2\/product_tag?post=2654"}],"curies":[{"name":"wp","href":"https:\/\/api.w.org\/{rel}","templated":true}]}}