{"id":2643,"date":"2025-12-08T03:16:47","date_gmt":"2025-12-08T03:16:47","guid":{"rendered":"https:\/\/www.yishengpack.com\/?post_type=product&#038;p=2643"},"modified":"2025-12-08T03:44:54","modified_gmt":"2025-12-08T03:44:54","slug":"custom-automotive-boxes","status":"publish","type":"product","link":"https:\/\/www.yishengpack.com\/es\/producto\/custom-automotive-boxes\/","title":{"rendered":"Cajas personalizadas para autom\u00f3viles, suministro de cajas r\u00edgidas para embalaje minorista"},"content":{"rendered":"<div class=\"wp-block-columns is-layout-flex wp-container-core-columns-is-layout-9d6595d7 wp-block-columns-is-layout-flex\">\n<div class=\"wp-block-column is-layout-flow wp-block-column-is-layout-flow\">\n<h3 class=\"wp-block-heading\">Caracter\u00edsticas de las cajas personalizadas para autom\u00f3viles<\/h3>\n\n\n\n<p><strong>Organizaci\u00f3n por compartimentos divididos:<\/strong> Estas cajas personalizadas para autom\u00f3viles utilizan un espacio dividido con el fin de guardar por separado diferentes tipos de art\u00edculos relacionados con la automoci\u00f3n, como embragues, engranajes y cojinetes, para mantenerlos organizados y sin da\u00f1os, al tiempo que proporcionan una soluci\u00f3n para almacenar art\u00edculos relacionados con la automoci\u00f3n.<\/p>\n\n\n\n<p><strong>Acolchado protector para la seguridad de los componentes: <\/strong>El acolchado de las cajas personalizadas para autom\u00f3viles mantiene todos los componentes seguros durante el env\u00edo o el almacenamiento, lo que permite protegerlos de los golpes y ara\u00f1azos que pueden producirse durante el proceso de env\u00edo. Por lo tanto, las cajas personalizadas para autom\u00f3viles son una excelente opci\u00f3n para el embalaje de productos automovil\u00edsticos.<\/p>\n\n\n\n<p><strong>Estructura de cart\u00f3n r\u00edgido de alta resistencia:<\/strong> Estas cajas personalizadas para autom\u00f3viles est\u00e1n fabricadas con cart\u00f3n gris o cart\u00f3n de alta densidad. Esta estructura es resistente a la presi\u00f3n y a la deformaci\u00f3n, lo que la hace adecuada para el embalaje de productos m\u00e1s pesados, como piezas de autom\u00f3viles. Su estructura robusta puede soportar la presi\u00f3n del transporte y el apilamiento.<\/p>\n\n\n\n<p><strong>Codificaci\u00f3n por colores para la categorizaci\u00f3n de piezas:<\/strong> Estas cajas de embalaje minorista al por mayor est\u00e1n disponibles en colores codificados, como gris, azul y rojo. Estos colores ayudan a clasificar los diferentes tipos de piezas de autom\u00f3vil, lo que facilita la gesti\u00f3n del inventario y la identificaci\u00f3n para los talleres y las marcas.<\/p>\n\n\n\n<p><strong>Totalmente personalizable (OEM\/ODM): <\/strong>Estas cajas de embalaje minorista al por mayor admiten dise\u00f1os personalizados en cuanto a tama\u00f1o, forma, estructura, conectores y m\u00e9todos de embalaje. Se pueden personalizar seg\u00fan las especificaciones de las piezas de autom\u00f3vil y ofrecen opciones de impresi\u00f3n de alta calidad.<\/p>\n\n\n\n<p><strong>Ventaja del precio al por mayor:<\/strong> Suministro directo de f\u00e1brica, estas cajas personalizadas para autom\u00f3viles admiten la producci\u00f3n al por mayor de gran volumen y la producci\u00f3n personalizada. Plazos de entrega estables, ideales para clientes OEM\/ODM. M\u00faltiples opciones de costes disponibles para adaptarse a diferentes presupuestos.<\/p>\n<\/div>\n\n\n\n<div class=\"wp-block-column is-layout-flow wp-block-column-is-layout-flow\">\n<figure class=\"wp-block-image size-full\"><img decoding=\"async\" width=\"2048\" height=\"2048\" src=\"https:\/\/www.yishengpack.com\/wp-content\/uploads\/2025\/11\/Customized-High-Quality-Auto-Parts-Boxes-Rigid-Package-Paper-Boxes-with-Lid-Wholesale-5.webp\" alt=\"cajas-personalizadas-para-automoci\u00f3n-cajas-r\u00edgidas-para-venta-al-por-menor-suministro-5\" class=\"wp-image-2650\" srcset=\"https:\/\/www.yishengpack.com\/wp-content\/uploads\/2025\/11\/Customized-High-Quality-Auto-Parts-Boxes-Rigid-Package-Paper-Boxes-with-Lid-Wholesale-5.webp 2048w, https:\/\/www.yishengpack.com\/wp-content\/uploads\/2025\/11\/Customized-High-Quality-Auto-Parts-Boxes-Rigid-Package-Paper-Boxes-with-Lid-Wholesale-5-300x300.webp 300w, https:\/\/www.yishengpack.com\/wp-content\/uploads\/2025\/11\/Customized-High-Quality-Auto-Parts-Boxes-Rigid-Package-Paper-Boxes-with-Lid-Wholesale-5-150x150.webp 150w, https:\/\/www.yishengpack.com\/wp-content\/uploads\/2025\/11\/Customized-High-Quality-Auto-Parts-Boxes-Rigid-Package-Paper-Boxes-with-Lid-Wholesale-5-768x768.webp 768w, https:\/\/www.yishengpack.com\/wp-content\/uploads\/2025\/11\/Customized-High-Quality-Auto-Parts-Boxes-Rigid-Package-Paper-Boxes-with-Lid-Wholesale-5-12x12.webp 12w, https:\/\/www.yishengpack.com\/wp-content\/uploads\/2025\/11\/Customized-High-Quality-Auto-Parts-Boxes-Rigid-Package-Paper-Boxes-with-Lid-Wholesale-5-1200x1200.webp 1200w, https:\/\/www.yishengpack.com\/wp-content\/uploads\/2025\/11\/Customized-High-Quality-Auto-Parts-Boxes-Rigid-Package-Paper-Boxes-with-Lid-Wholesale-5-600x600.webp 600w, https:\/\/www.yishengpack.com\/wp-content\/uploads\/2025\/11\/Customized-High-Quality-Auto-Parts-Boxes-Rigid-Package-Paper-Boxes-with-Lid-Wholesale-5-100x100.webp 100w\" sizes=\"(max-width: 2048px) 100vw, 2048px\" \/><\/figure>\n<\/div>\n<\/div>\n\n\n\n<div class=\"wp-block-columns is-layout-flex wp-container-core-columns-is-layout-9d6595d7 wp-block-columns-is-layout-flex\">\n<div class=\"wp-block-column is-layout-flow wp-block-column-is-layout-flow\">\n<figure class=\"wp-block-image size-full\"><img decoding=\"async\" width=\"2048\" height=\"2048\" src=\"https:\/\/www.yishengpack.com\/wp-content\/uploads\/2025\/11\/Customized-High-Quality-Auto-Parts-Boxes-Rigid-Package-Paper-Boxes-with-Lid-Wholesale-7.webp\" alt=\"cajas-personalizadas-para-automoci\u00f3n-cajas-r\u00edgidas-para-venta-al-por-menor-suministro-7\" class=\"wp-image-2652\" srcset=\"https:\/\/www.yishengpack.com\/wp-content\/uploads\/2025\/11\/Customized-High-Quality-Auto-Parts-Boxes-Rigid-Package-Paper-Boxes-with-Lid-Wholesale-7.webp 2048w, https:\/\/www.yishengpack.com\/wp-content\/uploads\/2025\/11\/Customized-High-Quality-Auto-Parts-Boxes-Rigid-Package-Paper-Boxes-with-Lid-Wholesale-7-300x300.webp 300w, https:\/\/www.yishengpack.com\/wp-content\/uploads\/2025\/11\/Customized-High-Quality-Auto-Parts-Boxes-Rigid-Package-Paper-Boxes-with-Lid-Wholesale-7-150x150.webp 150w, https:\/\/www.yishengpack.com\/wp-content\/uploads\/2025\/11\/Customized-High-Quality-Auto-Parts-Boxes-Rigid-Package-Paper-Boxes-with-Lid-Wholesale-7-768x768.webp 768w, https:\/\/www.yishengpack.com\/wp-content\/uploads\/2025\/11\/Customized-High-Quality-Auto-Parts-Boxes-Rigid-Package-Paper-Boxes-with-Lid-Wholesale-7-12x12.webp 12w, https:\/\/www.yishengpack.com\/wp-content\/uploads\/2025\/11\/Customized-High-Quality-Auto-Parts-Boxes-Rigid-Package-Paper-Boxes-with-Lid-Wholesale-7-1200x1200.webp 1200w, https:\/\/www.yishengpack.com\/wp-content\/uploads\/2025\/11\/Customized-High-Quality-Auto-Parts-Boxes-Rigid-Package-Paper-Boxes-with-Lid-Wholesale-7-600x600.webp 600w, https:\/\/www.yishengpack.com\/wp-content\/uploads\/2025\/11\/Customized-High-Quality-Auto-Parts-Boxes-Rigid-Package-Paper-Boxes-with-Lid-Wholesale-7-100x100.webp 100w\" sizes=\"(max-width: 2048px) 100vw, 2048px\" \/><\/figure>\n\n\n\n<div class=\"wp-block-buttons has-custom-font-size has-small-font-size is-content-justification-center is-layout-flex wp-container-core-buttons-is-layout-16018d1d wp-block-buttons-is-layout-flex\">\n<div class=\"wp-block-button has-custom-width wp-block-button__width-75\"><a class=\"wp-block-button__link has-background has-small-font-size has-custom-font-size wp-element-button\" href=\"https:\/\/www.yishengpack.com\/es\/custom-printed-box\/\" style=\"background:linear-gradient(135deg,rgb(254,205,165) 0%,rgb(254,45,45) 0%,rgb(94,15,15) 0%,rgb(94,15,15) 100%)\" target=\"_blank\" rel=\"noreferrer noopener\"><strong>Explorar las cajas impresas personalizadas<\/strong><\/a><\/div>\n<\/div>\n<\/div>\n\n\n\n<div class=\"wp-block-column is-layout-flow wp-block-column-is-layout-flow\">\n<figure class=\"wp-block-image size-full\"><img decoding=\"async\" width=\"2048\" height=\"2048\" src=\"https:\/\/www.yishengpack.com\/wp-content\/uploads\/2025\/11\/Customized-High-Quality-Auto-Parts-Boxes-Rigid-Package-Paper-Boxes-with-Lid-Wholesale-4.webp\" alt=\"cajas-personalizadas-para-automoci\u00f3n-cajas-r\u00edgidas-para-venta-al-por-menor-suministro-4\" class=\"wp-image-2648\" srcset=\"https:\/\/www.yishengpack.com\/wp-content\/uploads\/2025\/11\/Customized-High-Quality-Auto-Parts-Boxes-Rigid-Package-Paper-Boxes-with-Lid-Wholesale-4.webp 2048w, https:\/\/www.yishengpack.com\/wp-content\/uploads\/2025\/11\/Customized-High-Quality-Auto-Parts-Boxes-Rigid-Package-Paper-Boxes-with-Lid-Wholesale-4-300x300.webp 300w, https:\/\/www.yishengpack.com\/wp-content\/uploads\/2025\/11\/Customized-High-Quality-Auto-Parts-Boxes-Rigid-Package-Paper-Boxes-with-Lid-Wholesale-4-150x150.webp 150w, https:\/\/www.yishengpack.com\/wp-content\/uploads\/2025\/11\/Customized-High-Quality-Auto-Parts-Boxes-Rigid-Package-Paper-Boxes-with-Lid-Wholesale-4-768x768.webp 768w, https:\/\/www.yishengpack.com\/wp-content\/uploads\/2025\/11\/Customized-High-Quality-Auto-Parts-Boxes-Rigid-Package-Paper-Boxes-with-Lid-Wholesale-4-12x12.webp 12w, https:\/\/www.yishengpack.com\/wp-content\/uploads\/2025\/11\/Customized-High-Quality-Auto-Parts-Boxes-Rigid-Package-Paper-Boxes-with-Lid-Wholesale-4-1200x1200.webp 1200w, https:\/\/www.yishengpack.com\/wp-content\/uploads\/2025\/11\/Customized-High-Quality-Auto-Parts-Boxes-Rigid-Package-Paper-Boxes-with-Lid-Wholesale-4-600x600.webp 600w, https:\/\/www.yishengpack.com\/wp-content\/uploads\/2025\/11\/Customized-High-Quality-Auto-Parts-Boxes-Rigid-Package-Paper-Boxes-with-Lid-Wholesale-4-100x100.webp 100w\" sizes=\"(max-width: 2048px) 100vw, 2048px\" \/><\/figure>\n\n\n\n<div class=\"wp-block-buttons has-custom-font-size has-small-font-size is-content-justification-center is-layout-flex wp-container-core-buttons-is-layout-16018d1d wp-block-buttons-is-layout-flex\">\n<div class=\"wp-block-button has-custom-width wp-block-button__width-75\"><a class=\"wp-block-button__link has-background has-small-font-size has-custom-font-size wp-element-button\" href=\"https:\/\/www.yishengpack.com\/es\/custom-box-inserts-accessories\/\" style=\"background:linear-gradient(135deg,rgb(254,205,165) 0%,rgb(254,45,45) 0%,rgb(94,15,15) 0%,rgb(94,15,15) 100%)\" target=\"_blank\" rel=\"noreferrer noopener\"><strong>Explorar los insertos personalizados para cajas<\/strong><\/a><\/div>\n<\/div>\n<\/div>\n<\/div>","protected":false},"excerpt":{"rendered":"<p>Bienvenido a la compra de nuestras cajas personalizadas para autom\u00f3viles, perfectas para empaquetar diversos accesorios de autom\u00f3vil, como cojinetes, discos de embrague, engranajes, tornillos y buj\u00edas. Con una estructura robusta y un relleno protector, combinan durabilidad y practicidad para el almacenamiento y la entrega de piezas de autom\u00f3vil. Desde el tama\u00f1o y los colores hasta el logotipo y la impresi\u00f3n, son totalmente personalizables para adaptarse a su marca.<\/p>\n<h2>Aspectos destacados de las cajas personalizadas para autom\u00f3viles<\/h2>\n<ul>\n<li>Estructura estable<\/li>\n<li>Posibilidad de personalizaci\u00f3n completa<\/li>\n<li>Materiales de alta calidad<\/li>\n<li>Impresi\u00f3n sofisticada<\/li>\n<li>Artesan\u00eda exquisita<\/li>\n<li>Varios tama\u00f1os<\/li>\n<li>Opciones de color<\/li>\n<li>M\u00faltiples tipos de cajas<\/li>\n<li>Opciones de inserci\u00f3n<\/li>\n<li>Cantidad m\u00ednima flexible<\/li>\n<\/ul>","protected":false},"featured_media":2645,"comment_status":"closed","ping_status":"closed","template":"","meta":{"_acf_changed":false},"box-type":[59,57],"product_brand":[],"product_cat":[46,69,67,74],"product_tag":[],"class_list":{"0":"post-2643","1":"product","2":"type-product","3":"status-publish","4":"has-post-thumbnail","6":"box-type-custom-mailer-boxes","7":"box-type-custom-rigid-box-with-lid","8":"product_cat-wholesale-paper-boxes","9":"product_cat-custom-retail-boxes","10":"product_cat-custom-shipping-boxes","11":"product_cat-custom-auto-parts-boxes","13":"first","14":"instock","15":"shipping-taxable","16":"product-type-simple"},"acf":[],"_links":{"self":[{"href":"https:\/\/www.yishengpack.com\/es\/wp-json\/wp\/v2\/product\/2643","targetHints":{"allow":["GET"]}}],"collection":[{"href":"https:\/\/www.yishengpack.com\/es\/wp-json\/wp\/v2\/product"}],"about":[{"href":"https:\/\/www.yishengpack.com\/es\/wp-json\/wp\/v2\/types\/product"}],"replies":[{"embeddable":true,"href":"https:\/\/www.yishengpack.com\/es\/wp-json\/wp\/v2\/comments?post=2643"}],"wp:featuredmedia":[{"embeddable":true,"href":"https:\/\/www.yishengpack.com\/es\/wp-json\/wp\/v2\/media\/2645"}],"wp:attachment":[{"href":"https:\/\/www.yishengpack.com\/es\/wp-json\/wp\/v2\/media?parent=2643"}],"wp:term":[{"taxonomy":"box-type","embeddable":true,"href":"https:\/\/www.yishengpack.com\/es\/wp-json\/wp\/v2\/box-type?post=2643"},{"taxonomy":"product_brand","embeddable":true,"href":"https:\/\/www.yishengpack.com\/es\/wp-json\/wp\/v2\/product_brand?post=2643"},{"taxonomy":"product_cat","embeddable":true,"href":"https:\/\/www.yishengpack.com\/es\/wp-json\/wp\/v2\/product_cat?post=2643"},{"taxonomy":"product_tag","embeddable":true,"href":"https:\/\/www.yishengpack.com\/es\/wp-json\/wp\/v2\/product_tag?post=2643"}],"curies":[{"name":"wp","href":"https:\/\/api.w.org\/{rel}","templated":true}]}}