{"id":2627,"date":"2025-11-25T08:43:26","date_gmt":"2025-11-25T08:43:26","guid":{"rendered":"https:\/\/www.yishengpack.com\/?post_type=product&#038;p=2627"},"modified":"2025-11-25T08:43:27","modified_gmt":"2025-11-25T08:43:27","slug":"custom-electronic-boxes","status":"publish","type":"product","link":"https:\/\/www.yishengpack.com\/es\/producto\/custom-electronic-boxes\/","title":{"rendered":"Cajas electr\u00f3nicas personalizadas de alta calidad, cajas magn\u00e9ticas a granel con inserto"},"content":{"rendered":"<div class=\"wp-block-columns is-layout-flex wp-container-core-columns-is-layout-9d6595d7 wp-block-columns-is-layout-flex\">\n<div class=\"wp-block-column is-layout-flow wp-block-column-is-layout-flow\">\n<h3 class=\"wp-block-heading\">Caracter\u00edsticas de las cajas electr\u00f3nicas personalizadas<\/h3>\n\n\n\n<p><strong>Dise\u00f1o de cierre magn\u00e9tico: <\/strong>Estas cajas electr\u00f3nicas personalizadas de alta calidad cuentan con un cierre magn\u00e9tico, lo que permite un mecanismo de apertura suave y satisfactorio. Son perfectas para ofrecer una experiencia de desembalaje refinada para dispositivos electr\u00f3nicos como bater\u00edas externas, term\u00f3metros y proyectores.<\/p>\n\n\n\n<p><strong>Inserto de espuma personalizado:<\/strong> Nuestras cajas electr\u00f3nicas personalizadas est\u00e1n equipadas con un inserto de espuma personalizado. Esta caja sostiene de forma segura diversos dispositivos electr\u00f3nicos, desde peque\u00f1os aparatos hasta dispositivos m\u00e1s grandes. Evita el movimiento y los da\u00f1os, garantizando que los art\u00edculos permanezcan intactos, lo que la convierte en una opci\u00f3n fiable para el embalaje de productos electr\u00f3nicos.<\/p>\n\n\n\n<p><strong>Selecciones premium: <\/strong>Nuestras cajas electr\u00f3nicas personalizadas est\u00e1n fabricadas con productos de papel de primera calidad y est\u00e1n disponibles en colores y texturas como azul intenso, negro mate y oro rosa. Tienen un atractivo visual y ayudan a crear marcas de lujo que muestran la calidad de sus productos.<\/p>\n\n\n\n<p><strong>Almacenamiento de la colecci\u00f3n:<\/strong> Las cajas magn\u00e9ticas con m\u00faltiples ranuras permiten a los clientes organizar su colecci\u00f3n de productos, como varias unidades USB y\/o kits de accesorios. Las cajas sirven como soluci\u00f3n de embalaje para productos agrupados y permiten a los clientes almacenar varios productos juntos manteniendo el orden.<\/p>\n\n\n\n<p><strong>Totalmente personalizable para marcas tecnol\u00f3gicas:<\/strong> La caja para productos electr\u00f3nicos al por mayor ofrece una personalizaci\u00f3n total. Puede ajustar el tama\u00f1o, imprimir logotipos de marcas o gr\u00e1ficos con tem\u00e1tica tecnol\u00f3gica y elegir acabados superficiales que se adapten a las necesidades espec\u00edficas de las empresas tecnol\u00f3gicas en materia de imagen de marca.<\/p>\n<\/div>\n\n\n\n<div class=\"wp-block-column is-layout-flow wp-block-column-is-layout-flow\">\n<figure class=\"wp-block-image size-full\"><img decoding=\"async\" width=\"2048\" height=\"2048\" src=\"https:\/\/www.yishengpack.com\/wp-content\/uploads\/2025\/11\/Wholesale-Premium-Electronic-Product-Boxes-Bulk-Magnetic-Boxes-with-Custom-Insert-2.webp\" alt=\"cajas-electr\u00f3nicas-personalizadas-cajas-magn\u00e9ticas-a-granel-con-inserto-2\" class=\"wp-image-2629\" srcset=\"https:\/\/www.yishengpack.com\/wp-content\/uploads\/2025\/11\/Wholesale-Premium-Electronic-Product-Boxes-Bulk-Magnetic-Boxes-with-Custom-Insert-2.webp 2048w, https:\/\/www.yishengpack.com\/wp-content\/uploads\/2025\/11\/Wholesale-Premium-Electronic-Product-Boxes-Bulk-Magnetic-Boxes-with-Custom-Insert-2-300x300.webp 300w, https:\/\/www.yishengpack.com\/wp-content\/uploads\/2025\/11\/Wholesale-Premium-Electronic-Product-Boxes-Bulk-Magnetic-Boxes-with-Custom-Insert-2-150x150.webp 150w, https:\/\/www.yishengpack.com\/wp-content\/uploads\/2025\/11\/Wholesale-Premium-Electronic-Product-Boxes-Bulk-Magnetic-Boxes-with-Custom-Insert-2-768x768.webp 768w, https:\/\/www.yishengpack.com\/wp-content\/uploads\/2025\/11\/Wholesale-Premium-Electronic-Product-Boxes-Bulk-Magnetic-Boxes-with-Custom-Insert-2-12x12.webp 12w, https:\/\/www.yishengpack.com\/wp-content\/uploads\/2025\/11\/Wholesale-Premium-Electronic-Product-Boxes-Bulk-Magnetic-Boxes-with-Custom-Insert-2-1200x1200.webp 1200w, https:\/\/www.yishengpack.com\/wp-content\/uploads\/2025\/11\/Wholesale-Premium-Electronic-Product-Boxes-Bulk-Magnetic-Boxes-with-Custom-Insert-2-600x600.webp 600w, https:\/\/www.yishengpack.com\/wp-content\/uploads\/2025\/11\/Wholesale-Premium-Electronic-Product-Boxes-Bulk-Magnetic-Boxes-with-Custom-Insert-2-100x100.webp 100w\" sizes=\"(max-width: 2048px) 100vw, 2048px\" \/><\/figure>\n<\/div>\n<\/div>\n\n\n\n<div class=\"wp-block-columns is-layout-flex wp-container-core-columns-is-layout-9d6595d7 wp-block-columns-is-layout-flex\">\n<div class=\"wp-block-column is-layout-flow wp-block-column-is-layout-flow\">\n<figure class=\"wp-block-image size-full\"><img decoding=\"async\" width=\"2048\" height=\"2048\" src=\"https:\/\/www.yishengpack.com\/wp-content\/uploads\/2025\/11\/Wholesale-Premium-Electronic-Product-Boxes-Bulk-Magnetic-Boxes-with-Custom-Insert-3.webp\" alt=\"cajas-electr\u00f3nicas-personalizadas-cajas-magn\u00e9ticas-a-granel-con-inserto-3\" class=\"wp-image-2630\" srcset=\"https:\/\/www.yishengpack.com\/wp-content\/uploads\/2025\/11\/Wholesale-Premium-Electronic-Product-Boxes-Bulk-Magnetic-Boxes-with-Custom-Insert-3.webp 2048w, https:\/\/www.yishengpack.com\/wp-content\/uploads\/2025\/11\/Wholesale-Premium-Electronic-Product-Boxes-Bulk-Magnetic-Boxes-with-Custom-Insert-3-300x300.webp 300w, https:\/\/www.yishengpack.com\/wp-content\/uploads\/2025\/11\/Wholesale-Premium-Electronic-Product-Boxes-Bulk-Magnetic-Boxes-with-Custom-Insert-3-150x150.webp 150w, https:\/\/www.yishengpack.com\/wp-content\/uploads\/2025\/11\/Wholesale-Premium-Electronic-Product-Boxes-Bulk-Magnetic-Boxes-with-Custom-Insert-3-768x768.webp 768w, https:\/\/www.yishengpack.com\/wp-content\/uploads\/2025\/11\/Wholesale-Premium-Electronic-Product-Boxes-Bulk-Magnetic-Boxes-with-Custom-Insert-3-12x12.webp 12w, https:\/\/www.yishengpack.com\/wp-content\/uploads\/2025\/11\/Wholesale-Premium-Electronic-Product-Boxes-Bulk-Magnetic-Boxes-with-Custom-Insert-3-1200x1200.webp 1200w, https:\/\/www.yishengpack.com\/wp-content\/uploads\/2025\/11\/Wholesale-Premium-Electronic-Product-Boxes-Bulk-Magnetic-Boxes-with-Custom-Insert-3-600x600.webp 600w, https:\/\/www.yishengpack.com\/wp-content\/uploads\/2025\/11\/Wholesale-Premium-Electronic-Product-Boxes-Bulk-Magnetic-Boxes-with-Custom-Insert-3-100x100.webp 100w\" sizes=\"(max-width: 2048px) 100vw, 2048px\" \/><\/figure>\n\n\n\n<div class=\"wp-block-buttons has-custom-font-size has-small-font-size is-content-justification-center is-layout-flex wp-container-core-buttons-is-layout-16018d1d wp-block-buttons-is-layout-flex\">\n<div class=\"wp-block-button has-custom-width wp-block-button__width-75\"><a class=\"wp-block-button__link has-background has-small-font-size has-custom-font-size wp-element-button\" href=\"https:\/\/www.yishengpack.com\/es\/custom-printed-box\/\" style=\"background:linear-gradient(135deg,rgb(254,205,165) 0%,rgb(254,45,45) 0%,rgb(94,15,15) 0%,rgb(94,15,15) 100%)\" target=\"_blank\" rel=\"noreferrer noopener\"><strong>Explorar las cajas impresas personalizadas<\/strong><\/a><\/div>\n<\/div>\n<\/div>\n\n\n\n<div class=\"wp-block-column is-layout-flow wp-block-column-is-layout-flow\">\n<figure class=\"wp-block-image size-full\"><img decoding=\"async\" width=\"2048\" height=\"2048\" src=\"https:\/\/www.yishengpack.com\/wp-content\/uploads\/2025\/11\/Wholesale-Premium-Electronic-Product-Boxes-Bulk-Magnetic-Boxes-with-Custom-Insert-6.webp\" alt=\"cajas-electr\u00f3nicas-personalizadas-cajas-magn\u00e9ticas-a-granel-con-inserto-6\" class=\"wp-image-2633\" srcset=\"https:\/\/www.yishengpack.com\/wp-content\/uploads\/2025\/11\/Wholesale-Premium-Electronic-Product-Boxes-Bulk-Magnetic-Boxes-with-Custom-Insert-6.webp 2048w, https:\/\/www.yishengpack.com\/wp-content\/uploads\/2025\/11\/Wholesale-Premium-Electronic-Product-Boxes-Bulk-Magnetic-Boxes-with-Custom-Insert-6-300x300.webp 300w, https:\/\/www.yishengpack.com\/wp-content\/uploads\/2025\/11\/Wholesale-Premium-Electronic-Product-Boxes-Bulk-Magnetic-Boxes-with-Custom-Insert-6-150x150.webp 150w, https:\/\/www.yishengpack.com\/wp-content\/uploads\/2025\/11\/Wholesale-Premium-Electronic-Product-Boxes-Bulk-Magnetic-Boxes-with-Custom-Insert-6-768x768.webp 768w, https:\/\/www.yishengpack.com\/wp-content\/uploads\/2025\/11\/Wholesale-Premium-Electronic-Product-Boxes-Bulk-Magnetic-Boxes-with-Custom-Insert-6-12x12.webp 12w, https:\/\/www.yishengpack.com\/wp-content\/uploads\/2025\/11\/Wholesale-Premium-Electronic-Product-Boxes-Bulk-Magnetic-Boxes-with-Custom-Insert-6-1200x1200.webp 1200w, https:\/\/www.yishengpack.com\/wp-content\/uploads\/2025\/11\/Wholesale-Premium-Electronic-Product-Boxes-Bulk-Magnetic-Boxes-with-Custom-Insert-6-600x600.webp 600w, https:\/\/www.yishengpack.com\/wp-content\/uploads\/2025\/11\/Wholesale-Premium-Electronic-Product-Boxes-Bulk-Magnetic-Boxes-with-Custom-Insert-6-100x100.webp 100w\" sizes=\"(max-width: 2048px) 100vw, 2048px\" \/><\/figure>\n\n\n\n<div class=\"wp-block-buttons has-custom-font-size has-small-font-size is-content-justification-center is-layout-flex wp-container-core-buttons-is-layout-16018d1d wp-block-buttons-is-layout-flex\">\n<div class=\"wp-block-button has-custom-width wp-block-button__width-75\"><a class=\"wp-block-button__link has-background has-small-font-size has-custom-font-size wp-element-button\" href=\"https:\/\/www.yishengpack.com\/es\/custom-box-inserts-accessories\/\" style=\"background:linear-gradient(135deg,rgb(254,205,165) 0%,rgb(254,45,45) 0%,rgb(94,15,15) 0%,rgb(94,15,15) 100%)\" target=\"_blank\" rel=\"noreferrer noopener\"><strong>Explorar los insertos personalizados para cajas<\/strong><\/a><\/div>\n<\/div>\n<\/div>\n<\/div>","protected":false},"excerpt":{"rendered":"<p>Bienvenido a adquirir nuestras cajas electr\u00f3nicas personalizadas con cierre magn\u00e9tico e inserciones protectoras, ideales para regalar y almacenar productos electr\u00f3nicos. Estas cajas magn\u00e9ticas a granel para productos electr\u00f3nicos est\u00e1n fabricadas con cart\u00f3n grueso y cart\u00f3n gris de alta resistencia, que tiene una gran resistencia a la compresi\u00f3n, y est\u00e1n dise\u00f1adas para marcas y distribuidores que necesitan un embalaje de alta gama, duradero y totalmente personalizable. Ideales para pedidos a granel y proyectos de embalaje electr\u00f3nico OEM\/ODM.<\/p>\n<h2>Aspectos destacados de las cajas electr\u00f3nicas personalizadas<\/h2>\n<ul>\n<li>Dise\u00f1o de cierre magn\u00e9tico<\/li>\n<li>Personalizaci\u00f3n total<\/li>\n<li>Materiales impermeables<\/li>\n<li>Numerosos procesos de impresi\u00f3n<\/li>\n<li>M\u00faltiples tipos de cajas<\/li>\n<li>Varios tama\u00f1os<\/li>\n<li>Varias opciones de color<\/li>\n<li>Artesan\u00eda duradera<\/li>\n<\/ul>","protected":false},"featured_media":2628,"comment_status":"closed","ping_status":"closed","template":"","meta":{"_acf_changed":false},"box-type":[54],"product_brand":[],"product_cat":[46,69,73],"product_tag":[],"class_list":{"0":"post-2627","1":"product","2":"type-product","3":"status-publish","4":"has-post-thumbnail","6":"box-type-custom-magnetic-closure-boxes","7":"product_cat-wholesale-paper-boxes","8":"product_cat-custom-retail-boxes","9":"product_cat-custom-electronic-packaging","11":"first","12":"instock","13":"shipping-taxable","14":"product-type-simple"},"acf":[],"_links":{"self":[{"href":"https:\/\/www.yishengpack.com\/es\/wp-json\/wp\/v2\/product\/2627","targetHints":{"allow":["GET"]}}],"collection":[{"href":"https:\/\/www.yishengpack.com\/es\/wp-json\/wp\/v2\/product"}],"about":[{"href":"https:\/\/www.yishengpack.com\/es\/wp-json\/wp\/v2\/types\/product"}],"replies":[{"embeddable":true,"href":"https:\/\/www.yishengpack.com\/es\/wp-json\/wp\/v2\/comments?post=2627"}],"wp:featuredmedia":[{"embeddable":true,"href":"https:\/\/www.yishengpack.com\/es\/wp-json\/wp\/v2\/media\/2628"}],"wp:attachment":[{"href":"https:\/\/www.yishengpack.com\/es\/wp-json\/wp\/v2\/media?parent=2627"}],"wp:term":[{"taxonomy":"box-type","embeddable":true,"href":"https:\/\/www.yishengpack.com\/es\/wp-json\/wp\/v2\/box-type?post=2627"},{"taxonomy":"product_brand","embeddable":true,"href":"https:\/\/www.yishengpack.com\/es\/wp-json\/wp\/v2\/product_brand?post=2627"},{"taxonomy":"product_cat","embeddable":true,"href":"https:\/\/www.yishengpack.com\/es\/wp-json\/wp\/v2\/product_cat?post=2627"},{"taxonomy":"product_tag","embeddable":true,"href":"https:\/\/www.yishengpack.com\/es\/wp-json\/wp\/v2\/product_tag?post=2627"}],"curies":[{"name":"wp","href":"https:\/\/api.w.org\/{rel}","templated":true}]}}