{"id":2609,"date":"2025-12-08T07:30:18","date_gmt":"2025-12-08T07:30:18","guid":{"rendered":"https:\/\/www.yishengpack.com\/?post_type=product&#038;p=2609"},"modified":"2025-12-08T07:30:19","modified_gmt":"2025-12-08T07:30:19","slug":"clothing-packaging-boxes-wholesale","status":"publish","type":"product","link":"https:\/\/www.yishengpack.com\/es\/producto\/clothing-packaging-boxes-wholesale\/","title":{"rendered":"Cajas para ropa al por mayor, cajas personalizadas para ropa"},"content":{"rendered":"<div class=\"wp-block-columns is-layout-flex wp-container-core-columns-is-layout-9d6595d7 wp-block-columns-is-layout-flex\">\n<div class=\"wp-block-column is-layout-flow wp-block-column-is-layout-flow\">\n<h3 class=\"wp-block-heading\">Caracter\u00edsticas de las cajas para embalaje de ropa al por mayor<\/h3>\n\n\n\n<p><strong>Desembalaje suave con tapa abatible:<\/strong> Estas cajas para embalaje de ropa al por mayor cuentan con un dise\u00f1o suave con tapa abatible, lo que permite acceder f\u00e1cilmente a art\u00edculos como camisas, vestidos y bufandas. Son perfectas para ofrecer una experiencia de desembalaje satisfactoria a los amantes de la moda.<\/p>\n\n\n\n<p><strong>Construcci\u00f3n resistente para prendas de vestir: <\/strong>Estas cajas para embalaje de ropa al por mayor est\u00e1n fabricadas con cart\u00f3n de alta calidad, tienen una estructura resistente, son resistentes a la presi\u00f3n y a la deformaci\u00f3n, y son adecuadas para marcas de ropa de alta gama.<\/p>\n\n\n\n<p><strong>Selecci\u00f3n de colores vibrantes:<\/strong> La caja personalizada para ropa ofrece una amplia variedad de colores diferentes, incluyendo morado, naranja y rojo. Estos colores aportan un toque elegante al embalaje y pueden utilizarse para mejorar la imagen de marca y\/o como embalaje de regalo para ropa.<\/p>\n\n\n\n<p><strong>Personalizaci\u00f3n exclusiva de la marca:<\/strong> Estas cajas para embalaje de ropa al por mayor admiten procesos como el estampado en caliente de logotipos, la impresi\u00f3n UV, el relieve, la serigraf\u00eda y la impresi\u00f3n a todo color, lo que crea una fuerte identidad visual de marca y mejora el valor del embalaje del producto.<\/p>\n\n\n\n<p><strong>Varios tama\u00f1os y estructuras disponibles:<\/strong> Caja personalizada para prendas de vestir de diversas categor\u00edas, como camisetas, chaquetas, jers\u00e9is, pantalones y ropa interior, con soporte para tama\u00f1os y estructuras personalizados.<\/p>\n<\/div>\n\n\n\n<div class=\"wp-block-column is-layout-flow wp-block-column-is-layout-flow\">\n<figure class=\"wp-block-image size-full\"><img decoding=\"async\" width=\"2048\" height=\"2048\" src=\"https:\/\/www.yishengpack.com\/wp-content\/uploads\/2025\/11\/Bulk-Clothing-Package-Boxes-Wholesale-High-Quality-Rigid-Paper-Boxes-for-Skirts-Jeans-Packaging-4.webp\" alt=\"cajas-para-ropa-embalaje-mayorista-cajas-personalizadas-para-ropa-4\" class=\"wp-image-2615\" srcset=\"https:\/\/www.yishengpack.com\/wp-content\/uploads\/2025\/11\/Bulk-Clothing-Package-Boxes-Wholesale-High-Quality-Rigid-Paper-Boxes-for-Skirts-Jeans-Packaging-4.webp 2048w, https:\/\/www.yishengpack.com\/wp-content\/uploads\/2025\/11\/Bulk-Clothing-Package-Boxes-Wholesale-High-Quality-Rigid-Paper-Boxes-for-Skirts-Jeans-Packaging-4-300x300.webp 300w, https:\/\/www.yishengpack.com\/wp-content\/uploads\/2025\/11\/Bulk-Clothing-Package-Boxes-Wholesale-High-Quality-Rigid-Paper-Boxes-for-Skirts-Jeans-Packaging-4-150x150.webp 150w, https:\/\/www.yishengpack.com\/wp-content\/uploads\/2025\/11\/Bulk-Clothing-Package-Boxes-Wholesale-High-Quality-Rigid-Paper-Boxes-for-Skirts-Jeans-Packaging-4-768x768.webp 768w, https:\/\/www.yishengpack.com\/wp-content\/uploads\/2025\/11\/Bulk-Clothing-Package-Boxes-Wholesale-High-Quality-Rigid-Paper-Boxes-for-Skirts-Jeans-Packaging-4-12x12.webp 12w, https:\/\/www.yishengpack.com\/wp-content\/uploads\/2025\/11\/Bulk-Clothing-Package-Boxes-Wholesale-High-Quality-Rigid-Paper-Boxes-for-Skirts-Jeans-Packaging-4-1200x1200.webp 1200w, https:\/\/www.yishengpack.com\/wp-content\/uploads\/2025\/11\/Bulk-Clothing-Package-Boxes-Wholesale-High-Quality-Rigid-Paper-Boxes-for-Skirts-Jeans-Packaging-4-600x600.webp 600w, https:\/\/www.yishengpack.com\/wp-content\/uploads\/2025\/11\/Bulk-Clothing-Package-Boxes-Wholesale-High-Quality-Rigid-Paper-Boxes-for-Skirts-Jeans-Packaging-4-100x100.webp 100w\" sizes=\"(max-width: 2048px) 100vw, 2048px\" \/><\/figure>\n<\/div>\n<\/div>\n\n\n\n<div class=\"wp-block-columns is-layout-flex wp-container-core-columns-is-layout-9d6595d7 wp-block-columns-is-layout-flex\">\n<div class=\"wp-block-column is-layout-flow wp-block-column-is-layout-flow\">\n<figure class=\"wp-block-image size-full\"><img decoding=\"async\" width=\"2048\" height=\"2048\" src=\"https:\/\/www.yishengpack.com\/wp-content\/uploads\/2025\/11\/Bulk-Clothing-Package-Boxes-Wholesale-High-Quality-Rigid-Paper-Boxes-for-Skirts-Jeans-Packaging-6.webp\" alt=\"cajas-para-ropa-embalaje-mayorista-cajas-personalizadas-para-prendas-de-vestir-6\" class=\"wp-image-2617\" srcset=\"https:\/\/www.yishengpack.com\/wp-content\/uploads\/2025\/11\/Bulk-Clothing-Package-Boxes-Wholesale-High-Quality-Rigid-Paper-Boxes-for-Skirts-Jeans-Packaging-6.webp 2048w, https:\/\/www.yishengpack.com\/wp-content\/uploads\/2025\/11\/Bulk-Clothing-Package-Boxes-Wholesale-High-Quality-Rigid-Paper-Boxes-for-Skirts-Jeans-Packaging-6-300x300.webp 300w, https:\/\/www.yishengpack.com\/wp-content\/uploads\/2025\/11\/Bulk-Clothing-Package-Boxes-Wholesale-High-Quality-Rigid-Paper-Boxes-for-Skirts-Jeans-Packaging-6-150x150.webp 150w, https:\/\/www.yishengpack.com\/wp-content\/uploads\/2025\/11\/Bulk-Clothing-Package-Boxes-Wholesale-High-Quality-Rigid-Paper-Boxes-for-Skirts-Jeans-Packaging-6-768x768.webp 768w, https:\/\/www.yishengpack.com\/wp-content\/uploads\/2025\/11\/Bulk-Clothing-Package-Boxes-Wholesale-High-Quality-Rigid-Paper-Boxes-for-Skirts-Jeans-Packaging-6-12x12.webp 12w, https:\/\/www.yishengpack.com\/wp-content\/uploads\/2025\/11\/Bulk-Clothing-Package-Boxes-Wholesale-High-Quality-Rigid-Paper-Boxes-for-Skirts-Jeans-Packaging-6-1200x1200.webp 1200w, https:\/\/www.yishengpack.com\/wp-content\/uploads\/2025\/11\/Bulk-Clothing-Package-Boxes-Wholesale-High-Quality-Rigid-Paper-Boxes-for-Skirts-Jeans-Packaging-6-600x600.webp 600w, https:\/\/www.yishengpack.com\/wp-content\/uploads\/2025\/11\/Bulk-Clothing-Package-Boxes-Wholesale-High-Quality-Rigid-Paper-Boxes-for-Skirts-Jeans-Packaging-6-100x100.webp 100w\" sizes=\"(max-width: 2048px) 100vw, 2048px\" \/><\/figure>\n\n\n\n<div class=\"wp-block-buttons has-custom-font-size has-small-font-size is-content-justification-center is-layout-flex wp-container-core-buttons-is-layout-16018d1d wp-block-buttons-is-layout-flex\">\n<div class=\"wp-block-button has-custom-width wp-block-button__width-75\"><a class=\"wp-block-button__link has-background has-small-font-size has-custom-font-size wp-element-button\" href=\"https:\/\/www.yishengpack.com\/es\/custom-printed-box\/\" style=\"background:linear-gradient(135deg,rgb(254,205,165) 0%,rgb(254,45,45) 0%,rgb(94,15,15) 0%,rgb(94,15,15) 100%)\" target=\"_blank\" rel=\"noreferrer noopener\"><strong>Explorar las cajas impresas personalizadas<\/strong><\/a><\/div>\n<\/div>\n<\/div>\n\n\n\n<div class=\"wp-block-column is-layout-flow wp-block-column-is-layout-flow\">\n<figure class=\"wp-block-image size-full\"><img decoding=\"async\" width=\"2048\" height=\"2048\" src=\"https:\/\/www.yishengpack.com\/wp-content\/uploads\/2025\/11\/Bulk-Clothing-Package-Boxes-Wholesale-High-Quality-Rigid-Paper-Boxes-for-Skirts-Jeans-Packaging-7.webp\" alt=\"cajas-para-ropa-al-por-menor-cajas-personalizadas-para-ropa-7\" class=\"wp-image-2618\" srcset=\"https:\/\/www.yishengpack.com\/wp-content\/uploads\/2025\/11\/Bulk-Clothing-Package-Boxes-Wholesale-High-Quality-Rigid-Paper-Boxes-for-Skirts-Jeans-Packaging-7.webp 2048w, https:\/\/www.yishengpack.com\/wp-content\/uploads\/2025\/11\/Bulk-Clothing-Package-Boxes-Wholesale-High-Quality-Rigid-Paper-Boxes-for-Skirts-Jeans-Packaging-7-300x300.webp 300w, https:\/\/www.yishengpack.com\/wp-content\/uploads\/2025\/11\/Bulk-Clothing-Package-Boxes-Wholesale-High-Quality-Rigid-Paper-Boxes-for-Skirts-Jeans-Packaging-7-150x150.webp 150w, https:\/\/www.yishengpack.com\/wp-content\/uploads\/2025\/11\/Bulk-Clothing-Package-Boxes-Wholesale-High-Quality-Rigid-Paper-Boxes-for-Skirts-Jeans-Packaging-7-768x768.webp 768w, https:\/\/www.yishengpack.com\/wp-content\/uploads\/2025\/11\/Bulk-Clothing-Package-Boxes-Wholesale-High-Quality-Rigid-Paper-Boxes-for-Skirts-Jeans-Packaging-7-12x12.webp 12w, https:\/\/www.yishengpack.com\/wp-content\/uploads\/2025\/11\/Bulk-Clothing-Package-Boxes-Wholesale-High-Quality-Rigid-Paper-Boxes-for-Skirts-Jeans-Packaging-7-1200x1200.webp 1200w, https:\/\/www.yishengpack.com\/wp-content\/uploads\/2025\/11\/Bulk-Clothing-Package-Boxes-Wholesale-High-Quality-Rigid-Paper-Boxes-for-Skirts-Jeans-Packaging-7-600x600.webp 600w, https:\/\/www.yishengpack.com\/wp-content\/uploads\/2025\/11\/Bulk-Clothing-Package-Boxes-Wholesale-High-Quality-Rigid-Paper-Boxes-for-Skirts-Jeans-Packaging-7-100x100.webp 100w\" sizes=\"(max-width: 2048px) 100vw, 2048px\" \/><\/figure>\n\n\n\n<div class=\"wp-block-buttons has-custom-font-size has-small-font-size is-content-justification-center is-layout-flex wp-container-core-buttons-is-layout-16018d1d wp-block-buttons-is-layout-flex\">\n<div class=\"wp-block-button has-custom-width wp-block-button__width-75\"><a class=\"wp-block-button__link has-background has-small-font-size has-custom-font-size wp-element-button\" href=\"https:\/\/www.yishengpack.com\/es\/custom-product-boxes-types\/\" style=\"background:linear-gradient(135deg,rgb(254,205,165) 0%,rgb(254,45,45) 0%,rgb(94,15,15) 0%,rgb(94,15,15) 100%)\" target=\"_blank\" rel=\"noreferrer noopener\"><strong>Explora los tipos de cajas personalizadas<\/strong><\/a><\/div>\n<\/div>\n<\/div>\n<\/div>","protected":false},"excerpt":{"rendered":"<p>Bienvenido a la venta al por mayor de nuestras cajas de embalaje para ropa, con estructuras r\u00edgidas plegables de primera calidad y opciones de impresi\u00f3n totalmente personalizadas, que permiten a su marca ofrecer una lujosa experiencia de desembalaje y reducir los costes de env\u00edo y almacenamiento. Perfectas para marcas de ropa que buscan soluciones de embalaje de alta gama, duraderas y totalmente personalizables.<\/p>\n<h2>Lo m\u00e1s destacado de las cajas de embalaje para ropa al por mayor<\/h2>\n<ul>\n<li>Construcci\u00f3n de cart\u00f3n de alta resistencia<\/li>\n<li>Dise\u00f1o plegable<\/li>\n<li>Experiencia premium al desembalar<\/li>\n<li>Construcci\u00f3n robusta<\/li>\n<li>Personalizaci\u00f3n total<\/li>\n<li>Mano de obra cuidadosa<\/li>\n<li>Varios tama\u00f1os de caja<\/li>\n<li>M\u00faltiples opciones de color<\/li>\n<\/ul>","protected":false},"featured_media":2612,"comment_status":"closed","ping_status":"closed","template":"","meta":{"_acf_changed":false},"box-type":[55],"product_brand":[],"product_cat":[19,66,46,69,67],"product_tag":[],"class_list":{"0":"post-2609","1":"product","2":"type-product","3":"status-publish","4":"has-post-thumbnail","6":"box-type-custom-foldable-boxes","7":"product_cat-luxury-gift-boxes-wholesale","8":"product_cat-custom-apparel-boxes","9":"product_cat-wholesale-paper-boxes","10":"product_cat-custom-retail-boxes","11":"product_cat-custom-shipping-boxes","13":"first","14":"instock","15":"shipping-taxable","16":"product-type-simple"},"acf":[],"_links":{"self":[{"href":"https:\/\/www.yishengpack.com\/es\/wp-json\/wp\/v2\/product\/2609","targetHints":{"allow":["GET"]}}],"collection":[{"href":"https:\/\/www.yishengpack.com\/es\/wp-json\/wp\/v2\/product"}],"about":[{"href":"https:\/\/www.yishengpack.com\/es\/wp-json\/wp\/v2\/types\/product"}],"replies":[{"embeddable":true,"href":"https:\/\/www.yishengpack.com\/es\/wp-json\/wp\/v2\/comments?post=2609"}],"wp:featuredmedia":[{"embeddable":true,"href":"https:\/\/www.yishengpack.com\/es\/wp-json\/wp\/v2\/media\/2612"}],"wp:attachment":[{"href":"https:\/\/www.yishengpack.com\/es\/wp-json\/wp\/v2\/media?parent=2609"}],"wp:term":[{"taxonomy":"box-type","embeddable":true,"href":"https:\/\/www.yishengpack.com\/es\/wp-json\/wp\/v2\/box-type?post=2609"},{"taxonomy":"product_brand","embeddable":true,"href":"https:\/\/www.yishengpack.com\/es\/wp-json\/wp\/v2\/product_brand?post=2609"},{"taxonomy":"product_cat","embeddable":true,"href":"https:\/\/www.yishengpack.com\/es\/wp-json\/wp\/v2\/product_cat?post=2609"},{"taxonomy":"product_tag","embeddable":true,"href":"https:\/\/www.yishengpack.com\/es\/wp-json\/wp\/v2\/product_tag?post=2609"}],"curies":[{"name":"wp","href":"https:\/\/api.w.org\/{rel}","templated":true}]}}