{"id":2600,"date":"2025-11-25T07:02:28","date_gmt":"2025-11-25T07:02:28","guid":{"rendered":"https:\/\/www.yishengpack.com\/?post_type=product&#038;p=2600"},"modified":"2025-11-25T07:02:28","modified_gmt":"2025-11-25T07:02:28","slug":"apparel-paper-bags-wholesale","status":"publish","type":"product","link":"https:\/\/www.yishengpack.com\/es\/producto\/apparel-paper-bags-wholesale\/","title":{"rendered":"Venta al por mayor de bolsas de papel para ropa, bolsas de papel personalizadas"},"content":{"rendered":"<div class=\"wp-block-columns is-layout-flex wp-container-core-columns-is-layout-9d6595d7 wp-block-columns-is-layout-flex\">\n<div class=\"wp-block-column is-layout-flow wp-block-column-is-layout-flow\">\n<h3 class=\"wp-block-heading\">Caracter\u00edsticas de las bolsas de papel para ropa al por mayor<\/h3>\n\n\n\n<p><strong>Papel de alta calidad:<\/strong> Estas bolsas de papel para ropa al por mayor est\u00e1n fabricadas con papel kraft, cart\u00f3n blanco, papel especial, papel resistente y duradero, lo que las convierte en una excelente base r\u00edgida para transportar art\u00edculos de venta al por menor como ropa o accesorios. Estas bolsas mantienen bien su forma.<\/p>\n\n\n\n<p><strong>Construcci\u00f3n reforzada:<\/strong> Estas bolsas de papel para ropa al por mayor tienen una base de cart\u00f3n reforzado junto con asas resistentes que mejoran la capacidad de carga y la durabilidad, y son adecuadas para tiendas de ropa, env\u00edos de comercio electr\u00f3nico y embalaje de boutiques.<\/p>\n\n\n\n<p><strong>Asa de cuerda para un transporte c\u00f3modo:<\/strong> Estas bolsas de papel para ropa al por mayor tienen un asa de cuerda que permite llevarlas con comodidad y estilo. Son perfectas para guardar prendas como jers\u00e9is, vaqueros y bufandas, y garantizan un transporte sencillo y una presentaci\u00f3n de primera calidad.<\/p>\n\n\n\n<p><strong>Estructura plegable:<\/strong> Estas bolsas de papel impresas personalizadas tienen un dise\u00f1o plegable que permite guardar y transportar f\u00e1cilmente varios tipos de prendas de vestir y est\u00e1n dise\u00f1adas para plegarse y guardarse f\u00e1cilmente mientras no se utilizan, lo que proporciona una soluci\u00f3n de almacenamiento compacta y tambi\u00e9n la soluci\u00f3n perfecta para el embalaje de prendas de vestir.<\/p>\n\n\n\n<p><strong>Impresi\u00f3n de logotipos personalizados: <\/strong>Estas bolsas de papel impresas a medida admiten la personalizaci\u00f3n a todo color de logotipos, colores de marca y dise\u00f1os. Hay varios procesos disponibles, como la estampaci\u00f3n en caliente, el revestimiento UV, el gofrado y el laminado, que ofrecen un efecto visual de marca de gama alta.<\/p>\n\n\n\n<p><strong>Venta al por mayor y asistencia OEM\/ODM:<\/strong> Suministro directo de f\u00e1brica de bolsas de papel para ropa, ofreciendo servicios de personalizaci\u00f3n de gran volumen y OEM\/ODM, producci\u00f3n estable, muestreo r\u00e1pido, adecuado para la cooperaci\u00f3n a largo plazo entre marcas y mayoristas.<\/p>\n<\/div>\n\n\n\n<div class=\"wp-block-column is-layout-flow wp-block-column-is-layout-flow\">\n<figure class=\"wp-block-image size-full\"><img decoding=\"async\" width=\"2048\" height=\"2048\" src=\"https:\/\/www.yishengpack.com\/wp-content\/uploads\/2025\/11\/Wholesale-Foldable-Apparel-Bags-Custom-Handled-Paper-Bags-with-Unique-Print-Pattern-2.webp\" alt=\"ropa-bolsas-de-papel-mayoristas-bolsas-de-papel-a-la-medida-2\" class=\"wp-image-2602\" srcset=\"https:\/\/www.yishengpack.com\/wp-content\/uploads\/2025\/11\/Wholesale-Foldable-Apparel-Bags-Custom-Handled-Paper-Bags-with-Unique-Print-Pattern-2.webp 2048w, https:\/\/www.yishengpack.com\/wp-content\/uploads\/2025\/11\/Wholesale-Foldable-Apparel-Bags-Custom-Handled-Paper-Bags-with-Unique-Print-Pattern-2-300x300.webp 300w, https:\/\/www.yishengpack.com\/wp-content\/uploads\/2025\/11\/Wholesale-Foldable-Apparel-Bags-Custom-Handled-Paper-Bags-with-Unique-Print-Pattern-2-150x150.webp 150w, https:\/\/www.yishengpack.com\/wp-content\/uploads\/2025\/11\/Wholesale-Foldable-Apparel-Bags-Custom-Handled-Paper-Bags-with-Unique-Print-Pattern-2-768x768.webp 768w, https:\/\/www.yishengpack.com\/wp-content\/uploads\/2025\/11\/Wholesale-Foldable-Apparel-Bags-Custom-Handled-Paper-Bags-with-Unique-Print-Pattern-2-12x12.webp 12w, https:\/\/www.yishengpack.com\/wp-content\/uploads\/2025\/11\/Wholesale-Foldable-Apparel-Bags-Custom-Handled-Paper-Bags-with-Unique-Print-Pattern-2-1200x1200.webp 1200w, https:\/\/www.yishengpack.com\/wp-content\/uploads\/2025\/11\/Wholesale-Foldable-Apparel-Bags-Custom-Handled-Paper-Bags-with-Unique-Print-Pattern-2-600x600.webp 600w, https:\/\/www.yishengpack.com\/wp-content\/uploads\/2025\/11\/Wholesale-Foldable-Apparel-Bags-Custom-Handled-Paper-Bags-with-Unique-Print-Pattern-2-100x100.webp 100w\" sizes=\"(max-width: 2048px) 100vw, 2048px\" \/><\/figure>\n<\/div>\n<\/div>\n\n\n\n<div class=\"wp-block-columns is-layout-flex wp-container-core-columns-is-layout-9d6595d7 wp-block-columns-is-layout-flex\">\n<div class=\"wp-block-column is-layout-flow wp-block-column-is-layout-flow\">\n<figure class=\"wp-block-image size-full\"><img decoding=\"async\" width=\"2048\" height=\"2048\" src=\"https:\/\/www.yishengpack.com\/wp-content\/uploads\/2025\/11\/Wholesale-Foldable-Apparel-Bags-Custom-Handled-Paper-Bags-with-Unique-Print-Pattern-6.webp\" alt=\"ropa-bolsas-de-papel-mayoristas-bolsas-de-papel-a-la-medida-6\" class=\"wp-image-2606\" srcset=\"https:\/\/www.yishengpack.com\/wp-content\/uploads\/2025\/11\/Wholesale-Foldable-Apparel-Bags-Custom-Handled-Paper-Bags-with-Unique-Print-Pattern-6.webp 2048w, https:\/\/www.yishengpack.com\/wp-content\/uploads\/2025\/11\/Wholesale-Foldable-Apparel-Bags-Custom-Handled-Paper-Bags-with-Unique-Print-Pattern-6-300x300.webp 300w, https:\/\/www.yishengpack.com\/wp-content\/uploads\/2025\/11\/Wholesale-Foldable-Apparel-Bags-Custom-Handled-Paper-Bags-with-Unique-Print-Pattern-6-150x150.webp 150w, https:\/\/www.yishengpack.com\/wp-content\/uploads\/2025\/11\/Wholesale-Foldable-Apparel-Bags-Custom-Handled-Paper-Bags-with-Unique-Print-Pattern-6-768x768.webp 768w, https:\/\/www.yishengpack.com\/wp-content\/uploads\/2025\/11\/Wholesale-Foldable-Apparel-Bags-Custom-Handled-Paper-Bags-with-Unique-Print-Pattern-6-12x12.webp 12w, https:\/\/www.yishengpack.com\/wp-content\/uploads\/2025\/11\/Wholesale-Foldable-Apparel-Bags-Custom-Handled-Paper-Bags-with-Unique-Print-Pattern-6-1200x1200.webp 1200w, https:\/\/www.yishengpack.com\/wp-content\/uploads\/2025\/11\/Wholesale-Foldable-Apparel-Bags-Custom-Handled-Paper-Bags-with-Unique-Print-Pattern-6-600x600.webp 600w, https:\/\/www.yishengpack.com\/wp-content\/uploads\/2025\/11\/Wholesale-Foldable-Apparel-Bags-Custom-Handled-Paper-Bags-with-Unique-Print-Pattern-6-100x100.webp 100w\" sizes=\"(max-width: 2048px) 100vw, 2048px\" \/><\/figure>\n\n\n\n<div class=\"wp-block-buttons has-custom-font-size has-small-font-size is-content-justification-center is-layout-flex wp-container-core-buttons-is-layout-16018d1d wp-block-buttons-is-layout-flex\">\n<div class=\"wp-block-button has-custom-width wp-block-button__width-75\"><a class=\"wp-block-button__link has-background has-small-font-size has-custom-font-size wp-element-button\" href=\"https:\/\/www.yishengpack.com\/es\/custom-printed-box\/\" style=\"background:linear-gradient(135deg,rgb(254,205,165) 0%,rgb(254,45,45) 0%,rgb(94,15,15) 0%,rgb(94,15,15) 100%)\" target=\"_blank\" rel=\"noreferrer noopener\"><strong>Explorar las cajas impresas personalizadas<\/strong><\/a><\/div>\n<\/div>\n<\/div>\n\n\n\n<div class=\"wp-block-column is-layout-flow wp-block-column-is-layout-flow\">\n<figure class=\"wp-block-image size-full\"><img decoding=\"async\" width=\"2048\" height=\"2048\" src=\"https:\/\/www.yishengpack.com\/wp-content\/uploads\/2025\/11\/Wholesale-Foldable-Apparel-Bags-Custom-Handled-Paper-Bags-with-Unique-Print-Pattern-7.webp\" alt=\"ropa-bolsas-de-papel-mayorista-a-la-medida-7\" class=\"wp-image-2607\" srcset=\"https:\/\/www.yishengpack.com\/wp-content\/uploads\/2025\/11\/Wholesale-Foldable-Apparel-Bags-Custom-Handled-Paper-Bags-with-Unique-Print-Pattern-7.webp 2048w, https:\/\/www.yishengpack.com\/wp-content\/uploads\/2025\/11\/Wholesale-Foldable-Apparel-Bags-Custom-Handled-Paper-Bags-with-Unique-Print-Pattern-7-300x300.webp 300w, https:\/\/www.yishengpack.com\/wp-content\/uploads\/2025\/11\/Wholesale-Foldable-Apparel-Bags-Custom-Handled-Paper-Bags-with-Unique-Print-Pattern-7-150x150.webp 150w, https:\/\/www.yishengpack.com\/wp-content\/uploads\/2025\/11\/Wholesale-Foldable-Apparel-Bags-Custom-Handled-Paper-Bags-with-Unique-Print-Pattern-7-768x768.webp 768w, https:\/\/www.yishengpack.com\/wp-content\/uploads\/2025\/11\/Wholesale-Foldable-Apparel-Bags-Custom-Handled-Paper-Bags-with-Unique-Print-Pattern-7-12x12.webp 12w, https:\/\/www.yishengpack.com\/wp-content\/uploads\/2025\/11\/Wholesale-Foldable-Apparel-Bags-Custom-Handled-Paper-Bags-with-Unique-Print-Pattern-7-1200x1200.webp 1200w, https:\/\/www.yishengpack.com\/wp-content\/uploads\/2025\/11\/Wholesale-Foldable-Apparel-Bags-Custom-Handled-Paper-Bags-with-Unique-Print-Pattern-7-600x600.webp 600w, https:\/\/www.yishengpack.com\/wp-content\/uploads\/2025\/11\/Wholesale-Foldable-Apparel-Bags-Custom-Handled-Paper-Bags-with-Unique-Print-Pattern-7-100x100.webp 100w\" sizes=\"(max-width: 2048px) 100vw, 2048px\" \/><\/figure>\n\n\n\n<div class=\"wp-block-buttons has-custom-font-size has-small-font-size is-content-justification-center is-layout-flex wp-container-core-buttons-is-layout-16018d1d wp-block-buttons-is-layout-flex\">\n<div class=\"wp-block-button has-custom-width wp-block-button__width-75\"><a class=\"wp-block-button__link has-background has-small-font-size has-custom-font-size wp-element-button\" href=\"https:\/\/www.yishengpack.com\/es\/custom-product-boxes-types\/\" style=\"background:linear-gradient(135deg,rgb(254,205,165) 0%,rgb(254,45,45) 0%,rgb(94,15,15) 0%,rgb(94,15,15) 100%)\" target=\"_blank\" rel=\"noreferrer noopener\"><strong>Explorar Custom B<\/strong>ag<strong> Tipos<\/strong><\/a><\/div>\n<\/div>\n<\/div>\n<\/div>","protected":false},"excerpt":{"rendered":"<p>Bienvenido a comprar nuestras bolsas de papel para ropa al por mayor, dise\u00f1adas para marcas de moda y tiendas minoristas, que ofrecen materiales duraderos y ecol\u00f3gicos y un logotipo totalmente personalizado. Con opciones de impresi\u00f3n de primera calidad, construcci\u00f3n fuerte, y m\u00faltiples opciones de estilo, estas bolsas de papel personalizadas elevan la presentaci\u00f3n de la marca al tiempo que ofrece un rendimiento fiable para la ropa y el embalaje boutique.<\/p>\n<h2>Aspectos destacados de las bolsas de papel para ropa al por mayor<\/h2>\n<ul>\n<li>Artesan\u00eda meticulosa<\/li>\n<li>Posibilidad de personalizaci\u00f3n completa<\/li>\n<li>Materiales de alta calidad<\/li>\n<li>Bolsas de varios tama\u00f1os<\/li>\n<li>Duradero y resistente<\/li>\n<li>Dise\u00f1o impreso \u00fanico<\/li>\n<li>Varias asas<\/li>\n<li>Asistencia OEM\/ODM<\/li>\n<\/ul>","protected":false},"featured_media":2601,"comment_status":"closed","ping_status":"closed","template":"","meta":{"_acf_changed":false},"box-type":[52],"product_brand":[],"product_cat":[34,70],"product_tag":[],"class_list":{"0":"post-2600","1":"product","2":"type-product","3":"status-publish","4":"has-post-thumbnail","6":"box-type-custom-rope-handle-paper-bags","7":"product_cat-paper-bags-wholesale","8":"product_cat-custom-clothing-bags","10":"first","11":"instock","12":"shipping-taxable","13":"product-type-simple"},"acf":[],"_links":{"self":[{"href":"https:\/\/www.yishengpack.com\/es\/wp-json\/wp\/v2\/product\/2600","targetHints":{"allow":["GET"]}}],"collection":[{"href":"https:\/\/www.yishengpack.com\/es\/wp-json\/wp\/v2\/product"}],"about":[{"href":"https:\/\/www.yishengpack.com\/es\/wp-json\/wp\/v2\/types\/product"}],"replies":[{"embeddable":true,"href":"https:\/\/www.yishengpack.com\/es\/wp-json\/wp\/v2\/comments?post=2600"}],"wp:featuredmedia":[{"embeddable":true,"href":"https:\/\/www.yishengpack.com\/es\/wp-json\/wp\/v2\/media\/2601"}],"wp:attachment":[{"href":"https:\/\/www.yishengpack.com\/es\/wp-json\/wp\/v2\/media?parent=2600"}],"wp:term":[{"taxonomy":"box-type","embeddable":true,"href":"https:\/\/www.yishengpack.com\/es\/wp-json\/wp\/v2\/box-type?post=2600"},{"taxonomy":"product_brand","embeddable":true,"href":"https:\/\/www.yishengpack.com\/es\/wp-json\/wp\/v2\/product_brand?post=2600"},{"taxonomy":"product_cat","embeddable":true,"href":"https:\/\/www.yishengpack.com\/es\/wp-json\/wp\/v2\/product_cat?post=2600"},{"taxonomy":"product_tag","embeddable":true,"href":"https:\/\/www.yishengpack.com\/es\/wp-json\/wp\/v2\/product_tag?post=2600"}],"curies":[{"name":"wp","href":"https:\/\/api.w.org\/{rel}","templated":true}]}}