{"id":2592,"date":"2025-11-25T03:34:38","date_gmt":"2025-11-25T03:34:38","guid":{"rendered":"https:\/\/www.yishengpack.com\/?post_type=product&#038;p=2592"},"modified":"2025-11-25T03:34:39","modified_gmt":"2025-11-25T03:34:39","slug":"food-gift-boxes-wholesale","status":"publish","type":"product","link":"https:\/\/www.yishengpack.com\/es\/producto\/food-gift-boxes-wholesale\/","title":{"rendered":"Cajas de regalo para alimentos al por mayor, cajas plegables personalizadas con bandeja interior"},"content":{"rendered":"<div class=\"wp-block-columns is-layout-flex wp-container-core-columns-is-layout-9d6595d7 wp-block-columns-is-layout-flex\">\n<div class=\"wp-block-column is-layout-flow wp-block-column-is-layout-flow\">\n<h3 class=\"wp-block-heading\">Caracter\u00edsticas de las cajas de regalo para alimentos al por mayor<\/h3>\n\n\n\n<p><strong>Disposici\u00f3n de compartimentos seccionados: <\/strong>Estas cajas de regalo para alimentos al por mayor cuentan con un dise\u00f1o de compartimentos divididos, ideal para guardar por separado diferentes alimentos como pasteles, s\u00e1ndwiches y frituras. Garantizan que cada alimento permanezca intacto, ofreciendo una experiencia gastron\u00f3mica organizada.<\/p>\n\n\n\n<p><strong>Materiales de calidad alimentaria:<\/strong> Estas cajas plegables personalizadas est\u00e1n fabricadas con materiales aptos para uso alimentario y son lo suficientemente duraderas como para contener cualquier tipo de producto alimentario, incluidos art\u00edculos delicados como macarons o suculentos sushis. Estas cajas de papel proteger\u00e1n y conservar\u00e1n sus alimentos de forma segura, lo que le permitir\u00e1 satisfacer con confianza todas sus necesidades de envasado de alimentos.<\/p>\n\n\n\n<p><strong>Cierre a presi\u00f3n seguro:<\/strong> Estas cajas plegables personalizadas tambi\u00e9n incorporan un mecanismo de cierre a presi\u00f3n que garantiza la seguridad de los alimentos durante el transporte. El dise\u00f1o encapsulado evita que los alimentos se derramen y los mantiene frescos e intactos.<\/p>\n\n\n\n<p><strong>Varios tama\u00f1os disponibles:<\/strong> Estas cajas de regalo para alimentos al por mayor ofrecen una gran variedad de tama\u00f1os, desde peque\u00f1as cajas para aperitivos hasta grandes lotes de regalo, adecuados para paquetes individuales, paquetes m\u00faltiples y cajas de regalo combinadas.<\/p>\n\n\n\n<p><strong>Totalmente personalizable para marcas de alimentaci\u00f3n:<\/strong> Nuestras cajas de regalo para alimentos al por mayor permiten una personalizaci\u00f3n total. Puede ajustar el tama\u00f1o, imprimir logotipos de restaurantes o gr\u00e1ficos espec\u00edficos para alimentos y elegir acabados de superficie para adaptarse a las necesidades de marca exclusivas de las empresas alimentarias.<\/p>\n<\/div>\n\n\n\n<div class=\"wp-block-column is-layout-flow wp-block-column-is-layout-flow\">\n<figure class=\"wp-block-image size-full\"><img decoding=\"async\" width=\"2048\" height=\"2048\" src=\"https:\/\/www.yishengpack.com\/wp-content\/uploads\/2025\/11\/Hot-Sale-Food-Packaging-Box-Wholesale-Folding-Paper-Box-with-Custom-Inner-Tray-2.webp\" alt=\"cajas de regalo para alimentos al por mayor-cajas plegables personalizadas con bandeja interior-2\" class=\"wp-image-2594\" srcset=\"https:\/\/www.yishengpack.com\/wp-content\/uploads\/2025\/11\/Hot-Sale-Food-Packaging-Box-Wholesale-Folding-Paper-Box-with-Custom-Inner-Tray-2.webp 2048w, https:\/\/www.yishengpack.com\/wp-content\/uploads\/2025\/11\/Hot-Sale-Food-Packaging-Box-Wholesale-Folding-Paper-Box-with-Custom-Inner-Tray-2-300x300.webp 300w, https:\/\/www.yishengpack.com\/wp-content\/uploads\/2025\/11\/Hot-Sale-Food-Packaging-Box-Wholesale-Folding-Paper-Box-with-Custom-Inner-Tray-2-150x150.webp 150w, https:\/\/www.yishengpack.com\/wp-content\/uploads\/2025\/11\/Hot-Sale-Food-Packaging-Box-Wholesale-Folding-Paper-Box-with-Custom-Inner-Tray-2-768x768.webp 768w, https:\/\/www.yishengpack.com\/wp-content\/uploads\/2025\/11\/Hot-Sale-Food-Packaging-Box-Wholesale-Folding-Paper-Box-with-Custom-Inner-Tray-2-12x12.webp 12w, https:\/\/www.yishengpack.com\/wp-content\/uploads\/2025\/11\/Hot-Sale-Food-Packaging-Box-Wholesale-Folding-Paper-Box-with-Custom-Inner-Tray-2-1200x1200.webp 1200w, https:\/\/www.yishengpack.com\/wp-content\/uploads\/2025\/11\/Hot-Sale-Food-Packaging-Box-Wholesale-Folding-Paper-Box-with-Custom-Inner-Tray-2-600x600.webp 600w, https:\/\/www.yishengpack.com\/wp-content\/uploads\/2025\/11\/Hot-Sale-Food-Packaging-Box-Wholesale-Folding-Paper-Box-with-Custom-Inner-Tray-2-100x100.webp 100w\" sizes=\"(max-width: 2048px) 100vw, 2048px\" \/><\/figure>\n<\/div>\n<\/div>\n\n\n\n<div class=\"wp-block-columns is-layout-flex wp-container-core-columns-is-layout-9d6595d7 wp-block-columns-is-layout-flex\">\n<div class=\"wp-block-column is-layout-flow wp-block-column-is-layout-flow\">\n<figure class=\"wp-block-image size-full\"><img decoding=\"async\" width=\"2048\" height=\"2048\" src=\"https:\/\/www.yishengpack.com\/wp-content\/uploads\/2025\/11\/Hot-Sale-Food-Packaging-Box-Wholesale-Folding-Paper-Box-with-Custom-Inner-Tray-1.webp\" alt=\"cajas-de-regalo-para-alimentos-al-por-mayor-cajas-plegables-personalizadas-con-bandeja-interior-1\" class=\"wp-image-2593\" srcset=\"https:\/\/www.yishengpack.com\/wp-content\/uploads\/2025\/11\/Hot-Sale-Food-Packaging-Box-Wholesale-Folding-Paper-Box-with-Custom-Inner-Tray-1.webp 2048w, https:\/\/www.yishengpack.com\/wp-content\/uploads\/2025\/11\/Hot-Sale-Food-Packaging-Box-Wholesale-Folding-Paper-Box-with-Custom-Inner-Tray-1-300x300.webp 300w, https:\/\/www.yishengpack.com\/wp-content\/uploads\/2025\/11\/Hot-Sale-Food-Packaging-Box-Wholesale-Folding-Paper-Box-with-Custom-Inner-Tray-1-150x150.webp 150w, https:\/\/www.yishengpack.com\/wp-content\/uploads\/2025\/11\/Hot-Sale-Food-Packaging-Box-Wholesale-Folding-Paper-Box-with-Custom-Inner-Tray-1-768x768.webp 768w, https:\/\/www.yishengpack.com\/wp-content\/uploads\/2025\/11\/Hot-Sale-Food-Packaging-Box-Wholesale-Folding-Paper-Box-with-Custom-Inner-Tray-1-12x12.webp 12w, https:\/\/www.yishengpack.com\/wp-content\/uploads\/2025\/11\/Hot-Sale-Food-Packaging-Box-Wholesale-Folding-Paper-Box-with-Custom-Inner-Tray-1-1200x1200.webp 1200w, https:\/\/www.yishengpack.com\/wp-content\/uploads\/2025\/11\/Hot-Sale-Food-Packaging-Box-Wholesale-Folding-Paper-Box-with-Custom-Inner-Tray-1-600x600.webp 600w, https:\/\/www.yishengpack.com\/wp-content\/uploads\/2025\/11\/Hot-Sale-Food-Packaging-Box-Wholesale-Folding-Paper-Box-with-Custom-Inner-Tray-1-100x100.webp 100w\" sizes=\"(max-width: 2048px) 100vw, 2048px\" \/><\/figure>\n\n\n\n<div class=\"wp-block-buttons has-custom-font-size has-small-font-size is-content-justification-center is-layout-flex wp-container-core-buttons-is-layout-16018d1d wp-block-buttons-is-layout-flex\">\n<div class=\"wp-block-button has-custom-width wp-block-button__width-75\"><a class=\"wp-block-button__link has-background has-small-font-size has-custom-font-size wp-element-button\" href=\"https:\/\/www.yishengpack.com\/es\/custom-printed-box\/\" style=\"background:linear-gradient(135deg,rgb(254,205,165) 0%,rgb(254,45,45) 0%,rgb(94,15,15) 0%,rgb(94,15,15) 100%)\" target=\"_blank\" rel=\"noreferrer noopener\"><strong>Explorar las cajas impresas personalizadas<\/strong><\/a><\/div>\n<\/div>\n<\/div>\n\n\n\n<div class=\"wp-block-column is-layout-flow wp-block-column-is-layout-flow\">\n<figure class=\"wp-block-image size-full\"><img decoding=\"async\" width=\"1856\" height=\"1856\" src=\"https:\/\/www.yishengpack.com\/wp-content\/uploads\/2025\/11\/Hot-Sale-Food-Packaging-Box-Wholesale-Folding-Paper-Box-with-Custom-Inner-Tray-5.webp\" alt=\"cajas-regalo-alimentos-cajas-plegables-personalizadas-al-mayor-con-5\" class=\"wp-image-2597\" srcset=\"https:\/\/www.yishengpack.com\/wp-content\/uploads\/2025\/11\/Hot-Sale-Food-Packaging-Box-Wholesale-Folding-Paper-Box-with-Custom-Inner-Tray-5.webp 1856w, https:\/\/www.yishengpack.com\/wp-content\/uploads\/2025\/11\/Hot-Sale-Food-Packaging-Box-Wholesale-Folding-Paper-Box-with-Custom-Inner-Tray-5-300x300.webp 300w, https:\/\/www.yishengpack.com\/wp-content\/uploads\/2025\/11\/Hot-Sale-Food-Packaging-Box-Wholesale-Folding-Paper-Box-with-Custom-Inner-Tray-5-150x150.webp 150w, https:\/\/www.yishengpack.com\/wp-content\/uploads\/2025\/11\/Hot-Sale-Food-Packaging-Box-Wholesale-Folding-Paper-Box-with-Custom-Inner-Tray-5-768x768.webp 768w, https:\/\/www.yishengpack.com\/wp-content\/uploads\/2025\/11\/Hot-Sale-Food-Packaging-Box-Wholesale-Folding-Paper-Box-with-Custom-Inner-Tray-5-12x12.webp 12w, https:\/\/www.yishengpack.com\/wp-content\/uploads\/2025\/11\/Hot-Sale-Food-Packaging-Box-Wholesale-Folding-Paper-Box-with-Custom-Inner-Tray-5-1200x1200.webp 1200w, https:\/\/www.yishengpack.com\/wp-content\/uploads\/2025\/11\/Hot-Sale-Food-Packaging-Box-Wholesale-Folding-Paper-Box-with-Custom-Inner-Tray-5-600x600.webp 600w, https:\/\/www.yishengpack.com\/wp-content\/uploads\/2025\/11\/Hot-Sale-Food-Packaging-Box-Wholesale-Folding-Paper-Box-with-Custom-Inner-Tray-5-100x100.webp 100w\" sizes=\"(max-width: 1856px) 100vw, 1856px\" \/><\/figure>\n\n\n\n<div class=\"wp-block-buttons has-custom-font-size has-small-font-size is-content-justification-center is-layout-flex wp-container-core-buttons-is-layout-16018d1d wp-block-buttons-is-layout-flex\">\n<div class=\"wp-block-button has-custom-width wp-block-button__width-75\"><a class=\"wp-block-button__link has-background has-small-font-size has-custom-font-size wp-element-button\" href=\"https:\/\/www.yishengpack.com\/es\/custom-box-inserts-accessories\/\" style=\"background:linear-gradient(135deg,rgb(254,205,165) 0%,rgb(254,45,45) 0%,rgb(94,15,15) 0%,rgb(94,15,15) 100%)\" target=\"_blank\" rel=\"noreferrer noopener\"><strong>Explorar los insertos personalizados para cajas<\/strong><\/a><\/div>\n<\/div>\n<\/div>\n<\/div>","protected":false},"excerpt":{"rendered":"<p>Bienvenido a comprar nuestras cajas de regalo para alimentos al por mayor, dise\u00f1adas con una estructura plegable personalizada duradera y una bandeja interior, que ofrecen un embalaje seguro, atractivo y protector para chocolates, pasteles, galletas y sets de regalo de temporada. Con las caracter\u00edsticas adicionales de ser un OEM\/ODM completo, incluyendo tama\u00f1os, materiales y acabados de impresi\u00f3n de primera calidad, nuestras cajas de regalo plegables proporcionan una experiencia de desembalaje premium, lo que alivia los costes de almacenamiento y env\u00edo. Perfectas para marcas, panader\u00edas y proveedores de regalos alimenticios.<\/p>\n<h2>Lo m\u00e1s destacado de las cajas de regalo con productos alimenticios al por mayor<\/h2>\n<ul>\n<li>Personalizaci\u00f3n de alto nivel<\/li>\n<li>Dise\u00f1o de estructura plegable<\/li>\n<li>Construcci\u00f3n robusta<\/li>\n<li>Materiales de primera calidad<\/li>\n<li>Procesos de impresi\u00f3n sofisticados<\/li>\n<li>Varios tipos de cajas<\/li>\n<li>Varios tama\u00f1os<\/li>\n<li>Colores vivos<\/li>\n<li>Interior personalizado<\/li>\n<li>Servicio OEM\/ODM<\/li>\n<\/ul>","protected":false},"featured_media":2593,"comment_status":"closed","ping_status":"closed","template":"","meta":{"_acf_changed":false},"box-type":[55,48],"product_brand":[],"product_cat":[46,19,41,33,71,44],"product_tag":[],"class_list":{"0":"post-2592","1":"product","2":"type-product","3":"status-publish","4":"has-post-thumbnail","6":"box-type-custom-foldable-boxes","7":"box-type-custom-tuck-top-boxes","8":"product_cat-wholesale-paper-boxes","9":"product_cat-luxury-gift-boxes-wholesale","10":"product_cat-candy-gift-boxes-wholesale","11":"product_cat-food-packaging-boxes-wholesale","12":"product_cat-custom-takeout-boxes","13":"product_cat-custom-snack-box","15":"first","16":"instock","17":"shipping-taxable","18":"product-type-simple"},"acf":[],"_links":{"self":[{"href":"https:\/\/www.yishengpack.com\/es\/wp-json\/wp\/v2\/product\/2592","targetHints":{"allow":["GET"]}}],"collection":[{"href":"https:\/\/www.yishengpack.com\/es\/wp-json\/wp\/v2\/product"}],"about":[{"href":"https:\/\/www.yishengpack.com\/es\/wp-json\/wp\/v2\/types\/product"}],"replies":[{"embeddable":true,"href":"https:\/\/www.yishengpack.com\/es\/wp-json\/wp\/v2\/comments?post=2592"}],"wp:featuredmedia":[{"embeddable":true,"href":"https:\/\/www.yishengpack.com\/es\/wp-json\/wp\/v2\/media\/2593"}],"wp:attachment":[{"href":"https:\/\/www.yishengpack.com\/es\/wp-json\/wp\/v2\/media?parent=2592"}],"wp:term":[{"taxonomy":"box-type","embeddable":true,"href":"https:\/\/www.yishengpack.com\/es\/wp-json\/wp\/v2\/box-type?post=2592"},{"taxonomy":"product_brand","embeddable":true,"href":"https:\/\/www.yishengpack.com\/es\/wp-json\/wp\/v2\/product_brand?post=2592"},{"taxonomy":"product_cat","embeddable":true,"href":"https:\/\/www.yishengpack.com\/es\/wp-json\/wp\/v2\/product_cat?post=2592"},{"taxonomy":"product_tag","embeddable":true,"href":"https:\/\/www.yishengpack.com\/es\/wp-json\/wp\/v2\/product_tag?post=2592"}],"curies":[{"name":"wp","href":"https:\/\/api.w.org\/{rel}","templated":true}]}}