{"id":2534,"date":"2025-11-14T03:17:51","date_gmt":"2025-11-14T03:17:51","guid":{"rendered":"https:\/\/www.yishengpack.com\/?post_type=product&#038;p=2534"},"modified":"2025-11-14T03:17:52","modified_gmt":"2025-11-14T03:17:52","slug":"gable-cake-boxes-wholesale","status":"publish","type":"product","link":"https:\/\/www.yishengpack.com\/es\/producto\/gable-cake-boxes-wholesale\/","title":{"rendered":"Gable Cake Boxes Mayorista, Cajas de Comida para Llevar Personalizadas"},"content":{"rendered":"<div class=\"wp-block-columns is-layout-flex wp-container-core-columns-is-layout-9d6595d7 wp-block-columns-is-layout-flex\">\n<div class=\"wp-block-column is-layout-flow wp-block-column-is-layout-flow\">\n<h3 class=\"wp-block-heading\">Caracter\u00edsticas de Gable Cake Cajas al por mayor<\/h3>\n\n\n\n<p><strong>Ventana transparente para escaparate de postres: <\/strong>Estas cajas para tartas al por mayor tienen una ventana transparente que permite ver tentadores pasteles, magdalenas y pudines de chocolate. Son perfectas para regalar, al tiempo que mejoran la eficacia de la exposici\u00f3n y la conversi\u00f3n de ventas.<\/p>\n\n\n\n<p><strong>Materiales seguros para uso alimentario:<\/strong> Estas cajas para tartas al por mayor est\u00e1n fabricadas con cart\u00f3n blanco o papel kraft de calidad alimentaria, seguro e inodoro, apto para el contacto directo con tartas y postres. Se puede a\u00f1adir una capa interior a prueba de aceite y humedad para mantener los pasteles frescos y evitar su deformaci\u00f3n.<\/p>\n\n\n\n<p><strong>Dise\u00f1o de aspecto exquisito:<\/strong> Estas cajas personalizadas para llevar presentan bonitas ilustraciones e impresiones tem\u00e1ticas, ofrecen un gran atractivo visual y mejoran la calidad percibida del producto. La impresi\u00f3n en color de alta calidad las hace id\u00f3neas para envasar postres navide\u00f1os, de regalo y gourmet.<\/p>\n\n\n\n<p><strong>Estructura del asa del front\u00f3n: <\/strong>Estas cajas personalizadas para comida para llevar tienen una forma \u00fanica de caja a dos aguas que facilita su transporte y mejora la experiencia de envasado. La estructura estable garantiza que la caja sea resistente y no se hunda con facilidad, lo que la hace ideal para envasar comida para llevar y regalos.<\/p>\n\n\n\n<p><strong>Servicio de personalizaci\u00f3n:<\/strong> Estas cajas para tartas al por mayor est\u00e1n disponibles en varios tama\u00f1os para una o varias magdalenas, mini tartas, postres, etc. Se admiten OEM\/ODM, personalizaci\u00f3n de logotipos, personalizaci\u00f3n de dise\u00f1os, estampaci\u00f3n en caliente, laminaci\u00f3n y otros procesos para satisfacer las necesidades espec\u00edficas de cada marca. Combina la est\u00e9tica del regalo con la funcionalidad de la comida para llevar.<\/p>\n<\/div>\n\n\n\n<div class=\"wp-block-column is-layout-flow wp-block-column-is-layout-flow\">\n<figure class=\"wp-block-image size-full\"><img decoding=\"async\" width=\"2048\" height=\"2048\" src=\"https:\/\/www.yishengpack.com\/wp-content\/uploads\/2025\/11\/Customized-Exquisite-Cake-Gift-Boxes-Food-Grade-Takeaway-Boxes-with-Clear-Window-Wholesale-2.webp\" alt=\"gable-cake-boxes-mayorista-de-alimentos-grado-personalizado-para-llevar-cajas-2\" class=\"wp-image-2536\" srcset=\"https:\/\/www.yishengpack.com\/wp-content\/uploads\/2025\/11\/Customized-Exquisite-Cake-Gift-Boxes-Food-Grade-Takeaway-Boxes-with-Clear-Window-Wholesale-2.webp 2048w, https:\/\/www.yishengpack.com\/wp-content\/uploads\/2025\/11\/Customized-Exquisite-Cake-Gift-Boxes-Food-Grade-Takeaway-Boxes-with-Clear-Window-Wholesale-2-300x300.webp 300w, https:\/\/www.yishengpack.com\/wp-content\/uploads\/2025\/11\/Customized-Exquisite-Cake-Gift-Boxes-Food-Grade-Takeaway-Boxes-with-Clear-Window-Wholesale-2-150x150.webp 150w, https:\/\/www.yishengpack.com\/wp-content\/uploads\/2025\/11\/Customized-Exquisite-Cake-Gift-Boxes-Food-Grade-Takeaway-Boxes-with-Clear-Window-Wholesale-2-768x768.webp 768w, https:\/\/www.yishengpack.com\/wp-content\/uploads\/2025\/11\/Customized-Exquisite-Cake-Gift-Boxes-Food-Grade-Takeaway-Boxes-with-Clear-Window-Wholesale-2-12x12.webp 12w, https:\/\/www.yishengpack.com\/wp-content\/uploads\/2025\/11\/Customized-Exquisite-Cake-Gift-Boxes-Food-Grade-Takeaway-Boxes-with-Clear-Window-Wholesale-2-1200x1200.webp 1200w, https:\/\/www.yishengpack.com\/wp-content\/uploads\/2025\/11\/Customized-Exquisite-Cake-Gift-Boxes-Food-Grade-Takeaway-Boxes-with-Clear-Window-Wholesale-2-600x600.webp 600w, https:\/\/www.yishengpack.com\/wp-content\/uploads\/2025\/11\/Customized-Exquisite-Cake-Gift-Boxes-Food-Grade-Takeaway-Boxes-with-Clear-Window-Wholesale-2-100x100.webp 100w\" sizes=\"(max-width: 2048px) 100vw, 2048px\" \/><\/figure>\n<\/div>\n<\/div>\n\n\n\n<div class=\"wp-block-columns is-layout-flex wp-container-core-columns-is-layout-9d6595d7 wp-block-columns-is-layout-flex\">\n<div class=\"wp-block-column is-layout-flow wp-block-column-is-layout-flow\">\n<figure class=\"wp-block-image size-full\"><img decoding=\"async\" width=\"1883\" height=\"1883\" src=\"https:\/\/www.yishengpack.com\/wp-content\/uploads\/2025\/11\/Customized-Exquisite-Cake-Gift-Boxes-Food-Grade-Takeaway-Boxes-with-Clear-Window-Wholesale-4.webp\" alt=\"gable-cake-boxes-mayorista-de-alimentos-grado-personalizado-para-llevar-cajas-4\" class=\"wp-image-2538\" srcset=\"https:\/\/www.yishengpack.com\/wp-content\/uploads\/2025\/11\/Customized-Exquisite-Cake-Gift-Boxes-Food-Grade-Takeaway-Boxes-with-Clear-Window-Wholesale-4.webp 1883w, https:\/\/www.yishengpack.com\/wp-content\/uploads\/2025\/11\/Customized-Exquisite-Cake-Gift-Boxes-Food-Grade-Takeaway-Boxes-with-Clear-Window-Wholesale-4-300x300.webp 300w, https:\/\/www.yishengpack.com\/wp-content\/uploads\/2025\/11\/Customized-Exquisite-Cake-Gift-Boxes-Food-Grade-Takeaway-Boxes-with-Clear-Window-Wholesale-4-150x150.webp 150w, https:\/\/www.yishengpack.com\/wp-content\/uploads\/2025\/11\/Customized-Exquisite-Cake-Gift-Boxes-Food-Grade-Takeaway-Boxes-with-Clear-Window-Wholesale-4-768x768.webp 768w, https:\/\/www.yishengpack.com\/wp-content\/uploads\/2025\/11\/Customized-Exquisite-Cake-Gift-Boxes-Food-Grade-Takeaway-Boxes-with-Clear-Window-Wholesale-4-12x12.webp 12w, https:\/\/www.yishengpack.com\/wp-content\/uploads\/2025\/11\/Customized-Exquisite-Cake-Gift-Boxes-Food-Grade-Takeaway-Boxes-with-Clear-Window-Wholesale-4-1200x1200.webp 1200w, https:\/\/www.yishengpack.com\/wp-content\/uploads\/2025\/11\/Customized-Exquisite-Cake-Gift-Boxes-Food-Grade-Takeaway-Boxes-with-Clear-Window-Wholesale-4-600x600.webp 600w, https:\/\/www.yishengpack.com\/wp-content\/uploads\/2025\/11\/Customized-Exquisite-Cake-Gift-Boxes-Food-Grade-Takeaway-Boxes-with-Clear-Window-Wholesale-4-100x100.webp 100w\" sizes=\"(max-width: 1883px) 100vw, 1883px\" \/><\/figure>\n\n\n\n<div class=\"wp-block-buttons has-custom-font-size has-small-font-size is-content-justification-center is-layout-flex wp-container-core-buttons-is-layout-16018d1d wp-block-buttons-is-layout-flex\">\n<div class=\"wp-block-button has-custom-width wp-block-button__width-75\"><a class=\"wp-block-button__link has-background has-small-font-size has-custom-font-size wp-element-button\" href=\"https:\/\/www.yishengpack.com\/es\/custom-printed-box\/\" style=\"background:linear-gradient(135deg,rgb(254,205,165) 0%,rgb(254,45,45) 0%,rgb(94,15,15) 0%,rgb(94,15,15) 100%)\" target=\"_blank\" rel=\"noreferrer noopener\"><strong>Explorar las cajas impresas personalizadas<\/strong><\/a><\/div>\n<\/div>\n<\/div>\n\n\n\n<div class=\"wp-block-column is-layout-flow wp-block-column-is-layout-flow\">\n<figure class=\"wp-block-image size-full\"><img decoding=\"async\" width=\"2048\" height=\"2048\" src=\"https:\/\/www.yishengpack.com\/wp-content\/uploads\/2025\/11\/Customized-Exquisite-Cake-Gift-Boxes-Food-Grade-Takeaway-Boxes-with-Clear-Window-Wholesale-3.webp\" alt=\"gable-cake-boxes-mayorista-de-alimentos-grado-personalizado-para-llevar-cajas-3\" class=\"wp-image-2537\" srcset=\"https:\/\/www.yishengpack.com\/wp-content\/uploads\/2025\/11\/Customized-Exquisite-Cake-Gift-Boxes-Food-Grade-Takeaway-Boxes-with-Clear-Window-Wholesale-3.webp 2048w, https:\/\/www.yishengpack.com\/wp-content\/uploads\/2025\/11\/Customized-Exquisite-Cake-Gift-Boxes-Food-Grade-Takeaway-Boxes-with-Clear-Window-Wholesale-3-300x300.webp 300w, https:\/\/www.yishengpack.com\/wp-content\/uploads\/2025\/11\/Customized-Exquisite-Cake-Gift-Boxes-Food-Grade-Takeaway-Boxes-with-Clear-Window-Wholesale-3-150x150.webp 150w, https:\/\/www.yishengpack.com\/wp-content\/uploads\/2025\/11\/Customized-Exquisite-Cake-Gift-Boxes-Food-Grade-Takeaway-Boxes-with-Clear-Window-Wholesale-3-768x768.webp 768w, https:\/\/www.yishengpack.com\/wp-content\/uploads\/2025\/11\/Customized-Exquisite-Cake-Gift-Boxes-Food-Grade-Takeaway-Boxes-with-Clear-Window-Wholesale-3-12x12.webp 12w, https:\/\/www.yishengpack.com\/wp-content\/uploads\/2025\/11\/Customized-Exquisite-Cake-Gift-Boxes-Food-Grade-Takeaway-Boxes-with-Clear-Window-Wholesale-3-1200x1200.webp 1200w, https:\/\/www.yishengpack.com\/wp-content\/uploads\/2025\/11\/Customized-Exquisite-Cake-Gift-Boxes-Food-Grade-Takeaway-Boxes-with-Clear-Window-Wholesale-3-600x600.webp 600w, https:\/\/www.yishengpack.com\/wp-content\/uploads\/2025\/11\/Customized-Exquisite-Cake-Gift-Boxes-Food-Grade-Takeaway-Boxes-with-Clear-Window-Wholesale-3-100x100.webp 100w\" sizes=\"(max-width: 2048px) 100vw, 2048px\" \/><\/figure>\n\n\n\n<div class=\"wp-block-buttons has-custom-font-size has-small-font-size is-content-justification-center is-layout-flex wp-container-core-buttons-is-layout-16018d1d wp-block-buttons-is-layout-flex\">\n<div class=\"wp-block-button has-custom-width wp-block-button__width-75\"><a class=\"wp-block-button__link has-background has-small-font-size has-custom-font-size wp-element-button\" href=\"https:\/\/www.yishengpack.com\/es\/custom-box-inserts-accessories\/\" style=\"background:linear-gradient(135deg,rgb(254,205,165) 0%,rgb(254,45,45) 0%,rgb(94,15,15) 0%,rgb(94,15,15) 100%)\" target=\"_blank\" rel=\"noreferrer noopener\"><strong>Explorar los insertos personalizados para cajas<\/strong><\/a><\/div>\n<\/div>\n<\/div>\n<\/div>\n\n\n\n<p><\/p>","protected":false},"excerpt":{"rendered":"<p>Le damos la bienvenida a la compra al por mayor de nuestras cajas para tartas, fabricadas en papel apto para uso alimentario, con una ventana de exposici\u00f3n transparente y un resistente dise\u00f1o para llevar a mano, perfectas para envasar tartas de queso, cupcakes y mucho m\u00e1s. Desde el tama\u00f1o, los colores y los encantadores dise\u00f1os hasta el logotipo y los insertos personalizados, son totalmente personalizables para adaptarse a su marca. Adecuadas para la venta al por mayor en panader\u00edas y para llevar.<\/p>\n<h2>Aspectos destacados de Gable Cake Boxes Wholesale<\/h2>\n<ul>\n<li>Personalizaci\u00f3n completa<\/li>\n<li>Materiales ecol\u00f3gicos<\/li>\n<li>Impresi\u00f3n exquisita<\/li>\n<li>M\u00faltiples tipos de cajas<\/li>\n<li>Colores vivos<\/li>\n<li>Ventana de visualizaci\u00f3n transparente<\/li>\n<li>Dise\u00f1o port\u00e1til<\/li>\n<li>Construcci\u00f3n robusta<\/li>\n<\/ul>","protected":false},"featured_media":2535,"comment_status":"closed","ping_status":"closed","template":"","meta":{"_acf_changed":false},"box-type":[55,58],"product_brand":[],"product_cat":[30,19,41,46,71],"product_tag":[],"class_list":{"0":"post-2534","1":"product","2":"type-product","3":"status-publish","4":"has-post-thumbnail","6":"box-type-custom-foldable-boxes","7":"box-type-custom-window-gift-box","8":"product_cat-cake-containers-wholesale","9":"product_cat-luxury-gift-boxes-wholesale","10":"product_cat-candy-gift-boxes-wholesale","11":"product_cat-wholesale-paper-boxes","12":"product_cat-custom-takeout-boxes","14":"first","15":"instock","16":"shipping-taxable","17":"product-type-simple"},"acf":[],"_links":{"self":[{"href":"https:\/\/www.yishengpack.com\/es\/wp-json\/wp\/v2\/product\/2534","targetHints":{"allow":["GET"]}}],"collection":[{"href":"https:\/\/www.yishengpack.com\/es\/wp-json\/wp\/v2\/product"}],"about":[{"href":"https:\/\/www.yishengpack.com\/es\/wp-json\/wp\/v2\/types\/product"}],"replies":[{"embeddable":true,"href":"https:\/\/www.yishengpack.com\/es\/wp-json\/wp\/v2\/comments?post=2534"}],"wp:featuredmedia":[{"embeddable":true,"href":"https:\/\/www.yishengpack.com\/es\/wp-json\/wp\/v2\/media\/2535"}],"wp:attachment":[{"href":"https:\/\/www.yishengpack.com\/es\/wp-json\/wp\/v2\/media?parent=2534"}],"wp:term":[{"taxonomy":"box-type","embeddable":true,"href":"https:\/\/www.yishengpack.com\/es\/wp-json\/wp\/v2\/box-type?post=2534"},{"taxonomy":"product_brand","embeddable":true,"href":"https:\/\/www.yishengpack.com\/es\/wp-json\/wp\/v2\/product_brand?post=2534"},{"taxonomy":"product_cat","embeddable":true,"href":"https:\/\/www.yishengpack.com\/es\/wp-json\/wp\/v2\/product_cat?post=2534"},{"taxonomy":"product_tag","embeddable":true,"href":"https:\/\/www.yishengpack.com\/es\/wp-json\/wp\/v2\/product_tag?post=2534"}],"curies":[{"name":"wp","href":"https:\/\/api.w.org\/{rel}","templated":true}]}}