{"id":2478,"date":"2025-11-13T08:10:31","date_gmt":"2025-11-13T08:10:31","guid":{"rendered":"https:\/\/www.yishengpack.com\/?post_type=product&#038;p=2478"},"modified":"2025-11-13T08:32:12","modified_gmt":"2025-11-13T08:32:12","slug":"shipping-boxes-in-bulk","status":"publish","type":"product","link":"https:\/\/www.yishengpack.com\/es\/producto\/shipping-boxes-in-bulk\/","title":{"rendered":"Cajas de env\u00edo a granel, corrugado personalizado impreso Mailer Box"},"content":{"rendered":"<div class=\"wp-block-columns is-layout-flex wp-container-core-columns-is-layout-9d6595d7 wp-block-columns-is-layout-flex\">\n<div class=\"wp-block-column is-layout-flow wp-block-column-is-layout-flow\">\n<h3 class=\"wp-block-heading\">Caracter\u00edsticas de las cajas de env\u00edo superiores a granel<\/h3>\n\n\n\n<p><strong>Dise\u00f1o abatible a presi\u00f3n:<\/strong> Estas cajas de env\u00edo a granel presentan un dise\u00f1o de tapa abatible a presi\u00f3n que permite un proceso de sellado r\u00e1pido y seguro. Son perfectas para enviar art\u00edculos de uso diario, ropa y calzado, ya que garantizan que los art\u00edculos permanezcan intactos durante la entrega.<\/p>\n\n\n\n<p><strong>Construcci\u00f3n duradera de cart\u00f3n: <\/strong>Estas cajas postales impresas personalizadas hechas de cart\u00f3n duradero cuentan con una excelente resistencia a la compresi\u00f3n y protecci\u00f3n contra impactos, lo que las convierte en un embalaje fiable para el env\u00edo de ropa, zapatos y art\u00edculos cotidianos.<\/p>\n\n\n\n<p><strong>Atractivos estampados: <\/strong>Estas cajas de env\u00edo al por mayor vienen con llamativos dise\u00f1os, como ondas, corazones y estrellas. Esto aumenta el atractivo visual, lo que hace que la caja sea ideal para la marca y la presentaci\u00f3n de diversos productos enviados.<\/p>\n\n\n\n<p><strong>Impresi\u00f3n personalizada disponible: <\/strong>Estas cajas de env\u00edo a granel admiten logotipos, dise\u00f1os, colores y tratamientos superficiales (como laminado mate, laminado brillante, impresi\u00f3n UV, etc.) que pueden personalizarse para satisfacer las necesidades de la marca, mejorando su reconocimiento.<\/p>\n\n\n\n<p><strong>M\u00faltiples tama\u00f1os disponibles:<\/strong> Estas cajas postales impresas a medida ofrecen varios tama\u00f1os, con amplia capacidad de almacenamiento. La caja puede contener m\u00faltiples art\u00edculos y formas para adaptarse a las necesidades de env\u00edo y envasado de diferentes productos.<\/p>\n<\/div>\n\n\n\n<div class=\"wp-block-column is-layout-flow wp-block-column-is-layout-flow\">\n<figure class=\"wp-block-image size-full\"><img decoding=\"async\" width=\"2048\" height=\"2048\" src=\"https:\/\/www.yishengpack.com\/wp-content\/uploads\/2025\/11\/Custom-Superior-Corrugated-Mailing-Box-Wholesale-Printing-Logo-Shipping-Box-with-Design-2.webp\" alt=\"shipping-boxes-in-bulk-corrugated-custom-printed-mailer-box-2\" class=\"wp-image-2480\" srcset=\"https:\/\/www.yishengpack.com\/wp-content\/uploads\/2025\/11\/Custom-Superior-Corrugated-Mailing-Box-Wholesale-Printing-Logo-Shipping-Box-with-Design-2.webp 2048w, https:\/\/www.yishengpack.com\/wp-content\/uploads\/2025\/11\/Custom-Superior-Corrugated-Mailing-Box-Wholesale-Printing-Logo-Shipping-Box-with-Design-2-300x300.webp 300w, https:\/\/www.yishengpack.com\/wp-content\/uploads\/2025\/11\/Custom-Superior-Corrugated-Mailing-Box-Wholesale-Printing-Logo-Shipping-Box-with-Design-2-150x150.webp 150w, https:\/\/www.yishengpack.com\/wp-content\/uploads\/2025\/11\/Custom-Superior-Corrugated-Mailing-Box-Wholesale-Printing-Logo-Shipping-Box-with-Design-2-768x768.webp 768w, https:\/\/www.yishengpack.com\/wp-content\/uploads\/2025\/11\/Custom-Superior-Corrugated-Mailing-Box-Wholesale-Printing-Logo-Shipping-Box-with-Design-2-12x12.webp 12w, https:\/\/www.yishengpack.com\/wp-content\/uploads\/2025\/11\/Custom-Superior-Corrugated-Mailing-Box-Wholesale-Printing-Logo-Shipping-Box-with-Design-2-1200x1200.webp 1200w, https:\/\/www.yishengpack.com\/wp-content\/uploads\/2025\/11\/Custom-Superior-Corrugated-Mailing-Box-Wholesale-Printing-Logo-Shipping-Box-with-Design-2-600x600.webp 600w, https:\/\/www.yishengpack.com\/wp-content\/uploads\/2025\/11\/Custom-Superior-Corrugated-Mailing-Box-Wholesale-Printing-Logo-Shipping-Box-with-Design-2-100x100.webp 100w\" sizes=\"(max-width: 2048px) 100vw, 2048px\" \/><\/figure>\n<\/div>\n<\/div>\n\n\n\n<div class=\"wp-block-columns is-layout-flex wp-container-core-columns-is-layout-9d6595d7 wp-block-columns-is-layout-flex\">\n<div class=\"wp-block-column is-layout-flow wp-block-column-is-layout-flow\">\n<figure class=\"wp-block-image size-full\"><img decoding=\"async\" width=\"2048\" height=\"2048\" src=\"https:\/\/www.yishengpack.com\/wp-content\/uploads\/2025\/11\/Custom-Superior-Corrugated-Mailing-Box-Wholesale-Printing-Logo-Shipping-Box-with-Design-7.webp\" alt=\"shipping-boxes-in-bulk-corrugated-custom-printed-mailer-box-7\" class=\"wp-image-2485\" srcset=\"https:\/\/www.yishengpack.com\/wp-content\/uploads\/2025\/11\/Custom-Superior-Corrugated-Mailing-Box-Wholesale-Printing-Logo-Shipping-Box-with-Design-7.webp 2048w, https:\/\/www.yishengpack.com\/wp-content\/uploads\/2025\/11\/Custom-Superior-Corrugated-Mailing-Box-Wholesale-Printing-Logo-Shipping-Box-with-Design-7-300x300.webp 300w, https:\/\/www.yishengpack.com\/wp-content\/uploads\/2025\/11\/Custom-Superior-Corrugated-Mailing-Box-Wholesale-Printing-Logo-Shipping-Box-with-Design-7-150x150.webp 150w, https:\/\/www.yishengpack.com\/wp-content\/uploads\/2025\/11\/Custom-Superior-Corrugated-Mailing-Box-Wholesale-Printing-Logo-Shipping-Box-with-Design-7-768x768.webp 768w, https:\/\/www.yishengpack.com\/wp-content\/uploads\/2025\/11\/Custom-Superior-Corrugated-Mailing-Box-Wholesale-Printing-Logo-Shipping-Box-with-Design-7-12x12.webp 12w, https:\/\/www.yishengpack.com\/wp-content\/uploads\/2025\/11\/Custom-Superior-Corrugated-Mailing-Box-Wholesale-Printing-Logo-Shipping-Box-with-Design-7-1200x1200.webp 1200w, https:\/\/www.yishengpack.com\/wp-content\/uploads\/2025\/11\/Custom-Superior-Corrugated-Mailing-Box-Wholesale-Printing-Logo-Shipping-Box-with-Design-7-600x600.webp 600w, https:\/\/www.yishengpack.com\/wp-content\/uploads\/2025\/11\/Custom-Superior-Corrugated-Mailing-Box-Wholesale-Printing-Logo-Shipping-Box-with-Design-7-100x100.webp 100w\" sizes=\"(max-width: 2048px) 100vw, 2048px\" \/><\/figure>\n\n\n\n<div class=\"wp-block-buttons has-custom-font-size has-small-font-size is-content-justification-center is-layout-flex wp-container-core-buttons-is-layout-16018d1d wp-block-buttons-is-layout-flex\">\n<div class=\"wp-block-button has-custom-width wp-block-button__width-75\"><a class=\"wp-block-button__link has-background has-small-font-size has-custom-font-size wp-element-button\" href=\"https:\/\/www.yishengpack.com\/es\/custom-printed-box\/\" style=\"background:linear-gradient(135deg,rgb(254,205,165) 0%,rgb(254,45,45) 0%,rgb(94,15,15) 0%,rgb(94,15,15) 100%)\" target=\"_blank\" rel=\"noreferrer noopener\"><strong>Explorar las cajas impresas personalizadas<\/strong><\/a><\/div>\n<\/div>\n<\/div>\n\n\n\n<div class=\"wp-block-column is-layout-flow wp-block-column-is-layout-flow\">\n<figure class=\"wp-block-image size-full\"><img decoding=\"async\" width=\"2048\" height=\"2048\" src=\"https:\/\/www.yishengpack.com\/wp-content\/uploads\/2025\/11\/Custom-Superior-Corrugated-Mailing-Box-Wholesale-Printing-Logo-Shipping-Box-with-Design-3.webp\" alt=\"shipping-boxes-in-bulk-corrugated-custom-printed-mailer-box-3\" class=\"wp-image-2481\" srcset=\"https:\/\/www.yishengpack.com\/wp-content\/uploads\/2025\/11\/Custom-Superior-Corrugated-Mailing-Box-Wholesale-Printing-Logo-Shipping-Box-with-Design-3.webp 2048w, https:\/\/www.yishengpack.com\/wp-content\/uploads\/2025\/11\/Custom-Superior-Corrugated-Mailing-Box-Wholesale-Printing-Logo-Shipping-Box-with-Design-3-300x300.webp 300w, https:\/\/www.yishengpack.com\/wp-content\/uploads\/2025\/11\/Custom-Superior-Corrugated-Mailing-Box-Wholesale-Printing-Logo-Shipping-Box-with-Design-3-150x150.webp 150w, https:\/\/www.yishengpack.com\/wp-content\/uploads\/2025\/11\/Custom-Superior-Corrugated-Mailing-Box-Wholesale-Printing-Logo-Shipping-Box-with-Design-3-768x768.webp 768w, https:\/\/www.yishengpack.com\/wp-content\/uploads\/2025\/11\/Custom-Superior-Corrugated-Mailing-Box-Wholesale-Printing-Logo-Shipping-Box-with-Design-3-12x12.webp 12w, https:\/\/www.yishengpack.com\/wp-content\/uploads\/2025\/11\/Custom-Superior-Corrugated-Mailing-Box-Wholesale-Printing-Logo-Shipping-Box-with-Design-3-1200x1200.webp 1200w, https:\/\/www.yishengpack.com\/wp-content\/uploads\/2025\/11\/Custom-Superior-Corrugated-Mailing-Box-Wholesale-Printing-Logo-Shipping-Box-with-Design-3-600x600.webp 600w, https:\/\/www.yishengpack.com\/wp-content\/uploads\/2025\/11\/Custom-Superior-Corrugated-Mailing-Box-Wholesale-Printing-Logo-Shipping-Box-with-Design-3-100x100.webp 100w\" sizes=\"(max-width: 2048px) 100vw, 2048px\" \/><\/figure>\n\n\n\n<div class=\"wp-block-buttons has-custom-font-size has-small-font-size is-content-justification-center is-layout-flex wp-container-core-buttons-is-layout-16018d1d wp-block-buttons-is-layout-flex\">\n<div class=\"wp-block-button has-custom-width wp-block-button__width-75\"><a class=\"wp-block-button__link has-background has-small-font-size has-custom-font-size wp-element-button\" href=\"https:\/\/www.yishengpack.com\/es\/custom-box-inserts-accessories\/\" style=\"background:linear-gradient(135deg,rgb(254,205,165) 0%,rgb(254,45,45) 0%,rgb(94,15,15) 0%)\" target=\"_blank\" rel=\"noreferrer noopener\"><strong>Explorar los insertos personalizados para cajas<\/strong><\/a><\/div>\n<\/div>\n<\/div>\n<\/div>","protected":false},"excerpt":{"rendered":"<p>Bienvenido a comprar nuestras cajas de env\u00edo al por mayor, perfectas para embalar art\u00edculos de primera necesidad, ropa y mucho m\u00e1s. Estas cajas de cart\u00f3n ondulado con impresi\u00f3n personalizada presentan una estructura robusta y un dise\u00f1o seguro, y combinan protecci\u00f3n y practicidad para un transporte seguro. Desde el tama\u00f1o y el grosor hasta el logotipo y la impresi\u00f3n, son totalmente personalizables para adaptarse a su marca. Perm\u00edtanos ayudarle a que sus productos lleguen de forma segura y destaquen profesionalmente, satisfaciendo eficazmente sus necesidades de env\u00edo.<\/p>\n<h2>Aspectos destacados de las cajas de env\u00edo a granel<\/h2>\n<ul>\n<li>Personalizaci\u00f3n total<\/li>\n<li>Materiales ecol\u00f3gicos<\/li>\n<li>Dise\u00f1o abatible a presi\u00f3n<\/li>\n<li>Procesos de impresi\u00f3n sofisticados<\/li>\n<li>Varios tama\u00f1os de caja<\/li>\n<li>Colores vivos<\/li>\n<li>Construcci\u00f3n robusta<\/li>\n<li>Servicio OEM\/ODM<\/li>\n<\/ul>","protected":false},"featured_media":2479,"comment_status":"closed","ping_status":"closed","template":"","meta":{"_acf_changed":false},"box-type":[55,59,48],"product_brand":[],"product_cat":[66,69,67],"product_tag":[],"class_list":{"0":"post-2478","1":"product","2":"type-product","3":"status-publish","4":"has-post-thumbnail","6":"box-type-custom-foldable-boxes","7":"box-type-custom-mailer-boxes","8":"box-type-custom-tuck-top-boxes","9":"product_cat-custom-apparel-boxes","10":"product_cat-custom-retail-boxes","11":"product_cat-custom-shipping-boxes","13":"first","14":"instock","15":"shipping-taxable","16":"product-type-simple"},"acf":[],"_links":{"self":[{"href":"https:\/\/www.yishengpack.com\/es\/wp-json\/wp\/v2\/product\/2478","targetHints":{"allow":["GET"]}}],"collection":[{"href":"https:\/\/www.yishengpack.com\/es\/wp-json\/wp\/v2\/product"}],"about":[{"href":"https:\/\/www.yishengpack.com\/es\/wp-json\/wp\/v2\/types\/product"}],"replies":[{"embeddable":true,"href":"https:\/\/www.yishengpack.com\/es\/wp-json\/wp\/v2\/comments?post=2478"}],"wp:featuredmedia":[{"embeddable":true,"href":"https:\/\/www.yishengpack.com\/es\/wp-json\/wp\/v2\/media\/2479"}],"wp:attachment":[{"href":"https:\/\/www.yishengpack.com\/es\/wp-json\/wp\/v2\/media?parent=2478"}],"wp:term":[{"taxonomy":"box-type","embeddable":true,"href":"https:\/\/www.yishengpack.com\/es\/wp-json\/wp\/v2\/box-type?post=2478"},{"taxonomy":"product_brand","embeddable":true,"href":"https:\/\/www.yishengpack.com\/es\/wp-json\/wp\/v2\/product_brand?post=2478"},{"taxonomy":"product_cat","embeddable":true,"href":"https:\/\/www.yishengpack.com\/es\/wp-json\/wp\/v2\/product_cat?post=2478"},{"taxonomy":"product_tag","embeddable":true,"href":"https:\/\/www.yishengpack.com\/es\/wp-json\/wp\/v2\/product_tag?post=2478"}],"curies":[{"name":"wp","href":"https:\/\/api.w.org\/{rel}","templated":true}]}}