{"id":2470,"date":"2025-11-10T10:13:19","date_gmt":"2025-11-10T10:13:19","guid":{"rendered":"https:\/\/www.yishengpack.com\/?post_type=product&#038;p=2470"},"modified":"2025-11-10T10:13:49","modified_gmt":"2025-11-10T10:13:49","slug":"custom-clothing-paper-bag","status":"publish","type":"product","link":"https:\/\/www.yishengpack.com\/es\/producto\/custom-clothing-paper-bag\/","title":{"rendered":"Bolsas de Papel Personalizadas para Ropa, Bolsas de Regalo Plegables a Granel con Asa para Manchas"},"content":{"rendered":"<div class=\"wp-block-columns is-layout-flex wp-container-core-columns-is-layout-9d6595d7 wp-block-columns-is-layout-flex\">\n<div class=\"wp-block-column is-layout-flow wp-block-column-is-layout-flow\">\n<h3 class=\"wp-block-heading\">Caracter\u00edsticas de la bolsa de papel para ropa personalizada<\/h3>\n\n\n\n<p><strong>Asas satinadas de lujo:<\/strong> La bolsa de papel para ropa personalizada cuenta con elegantes asas de sat\u00e9n para un tacto c\u00f3modo y un aspecto brillante, que elevan la sofisticaci\u00f3n del envase.<\/p>\n\n\n\n<p><strong>Ideal para el envasado de prendas de vestir:<\/strong> La bolsa de papel para ropa personalizada es un perfil moderno y estructurado adecuado para guardar ropa amplia, accesorios o regalos. Realza el embalaje de la marca de ropa.<\/p>\n\n\n\n<p><strong>Papel ecol\u00f3gico de calidad:<\/strong> Estas bolsas de regalo plegables al por mayor para el embalaje de ropa se fabrican con papel de alto gramaje; la superficie es delicada y suave, duradera, y puede soportar cargas sustanciales al tiempo que equilibra est\u00e9ticamente el respeto al medio ambiente.<\/p>\n\n\n\n<p><strong>Dise\u00f1o plegable:<\/strong> La bolsa de papel para ropa personalizada de estructura robusta es f\u00e1cil de plegar, ahorra espacio de transporte y almacenamiento y facilita el suministro a granel. Adecuada para diversos usos comerciales, como tiendas de ropa, mostradores de marcas, exposiciones, envoltorios para regalos y boutiques minoristas.<\/p>\n\n\n\n<p><strong>Admite personalizaci\u00f3n masiva:<\/strong> Nuestras bolsas de regalo plegables al por mayor para embalaje de ropa pueden personalizarse en tama\u00f1o, color, logotipo y procesos de impresi\u00f3n (estampaci\u00f3n en caliente, recubrimiento UV, gofrado, laminaci\u00f3n, etc.) seg\u00fan las necesidades de la marca. Est\u00e1n disponibles en una gran variedad de elegantes dise\u00f1os (lunares, cuadros y corazones) para satisfacer las diversas necesidades de promoci\u00f3n de la marca.<\/p>\n<\/div>\n\n\n\n<div class=\"wp-block-column is-layout-flow wp-block-column-is-layout-flow\">\n<figure class=\"wp-block-image size-full\"><img decoding=\"async\" width=\"2048\" height=\"2048\" src=\"https:\/\/www.yishengpack.com\/wp-content\/uploads\/2025\/11\/Bulk-High-Quality-Folding-Paper-Bags-Wholesale-Custom-Gift-Bags-for-Garment-Packaging-with-Handle-2.webp\" alt=\"bolsas de papel para ropa a granel plegables-suministro de bolsas de regalo-2\" class=\"wp-image-2472\" srcset=\"https:\/\/www.yishengpack.com\/wp-content\/uploads\/2025\/11\/Bulk-High-Quality-Folding-Paper-Bags-Wholesale-Custom-Gift-Bags-for-Garment-Packaging-with-Handle-2.webp 2048w, https:\/\/www.yishengpack.com\/wp-content\/uploads\/2025\/11\/Bulk-High-Quality-Folding-Paper-Bags-Wholesale-Custom-Gift-Bags-for-Garment-Packaging-with-Handle-2-300x300.webp 300w, https:\/\/www.yishengpack.com\/wp-content\/uploads\/2025\/11\/Bulk-High-Quality-Folding-Paper-Bags-Wholesale-Custom-Gift-Bags-for-Garment-Packaging-with-Handle-2-150x150.webp 150w, https:\/\/www.yishengpack.com\/wp-content\/uploads\/2025\/11\/Bulk-High-Quality-Folding-Paper-Bags-Wholesale-Custom-Gift-Bags-for-Garment-Packaging-with-Handle-2-768x768.webp 768w, https:\/\/www.yishengpack.com\/wp-content\/uploads\/2025\/11\/Bulk-High-Quality-Folding-Paper-Bags-Wholesale-Custom-Gift-Bags-for-Garment-Packaging-with-Handle-2-12x12.webp 12w, https:\/\/www.yishengpack.com\/wp-content\/uploads\/2025\/11\/Bulk-High-Quality-Folding-Paper-Bags-Wholesale-Custom-Gift-Bags-for-Garment-Packaging-with-Handle-2-1200x1200.webp 1200w, https:\/\/www.yishengpack.com\/wp-content\/uploads\/2025\/11\/Bulk-High-Quality-Folding-Paper-Bags-Wholesale-Custom-Gift-Bags-for-Garment-Packaging-with-Handle-2-600x600.webp 600w, https:\/\/www.yishengpack.com\/wp-content\/uploads\/2025\/11\/Bulk-High-Quality-Folding-Paper-Bags-Wholesale-Custom-Gift-Bags-for-Garment-Packaging-with-Handle-2-100x100.webp 100w\" sizes=\"(max-width: 2048px) 100vw, 2048px\" \/><\/figure>\n<\/div>\n<\/div>\n\n\n\n<div class=\"wp-block-columns is-layout-flex wp-container-core-columns-is-layout-9d6595d7 wp-block-columns-is-layout-flex\">\n<div class=\"wp-block-column is-layout-flow wp-block-column-is-layout-flow\">\n<figure class=\"wp-block-image size-full\"><img decoding=\"async\" width=\"2048\" height=\"2048\" src=\"https:\/\/www.yishengpack.com\/wp-content\/uploads\/2025\/11\/Bulk-High-Quality-Folding-Paper-Bags-Wholesale-Custom-Gift-Bags-for-Garment-Packaging-with-Handle-6.webp\" alt=\"a granel-papel-paquete-plegable-regalo-6\" class=\"wp-image-2476\" srcset=\"https:\/\/www.yishengpack.com\/wp-content\/uploads\/2025\/11\/Bulk-High-Quality-Folding-Paper-Bags-Wholesale-Custom-Gift-Bags-for-Garment-Packaging-with-Handle-6.webp 2048w, https:\/\/www.yishengpack.com\/wp-content\/uploads\/2025\/11\/Bulk-High-Quality-Folding-Paper-Bags-Wholesale-Custom-Gift-Bags-for-Garment-Packaging-with-Handle-6-300x300.webp 300w, https:\/\/www.yishengpack.com\/wp-content\/uploads\/2025\/11\/Bulk-High-Quality-Folding-Paper-Bags-Wholesale-Custom-Gift-Bags-for-Garment-Packaging-with-Handle-6-150x150.webp 150w, https:\/\/www.yishengpack.com\/wp-content\/uploads\/2025\/11\/Bulk-High-Quality-Folding-Paper-Bags-Wholesale-Custom-Gift-Bags-for-Garment-Packaging-with-Handle-6-768x768.webp 768w, https:\/\/www.yishengpack.com\/wp-content\/uploads\/2025\/11\/Bulk-High-Quality-Folding-Paper-Bags-Wholesale-Custom-Gift-Bags-for-Garment-Packaging-with-Handle-6-12x12.webp 12w, https:\/\/www.yishengpack.com\/wp-content\/uploads\/2025\/11\/Bulk-High-Quality-Folding-Paper-Bags-Wholesale-Custom-Gift-Bags-for-Garment-Packaging-with-Handle-6-1200x1200.webp 1200w, https:\/\/www.yishengpack.com\/wp-content\/uploads\/2025\/11\/Bulk-High-Quality-Folding-Paper-Bags-Wholesale-Custom-Gift-Bags-for-Garment-Packaging-with-Handle-6-600x600.webp 600w, https:\/\/www.yishengpack.com\/wp-content\/uploads\/2025\/11\/Bulk-High-Quality-Folding-Paper-Bags-Wholesale-Custom-Gift-Bags-for-Garment-Packaging-with-Handle-6-100x100.webp 100w\" sizes=\"(max-width: 2048px) 100vw, 2048px\" \/><\/figure>\n\n\n\n<div class=\"wp-block-buttons has-custom-font-size has-small-font-size is-content-justification-center is-layout-flex wp-container-core-buttons-is-layout-873b8b11 wp-block-buttons-is-layout-flex\" style=\"padding-top:var(--wp--preset--spacing--50);padding-right:var(--wp--preset--spacing--50);padding-bottom:var(--wp--preset--spacing--50);padding-left:var(--wp--preset--spacing--50)\">\n<div class=\"wp-block-button has-custom-width wp-block-button__width-75\"><a class=\"wp-block-button__link has-background has-small-font-size has-custom-font-size wp-element-button\" href=\"https:\/\/www.yishengpack.com\/es\/custom-printed-box\/\" style=\"background:linear-gradient(135deg,rgb(254,205,165) 0%,rgb(254,45,45) 0%,rgb(94,15,15) 0%,rgb(94,15,15) 100%)\" target=\"_blank\" rel=\"noreferrer noopener\"><strong>Explorar las cajas impresas personalizadas<\/strong><\/a><\/div>\n<\/div>\n<\/div>\n\n\n\n<div class=\"wp-block-column is-layout-flow wp-block-column-is-layout-flow\">\n<figure class=\"wp-block-image size-full\"><img decoding=\"async\" width=\"2048\" height=\"2048\" src=\"https:\/\/www.yishengpack.com\/wp-content\/uploads\/2025\/11\/Bulk-High-Quality-Folding-Paper-Bags-Wholesale-Custom-Gift-Bags-for-Garment-Packaging-with-Handle-3.webp\" alt=\"bolsas de papel para ropa a granel plegables-suministro de bolsas de regalo-3\" class=\"wp-image-2473\" srcset=\"https:\/\/www.yishengpack.com\/wp-content\/uploads\/2025\/11\/Bulk-High-Quality-Folding-Paper-Bags-Wholesale-Custom-Gift-Bags-for-Garment-Packaging-with-Handle-3.webp 2048w, https:\/\/www.yishengpack.com\/wp-content\/uploads\/2025\/11\/Bulk-High-Quality-Folding-Paper-Bags-Wholesale-Custom-Gift-Bags-for-Garment-Packaging-with-Handle-3-300x300.webp 300w, https:\/\/www.yishengpack.com\/wp-content\/uploads\/2025\/11\/Bulk-High-Quality-Folding-Paper-Bags-Wholesale-Custom-Gift-Bags-for-Garment-Packaging-with-Handle-3-150x150.webp 150w, https:\/\/www.yishengpack.com\/wp-content\/uploads\/2025\/11\/Bulk-High-Quality-Folding-Paper-Bags-Wholesale-Custom-Gift-Bags-for-Garment-Packaging-with-Handle-3-768x768.webp 768w, https:\/\/www.yishengpack.com\/wp-content\/uploads\/2025\/11\/Bulk-High-Quality-Folding-Paper-Bags-Wholesale-Custom-Gift-Bags-for-Garment-Packaging-with-Handle-3-12x12.webp 12w, https:\/\/www.yishengpack.com\/wp-content\/uploads\/2025\/11\/Bulk-High-Quality-Folding-Paper-Bags-Wholesale-Custom-Gift-Bags-for-Garment-Packaging-with-Handle-3-1200x1200.webp 1200w, https:\/\/www.yishengpack.com\/wp-content\/uploads\/2025\/11\/Bulk-High-Quality-Folding-Paper-Bags-Wholesale-Custom-Gift-Bags-for-Garment-Packaging-with-Handle-3-600x600.webp 600w, https:\/\/www.yishengpack.com\/wp-content\/uploads\/2025\/11\/Bulk-High-Quality-Folding-Paper-Bags-Wholesale-Custom-Gift-Bags-for-Garment-Packaging-with-Handle-3-100x100.webp 100w\" sizes=\"(max-width: 2048px) 100vw, 2048px\" \/><\/figure>\n\n\n\n<div class=\"wp-block-buttons has-custom-font-size has-small-font-size is-content-justification-center is-layout-flex wp-container-core-buttons-is-layout-873b8b11 wp-block-buttons-is-layout-flex\" style=\"padding-top:var(--wp--preset--spacing--50);padding-right:var(--wp--preset--spacing--50);padding-bottom:var(--wp--preset--spacing--50);padding-left:var(--wp--preset--spacing--50)\">\n<div class=\"wp-block-button has-custom-width wp-block-button__width-75\"><a class=\"wp-block-button__link has-background has-small-font-size has-custom-font-size wp-element-button\" href=\"https:\/\/www.yishengpack.com\/es\/custom-product-boxes-types\/\" style=\"background:linear-gradient(135deg,rgb(254,205,165) 0%,rgb(254,45,45) 0%,rgb(94,15,15) 0%)\" target=\"_blank\" rel=\"noreferrer noopener\"><strong>Explorar tipos de bolsas personalizadas<\/strong><\/a><\/div>\n<\/div>\n<\/div>\n<\/div>","protected":false},"excerpt":{"rendered":"<p>Bienvenido a comprar nuestra bolsa de papel personalizada para ropa, con papel de primera calidad y un suave asa satinada, que ofrece un aspecto exquisito y un tacto c\u00f3modo. Estas elegantes bolsas de papel plegables admiten la personalizaci\u00f3n de tama\u00f1os y logotipos, y el envase es la opci\u00f3n al por mayor perfecta para marcas de ropa, tiendas minoristas y envoltorios de regalo.<\/p>\n<h2>Aspectos destacados de las bolsas de papel personalizadas para ropa<\/h2>\n<ul>\n<li>Personalizaci\u00f3n<\/li>\n<li>Materiales impermeables<\/li>\n<li>Procesos de impresi\u00f3n sofisticados<\/li>\n<li>M\u00faltiples tipos de bolsas<\/li>\n<li>Colores vivos<\/li>\n<li>Bolsas de varios tama\u00f1os<\/li>\n<li>Asas satinadas de alta gama<\/li>\n<li>Duradero y protector<\/li>\n<\/ul>","protected":false},"featured_media":2471,"comment_status":"closed","ping_status":"closed","template":"","meta":{"_acf_changed":false},"box-type":[53],"product_brand":[],"product_cat":[34,70,37],"product_tag":[],"class_list":{"0":"post-2470","1":"product","2":"type-product","3":"status-publish","4":"has-post-thumbnail","6":"box-type-custom-ribbon-handle-paper-bag","7":"product_cat-paper-bags-wholesale","8":"product_cat-custom-clothing-bags","9":"product_cat-paper-gift-bags-bulk","11":"first","12":"instock","13":"shipping-taxable","14":"product-type-simple"},"acf":[],"_links":{"self":[{"href":"https:\/\/www.yishengpack.com\/es\/wp-json\/wp\/v2\/product\/2470","targetHints":{"allow":["GET"]}}],"collection":[{"href":"https:\/\/www.yishengpack.com\/es\/wp-json\/wp\/v2\/product"}],"about":[{"href":"https:\/\/www.yishengpack.com\/es\/wp-json\/wp\/v2\/types\/product"}],"replies":[{"embeddable":true,"href":"https:\/\/www.yishengpack.com\/es\/wp-json\/wp\/v2\/comments?post=2470"}],"wp:featuredmedia":[{"embeddable":true,"href":"https:\/\/www.yishengpack.com\/es\/wp-json\/wp\/v2\/media\/2471"}],"wp:attachment":[{"href":"https:\/\/www.yishengpack.com\/es\/wp-json\/wp\/v2\/media?parent=2470"}],"wp:term":[{"taxonomy":"box-type","embeddable":true,"href":"https:\/\/www.yishengpack.com\/es\/wp-json\/wp\/v2\/box-type?post=2470"},{"taxonomy":"product_brand","embeddable":true,"href":"https:\/\/www.yishengpack.com\/es\/wp-json\/wp\/v2\/product_brand?post=2470"},{"taxonomy":"product_cat","embeddable":true,"href":"https:\/\/www.yishengpack.com\/es\/wp-json\/wp\/v2\/product_cat?post=2470"},{"taxonomy":"product_tag","embeddable":true,"href":"https:\/\/www.yishengpack.com\/es\/wp-json\/wp\/v2\/product_tag?post=2470"}],"curies":[{"name":"wp","href":"https:\/\/api.w.org\/{rel}","templated":true}]}}