{"id":2462,"date":"2025-11-10T09:37:21","date_gmt":"2025-11-10T09:37:21","guid":{"rendered":"https:\/\/www.yishengpack.com\/?post_type=product&#038;p=2462"},"modified":"2025-11-10T09:37:46","modified_gmt":"2025-11-10T09:37:46","slug":"wholesale-twisted-handle-paper-bags","status":"publish","type":"product","link":"https:\/\/www.yishengpack.com\/es\/producto\/wholesale-twisted-handle-paper-bags\/","title":{"rendered":"Venta al por mayor de bolsas de papel con asas retorcidas, bolsas personalizadas para panader\u00eda"},"content":{"rendered":"<div class=\"wp-block-columns is-layout-flex wp-container-core-columns-is-layout-9d6595d7 wp-block-columns-is-layout-flex\">\n<div class=\"wp-block-column is-layout-flow wp-block-column-is-layout-flow\">\n<h3 class=\"wp-block-heading\">Caracter\u00edsticas de las bolsas de papel con asa trenzada al por mayor<\/h3>\n\n\n\n<p><strong>Asa de papel giratoria para un transporte seguro:<\/strong> Estas bolsas personalizadas para panader\u00eda vienen con un asa de papel retorcido resistente para un transporte c\u00f3modo y seguro. Ideales para baguettes, cruasanes y pasteles, las bolsas proporcionan una experiencia m\u00e1s estable al transportar productos horneados.<\/p>\n\n\n\n<p><strong>Material de papel duradero:<\/strong> Estas bolsas de papel con asa trenzada al por mayor est\u00e1n fabricadas con papel duradero ideal para alimentos horneados. No desprenden olor y son biodegradables, por lo que se ajustan a las recientes tendencias de envasado sostenible y facilitan el transporte de los productos horneados.<\/p>\n\n\n\n<p><strong>Impresi\u00f3n personalizada disponible: <\/strong>Estas bolsas de papel con asa trenzada al por mayor permiten la impresi\u00f3n personalizada de logotipos, dise\u00f1os, tama\u00f1os y colores, lo que proporciona un atractivo visual que puede adaptarse a las necesidades de su marca, dando un aspecto de conjunto a su marca de productos horneados.<\/p>\n\n\n\n<p><strong>Variedad de tama\u00f1os:<\/strong> Con varios tama\u00f1os, estas bolsas de papel con asa retorcida al por mayor pueden contener varios productos horneados, como un par de baguettes, pasteles o tartas variadas para diferentes necesidades de envasado de panader\u00eda.<\/p>\n\n\n\n<p><strong>Adecuado para la venta comercial al por mayor:<\/strong> Estas bolsas personalizadas para panader\u00eda son adecuadas para panader\u00edas, cafeter\u00edas, tiendas de postres y envasado de comida para llevar; se admiten pedidos a granel y cooperaci\u00f3n OEM\/ODM.<\/p>\n<\/div>\n\n\n\n<div class=\"wp-block-column is-layout-flow wp-block-column-is-layout-flow\">\n<figure class=\"wp-block-image size-full\"><img decoding=\"async\" width=\"2048\" height=\"2048\" src=\"https:\/\/www.yishengpack.com\/wp-content\/uploads\/2025\/11\/Customized-Twist-Paper-Handle-Bags-Bulk-Durable-Bread-Bagels-Package-Paper-Bag-Wholesale-5.webp\" alt=\"bolsas de papel con asa trenzada al por mayor-bolsas de panader\u00eda personalizadas-5\" class=\"wp-image-2467\" srcset=\"https:\/\/www.yishengpack.com\/wp-content\/uploads\/2025\/11\/Customized-Twist-Paper-Handle-Bags-Bulk-Durable-Bread-Bagels-Package-Paper-Bag-Wholesale-5.webp 2048w, https:\/\/www.yishengpack.com\/wp-content\/uploads\/2025\/11\/Customized-Twist-Paper-Handle-Bags-Bulk-Durable-Bread-Bagels-Package-Paper-Bag-Wholesale-5-300x300.webp 300w, https:\/\/www.yishengpack.com\/wp-content\/uploads\/2025\/11\/Customized-Twist-Paper-Handle-Bags-Bulk-Durable-Bread-Bagels-Package-Paper-Bag-Wholesale-5-150x150.webp 150w, https:\/\/www.yishengpack.com\/wp-content\/uploads\/2025\/11\/Customized-Twist-Paper-Handle-Bags-Bulk-Durable-Bread-Bagels-Package-Paper-Bag-Wholesale-5-768x768.webp 768w, https:\/\/www.yishengpack.com\/wp-content\/uploads\/2025\/11\/Customized-Twist-Paper-Handle-Bags-Bulk-Durable-Bread-Bagels-Package-Paper-Bag-Wholesale-5-12x12.webp 12w, https:\/\/www.yishengpack.com\/wp-content\/uploads\/2025\/11\/Customized-Twist-Paper-Handle-Bags-Bulk-Durable-Bread-Bagels-Package-Paper-Bag-Wholesale-5-1200x1200.webp 1200w, https:\/\/www.yishengpack.com\/wp-content\/uploads\/2025\/11\/Customized-Twist-Paper-Handle-Bags-Bulk-Durable-Bread-Bagels-Package-Paper-Bag-Wholesale-5-600x600.webp 600w, https:\/\/www.yishengpack.com\/wp-content\/uploads\/2025\/11\/Customized-Twist-Paper-Handle-Bags-Bulk-Durable-Bread-Bagels-Package-Paper-Bag-Wholesale-5-100x100.webp 100w\" sizes=\"(max-width: 2048px) 100vw, 2048px\" \/><\/figure>\n<\/div>\n<\/div>\n\n\n\n<div class=\"wp-block-columns is-layout-flex wp-container-core-columns-is-layout-9d6595d7 wp-block-columns-is-layout-flex\">\n<div class=\"wp-block-column is-layout-flow wp-block-column-is-layout-flow\">\n<figure class=\"wp-block-image size-full\"><img decoding=\"async\" width=\"2048\" height=\"2048\" src=\"https:\/\/www.yishengpack.com\/wp-content\/uploads\/2025\/11\/Customized-Twist-Paper-Handle-Bags-Bulk-Durable-Bread-Bagels-Package-Paper-Bag-Wholesale-3.webp\" alt=\"bolsas de papel con asa trenzada al por mayor-bolsas de panader\u00eda personalizadas-3\" class=\"wp-image-2465\" srcset=\"https:\/\/www.yishengpack.com\/wp-content\/uploads\/2025\/11\/Customized-Twist-Paper-Handle-Bags-Bulk-Durable-Bread-Bagels-Package-Paper-Bag-Wholesale-3.webp 2048w, https:\/\/www.yishengpack.com\/wp-content\/uploads\/2025\/11\/Customized-Twist-Paper-Handle-Bags-Bulk-Durable-Bread-Bagels-Package-Paper-Bag-Wholesale-3-300x300.webp 300w, https:\/\/www.yishengpack.com\/wp-content\/uploads\/2025\/11\/Customized-Twist-Paper-Handle-Bags-Bulk-Durable-Bread-Bagels-Package-Paper-Bag-Wholesale-3-150x150.webp 150w, https:\/\/www.yishengpack.com\/wp-content\/uploads\/2025\/11\/Customized-Twist-Paper-Handle-Bags-Bulk-Durable-Bread-Bagels-Package-Paper-Bag-Wholesale-3-768x768.webp 768w, https:\/\/www.yishengpack.com\/wp-content\/uploads\/2025\/11\/Customized-Twist-Paper-Handle-Bags-Bulk-Durable-Bread-Bagels-Package-Paper-Bag-Wholesale-3-12x12.webp 12w, https:\/\/www.yishengpack.com\/wp-content\/uploads\/2025\/11\/Customized-Twist-Paper-Handle-Bags-Bulk-Durable-Bread-Bagels-Package-Paper-Bag-Wholesale-3-1200x1200.webp 1200w, https:\/\/www.yishengpack.com\/wp-content\/uploads\/2025\/11\/Customized-Twist-Paper-Handle-Bags-Bulk-Durable-Bread-Bagels-Package-Paper-Bag-Wholesale-3-600x600.webp 600w, https:\/\/www.yishengpack.com\/wp-content\/uploads\/2025\/11\/Customized-Twist-Paper-Handle-Bags-Bulk-Durable-Bread-Bagels-Package-Paper-Bag-Wholesale-3-100x100.webp 100w\" sizes=\"(max-width: 2048px) 100vw, 2048px\" \/><\/figure>\n\n\n\n<div class=\"wp-block-buttons has-custom-font-size has-small-font-size is-content-justification-center is-layout-flex wp-container-core-buttons-is-layout-16018d1d wp-block-buttons-is-layout-flex\">\n<div class=\"wp-block-button has-custom-width wp-block-button__width-75\"><a class=\"wp-block-button__link has-background has-small-font-size has-custom-font-size wp-element-button\" href=\"https:\/\/www.yishengpack.com\/es\/custom-printed-box\/\" style=\"background:linear-gradient(135deg,rgb(254,205,165) 0%,rgb(254,45,45) 0%,rgb(94,15,15) 0%,rgb(94,15,15) 100%)\" target=\"_blank\" rel=\"noreferrer noopener\"><strong>Explorar las cajas impresas personalizadas<\/strong><\/a><\/div>\n<\/div>\n<\/div>\n\n\n\n<div class=\"wp-block-column is-layout-flow wp-block-column-is-layout-flow\">\n<figure class=\"wp-block-image size-full\"><img decoding=\"async\" width=\"2048\" height=\"2048\" src=\"https:\/\/www.yishengpack.com\/wp-content\/uploads\/2025\/11\/Customized-Twist-Paper-Handle-Bags-Bulk-Durable-Bread-Bagels-Package-Paper-Bag-Wholesale-2.webp\" alt=\"bolsas de papel con asa trenzada al por mayor-bolsas de panader\u00eda personalizadas-2\" class=\"wp-image-2464\" srcset=\"https:\/\/www.yishengpack.com\/wp-content\/uploads\/2025\/11\/Customized-Twist-Paper-Handle-Bags-Bulk-Durable-Bread-Bagels-Package-Paper-Bag-Wholesale-2.webp 2048w, https:\/\/www.yishengpack.com\/wp-content\/uploads\/2025\/11\/Customized-Twist-Paper-Handle-Bags-Bulk-Durable-Bread-Bagels-Package-Paper-Bag-Wholesale-2-300x300.webp 300w, https:\/\/www.yishengpack.com\/wp-content\/uploads\/2025\/11\/Customized-Twist-Paper-Handle-Bags-Bulk-Durable-Bread-Bagels-Package-Paper-Bag-Wholesale-2-150x150.webp 150w, https:\/\/www.yishengpack.com\/wp-content\/uploads\/2025\/11\/Customized-Twist-Paper-Handle-Bags-Bulk-Durable-Bread-Bagels-Package-Paper-Bag-Wholesale-2-768x768.webp 768w, https:\/\/www.yishengpack.com\/wp-content\/uploads\/2025\/11\/Customized-Twist-Paper-Handle-Bags-Bulk-Durable-Bread-Bagels-Package-Paper-Bag-Wholesale-2-12x12.webp 12w, https:\/\/www.yishengpack.com\/wp-content\/uploads\/2025\/11\/Customized-Twist-Paper-Handle-Bags-Bulk-Durable-Bread-Bagels-Package-Paper-Bag-Wholesale-2-1200x1200.webp 1200w, https:\/\/www.yishengpack.com\/wp-content\/uploads\/2025\/11\/Customized-Twist-Paper-Handle-Bags-Bulk-Durable-Bread-Bagels-Package-Paper-Bag-Wholesale-2-600x600.webp 600w, https:\/\/www.yishengpack.com\/wp-content\/uploads\/2025\/11\/Customized-Twist-Paper-Handle-Bags-Bulk-Durable-Bread-Bagels-Package-Paper-Bag-Wholesale-2-100x100.webp 100w\" sizes=\"(max-width: 2048px) 100vw, 2048px\" \/><\/figure>\n\n\n\n<div class=\"wp-block-buttons has-custom-font-size has-small-font-size is-content-justification-center is-layout-flex wp-container-core-buttons-is-layout-16018d1d wp-block-buttons-is-layout-flex\">\n<div class=\"wp-block-button has-custom-width wp-block-button__width-75\"><a class=\"wp-block-button__link has-background has-small-font-size has-custom-font-size wp-element-button\" href=\"https:\/\/www.yishengpack.com\/es\/custom-product-boxes-types\/\" style=\"background:linear-gradient(135deg,rgb(254,205,165) 0%,rgb(254,45,45) 0%,rgb(94,15,15) 0%,rgb(94,15,15) 100%)\" target=\"_blank\" rel=\"noreferrer noopener\"><strong>Explorar Custom B<\/strong>ag<strong> Tipos<\/strong><\/a><\/div>\n<\/div>\n<\/div>\n<\/div>","protected":false},"excerpt":{"rendered":"<p>Bienvenido a comprar nuestras bolsas de papel con asa retorcida al por mayor est\u00e1n hechas de papel ecol\u00f3gico y duradero, perfecto para productos horneados, postres y delicatessen para llevar. Estas bolsas de panader\u00eda personalizadas son duraderas y elegantes, y se pueden personalizar con su logotipo. En pocas palabras, son ideales para panader\u00edas, cafeter\u00edas y tiendas de comestibles que buscan una soluci\u00f3n ecol\u00f3gica al por mayor para el envasado.<\/p>\n<h2>Aspectos destacados de las bolsas de papel con asas trenzadas al por mayor<\/h2>\n<ul>\n<li>Personalizaci\u00f3n completa<\/li>\n<li>Materiales de alta calidad<\/li>\n<li>M\u00faltiples tratamientos de impresi\u00f3n<\/li>\n<li>Bolsas de varios tama\u00f1os<\/li>\n<li>Varias opciones de color<\/li>\n<li>Artesan\u00eda exquisita<\/li>\n<li>F\u00e1cil transporte<\/li>\n<li>Servicio OEM\/ODM<\/li>\n<\/ul>","protected":false},"featured_media":2463,"comment_status":"closed","ping_status":"closed","template":"","meta":{"_acf_changed":false},"box-type":[50],"product_brand":[],"product_cat":[34,38],"product_tag":[],"class_list":{"0":"post-2462","1":"product","2":"type-product","3":"status-publish","4":"has-post-thumbnail","6":"box-type-custom-twisted-handle-paper-bags","7":"product_cat-paper-bags-wholesale","8":"product_cat-bakery-paper-bags-wholesale","10":"first","11":"instock","12":"shipping-taxable","13":"product-type-simple"},"acf":[],"_links":{"self":[{"href":"https:\/\/www.yishengpack.com\/es\/wp-json\/wp\/v2\/product\/2462","targetHints":{"allow":["GET"]}}],"collection":[{"href":"https:\/\/www.yishengpack.com\/es\/wp-json\/wp\/v2\/product"}],"about":[{"href":"https:\/\/www.yishengpack.com\/es\/wp-json\/wp\/v2\/types\/product"}],"replies":[{"embeddable":true,"href":"https:\/\/www.yishengpack.com\/es\/wp-json\/wp\/v2\/comments?post=2462"}],"wp:featuredmedia":[{"embeddable":true,"href":"https:\/\/www.yishengpack.com\/es\/wp-json\/wp\/v2\/media\/2463"}],"wp:attachment":[{"href":"https:\/\/www.yishengpack.com\/es\/wp-json\/wp\/v2\/media?parent=2462"}],"wp:term":[{"taxonomy":"box-type","embeddable":true,"href":"https:\/\/www.yishengpack.com\/es\/wp-json\/wp\/v2\/box-type?post=2462"},{"taxonomy":"product_brand","embeddable":true,"href":"https:\/\/www.yishengpack.com\/es\/wp-json\/wp\/v2\/product_brand?post=2462"},{"taxonomy":"product_cat","embeddable":true,"href":"https:\/\/www.yishengpack.com\/es\/wp-json\/wp\/v2\/product_cat?post=2462"},{"taxonomy":"product_tag","embeddable":true,"href":"https:\/\/www.yishengpack.com\/es\/wp-json\/wp\/v2\/product_tag?post=2462"}],"curies":[{"name":"wp","href":"https:\/\/api.w.org\/{rel}","templated":true}]}}