{"id":2446,"date":"2025-11-08T10:17:55","date_gmt":"2025-11-08T10:17:55","guid":{"rendered":"https:\/\/www.yishengpack.com\/?post_type=product&#038;p=2446"},"modified":"2025-11-08T10:18:02","modified_gmt":"2025-11-08T10:18:02","slug":"wholesale-ribbon-handle-gift-bags","status":"publish","type":"product","link":"https:\/\/www.yishengpack.com\/es\/producto\/wholesale-ribbon-handle-gift-bags\/","title":{"rendered":"Mayorista Bolsas de Regalo con Asa de Cinta, Bolsas de Papel Impresas Personalizadas"},"content":{"rendered":"<div class=\"wp-block-columns is-layout-flex wp-container-core-columns-is-layout-9d6595d7 wp-block-columns-is-layout-flex\">\n<div class=\"wp-block-column is-layout-flow wp-block-column-is-layout-flow\">\n<h3 class=\"wp-block-heading\">Caracter\u00edsticas de las bolsas de regalo con asa de cinta al por mayor<\/h3>\n\n\n\n<p><strong>Elegante asa de cinta para llevarla f\u00e1cilmente:<\/strong> Las bolsas de regalo con asa de cinta al por mayor constan de un elegante asa de cinta, que funciona como opci\u00f3n de transporte. La cinta hace que sea f\u00e1cil y c\u00f3modo llevar camisas, mangas cortas y faldas, y los art\u00edculos se presentan muy bien en el interior.<\/p>\n\n\n\n<p><strong>Ideal para envases de ropa y regalos:<\/strong> Las bolsas de papel personalizadas son ideales para guardar camisas y vestidos diversos, as\u00ed como ropa fina, cajas de regalo y cualquier otro art\u00edculo que enriquezca la imagen de una marca. Las bolsas de regalo con asa de cinta al por mayor admiten la producci\u00f3n en serie e incluso la personalizaci\u00f3n para satisfacer las necesidades de marcas, minoristas y empresas de comercio electr\u00f3nico.<\/p>\n\n\n\n<p><strong>Material de papel de alta calidad:<\/strong> Las bolsas de regalo con asa de cinta al por mayor est\u00e1n fabricadas con un material de papel resistente, grueso y respetuoso con el medio ambiente que ha sido cuidadosamente seleccionado. La bolsa es extremadamente s\u00f3lida, duradera y mantiene su forma para una presentaci\u00f3n agradable como el dise\u00f1o general. Al impactar con procesos de impresi\u00f3n de alta calidad, a\u00f1aden un nivel de lujo al almacenamiento y conservaci\u00f3n de regalos.<\/p>\n\n\n\n<p><strong>Selecci\u00f3n de patrones a la moda: <\/strong>Las bolsas de regalo con asa de cinta al por mayor simplifican el proceso de selecci\u00f3n de patrones de moda, a menudo seleccionando cuadros escoceses, florales o geom\u00e9tricos. \u00danicamente, estos patrones definitivamente hacen que sea m\u00e1s f\u00e1cil distinguir las bolsas visualmente, por lo que se pueden presentar f\u00e1cilmente diversos art\u00edculos de ropa.<\/p>\n\n\n\n<p><strong>Totalmente personalizable para la marca:<\/strong> Las bolsas de tela a granel con asas de cinta permiten una personalizaci\u00f3n total. Puede ajustar el tama\u00f1o, imprimir logotipos de marca o estampados tem\u00e1ticos de ropa y elegir acabados de superficie para satisfacer las necesidades de marca exclusivas de las marcas de ropa.<\/p>\n<\/div>\n\n\n\n<div class=\"wp-block-column is-layout-flow wp-block-column-is-layout-flow\">\n<figure class=\"wp-block-image size-full\"><img decoding=\"async\" width=\"2048\" height=\"2048\" src=\"https:\/\/www.yishengpack.com\/wp-content\/uploads\/2025\/11\/Ribbon-Handle-Bags-with-Unique-Design-Wholesale-Custom-Dresses-Shirt-Package-Paper-Bag-2.webp\" alt=\"venta al por mayor bolsas con asa de cinta bolsas de papel impresas personalizadas-2\" class=\"wp-image-2448\" srcset=\"https:\/\/www.yishengpack.com\/wp-content\/uploads\/2025\/11\/Ribbon-Handle-Bags-with-Unique-Design-Wholesale-Custom-Dresses-Shirt-Package-Paper-Bag-2.webp 2048w, https:\/\/www.yishengpack.com\/wp-content\/uploads\/2025\/11\/Ribbon-Handle-Bags-with-Unique-Design-Wholesale-Custom-Dresses-Shirt-Package-Paper-Bag-2-300x300.webp 300w, https:\/\/www.yishengpack.com\/wp-content\/uploads\/2025\/11\/Ribbon-Handle-Bags-with-Unique-Design-Wholesale-Custom-Dresses-Shirt-Package-Paper-Bag-2-150x150.webp 150w, https:\/\/www.yishengpack.com\/wp-content\/uploads\/2025\/11\/Ribbon-Handle-Bags-with-Unique-Design-Wholesale-Custom-Dresses-Shirt-Package-Paper-Bag-2-768x768.webp 768w, https:\/\/www.yishengpack.com\/wp-content\/uploads\/2025\/11\/Ribbon-Handle-Bags-with-Unique-Design-Wholesale-Custom-Dresses-Shirt-Package-Paper-Bag-2-12x12.webp 12w, https:\/\/www.yishengpack.com\/wp-content\/uploads\/2025\/11\/Ribbon-Handle-Bags-with-Unique-Design-Wholesale-Custom-Dresses-Shirt-Package-Paper-Bag-2-1200x1200.webp 1200w, https:\/\/www.yishengpack.com\/wp-content\/uploads\/2025\/11\/Ribbon-Handle-Bags-with-Unique-Design-Wholesale-Custom-Dresses-Shirt-Package-Paper-Bag-2-600x600.webp 600w, https:\/\/www.yishengpack.com\/wp-content\/uploads\/2025\/11\/Ribbon-Handle-Bags-with-Unique-Design-Wholesale-Custom-Dresses-Shirt-Package-Paper-Bag-2-100x100.webp 100w\" sizes=\"(max-width: 2048px) 100vw, 2048px\" \/><\/figure>\n<\/div>\n<\/div>\n\n\n\n<div class=\"wp-block-columns is-layout-flex wp-container-core-columns-is-layout-9d6595d7 wp-block-columns-is-layout-flex\">\n<div class=\"wp-block-column is-layout-flow wp-block-column-is-layout-flow\">\n<figure class=\"wp-block-image size-full\"><img decoding=\"async\" width=\"2048\" height=\"2048\" src=\"https:\/\/www.yishengpack.com\/wp-content\/uploads\/2025\/11\/Ribbon-Handle-Bags-with-Unique-Design-Wholesale-Custom-Dresses-Shirt-Package-Paper-Bag-7.webp\" alt=\"venta al por mayor bolsas con asa de cinta bolsas de papel impresas personalizadas-7\" class=\"wp-image-2453\" srcset=\"https:\/\/www.yishengpack.com\/wp-content\/uploads\/2025\/11\/Ribbon-Handle-Bags-with-Unique-Design-Wholesale-Custom-Dresses-Shirt-Package-Paper-Bag-7.webp 2048w, https:\/\/www.yishengpack.com\/wp-content\/uploads\/2025\/11\/Ribbon-Handle-Bags-with-Unique-Design-Wholesale-Custom-Dresses-Shirt-Package-Paper-Bag-7-300x300.webp 300w, https:\/\/www.yishengpack.com\/wp-content\/uploads\/2025\/11\/Ribbon-Handle-Bags-with-Unique-Design-Wholesale-Custom-Dresses-Shirt-Package-Paper-Bag-7-150x150.webp 150w, https:\/\/www.yishengpack.com\/wp-content\/uploads\/2025\/11\/Ribbon-Handle-Bags-with-Unique-Design-Wholesale-Custom-Dresses-Shirt-Package-Paper-Bag-7-768x768.webp 768w, https:\/\/www.yishengpack.com\/wp-content\/uploads\/2025\/11\/Ribbon-Handle-Bags-with-Unique-Design-Wholesale-Custom-Dresses-Shirt-Package-Paper-Bag-7-12x12.webp 12w, https:\/\/www.yishengpack.com\/wp-content\/uploads\/2025\/11\/Ribbon-Handle-Bags-with-Unique-Design-Wholesale-Custom-Dresses-Shirt-Package-Paper-Bag-7-1200x1200.webp 1200w, https:\/\/www.yishengpack.com\/wp-content\/uploads\/2025\/11\/Ribbon-Handle-Bags-with-Unique-Design-Wholesale-Custom-Dresses-Shirt-Package-Paper-Bag-7-600x600.webp 600w, https:\/\/www.yishengpack.com\/wp-content\/uploads\/2025\/11\/Ribbon-Handle-Bags-with-Unique-Design-Wholesale-Custom-Dresses-Shirt-Package-Paper-Bag-7-100x100.webp 100w\" sizes=\"(max-width: 2048px) 100vw, 2048px\" \/><\/figure>\n\n\n\n<div class=\"wp-block-buttons has-custom-font-size has-small-font-size is-content-justification-center is-layout-flex wp-container-core-buttons-is-layout-873b8b11 wp-block-buttons-is-layout-flex\" style=\"padding-top:var(--wp--preset--spacing--50);padding-right:var(--wp--preset--spacing--50);padding-bottom:var(--wp--preset--spacing--50);padding-left:var(--wp--preset--spacing--50)\">\n<div class=\"wp-block-button has-custom-width wp-block-button__width-75\"><a class=\"wp-block-button__link has-background has-small-font-size has-custom-font-size wp-element-button\" href=\"https:\/\/www.yishengpack.com\/es\/custom-printed-box\/\" style=\"background:linear-gradient(135deg,rgb(254,205,165) 0%,rgb(254,45,45) 0%,rgb(94,15,15) 0%,rgb(94,15,15) 100%)\" target=\"_blank\" rel=\"noreferrer noopener\"><strong>Explorar las cajas impresas personalizadas<\/strong><\/a><\/div>\n<\/div>\n<\/div>\n\n\n\n<div class=\"wp-block-column is-layout-flow wp-block-column-is-layout-flow\">\n<figure class=\"wp-block-image size-full\"><img decoding=\"async\" width=\"2048\" height=\"2048\" src=\"https:\/\/www.yishengpack.com\/wp-content\/uploads\/2025\/11\/Ribbon-Handle-Bags-with-Unique-Design-Wholesale-Custom-Dresses-Shirt-Package-Paper-Bag-5.webp\" alt=\"venta al por mayor bolsas con asa de cinta bolsas de papel impresas personalizadas-5\" class=\"wp-image-2451\" srcset=\"https:\/\/www.yishengpack.com\/wp-content\/uploads\/2025\/11\/Ribbon-Handle-Bags-with-Unique-Design-Wholesale-Custom-Dresses-Shirt-Package-Paper-Bag-5.webp 2048w, https:\/\/www.yishengpack.com\/wp-content\/uploads\/2025\/11\/Ribbon-Handle-Bags-with-Unique-Design-Wholesale-Custom-Dresses-Shirt-Package-Paper-Bag-5-300x300.webp 300w, https:\/\/www.yishengpack.com\/wp-content\/uploads\/2025\/11\/Ribbon-Handle-Bags-with-Unique-Design-Wholesale-Custom-Dresses-Shirt-Package-Paper-Bag-5-150x150.webp 150w, https:\/\/www.yishengpack.com\/wp-content\/uploads\/2025\/11\/Ribbon-Handle-Bags-with-Unique-Design-Wholesale-Custom-Dresses-Shirt-Package-Paper-Bag-5-768x768.webp 768w, https:\/\/www.yishengpack.com\/wp-content\/uploads\/2025\/11\/Ribbon-Handle-Bags-with-Unique-Design-Wholesale-Custom-Dresses-Shirt-Package-Paper-Bag-5-12x12.webp 12w, https:\/\/www.yishengpack.com\/wp-content\/uploads\/2025\/11\/Ribbon-Handle-Bags-with-Unique-Design-Wholesale-Custom-Dresses-Shirt-Package-Paper-Bag-5-1200x1200.webp 1200w, https:\/\/www.yishengpack.com\/wp-content\/uploads\/2025\/11\/Ribbon-Handle-Bags-with-Unique-Design-Wholesale-Custom-Dresses-Shirt-Package-Paper-Bag-5-600x600.webp 600w, https:\/\/www.yishengpack.com\/wp-content\/uploads\/2025\/11\/Ribbon-Handle-Bags-with-Unique-Design-Wholesale-Custom-Dresses-Shirt-Package-Paper-Bag-5-100x100.webp 100w\" sizes=\"(max-width: 2048px) 100vw, 2048px\" \/><\/figure>\n\n\n\n<div class=\"wp-block-buttons has-custom-font-size has-small-font-size is-content-justification-center is-layout-flex wp-container-core-buttons-is-layout-873b8b11 wp-block-buttons-is-layout-flex\" style=\"padding-top:var(--wp--preset--spacing--50);padding-right:var(--wp--preset--spacing--50);padding-bottom:var(--wp--preset--spacing--50);padding-left:var(--wp--preset--spacing--50)\">\n<div class=\"wp-block-button has-custom-width wp-block-button__width-75\"><a class=\"wp-block-button__link has-background has-small-font-size has-custom-font-size wp-element-button\" href=\"https:\/\/www.yishengpack.com\/es\/custom-box-inserts-accessories\/\" style=\"background:linear-gradient(135deg,rgb(254,205,165) 0%,rgb(254,45,45) 0%,rgb(94,15,15) 0%)\" target=\"_blank\" rel=\"noreferrer noopener\"><strong>Explorar accesorios para cajas personalizadas<\/strong><\/a><\/div>\n<\/div>\n<\/div>\n<\/div>","protected":false},"excerpt":{"rendered":"<p>Bienvenido a comprar nuestras bolsas de regalo con asas de cinta al por mayor. Esta bolsa de papel personalizada cuenta con elegantes asas de cinta y material de papel de primera calidad, mezclando moda y practicidad para el almacenamiento de ropa y regalos. Admite la impresi\u00f3n de logotipos y varios procesos personalizados, ideal para las necesidades de personalizaci\u00f3n al por mayor de marcas y minoristas.<\/p>\n<h2>Aspectos destacados de las bolsas de regalo con asa de cinta al por mayor<\/h2>\n<ul>\n<li>Personalizaci\u00f3n de gama alta<\/li>\n<li>Materiales de alta calidad<\/li>\n<li>Artesan\u00eda exquisita<\/li>\n<li>Bolsas de varios tama\u00f1os<\/li>\n<li>Colores vivos<\/li>\n<li>F\u00e1cil transporte<\/li>\n<li>Varios tipos de bolsas<\/li>\n<li>Servicio OEM&amp;ODM<\/li>\n<\/ul>","protected":false},"featured_media":2447,"comment_status":"closed","ping_status":"closed","template":"","meta":{"_acf_changed":false},"box-type":[53],"product_brand":[],"product_cat":[34,70,37],"product_tag":[],"class_list":{"0":"post-2446","1":"product","2":"type-product","3":"status-publish","4":"has-post-thumbnail","6":"box-type-custom-ribbon-handle-paper-bag","7":"product_cat-paper-bags-wholesale","8":"product_cat-custom-clothing-bags","9":"product_cat-paper-gift-bags-bulk","11":"first","12":"instock","13":"shipping-taxable","14":"product-type-simple"},"acf":[],"_links":{"self":[{"href":"https:\/\/www.yishengpack.com\/es\/wp-json\/wp\/v2\/product\/2446","targetHints":{"allow":["GET"]}}],"collection":[{"href":"https:\/\/www.yishengpack.com\/es\/wp-json\/wp\/v2\/product"}],"about":[{"href":"https:\/\/www.yishengpack.com\/es\/wp-json\/wp\/v2\/types\/product"}],"replies":[{"embeddable":true,"href":"https:\/\/www.yishengpack.com\/es\/wp-json\/wp\/v2\/comments?post=2446"}],"wp:featuredmedia":[{"embeddable":true,"href":"https:\/\/www.yishengpack.com\/es\/wp-json\/wp\/v2\/media\/2447"}],"wp:attachment":[{"href":"https:\/\/www.yishengpack.com\/es\/wp-json\/wp\/v2\/media?parent=2446"}],"wp:term":[{"taxonomy":"box-type","embeddable":true,"href":"https:\/\/www.yishengpack.com\/es\/wp-json\/wp\/v2\/box-type?post=2446"},{"taxonomy":"product_brand","embeddable":true,"href":"https:\/\/www.yishengpack.com\/es\/wp-json\/wp\/v2\/product_brand?post=2446"},{"taxonomy":"product_cat","embeddable":true,"href":"https:\/\/www.yishengpack.com\/es\/wp-json\/wp\/v2\/product_cat?post=2446"},{"taxonomy":"product_tag","embeddable":true,"href":"https:\/\/www.yishengpack.com\/es\/wp-json\/wp\/v2\/product_tag?post=2446"}],"curies":[{"name":"wp","href":"https:\/\/api.w.org\/{rel}","templated":true}]}}