{"id":2438,"date":"2025-11-08T09:35:11","date_gmt":"2025-11-08T09:35:11","guid":{"rendered":"https:\/\/www.yishengpack.com\/?post_type=product&#038;p=2438"},"modified":"2025-11-08T10:08:48","modified_gmt":"2025-11-08T10:08:48","slug":"clothing-bags-wholesale","status":"publish","type":"product","link":"https:\/\/www.yishengpack.com\/es\/producto\/clothing-bags-wholesale\/","title":{"rendered":"Bolsas de Ropa al por mayor, bolsas de papel personalizadas con asa de cinta"},"content":{"rendered":"<div class=\"wp-block-columns is-layout-flex wp-container-core-columns-is-layout-9d6595d7 wp-block-columns-is-layout-flex\">\n<div class=\"wp-block-column is-layout-flow wp-block-column-is-layout-flow\">\n<h3 class=\"wp-block-heading\">Caracter\u00edsticas de Exquisite Clothing Bags Wholesale<\/h3>\n\n\n\n<p><strong>Asa de cinta para llevarla con estilo:<\/strong> Las bolsas para ropa al por mayor son un asa de cinta asequible y lujosa. Le ayudar\u00e1n a sentirse elegante y a tener una imagen de marca prestigiosa. Ideales para llevar sudaderas con capucha, sudaderas y art\u00edculos de lana. Proporciona una experiencia unboxing de lujo.<\/p>\n\n\n\n<p><strong>Se pliega f\u00e1cilmente: <\/strong>Esta bolsa tiene un dise\u00f1o extremadamente robusto y mucho espacio interior. Las bolsas para ropa al por mayor tambi\u00e9n se pliegan hasta el tama\u00f1o de la palma de la mano para facilitar el transporte y el almacenamiento de los pedidos m\u00e1s grandes.<\/p>\n\n\n\n<p><strong>Fabricado con papel de calidad:<\/strong> Las bolsas de ropa al por mayor est\u00e1n fabricadas con papel de calidad duradero y grueso para crear una bolsa de papel s\u00f3lida sin dejar de mostrar una imagen de alta gama de su marca de ropa. Estas bolsas son perfectas para boutiques de ropa, marcas de moda de alta gama, envoltorios para regalos y eventos, y actos promocionales.<\/p>\n\n\n\n<p><strong>Opciones de dise\u00f1o a la \u00faltima:<\/strong> La bolsa de papel plegable personalizada est\u00e1 disponible en m\u00faltiples dise\u00f1os de moda, como lunares, rayas y estampados bot\u00e1nicos. Estos dise\u00f1os de moda ayudan a crear una bolsa visualmente atractiva para presentar la ropa.<\/p>\n\n\n\n<p><strong>Totalmente personalizable para la marca:<\/strong> La bolsa para ropa permite una personalizaci\u00f3n total. Puede ajustar el tama\u00f1o, imprimir logotipos de marca o dise\u00f1os tem\u00e1ticos de ropa y elegir acabados de superficie para satisfacer las necesidades de marca exclusivas de las marcas de ropa.<\/p>\n<\/div>\n\n\n\n<div class=\"wp-block-column is-layout-flow wp-block-column-is-layout-flow\">\n<figure class=\"wp-block-image size-full\"><img decoding=\"async\" width=\"2048\" height=\"2048\" src=\"https:\/\/www.yishengpack.com\/wp-content\/uploads\/2025\/11\/Hot-Sale-Customization-Exquisite-Clothing-Bags-Wholesale-Folding-Paper-Bag-with-Ribbon-Handle-2.webp\" alt=\"bolsas de ropa al por mayor bolsas de papel personalizadas con asa de cinta-2\" class=\"wp-image-2440\" srcset=\"https:\/\/www.yishengpack.com\/wp-content\/uploads\/2025\/11\/Hot-Sale-Customization-Exquisite-Clothing-Bags-Wholesale-Folding-Paper-Bag-with-Ribbon-Handle-2.webp 2048w, https:\/\/www.yishengpack.com\/wp-content\/uploads\/2025\/11\/Hot-Sale-Customization-Exquisite-Clothing-Bags-Wholesale-Folding-Paper-Bag-with-Ribbon-Handle-2-300x300.webp 300w, https:\/\/www.yishengpack.com\/wp-content\/uploads\/2025\/11\/Hot-Sale-Customization-Exquisite-Clothing-Bags-Wholesale-Folding-Paper-Bag-with-Ribbon-Handle-2-150x150.webp 150w, https:\/\/www.yishengpack.com\/wp-content\/uploads\/2025\/11\/Hot-Sale-Customization-Exquisite-Clothing-Bags-Wholesale-Folding-Paper-Bag-with-Ribbon-Handle-2-768x768.webp 768w, https:\/\/www.yishengpack.com\/wp-content\/uploads\/2025\/11\/Hot-Sale-Customization-Exquisite-Clothing-Bags-Wholesale-Folding-Paper-Bag-with-Ribbon-Handle-2-12x12.webp 12w, https:\/\/www.yishengpack.com\/wp-content\/uploads\/2025\/11\/Hot-Sale-Customization-Exquisite-Clothing-Bags-Wholesale-Folding-Paper-Bag-with-Ribbon-Handle-2-1200x1200.webp 1200w, https:\/\/www.yishengpack.com\/wp-content\/uploads\/2025\/11\/Hot-Sale-Customization-Exquisite-Clothing-Bags-Wholesale-Folding-Paper-Bag-with-Ribbon-Handle-2-600x600.webp 600w, https:\/\/www.yishengpack.com\/wp-content\/uploads\/2025\/11\/Hot-Sale-Customization-Exquisite-Clothing-Bags-Wholesale-Folding-Paper-Bag-with-Ribbon-Handle-2-100x100.webp 100w\" sizes=\"(max-width: 2048px) 100vw, 2048px\" \/><\/figure>\n<\/div>\n<\/div>\n\n\n\n<div class=\"wp-block-columns is-layout-flex wp-container-core-columns-is-layout-9d6595d7 wp-block-columns-is-layout-flex\">\n<div class=\"wp-block-column is-layout-flow wp-block-column-is-layout-flow\">\n<figure class=\"wp-block-image size-full\"><img decoding=\"async\" width=\"2048\" height=\"2048\" src=\"https:\/\/www.yishengpack.com\/wp-content\/uploads\/2025\/11\/Hot-Sale-Customization-Exquisite-Clothing-Bags-Wholesale-Folding-Paper-Bag-with-Ribbon-Handle-5.webp\" alt=\"bolsas de ropa al por mayor bolsas de papel personalizadas con asa de cinta-5\" class=\"wp-image-2443\" srcset=\"https:\/\/www.yishengpack.com\/wp-content\/uploads\/2025\/11\/Hot-Sale-Customization-Exquisite-Clothing-Bags-Wholesale-Folding-Paper-Bag-with-Ribbon-Handle-5.webp 2048w, https:\/\/www.yishengpack.com\/wp-content\/uploads\/2025\/11\/Hot-Sale-Customization-Exquisite-Clothing-Bags-Wholesale-Folding-Paper-Bag-with-Ribbon-Handle-5-300x300.webp 300w, https:\/\/www.yishengpack.com\/wp-content\/uploads\/2025\/11\/Hot-Sale-Customization-Exquisite-Clothing-Bags-Wholesale-Folding-Paper-Bag-with-Ribbon-Handle-5-150x150.webp 150w, https:\/\/www.yishengpack.com\/wp-content\/uploads\/2025\/11\/Hot-Sale-Customization-Exquisite-Clothing-Bags-Wholesale-Folding-Paper-Bag-with-Ribbon-Handle-5-768x768.webp 768w, https:\/\/www.yishengpack.com\/wp-content\/uploads\/2025\/11\/Hot-Sale-Customization-Exquisite-Clothing-Bags-Wholesale-Folding-Paper-Bag-with-Ribbon-Handle-5-12x12.webp 12w, https:\/\/www.yishengpack.com\/wp-content\/uploads\/2025\/11\/Hot-Sale-Customization-Exquisite-Clothing-Bags-Wholesale-Folding-Paper-Bag-with-Ribbon-Handle-5-1200x1200.webp 1200w, https:\/\/www.yishengpack.com\/wp-content\/uploads\/2025\/11\/Hot-Sale-Customization-Exquisite-Clothing-Bags-Wholesale-Folding-Paper-Bag-with-Ribbon-Handle-5-600x600.webp 600w, https:\/\/www.yishengpack.com\/wp-content\/uploads\/2025\/11\/Hot-Sale-Customization-Exquisite-Clothing-Bags-Wholesale-Folding-Paper-Bag-with-Ribbon-Handle-5-100x100.webp 100w\" sizes=\"(max-width: 2048px) 100vw, 2048px\" \/><\/figure>\n\n\n\n<div class=\"wp-block-buttons has-custom-font-size has-small-font-size is-content-justification-center is-layout-flex wp-container-core-buttons-is-layout-873b8b11 wp-block-buttons-is-layout-flex\" style=\"padding-top:var(--wp--preset--spacing--50);padding-right:var(--wp--preset--spacing--50);padding-bottom:var(--wp--preset--spacing--50);padding-left:var(--wp--preset--spacing--50)\">\n<div class=\"wp-block-button has-custom-width wp-block-button__width-75\"><a class=\"wp-block-button__link has-background has-small-font-size has-custom-font-size wp-element-button\" href=\"https:\/\/www.yishengpack.com\/es\/custom-printed-box\/\" style=\"background:linear-gradient(135deg,rgb(254,205,165) 0%,rgb(254,45,45) 0%,rgb(94,15,15) 0%,rgb(94,15,15) 100%)\" target=\"_blank\" rel=\"noreferrer noopener\"><strong>Explorar las cajas impresas personalizadas<\/strong><\/a><\/div>\n<\/div>\n<\/div>\n\n\n\n<div class=\"wp-block-column is-layout-flow wp-block-column-is-layout-flow\">\n<figure class=\"wp-block-image size-full\"><img decoding=\"async\" width=\"2048\" height=\"2048\" src=\"https:\/\/www.yishengpack.com\/wp-content\/uploads\/2025\/11\/Hot-Sale-Customization-Exquisite-Clothing-Bags-Wholesale-Folding-Paper-Bag-with-Ribbon-Handle-7.webp\" alt=\"bolsas de ropa al por mayor bolsas de papel personalizadas con asa de cinta-7\" class=\"wp-image-2445\" srcset=\"https:\/\/www.yishengpack.com\/wp-content\/uploads\/2025\/11\/Hot-Sale-Customization-Exquisite-Clothing-Bags-Wholesale-Folding-Paper-Bag-with-Ribbon-Handle-7.webp 2048w, https:\/\/www.yishengpack.com\/wp-content\/uploads\/2025\/11\/Hot-Sale-Customization-Exquisite-Clothing-Bags-Wholesale-Folding-Paper-Bag-with-Ribbon-Handle-7-300x300.webp 300w, https:\/\/www.yishengpack.com\/wp-content\/uploads\/2025\/11\/Hot-Sale-Customization-Exquisite-Clothing-Bags-Wholesale-Folding-Paper-Bag-with-Ribbon-Handle-7-150x150.webp 150w, https:\/\/www.yishengpack.com\/wp-content\/uploads\/2025\/11\/Hot-Sale-Customization-Exquisite-Clothing-Bags-Wholesale-Folding-Paper-Bag-with-Ribbon-Handle-7-768x768.webp 768w, https:\/\/www.yishengpack.com\/wp-content\/uploads\/2025\/11\/Hot-Sale-Customization-Exquisite-Clothing-Bags-Wholesale-Folding-Paper-Bag-with-Ribbon-Handle-7-12x12.webp 12w, https:\/\/www.yishengpack.com\/wp-content\/uploads\/2025\/11\/Hot-Sale-Customization-Exquisite-Clothing-Bags-Wholesale-Folding-Paper-Bag-with-Ribbon-Handle-7-1200x1200.webp 1200w, https:\/\/www.yishengpack.com\/wp-content\/uploads\/2025\/11\/Hot-Sale-Customization-Exquisite-Clothing-Bags-Wholesale-Folding-Paper-Bag-with-Ribbon-Handle-7-600x600.webp 600w, https:\/\/www.yishengpack.com\/wp-content\/uploads\/2025\/11\/Hot-Sale-Customization-Exquisite-Clothing-Bags-Wholesale-Folding-Paper-Bag-with-Ribbon-Handle-7-100x100.webp 100w\" sizes=\"(max-width: 2048px) 100vw, 2048px\" \/><\/figure>\n\n\n\n<div class=\"wp-block-buttons has-custom-font-size has-small-font-size is-content-justification-center is-layout-flex wp-container-core-buttons-is-layout-873b8b11 wp-block-buttons-is-layout-flex\" style=\"padding-top:var(--wp--preset--spacing--50);padding-right:var(--wp--preset--spacing--50);padding-bottom:var(--wp--preset--spacing--50);padding-left:var(--wp--preset--spacing--50)\">\n<div class=\"wp-block-button has-custom-width wp-block-button__width-75\"><a class=\"wp-block-button__link has-background has-small-font-size has-custom-font-size wp-element-button\" href=\"https:\/\/www.yishengpack.com\/es\/custom-box-inserts-accessories\/\" style=\"background:linear-gradient(135deg,rgb(254,205,165) 0%,rgb(254,45,45) 0%,rgb(94,15,15) 0%)\" target=\"_blank\" rel=\"noreferrer noopener\"><strong>Explorar accesorios para cajas personalizadas<\/strong><\/a><\/div>\n<\/div>\n<\/div>\n<\/div>","protected":false},"excerpt":{"rendered":"<p>Bienvenido a comprar nuestras exquisitas bolsas para ropa al por mayor. Esta bolsa de papel para ropa personalizada de alta gama cuenta con papel grueso y un elegante dise\u00f1o de asa de cinta. Su aspecto refinado y su dise\u00f1o plegable facilitan los env\u00edos al por mayor. Se pueden personalizar los logotipos, colores y procesos de impresi\u00f3n, lo que la convierte en una opci\u00f3n de embalaje ideal para marcas de ropa, boutiques y eventos promocionales.<\/p>\n<h2>Aspectos destacados de las bolsas de ropa al por mayor<\/h2>\n<ul>\n<li>Personalizaci\u00f3n total<\/li>\n<li>Materiales de primera calidad<\/li>\n<li>Impresi\u00f3n sofisticada<\/li>\n<li>Varios tipos de bolsas<\/li>\n<li>Colores vivos<\/li>\n<li>Varios tama\u00f1os<\/li>\n<li>Uso c\u00f3modo<\/li>\n<li>F\u00e1cil almacenamiento<\/li>\n<li>Accesorios personalizados<\/li>\n<li>Servicio OEM&amp;ODM<\/li>\n<\/ul>","protected":false},"featured_media":2439,"comment_status":"closed","ping_status":"closed","template":"","meta":{"_acf_changed":false},"box-type":[53],"product_brand":[],"product_cat":[34,70,37],"product_tag":[],"class_list":{"0":"post-2438","1":"product","2":"type-product","3":"status-publish","4":"has-post-thumbnail","6":"box-type-custom-ribbon-handle-paper-bag","7":"product_cat-paper-bags-wholesale","8":"product_cat-custom-clothing-bags","9":"product_cat-paper-gift-bags-bulk","11":"first","12":"instock","13":"shipping-taxable","14":"product-type-simple"},"acf":[],"_links":{"self":[{"href":"https:\/\/www.yishengpack.com\/es\/wp-json\/wp\/v2\/product\/2438","targetHints":{"allow":["GET"]}}],"collection":[{"href":"https:\/\/www.yishengpack.com\/es\/wp-json\/wp\/v2\/product"}],"about":[{"href":"https:\/\/www.yishengpack.com\/es\/wp-json\/wp\/v2\/types\/product"}],"replies":[{"embeddable":true,"href":"https:\/\/www.yishengpack.com\/es\/wp-json\/wp\/v2\/comments?post=2438"}],"wp:featuredmedia":[{"embeddable":true,"href":"https:\/\/www.yishengpack.com\/es\/wp-json\/wp\/v2\/media\/2439"}],"wp:attachment":[{"href":"https:\/\/www.yishengpack.com\/es\/wp-json\/wp\/v2\/media?parent=2438"}],"wp:term":[{"taxonomy":"box-type","embeddable":true,"href":"https:\/\/www.yishengpack.com\/es\/wp-json\/wp\/v2\/box-type?post=2438"},{"taxonomy":"product_brand","embeddable":true,"href":"https:\/\/www.yishengpack.com\/es\/wp-json\/wp\/v2\/product_brand?post=2438"},{"taxonomy":"product_cat","embeddable":true,"href":"https:\/\/www.yishengpack.com\/es\/wp-json\/wp\/v2\/product_cat?post=2438"},{"taxonomy":"product_tag","embeddable":true,"href":"https:\/\/www.yishengpack.com\/es\/wp-json\/wp\/v2\/product_tag?post=2438"}],"curies":[{"name":"wp","href":"https:\/\/api.w.org\/{rel}","templated":true}]}}