{"id":2430,"date":"2025-11-14T03:16:14","date_gmt":"2025-11-14T03:16:14","guid":{"rendered":"https:\/\/www.yishengpack.com\/?post_type=product&#038;p=2430"},"modified":"2025-11-14T03:16:15","modified_gmt":"2025-11-14T03:16:15","slug":"magnetic-closure-gift-box-wholesale","status":"publish","type":"product","link":"https:\/\/www.yishengpack.com\/es\/producto\/magnetic-closure-gift-box-wholesale\/","title":{"rendered":"Caja de regalo con cierre magnetico al por mayor para embalaje de ropa"},"content":{"rendered":"<div class=\"wp-block-columns is-layout-flex wp-container-core-columns-is-layout-9d6595d7 wp-block-columns-is-layout-flex\">\n<div class=\"wp-block-column is-layout-flow wp-block-column-is-layout-flow\">\n<h3 class=\"wp-block-heading\">Caracter\u00edsticas de la caja de regalo con cierre magn\u00e9tico al por mayor<\/h3>\n\n\n\n<p><strong>Cierre magn\u00e9tico a presi\u00f3n para un desembalaje de lujo:<\/strong> La caja de embalaje para ropa al por mayor incluye un cierre magn\u00e9tico a presi\u00f3n, que permite un desembalaje sencillo y lujoso. Est\u00e1 dise\u00f1ada para trajes, batas y chaquetas de cuero, y presenta el proceso de desembalaje de una forma limpia y moderna.<\/p>\n\n\n\n<p><strong>Dise\u00f1o interior:<\/strong> Esta caja de regalo con cierre magn\u00e9tico al por mayor tiene un dise\u00f1o interior que mantiene el contenido organizado. Es una gran manera de organizar chalecos, vestidos largos y ropa deportiva para mantener la ropa bonita y ordenada.<\/p>\n\n\n\n<p><strong>Materiales de alta gama:<\/strong> Esta caja de regalo con cierre magn\u00e9tico al por mayor est\u00e1 fabricada con materiales de alta gama; sin duda, la caja de embalaje para ropa es duradera y muy elegante. Excelente para empaquetar un art\u00edculo de primera calidad, como trajes, batas o vestidos largos, y mejorar la experiencia de regalo.<\/p>\n\n\n\n<p><strong>Paletas de colores vivos: <\/strong>La caja de regalo con cierre magn\u00e9tico al por mayor viene en paletas de colores vivos, como rosa, verde, azul, etc. Estos colores har\u00e1n que el aspecto visual del art\u00edculo sea mejor, haciendo que la caja de regalo sea adecuada para empaquetar varios art\u00edculos de ropa, o cualquier prenda para la que el art\u00edculo est\u00e9 dise\u00f1ado.<\/p>\n\n\n\n<p><strong>Opciones personalizables:<\/strong> La caja de embalaje para ropa al por mayor le permitir\u00e1 personalizar la caja seg\u00fan sus necesidades. Puede cambiar las dimensiones, cambiar el tama\u00f1o del logotipo de la marca o gr\u00e1ficos como las especificaciones de la ropa. Tambi\u00e9n puede elegir diferentes opciones de acabado de la superficie para adaptarse a sus requisitos de marca \u00fanicos.<\/p>\n<\/div>\n\n\n\n<div class=\"wp-block-column is-layout-flow wp-block-column-is-layout-flow\">\n<figure class=\"wp-block-image size-full\"><img decoding=\"async\" width=\"1925\" height=\"1925\" src=\"https:\/\/www.yishengpack.com\/wp-content\/uploads\/2025\/11\/Luxury-Clothing-Magnetic-Gift-Boxes-Wholesale-High-Quality-Paper-Box-with-Custom-Logo-2.webp\" alt=\"caja-regalo-con-cierre-magnetico-para-ropa-embalaje-mayorista-2\" class=\"wp-image-2432\" srcset=\"https:\/\/www.yishengpack.com\/wp-content\/uploads\/2025\/11\/Luxury-Clothing-Magnetic-Gift-Boxes-Wholesale-High-Quality-Paper-Box-with-Custom-Logo-2.webp 1925w, https:\/\/www.yishengpack.com\/wp-content\/uploads\/2025\/11\/Luxury-Clothing-Magnetic-Gift-Boxes-Wholesale-High-Quality-Paper-Box-with-Custom-Logo-2-300x300.webp 300w, https:\/\/www.yishengpack.com\/wp-content\/uploads\/2025\/11\/Luxury-Clothing-Magnetic-Gift-Boxes-Wholesale-High-Quality-Paper-Box-with-Custom-Logo-2-150x150.webp 150w, https:\/\/www.yishengpack.com\/wp-content\/uploads\/2025\/11\/Luxury-Clothing-Magnetic-Gift-Boxes-Wholesale-High-Quality-Paper-Box-with-Custom-Logo-2-768x768.webp 768w, https:\/\/www.yishengpack.com\/wp-content\/uploads\/2025\/11\/Luxury-Clothing-Magnetic-Gift-Boxes-Wholesale-High-Quality-Paper-Box-with-Custom-Logo-2-12x12.webp 12w, https:\/\/www.yishengpack.com\/wp-content\/uploads\/2025\/11\/Luxury-Clothing-Magnetic-Gift-Boxes-Wholesale-High-Quality-Paper-Box-with-Custom-Logo-2-1200x1200.webp 1200w, https:\/\/www.yishengpack.com\/wp-content\/uploads\/2025\/11\/Luxury-Clothing-Magnetic-Gift-Boxes-Wholesale-High-Quality-Paper-Box-with-Custom-Logo-2-600x600.webp 600w, https:\/\/www.yishengpack.com\/wp-content\/uploads\/2025\/11\/Luxury-Clothing-Magnetic-Gift-Boxes-Wholesale-High-Quality-Paper-Box-with-Custom-Logo-2-100x100.webp 100w\" sizes=\"(max-width: 1925px) 100vw, 1925px\" \/><\/figure>\n<\/div>\n<\/div>\n\n\n\n<div class=\"wp-block-columns is-layout-flex wp-container-core-columns-is-layout-9d6595d7 wp-block-columns-is-layout-flex\">\n<div class=\"wp-block-column is-layout-flow wp-block-column-is-layout-flow\">\n<figure class=\"wp-block-image size-full\"><img decoding=\"async\" width=\"2048\" height=\"2048\" src=\"https:\/\/www.yishengpack.com\/wp-content\/uploads\/2025\/11\/Luxury-Clothing-Magnetic-Gift-Boxes-Wholesale-High-Quality-Paper-Box-with-Custom-Logo-7.webp\" alt=\"cajas-regalo-magn\u00e9ticas-de-ropa-de-lujo-cajas-regalo-de-papel-de-alta-calidad-con-logotipo-personalizado-7\" class=\"wp-image-2437\" srcset=\"https:\/\/www.yishengpack.com\/wp-content\/uploads\/2025\/11\/Luxury-Clothing-Magnetic-Gift-Boxes-Wholesale-High-Quality-Paper-Box-with-Custom-Logo-7.webp 2048w, https:\/\/www.yishengpack.com\/wp-content\/uploads\/2025\/11\/Luxury-Clothing-Magnetic-Gift-Boxes-Wholesale-High-Quality-Paper-Box-with-Custom-Logo-7-300x300.webp 300w, https:\/\/www.yishengpack.com\/wp-content\/uploads\/2025\/11\/Luxury-Clothing-Magnetic-Gift-Boxes-Wholesale-High-Quality-Paper-Box-with-Custom-Logo-7-150x150.webp 150w, https:\/\/www.yishengpack.com\/wp-content\/uploads\/2025\/11\/Luxury-Clothing-Magnetic-Gift-Boxes-Wholesale-High-Quality-Paper-Box-with-Custom-Logo-7-768x768.webp 768w, https:\/\/www.yishengpack.com\/wp-content\/uploads\/2025\/11\/Luxury-Clothing-Magnetic-Gift-Boxes-Wholesale-High-Quality-Paper-Box-with-Custom-Logo-7-12x12.webp 12w, https:\/\/www.yishengpack.com\/wp-content\/uploads\/2025\/11\/Luxury-Clothing-Magnetic-Gift-Boxes-Wholesale-High-Quality-Paper-Box-with-Custom-Logo-7-1200x1200.webp 1200w, https:\/\/www.yishengpack.com\/wp-content\/uploads\/2025\/11\/Luxury-Clothing-Magnetic-Gift-Boxes-Wholesale-High-Quality-Paper-Box-with-Custom-Logo-7-600x600.webp 600w, https:\/\/www.yishengpack.com\/wp-content\/uploads\/2025\/11\/Luxury-Clothing-Magnetic-Gift-Boxes-Wholesale-High-Quality-Paper-Box-with-Custom-Logo-7-100x100.webp 100w\" sizes=\"(max-width: 2048px) 100vw, 2048px\" \/><\/figure>\n\n\n\n<div class=\"wp-block-buttons has-custom-font-size has-small-font-size is-content-justification-center is-layout-flex wp-container-core-buttons-is-layout-16018d1d wp-block-buttons-is-layout-flex\">\n<div class=\"wp-block-button has-custom-width wp-block-button__width-75\"><a class=\"wp-block-button__link has-background has-small-font-size has-custom-font-size wp-element-button\" href=\"https:\/\/www.yishengpack.com\/es\/custom-printed-box\/\" style=\"background:linear-gradient(135deg,rgb(254,205,165) 0%,rgb(254,45,45) 0%,rgb(94,15,15) 0%,rgb(94,15,15) 100%)\" target=\"_blank\" rel=\"noreferrer noopener\"><strong>Explorar las cajas impresas personalizadas<\/strong><\/a><\/div>\n<\/div>\n<\/div>\n\n\n\n<div class=\"wp-block-column is-layout-flow wp-block-column-is-layout-flow\">\n<figure class=\"wp-block-image size-full\"><img decoding=\"async\" width=\"2048\" height=\"2048\" src=\"https:\/\/www.yishengpack.com\/wp-content\/uploads\/2025\/11\/Luxury-Clothing-Magnetic-Gift-Boxes-Wholesale-High-Quality-Paper-Box-with-Custom-Logo-3.webp\" alt=\"caja-regalo-con-cierre-magnetico-para-ropa-embalaje-mayorista-3\" class=\"wp-image-2433\" srcset=\"https:\/\/www.yishengpack.com\/wp-content\/uploads\/2025\/11\/Luxury-Clothing-Magnetic-Gift-Boxes-Wholesale-High-Quality-Paper-Box-with-Custom-Logo-3.webp 2048w, https:\/\/www.yishengpack.com\/wp-content\/uploads\/2025\/11\/Luxury-Clothing-Magnetic-Gift-Boxes-Wholesale-High-Quality-Paper-Box-with-Custom-Logo-3-300x300.webp 300w, https:\/\/www.yishengpack.com\/wp-content\/uploads\/2025\/11\/Luxury-Clothing-Magnetic-Gift-Boxes-Wholesale-High-Quality-Paper-Box-with-Custom-Logo-3-150x150.webp 150w, https:\/\/www.yishengpack.com\/wp-content\/uploads\/2025\/11\/Luxury-Clothing-Magnetic-Gift-Boxes-Wholesale-High-Quality-Paper-Box-with-Custom-Logo-3-768x768.webp 768w, https:\/\/www.yishengpack.com\/wp-content\/uploads\/2025\/11\/Luxury-Clothing-Magnetic-Gift-Boxes-Wholesale-High-Quality-Paper-Box-with-Custom-Logo-3-12x12.webp 12w, https:\/\/www.yishengpack.com\/wp-content\/uploads\/2025\/11\/Luxury-Clothing-Magnetic-Gift-Boxes-Wholesale-High-Quality-Paper-Box-with-Custom-Logo-3-1200x1200.webp 1200w, https:\/\/www.yishengpack.com\/wp-content\/uploads\/2025\/11\/Luxury-Clothing-Magnetic-Gift-Boxes-Wholesale-High-Quality-Paper-Box-with-Custom-Logo-3-600x600.webp 600w, https:\/\/www.yishengpack.com\/wp-content\/uploads\/2025\/11\/Luxury-Clothing-Magnetic-Gift-Boxes-Wholesale-High-Quality-Paper-Box-with-Custom-Logo-3-100x100.webp 100w\" sizes=\"(max-width: 2048px) 100vw, 2048px\" \/><\/figure>\n\n\n\n<div class=\"wp-block-buttons has-custom-font-size has-small-font-size is-content-justification-center is-layout-flex wp-container-core-buttons-is-layout-16018d1d wp-block-buttons-is-layout-flex\">\n<div class=\"wp-block-button has-custom-width wp-block-button__width-75\"><a class=\"wp-block-button__link has-background has-small-font-size has-custom-font-size wp-element-button\" href=\"https:\/\/www.yishengpack.com\/es\/custom-box-inserts-accessories\/\" style=\"background:linear-gradient(135deg,rgb(254,205,165) 0%,rgb(254,45,45) 0%,rgb(94,15,15) 0%,rgb(94,15,15) 100%)\" target=\"_blank\" rel=\"noreferrer noopener\"><strong>Explorar los insertos personalizados para cajas<\/strong><\/a><\/div>\n<\/div>\n<\/div>\n<\/div>\n\n\n\n<p><\/p>","protected":false},"excerpt":{"rendered":"<p>Bienvenido a comprar nuestra caja de regalo con cierre magn\u00e9tico al por mayor, perfecta para empaquetar trajes, vestidos, maxi faldas, chalecos, chaquetas de cuero y mucho m\u00e1s. La caja de embalaje de ropa al por mayor cuenta con un dise\u00f1o de cierre magn\u00e9tico y la artesan\u00eda de primera calidad; que combina el lujo y la funcionalidad para regalar ropa y la pantalla. Desde el tama\u00f1o, los colores y los detalles sofisticados hasta el logotipo y las inserciones personalizadas, son totalmente personalizables para adaptarse al posicionamiento de gama alta de su marca.<\/p>\n<h2>Aspectos destacados de la caja de regalo con cierre magn\u00e9tico al por mayor<\/h2>\n<ul>\n<li>Personalizaci\u00f3n total<\/li>\n<li>Materiales de primera calidad<\/li>\n<li>Diversas manipulaciones de impresi\u00f3n<\/li>\n<li>Estructura estable<\/li>\n<li>M\u00faltiples tipos de cajas<\/li>\n<li>Amplia variedad de colores<\/li>\n<li>Varios tama\u00f1os de caja<\/li>\n<li>Servicio OEM\/ODM<\/li>\n<\/ul>","protected":false},"featured_media":2431,"comment_status":"closed","ping_status":"closed","template":"","meta":{"_acf_changed":false},"box-type":[54],"product_brand":[],"product_cat":[19,66],"product_tag":[],"class_list":{"0":"post-2430","1":"product","2":"type-product","3":"status-publish","4":"has-post-thumbnail","6":"box-type-custom-magnetic-closure-boxes","7":"product_cat-luxury-gift-boxes-wholesale","8":"product_cat-custom-apparel-boxes","10":"first","11":"instock","12":"shipping-taxable","13":"product-type-simple"},"acf":[],"_links":{"self":[{"href":"https:\/\/www.yishengpack.com\/es\/wp-json\/wp\/v2\/product\/2430","targetHints":{"allow":["GET"]}}],"collection":[{"href":"https:\/\/www.yishengpack.com\/es\/wp-json\/wp\/v2\/product"}],"about":[{"href":"https:\/\/www.yishengpack.com\/es\/wp-json\/wp\/v2\/types\/product"}],"replies":[{"embeddable":true,"href":"https:\/\/www.yishengpack.com\/es\/wp-json\/wp\/v2\/comments?post=2430"}],"wp:featuredmedia":[{"embeddable":true,"href":"https:\/\/www.yishengpack.com\/es\/wp-json\/wp\/v2\/media\/2431"}],"wp:attachment":[{"href":"https:\/\/www.yishengpack.com\/es\/wp-json\/wp\/v2\/media?parent=2430"}],"wp:term":[{"taxonomy":"box-type","embeddable":true,"href":"https:\/\/www.yishengpack.com\/es\/wp-json\/wp\/v2\/box-type?post=2430"},{"taxonomy":"product_brand","embeddable":true,"href":"https:\/\/www.yishengpack.com\/es\/wp-json\/wp\/v2\/product_brand?post=2430"},{"taxonomy":"product_cat","embeddable":true,"href":"https:\/\/www.yishengpack.com\/es\/wp-json\/wp\/v2\/product_cat?post=2430"},{"taxonomy":"product_tag","embeddable":true,"href":"https:\/\/www.yishengpack.com\/es\/wp-json\/wp\/v2\/product_tag?post=2430"}],"curies":[{"name":"wp","href":"https:\/\/api.w.org\/{rel}","templated":true}]}}