{"id":241,"date":"2025-01-03T10:01:28","date_gmt":"2025-01-03T10:01:28","guid":{"rendered":"https:\/\/www.yishengpack.com\/?post_type=product&#038;p=241"},"modified":"2025-12-13T03:48:22","modified_gmt":"2025-12-13T03:48:22","slug":"clear-mini-cupcake-boxes-bulk","status":"publish","type":"product","link":"https:\/\/www.yishengpack.com\/es\/producto\/clear-mini-cupcake-boxes-bulk\/","title":{"rendered":"Cajas de 12 Agujeros para Mini Cupcakes a Granel con Elegante Cinta"},"content":{"rendered":"<div class=\"wp-block-columns is-layout-flex wp-container-core-columns-is-layout-9d6595d7 wp-block-columns-is-layout-flex\">\n<div class=\"wp-block-column is-layout-flow wp-block-column-is-layout-flow\">\n<h3 class=\"wp-block-heading\">Features of Clear Mini Cupcake Boxes Bulk<\/h3>\n\n\n\n<p><strong>Dise\u00f1o de 12 agujeros:<\/strong> These clear mini cupcake boxes bulk can hold up to 12 mini cupcakes or small desserts, suitable for high-volume packaging.<\/p>\n\n\n\n<p><strong>Cinta elegante:<\/strong> These mini cupcake boxes bulk come with a decorative and beautiful ribbon to add a high-end feel to the package, perfect for gift-giving or special occasions.<\/p>\n\n\n\n<p><strong>F\u00e1cil de montar: <\/strong>estas cajas transparentes para cupcakes son f\u00e1ciles de montar sin operaciones complicadas, lo que ahorra tiempo y mano de obra.<\/p>\n\n\n\n<p><strong>Inserciones de papel blanco:<\/strong> los insertos de papel blanco incluidos ayudan a fijar las magdalenas en su sitio, evitando que se muevan o se da\u00f1en durante el transporte.<\/p>\n\n\n\n<p><strong>Pl\u00e1stico PET transparente: <\/strong>Estas cajas est\u00e1n fabricadas con pl\u00e1stico PET de alta calidad apto para uso alimentario, que ofrece una visibilidad cristalina, exhibe sus productos y atrae las miradas de sus clientes.<\/p>\n\n\n\n<p><strong>Amplia gama de aplicaciones: <\/strong>panader\u00edas, cafeter\u00edas y empresas de catering que envasan minicupcakes o peque\u00f1os postres; ocasiones especiales como bodas, cumplea\u00f1os y festivales; lotes de regalo, recuerdos de fiestas o regalos de empresa.<\/p>\n<\/div>\n\n\n\n<div class=\"wp-block-column is-layout-flow wp-block-column-is-layout-flow\">\n<figure class=\"wp-block-image size-full\"><img decoding=\"async\" width=\"800\" height=\"800\" src=\"https:\/\/www.yishengpack.com\/wp-content\/uploads\/2025\/01\/12-Hole-Clear-Mini-Cupcake-Boxes-Bulk-with-Elegant-Ribbon-and-White-Inserts.webp\" alt=\"Cajas transparentes de 12 agujeros para mini cupcakes a granel con elegante lazo e inserciones blancas\" class=\"wp-image-247\" srcset=\"https:\/\/www.yishengpack.com\/wp-content\/uploads\/2025\/01\/12-Hole-Clear-Mini-Cupcake-Boxes-Bulk-with-Elegant-Ribbon-and-White-Inserts.webp 800w, https:\/\/www.yishengpack.com\/wp-content\/uploads\/2025\/01\/12-Hole-Clear-Mini-Cupcake-Boxes-Bulk-with-Elegant-Ribbon-and-White-Inserts-300x300.webp 300w, https:\/\/www.yishengpack.com\/wp-content\/uploads\/2025\/01\/12-Hole-Clear-Mini-Cupcake-Boxes-Bulk-with-Elegant-Ribbon-and-White-Inserts-150x150.webp 150w, https:\/\/www.yishengpack.com\/wp-content\/uploads\/2025\/01\/12-Hole-Clear-Mini-Cupcake-Boxes-Bulk-with-Elegant-Ribbon-and-White-Inserts-768x768.webp 768w, https:\/\/www.yishengpack.com\/wp-content\/uploads\/2025\/01\/12-Hole-Clear-Mini-Cupcake-Boxes-Bulk-with-Elegant-Ribbon-and-White-Inserts-600x600.webp 600w, https:\/\/www.yishengpack.com\/wp-content\/uploads\/2025\/01\/12-Hole-Clear-Mini-Cupcake-Boxes-Bulk-with-Elegant-Ribbon-and-White-Inserts-100x100.webp 100w\" sizes=\"(max-width: 800px) 100vw, 800px\" \/><\/figure>\n<\/div>\n<\/div>\n\n\n\n<div class=\"wp-block-columns is-layout-flex wp-container-core-columns-is-layout-9d6595d7 wp-block-columns-is-layout-flex\">\n<div class=\"wp-block-column is-layout-flow wp-block-column-is-layout-flow\">\n<figure class=\"wp-block-image size-full\"><img decoding=\"async\" width=\"800\" height=\"800\" src=\"https:\/\/www.yishengpack.com\/wp-content\/uploads\/2025\/01\/wholesale-clear-cupcake-boxes-fits-2-4-cupcake-or-muffin-dessert-boxes-6.webp\" alt=\"mayorista-cajas transparentes para magdalenas-2-4-cajas para magdalenas o muffins (6)\" class=\"wp-image-233\" srcset=\"https:\/\/www.yishengpack.com\/wp-content\/uploads\/2025\/01\/wholesale-clear-cupcake-boxes-fits-2-4-cupcake-or-muffin-dessert-boxes-6.webp 800w, https:\/\/www.yishengpack.com\/wp-content\/uploads\/2025\/01\/wholesale-clear-cupcake-boxes-fits-2-4-cupcake-or-muffin-dessert-boxes-6-300x300.webp 300w, https:\/\/www.yishengpack.com\/wp-content\/uploads\/2025\/01\/wholesale-clear-cupcake-boxes-fits-2-4-cupcake-or-muffin-dessert-boxes-6-150x150.webp 150w, https:\/\/www.yishengpack.com\/wp-content\/uploads\/2025\/01\/wholesale-clear-cupcake-boxes-fits-2-4-cupcake-or-muffin-dessert-boxes-6-768x768.webp 768w, https:\/\/www.yishengpack.com\/wp-content\/uploads\/2025\/01\/wholesale-clear-cupcake-boxes-fits-2-4-cupcake-or-muffin-dessert-boxes-6-600x600.webp 600w, https:\/\/www.yishengpack.com\/wp-content\/uploads\/2025\/01\/wholesale-clear-cupcake-boxes-fits-2-4-cupcake-or-muffin-dessert-boxes-6-100x100.webp 100w\" sizes=\"(max-width: 800px) 100vw, 800px\" \/><\/figure>\n\n\n\n<div class=\"wp-block-buttons has-custom-font-size has-small-font-size is-content-justification-center is-layout-flex wp-container-core-buttons-is-layout-16018d1d wp-block-buttons-is-layout-flex\">\n<div class=\"wp-block-button has-custom-width wp-block-button__width-75\"><a class=\"wp-block-button__link has-background has-small-font-size has-custom-font-size wp-element-button\" href=\"https:\/\/www.yishengpack.com\/es\/custom-product-boxes-types\/\" style=\"background:linear-gradient(135deg,rgb(254,205,165) 0%,rgb(254,45,45) 0%,rgb(94,15,15) 0%,rgb(94,15,15) 100%)\" target=\"_blank\" rel=\"noreferrer noopener\"><strong>Explora los tipos de cajas personalizadas<\/strong><\/a><\/div>\n<\/div>\n<\/div>\n\n\n\n<div class=\"wp-block-column is-layout-flow wp-block-column-is-layout-flow\">\n<figure class=\"wp-block-image size-full\"><img decoding=\"async\" width=\"800\" height=\"800\" src=\"https:\/\/www.yishengpack.com\/wp-content\/uploads\/2025\/01\/wholesale-clear-cupcake-boxes-fits-2-4-cupcake-or-muffin-dessert-boxes-5.webp\" alt=\"mayorista-cajas transparentes para magdalenas-2-4-cajas de postres para magdalenas o muffins (5)\" class=\"wp-image-232\" srcset=\"https:\/\/www.yishengpack.com\/wp-content\/uploads\/2025\/01\/wholesale-clear-cupcake-boxes-fits-2-4-cupcake-or-muffin-dessert-boxes-5.webp 800w, https:\/\/www.yishengpack.com\/wp-content\/uploads\/2025\/01\/wholesale-clear-cupcake-boxes-fits-2-4-cupcake-or-muffin-dessert-boxes-5-300x300.webp 300w, https:\/\/www.yishengpack.com\/wp-content\/uploads\/2025\/01\/wholesale-clear-cupcake-boxes-fits-2-4-cupcake-or-muffin-dessert-boxes-5-150x150.webp 150w, https:\/\/www.yishengpack.com\/wp-content\/uploads\/2025\/01\/wholesale-clear-cupcake-boxes-fits-2-4-cupcake-or-muffin-dessert-boxes-5-768x768.webp 768w, https:\/\/www.yishengpack.com\/wp-content\/uploads\/2025\/01\/wholesale-clear-cupcake-boxes-fits-2-4-cupcake-or-muffin-dessert-boxes-5-600x600.webp 600w, https:\/\/www.yishengpack.com\/wp-content\/uploads\/2025\/01\/wholesale-clear-cupcake-boxes-fits-2-4-cupcake-or-muffin-dessert-boxes-5-100x100.webp 100w\" sizes=\"(max-width: 800px) 100vw, 800px\" \/><\/figure>\n\n\n\n<div class=\"wp-block-buttons has-custom-font-size has-small-font-size is-content-justification-center is-layout-flex wp-container-core-buttons-is-layout-16018d1d wp-block-buttons-is-layout-flex\">\n<div class=\"wp-block-button has-custom-width wp-block-button__width-75\"><a class=\"wp-block-button__link has-background has-small-font-size has-custom-font-size wp-element-button\" href=\"https:\/\/www.yishengpack.com\/es\/custom-box-inserts-accessories\/\" style=\"background:linear-gradient(135deg,rgb(254,205,165) 0%,rgb(254,45,45) 0%,rgb(94,15,15) 0%,rgb(94,15,15) 100%)\" target=\"_blank\" rel=\"noreferrer noopener\"><strong>Explorar los insertos personalizados para cajas<\/strong><\/a><\/div>\n<\/div>\n<\/div>\n<\/div>","protected":false},"excerpt":{"rendered":"<p>Nuestras cajas transparentes a granel de 12 unidades para mini cupcakes son perfectas para envasar postres peque\u00f1os y delicados. Tanto si tiene una pasteler\u00eda, un negocio de catering o est\u00e1 organizando un evento especial, estas cajas de primera calidad son elegantes y funcionales. Vienen con elegantes cintas e inserciones de papel blanco dise\u00f1adas para mantener sus mini cupcakes o postres seguros y bellamente presentados.<\/p>\n<h2>Cajas transparentes para mini cupcakes Especificaciones:<\/h2>\n<table width=\"528\">\n<tbody>\n<tr>\n<td width=\"215\">Fabricante:<\/td>\n<td colspan=\"2\" width=\"313\">Yisheng<\/td>\n<\/tr>\n<tr>\n<td>Modelo:<\/td>\n<td colspan=\"2\">Pastel-12<\/td>\n<\/tr>\n<tr>\n<td>Material:\u00a0<\/td>\n<td colspan=\"2\">PET+Cart\u00f3n blanco<\/td>\n<\/tr>\n<tr>\n<td>Color:\u00a0<\/td>\n<td colspan=\"2\">Claro<\/td>\n<\/tr>\n<tr>\n<td>Tama\u00f1o:\u00a0<\/td>\n<td colspan=\"2\" width=\"313\">35cm*26cm*10cm<\/td>\n<\/tr>\n<tr>\n<td>Peso:\u00a0<\/td>\n<td colspan=\"2\" width=\"313\">160,5 g\/pc<\/td>\n<\/tr>\n<tr>\n<td>Forma:\u00a0<\/td>\n<td colspan=\"2\" width=\"313\">Rect\u00e1ngulo\u00a0<\/td>\n<\/tr>\n<tr>\n<td>Embalaje:\u00a0<\/td>\n<td colspan=\"2\">Boxeo directo<\/td>\n<\/tr>\n<tr>\n<td>MOQ:\u00a0<\/td>\n<td colspan=\"2\">200 unidades<\/td>\n<\/tr>\n<tr>\n<td>OEM&amp;ODM:\u00a0<\/td>\n<td colspan=\"2\">Personalizado, bienvenido OEM&amp;ODM<\/td>\n<\/tr>\n<tr>\n<td>Muestra\uff1a<\/td>\n<td colspan=\"2\">Se puede solicitar una muestra gratuita de 10 unidades<\/td>\n<\/tr>\n<\/tbody>\n<\/table>\n<p><script src=\"chrome-extension:\/\/fpelahbljekknahkcaegamhcndkfpfnc\/iFrame.js\" type=\"text\/javascript\"><\/script><\/p>","protected":false},"featured_media":258,"comment_status":"closed","ping_status":"closed","template":"","meta":{"_acf_changed":false},"box-type":[64,61],"product_brand":[],"product_cat":[32,46,30,21],"product_tag":[],"class_list":{"0":"post-241","1":"product","2":"type-product","3":"status-publish","4":"has-post-thumbnail","6":"box-type-custom-clear-lid-paper-boxes","7":"box-type-custom-two-piece-boxes","8":"product_cat-bakery-packaging-wholesale","9":"product_cat-wholesale-paper-boxes","10":"product_cat-cake-containers-wholesale","11":"product_cat-plastic-cake-containers-wholesale","13":"first","14":"instock","15":"shipping-taxable","16":"product-type-simple"},"acf":[],"_links":{"self":[{"href":"https:\/\/www.yishengpack.com\/es\/wp-json\/wp\/v2\/product\/241","targetHints":{"allow":["GET"]}}],"collection":[{"href":"https:\/\/www.yishengpack.com\/es\/wp-json\/wp\/v2\/product"}],"about":[{"href":"https:\/\/www.yishengpack.com\/es\/wp-json\/wp\/v2\/types\/product"}],"replies":[{"embeddable":true,"href":"https:\/\/www.yishengpack.com\/es\/wp-json\/wp\/v2\/comments?post=241"}],"wp:featuredmedia":[{"embeddable":true,"href":"https:\/\/www.yishengpack.com\/es\/wp-json\/wp\/v2\/media\/258"}],"wp:attachment":[{"href":"https:\/\/www.yishengpack.com\/es\/wp-json\/wp\/v2\/media?parent=241"}],"wp:term":[{"taxonomy":"box-type","embeddable":true,"href":"https:\/\/www.yishengpack.com\/es\/wp-json\/wp\/v2\/box-type?post=241"},{"taxonomy":"product_brand","embeddable":true,"href":"https:\/\/www.yishengpack.com\/es\/wp-json\/wp\/v2\/product_brand?post=241"},{"taxonomy":"product_cat","embeddable":true,"href":"https:\/\/www.yishengpack.com\/es\/wp-json\/wp\/v2\/product_cat?post=241"},{"taxonomy":"product_tag","embeddable":true,"href":"https:\/\/www.yishengpack.com\/es\/wp-json\/wp\/v2\/product_tag?post=241"}],"curies":[{"name":"wp","href":"https:\/\/api.w.org\/{rel}","templated":true}]}}