{"id":2398,"date":"2025-11-06T16:54:34","date_gmt":"2025-11-06T16:54:34","guid":{"rendered":"https:\/\/www.yishengpack.com\/?post_type=product&#038;p=2398"},"modified":"2025-11-06T16:54:35","modified_gmt":"2025-11-06T16:54:35","slug":"custom-gift-paper-bags","status":"publish","type":"product","link":"https:\/\/www.yishengpack.com\/es\/producto\/custom-gift-paper-bags\/","title":{"rendered":"Bolsas de papel de regalo personalizadas de alta calidad con asa, bolsa de regalo plegable"},"content":{"rendered":"<div class=\"wp-block-columns is-layout-flex wp-container-core-columns-is-layout-9d6595d7 wp-block-columns-is-layout-flex\">\n<div class=\"wp-block-column is-layout-flow wp-block-column-is-layout-flow\">\n<h3 class=\"wp-block-heading\">Caracter\u00edsticas de las bolsas de papel para regalo personalizadas<\/h3>\n\n\n\n<p><strong>M\u00faltiples opciones de asa:<\/strong> Estas bolsas de papel de regalo personalizadas ofrecen varios dise\u00f1os, como asas de cuerda de papel trenzado, asas de cuerda de algod\u00f3n, asas de cuerda de seda y asas perforadas para satisfacer los requisitos de estilo y carga de los distintos productos.<\/p>\n\n\n\n<p><strong>Producto kraft respetuoso con el medio ambiente:<\/strong> Estas bolsas de papel de regalo personalizadas est\u00e1n fabricadas con papel kraft respetuoso con el medio ambiente. Esta bolsa es resistente y sostenible para alimentos, peque\u00f1os regalos y artesan\u00eda, satisfaciendo tus necesidades de envasado ecol\u00f3gicas.<\/p>\n\n\n\n<p><strong>Dise\u00f1o l\u00fadico de temas navide\u00f1os: <\/strong>La bolsa de papel al por mayor presenta alegres dise\u00f1os navide\u00f1os como mu\u00f1ecos de nieve, renos y \u00e1rboles de Navidad. Es ideal para regalar alimentos, peque\u00f1os obsequios y artesan\u00eda durante las fiestas.<\/p>\n\n\n\n<p><strong>Capacidad vers\u00e1til: <\/strong>Las bolsas de papel de regalo personalizadas son una forma vers\u00e1til de bolsa que puede contener muchos art\u00edculos, como una variedad de golosinas, una colecci\u00f3n de peque\u00f1os regalos o una colecci\u00f3n de artesan\u00edas.<\/p>\n\n\n\n<p><strong>Bolsa impresa personalizada disponible:<\/strong> Nuestras bolsas de papel plegable al por mayor pueden tener tama\u00f1os, colores, logotipos, patrones de impresi\u00f3n y tratamientos superficiales personalizados (como estampaci\u00f3n en caliente, laminaci\u00f3n, gofrado, etc.) para adaptarse a cualquier marca.<\/p>\n<\/div>\n\n\n\n<div class=\"wp-block-column is-layout-flow wp-block-column-is-layout-flow\">\n<figure class=\"wp-block-image size-full\"><img decoding=\"async\" width=\"2048\" height=\"2048\" src=\"https:\/\/www.yishengpack.com\/wp-content\/uploads\/2025\/10\/Premium-Custom-Paper-Bags-with-Handle-Wholesale-Folding-Gift-Bag-for-Celebration-7.webp\" alt=\"bolsas de papel personalizadas con asa plegables premium-7\" class=\"wp-image-2405\" srcset=\"https:\/\/www.yishengpack.com\/wp-content\/uploads\/2025\/10\/Premium-Custom-Paper-Bags-with-Handle-Wholesale-Folding-Gift-Bag-for-Celebration-7.webp 2048w, https:\/\/www.yishengpack.com\/wp-content\/uploads\/2025\/10\/Premium-Custom-Paper-Bags-with-Handle-Wholesale-Folding-Gift-Bag-for-Celebration-7-300x300.webp 300w, https:\/\/www.yishengpack.com\/wp-content\/uploads\/2025\/10\/Premium-Custom-Paper-Bags-with-Handle-Wholesale-Folding-Gift-Bag-for-Celebration-7-150x150.webp 150w, https:\/\/www.yishengpack.com\/wp-content\/uploads\/2025\/10\/Premium-Custom-Paper-Bags-with-Handle-Wholesale-Folding-Gift-Bag-for-Celebration-7-768x768.webp 768w, https:\/\/www.yishengpack.com\/wp-content\/uploads\/2025\/10\/Premium-Custom-Paper-Bags-with-Handle-Wholesale-Folding-Gift-Bag-for-Celebration-7-12x12.webp 12w, https:\/\/www.yishengpack.com\/wp-content\/uploads\/2025\/10\/Premium-Custom-Paper-Bags-with-Handle-Wholesale-Folding-Gift-Bag-for-Celebration-7-1200x1200.webp 1200w, https:\/\/www.yishengpack.com\/wp-content\/uploads\/2025\/10\/Premium-Custom-Paper-Bags-with-Handle-Wholesale-Folding-Gift-Bag-for-Celebration-7-600x600.webp 600w, https:\/\/www.yishengpack.com\/wp-content\/uploads\/2025\/10\/Premium-Custom-Paper-Bags-with-Handle-Wholesale-Folding-Gift-Bag-for-Celebration-7-100x100.webp 100w\" sizes=\"(max-width: 2048px) 100vw, 2048px\" \/><\/figure>\n<\/div>\n<\/div>\n\n\n\n<div class=\"wp-block-columns is-layout-flex wp-container-core-columns-is-layout-9d6595d7 wp-block-columns-is-layout-flex\">\n<div class=\"wp-block-column is-layout-flow wp-block-column-is-layout-flow\">\n<figure class=\"wp-block-image size-full\"><img decoding=\"async\" width=\"2048\" height=\"2048\" src=\"https:\/\/www.yishengpack.com\/wp-content\/uploads\/2025\/10\/Premium-Custom-Paper-Bags-with-Handle-Wholesale-Folding-Gift-Bag-for-Celebration-4.webp\" alt=\"bolsas de papel de regalo personalizadas con asa plegable premium-4\" class=\"wp-image-2402\" srcset=\"https:\/\/www.yishengpack.com\/wp-content\/uploads\/2025\/10\/Premium-Custom-Paper-Bags-with-Handle-Wholesale-Folding-Gift-Bag-for-Celebration-4.webp 2048w, https:\/\/www.yishengpack.com\/wp-content\/uploads\/2025\/10\/Premium-Custom-Paper-Bags-with-Handle-Wholesale-Folding-Gift-Bag-for-Celebration-4-300x300.webp 300w, https:\/\/www.yishengpack.com\/wp-content\/uploads\/2025\/10\/Premium-Custom-Paper-Bags-with-Handle-Wholesale-Folding-Gift-Bag-for-Celebration-4-150x150.webp 150w, https:\/\/www.yishengpack.com\/wp-content\/uploads\/2025\/10\/Premium-Custom-Paper-Bags-with-Handle-Wholesale-Folding-Gift-Bag-for-Celebration-4-768x768.webp 768w, https:\/\/www.yishengpack.com\/wp-content\/uploads\/2025\/10\/Premium-Custom-Paper-Bags-with-Handle-Wholesale-Folding-Gift-Bag-for-Celebration-4-12x12.webp 12w, https:\/\/www.yishengpack.com\/wp-content\/uploads\/2025\/10\/Premium-Custom-Paper-Bags-with-Handle-Wholesale-Folding-Gift-Bag-for-Celebration-4-1200x1200.webp 1200w, https:\/\/www.yishengpack.com\/wp-content\/uploads\/2025\/10\/Premium-Custom-Paper-Bags-with-Handle-Wholesale-Folding-Gift-Bag-for-Celebration-4-600x600.webp 600w, https:\/\/www.yishengpack.com\/wp-content\/uploads\/2025\/10\/Premium-Custom-Paper-Bags-with-Handle-Wholesale-Folding-Gift-Bag-for-Celebration-4-100x100.webp 100w\" sizes=\"(max-width: 2048px) 100vw, 2048px\" \/><\/figure>\n\n\n\n<div class=\"wp-block-buttons has-custom-font-size has-small-font-size is-content-justification-center is-layout-flex wp-container-core-buttons-is-layout-16018d1d wp-block-buttons-is-layout-flex\">\n<div class=\"wp-block-button has-custom-width wp-block-button__width-75\"><a class=\"wp-block-button__link has-background has-small-font-size has-custom-font-size wp-element-button\" href=\"https:\/\/www.yishengpack.com\/es\/custom-printed-box\/\" style=\"background:linear-gradient(135deg,rgb(254,205,165) 0%,rgb(254,45,45) 0%,rgb(94,15,15) 0%,rgb(94,15,15) 100%)\" target=\"_blank\" rel=\"noreferrer noopener\"><strong>Explorar las cajas impresas personalizadas<\/strong><\/a><\/div>\n<\/div>\n<\/div>\n\n\n\n<div class=\"wp-block-column is-layout-flow wp-block-column-is-layout-flow\">\n<figure class=\"wp-block-image size-full\"><img decoding=\"async\" width=\"2048\" height=\"2048\" src=\"https:\/\/www.yishengpack.com\/wp-content\/uploads\/2025\/10\/Premium-Custom-Paper-Bags-with-Handle-Wholesale-Folding-Gift-Bag-for-Celebration-6.webp\" alt=\"bolsas de papel de regalo personalizadas con asa plegable premium-6\" class=\"wp-image-2404\" srcset=\"https:\/\/www.yishengpack.com\/wp-content\/uploads\/2025\/10\/Premium-Custom-Paper-Bags-with-Handle-Wholesale-Folding-Gift-Bag-for-Celebration-6.webp 2048w, https:\/\/www.yishengpack.com\/wp-content\/uploads\/2025\/10\/Premium-Custom-Paper-Bags-with-Handle-Wholesale-Folding-Gift-Bag-for-Celebration-6-300x300.webp 300w, https:\/\/www.yishengpack.com\/wp-content\/uploads\/2025\/10\/Premium-Custom-Paper-Bags-with-Handle-Wholesale-Folding-Gift-Bag-for-Celebration-6-150x150.webp 150w, https:\/\/www.yishengpack.com\/wp-content\/uploads\/2025\/10\/Premium-Custom-Paper-Bags-with-Handle-Wholesale-Folding-Gift-Bag-for-Celebration-6-768x768.webp 768w, https:\/\/www.yishengpack.com\/wp-content\/uploads\/2025\/10\/Premium-Custom-Paper-Bags-with-Handle-Wholesale-Folding-Gift-Bag-for-Celebration-6-12x12.webp 12w, https:\/\/www.yishengpack.com\/wp-content\/uploads\/2025\/10\/Premium-Custom-Paper-Bags-with-Handle-Wholesale-Folding-Gift-Bag-for-Celebration-6-1200x1200.webp 1200w, https:\/\/www.yishengpack.com\/wp-content\/uploads\/2025\/10\/Premium-Custom-Paper-Bags-with-Handle-Wholesale-Folding-Gift-Bag-for-Celebration-6-600x600.webp 600w, https:\/\/www.yishengpack.com\/wp-content\/uploads\/2025\/10\/Premium-Custom-Paper-Bags-with-Handle-Wholesale-Folding-Gift-Bag-for-Celebration-6-100x100.webp 100w\" sizes=\"(max-width: 2048px) 100vw, 2048px\" \/><\/figure>\n\n\n\n<div class=\"wp-block-buttons is-content-justification-center is-layout-flex wp-container-core-buttons-is-layout-16018d1d wp-block-buttons-is-layout-flex\">\n<div class=\"wp-block-button has-custom-width wp-block-button__width-75\"><a class=\"wp-block-button__link has-background has-small-font-size has-custom-font-size wp-element-button\" href=\"https:\/\/www.yishengpack.com\/es\/custom-product-boxes-types\/\" style=\"background:linear-gradient(135deg,rgb(254,205,165) 0%,rgb(254,45,45) 0%,rgb(94,15,15) 0%)\" target=\"_blank\" rel=\"noreferrer noopener\"><strong>Explorar Custom H<\/strong>andle Estilos<\/a><\/div>\n<\/div>\n<\/div>\n<\/div>","protected":false},"excerpt":{"rendered":"<p>\u00a1Bienvenido a comprar nuestras bolsas de papel de regalo personalizadas con asas! Esta bolsa de papel de regalo personalizada de alta gama est\u00e1 hecha de papel de alta calidad y ofrece una variedad de opciones de asas, combinando est\u00e9tica y practicidad. Plegable para facilitar su almacenamiento y transporte, admite la personalizaci\u00f3n del logotipo y el patr\u00f3n, adecuada para regalos navide\u00f1os, eventos de marca y venta al por mayor de envases de primera calidad.<\/p>\n<h2>Aspectos destacados de las bolsas de papel de regalo personalizadas<\/h2>\n<ul>\n<li>Personalizaci\u00f3n total<\/li>\n<li>Materiales de alta calidad<\/li>\n<li>Impresi\u00f3n sofisticada<\/li>\n<li>M\u00faltiples tipos de bolsas<\/li>\n<li>Artesan\u00eda meticulosa<\/li>\n<li>Varios estilos de asas<\/li>\n<li>Inserciones personalizadas<\/li>\n<\/ul>","protected":false},"featured_media":2399,"comment_status":"closed","ping_status":"closed","template":"","meta":{"_acf_changed":false},"box-type":[49,52,50],"product_brand":[],"product_cat":[34,70,38,37],"product_tag":[],"class_list":{"0":"post-2398","1":"product","2":"type-product","3":"status-publish","4":"has-post-thumbnail","6":"box-type-custom-die-cut-paper-bag","7":"box-type-custom-rope-handle-paper-bags","8":"box-type-custom-twisted-handle-paper-bags","9":"product_cat-paper-bags-wholesale","10":"product_cat-custom-clothing-bags","11":"product_cat-bakery-paper-bags-wholesale","12":"product_cat-paper-gift-bags-bulk","14":"first","15":"instock","16":"shipping-taxable","17":"product-type-simple"},"acf":[],"_links":{"self":[{"href":"https:\/\/www.yishengpack.com\/es\/wp-json\/wp\/v2\/product\/2398","targetHints":{"allow":["GET"]}}],"collection":[{"href":"https:\/\/www.yishengpack.com\/es\/wp-json\/wp\/v2\/product"}],"about":[{"href":"https:\/\/www.yishengpack.com\/es\/wp-json\/wp\/v2\/types\/product"}],"replies":[{"embeddable":true,"href":"https:\/\/www.yishengpack.com\/es\/wp-json\/wp\/v2\/comments?post=2398"}],"wp:featuredmedia":[{"embeddable":true,"href":"https:\/\/www.yishengpack.com\/es\/wp-json\/wp\/v2\/media\/2399"}],"wp:attachment":[{"href":"https:\/\/www.yishengpack.com\/es\/wp-json\/wp\/v2\/media?parent=2398"}],"wp:term":[{"taxonomy":"box-type","embeddable":true,"href":"https:\/\/www.yishengpack.com\/es\/wp-json\/wp\/v2\/box-type?post=2398"},{"taxonomy":"product_brand","embeddable":true,"href":"https:\/\/www.yishengpack.com\/es\/wp-json\/wp\/v2\/product_brand?post=2398"},{"taxonomy":"product_cat","embeddable":true,"href":"https:\/\/www.yishengpack.com\/es\/wp-json\/wp\/v2\/product_cat?post=2398"},{"taxonomy":"product_tag","embeddable":true,"href":"https:\/\/www.yishengpack.com\/es\/wp-json\/wp\/v2\/product_tag?post=2398"}],"curies":[{"name":"wp","href":"https:\/\/api.w.org\/{rel}","templated":true}]}}